{"id":30953,"date":"2024-04-19T13:33:27","date_gmt":"2024-04-19T11:33:27","guid":{"rendered":"https:\/\/penosil.com\/et\/?post_type=product&#038;p=30953"},"modified":"2026-02-09T10:46:38","modified_gmt":"2026-02-09T08:46:38","slug":"fast-foam-adhesive-888-mitmeotstarbeline-liimvaht","status":"publish","type":"product","link":"https:\/\/penosil.com\/et\/toode\/fast-foam-adhesive-888-mitmeotstarbeline-liimvaht\/","title":{"rendered":"Fast Foam Adhesive 888"},"content":{"rendered":"<p>Penosil Fast Foam Adhesive 888 on mitmeotstarbeline liimvaht eriti kiire ja tugeva nakkega. Sobib v\u00e4lis- ja siset\u00f6\u00f6deks. Nakkub h\u00e4sti enamlevinud ehitusmaterjalidega nagu puit, betoon, kivi, krohv jne.<\/p>\n","protected":false},"excerpt":{"rendered":"Mitmeotstarbeline liimvaht","protected":false},"author":6,"featured_media":35015,"template":"","meta":{"_acf_changed":false,"advgb_blocks_editor_width":"","advgb_blocks_columns_visual_guide":"","footnotes":""},"product_brand":[],"product_cat":[1442,1358,227,225],"product_tag":[],"class_list":{"0":"post-30953","1":"product","2":"type-product","3":"status-publish","4":"has-post-thumbnail","6":"product_cat-liimvahud","7":"product_cat-tootekategooriad","8":"product_cat-liimid","9":"product_cat-liimimine","11":"first","12":"instock","13":"taxable","14":"shipping-taxable","15":"purchasable","16":"product-type-simple"},"acf":[],"yoast_head":"<!-- This site is optimized with the Yoast SEO plugin v27.2 - https:\/\/yoast.com\/product\/yoast-seo-wordpress\/ -->\n<title>PENOSIL Fast Foam Adhesive 888 eriti kiire ja tugev \u00fchendus.<\/title>\n<meta name=\"description\" content=\"PENOSIL Fast Foam Adhesive 888 on mitmeotstarbeline liimvaht, millel on eriti kiire ja tugev \u00fchendus. Sobib v\u00e4lis- ja siset\u00f6\u00f6deks. Loe lisa!\" \/>\n<meta name=\"robots\" content=\"index, follow, max-snippet:-1, max-image-preview:large, max-video-preview:-1\" \/>\n<link rel=\"canonical\" href=\"https:\/\/penosil.com\/et\/toode\/fast-foam-adhesive-888-mitmeotstarbeline-liimvaht\/\" \/>\n<meta property=\"og:locale\" content=\"et_EE\" \/>\n<meta property=\"og:type\" content=\"article\" \/>\n<meta property=\"og:title\" content=\"PENOSIL Fast Foam Adhesive 888 eriti kiire ja tugev \u00fchendus.\" \/>\n<meta property=\"og:description\" content=\"PENOSIL Fast Foam Adhesive 888 on mitmeotstarbeline liimvaht, millel on eriti kiire ja tugev \u00fchendus. Sobib v\u00e4lis- ja siset\u00f6\u00f6deks. Loe lisa!\" \/>\n<meta property=\"og:url\" content=\"https:\/\/penosil.com\/et\/toode\/fast-foam-adhesive-888-mitmeotstarbeline-liimvaht\/\" \/>\n<meta property=\"og:site_name\" content=\"Penosil Estonia\" \/>\n<meta property=\"article:modified_time\" content=\"2026-02-09T08:46:38+00:00\" \/>\n<meta property=\"og:image\" content=\"https:\/\/penosil.com\/et\/wp-content\/uploads\/sites\/32\/2025\/09\/888_Fast-Foam-Adhesive-888_1.png\" \/>\n\t<meta property=\"og:image:width\" content=\"523\" \/>\n\t<meta property=\"og:image:height\" content=\"1080\" \/>\n\t<meta property=\"og:image:type\" content=\"image\/png\" \/>\n<meta name=\"twitter:card\" content=\"summary_large_image\" \/>\n<script type=\"application\/ld+json\" class=\"yoast-schema-graph\">{\"@context\":\"https:\/\/schema.org\",\"@graph\":[{\"@type\":\"WebPage\",\"@id\":\"https:\/\/penosil.com\/et\/toode\/fast-foam-adhesive-888-mitmeotstarbeline-liimvaht\/\",\"url\":\"https:\/\/penosil.com\/et\/toode\/fast-foam-adhesive-888-mitmeotstarbeline-liimvaht\/\",\"name\":\"PENOSIL Fast Foam Adhesive 888 eriti kiire ja tugev \u00fchendus.\",\"isPartOf\":{\"@id\":\"https:\/\/penosil.com\/et\/#website\"},\"primaryImageOfPage\":{\"@id\":\"https:\/\/penosil.com\/et\/toode\/fast-foam-adhesive-888-mitmeotstarbeline-liimvaht\/#primaryimage\"},\"image\":{\"@id\":\"https:\/\/penosil.com\/et\/toode\/fast-foam-adhesive-888-mitmeotstarbeline-liimvaht\/#primaryimage\"},\"thumbnailUrl\":\"https:\/\/penosil.com\/et\/wp-content\/uploads\/sites\/32\/2025\/09\/888_Fast-Foam-Adhesive-888_1.png\",\"datePublished\":\"2024-04-19T11:33:27+00:00\",\"dateModified\":\"2026-02-09T08:46:38+00:00\",\"description\":\"PENOSIL Fast Foam Adhesive 888 on mitmeotstarbeline liimvaht, millel on eriti kiire ja tugev \u00fchendus. Sobib v\u00e4lis- ja siset\u00f6\u00f6deks. Loe lisa!\",\"breadcrumb\":{\"@id\":\"https:\/\/penosil.com\/et\/toode\/fast-foam-adhesive-888-mitmeotstarbeline-liimvaht\/#breadcrumb\"},\"inLanguage\":\"et\",\"potentialAction\":[{\"@type\":\"ReadAction\",\"target\":[\"https:\/\/penosil.com\/et\/toode\/fast-foam-adhesive-888-mitmeotstarbeline-liimvaht\/\"]}]},{\"@type\":\"ImageObject\",\"inLanguage\":\"et\",\"@id\":\"https:\/\/penosil.com\/et\/toode\/fast-foam-adhesive-888-mitmeotstarbeline-liimvaht\/#primaryimage\",\"url\":\"https:\/\/penosil.com\/et\/wp-content\/uploads\/sites\/32\/2025\/09\/888_Fast-Foam-Adhesive-888_1.png\",\"contentUrl\":\"https:\/\/penosil.com\/et\/wp-content\/uploads\/sites\/32\/2025\/09\/888_Fast-Foam-Adhesive-888_1.png\",\"width\":523,\"height\":1080,\"caption\":\"Penosil Fast Foam Adhesive 888 on mitmeotstarbeline liimvaht eriti kiire ja tugeva nakkega.\"},{\"@type\":\"BreadcrumbList\",\"@id\":\"https:\/\/penosil.com\/et\/toode\/fast-foam-adhesive-888-mitmeotstarbeline-liimvaht\/#breadcrumb\",\"itemListElement\":[{\"@type\":\"ListItem\",\"position\":1,\"name\":\"Home\",\"item\":\"https:\/\/penosil.com\/et\/\"},{\"@type\":\"ListItem\",\"position\":2,\"name\":\"Tooted\",\"item\":\"https:\/\/penosil.com\/et\/tooted\/\"},{\"@type\":\"ListItem\",\"position\":3,\"name\":\"Fast Foam Adhesive 888\"}]},{\"@type\":\"WebSite\",\"@id\":\"https:\/\/penosil.com\/et\/#website\",\"url\":\"https:\/\/penosil.com\/et\/\",\"name\":\"Penosil Estonia\",\"description\":\"\",\"potentialAction\":[{\"@type\":\"SearchAction\",\"target\":{\"@type\":\"EntryPoint\",\"urlTemplate\":\"https:\/\/penosil.com\/et\/?s={search_term_string}\"},\"query-input\":{\"@type\":\"PropertyValueSpecification\",\"valueRequired\":true,\"valueName\":\"search_term_string\"}}],\"inLanguage\":\"et\"}]}<\/script>\n<!-- \/ Yoast SEO plugin. -->","yoast_head_json":{"title":"PENOSIL Fast Foam Adhesive 888 eriti kiire ja tugev \u00fchendus.","description":"PENOSIL Fast Foam Adhesive 888 on mitmeotstarbeline liimvaht, millel on eriti kiire ja tugev \u00fchendus. Sobib v\u00e4lis- ja siset\u00f6\u00f6deks. Loe lisa!","robots":{"index":"index","follow":"follow","max-snippet":"max-snippet:-1","max-image-preview":"max-image-preview:large","max-video-preview":"max-video-preview:-1"},"canonical":"https:\/\/penosil.com\/et\/toode\/fast-foam-adhesive-888-mitmeotstarbeline-liimvaht\/","og_locale":"et_EE","og_type":"article","og_title":"PENOSIL Fast Foam Adhesive 888 eriti kiire ja tugev \u00fchendus.","og_description":"PENOSIL Fast Foam Adhesive 888 on mitmeotstarbeline liimvaht, millel on eriti kiire ja tugev \u00fchendus. Sobib v\u00e4lis- ja siset\u00f6\u00f6deks. Loe lisa!","og_url":"https:\/\/penosil.com\/et\/toode\/fast-foam-adhesive-888-mitmeotstarbeline-liimvaht\/","og_site_name":"Penosil Estonia","article_modified_time":"2026-02-09T08:46:38+00:00","og_image":[{"width":523,"height":1080,"url":"https:\/\/penosil.com\/et\/wp-content\/uploads\/sites\/32\/2025\/09\/888_Fast-Foam-Adhesive-888_1.png","type":"image\/png"}],"twitter_card":"summary_large_image","schema":{"@context":"https:\/\/schema.org","@graph":[{"@type":"WebPage","@id":"https:\/\/penosil.com\/et\/toode\/fast-foam-adhesive-888-mitmeotstarbeline-liimvaht\/","url":"https:\/\/penosil.com\/et\/toode\/fast-foam-adhesive-888-mitmeotstarbeline-liimvaht\/","name":"PENOSIL Fast Foam Adhesive 888 eriti kiire ja tugev \u00fchendus.","isPartOf":{"@id":"https:\/\/penosil.com\/et\/#website"},"primaryImageOfPage":{"@id":"https:\/\/penosil.com\/et\/toode\/fast-foam-adhesive-888-mitmeotstarbeline-liimvaht\/#primaryimage"},"image":{"@id":"https:\/\/penosil.com\/et\/toode\/fast-foam-adhesive-888-mitmeotstarbeline-liimvaht\/#primaryimage"},"thumbnailUrl":"https:\/\/penosil.com\/et\/wp-content\/uploads\/sites\/32\/2025\/09\/888_Fast-Foam-Adhesive-888_1.png","datePublished":"2024-04-19T11:33:27+00:00","dateModified":"2026-02-09T08:46:38+00:00","description":"PENOSIL Fast Foam Adhesive 888 on mitmeotstarbeline liimvaht, millel on eriti kiire ja tugev \u00fchendus. Sobib v\u00e4lis- ja siset\u00f6\u00f6deks. Loe lisa!","breadcrumb":{"@id":"https:\/\/penosil.com\/et\/toode\/fast-foam-adhesive-888-mitmeotstarbeline-liimvaht\/#breadcrumb"},"inLanguage":"et","potentialAction":[{"@type":"ReadAction","target":["https:\/\/penosil.com\/et\/toode\/fast-foam-adhesive-888-mitmeotstarbeline-liimvaht\/"]}]},{"@type":"ImageObject","inLanguage":"et","@id":"https:\/\/penosil.com\/et\/toode\/fast-foam-adhesive-888-mitmeotstarbeline-liimvaht\/#primaryimage","url":"https:\/\/penosil.com\/et\/wp-content\/uploads\/sites\/32\/2025\/09\/888_Fast-Foam-Adhesive-888_1.png","contentUrl":"https:\/\/penosil.com\/et\/wp-content\/uploads\/sites\/32\/2025\/09\/888_Fast-Foam-Adhesive-888_1.png","width":523,"height":1080,"caption":"Penosil Fast Foam Adhesive 888 on mitmeotstarbeline liimvaht eriti kiire ja tugeva nakkega."},{"@type":"BreadcrumbList","@id":"https:\/\/penosil.com\/et\/toode\/fast-foam-adhesive-888-mitmeotstarbeline-liimvaht\/#breadcrumb","itemListElement":[{"@type":"ListItem","position":1,"name":"Home","item":"https:\/\/penosil.com\/et\/"},{"@type":"ListItem","position":2,"name":"Tooted","item":"https:\/\/penosil.com\/et\/tooted\/"},{"@type":"ListItem","position":3,"name":"Fast Foam Adhesive 888"}]},{"@type":"WebSite","@id":"https:\/\/penosil.com\/et\/#website","url":"https:\/\/penosil.com\/et\/","name":"Penosil Estonia","description":"","potentialAction":[{"@type":"SearchAction","target":{"@type":"EntryPoint","urlTemplate":"https:\/\/penosil.com\/et\/?s={search_term_string}"},"query-input":{"@type":"PropertyValueSpecification","valueRequired":true,"valueName":"search_term_string"}}],"inLanguage":"et"}]}},"featured_img":"https:\/\/penosil.com\/et\/wp-content\/uploads\/sites\/32\/2025\/09\/888_Fast-Foam-Adhesive-888_1.png","coauthors":[],"author_meta":{"author_link":"https:\/\/penosil.com\/et\/author\/anne\/","display_name":"Anne Lulla"},"relative_dates":{"created":"Posted 2 aastat ago","modified":"Updated 2 kuud ago"},"absolute_dates":{"created":"Posted on 19. apr. 2024","modified":"Updated on 9. veebr. 2026"},"absolute_dates_time":{"created":"Posted on 19. apr. 2024 01:33","modified":"Updated on 9. veebr. 2026 10:46"},"featured_img_caption":"","tax_additional":{"product_brand":{"linked":[],"unlinked":[],"slug":"product_brand","name":"Br\u00e4ndid"},"product_type":{"linked":["<a href=\"https:\/\/penosil.com\/et\/?taxonomy=product_type&#038;term=simple\" class=\"advgb-post-tax-term\">simple<\/a>"],"unlinked":["<span class=\"advgb-post-tax-term\">simple<\/span>"],"slug":"product_type","name":"Product type"},"product_visibility":{"linked":[],"unlinked":[],"slug":"product_visibility","name":"Product visibility"},"product_cat":{"linked":["<a href=\"https:\/\/penosil.com\/et\/tooted\/tootekategooriad\/liimid\/liimvahud\/\" class=\"advgb-post-tax-term\">Liimvahud<\/a>","<a href=\"https:\/\/penosil.com\/et\/tooted\/tootekategooriad\/\" class=\"advgb-post-tax-term\">Tootekategooriad<\/a>","<a href=\"https:\/\/penosil.com\/et\/tooted\/tootekategooriad\/liimid\/\" class=\"advgb-post-tax-term\">Liimid<\/a>","<a href=\"https:\/\/penosil.com\/et\/tooted\/kasutusalad\/liimimine\/\" class=\"advgb-post-tax-term\">Liimimine<\/a>"],"unlinked":["<span class=\"advgb-post-tax-term\">Liimvahud<\/span>","<span class=\"advgb-post-tax-term\">Tootekategooriad<\/span>","<span class=\"advgb-post-tax-term\">Liimid<\/span>","<span class=\"advgb-post-tax-term\">Liimimine<\/span>"],"slug":"product_cat","name":"Tootekategooriad"},"product_tag":{"linked":[],"unlinked":[],"slug":"product_tag","name":"Tootesildid"},"product_shipping_class":{"linked":[],"unlinked":[],"slug":"product_shipping_class","name":"Toote tarneklassid"},"pos_product_visibility":{"linked":[],"unlinked":[],"slug":"pos_product_visibility","name":"POS Product visibility"},"pa_color":{"linked":["<a href=\"https:\/\/penosil.com\/et\/?taxonomy=pa_color&#038;term=helesinine\" class=\"advgb-post-tax-term\">Helesinine<\/a>"],"unlinked":["<span class=\"advgb-post-tax-term\">Helesinine<\/span>"],"slug":"pa_color","name":"Product Colour"},"pa_diameter":{"linked":[],"unlinked":[],"slug":"pa_diameter","name":"Product Diameter"},"pa_package":{"linked":["<a href=\"https:\/\/penosil.com\/et\/?taxonomy=pa_package&#038;term=830-ml\" class=\"advgb-post-tax-term\">830 ml<\/a>"],"unlinked":["<span class=\"advgb-post-tax-term\">830 ml<\/span>"],"slug":"pa_package","name":"Product Package"},"pa_roll":{"linked":[],"unlinked":[],"slug":"pa_roll","name":"Product Roll"},"pa_widths":{"linked":[],"unlinked":[],"slug":"pa_widths","name":"Product Widths"},"translation_priority":{"linked":["<a href=\"https:\/\/penosil.com\/et\/?taxonomy=translation_priority&#038;term=optional-et\" class=\"advgb-post-tax-term\">Optional<\/a>"],"unlinked":["<span class=\"advgb-post-tax-term\">Optional<\/span>"],"slug":"translation_priority","name":"Translation Priorities"}},"series_order":"","_links":{"self":[{"href":"https:\/\/penosil.com\/et\/wp-json\/wp\/v2\/product\/30953","targetHints":{"allow":["GET"]}}],"collection":[{"href":"https:\/\/penosil.com\/et\/wp-json\/wp\/v2\/product"}],"about":[{"href":"https:\/\/penosil.com\/et\/wp-json\/wp\/v2\/types\/product"}],"version-history":[{"count":9,"href":"https:\/\/penosil.com\/et\/wp-json\/wp\/v2\/product\/30953\/revisions"}],"predecessor-version":[{"id":35509,"href":"https:\/\/penosil.com\/et\/wp-json\/wp\/v2\/product\/30953\/revisions\/35509"}],"wp:featuredmedia":[{"embeddable":true,"href":"https:\/\/penosil.com\/et\/wp-json\/wp\/v2\/media\/35015"}],"wp:attachment":[{"href":"https:\/\/penosil.com\/et\/wp-json\/wp\/v2\/media?parent=30953"}],"wp:term":[{"taxonomy":"product_brand","embeddable":true,"href":"https:\/\/penosil.com\/et\/wp-json\/wp\/v2\/product_brand?post=30953"},{"taxonomy":"product_cat","embeddable":true,"href":"https:\/\/penosil.com\/et\/wp-json\/wp\/v2\/product_cat?post=30953"},{"taxonomy":"product_tag","embeddable":true,"href":"https:\/\/penosil.com\/et\/wp-json\/wp\/v2\/product_tag?post=30953"}],"curies":[{"name":"wp","href":"https:\/\/api.w.org\/{rel}","templated":true}]}}