{"id":31835,"date":"2024-10-15T11:07:34","date_gmt":"2024-10-15T09:07:34","guid":{"rendered":"https:\/\/penosil.com\/et\/?post_type=product&#038;p=31835"},"modified":"2026-02-09T10:46:41","modified_gmt":"2026-02-09T08:46:41","slug":"floor-joint-hybrid-25hm-hubriidhermeetik-porandavuukidele","status":"publish","type":"product","link":"https:\/\/penosil.com\/et\/toode\/floor-joint-hybrid-25hm-hubriidhermeetik-porandavuukidele\/","title":{"rendered":"Floor Joint Hybrid 25HM"},"content":{"rendered":"<p>Penosil Floor Joint Hybrid 25HM suure elastsusmoduliga MS pol\u00fcmeeril p\u00f5hinev h\u00fcbriidhermeetik, mis on m\u00f5eldud suure liikuvusega \u00fchenduskohtade tihendamiseks erinevate pindade vahel. Moodustab kulumiskindla elastse \u00fchenduse, mis j\u00e4\u00e4b UV- ja ilmastikukindlaks.<\/p>\n","protected":false},"excerpt":{"rendered":"H\u00fcbriidhermeetik p\u00f5randavuukidele","protected":false},"author":6,"featured_media":34994,"template":"","meta":{"_acf_changed":false,"advgb_blocks_editor_width":"","advgb_blocks_columns_visual_guide":"","footnotes":""},"product_brand":[],"product_cat":[1358,1598,2590,759],"product_tag":[],"class_list":{"0":"post-31835","1":"product","2":"type-product","3":"status-publish","4":"has-post-thumbnail","6":"product_cat-tootekategooriad","7":"product_cat-hermeetikud","8":"product_cat-hubriidid","9":"product_cat-porand","11":"first","12":"outofstock","13":"taxable","14":"shipping-taxable","15":"purchasable","16":"product-type-simple"},"acf":[],"yoast_head":"<!-- This site is optimized with the Yoast SEO plugin v27.2 - https:\/\/yoast.com\/product\/yoast-seo-wordpress\/ -->\n<title>PENOSIL Floor Joint Hybrid 25HM h\u00fcbriidhermeetik<\/title>\n<meta name=\"description\" content=\"PENOSIL Floor Joint Hybrid 25HM on h\u00fcbriidhermeetik suure liikuvusega p\u00f5randavuukide t\u00e4itmiseks ja tihendamiseks. Loe lisa!\" \/>\n<meta name=\"robots\" content=\"index, follow, max-snippet:-1, max-image-preview:large, max-video-preview:-1\" \/>\n<link rel=\"canonical\" href=\"https:\/\/penosil.com\/et\/toode\/floor-joint-hybrid-25hm-hubriidhermeetik-porandavuukidele\/\" \/>\n<meta property=\"og:locale\" content=\"et_EE\" \/>\n<meta property=\"og:type\" content=\"article\" \/>\n<meta property=\"og:title\" content=\"PENOSIL Floor Joint Hybrid 25HM h\u00fcbriidhermeetik\" \/>\n<meta property=\"og:description\" content=\"PENOSIL Floor Joint Hybrid 25HM on h\u00fcbriidhermeetik suure liikuvusega p\u00f5randavuukide t\u00e4itmiseks ja tihendamiseks. Loe lisa!\" \/>\n<meta property=\"og:url\" content=\"https:\/\/penosil.com\/et\/toode\/floor-joint-hybrid-25hm-hubriidhermeetik-porandavuukidele\/\" \/>\n<meta property=\"og:site_name\" content=\"Penosil Estonia\" \/>\n<meta property=\"article:modified_time\" content=\"2026-02-09T08:46:41+00:00\" \/>\n<meta property=\"og:image\" content=\"https:\/\/penosil.com\/et\/wp-content\/uploads\/sites\/32\/2025\/09\/Floor_Foil_600ml_ENG_25HM_1.png\" \/>\n\t<meta property=\"og:image:width\" content=\"387\" \/>\n\t<meta property=\"og:image:height\" content=\"1080\" \/>\n\t<meta property=\"og:image:type\" content=\"image\/png\" \/>\n<meta name=\"twitter:card\" content=\"summary_large_image\" \/>\n<script type=\"application\/ld+json\" class=\"yoast-schema-graph\">{\"@context\":\"https:\/\/schema.org\",\"@graph\":[{\"@type\":\"WebPage\",\"@id\":\"https:\/\/penosil.com\/et\/toode\/floor-joint-hybrid-25hm-hubriidhermeetik-porandavuukidele\/\",\"url\":\"https:\/\/penosil.com\/et\/toode\/floor-joint-hybrid-25hm-hubriidhermeetik-porandavuukidele\/\",\"name\":\"PENOSIL Floor Joint Hybrid 25HM h\u00fcbriidhermeetik\",\"isPartOf\":{\"@id\":\"https:\/\/penosil.com\/et\/#website\"},\"primaryImageOfPage\":{\"@id\":\"https:\/\/penosil.com\/et\/toode\/floor-joint-hybrid-25hm-hubriidhermeetik-porandavuukidele\/#primaryimage\"},\"image\":{\"@id\":\"https:\/\/penosil.com\/et\/toode\/floor-joint-hybrid-25hm-hubriidhermeetik-porandavuukidele\/#primaryimage\"},\"thumbnailUrl\":\"https:\/\/penosil.com\/et\/wp-content\/uploads\/sites\/32\/2025\/09\/Floor_Foil_600ml_ENG_25HM_1.png\",\"datePublished\":\"2024-10-15T09:07:34+00:00\",\"dateModified\":\"2026-02-09T08:46:41+00:00\",\"description\":\"PENOSIL Floor Joint Hybrid 25HM on h\u00fcbriidhermeetik suure liikuvusega p\u00f5randavuukide t\u00e4itmiseks ja tihendamiseks. Loe lisa!\",\"breadcrumb\":{\"@id\":\"https:\/\/penosil.com\/et\/toode\/floor-joint-hybrid-25hm-hubriidhermeetik-porandavuukidele\/#breadcrumb\"},\"inLanguage\":\"et\",\"potentialAction\":[{\"@type\":\"ReadAction\",\"target\":[\"https:\/\/penosil.com\/et\/toode\/floor-joint-hybrid-25hm-hubriidhermeetik-porandavuukidele\/\"]}]},{\"@type\":\"ImageObject\",\"inLanguage\":\"et\",\"@id\":\"https:\/\/penosil.com\/et\/toode\/floor-joint-hybrid-25hm-hubriidhermeetik-porandavuukidele\/#primaryimage\",\"url\":\"https:\/\/penosil.com\/et\/wp-content\/uploads\/sites\/32\/2025\/09\/Floor_Foil_600ml_ENG_25HM_1.png\",\"contentUrl\":\"https:\/\/penosil.com\/et\/wp-content\/uploads\/sites\/32\/2025\/09\/Floor_Foil_600ml_ENG_25HM_1.png\",\"width\":387,\"height\":1080,\"caption\":\"PENOSIL Floor Joint Hybrid 25HM H\u00fcbriidhermeetik p\u00f5randavuukidele\"},{\"@type\":\"BreadcrumbList\",\"@id\":\"https:\/\/penosil.com\/et\/toode\/floor-joint-hybrid-25hm-hubriidhermeetik-porandavuukidele\/#breadcrumb\",\"itemListElement\":[{\"@type\":\"ListItem\",\"position\":1,\"name\":\"Home\",\"item\":\"https:\/\/penosil.com\/et\/\"},{\"@type\":\"ListItem\",\"position\":2,\"name\":\"Tooted\",\"item\":\"https:\/\/penosil.com\/et\/tooted\/\"},{\"@type\":\"ListItem\",\"position\":3,\"name\":\"Floor Joint Hybrid 25HM\"}]},{\"@type\":\"WebSite\",\"@id\":\"https:\/\/penosil.com\/et\/#website\",\"url\":\"https:\/\/penosil.com\/et\/\",\"name\":\"Penosil Estonia\",\"description\":\"\",\"potentialAction\":[{\"@type\":\"SearchAction\",\"target\":{\"@type\":\"EntryPoint\",\"urlTemplate\":\"https:\/\/penosil.com\/et\/?s={search_term_string}\"},\"query-input\":{\"@type\":\"PropertyValueSpecification\",\"valueRequired\":true,\"valueName\":\"search_term_string\"}}],\"inLanguage\":\"et\"}]}<\/script>\n<!-- \/ Yoast SEO plugin. -->","yoast_head_json":{"title":"PENOSIL Floor Joint Hybrid 25HM h\u00fcbriidhermeetik","description":"PENOSIL Floor Joint Hybrid 25HM on h\u00fcbriidhermeetik suure liikuvusega p\u00f5randavuukide t\u00e4itmiseks ja tihendamiseks. Loe lisa!","robots":{"index":"index","follow":"follow","max-snippet":"max-snippet:-1","max-image-preview":"max-image-preview:large","max-video-preview":"max-video-preview:-1"},"canonical":"https:\/\/penosil.com\/et\/toode\/floor-joint-hybrid-25hm-hubriidhermeetik-porandavuukidele\/","og_locale":"et_EE","og_type":"article","og_title":"PENOSIL Floor Joint Hybrid 25HM h\u00fcbriidhermeetik","og_description":"PENOSIL Floor Joint Hybrid 25HM on h\u00fcbriidhermeetik suure liikuvusega p\u00f5randavuukide t\u00e4itmiseks ja tihendamiseks. Loe lisa!","og_url":"https:\/\/penosil.com\/et\/toode\/floor-joint-hybrid-25hm-hubriidhermeetik-porandavuukidele\/","og_site_name":"Penosil Estonia","article_modified_time":"2026-02-09T08:46:41+00:00","og_image":[{"width":387,"height":1080,"url":"https:\/\/penosil.com\/et\/wp-content\/uploads\/sites\/32\/2025\/09\/Floor_Foil_600ml_ENG_25HM_1.png","type":"image\/png"}],"twitter_card":"summary_large_image","schema":{"@context":"https:\/\/schema.org","@graph":[{"@type":"WebPage","@id":"https:\/\/penosil.com\/et\/toode\/floor-joint-hybrid-25hm-hubriidhermeetik-porandavuukidele\/","url":"https:\/\/penosil.com\/et\/toode\/floor-joint-hybrid-25hm-hubriidhermeetik-porandavuukidele\/","name":"PENOSIL Floor Joint Hybrid 25HM h\u00fcbriidhermeetik","isPartOf":{"@id":"https:\/\/penosil.com\/et\/#website"},"primaryImageOfPage":{"@id":"https:\/\/penosil.com\/et\/toode\/floor-joint-hybrid-25hm-hubriidhermeetik-porandavuukidele\/#primaryimage"},"image":{"@id":"https:\/\/penosil.com\/et\/toode\/floor-joint-hybrid-25hm-hubriidhermeetik-porandavuukidele\/#primaryimage"},"thumbnailUrl":"https:\/\/penosil.com\/et\/wp-content\/uploads\/sites\/32\/2025\/09\/Floor_Foil_600ml_ENG_25HM_1.png","datePublished":"2024-10-15T09:07:34+00:00","dateModified":"2026-02-09T08:46:41+00:00","description":"PENOSIL Floor Joint Hybrid 25HM on h\u00fcbriidhermeetik suure liikuvusega p\u00f5randavuukide t\u00e4itmiseks ja tihendamiseks. Loe lisa!","breadcrumb":{"@id":"https:\/\/penosil.com\/et\/toode\/floor-joint-hybrid-25hm-hubriidhermeetik-porandavuukidele\/#breadcrumb"},"inLanguage":"et","potentialAction":[{"@type":"ReadAction","target":["https:\/\/penosil.com\/et\/toode\/floor-joint-hybrid-25hm-hubriidhermeetik-porandavuukidele\/"]}]},{"@type":"ImageObject","inLanguage":"et","@id":"https:\/\/penosil.com\/et\/toode\/floor-joint-hybrid-25hm-hubriidhermeetik-porandavuukidele\/#primaryimage","url":"https:\/\/penosil.com\/et\/wp-content\/uploads\/sites\/32\/2025\/09\/Floor_Foil_600ml_ENG_25HM_1.png","contentUrl":"https:\/\/penosil.com\/et\/wp-content\/uploads\/sites\/32\/2025\/09\/Floor_Foil_600ml_ENG_25HM_1.png","width":387,"height":1080,"caption":"PENOSIL Floor Joint Hybrid 25HM H\u00fcbriidhermeetik p\u00f5randavuukidele"},{"@type":"BreadcrumbList","@id":"https:\/\/penosil.com\/et\/toode\/floor-joint-hybrid-25hm-hubriidhermeetik-porandavuukidele\/#breadcrumb","itemListElement":[{"@type":"ListItem","position":1,"name":"Home","item":"https:\/\/penosil.com\/et\/"},{"@type":"ListItem","position":2,"name":"Tooted","item":"https:\/\/penosil.com\/et\/tooted\/"},{"@type":"ListItem","position":3,"name":"Floor Joint Hybrid 25HM"}]},{"@type":"WebSite","@id":"https:\/\/penosil.com\/et\/#website","url":"https:\/\/penosil.com\/et\/","name":"Penosil Estonia","description":"","potentialAction":[{"@type":"SearchAction","target":{"@type":"EntryPoint","urlTemplate":"https:\/\/penosil.com\/et\/?s={search_term_string}"},"query-input":{"@type":"PropertyValueSpecification","valueRequired":true,"valueName":"search_term_string"}}],"inLanguage":"et"}]}},"featured_img":"https:\/\/penosil.com\/et\/wp-content\/uploads\/sites\/32\/2025\/09\/Floor_Foil_600ml_ENG_25HM_1.png","coauthors":[],"author_meta":{"author_link":"https:\/\/penosil.com\/et\/author\/anne\/","display_name":"Anne Lulla"},"relative_dates":{"created":"Posted 2 aastat ago","modified":"Updated 2 kuud ago"},"absolute_dates":{"created":"Posted on 15. okt. 2024","modified":"Updated on 9. veebr. 2026"},"absolute_dates_time":{"created":"Posted on 15. okt. 2024 11:07","modified":"Updated on 9. veebr. 2026 10:46"},"featured_img_caption":"","tax_additional":{"product_brand":{"linked":[],"unlinked":[],"slug":"product_brand","name":"Br\u00e4ndid"},"product_type":{"linked":["<a href=\"https:\/\/penosil.com\/et\/?taxonomy=product_type&#038;term=simple\" class=\"advgb-post-tax-term\">simple<\/a>"],"unlinked":["<span class=\"advgb-post-tax-term\">simple<\/span>"],"slug":"product_type","name":"Product type"},"product_visibility":{"linked":["<a href=\"https:\/\/penosil.com\/et\/en\/?taxonomy=product_visibility&#038;term=outofstock\" class=\"advgb-post-tax-term\">outofstock<\/a>"],"unlinked":["<span class=\"advgb-post-tax-term\">outofstock<\/span>"],"slug":"product_visibility","name":"Product visibility"},"product_cat":{"linked":["<a href=\"https:\/\/penosil.com\/et\/tooted\/tootekategooriad\/\" class=\"advgb-post-tax-term\">Tootekategooriad<\/a>","<a href=\"https:\/\/penosil.com\/et\/tooted\/tootekategooriad\/hermeetikud\/\" class=\"advgb-post-tax-term\">Hermeetikud ja mastiksid<\/a>","<a href=\"https:\/\/penosil.com\/et\/tooted\/tootekategooriad\/hermeetikud\/hubriidid\/\" class=\"advgb-post-tax-term\">H\u00fcbriidid<\/a>","<a href=\"https:\/\/penosil.com\/et\/tooted\/kasutusalad\/porand\/\" class=\"advgb-post-tax-term\">P\u00f5rand<\/a>"],"unlinked":["<span class=\"advgb-post-tax-term\">Tootekategooriad<\/span>","<span class=\"advgb-post-tax-term\">Hermeetikud ja mastiksid<\/span>","<span class=\"advgb-post-tax-term\">H\u00fcbriidid<\/span>","<span class=\"advgb-post-tax-term\">P\u00f5rand<\/span>"],"slug":"product_cat","name":"Tootekategooriad"},"product_tag":{"linked":[],"unlinked":[],"slug":"product_tag","name":"Tootesildid"},"product_shipping_class":{"linked":[],"unlinked":[],"slug":"product_shipping_class","name":"Toote tarneklassid"},"pos_product_visibility":{"linked":[],"unlinked":[],"slug":"pos_product_visibility","name":"POS Product visibility"},"pa_color":{"linked":["<a href=\"https:\/\/penosil.com\/et\/?taxonomy=pa_color&#038;term=grey-et\" class=\"advgb-post-tax-term\">Hall<\/a>"],"unlinked":["<span class=\"advgb-post-tax-term\">Hall<\/span>"],"slug":"pa_color","name":"Product Colour"},"pa_diameter":{"linked":[],"unlinked":[],"slug":"pa_diameter","name":"Product Diameter"},"pa_package":{"linked":["<a href=\"https:\/\/penosil.com\/et\/?taxonomy=pa_package&#038;term=600-ml-et\" class=\"advgb-post-tax-term\">600 ml<\/a>"],"unlinked":["<span class=\"advgb-post-tax-term\">600 ml<\/span>"],"slug":"pa_package","name":"Product Package"},"pa_roll":{"linked":[],"unlinked":[],"slug":"pa_roll","name":"Product Roll"},"pa_widths":{"linked":[],"unlinked":[],"slug":"pa_widths","name":"Product Widths"},"translation_priority":{"linked":["<a href=\"https:\/\/penosil.com\/et\/?taxonomy=translation_priority&#038;term=optional-et\" class=\"advgb-post-tax-term\">Optional<\/a>"],"unlinked":["<span class=\"advgb-post-tax-term\">Optional<\/span>"],"slug":"translation_priority","name":"Translation Priorities"}},"series_order":"","_links":{"self":[{"href":"https:\/\/penosil.com\/et\/wp-json\/wp\/v2\/product\/31835","targetHints":{"allow":["GET"]}}],"collection":[{"href":"https:\/\/penosil.com\/et\/wp-json\/wp\/v2\/product"}],"about":[{"href":"https:\/\/penosil.com\/et\/wp-json\/wp\/v2\/types\/product"}],"version-history":[{"count":3,"href":"https:\/\/penosil.com\/et\/wp-json\/wp\/v2\/product\/31835\/revisions"}],"predecessor-version":[{"id":35584,"href":"https:\/\/penosil.com\/et\/wp-json\/wp\/v2\/product\/31835\/revisions\/35584"}],"wp:featuredmedia":[{"embeddable":true,"href":"https:\/\/penosil.com\/et\/wp-json\/wp\/v2\/media\/34994"}],"wp:attachment":[{"href":"https:\/\/penosil.com\/et\/wp-json\/wp\/v2\/media?parent=31835"}],"wp:term":[{"taxonomy":"product_brand","embeddable":true,"href":"https:\/\/penosil.com\/et\/wp-json\/wp\/v2\/product_brand?post=31835"},{"taxonomy":"product_cat","embeddable":true,"href":"https:\/\/penosil.com\/et\/wp-json\/wp\/v2\/product_cat?post=31835"},{"taxonomy":"product_tag","embeddable":true,"href":"https:\/\/penosil.com\/et\/wp-json\/wp\/v2\/product_tag?post=31835"}],"curies":[{"name":"wp","href":"https:\/\/api.w.org\/{rel}","templated":true}]}}