{"id":32550,"date":"2024-12-09T16:06:31","date_gmt":"2024-12-09T14:06:31","guid":{"rendered":"https:\/\/penosil.com\/et\/?post_type=product&#038;p=32550"},"modified":"2026-04-12T02:04:44","modified_gmt":"2026-04-12T00:04:44","slug":"subfloor-adhesive-850-liimvaht-alusporandatele-ja-terrassidele","status":"publish","type":"product","link":"https:\/\/penosil.com\/et\/toode\/subfloor-adhesive-850-liimvaht-alusporandatele-ja-terrassidele\/","title":{"rendered":"Subfloor Adhesive 850"},"content":{"rendered":"<p>PENOSIL Subfloor Adhesive 850 liimvaht ehitusalusp\u00f5randate ja terrasside jaoks. Aastaringne liimvaht, mis p\u00e4rast pealekandmist muutub kiiresti tugevaks geeljaks liimiks. Sobib suurep\u00e4raselt puit-puidu kokkupanekuks.<\/p>\n","protected":false},"excerpt":{"rendered":"Liimvaht alusp\u00f5randatele ja terrassidele","protected":false},"author":6,"featured_media":35009,"template":"","meta":{"_acf_changed":false,"advgb_blocks_editor_width":"","advgb_blocks_columns_visual_guide":"","footnotes":""},"product_brand":[],"product_cat":[1442,1358,227,225],"product_tag":[],"class_list":{"0":"post-32550","1":"product","2":"type-product","3":"status-publish","4":"has-post-thumbnail","6":"product_cat-liimvahud","7":"product_cat-tootekategooriad","8":"product_cat-liimid","9":"product_cat-liimimine","11":"first","12":"instock","13":"taxable","14":"shipping-taxable","15":"purchasable","16":"product-type-simple"},"acf":[],"yoast_head":"<!-- This site is optimized with the Yoast SEO plugin v27.2 - https:\/\/yoast.com\/product\/yoast-seo-wordpress\/ -->\n<title>PENOSIL Subfloor Adhesive 850 liimvaht ehitusalusp\u00f5randatele.<\/title>\n<meta name=\"description\" content=\"PENOSIL Subfloor Adhesive 850 on liim alusp\u00f5randate ja terrasside jaoks. Aastaringne liimvaht, mis p\u00e4rast pealekandmist kondenseerub kiiresti tugevaks geeljaks liimiks.\" \/>\n<meta name=\"robots\" content=\"index, follow, max-snippet:-1, max-image-preview:large, max-video-preview:-1\" \/>\n<link rel=\"canonical\" href=\"https:\/\/penosil.com\/et\/toode\/subfloor-adhesive-850-liimvaht-alusporandatele-ja-terrassidele\/\" \/>\n<meta property=\"og:locale\" content=\"et_EE\" \/>\n<meta property=\"og:type\" content=\"article\" \/>\n<meta property=\"og:title\" content=\"PENOSIL Subfloor Adhesive 850 liimvaht ehitusalusp\u00f5randatele.\" \/>\n<meta property=\"og:description\" content=\"PENOSIL Subfloor Adhesive 850 on liim alusp\u00f5randate ja terrasside jaoks. Aastaringne liimvaht, mis p\u00e4rast pealekandmist kondenseerub kiiresti tugevaks geeljaks liimiks.\" \/>\n<meta property=\"og:url\" content=\"https:\/\/penosil.com\/et\/toode\/subfloor-adhesive-850-liimvaht-alusporandatele-ja-terrassidele\/\" \/>\n<meta property=\"og:site_name\" content=\"Penosil Estonia\" \/>\n<meta property=\"article:modified_time\" content=\"2026-04-12T00:04:44+00:00\" \/>\n<meta property=\"og:image\" content=\"https:\/\/penosil.com\/et\/wp-content\/uploads\/sites\/32\/2025\/09\/850_Subfloor-Adhesive_1.png\" \/>\n\t<meta property=\"og:image:width\" content=\"523\" \/>\n\t<meta property=\"og:image:height\" content=\"1080\" \/>\n\t<meta property=\"og:image:type\" content=\"image\/png\" \/>\n<meta name=\"twitter:card\" content=\"summary_large_image\" \/>\n<script type=\"application\/ld+json\" class=\"yoast-schema-graph\">{\"@context\":\"https:\/\/schema.org\",\"@graph\":[{\"@type\":\"WebPage\",\"@id\":\"https:\/\/penosil.com\/et\/toode\/subfloor-adhesive-850-liimvaht-alusporandatele-ja-terrassidele\/\",\"url\":\"https:\/\/penosil.com\/et\/toode\/subfloor-adhesive-850-liimvaht-alusporandatele-ja-terrassidele\/\",\"name\":\"PENOSIL Subfloor Adhesive 850 liimvaht ehitusalusp\u00f5randatele.\",\"isPartOf\":{\"@id\":\"https:\/\/penosil.com\/et\/#website\"},\"primaryImageOfPage\":{\"@id\":\"https:\/\/penosil.com\/et\/toode\/subfloor-adhesive-850-liimvaht-alusporandatele-ja-terrassidele\/#primaryimage\"},\"image\":{\"@id\":\"https:\/\/penosil.com\/et\/toode\/subfloor-adhesive-850-liimvaht-alusporandatele-ja-terrassidele\/#primaryimage\"},\"thumbnailUrl\":\"https:\/\/penosil.com\/et\/wp-content\/uploads\/sites\/32\/2025\/09\/850_Subfloor-Adhesive_1.png\",\"datePublished\":\"2024-12-09T14:06:31+00:00\",\"dateModified\":\"2026-04-12T00:04:44+00:00\",\"description\":\"PENOSIL Subfloor Adhesive 850 on liim alusp\u00f5randate ja terrasside jaoks. Aastaringne liimvaht, mis p\u00e4rast pealekandmist kondenseerub kiiresti tugevaks geeljaks liimiks.\",\"breadcrumb\":{\"@id\":\"https:\/\/penosil.com\/et\/toode\/subfloor-adhesive-850-liimvaht-alusporandatele-ja-terrassidele\/#breadcrumb\"},\"inLanguage\":\"et\",\"potentialAction\":[{\"@type\":\"ReadAction\",\"target\":[\"https:\/\/penosil.com\/et\/toode\/subfloor-adhesive-850-liimvaht-alusporandatele-ja-terrassidele\/\"]}]},{\"@type\":\"ImageObject\",\"inLanguage\":\"et\",\"@id\":\"https:\/\/penosil.com\/et\/toode\/subfloor-adhesive-850-liimvaht-alusporandatele-ja-terrassidele\/#primaryimage\",\"url\":\"https:\/\/penosil.com\/et\/wp-content\/uploads\/sites\/32\/2025\/09\/850_Subfloor-Adhesive_1.png\",\"contentUrl\":\"https:\/\/penosil.com\/et\/wp-content\/uploads\/sites\/32\/2025\/09\/850_Subfloor-Adhesive_1.png\",\"width\":523,\"height\":1080,\"caption\":\"PENOSIL Subfloor Adhesive 850 - Liimvaht alusp\u00f5randatele ja terrassidele\"},{\"@type\":\"BreadcrumbList\",\"@id\":\"https:\/\/penosil.com\/et\/toode\/subfloor-adhesive-850-liimvaht-alusporandatele-ja-terrassidele\/#breadcrumb\",\"itemListElement\":[{\"@type\":\"ListItem\",\"position\":1,\"name\":\"Home\",\"item\":\"https:\/\/penosil.com\/et\/\"},{\"@type\":\"ListItem\",\"position\":2,\"name\":\"Tooted\",\"item\":\"https:\/\/penosil.com\/et\/tooted\/\"},{\"@type\":\"ListItem\",\"position\":3,\"name\":\"Subfloor Adhesive 850\"}]},{\"@type\":\"WebSite\",\"@id\":\"https:\/\/penosil.com\/et\/#website\",\"url\":\"https:\/\/penosil.com\/et\/\",\"name\":\"Penosil Estonia\",\"description\":\"\",\"potentialAction\":[{\"@type\":\"SearchAction\",\"target\":{\"@type\":\"EntryPoint\",\"urlTemplate\":\"https:\/\/penosil.com\/et\/?s={search_term_string}\"},\"query-input\":{\"@type\":\"PropertyValueSpecification\",\"valueRequired\":true,\"valueName\":\"search_term_string\"}}],\"inLanguage\":\"et\"}]}<\/script>\n<!-- \/ Yoast SEO plugin. -->","yoast_head_json":{"title":"PENOSIL Subfloor Adhesive 850 liimvaht ehitusalusp\u00f5randatele.","description":"PENOSIL Subfloor Adhesive 850 on liim alusp\u00f5randate ja terrasside jaoks. Aastaringne liimvaht, mis p\u00e4rast pealekandmist kondenseerub kiiresti tugevaks geeljaks liimiks.","robots":{"index":"index","follow":"follow","max-snippet":"max-snippet:-1","max-image-preview":"max-image-preview:large","max-video-preview":"max-video-preview:-1"},"canonical":"https:\/\/penosil.com\/et\/toode\/subfloor-adhesive-850-liimvaht-alusporandatele-ja-terrassidele\/","og_locale":"et_EE","og_type":"article","og_title":"PENOSIL Subfloor Adhesive 850 liimvaht ehitusalusp\u00f5randatele.","og_description":"PENOSIL Subfloor Adhesive 850 on liim alusp\u00f5randate ja terrasside jaoks. Aastaringne liimvaht, mis p\u00e4rast pealekandmist kondenseerub kiiresti tugevaks geeljaks liimiks.","og_url":"https:\/\/penosil.com\/et\/toode\/subfloor-adhesive-850-liimvaht-alusporandatele-ja-terrassidele\/","og_site_name":"Penosil Estonia","article_modified_time":"2026-04-12T00:04:44+00:00","og_image":[{"width":523,"height":1080,"url":"https:\/\/penosil.com\/et\/wp-content\/uploads\/sites\/32\/2025\/09\/850_Subfloor-Adhesive_1.png","type":"image\/png"}],"twitter_card":"summary_large_image","schema":{"@context":"https:\/\/schema.org","@graph":[{"@type":"WebPage","@id":"https:\/\/penosil.com\/et\/toode\/subfloor-adhesive-850-liimvaht-alusporandatele-ja-terrassidele\/","url":"https:\/\/penosil.com\/et\/toode\/subfloor-adhesive-850-liimvaht-alusporandatele-ja-terrassidele\/","name":"PENOSIL Subfloor Adhesive 850 liimvaht ehitusalusp\u00f5randatele.","isPartOf":{"@id":"https:\/\/penosil.com\/et\/#website"},"primaryImageOfPage":{"@id":"https:\/\/penosil.com\/et\/toode\/subfloor-adhesive-850-liimvaht-alusporandatele-ja-terrassidele\/#primaryimage"},"image":{"@id":"https:\/\/penosil.com\/et\/toode\/subfloor-adhesive-850-liimvaht-alusporandatele-ja-terrassidele\/#primaryimage"},"thumbnailUrl":"https:\/\/penosil.com\/et\/wp-content\/uploads\/sites\/32\/2025\/09\/850_Subfloor-Adhesive_1.png","datePublished":"2024-12-09T14:06:31+00:00","dateModified":"2026-04-12T00:04:44+00:00","description":"PENOSIL Subfloor Adhesive 850 on liim alusp\u00f5randate ja terrasside jaoks. Aastaringne liimvaht, mis p\u00e4rast pealekandmist kondenseerub kiiresti tugevaks geeljaks liimiks.","breadcrumb":{"@id":"https:\/\/penosil.com\/et\/toode\/subfloor-adhesive-850-liimvaht-alusporandatele-ja-terrassidele\/#breadcrumb"},"inLanguage":"et","potentialAction":[{"@type":"ReadAction","target":["https:\/\/penosil.com\/et\/toode\/subfloor-adhesive-850-liimvaht-alusporandatele-ja-terrassidele\/"]}]},{"@type":"ImageObject","inLanguage":"et","@id":"https:\/\/penosil.com\/et\/toode\/subfloor-adhesive-850-liimvaht-alusporandatele-ja-terrassidele\/#primaryimage","url":"https:\/\/penosil.com\/et\/wp-content\/uploads\/sites\/32\/2025\/09\/850_Subfloor-Adhesive_1.png","contentUrl":"https:\/\/penosil.com\/et\/wp-content\/uploads\/sites\/32\/2025\/09\/850_Subfloor-Adhesive_1.png","width":523,"height":1080,"caption":"PENOSIL Subfloor Adhesive 850 - Liimvaht alusp\u00f5randatele ja terrassidele"},{"@type":"BreadcrumbList","@id":"https:\/\/penosil.com\/et\/toode\/subfloor-adhesive-850-liimvaht-alusporandatele-ja-terrassidele\/#breadcrumb","itemListElement":[{"@type":"ListItem","position":1,"name":"Home","item":"https:\/\/penosil.com\/et\/"},{"@type":"ListItem","position":2,"name":"Tooted","item":"https:\/\/penosil.com\/et\/tooted\/"},{"@type":"ListItem","position":3,"name":"Subfloor Adhesive 850"}]},{"@type":"WebSite","@id":"https:\/\/penosil.com\/et\/#website","url":"https:\/\/penosil.com\/et\/","name":"Penosil Estonia","description":"","potentialAction":[{"@type":"SearchAction","target":{"@type":"EntryPoint","urlTemplate":"https:\/\/penosil.com\/et\/?s={search_term_string}"},"query-input":{"@type":"PropertyValueSpecification","valueRequired":true,"valueName":"search_term_string"}}],"inLanguage":"et"}]}},"featured_img":"https:\/\/penosil.com\/et\/wp-content\/uploads\/sites\/32\/2025\/09\/850_Subfloor-Adhesive_1.png","coauthors":[],"author_meta":{"author_link":"https:\/\/penosil.com\/et\/author\/anne\/","display_name":"Anne Lulla"},"relative_dates":{"created":"Posted 1 aasta ago","modified":"Updated 4 p\u00e4eva ago"},"absolute_dates":{"created":"Posted on 9. dets. 2024","modified":"Updated on 12. apr. 2026"},"absolute_dates_time":{"created":"Posted on 9. dets. 2024 04:06","modified":"Updated on 12. apr. 2026 02:04"},"featured_img_caption":"","tax_additional":{"product_brand":{"linked":[],"unlinked":[],"slug":"product_brand","name":"Br\u00e4ndid"},"product_type":{"linked":["<a href=\"https:\/\/penosil.com\/et\/?taxonomy=product_type&#038;term=simple\" class=\"advgb-post-tax-term\">simple<\/a>"],"unlinked":["<span class=\"advgb-post-tax-term\">simple<\/span>"],"slug":"product_type","name":"Product type"},"product_visibility":{"linked":[],"unlinked":[],"slug":"product_visibility","name":"Product visibility"},"product_cat":{"linked":["<a href=\"https:\/\/penosil.com\/et\/tooted\/tootekategooriad\/liimid\/liimvahud\/\" class=\"advgb-post-tax-term\">Liimvahud<\/a>","<a href=\"https:\/\/penosil.com\/et\/tooted\/tootekategooriad\/\" class=\"advgb-post-tax-term\">Tootekategooriad<\/a>","<a href=\"https:\/\/penosil.com\/et\/tooted\/tootekategooriad\/liimid\/\" class=\"advgb-post-tax-term\">Liimid<\/a>","<a href=\"https:\/\/penosil.com\/et\/tooted\/kasutusalad\/liimimine\/\" class=\"advgb-post-tax-term\">Liimimine<\/a>"],"unlinked":["<span class=\"advgb-post-tax-term\">Liimvahud<\/span>","<span class=\"advgb-post-tax-term\">Tootekategooriad<\/span>","<span class=\"advgb-post-tax-term\">Liimid<\/span>","<span class=\"advgb-post-tax-term\">Liimimine<\/span>"],"slug":"product_cat","name":"Tootekategooriad"},"product_tag":{"linked":[],"unlinked":[],"slug":"product_tag","name":"Tootesildid"},"product_shipping_class":{"linked":[],"unlinked":[],"slug":"product_shipping_class","name":"Toote tarneklassid"},"pos_product_visibility":{"linked":[],"unlinked":[],"slug":"pos_product_visibility","name":"POS Product visibility"},"pa_color":{"linked":["<a href=\"https:\/\/penosil.com\/et\/?taxonomy=pa_color&#038;term=light-yellow-et\" class=\"advgb-post-tax-term\">Helekollane<\/a>"],"unlinked":["<span class=\"advgb-post-tax-term\">Helekollane<\/span>"],"slug":"pa_color","name":"Product Colour"},"pa_diameter":{"linked":[],"unlinked":[],"slug":"pa_diameter","name":"Product Diameter"},"pa_package":{"linked":["<a href=\"https:\/\/penosil.com\/et\/?taxonomy=pa_package&#038;term=750-ml-et-2\" class=\"advgb-post-tax-term\">750 ml<\/a>"],"unlinked":["<span class=\"advgb-post-tax-term\">750 ml<\/span>"],"slug":"pa_package","name":"Product Package"},"pa_roll":{"linked":[],"unlinked":[],"slug":"pa_roll","name":"Product Roll"},"pa_widths":{"linked":[],"unlinked":[],"slug":"pa_widths","name":"Product Widths"},"translation_priority":{"linked":["<a href=\"https:\/\/penosil.com\/et\/?taxonomy=translation_priority&#038;term=optional-et\" class=\"advgb-post-tax-term\">Optional<\/a>"],"unlinked":["<span class=\"advgb-post-tax-term\">Optional<\/span>"],"slug":"translation_priority","name":"Translation Priorities"}},"series_order":"","_links":{"self":[{"href":"https:\/\/penosil.com\/et\/wp-json\/wp\/v2\/product\/32550","targetHints":{"allow":["GET"]}}],"collection":[{"href":"https:\/\/penosil.com\/et\/wp-json\/wp\/v2\/product"}],"about":[{"href":"https:\/\/penosil.com\/et\/wp-json\/wp\/v2\/types\/product"}],"version-history":[{"count":13,"href":"https:\/\/penosil.com\/et\/wp-json\/wp\/v2\/product\/32550\/revisions"}],"predecessor-version":[{"id":35764,"href":"https:\/\/penosil.com\/et\/wp-json\/wp\/v2\/product\/32550\/revisions\/35764"}],"wp:featuredmedia":[{"embeddable":true,"href":"https:\/\/penosil.com\/et\/wp-json\/wp\/v2\/media\/35009"}],"wp:attachment":[{"href":"https:\/\/penosil.com\/et\/wp-json\/wp\/v2\/media?parent=32550"}],"wp:term":[{"taxonomy":"product_brand","embeddable":true,"href":"https:\/\/penosil.com\/et\/wp-json\/wp\/v2\/product_brand?post=32550"},{"taxonomy":"product_cat","embeddable":true,"href":"https:\/\/penosil.com\/et\/wp-json\/wp\/v2\/product_cat?post=32550"},{"taxonomy":"product_tag","embeddable":true,"href":"https:\/\/penosil.com\/et\/wp-json\/wp\/v2\/product_tag?post=32550"}],"curies":[{"name":"wp","href":"https:\/\/api.w.org\/{rel}","templated":true}]}}