{"id":35259,"date":"2025-10-13T10:58:53","date_gmt":"2025-10-13T08:58:53","guid":{"rendered":"https:\/\/penosil.com\/et\/?post_type=product&#038;p=35259"},"modified":"2026-04-12T02:04:43","modified_gmt":"2026-04-12T00:04:43","slug":"speedfix-cyano-007","status":"publish","type":"product","link":"https:\/\/penosil.com\/et\/toode\/speedfix-cyano-007\/","title":{"rendered":"SpeedFix Cyano 007"},"content":{"rendered":"<p>PENOSIL SpeedFix Cyano 007 on kahekomponentne kiirliimikomplekt, mis koosneb k\u00f5rge viskoossusega ts\u00fcanoakr\u00fclaatliimist ja aktivaatorist. Tagab eriti kiire ja tugeva \u00fchenduse isegi poorsetel ja ebatasastel pindadel.<\/p>\n","protected":false},"excerpt":{"rendered":"Kiirliimikomplekt","protected":false},"author":6,"featured_media":35260,"template":"","meta":{"_acf_changed":false,"advgb_blocks_editor_width":"","advgb_blocks_columns_visual_guide":"","footnotes":""},"product_brand":[],"product_cat":[1358,227,2631,225],"product_tag":[],"class_list":{"0":"post-35259","1":"product","2":"type-product","3":"status-publish","4":"has-post-thumbnail","6":"product_cat-tootekategooriad","7":"product_cat-liimid","8":"product_cat-tsuanoakrulaadid","9":"product_cat-liimimine","11":"first","12":"instock","13":"taxable","14":"shipping-taxable","15":"purchasable","16":"product-type-simple"},"acf":[],"yoast_head":"<!-- This site is optimized with the Yoast SEO plugin v27.2 - https:\/\/yoast.com\/product\/yoast-seo-wordpress\/ -->\n<title>PENOSIL SpeedFix Cyano 007 kiirliimikomplekt<\/title>\n<meta name=\"description\" content=\"PENOSIL SpeedFix Cyano 007 on kiirliimikomplekt, mis tagab eriti kiire ja tugeva \u00fchenduse. Komplekt koosneb ts\u00fcanoakr\u00fclaatliimist ja aktivaatorist. Uuri l\u00e4hemalt!\" \/>\n<meta name=\"robots\" content=\"index, follow, max-snippet:-1, max-image-preview:large, max-video-preview:-1\" \/>\n<link rel=\"canonical\" href=\"https:\/\/penosil.com\/et\/toode\/speedfix-cyano-007\/\" \/>\n<meta property=\"og:locale\" content=\"et_EE\" \/>\n<meta property=\"og:type\" content=\"article\" \/>\n<meta property=\"og:title\" content=\"PENOSIL SpeedFix Cyano 007 kiirliimikomplekt\" \/>\n<meta property=\"og:description\" content=\"PENOSIL SpeedFix Cyano 007 on kiirliimikomplekt, mis tagab eriti kiire ja tugeva \u00fchenduse. Komplekt koosneb ts\u00fcanoakr\u00fclaatliimist ja aktivaatorist. Uuri l\u00e4hemalt!\" \/>\n<meta property=\"og:url\" content=\"https:\/\/penosil.com\/et\/toode\/speedfix-cyano-007\/\" \/>\n<meta property=\"og:site_name\" content=\"Penosil Estonia\" \/>\n<meta property=\"article:modified_time\" content=\"2026-04-12T00:04:43+00:00\" \/>\n<meta property=\"og:image\" content=\"https:\/\/penosil.com\/et\/wp-content\/uploads\/sites\/32\/2025\/10\/007_SpeedFix-Cyano_EE_FI_1.png\" \/>\n\t<meta property=\"og:image:width\" content=\"523\" \/>\n\t<meta property=\"og:image:height\" content=\"1080\" \/>\n\t<meta property=\"og:image:type\" content=\"image\/png\" \/>\n<meta name=\"twitter:card\" content=\"summary_large_image\" \/>\n<script type=\"application\/ld+json\" class=\"yoast-schema-graph\">{\"@context\":\"https:\/\/schema.org\",\"@graph\":[{\"@type\":\"WebPage\",\"@id\":\"https:\/\/penosil.com\/et\/toode\/speedfix-cyano-007\/\",\"url\":\"https:\/\/penosil.com\/et\/toode\/speedfix-cyano-007\/\",\"name\":\"PENOSIL SpeedFix Cyano 007 kiirliimikomplekt\",\"isPartOf\":{\"@id\":\"https:\/\/penosil.com\/et\/#website\"},\"primaryImageOfPage\":{\"@id\":\"https:\/\/penosil.com\/et\/toode\/speedfix-cyano-007\/#primaryimage\"},\"image\":{\"@id\":\"https:\/\/penosil.com\/et\/toode\/speedfix-cyano-007\/#primaryimage\"},\"thumbnailUrl\":\"https:\/\/penosil.com\/et\/wp-content\/uploads\/sites\/32\/2025\/10\/007_SpeedFix-Cyano_EE_FI_1.png\",\"datePublished\":\"2025-10-13T08:58:53+00:00\",\"dateModified\":\"2026-04-12T00:04:43+00:00\",\"description\":\"PENOSIL SpeedFix Cyano 007 on kiirliimikomplekt, mis tagab eriti kiire ja tugeva \u00fchenduse. Komplekt koosneb ts\u00fcanoakr\u00fclaatliimist ja aktivaatorist. Uuri l\u00e4hemalt!\",\"breadcrumb\":{\"@id\":\"https:\/\/penosil.com\/et\/toode\/speedfix-cyano-007\/#breadcrumb\"},\"inLanguage\":\"et\",\"potentialAction\":[{\"@type\":\"ReadAction\",\"target\":[\"https:\/\/penosil.com\/et\/toode\/speedfix-cyano-007\/\"]}]},{\"@type\":\"ImageObject\",\"inLanguage\":\"et\",\"@id\":\"https:\/\/penosil.com\/et\/toode\/speedfix-cyano-007\/#primaryimage\",\"url\":\"https:\/\/penosil.com\/et\/wp-content\/uploads\/sites\/32\/2025\/10\/007_SpeedFix-Cyano_EE_FI_1.png\",\"contentUrl\":\"https:\/\/penosil.com\/et\/wp-content\/uploads\/sites\/32\/2025\/10\/007_SpeedFix-Cyano_EE_FI_1.png\",\"width\":523,\"height\":1080},{\"@type\":\"BreadcrumbList\",\"@id\":\"https:\/\/penosil.com\/et\/toode\/speedfix-cyano-007\/#breadcrumb\",\"itemListElement\":[{\"@type\":\"ListItem\",\"position\":1,\"name\":\"Home\",\"item\":\"https:\/\/penosil.com\/et\/\"},{\"@type\":\"ListItem\",\"position\":2,\"name\":\"Tooted\",\"item\":\"https:\/\/penosil.com\/et\/tooted\/\"},{\"@type\":\"ListItem\",\"position\":3,\"name\":\"SpeedFix Cyano 007\"}]},{\"@type\":\"WebSite\",\"@id\":\"https:\/\/penosil.com\/et\/#website\",\"url\":\"https:\/\/penosil.com\/et\/\",\"name\":\"Penosil Estonia\",\"description\":\"\",\"potentialAction\":[{\"@type\":\"SearchAction\",\"target\":{\"@type\":\"EntryPoint\",\"urlTemplate\":\"https:\/\/penosil.com\/et\/?s={search_term_string}\"},\"query-input\":{\"@type\":\"PropertyValueSpecification\",\"valueRequired\":true,\"valueName\":\"search_term_string\"}}],\"inLanguage\":\"et\"}]}<\/script>\n<!-- \/ Yoast SEO plugin. -->","yoast_head_json":{"title":"PENOSIL SpeedFix Cyano 007 kiirliimikomplekt","description":"PENOSIL SpeedFix Cyano 007 on kiirliimikomplekt, mis tagab eriti kiire ja tugeva \u00fchenduse. Komplekt koosneb ts\u00fcanoakr\u00fclaatliimist ja aktivaatorist. Uuri l\u00e4hemalt!","robots":{"index":"index","follow":"follow","max-snippet":"max-snippet:-1","max-image-preview":"max-image-preview:large","max-video-preview":"max-video-preview:-1"},"canonical":"https:\/\/penosil.com\/et\/toode\/speedfix-cyano-007\/","og_locale":"et_EE","og_type":"article","og_title":"PENOSIL SpeedFix Cyano 007 kiirliimikomplekt","og_description":"PENOSIL SpeedFix Cyano 007 on kiirliimikomplekt, mis tagab eriti kiire ja tugeva \u00fchenduse. Komplekt koosneb ts\u00fcanoakr\u00fclaatliimist ja aktivaatorist. Uuri l\u00e4hemalt!","og_url":"https:\/\/penosil.com\/et\/toode\/speedfix-cyano-007\/","og_site_name":"Penosil Estonia","article_modified_time":"2026-04-12T00:04:43+00:00","og_image":[{"width":523,"height":1080,"url":"https:\/\/penosil.com\/et\/wp-content\/uploads\/sites\/32\/2025\/10\/007_SpeedFix-Cyano_EE_FI_1.png","type":"image\/png"}],"twitter_card":"summary_large_image","schema":{"@context":"https:\/\/schema.org","@graph":[{"@type":"WebPage","@id":"https:\/\/penosil.com\/et\/toode\/speedfix-cyano-007\/","url":"https:\/\/penosil.com\/et\/toode\/speedfix-cyano-007\/","name":"PENOSIL SpeedFix Cyano 007 kiirliimikomplekt","isPartOf":{"@id":"https:\/\/penosil.com\/et\/#website"},"primaryImageOfPage":{"@id":"https:\/\/penosil.com\/et\/toode\/speedfix-cyano-007\/#primaryimage"},"image":{"@id":"https:\/\/penosil.com\/et\/toode\/speedfix-cyano-007\/#primaryimage"},"thumbnailUrl":"https:\/\/penosil.com\/et\/wp-content\/uploads\/sites\/32\/2025\/10\/007_SpeedFix-Cyano_EE_FI_1.png","datePublished":"2025-10-13T08:58:53+00:00","dateModified":"2026-04-12T00:04:43+00:00","description":"PENOSIL SpeedFix Cyano 007 on kiirliimikomplekt, mis tagab eriti kiire ja tugeva \u00fchenduse. Komplekt koosneb ts\u00fcanoakr\u00fclaatliimist ja aktivaatorist. Uuri l\u00e4hemalt!","breadcrumb":{"@id":"https:\/\/penosil.com\/et\/toode\/speedfix-cyano-007\/#breadcrumb"},"inLanguage":"et","potentialAction":[{"@type":"ReadAction","target":["https:\/\/penosil.com\/et\/toode\/speedfix-cyano-007\/"]}]},{"@type":"ImageObject","inLanguage":"et","@id":"https:\/\/penosil.com\/et\/toode\/speedfix-cyano-007\/#primaryimage","url":"https:\/\/penosil.com\/et\/wp-content\/uploads\/sites\/32\/2025\/10\/007_SpeedFix-Cyano_EE_FI_1.png","contentUrl":"https:\/\/penosil.com\/et\/wp-content\/uploads\/sites\/32\/2025\/10\/007_SpeedFix-Cyano_EE_FI_1.png","width":523,"height":1080},{"@type":"BreadcrumbList","@id":"https:\/\/penosil.com\/et\/toode\/speedfix-cyano-007\/#breadcrumb","itemListElement":[{"@type":"ListItem","position":1,"name":"Home","item":"https:\/\/penosil.com\/et\/"},{"@type":"ListItem","position":2,"name":"Tooted","item":"https:\/\/penosil.com\/et\/tooted\/"},{"@type":"ListItem","position":3,"name":"SpeedFix Cyano 007"}]},{"@type":"WebSite","@id":"https:\/\/penosil.com\/et\/#website","url":"https:\/\/penosil.com\/et\/","name":"Penosil Estonia","description":"","potentialAction":[{"@type":"SearchAction","target":{"@type":"EntryPoint","urlTemplate":"https:\/\/penosil.com\/et\/?s={search_term_string}"},"query-input":{"@type":"PropertyValueSpecification","valueRequired":true,"valueName":"search_term_string"}}],"inLanguage":"et"}]}},"featured_img":"https:\/\/penosil.com\/et\/wp-content\/uploads\/sites\/32\/2025\/10\/007_SpeedFix-Cyano_EE_FI_1.png","coauthors":[],"author_meta":{"author_link":"https:\/\/penosil.com\/et\/author\/anne\/","display_name":"Anne Lulla"},"relative_dates":{"created":"Posted 6 kuud ago","modified":"Updated 4 p\u00e4eva ago"},"absolute_dates":{"created":"Posted on 13. okt. 2025","modified":"Updated on 12. apr. 2026"},"absolute_dates_time":{"created":"Posted on 13. okt. 2025 10:58","modified":"Updated on 12. apr. 2026 02:04"},"featured_img_caption":"","tax_additional":{"product_brand":{"linked":[],"unlinked":[],"slug":"product_brand","name":"Br\u00e4ndid"},"product_type":{"linked":["<a href=\"https:\/\/penosil.com\/et\/?taxonomy=product_type&#038;term=simple\" class=\"advgb-post-tax-term\">simple<\/a>"],"unlinked":["<span class=\"advgb-post-tax-term\">simple<\/span>"],"slug":"product_type","name":"Product type"},"product_visibility":{"linked":[],"unlinked":[],"slug":"product_visibility","name":"Product visibility"},"product_cat":{"linked":["<a href=\"https:\/\/penosil.com\/et\/tooted\/tootekategooriad\/\" class=\"advgb-post-tax-term\">Tootekategooriad<\/a>","<a href=\"https:\/\/penosil.com\/et\/tooted\/tootekategooriad\/liimid\/\" class=\"advgb-post-tax-term\">Liimid<\/a>","<a href=\"https:\/\/penosil.com\/et\/tooted\/tootekategooriad\/liimid\/tsuanoakrulaadid\/\" class=\"advgb-post-tax-term\">Ts\u00fcanoakr\u00fclaadid<\/a>","<a href=\"https:\/\/penosil.com\/et\/tooted\/kasutusalad\/liimimine\/\" class=\"advgb-post-tax-term\">Liimimine<\/a>"],"unlinked":["<span class=\"advgb-post-tax-term\">Tootekategooriad<\/span>","<span class=\"advgb-post-tax-term\">Liimid<\/span>","<span class=\"advgb-post-tax-term\">Ts\u00fcanoakr\u00fclaadid<\/span>","<span class=\"advgb-post-tax-term\">Liimimine<\/span>"],"slug":"product_cat","name":"Tootekategooriad"},"product_tag":{"linked":[],"unlinked":[],"slug":"product_tag","name":"Tootesildid"},"product_shipping_class":{"linked":[],"unlinked":[],"slug":"product_shipping_class","name":"Toote tarneklassid"},"pos_product_visibility":{"linked":[],"unlinked":[],"slug":"pos_product_visibility","name":"POS Product visibility"},"pa_color":{"linked":["<a href=\"https:\/\/penosil.com\/et\/?taxonomy=pa_color&#038;term=transparent-et\" class=\"advgb-post-tax-term\">Transparentne<\/a>"],"unlinked":["<span class=\"advgb-post-tax-term\">Transparentne<\/span>"],"slug":"pa_color","name":"Product Colour"},"pa_diameter":{"linked":[],"unlinked":[],"slug":"pa_diameter","name":"Product Diameter"},"pa_package":{"linked":[],"unlinked":[],"slug":"pa_package","name":"Product Package"},"pa_roll":{"linked":[],"unlinked":[],"slug":"pa_roll","name":"Product Roll"},"pa_widths":{"linked":[],"unlinked":[],"slug":"pa_widths","name":"Product Widths"},"translation_priority":{"linked":["<a href=\"https:\/\/penosil.com\/et\/?taxonomy=translation_priority&#038;term=optional-et\" class=\"advgb-post-tax-term\">Optional<\/a>"],"unlinked":["<span class=\"advgb-post-tax-term\">Optional<\/span>"],"slug":"translation_priority","name":"Translation Priorities"}},"series_order":"","_links":{"self":[{"href":"https:\/\/penosil.com\/et\/wp-json\/wp\/v2\/product\/35259","targetHints":{"allow":["GET"]}}],"collection":[{"href":"https:\/\/penosil.com\/et\/wp-json\/wp\/v2\/product"}],"about":[{"href":"https:\/\/penosil.com\/et\/wp-json\/wp\/v2\/types\/product"}],"version-history":[{"count":8,"href":"https:\/\/penosil.com\/et\/wp-json\/wp\/v2\/product\/35259\/revisions"}],"predecessor-version":[{"id":35567,"href":"https:\/\/penosil.com\/et\/wp-json\/wp\/v2\/product\/35259\/revisions\/35567"}],"wp:featuredmedia":[{"embeddable":true,"href":"https:\/\/penosil.com\/et\/wp-json\/wp\/v2\/media\/35260"}],"wp:attachment":[{"href":"https:\/\/penosil.com\/et\/wp-json\/wp\/v2\/media?parent=35259"}],"wp:term":[{"taxonomy":"product_brand","embeddable":true,"href":"https:\/\/penosil.com\/et\/wp-json\/wp\/v2\/product_brand?post=35259"},{"taxonomy":"product_cat","embeddable":true,"href":"https:\/\/penosil.com\/et\/wp-json\/wp\/v2\/product_cat?post=35259"},{"taxonomy":"product_tag","embeddable":true,"href":"https:\/\/penosil.com\/et\/wp-json\/wp\/v2\/product_tag?post=35259"}],"curies":[{"name":"wp","href":"https:\/\/api.w.org\/{rel}","templated":true}]}}