{"id":36052,"date":"2026-04-02T08:54:33","date_gmt":"2026-04-02T06:54:33","guid":{"rendered":"https:\/\/penosil.com\/et\/?post_type=product&#038;p=36052"},"modified":"2026-04-03T02:02:55","modified_gmt":"2026-04-03T00:02:55","slug":"stop-fungi-silicone-303","status":"publish","type":"product","link":"https:\/\/penosil.com\/et\/toode\/stop-fungi-silicone-303\/","title":{"rendered":"Stop Fungi Silicone 303"},"content":{"rendered":"<p>PENOSIL Stop Fungi Silicone 303 on mitmeotstarbeline atsetoks\u00fcsilikoon tihendamis- ja t\u00e4itet\u00f6\u00f6deks vannitubades, k\u00f6\u00f6kides ning muudes m\u00e4rgades ja niisketes ruumides. See k\u00f5rgekvaliteediline koostis tagab hallitus- ja bakterivabad pinnad pikaks ajaks.<\/p>\n","protected":false},"excerpt":{"rendered":"PENOSIL Stop Fungi Silicone 303 on mitmeotstarbeline atsetoks\u00fcsilikoon tihendamis- ja t\u00e4itet\u00f6\u00f6deks vannitubades, k\u00f6\u00f6kides ning muudes m\u00e4rgades ja niisketes ruumides. See k\u00f5rgekvaliteediline koostis tagab hallitus- ja bakterivabad pinnad pikaks ajaks.","protected":false},"author":6,"featured_media":36053,"template":"","meta":{"_acf_changed":false,"advgb_blocks_editor_width":"","advgb_blocks_columns_visual_guide":"","footnotes":""},"product_brand":[],"product_cat":[2616,1358,1598,1142],"product_tag":[],"class_list":{"0":"post-36052","1":"product","2":"type-product","3":"status-publish","4":"has-post-thumbnail","6":"product_cat-happelised-silikoonid","7":"product_cat-tootekategooriad","8":"product_cat-hermeetikud","9":"product_cat-niisked-ruumid","11":"first","12":"instock","13":"taxable","14":"shipping-taxable","15":"purchasable","16":"product-type-variable","17":"has-default-attributes"},"acf":[],"yoast_head":"<!-- This site is optimized with the Yoast SEO plugin v27.2 - https:\/\/yoast.com\/product\/yoast-seo-wordpress\/ -->\n<title>PENOSIL Stop Fungi Silicone 303 on elastne sanitaar\u00adsilikoon tihendamis- ja t\u00e4itet\u00f6\u00f6deks niisketes ruumides.<\/title>\n<meta name=\"description\" content=\"PENOSIL Stop Fungi Silicone 303 on k\u00f5rgekvaliteediline elastne sanitaar\u00adsilikoon tihendamis- ja t\u00e4itet\u00f6\u00f6deks vannitubades, k\u00f6\u00f6kides ning muudes niisketes ruumides. Uuri l\u00e4hemalt!\" \/>\n<meta name=\"robots\" content=\"index, follow, max-snippet:-1, max-image-preview:large, max-video-preview:-1\" \/>\n<link rel=\"canonical\" href=\"https:\/\/penosil.com\/et\/toode\/stop-fungi-silicone-303\/\" \/>\n<meta property=\"og:locale\" content=\"et_EE\" \/>\n<meta property=\"og:type\" content=\"article\" \/>\n<meta property=\"og:title\" content=\"PENOSIL Stop Fungi Silicone 303 on elastne sanitaar\u00adsilikoon tihendamis- ja t\u00e4itet\u00f6\u00f6deks niisketes ruumides.\" \/>\n<meta property=\"og:description\" content=\"PENOSIL Stop Fungi Silicone 303 on k\u00f5rgekvaliteediline elastne sanitaar\u00adsilikoon tihendamis- ja t\u00e4itet\u00f6\u00f6deks vannitubades, k\u00f6\u00f6kides ning muudes niisketes ruumides. Uuri l\u00e4hemalt!\" \/>\n<meta property=\"og:url\" content=\"https:\/\/penosil.com\/et\/toode\/stop-fungi-silicone-303\/\" \/>\n<meta property=\"og:site_name\" content=\"Penosil Estonia\" \/>\n<meta property=\"article:modified_time\" content=\"2026-04-03T00:02:55+00:00\" \/>\n<meta property=\"og:image\" content=\"https:\/\/penosil.com\/et\/wp-content\/uploads\/sites\/32\/2026\/04\/303_Stop-Fungi-Silicone-303_EE_FI_transp2028129.png\" \/>\n\t<meta property=\"og:image:width\" content=\"387\" \/>\n\t<meta property=\"og:image:height\" content=\"1080\" \/>\n\t<meta property=\"og:image:type\" content=\"image\/png\" \/>\n<meta name=\"twitter:card\" content=\"summary_large_image\" \/>\n<script type=\"application\/ld+json\" class=\"yoast-schema-graph\">{\"@context\":\"https:\/\/schema.org\",\"@graph\":[{\"@type\":\"WebPage\",\"@id\":\"https:\/\/penosil.com\/et\/toode\/stop-fungi-silicone-303\/\",\"url\":\"https:\/\/penosil.com\/et\/toode\/stop-fungi-silicone-303\/\",\"name\":\"PENOSIL Stop Fungi Silicone 303 on elastne sanitaar\u00adsilikoon tihendamis- ja t\u00e4itet\u00f6\u00f6deks niisketes ruumides.\",\"isPartOf\":{\"@id\":\"https:\/\/penosil.com\/et\/#website\"},\"primaryImageOfPage\":{\"@id\":\"https:\/\/penosil.com\/et\/toode\/stop-fungi-silicone-303\/#primaryimage\"},\"image\":{\"@id\":\"https:\/\/penosil.com\/et\/toode\/stop-fungi-silicone-303\/#primaryimage\"},\"thumbnailUrl\":\"https:\/\/penosil.com\/et\/wp-content\/uploads\/sites\/32\/2026\/04\/303_Stop-Fungi-Silicone-303_EE_FI_transp2028129.png\",\"datePublished\":\"2026-04-02T06:54:33+00:00\",\"dateModified\":\"2026-04-03T00:02:55+00:00\",\"description\":\"PENOSIL Stop Fungi Silicone 303 on k\u00f5rgekvaliteediline elastne sanitaar\u00adsilikoon tihendamis- ja t\u00e4itet\u00f6\u00f6deks vannitubades, k\u00f6\u00f6kides ning muudes niisketes ruumides. Uuri l\u00e4hemalt!\",\"breadcrumb\":{\"@id\":\"https:\/\/penosil.com\/et\/toode\/stop-fungi-silicone-303\/#breadcrumb\"},\"inLanguage\":\"et\",\"potentialAction\":[{\"@type\":\"ReadAction\",\"target\":[\"https:\/\/penosil.com\/et\/toode\/stop-fungi-silicone-303\/\"]}]},{\"@type\":\"ImageObject\",\"inLanguage\":\"et\",\"@id\":\"https:\/\/penosil.com\/et\/toode\/stop-fungi-silicone-303\/#primaryimage\",\"url\":\"https:\/\/penosil.com\/et\/wp-content\/uploads\/sites\/32\/2026\/04\/303_Stop-Fungi-Silicone-303_EE_FI_transp2028129.png\",\"contentUrl\":\"https:\/\/penosil.com\/et\/wp-content\/uploads\/sites\/32\/2026\/04\/303_Stop-Fungi-Silicone-303_EE_FI_transp2028129.png\",\"width\":387,\"height\":1080},{\"@type\":\"BreadcrumbList\",\"@id\":\"https:\/\/penosil.com\/et\/toode\/stop-fungi-silicone-303\/#breadcrumb\",\"itemListElement\":[{\"@type\":\"ListItem\",\"position\":1,\"name\":\"Home\",\"item\":\"https:\/\/penosil.com\/et\/\"},{\"@type\":\"ListItem\",\"position\":2,\"name\":\"Tooted\",\"item\":\"https:\/\/penosil.com\/et\/tooted\/\"},{\"@type\":\"ListItem\",\"position\":3,\"name\":\"Stop Fungi Silicone 303\"}]},{\"@type\":\"WebSite\",\"@id\":\"https:\/\/penosil.com\/et\/#website\",\"url\":\"https:\/\/penosil.com\/et\/\",\"name\":\"Penosil Estonia\",\"description\":\"\",\"potentialAction\":[{\"@type\":\"SearchAction\",\"target\":{\"@type\":\"EntryPoint\",\"urlTemplate\":\"https:\/\/penosil.com\/et\/?s={search_term_string}\"},\"query-input\":{\"@type\":\"PropertyValueSpecification\",\"valueRequired\":true,\"valueName\":\"search_term_string\"}}],\"inLanguage\":\"et\"}]}<\/script>\n<!-- \/ Yoast SEO plugin. -->","yoast_head_json":{"title":"PENOSIL Stop Fungi Silicone 303 on elastne sanitaar\u00adsilikoon tihendamis- ja t\u00e4itet\u00f6\u00f6deks niisketes ruumides.","description":"PENOSIL Stop Fungi Silicone 303 on k\u00f5rgekvaliteediline elastne sanitaar\u00adsilikoon tihendamis- ja t\u00e4itet\u00f6\u00f6deks vannitubades, k\u00f6\u00f6kides ning muudes niisketes ruumides. Uuri l\u00e4hemalt!","robots":{"index":"index","follow":"follow","max-snippet":"max-snippet:-1","max-image-preview":"max-image-preview:large","max-video-preview":"max-video-preview:-1"},"canonical":"https:\/\/penosil.com\/et\/toode\/stop-fungi-silicone-303\/","og_locale":"et_EE","og_type":"article","og_title":"PENOSIL Stop Fungi Silicone 303 on elastne sanitaar\u00adsilikoon tihendamis- ja t\u00e4itet\u00f6\u00f6deks niisketes ruumides.","og_description":"PENOSIL Stop Fungi Silicone 303 on k\u00f5rgekvaliteediline elastne sanitaar\u00adsilikoon tihendamis- ja t\u00e4itet\u00f6\u00f6deks vannitubades, k\u00f6\u00f6kides ning muudes niisketes ruumides. Uuri l\u00e4hemalt!","og_url":"https:\/\/penosil.com\/et\/toode\/stop-fungi-silicone-303\/","og_site_name":"Penosil Estonia","article_modified_time":"2026-04-03T00:02:55+00:00","og_image":[{"width":387,"height":1080,"url":"https:\/\/penosil.com\/et\/wp-content\/uploads\/sites\/32\/2026\/04\/303_Stop-Fungi-Silicone-303_EE_FI_transp2028129.png","type":"image\/png"}],"twitter_card":"summary_large_image","schema":{"@context":"https:\/\/schema.org","@graph":[{"@type":"WebPage","@id":"https:\/\/penosil.com\/et\/toode\/stop-fungi-silicone-303\/","url":"https:\/\/penosil.com\/et\/toode\/stop-fungi-silicone-303\/","name":"PENOSIL Stop Fungi Silicone 303 on elastne sanitaar\u00adsilikoon tihendamis- ja t\u00e4itet\u00f6\u00f6deks niisketes ruumides.","isPartOf":{"@id":"https:\/\/penosil.com\/et\/#website"},"primaryImageOfPage":{"@id":"https:\/\/penosil.com\/et\/toode\/stop-fungi-silicone-303\/#primaryimage"},"image":{"@id":"https:\/\/penosil.com\/et\/toode\/stop-fungi-silicone-303\/#primaryimage"},"thumbnailUrl":"https:\/\/penosil.com\/et\/wp-content\/uploads\/sites\/32\/2026\/04\/303_Stop-Fungi-Silicone-303_EE_FI_transp2028129.png","datePublished":"2026-04-02T06:54:33+00:00","dateModified":"2026-04-03T00:02:55+00:00","description":"PENOSIL Stop Fungi Silicone 303 on k\u00f5rgekvaliteediline elastne sanitaar\u00adsilikoon tihendamis- ja t\u00e4itet\u00f6\u00f6deks vannitubades, k\u00f6\u00f6kides ning muudes niisketes ruumides. Uuri l\u00e4hemalt!","breadcrumb":{"@id":"https:\/\/penosil.com\/et\/toode\/stop-fungi-silicone-303\/#breadcrumb"},"inLanguage":"et","potentialAction":[{"@type":"ReadAction","target":["https:\/\/penosil.com\/et\/toode\/stop-fungi-silicone-303\/"]}]},{"@type":"ImageObject","inLanguage":"et","@id":"https:\/\/penosil.com\/et\/toode\/stop-fungi-silicone-303\/#primaryimage","url":"https:\/\/penosil.com\/et\/wp-content\/uploads\/sites\/32\/2026\/04\/303_Stop-Fungi-Silicone-303_EE_FI_transp2028129.png","contentUrl":"https:\/\/penosil.com\/et\/wp-content\/uploads\/sites\/32\/2026\/04\/303_Stop-Fungi-Silicone-303_EE_FI_transp2028129.png","width":387,"height":1080},{"@type":"BreadcrumbList","@id":"https:\/\/penosil.com\/et\/toode\/stop-fungi-silicone-303\/#breadcrumb","itemListElement":[{"@type":"ListItem","position":1,"name":"Home","item":"https:\/\/penosil.com\/et\/"},{"@type":"ListItem","position":2,"name":"Tooted","item":"https:\/\/penosil.com\/et\/tooted\/"},{"@type":"ListItem","position":3,"name":"Stop Fungi Silicone 303"}]},{"@type":"WebSite","@id":"https:\/\/penosil.com\/et\/#website","url":"https:\/\/penosil.com\/et\/","name":"Penosil Estonia","description":"","potentialAction":[{"@type":"SearchAction","target":{"@type":"EntryPoint","urlTemplate":"https:\/\/penosil.com\/et\/?s={search_term_string}"},"query-input":{"@type":"PropertyValueSpecification","valueRequired":true,"valueName":"search_term_string"}}],"inLanguage":"et"}]}},"featured_img":"https:\/\/penosil.com\/et\/wp-content\/uploads\/sites\/32\/2026\/04\/303_Stop-Fungi-Silicone-303_EE_FI_transp2028129.png","coauthors":[],"author_meta":{"author_link":"https:\/\/penosil.com\/et\/author\/anne\/","display_name":"Anne Lulla"},"relative_dates":{"created":"Posted 2 n\u00e4dalat ago","modified":"Updated 2 n\u00e4dalat ago"},"absolute_dates":{"created":"Posted on 2. apr. 2026","modified":"Updated on 3. apr. 2026"},"absolute_dates_time":{"created":"Posted on 2. apr. 2026 08:54","modified":"Updated on 3. apr. 2026 02:02"},"featured_img_caption":"","tax_additional":{"product_brand":{"linked":[],"unlinked":[],"slug":"product_brand","name":"Br\u00e4ndid"},"product_type":{"linked":["<a href=\"https:\/\/penosil.com\/et\/?taxonomy=product_type&#038;term=variable\" class=\"advgb-post-tax-term\">variable<\/a>"],"unlinked":["<span class=\"advgb-post-tax-term\">variable<\/span>"],"slug":"product_type","name":"Product type"},"product_visibility":{"linked":[],"unlinked":[],"slug":"product_visibility","name":"Product visibility"},"product_cat":{"linked":["<a href=\"https:\/\/penosil.com\/et\/tooted\/tootekategooriad\/hermeetikud\/happelised-silikoonid\/\" class=\"advgb-post-tax-term\">Happelised silikoonid<\/a>","<a href=\"https:\/\/penosil.com\/et\/tooted\/tootekategooriad\/\" class=\"advgb-post-tax-term\">Tootekategooriad<\/a>","<a href=\"https:\/\/penosil.com\/et\/tooted\/tootekategooriad\/hermeetikud\/\" class=\"advgb-post-tax-term\">Hermeetikud ja mastiksid<\/a>","<a href=\"https:\/\/penosil.com\/et\/tooted\/kasutusalad\/niisked-ruumid\/\" class=\"advgb-post-tax-term\">Niisked ruumid<\/a>"],"unlinked":["<span class=\"advgb-post-tax-term\">Happelised silikoonid<\/span>","<span class=\"advgb-post-tax-term\">Tootekategooriad<\/span>","<span class=\"advgb-post-tax-term\">Hermeetikud ja mastiksid<\/span>","<span class=\"advgb-post-tax-term\">Niisked ruumid<\/span>"],"slug":"product_cat","name":"Tootekategooriad"},"product_tag":{"linked":[],"unlinked":[],"slug":"product_tag","name":"Tootesildid"},"product_shipping_class":{"linked":[],"unlinked":[],"slug":"product_shipping_class","name":"Toote tarneklassid"},"pos_product_visibility":{"linked":[],"unlinked":[],"slug":"pos_product_visibility","name":"POS Product visibility"},"pa_color":{"linked":["<a href=\"https:\/\/penosil.com\/et\/?taxonomy=pa_color&#038;term=transparent-et\" class=\"advgb-post-tax-term\">Transparentne<\/a>","<a href=\"https:\/\/penosil.com\/et\/?taxonomy=pa_color&#038;term=white-et-2\" class=\"advgb-post-tax-term\">Valge<\/a>"],"unlinked":["<span class=\"advgb-post-tax-term\">Transparentne<\/span>","<span class=\"advgb-post-tax-term\">Valge<\/span>"],"slug":"pa_color","name":"Product Colour"},"pa_diameter":{"linked":[],"unlinked":[],"slug":"pa_diameter","name":"Product Diameter"},"pa_package":{"linked":["<a href=\"https:\/\/penosil.com\/et\/?taxonomy=pa_package&#038;term=300-ml-2\" class=\"advgb-post-tax-term\">300 ml<\/a>"],"unlinked":["<span class=\"advgb-post-tax-term\">300 ml<\/span>"],"slug":"pa_package","name":"Product Package"},"pa_roll":{"linked":[],"unlinked":[],"slug":"pa_roll","name":"Product Roll"},"pa_widths":{"linked":[],"unlinked":[],"slug":"pa_widths","name":"Product Widths"},"translation_priority":{"linked":["<a href=\"https:\/\/penosil.com\/et\/?taxonomy=translation_priority&#038;term=optional-et\" class=\"advgb-post-tax-term\">Optional<\/a>"],"unlinked":["<span class=\"advgb-post-tax-term\">Optional<\/span>"],"slug":"translation_priority","name":"Translation Priorities"}},"series_order":"","_links":{"self":[{"href":"https:\/\/penosil.com\/et\/wp-json\/wp\/v2\/product\/36052","targetHints":{"allow":["GET"]}}],"collection":[{"href":"https:\/\/penosil.com\/et\/wp-json\/wp\/v2\/product"}],"about":[{"href":"https:\/\/penosil.com\/et\/wp-json\/wp\/v2\/types\/product"}],"version-history":[{"count":7,"href":"https:\/\/penosil.com\/et\/wp-json\/wp\/v2\/product\/36052\/revisions"}],"predecessor-version":[{"id":36065,"href":"https:\/\/penosil.com\/et\/wp-json\/wp\/v2\/product\/36052\/revisions\/36065"}],"wp:featuredmedia":[{"embeddable":true,"href":"https:\/\/penosil.com\/et\/wp-json\/wp\/v2\/media\/36053"}],"wp:attachment":[{"href":"https:\/\/penosil.com\/et\/wp-json\/wp\/v2\/media?parent=36052"}],"wp:term":[{"taxonomy":"product_brand","embeddable":true,"href":"https:\/\/penosil.com\/et\/wp-json\/wp\/v2\/product_brand?post=36052"},{"taxonomy":"product_cat","embeddable":true,"href":"https:\/\/penosil.com\/et\/wp-json\/wp\/v2\/product_cat?post=36052"},{"taxonomy":"product_tag","embeddable":true,"href":"https:\/\/penosil.com\/et\/wp-json\/wp\/v2\/product_tag?post=36052"}],"curies":[{"name":"wp","href":"https:\/\/api.w.org\/{rel}","templated":true}]}}