{"id":3831,"date":"2019-07-24T13:17:19","date_gmt":"2019-07-24T13:17:19","guid":{"rendered":"https:\/\/penosil.com\/fi\/about-us\/"},"modified":"2026-02-02T11:17:13","modified_gmt":"2026-02-02T11:17:13","slug":"tietoa-yrityksesta","status":"publish","type":"page","link":"https:\/\/penosil.com\/fi\/tietoa-yrityksesta\/","title":{"rendered":"Tietoa yrityksest\u00e4"},"content":{"rendered":"\n<div class=\"wp-block-columns has-2-columns is-layout-flex wp-container-core-columns-is-layout-9d6595d7 wp-block-columns-is-layout-flex\">\n<div class=\"wp-block-column is-layout-flow wp-block-column-is-layout-flow\">\n<p>Penosil-tuotevalikoima koostuu rakennusvaahdoista, liimoista, tiivistysaineista, puhdistusaineista, ty\u00f6kaluista, rakennuskemikaaleista ja rakennusmateriaaleista sek\u00e4 ammattilaisille ett\u00e4 kotik\u00e4ytt\u00e4jille. <\/p>\n\n\n\n<p> T\u00e4n\u00e4\u00e4n PENOSIL yhdist\u00e4\u00e4 25 vuoden kokemuksen v\u00e4hitt\u00e4iskaupasta ja palvelee rakennusalan ammattilaisia 45 vuoden kokemuksella teollisuuden tiivistysratkaisuista. <\/p>\n<\/div>\n\n\n\n<div class=\"wp-block-column is-layout-flow wp-block-column-is-layout-flow\">\n<p>Penosil on Wolf Group:n tuotemerkki, joka yhdist\u00e4\u00e4 kaikki Krimelte O\u00dc:n tuotemerkit, tuotantolaitokset ja myyntiyksik\u00f6t yhdeksi Euroopan johtavista rakennuskemian tuotteiden ja tuotej\u00e4rjestelmien valmistajista.<\/p>\n<\/div>\n<\/div>\n","protected":false},"excerpt":{"rendered":"Penosil-tuotevalikoima koostuu rakennusvaahdoista, liimoista, tiivistysaineista, puhdistusaineista, ty\u00f6kaluista, rakennuskemikaaleista ja rakennusmateriaaleista sek\u00e4 ammattilaisille ett\u00e4 kotik\u00e4ytt\u00e4jille. T\u00e4n\u00e4\u00e4n PENOSIL yhdist\u00e4\u00e4 25 vuoden kokemuksen v\u00e4hitt\u00e4iskaupasta ja palvelee rakennusalan ammattilaisia 45 vuoden kokemuksella teollisuuden tiivistysratkaisuista. Penosil on Wolf Group:n tuotemerkki, joka yhdist\u00e4\u00e4 kaikki Krimelte O\u00dc:n tuotemerkit, tuotantolaitokset ja myyntiyksik\u00f6t yhdeksi Euroopan johtavista rakennuskemian tuotteiden ja tuotej\u00e4rjestelmien valmistajista.","protected":false},"author":1,"featured_media":0,"parent":0,"menu_order":0,"comment_status":"closed","ping_status":"closed","template":"page-templates\/template-aboutus.php","meta":{"_acf_changed":false,"advgb_blocks_editor_width":"","advgb_blocks_columns_visual_guide":"","footnotes":""},"class_list":["post-3831","page","type-page","status-publish","hentry"],"acf":[],"yoast_head":"<!-- This site is optimized with the Yoast SEO plugin v27.2 - https:\/\/yoast.com\/product\/yoast-seo-wordpress\/ -->\n<title>Tietoa yrityksest\u00e4 - Penosil Finland<\/title>\n<meta name=\"robots\" content=\"index, follow, max-snippet:-1, max-image-preview:large, max-video-preview:-1\" \/>\n<link rel=\"canonical\" href=\"https:\/\/penosil.com\/fi\/tietoa-yrityksesta\/\" \/>\n<meta property=\"og:locale\" content=\"fi_FI\" \/>\n<meta property=\"og:type\" content=\"article\" \/>\n<meta property=\"og:title\" content=\"Tietoa yrityksest\u00e4 - Penosil Finland\" \/>\n<meta property=\"og:description\" content=\"Penosil-tuotevalikoima koostuu rakennusvaahdoista, liimoista, tiivistysaineista, puhdistusaineista, ty\u00f6kaluista, rakennuskemikaaleista ja rakennusmateriaaleista sek\u00e4 ammattilaisille ett\u00e4 kotik\u00e4ytt\u00e4jille. T\u00e4n\u00e4\u00e4n PENOSIL yhdist\u00e4\u00e4 25 vuoden kokemuksen v\u00e4hitt\u00e4iskaupasta ja palvelee rakennusalan ammattilaisia 45 vuoden kokemuksella teollisuuden tiivistysratkaisuista. Penosil on Wolf Group:n tuotemerkki, joka yhdist\u00e4\u00e4 kaikki Krimelte O\u00dc:n tuotemerkit, tuotantolaitokset ja myyntiyksik\u00f6t yhdeksi Euroopan johtavista rakennuskemian tuotteiden ja tuotej\u00e4rjestelmien valmistajista.\" \/>\n<meta property=\"og:url\" content=\"https:\/\/penosil.com\/fi\/tietoa-yrityksesta\/\" \/>\n<meta property=\"og:site_name\" content=\"Penosil Finland\" \/>\n<meta property=\"article:modified_time\" content=\"2026-02-02T11:17:13+00:00\" \/>\n<meta name=\"twitter:card\" content=\"summary_large_image\" \/>\n<meta name=\"twitter:label1\" content=\"Arvioitu lukuaika\" \/>\n\t<meta name=\"twitter:data1\" content=\"2 minuuttia\" \/>\n<script type=\"application\/ld+json\" class=\"yoast-schema-graph\">{\"@context\":\"https:\/\/schema.org\",\"@graph\":[{\"@type\":\"WebPage\",\"@id\":\"https:\/\/penosil.com\/fi\/tietoa-yrityksesta\/\",\"url\":\"https:\/\/penosil.com\/fi\/tietoa-yrityksesta\/\",\"name\":\"Tietoa yrityksest\u00e4 - Penosil Finland\",\"isPartOf\":{\"@id\":\"https:\/\/penosil.com\/fi\/#website\"},\"datePublished\":\"2019-07-24T13:17:19+00:00\",\"dateModified\":\"2026-02-02T11:17:13+00:00\",\"breadcrumb\":{\"@id\":\"https:\/\/penosil.com\/fi\/tietoa-yrityksesta\/#breadcrumb\"},\"inLanguage\":\"fi\",\"potentialAction\":[{\"@type\":\"ReadAction\",\"target\":[\"https:\/\/penosil.com\/fi\/tietoa-yrityksesta\/\"]}]},{\"@type\":\"BreadcrumbList\",\"@id\":\"https:\/\/penosil.com\/fi\/tietoa-yrityksesta\/#breadcrumb\",\"itemListElement\":[{\"@type\":\"ListItem\",\"position\":1,\"name\":\"Home\",\"item\":\"https:\/\/penosil.com\/fi\/\"},{\"@type\":\"ListItem\",\"position\":2,\"name\":\"Tietoa yrityksest\u00e4\"}]},{\"@type\":\"WebSite\",\"@id\":\"https:\/\/penosil.com\/fi\/#website\",\"url\":\"https:\/\/penosil.com\/fi\/\",\"name\":\"Penosil Finland\",\"description\":\"\",\"potentialAction\":[{\"@type\":\"SearchAction\",\"target\":{\"@type\":\"EntryPoint\",\"urlTemplate\":\"https:\/\/penosil.com\/fi\/?s={search_term_string}\"},\"query-input\":{\"@type\":\"PropertyValueSpecification\",\"valueRequired\":true,\"valueName\":\"search_term_string\"}}],\"inLanguage\":\"fi\"}]}<\/script>\n<!-- \/ Yoast SEO plugin. -->","yoast_head_json":{"title":"Tietoa yrityksest\u00e4 - Penosil Finland","robots":{"index":"index","follow":"follow","max-snippet":"max-snippet:-1","max-image-preview":"max-image-preview:large","max-video-preview":"max-video-preview:-1"},"canonical":"https:\/\/penosil.com\/fi\/tietoa-yrityksesta\/","og_locale":"fi_FI","og_type":"article","og_title":"Tietoa yrityksest\u00e4 - Penosil Finland","og_description":"Penosil-tuotevalikoima koostuu rakennusvaahdoista, liimoista, tiivistysaineista, puhdistusaineista, ty\u00f6kaluista, rakennuskemikaaleista ja rakennusmateriaaleista sek\u00e4 ammattilaisille ett\u00e4 kotik\u00e4ytt\u00e4jille. T\u00e4n\u00e4\u00e4n PENOSIL yhdist\u00e4\u00e4 25 vuoden kokemuksen v\u00e4hitt\u00e4iskaupasta ja palvelee rakennusalan ammattilaisia 45 vuoden kokemuksella teollisuuden tiivistysratkaisuista. Penosil on Wolf Group:n tuotemerkki, joka yhdist\u00e4\u00e4 kaikki Krimelte O\u00dc:n tuotemerkit, tuotantolaitokset ja myyntiyksik\u00f6t yhdeksi Euroopan johtavista rakennuskemian tuotteiden ja tuotej\u00e4rjestelmien valmistajista.","og_url":"https:\/\/penosil.com\/fi\/tietoa-yrityksesta\/","og_site_name":"Penosil Finland","article_modified_time":"2026-02-02T11:17:13+00:00","twitter_card":"summary_large_image","twitter_misc":{"Arvioitu lukuaika":"2 minuuttia"},"schema":{"@context":"https:\/\/schema.org","@graph":[{"@type":"WebPage","@id":"https:\/\/penosil.com\/fi\/tietoa-yrityksesta\/","url":"https:\/\/penosil.com\/fi\/tietoa-yrityksesta\/","name":"Tietoa yrityksest\u00e4 - Penosil Finland","isPartOf":{"@id":"https:\/\/penosil.com\/fi\/#website"},"datePublished":"2019-07-24T13:17:19+00:00","dateModified":"2026-02-02T11:17:13+00:00","breadcrumb":{"@id":"https:\/\/penosil.com\/fi\/tietoa-yrityksesta\/#breadcrumb"},"inLanguage":"fi","potentialAction":[{"@type":"ReadAction","target":["https:\/\/penosil.com\/fi\/tietoa-yrityksesta\/"]}]},{"@type":"BreadcrumbList","@id":"https:\/\/penosil.com\/fi\/tietoa-yrityksesta\/#breadcrumb","itemListElement":[{"@type":"ListItem","position":1,"name":"Home","item":"https:\/\/penosil.com\/fi\/"},{"@type":"ListItem","position":2,"name":"Tietoa yrityksest\u00e4"}]},{"@type":"WebSite","@id":"https:\/\/penosil.com\/fi\/#website","url":"https:\/\/penosil.com\/fi\/","name":"Penosil Finland","description":"","potentialAction":[{"@type":"SearchAction","target":{"@type":"EntryPoint","urlTemplate":"https:\/\/penosil.com\/fi\/?s={search_term_string}"},"query-input":{"@type":"PropertyValueSpecification","valueRequired":true,"valueName":"search_term_string"}}],"inLanguage":"fi"}]}},"coauthors":[],"author_meta":{"author_link":"https:\/\/penosil.com\/fi\/author\/reaktiiv-pe\/","display_name":"reaktiiv-pe"},"relative_dates":{"created":"Posted 7 vuotta ago","modified":"Updated 2 kuukautta ago"},"absolute_dates":{"created":"Posted on 24.7.2019","modified":"Updated on 2.2.2026"},"absolute_dates_time":{"created":"Posted on 24.7.2019 13:17","modified":"Updated on 2.2.2026 11:17"},"featured_img_caption":"","featured_img":false,"series_order":"","_links":{"self":[{"href":"https:\/\/penosil.com\/fi\/wp-json\/wp\/v2\/pages\/3831","targetHints":{"allow":["GET"]}}],"collection":[{"href":"https:\/\/penosil.com\/fi\/wp-json\/wp\/v2\/pages"}],"about":[{"href":"https:\/\/penosil.com\/fi\/wp-json\/wp\/v2\/types\/page"}],"author":[{"embeddable":true,"href":"https:\/\/penosil.com\/fi\/wp-json\/wp\/v2\/users\/1"}],"replies":[{"embeddable":true,"href":"https:\/\/penosil.com\/fi\/wp-json\/wp\/v2\/comments?post=3831"}],"version-history":[{"count":21,"href":"https:\/\/penosil.com\/fi\/wp-json\/wp\/v2\/pages\/3831\/revisions"}],"predecessor-version":[{"id":10329,"href":"https:\/\/penosil.com\/fi\/wp-json\/wp\/v2\/pages\/3831\/revisions\/10329"}],"wp:attachment":[{"href":"https:\/\/penosil.com\/fi\/wp-json\/wp\/v2\/media?parent=3831"}],"curies":[{"name":"wp","href":"https:\/\/api.w.org\/{rel}","templated":true}]}}