{"id":6342,"date":"2019-10-25T12:32:22","date_gmt":"2019-10-25T12:32:22","guid":{"rendered":"https:\/\/penosil.com\/fi\/product-know-how\/"},"modified":"2025-01-21T11:43:26","modified_gmt":"2025-01-21T11:43:26","slug":"tuoteoppaat","status":"publish","type":"page","link":"https:\/\/penosil.com\/fi\/tietokeskus\/tuoteoppaat\/","title":{"rendered":"Tuoteoppaat"},"content":{"rendered":"\n<p>Penosil kirjastosta l\u00f6yd\u00e4t tuotteiden k\u00e4ytt\u00f6\u00e4 koskevat tuoteoppaat ja suunnittelijan apuv\u00e4lineet haasteellistenkin rakenneosien suunnitteluun.<\/p>\n","protected":false},"excerpt":{"rendered":"Penosil kirjastosta l\u00f6yd\u00e4t tuotteiden k\u00e4ytt\u00f6\u00e4 koskevat tuoteoppaat ja suunnittelijan apuv\u00e4lineet haasteellistenkin rakenneosien suunnitteluun.","protected":false},"author":1,"featured_media":0,"parent":6536,"menu_order":0,"comment_status":"closed","ping_status":"closed","template":"page-templates\/template-product-know-how.php","meta":{"_acf_changed":false,"advgb_blocks_editor_width":"","advgb_blocks_columns_visual_guide":"","footnotes":""},"class_list":["post-6342","page","type-page","status-publish","hentry"],"acf":[],"yoast_head":"<!-- This site is optimized with the Yoast SEO plugin v27.4 - https:\/\/yoast.com\/product\/yoast-seo-wordpress\/ -->\n<title>Tuoteoppaat - Penosil Finland<\/title>\n<meta name=\"robots\" content=\"index, follow, max-snippet:-1, max-image-preview:large, max-video-preview:-1\" \/>\n<link rel=\"canonical\" href=\"https:\/\/penosil.com\/fi\/tietokeskus\/tuoteoppaat\/\" \/>\n<meta property=\"og:locale\" content=\"fi_FI\" \/>\n<meta property=\"og:type\" content=\"article\" \/>\n<meta property=\"og:title\" content=\"Tuoteoppaat - Penosil Finland\" \/>\n<meta property=\"og:description\" content=\"Penosil kirjastosta l\u00f6yd\u00e4t tuotteiden k\u00e4ytt\u00f6\u00e4 koskevat tuoteoppaat ja suunnittelijan apuv\u00e4lineet haasteellistenkin rakenneosien suunnitteluun.\" \/>\n<meta property=\"og:url\" content=\"https:\/\/penosil.com\/fi\/tietokeskus\/tuoteoppaat\/\" \/>\n<meta property=\"og:site_name\" content=\"Penosil Finland\" \/>\n<meta property=\"article:modified_time\" content=\"2025-01-21T11:43:26+00:00\" \/>\n<meta name=\"twitter:card\" content=\"summary_large_image\" \/>\n<meta name=\"twitter:label1\" content=\"Arvioitu lukuaika\" \/>\n\t<meta name=\"twitter:data1\" content=\"1 minuutti\" \/>\n<script type=\"application\/ld+json\" class=\"yoast-schema-graph\">{\"@context\":\"https:\\\/\\\/schema.org\",\"@graph\":[{\"@type\":\"WebPage\",\"@id\":\"https:\\\/\\\/penosil.com\\\/fi\\\/tietokeskus\\\/tuoteoppaat\\\/\",\"url\":\"https:\\\/\\\/penosil.com\\\/fi\\\/tietokeskus\\\/tuoteoppaat\\\/\",\"name\":\"Tuoteoppaat - Penosil Finland\",\"isPartOf\":{\"@id\":\"https:\\\/\\\/penosil.com\\\/fi\\\/#website\"},\"datePublished\":\"2019-10-25T12:32:22+00:00\",\"dateModified\":\"2025-01-21T11:43:26+00:00\",\"breadcrumb\":{\"@id\":\"https:\\\/\\\/penosil.com\\\/fi\\\/tietokeskus\\\/tuoteoppaat\\\/#breadcrumb\"},\"inLanguage\":\"fi\",\"potentialAction\":[{\"@type\":\"ReadAction\",\"target\":[\"https:\\\/\\\/penosil.com\\\/fi\\\/tietokeskus\\\/tuoteoppaat\\\/\"]}]},{\"@type\":\"BreadcrumbList\",\"@id\":\"https:\\\/\\\/penosil.com\\\/fi\\\/tietokeskus\\\/tuoteoppaat\\\/#breadcrumb\",\"itemListElement\":[{\"@type\":\"ListItem\",\"position\":1,\"name\":\"Home\",\"item\":\"https:\\\/\\\/penosil.com\\\/fi\\\/\"},{\"@type\":\"ListItem\",\"position\":2,\"name\":\"Tietokeskus\",\"item\":\"https:\\\/\\\/penosil.com\\\/fi\\\/tietokeskus\\\/\"},{\"@type\":\"ListItem\",\"position\":3,\"name\":\"Tuoteoppaat\"}]},{\"@type\":\"WebSite\",\"@id\":\"https:\\\/\\\/penosil.com\\\/fi\\\/#website\",\"url\":\"https:\\\/\\\/penosil.com\\\/fi\\\/\",\"name\":\"Penosil Finland\",\"description\":\"\",\"potentialAction\":[{\"@type\":\"SearchAction\",\"target\":{\"@type\":\"EntryPoint\",\"urlTemplate\":\"https:\\\/\\\/penosil.com\\\/fi\\\/?s={search_term_string}\"},\"query-input\":{\"@type\":\"PropertyValueSpecification\",\"valueRequired\":true,\"valueName\":\"search_term_string\"}}],\"inLanguage\":\"fi\"}]}<\/script>\n<!-- \/ Yoast SEO plugin. -->","yoast_head_json":{"title":"Tuoteoppaat - Penosil Finland","robots":{"index":"index","follow":"follow","max-snippet":"max-snippet:-1","max-image-preview":"max-image-preview:large","max-video-preview":"max-video-preview:-1"},"canonical":"https:\/\/penosil.com\/fi\/tietokeskus\/tuoteoppaat\/","og_locale":"fi_FI","og_type":"article","og_title":"Tuoteoppaat - Penosil Finland","og_description":"Penosil kirjastosta l\u00f6yd\u00e4t tuotteiden k\u00e4ytt\u00f6\u00e4 koskevat tuoteoppaat ja suunnittelijan apuv\u00e4lineet haasteellistenkin rakenneosien suunnitteluun.","og_url":"https:\/\/penosil.com\/fi\/tietokeskus\/tuoteoppaat\/","og_site_name":"Penosil Finland","article_modified_time":"2025-01-21T11:43:26+00:00","twitter_card":"summary_large_image","twitter_misc":{"Arvioitu lukuaika":"1 minuutti"},"schema":{"@context":"https:\/\/schema.org","@graph":[{"@type":"WebPage","@id":"https:\/\/penosil.com\/fi\/tietokeskus\/tuoteoppaat\/","url":"https:\/\/penosil.com\/fi\/tietokeskus\/tuoteoppaat\/","name":"Tuoteoppaat - Penosil Finland","isPartOf":{"@id":"https:\/\/penosil.com\/fi\/#website"},"datePublished":"2019-10-25T12:32:22+00:00","dateModified":"2025-01-21T11:43:26+00:00","breadcrumb":{"@id":"https:\/\/penosil.com\/fi\/tietokeskus\/tuoteoppaat\/#breadcrumb"},"inLanguage":"fi","potentialAction":[{"@type":"ReadAction","target":["https:\/\/penosil.com\/fi\/tietokeskus\/tuoteoppaat\/"]}]},{"@type":"BreadcrumbList","@id":"https:\/\/penosil.com\/fi\/tietokeskus\/tuoteoppaat\/#breadcrumb","itemListElement":[{"@type":"ListItem","position":1,"name":"Home","item":"https:\/\/penosil.com\/fi\/"},{"@type":"ListItem","position":2,"name":"Tietokeskus","item":"https:\/\/penosil.com\/fi\/tietokeskus\/"},{"@type":"ListItem","position":3,"name":"Tuoteoppaat"}]},{"@type":"WebSite","@id":"https:\/\/penosil.com\/fi\/#website","url":"https:\/\/penosil.com\/fi\/","name":"Penosil Finland","description":"","potentialAction":[{"@type":"SearchAction","target":{"@type":"EntryPoint","urlTemplate":"https:\/\/penosil.com\/fi\/?s={search_term_string}"},"query-input":{"@type":"PropertyValueSpecification","valueRequired":true,"valueName":"search_term_string"}}],"inLanguage":"fi"}]}},"coauthors":[],"author_meta":{"author_link":"https:\/\/penosil.com\/fi\/author\/reaktiiv-pe\/","display_name":"reaktiiv-pe"},"relative_dates":{"created":"Posted 6 vuotta ago","modified":"Updated 1 vuosi ago"},"absolute_dates":{"created":"Posted on 25.10.2019","modified":"Updated on 21.1.2025"},"absolute_dates_time":{"created":"Posted on 25.10.2019 12:32","modified":"Updated on 21.1.2025 11:43"},"featured_img_caption":"","featured_img":false,"series_order":"","_links":{"self":[{"href":"https:\/\/penosil.com\/fi\/wp-json\/wp\/v2\/pages\/6342","targetHints":{"allow":["GET"]}}],"collection":[{"href":"https:\/\/penosil.com\/fi\/wp-json\/wp\/v2\/pages"}],"about":[{"href":"https:\/\/penosil.com\/fi\/wp-json\/wp\/v2\/types\/page"}],"author":[{"embeddable":true,"href":"https:\/\/penosil.com\/fi\/wp-json\/wp\/v2\/users\/1"}],"replies":[{"embeddable":true,"href":"https:\/\/penosil.com\/fi\/wp-json\/wp\/v2\/comments?post=6342"}],"version-history":[{"count":6,"href":"https:\/\/penosil.com\/fi\/wp-json\/wp\/v2\/pages\/6342\/revisions"}],"predecessor-version":[{"id":9949,"href":"https:\/\/penosil.com\/fi\/wp-json\/wp\/v2\/pages\/6342\/revisions\/9949"}],"up":[{"embeddable":true,"href":"https:\/\/penosil.com\/fi\/wp-json\/wp\/v2\/pages\/6536"}],"wp:attachment":[{"href":"https:\/\/penosil.com\/fi\/wp-json\/wp\/v2\/media?parent=6342"}],"curies":[{"name":"wp","href":"https:\/\/api.w.org\/{rel}","templated":true}]}}