{"id":6441,"date":"2019-08-01T13:04:38","date_gmt":"2019-08-01T13:04:38","guid":{"rendered":"https:\/\/penosil.com\/fi\/stone-adhesive-consumption-calculator\/"},"modified":"2020-08-25T13:46:27","modified_gmt":"2020-08-25T13:46:27","slug":"kiviliiman-kulutuksen-laskukone","status":"publish","type":"page","link":"https:\/\/penosil.com\/fi\/tietokeskus\/laskurit\/kiviliiman-kulutuksen-laskukone\/","title":{"rendered":"Kiviliiman kulutuksen laskukone"},"content":{"rendered":"<div id=\"pnsl-calculator-block_5d42ef2d5760b\" class=\"pnsl-calculator-block stone-adhesive-calculator\" role=\"form\" aria-label=\"Kiviliiman kulutuksen laskukone\">\n   <h2 class=\"mb24\">Kiviliiman kulutuksen laskukone<\/h2>\n   <fieldset class=\"calculator-part\">\n      <legend class=\"calculator-part-title\">\n         <h3>Harkon mitat<\/h3>\n      <\/legend>\n\n      <div class=\"calculator-part-inputs d-flex align-items-center flex-wrap\">\n\n         <div class=\"calculator-input\">\n            <label for=\"stone-consumption-brick-thickness\" class=\"input-label\">Paksuus<\/label>\n            <div class=\"input-field\">\n               <input type=\"number\" id=\"stone-consumption-brick-thickness\" name=\"stone-consumption-brick-thickness\" aria-required=\"true\">\n               <span class=\"unit\" aria-label=\"millimeters\">mm<\/span>\n            <\/div>\n         <\/div>\n\n         <div class=\"calculator-separator\" aria-hidden=\"true\">x<\/div>\n\n         <div class=\"calculator-input\">\n            <label for=\"stone-consumption-brick-length\" class=\"input-label\">Pituus<\/label>\n            <div class=\"input-field\">\n               <input type=\"number\" id=\"stone-consumption-brick-length\" name=\"stone-consumption-brick-length\" aria-required=\"true\">\n               <span class=\"unit\" aria-label=\"millimeters\">mm<\/span>\n            <\/div>\n         <\/div>\n\n         <div class=\"calculator-separator\" aria-hidden=\"true\">x<\/div>\n\n         <div class=\"calculator-input\">\n            <label for=\"stone-consumption-brick-height\" class=\"input-label\">Korkeus<\/label>\n            <div class=\"input-field\">\n               <input type=\"number\" id=\"stone-consumption-brick-height\" name=\"stone-consumption-brick-height\" aria-required=\"true\">\n               <span class=\"unit\" aria-label=\"millimeters\">mm<\/span>\n            <\/div>\n         <\/div>\n      <\/div>\n   <\/fieldset>\n\n   <fieldset class=\"calculator-part\">\n      <legend class=\"calculator-part-title\">\n         <h3>Sein\u00e4n mitat<\/h3>\n      <\/legend>\n\n      <div class=\"calculator-part-inputs d-flex align-items-center flex-wrap\">\n\n         <div class=\"calculator-input\">\n            <label for=\"stone-consumption-wall-height\" class=\"input-label\">Korkeus<\/label>\n            <div class=\"input-field\">\n               <input type=\"number\" id=\"stone-consumption-wall-height\" name=\"stone-consumption-wall-height\" onchange=\"this.value = this.value.replace(\/,\/g, '.')\" aria-required=\"true\">\n               <span class=\"unit\" aria-label=\"meters\">m<\/span>\n            <\/div>\n         <\/div>\n\n         <div class=\"calculator-separator\" aria-hidden=\"true\">x<\/div>\n\n         <div class=\"calculator-input\">\n            <label for=\"stone-consumption-wall-width\" class=\"input-label\">Leveys<\/label>\n            <div class=\"input-field\">\n               <input type=\"number\" id=\"stone-consumption-wall-width\" name=\"stone-consumption-wall-width\" onchange=\"this.value = this.value.replace(\/,\/g, '.')\" aria-required=\"true\">\n               <span class=\"unit\" aria-label=\"meters\">m<\/span>\n            <\/div>\n         <\/div>\n\n      <\/div>\n   <\/fieldset>\n\n   <div class=\"calculator-output\" role=\"region\" aria-live=\"polite\" aria-label=\"Calculation results\">\n      <h3 class=\"sr-only\">Results<\/h3>\n      <div class=\"output-block output-side d-flex flex-wrap\">\n         <div class=\"output-title w100\">\n            <span>Harkkojen m\u00e4\u00e4r\u00e4<\/span>\n         <\/div>\n         <div class=\"output-result w100\" id=\"stone-consumption-nr-blocks\" aria-label=\"Number of blocks needed\">\n            0\n         <\/div>\n      <\/div>\n\n      <div class=\"output-block output-side d-flex flex-wrap\">\n         <div class=\"output-title w100\">\n            <span>Purkkeja<\/span>\n         <\/div>\n         <div class=\"output-result w100\" id=\"stone-consumption-nr-cans\" aria-label=\"Number of cans needed\">\n            0\n         <\/div>\n      <\/div>\n   <\/div>\n<\/div>","protected":false},"excerpt":{"rendered":"","protected":false},"author":1,"featured_media":0,"parent":6462,"menu_order":0,"comment_status":"closed","ping_status":"closed","template":"page-templates\/template-calculators.php","meta":{"_acf_changed":false,"advgb_blocks_editor_width":"","advgb_blocks_columns_visual_guide":"","footnotes":""},"class_list":["post-6441","page","type-page","status-publish","hentry"],"acf":[],"yoast_head":"<!-- This site is optimized with the Yoast SEO plugin v27.2 - https:\/\/yoast.com\/product\/yoast-seo-wordpress\/ -->\n<title>Kiviliiman kulutuksen laskukone - Penosil Finland<\/title>\n<meta name=\"robots\" content=\"index, follow, max-snippet:-1, max-image-preview:large, max-video-preview:-1\" \/>\n<link rel=\"canonical\" href=\"https:\/\/penosil.com\/fi\/tietokeskus\/laskurit\/kiviliiman-kulutuksen-laskukone\/\" \/>\n<meta property=\"og:locale\" content=\"fi_FI\" \/>\n<meta property=\"og:type\" content=\"article\" \/>\n<meta property=\"og:title\" content=\"Kiviliiman kulutuksen laskukone - Penosil Finland\" \/>\n<meta property=\"og:url\" content=\"https:\/\/penosil.com\/fi\/tietokeskus\/laskurit\/kiviliiman-kulutuksen-laskukone\/\" \/>\n<meta property=\"og:site_name\" content=\"Penosil Finland\" \/>\n<meta property=\"article:modified_time\" content=\"2020-08-25T13:46:27+00:00\" \/>\n<meta name=\"twitter:card\" content=\"summary_large_image\" \/>\n<script type=\"application\/ld+json\" class=\"yoast-schema-graph\">{\"@context\":\"https:\/\/schema.org\",\"@graph\":[{\"@type\":\"WebPage\",\"@id\":\"https:\/\/penosil.com\/fi\/tietokeskus\/laskurit\/kiviliiman-kulutuksen-laskukone\/\",\"url\":\"https:\/\/penosil.com\/fi\/tietokeskus\/laskurit\/kiviliiman-kulutuksen-laskukone\/\",\"name\":\"Kiviliiman kulutuksen laskukone - Penosil Finland\",\"isPartOf\":{\"@id\":\"https:\/\/penosil.com\/fi\/#website\"},\"datePublished\":\"2019-08-01T13:04:38+00:00\",\"dateModified\":\"2020-08-25T13:46:27+00:00\",\"breadcrumb\":{\"@id\":\"https:\/\/penosil.com\/fi\/tietokeskus\/laskurit\/kiviliiman-kulutuksen-laskukone\/#breadcrumb\"},\"inLanguage\":\"fi\",\"potentialAction\":[{\"@type\":\"ReadAction\",\"target\":[\"https:\/\/penosil.com\/fi\/tietokeskus\/laskurit\/kiviliiman-kulutuksen-laskukone\/\"]}]},{\"@type\":\"BreadcrumbList\",\"@id\":\"https:\/\/penosil.com\/fi\/tietokeskus\/laskurit\/kiviliiman-kulutuksen-laskukone\/#breadcrumb\",\"itemListElement\":[{\"@type\":\"ListItem\",\"position\":1,\"name\":\"Home\",\"item\":\"https:\/\/penosil.com\/fi\/\"},{\"@type\":\"ListItem\",\"position\":2,\"name\":\"Tietokeskus\",\"item\":\"https:\/\/penosil.com\/fi\/tietokeskus\/\"},{\"@type\":\"ListItem\",\"position\":3,\"name\":\"Laskurit\",\"item\":\"https:\/\/penosil.com\/fi\/tietokeskus\/laskurit\/\"},{\"@type\":\"ListItem\",\"position\":4,\"name\":\"Kiviliiman kulutuksen laskukone\"}]},{\"@type\":\"WebSite\",\"@id\":\"https:\/\/penosil.com\/fi\/#website\",\"url\":\"https:\/\/penosil.com\/fi\/\",\"name\":\"Penosil Finland\",\"description\":\"\",\"potentialAction\":[{\"@type\":\"SearchAction\",\"target\":{\"@type\":\"EntryPoint\",\"urlTemplate\":\"https:\/\/penosil.com\/fi\/?s={search_term_string}\"},\"query-input\":{\"@type\":\"PropertyValueSpecification\",\"valueRequired\":true,\"valueName\":\"search_term_string\"}}],\"inLanguage\":\"fi\"}]}<\/script>\n<!-- \/ Yoast SEO plugin. -->","yoast_head_json":{"title":"Kiviliiman kulutuksen laskukone - Penosil Finland","robots":{"index":"index","follow":"follow","max-snippet":"max-snippet:-1","max-image-preview":"max-image-preview:large","max-video-preview":"max-video-preview:-1"},"canonical":"https:\/\/penosil.com\/fi\/tietokeskus\/laskurit\/kiviliiman-kulutuksen-laskukone\/","og_locale":"fi_FI","og_type":"article","og_title":"Kiviliiman kulutuksen laskukone - Penosil Finland","og_url":"https:\/\/penosil.com\/fi\/tietokeskus\/laskurit\/kiviliiman-kulutuksen-laskukone\/","og_site_name":"Penosil Finland","article_modified_time":"2020-08-25T13:46:27+00:00","twitter_card":"summary_large_image","schema":{"@context":"https:\/\/schema.org","@graph":[{"@type":"WebPage","@id":"https:\/\/penosil.com\/fi\/tietokeskus\/laskurit\/kiviliiman-kulutuksen-laskukone\/","url":"https:\/\/penosil.com\/fi\/tietokeskus\/laskurit\/kiviliiman-kulutuksen-laskukone\/","name":"Kiviliiman kulutuksen laskukone - Penosil Finland","isPartOf":{"@id":"https:\/\/penosil.com\/fi\/#website"},"datePublished":"2019-08-01T13:04:38+00:00","dateModified":"2020-08-25T13:46:27+00:00","breadcrumb":{"@id":"https:\/\/penosil.com\/fi\/tietokeskus\/laskurit\/kiviliiman-kulutuksen-laskukone\/#breadcrumb"},"inLanguage":"fi","potentialAction":[{"@type":"ReadAction","target":["https:\/\/penosil.com\/fi\/tietokeskus\/laskurit\/kiviliiman-kulutuksen-laskukone\/"]}]},{"@type":"BreadcrumbList","@id":"https:\/\/penosil.com\/fi\/tietokeskus\/laskurit\/kiviliiman-kulutuksen-laskukone\/#breadcrumb","itemListElement":[{"@type":"ListItem","position":1,"name":"Home","item":"https:\/\/penosil.com\/fi\/"},{"@type":"ListItem","position":2,"name":"Tietokeskus","item":"https:\/\/penosil.com\/fi\/tietokeskus\/"},{"@type":"ListItem","position":3,"name":"Laskurit","item":"https:\/\/penosil.com\/fi\/tietokeskus\/laskurit\/"},{"@type":"ListItem","position":4,"name":"Kiviliiman kulutuksen laskukone"}]},{"@type":"WebSite","@id":"https:\/\/penosil.com\/fi\/#website","url":"https:\/\/penosil.com\/fi\/","name":"Penosil Finland","description":"","potentialAction":[{"@type":"SearchAction","target":{"@type":"EntryPoint","urlTemplate":"https:\/\/penosil.com\/fi\/?s={search_term_string}"},"query-input":{"@type":"PropertyValueSpecification","valueRequired":true,"valueName":"search_term_string"}}],"inLanguage":"fi"}]}},"coauthors":[],"author_meta":{"author_link":"https:\/\/penosil.com\/fi\/author\/reaktiiv-pe\/","display_name":"reaktiiv-pe"},"relative_dates":{"created":"Posted 7 vuotta ago","modified":"Updated 6 vuotta ago"},"absolute_dates":{"created":"Posted on 1.8.2019","modified":"Updated on 25.8.2020"},"absolute_dates_time":{"created":"Posted on 1.8.2019 13:04","modified":"Updated on 25.8.2020 13:46"},"featured_img_caption":"","featured_img":false,"series_order":"","_links":{"self":[{"href":"https:\/\/penosil.com\/fi\/wp-json\/wp\/v2\/pages\/6441","targetHints":{"allow":["GET"]}}],"collection":[{"href":"https:\/\/penosil.com\/fi\/wp-json\/wp\/v2\/pages"}],"about":[{"href":"https:\/\/penosil.com\/fi\/wp-json\/wp\/v2\/types\/page"}],"author":[{"embeddable":true,"href":"https:\/\/penosil.com\/fi\/wp-json\/wp\/v2\/users\/1"}],"replies":[{"embeddable":true,"href":"https:\/\/penosil.com\/fi\/wp-json\/wp\/v2\/comments?post=6441"}],"version-history":[{"count":3,"href":"https:\/\/penosil.com\/fi\/wp-json\/wp\/v2\/pages\/6441\/revisions"}],"predecessor-version":[{"id":8581,"href":"https:\/\/penosil.com\/fi\/wp-json\/wp\/v2\/pages\/6441\/revisions\/8581"}],"up":[{"embeddable":true,"href":"https:\/\/penosil.com\/fi\/wp-json\/wp\/v2\/pages\/6462"}],"wp:attachment":[{"href":"https:\/\/penosil.com\/fi\/wp-json\/wp\/v2\/media?parent=6441"}],"curies":[{"name":"wp","href":"https:\/\/api.w.org\/{rel}","templated":true}]}}