{"id":6536,"date":"2019-07-24T13:17:09","date_gmt":"2019-07-24T13:17:09","guid":{"rendered":"https:\/\/penosil.com\/fi\/knowledge-center\/"},"modified":"2021-08-11T09:42:16","modified_gmt":"2021-08-11T09:42:16","slug":"tietokeskus","status":"publish","type":"page","link":"https:\/\/penosil.com\/fi\/tietokeskus\/","title":{"rendered":"Tietokeskus"},"content":{"rendered":"\n<div class=\"wp-block-columns has-3-columns is-layout-flex wp-container-core-columns-is-layout-9d6595d7 wp-block-columns-is-layout-flex\">\n<div class=\"wp-block-column is-layout-flow wp-block-column-is-layout-flow\"><article id=\"pnsl-contact-block_5d42bf27d19f9\" class=\"pnsl-information-block\" role=\"article\" aria-labelledby=\"pnsl-contact-block_5d42bf27d19f9-title\">\n         <div class=\"pnsl-list-item d-flex align-items-center justify-content-between flex-column\">\n         <div class=\"lst-item-cnt\">\n            <!-- Single comprehensive link wrapping all content for better accessibility -->\n            <a href=\"https:\/\/penosil.com\/fi\/videot\/\"\n               class=\"information-block-link\"\n                              aria-label=\"View Videot\"\n               >\n\n                                                   <div class=\"lst-item-image d-flex align-items-end justify-content-center\">\n                     <img decoding=\"async\" src=\"https:\/\/penosil.com\/fi\/wp-content\/uploads\/sites\/5\/2019\/08\/videos-1.svg\"\n                        alt=\"Image for Videot\"\n                        role=\"presentation\" \/>\n                  <\/div>\n               \n               <div class=\"information-block-header\">\n                  <h2 id=\"pnsl-contact-block_5d42bf27d19f9-title\">Videot<\/h2>\n               <\/div>\n                                 <div class=\"information-block-content\"><p>Tutustu tuotteiden k\u00e4ytt\u00f6\u00e4 koskeviin videoihin eri k\u00e4ytt\u00f6kohteissa.<\/p>\n<\/div>\n                              \n               <!-- Button styled element inside the parent link - maintains accessibility and styling -->\n               <div class=\"lst-item-btn\">\n                  <span class=\"btn rbtn\">\n                     Katso videoita                  <\/span>\n               <\/div>\n               \n                           <\/a>\n         <\/div>\n      <\/div>\n   <\/article><\/div>\n\n\n\n<div class=\"wp-block-column is-layout-flow wp-block-column-is-layout-flow\"><article id=\"pnsl-contact-block_5d42c1e2c4f72\" class=\"pnsl-information-block\" role=\"article\" aria-labelledby=\"pnsl-contact-block_5d42c1e2c4f72-title\">\n         <div class=\"pnsl-list-item d-flex align-items-center justify-content-between flex-column\">\n         <div class=\"lst-item-cnt\">\n            <!-- Single comprehensive link wrapping all content for better accessibility -->\n            <a href=\"https:\/\/penosil.com\/fi\/tietokeskus\/dokumentit\/\"\n               class=\"information-block-link\"\n                              aria-label=\"View Dokumentit\"\n               >\n\n                                                   <div class=\"lst-item-image d-flex align-items-end justify-content-center\">\n                     <img decoding=\"async\" src=\"https:\/\/penosil.com\/fi\/wp-content\/uploads\/sites\/5\/2019\/08\/manuals-1.svg\"\n                        alt=\"Image for Dokumentit\"\n                        role=\"presentation\" \/>\n                  <\/div>\n               \n               <div class=\"information-block-header\">\n                  <h2 id=\"pnsl-contact-block_5d42c1e2c4f72-title\">Dokumentit<\/h2>\n               <\/div>\n                                 <div class=\"information-block-content\"><p>Ladattavat Penosil tuotteiden tuote-esitteet, k\u00e4ytt\u00f6turvallisuustiedotteet, suoritustasoilmoitukset ja sertifikaatit.<\/p>\n<\/div>\n                              \n               <!-- Button styled element inside the parent link - maintains accessibility and styling -->\n               <div class=\"lst-item-btn\">\n                  <span class=\"btn rbtn\">\n                     Katso dokumentit                  <\/span>\n               <\/div>\n               \n                           <\/a>\n         <\/div>\n      <\/div>\n   <\/article>\n\n\n<p><\/p>\n<\/div>\n\n\n\n<div class=\"wp-block-column is-layout-flow wp-block-column-is-layout-flow\"><article id=\"pnsl-contact-block_5da9b3cea1ffa\" class=\"pnsl-information-block\" role=\"article\" aria-labelledby=\"pnsl-contact-block_5da9b3cea1ffa-title\">\n         <div class=\"pnsl-list-item d-flex align-items-center justify-content-between flex-column\">\n         <div class=\"lst-item-cnt\">\n            <!-- Single comprehensive link wrapping all content for better accessibility -->\n            <a href=\"https:\/\/penosil.com\/fi\/tietokeskus\/tuoteoppaat\/\"\n               class=\"information-block-link\"\n                              aria-label=\"View Tuoteoppaat\"\n               >\n\n                                                   <div class=\"lst-item-image d-flex align-items-end justify-content-center\">\n                     <img decoding=\"async\" src=\"https:\/\/penosil.com\/fi\/wp-content\/uploads\/sites\/5\/2019\/10\/pruoddcu_manual.svg\"\n                        alt=\"Image for Tuoteoppaat\"\n                        role=\"presentation\" \/>\n                  <\/div>\n               \n               <div class=\"information-block-header\">\n                  <h2 id=\"pnsl-contact-block_5da9b3cea1ffa-title\">Tuoteoppaat<\/h2>\n               <\/div>\n                                 <div class=\"information-block-content\"><p>Penosil kirjastosta l\u00f6yd\u00e4t tuotteiden k\u00e4ytt\u00f6\u00e4 koskevat tuoteoppaat ja suunnittelijan apuv\u00e4lineet haasteellistenkin rakenneosien suunnitteluun.<\/p>\n<\/div>\n                              \n               <!-- Button styled element inside the parent link - maintains accessibility and styling -->\n               <div class=\"lst-item-btn\">\n                  <span class=\"btn rbtn\">\n                     Katso tuoteoppaat                  <\/span>\n               <\/div>\n               \n                           <\/a>\n         <\/div>\n      <\/div>\n   <\/article><\/div>\n<\/div>\n\n\n\n<div class=\"wp-block-columns has-3-columns is-layout-flex wp-container-core-columns-is-layout-9d6595d7 wp-block-columns-is-layout-flex\">\n<div class=\"wp-block-column is-layout-flow wp-block-column-is-layout-flow\"><article id=\"pnsl-contact-block_5da9b583a2002\" class=\"pnsl-information-block\" role=\"article\" aria-labelledby=\"pnsl-contact-block_5da9b583a2002-title\">\n         <div class=\"pnsl-list-item d-flex align-items-center justify-content-between flex-column\">\n         <div class=\"lst-item-cnt\">\n            <!-- Single comprehensive link wrapping all content for better accessibility -->\n            <a href=\"https:\/\/penosil.com\/fi\/tietokeskus\/laskurit\/\"\n               class=\"information-block-link\"\n                              aria-label=\"View Laskurit\"\n               >\n\n                                                   <div class=\"lst-item-image d-flex align-items-end justify-content-center\">\n                     <img decoding=\"async\" src=\"https:\/\/penosil.com\/fi\/wp-content\/uploads\/sites\/5\/2019\/08\/calculator.svg\"\n                        alt=\"Image for Laskurit\"\n                        role=\"presentation\" \/>\n                  <\/div>\n               \n               <div class=\"information-block-header\">\n                  <h2 id=\"pnsl-contact-block_5da9b583a2002-title\">Laskurit<\/h2>\n               <\/div>\n                                 <div class=\"information-block-content\"><p>Ajattele ekologisesti ja v\u00e4lt\u00e4 materiaalihukkaa\u00a0 ja k\u00e4yt\u00e4 menekkilaskuria.<\/p>\n<\/div>\n                              \n               <!-- Button styled element inside the parent link - maintains accessibility and styling -->\n               <div class=\"lst-item-btn\">\n                  <span class=\"btn rbtn\">\n                     Laske menekki                  <\/span>\n               <\/div>\n               \n                           <\/a>\n         <\/div>\n      <\/div>\n   <\/article><\/div>\n\n\n\n<div class=\"wp-block-column is-layout-flow wp-block-column-is-layout-flow\"><article id=\"pnsl-contact-block_5da9b51ea1ffe\" class=\"pnsl-information-block\" role=\"article\" aria-labelledby=\"pnsl-contact-block_5da9b51ea1ffe-title\">\n         <div class=\"pnsl-list-item d-flex align-items-center justify-content-between flex-column\">\n         <div class=\"lst-item-cnt\">\n            <!-- Single comprehensive link wrapping all content for better accessibility -->\n            <a href=\"https:\/\/penosil.com\/fi\/tietokeskus\/koulutusartikkelit\/\"\n               class=\"information-block-link\"\n                              aria-label=\"View Koulutusartikkelit\"\n               >\n\n                                                   <div class=\"lst-item-image d-flex align-items-end justify-content-center\">\n                     <img decoding=\"async\" src=\"https:\/\/penosil.com\/fi\/wp-content\/uploads\/sites\/5\/2019\/10\/artiklid.svg\"\n                        alt=\"Image for Koulutusartikkelit\"\n                        role=\"presentation\" \/>\n                  <\/div>\n               \n               <div class=\"information-block-header\">\n                  <h2 id=\"pnsl-contact-block_5da9b51ea1ffe-title\">Koulutusartikkelit<\/h2>\n               <\/div>\n                                 <div class=\"information-block-content\"><p>Etsi uutta tietoa energiatehokkaasta ja ymp\u00e4rist\u00f6yst\u00e4v\u00e4llisest\u00e4 rakentamisesta, sek\u00e4 kemian ja rakennusmateriaaliteollisuuden kehityksest\u00e4.<\/p>\n<\/div>\n                              \n               <!-- Button styled element inside the parent link - maintains accessibility and styling -->\n               <div class=\"lst-item-btn\">\n                  <span class=\"btn rbtn\">\n                     Lue artikkeli                  <\/span>\n               <\/div>\n               \n                           <\/a>\n         <\/div>\n      <\/div>\n   <\/article><\/div>\n\n\n\n<div class=\"wp-block-column is-layout-flow wp-block-column-is-layout-flow\"><article id=\"pnsl-contact-block_60cc9c9d7481d\" class=\"pnsl-information-block\" role=\"article\" aria-labelledby=\"pnsl-contact-block_60cc9c9d7481d-title\">\n         <div class=\"pnsl-list-item d-flex align-items-center justify-content-between flex-column\">\n         <div class=\"lst-item-cnt\">\n            <!-- Single comprehensive link wrapping all content for better accessibility -->\n            <a href=\"https:\/\/penosil.com\/fi\/tietokeskus\/yleisimmat-kysymykset\/\"\n               class=\"information-block-link\"\n                              aria-label=\"View Yleisimm\u00e4t kysymykset\"\n               >\n\n                                                   <div class=\"lst-item-image d-flex align-items-end justify-content-center\">\n                     <img decoding=\"async\" src=\"https:\/\/penosil.com\/fi\/wp-content\/uploads\/sites\/5\/2021\/08\/faq.svg\"\n                        alt=\"Image for Yleisimm\u00e4t kysymykset\"\n                        role=\"presentation\" \/>\n                  <\/div>\n               \n               <div class=\"information-block-header\">\n                  <h2 id=\"pnsl-contact-block_60cc9c9d7481d-title\">Yleisimm\u00e4t kysymykset<\/h2>\n               <\/div>\n                                 <div class=\"information-block-content\"><p>Tervetuloa usein kysyttyihin kysymyksiimme, josta l\u00f6yd\u00e4t asiantuntijavinkkej\u00e4 ja vastauksia PENOSIL-tuotteisiin liittyviin kysymyksiisi.<\/p>\n<\/div>\n                              \n               <!-- Button styled element inside the parent link - maintains accessibility and styling -->\n               <div class=\"lst-item-btn\">\n                  <span class=\"btn rbtn\">\n                     Etsi vastauksia                  <\/span>\n               <\/div>\n               \n                           <\/a>\n         <\/div>\n      <\/div>\n   <\/article><\/div>\n<\/div>\n","protected":false},"excerpt":{"rendered":"","protected":false},"author":1,"featured_media":0,"parent":0,"menu_order":0,"comment_status":"closed","ping_status":"closed","template":"page-templates\/template-knowledge.php","meta":{"_acf_changed":false,"advgb_blocks_editor_width":"","advgb_blocks_columns_visual_guide":"","footnotes":""},"class_list":["post-6536","page","type-page","status-publish","hentry"],"acf":[],"yoast_head":"<!-- This site is optimized with the Yoast SEO plugin v27.2 - https:\/\/yoast.com\/product\/yoast-seo-wordpress\/ -->\n<title>Tietokeskus - Penosil Finland<\/title>\n<meta name=\"robots\" content=\"index, follow, max-snippet:-1, max-image-preview:large, max-video-preview:-1\" \/>\n<link rel=\"canonical\" href=\"https:\/\/penosil.com\/fi\/tietokeskus\/\" \/>\n<meta property=\"og:locale\" content=\"fi_FI\" \/>\n<meta property=\"og:type\" content=\"article\" \/>\n<meta property=\"og:title\" content=\"Tietokeskus - Penosil Finland\" \/>\n<meta property=\"og:url\" content=\"https:\/\/penosil.com\/fi\/tietokeskus\/\" \/>\n<meta property=\"og:site_name\" content=\"Penosil Finland\" \/>\n<meta property=\"article:modified_time\" content=\"2021-08-11T09:42:16+00:00\" \/>\n<meta name=\"twitter:card\" content=\"summary_large_image\" \/>\n<script type=\"application\/ld+json\" class=\"yoast-schema-graph\">{\"@context\":\"https:\/\/schema.org\",\"@graph\":[{\"@type\":\"WebPage\",\"@id\":\"https:\/\/penosil.com\/fi\/tietokeskus\/\",\"url\":\"https:\/\/penosil.com\/fi\/tietokeskus\/\",\"name\":\"Tietokeskus - Penosil Finland\",\"isPartOf\":{\"@id\":\"https:\/\/penosil.com\/fi\/#website\"},\"datePublished\":\"2019-07-24T13:17:09+00:00\",\"dateModified\":\"2021-08-11T09:42:16+00:00\",\"breadcrumb\":{\"@id\":\"https:\/\/penosil.com\/fi\/tietokeskus\/#breadcrumb\"},\"inLanguage\":\"fi\",\"potentialAction\":[{\"@type\":\"ReadAction\",\"target\":[\"https:\/\/penosil.com\/fi\/tietokeskus\/\"]}]},{\"@type\":\"BreadcrumbList\",\"@id\":\"https:\/\/penosil.com\/fi\/tietokeskus\/#breadcrumb\",\"itemListElement\":[{\"@type\":\"ListItem\",\"position\":1,\"name\":\"Home\",\"item\":\"https:\/\/penosil.com\/fi\/\"},{\"@type\":\"ListItem\",\"position\":2,\"name\":\"Tietokeskus\"}]},{\"@type\":\"WebSite\",\"@id\":\"https:\/\/penosil.com\/fi\/#website\",\"url\":\"https:\/\/penosil.com\/fi\/\",\"name\":\"Penosil Finland\",\"description\":\"\",\"potentialAction\":[{\"@type\":\"SearchAction\",\"target\":{\"@type\":\"EntryPoint\",\"urlTemplate\":\"https:\/\/penosil.com\/fi\/?s={search_term_string}\"},\"query-input\":{\"@type\":\"PropertyValueSpecification\",\"valueRequired\":true,\"valueName\":\"search_term_string\"}}],\"inLanguage\":\"fi\"}]}<\/script>\n<!-- \/ Yoast SEO plugin. -->","yoast_head_json":{"title":"Tietokeskus - Penosil Finland","robots":{"index":"index","follow":"follow","max-snippet":"max-snippet:-1","max-image-preview":"max-image-preview:large","max-video-preview":"max-video-preview:-1"},"canonical":"https:\/\/penosil.com\/fi\/tietokeskus\/","og_locale":"fi_FI","og_type":"article","og_title":"Tietokeskus - Penosil Finland","og_url":"https:\/\/penosil.com\/fi\/tietokeskus\/","og_site_name":"Penosil Finland","article_modified_time":"2021-08-11T09:42:16+00:00","twitter_card":"summary_large_image","schema":{"@context":"https:\/\/schema.org","@graph":[{"@type":"WebPage","@id":"https:\/\/penosil.com\/fi\/tietokeskus\/","url":"https:\/\/penosil.com\/fi\/tietokeskus\/","name":"Tietokeskus - Penosil Finland","isPartOf":{"@id":"https:\/\/penosil.com\/fi\/#website"},"datePublished":"2019-07-24T13:17:09+00:00","dateModified":"2021-08-11T09:42:16+00:00","breadcrumb":{"@id":"https:\/\/penosil.com\/fi\/tietokeskus\/#breadcrumb"},"inLanguage":"fi","potentialAction":[{"@type":"ReadAction","target":["https:\/\/penosil.com\/fi\/tietokeskus\/"]}]},{"@type":"BreadcrumbList","@id":"https:\/\/penosil.com\/fi\/tietokeskus\/#breadcrumb","itemListElement":[{"@type":"ListItem","position":1,"name":"Home","item":"https:\/\/penosil.com\/fi\/"},{"@type":"ListItem","position":2,"name":"Tietokeskus"}]},{"@type":"WebSite","@id":"https:\/\/penosil.com\/fi\/#website","url":"https:\/\/penosil.com\/fi\/","name":"Penosil Finland","description":"","potentialAction":[{"@type":"SearchAction","target":{"@type":"EntryPoint","urlTemplate":"https:\/\/penosil.com\/fi\/?s={search_term_string}"},"query-input":{"@type":"PropertyValueSpecification","valueRequired":true,"valueName":"search_term_string"}}],"inLanguage":"fi"}]}},"coauthors":[],"author_meta":{"author_link":"https:\/\/penosil.com\/fi\/author\/reaktiiv-pe\/","display_name":"reaktiiv-pe"},"relative_dates":{"created":"Posted 7 vuotta ago","modified":"Updated 5 vuotta ago"},"absolute_dates":{"created":"Posted on 24.7.2019","modified":"Updated on 11.8.2021"},"absolute_dates_time":{"created":"Posted on 24.7.2019 13:17","modified":"Updated on 11.8.2021 9:42"},"featured_img_caption":"","featured_img":false,"series_order":"","_links":{"self":[{"href":"https:\/\/penosil.com\/fi\/wp-json\/wp\/v2\/pages\/6536","targetHints":{"allow":["GET"]}}],"collection":[{"href":"https:\/\/penosil.com\/fi\/wp-json\/wp\/v2\/pages"}],"about":[{"href":"https:\/\/penosil.com\/fi\/wp-json\/wp\/v2\/types\/page"}],"author":[{"embeddable":true,"href":"https:\/\/penosil.com\/fi\/wp-json\/wp\/v2\/users\/1"}],"replies":[{"embeddable":true,"href":"https:\/\/penosil.com\/fi\/wp-json\/wp\/v2\/comments?post=6536"}],"version-history":[{"count":39,"href":"https:\/\/penosil.com\/fi\/wp-json\/wp\/v2\/pages\/6536\/revisions"}],"predecessor-version":[{"id":8833,"href":"https:\/\/penosil.com\/fi\/wp-json\/wp\/v2\/pages\/6536\/revisions\/8833"}],"wp:attachment":[{"href":"https:\/\/penosil.com\/fi\/wp-json\/wp\/v2\/media?parent=6536"}],"curies":[{"name":"wp","href":"https:\/\/api.w.org\/{rel}","templated":true}]}}