{"id":10158,"date":"2025-04-23T09:45:55","date_gmt":"2025-04-23T09:45:55","guid":{"rendered":"https:\/\/penosil.com\/fi\/?post_type=product&#038;p=10158"},"modified":"2025-04-23T11:43:31","modified_gmt":"2025-04-23T11:43:31","slug":"gunfoam-146-yleiskayttoinen-pistoolivaahto","status":"publish","type":"product","link":"https:\/\/penosil.com\/fi\/tuotteet\/gunfoam-146-yleiskayttoinen-pistoolivaahto\/","title":{"rendered":"Gunfoam 146 yleisk\u00e4ytt\u00f6inen pistoolivaahto"},"content":{"rendered":"<p>PENOSIL Gunfoam 146 on yleisk\u00e4ytt\u00f6inen yksikomponenttinen polyuretaanipistoolivaahto erilaisiin ulko- ja sis\u00e4rakennust\u00f6ihin, kuten eristelevyjen saumojen tiivist\u00e4miseen, kaapeleiden ja putkien l\u00e4pivientien tiivist\u00e4miseen sek\u00e4 rakenteiden rakojen ja halkeamien t\u00e4ytt\u00e4miseen. Tarttuu hyvin useimpiin materiaaleihin, kuten puuhun, betoniin, kiveen, rappaukseen, metalliin, PVC:hen ja polystyreeniin.<\/p>\n","protected":false},"excerpt":{"rendered":"PENOSIL Gunfoam 146 on yleisk\u00e4ytt\u00f6inen yksikomponenttinen polyuretaanipistoolivaahto erilaisiin ulko- ja sis\u00e4rakennust\u00f6ihin, kuten eristelevyjen saumojen tiivist\u00e4miseen, kaapeleiden ja putkien l\u00e4pivientien tiivist\u00e4miseen sek\u00e4 rakenteiden rakojen ja halkeamien t\u00e4ytt\u00e4miseen. Tarttuu hyvin useimpiin materiaaleihin, kuten puuhun, betoniin, kiveen, rappaukseen, metalliin, PVC:hen ja polystyreeniin.","protected":false},"author":6,"featured_media":10161,"template":"","meta":{"_acf_changed":false,"advgb_blocks_editor_width":"","advgb_blocks_columns_visual_guide":"","footnotes":""},"product_brand":[],"product_cat":[334,1060,1551,1576,827,1361,1491],"product_tag":[],"class_list":{"0":"post-10158","1":"product","2":"type-product","3":"status-publish","4":"has-post-thumbnail","6":"product_cat-kayttokohteet","7":"product_cat-uudet-tuotteet","8":"product_cat-pistoolivaahdot","9":"product_cat-uudet-tuotteet-2","10":"product_cat-yleisrakentaminen","11":"product_cat-tuoteryhmat","12":"product_cat-rakennusvaahdot","14":"first","15":"instock","16":"taxable","17":"shipping-taxable","18":"product-type-simple"},"acf":[],"yoast_head":"<!-- This site is optimized with the Yoast SEO plugin v27.2 - https:\/\/yoast.com\/product\/yoast-seo-wordpress\/ -->\n<title>PENOSIL Gunfoam 146 on yleisk\u00e4ytt\u00f6inen pistoolivaahto.<\/title>\n<meta name=\"description\" content=\"PENOSIL Gunfoam 146 on yleisk\u00e4ytt\u00f6inen polyuretaanipistoolivaahto erilaisiin ulko- ja sis\u00e4rakennust\u00f6ihin, kuten eristelevyjen saumojen tiivist\u00e4miseen, kaapeleiden ja putkien l\u00e4pivientien tiivist\u00e4miseen sek\u00e4 rakenteiden rakojen ja halkeamien t\u00e4ytt\u00e4miseen.\" \/>\n<meta name=\"robots\" content=\"index, follow, max-snippet:-1, max-image-preview:large, max-video-preview:-1\" \/>\n<link rel=\"canonical\" href=\"https:\/\/penosil.com\/fi\/tuotteet\/gunfoam-146-yleiskayttoinen-pistoolivaahto\/\" \/>\n<meta property=\"og:locale\" content=\"fi_FI\" \/>\n<meta property=\"og:type\" content=\"article\" \/>\n<meta property=\"og:title\" content=\"PENOSIL Gunfoam 146 on yleisk\u00e4ytt\u00f6inen pistoolivaahto.\" \/>\n<meta property=\"og:description\" content=\"PENOSIL Gunfoam 146 on yleisk\u00e4ytt\u00f6inen polyuretaanipistoolivaahto erilaisiin ulko- ja sis\u00e4rakennust\u00f6ihin, kuten eristelevyjen saumojen tiivist\u00e4miseen, kaapeleiden ja putkien l\u00e4pivientien tiivist\u00e4miseen sek\u00e4 rakenteiden rakojen ja halkeamien t\u00e4ytt\u00e4miseen.\" \/>\n<meta property=\"og:url\" content=\"https:\/\/penosil.com\/fi\/tuotteet\/gunfoam-146-yleiskayttoinen-pistoolivaahto\/\" \/>\n<meta property=\"og:site_name\" content=\"Penosil Finland\" \/>\n<meta property=\"article:modified_time\" content=\"2025-04-23T11:43:31+00:00\" \/>\n<meta property=\"og:image\" content=\"https:\/\/penosil.com\/fi\/wp-content\/uploads\/sites\/5\/2025\/04\/146_Gunfoam_146_EE_FI-1.png\" \/>\n\t<meta property=\"og:image:width\" content=\"523\" \/>\n\t<meta property=\"og:image:height\" content=\"1080\" \/>\n\t<meta property=\"og:image:type\" content=\"image\/png\" \/>\n<meta name=\"twitter:card\" content=\"summary_large_image\" \/>\n<meta name=\"twitter:label1\" content=\"Arvioitu lukuaika\" \/>\n\t<meta name=\"twitter:data1\" content=\"3 minuuttia\" \/>\n<script type=\"application\/ld+json\" class=\"yoast-schema-graph\">{\"@context\":\"https:\/\/schema.org\",\"@graph\":[{\"@type\":\"WebPage\",\"@id\":\"https:\/\/penosil.com\/fi\/tuotteet\/gunfoam-146-yleiskayttoinen-pistoolivaahto\/\",\"url\":\"https:\/\/penosil.com\/fi\/tuotteet\/gunfoam-146-yleiskayttoinen-pistoolivaahto\/\",\"name\":\"PENOSIL Gunfoam 146 on yleisk\u00e4ytt\u00f6inen pistoolivaahto.\",\"isPartOf\":{\"@id\":\"https:\/\/penosil.com\/fi\/#website\"},\"primaryImageOfPage\":{\"@id\":\"https:\/\/penosil.com\/fi\/tuotteet\/gunfoam-146-yleiskayttoinen-pistoolivaahto\/#primaryimage\"},\"image\":{\"@id\":\"https:\/\/penosil.com\/fi\/tuotteet\/gunfoam-146-yleiskayttoinen-pistoolivaahto\/#primaryimage\"},\"thumbnailUrl\":\"https:\/\/penosil.com\/fi\/wp-content\/uploads\/sites\/5\/2025\/04\/146_Gunfoam_146_EE_FI-1.png\",\"datePublished\":\"2025-04-23T09:45:55+00:00\",\"dateModified\":\"2025-04-23T11:43:31+00:00\",\"description\":\"PENOSIL Gunfoam 146 on yleisk\u00e4ytt\u00f6inen polyuretaanipistoolivaahto erilaisiin ulko- ja sis\u00e4rakennust\u00f6ihin, kuten eristelevyjen saumojen tiivist\u00e4miseen, kaapeleiden ja putkien l\u00e4pivientien tiivist\u00e4miseen sek\u00e4 rakenteiden rakojen ja halkeamien t\u00e4ytt\u00e4miseen.\",\"breadcrumb\":{\"@id\":\"https:\/\/penosil.com\/fi\/tuotteet\/gunfoam-146-yleiskayttoinen-pistoolivaahto\/#breadcrumb\"},\"inLanguage\":\"fi\",\"potentialAction\":[{\"@type\":\"ReadAction\",\"target\":[\"https:\/\/penosil.com\/fi\/tuotteet\/gunfoam-146-yleiskayttoinen-pistoolivaahto\/\"]}]},{\"@type\":\"ImageObject\",\"inLanguage\":\"fi\",\"@id\":\"https:\/\/penosil.com\/fi\/tuotteet\/gunfoam-146-yleiskayttoinen-pistoolivaahto\/#primaryimage\",\"url\":\"https:\/\/penosil.com\/fi\/wp-content\/uploads\/sites\/5\/2025\/04\/146_Gunfoam_146_EE_FI-1.png\",\"contentUrl\":\"https:\/\/penosil.com\/fi\/wp-content\/uploads\/sites\/5\/2025\/04\/146_Gunfoam_146_EE_FI-1.png\",\"width\":523,\"height\":1080,\"caption\":\"Penosil Gunfoam_146\"},{\"@type\":\"BreadcrumbList\",\"@id\":\"https:\/\/penosil.com\/fi\/tuotteet\/gunfoam-146-yleiskayttoinen-pistoolivaahto\/#breadcrumb\",\"itemListElement\":[{\"@type\":\"ListItem\",\"position\":1,\"name\":\"Home\",\"item\":\"https:\/\/penosil.com\/fi\/\"},{\"@type\":\"ListItem\",\"position\":2,\"name\":\"Tuotteet\",\"item\":\"https:\/\/penosil.com\/fi\/tuotteet\/\"},{\"@type\":\"ListItem\",\"position\":3,\"name\":\"Gunfoam 146 yleisk\u00e4ytt\u00f6inen pistoolivaahto\"}]},{\"@type\":\"WebSite\",\"@id\":\"https:\/\/penosil.com\/fi\/#website\",\"url\":\"https:\/\/penosil.com\/fi\/\",\"name\":\"Penosil Finland\",\"description\":\"\",\"potentialAction\":[{\"@type\":\"SearchAction\",\"target\":{\"@type\":\"EntryPoint\",\"urlTemplate\":\"https:\/\/penosil.com\/fi\/?s={search_term_string}\"},\"query-input\":{\"@type\":\"PropertyValueSpecification\",\"valueRequired\":true,\"valueName\":\"search_term_string\"}}],\"inLanguage\":\"fi\"}]}<\/script>\n<!-- \/ Yoast SEO plugin. -->","yoast_head_json":{"title":"PENOSIL Gunfoam 146 on yleisk\u00e4ytt\u00f6inen pistoolivaahto.","description":"PENOSIL Gunfoam 146 on yleisk\u00e4ytt\u00f6inen polyuretaanipistoolivaahto erilaisiin ulko- ja sis\u00e4rakennust\u00f6ihin, kuten eristelevyjen saumojen tiivist\u00e4miseen, kaapeleiden ja putkien l\u00e4pivientien tiivist\u00e4miseen sek\u00e4 rakenteiden rakojen ja halkeamien t\u00e4ytt\u00e4miseen.","robots":{"index":"index","follow":"follow","max-snippet":"max-snippet:-1","max-image-preview":"max-image-preview:large","max-video-preview":"max-video-preview:-1"},"canonical":"https:\/\/penosil.com\/fi\/tuotteet\/gunfoam-146-yleiskayttoinen-pistoolivaahto\/","og_locale":"fi_FI","og_type":"article","og_title":"PENOSIL Gunfoam 146 on yleisk\u00e4ytt\u00f6inen pistoolivaahto.","og_description":"PENOSIL Gunfoam 146 on yleisk\u00e4ytt\u00f6inen polyuretaanipistoolivaahto erilaisiin ulko- ja sis\u00e4rakennust\u00f6ihin, kuten eristelevyjen saumojen tiivist\u00e4miseen, kaapeleiden ja putkien l\u00e4pivientien tiivist\u00e4miseen sek\u00e4 rakenteiden rakojen ja halkeamien t\u00e4ytt\u00e4miseen.","og_url":"https:\/\/penosil.com\/fi\/tuotteet\/gunfoam-146-yleiskayttoinen-pistoolivaahto\/","og_site_name":"Penosil Finland","article_modified_time":"2025-04-23T11:43:31+00:00","og_image":[{"width":523,"height":1080,"url":"https:\/\/penosil.com\/fi\/wp-content\/uploads\/sites\/5\/2025\/04\/146_Gunfoam_146_EE_FI-1.png","type":"image\/png"}],"twitter_card":"summary_large_image","twitter_misc":{"Arvioitu lukuaika":"3 minuuttia"},"schema":{"@context":"https:\/\/schema.org","@graph":[{"@type":"WebPage","@id":"https:\/\/penosil.com\/fi\/tuotteet\/gunfoam-146-yleiskayttoinen-pistoolivaahto\/","url":"https:\/\/penosil.com\/fi\/tuotteet\/gunfoam-146-yleiskayttoinen-pistoolivaahto\/","name":"PENOSIL Gunfoam 146 on yleisk\u00e4ytt\u00f6inen pistoolivaahto.","isPartOf":{"@id":"https:\/\/penosil.com\/fi\/#website"},"primaryImageOfPage":{"@id":"https:\/\/penosil.com\/fi\/tuotteet\/gunfoam-146-yleiskayttoinen-pistoolivaahto\/#primaryimage"},"image":{"@id":"https:\/\/penosil.com\/fi\/tuotteet\/gunfoam-146-yleiskayttoinen-pistoolivaahto\/#primaryimage"},"thumbnailUrl":"https:\/\/penosil.com\/fi\/wp-content\/uploads\/sites\/5\/2025\/04\/146_Gunfoam_146_EE_FI-1.png","datePublished":"2025-04-23T09:45:55+00:00","dateModified":"2025-04-23T11:43:31+00:00","description":"PENOSIL Gunfoam 146 on yleisk\u00e4ytt\u00f6inen polyuretaanipistoolivaahto erilaisiin ulko- ja sis\u00e4rakennust\u00f6ihin, kuten eristelevyjen saumojen tiivist\u00e4miseen, kaapeleiden ja putkien l\u00e4pivientien tiivist\u00e4miseen sek\u00e4 rakenteiden rakojen ja halkeamien t\u00e4ytt\u00e4miseen.","breadcrumb":{"@id":"https:\/\/penosil.com\/fi\/tuotteet\/gunfoam-146-yleiskayttoinen-pistoolivaahto\/#breadcrumb"},"inLanguage":"fi","potentialAction":[{"@type":"ReadAction","target":["https:\/\/penosil.com\/fi\/tuotteet\/gunfoam-146-yleiskayttoinen-pistoolivaahto\/"]}]},{"@type":"ImageObject","inLanguage":"fi","@id":"https:\/\/penosil.com\/fi\/tuotteet\/gunfoam-146-yleiskayttoinen-pistoolivaahto\/#primaryimage","url":"https:\/\/penosil.com\/fi\/wp-content\/uploads\/sites\/5\/2025\/04\/146_Gunfoam_146_EE_FI-1.png","contentUrl":"https:\/\/penosil.com\/fi\/wp-content\/uploads\/sites\/5\/2025\/04\/146_Gunfoam_146_EE_FI-1.png","width":523,"height":1080,"caption":"Penosil Gunfoam_146"},{"@type":"BreadcrumbList","@id":"https:\/\/penosil.com\/fi\/tuotteet\/gunfoam-146-yleiskayttoinen-pistoolivaahto\/#breadcrumb","itemListElement":[{"@type":"ListItem","position":1,"name":"Home","item":"https:\/\/penosil.com\/fi\/"},{"@type":"ListItem","position":2,"name":"Tuotteet","item":"https:\/\/penosil.com\/fi\/tuotteet\/"},{"@type":"ListItem","position":3,"name":"Gunfoam 146 yleisk\u00e4ytt\u00f6inen pistoolivaahto"}]},{"@type":"WebSite","@id":"https:\/\/penosil.com\/fi\/#website","url":"https:\/\/penosil.com\/fi\/","name":"Penosil Finland","description":"","potentialAction":[{"@type":"SearchAction","target":{"@type":"EntryPoint","urlTemplate":"https:\/\/penosil.com\/fi\/?s={search_term_string}"},"query-input":{"@type":"PropertyValueSpecification","valueRequired":true,"valueName":"search_term_string"}}],"inLanguage":"fi"}]}},"featured_img":"https:\/\/penosil.com\/fi\/wp-content\/uploads\/sites\/5\/2025\/04\/146_Gunfoam_146_EE_FI-1.png","coauthors":[],"author_meta":{"author_link":"https:\/\/penosil.com\/fi\/author\/anne\/","display_name":"Anne Lulla"},"relative_dates":{"created":"Posted 12 kuukautta ago","modified":"Updated 12 kuukautta ago"},"absolute_dates":{"created":"Posted on 23.4.2025","modified":"Updated on 23.4.2025"},"absolute_dates_time":{"created":"Posted on 23.4.2025 9:45","modified":"Updated on 23.4.2025 11:43"},"featured_img_caption":"","tax_additional":{"product_brand":{"linked":[],"unlinked":[],"slug":"product_brand","name":"Br\u00e4ndit"},"product_type":{"linked":["<a href=\"https:\/\/penosil.com\/fi\/?taxonomy=product_type&#038;term=simple\" class=\"advgb-post-tax-term\">simple<\/a>"],"unlinked":["<span class=\"advgb-post-tax-term\">simple<\/span>"],"slug":"product_type","name":"Tuotetyyppi"},"product_visibility":{"linked":[],"unlinked":[],"slug":"product_visibility","name":"Tuotteen n\u00e4kyvyys"},"product_cat":{"linked":["<a href=\"https:\/\/penosil.com\/fi\/tuote-osasto\/kayttokohteet\/\" class=\"advgb-post-tax-term\">K\u00e4ytt\u00f6kohteet<\/a>","<a href=\"https:\/\/penosil.com\/fi\/tuote-osasto\/kayttokohteet\/uudet-tuotteet\/\" class=\"advgb-post-tax-term\">Uudet tuotteet<\/a>","<a href=\"https:\/\/penosil.com\/fi\/tuote-osasto\/tuoteryhmat\/rakennusvaahdot\/pistoolivaahdot\/\" class=\"advgb-post-tax-term\">Pistoolivaahdot<\/a>","<a href=\"https:\/\/penosil.com\/fi\/tuote-osasto\/tuoteryhmat\/uudet-tuotteet-2\/\" class=\"advgb-post-tax-term\">Uudet tuotteet<\/a>","<a href=\"https:\/\/penosil.com\/fi\/tuote-osasto\/kayttokohteet\/yleisrakentaminen\/\" class=\"advgb-post-tax-term\">Yleisrakentaminen<\/a>","<a href=\"https:\/\/penosil.com\/fi\/tuote-osasto\/tuoteryhmat\/\" class=\"advgb-post-tax-term\">Tuoteryhm\u00e4t<\/a>","<a href=\"https:\/\/penosil.com\/fi\/tuote-osasto\/tuoteryhmat\/rakennusvaahdot\/\" class=\"advgb-post-tax-term\">Rakennusvaahdot<\/a>"],"unlinked":["<span class=\"advgb-post-tax-term\">K\u00e4ytt\u00f6kohteet<\/span>","<span class=\"advgb-post-tax-term\">Uudet tuotteet<\/span>","<span class=\"advgb-post-tax-term\">Pistoolivaahdot<\/span>","<span class=\"advgb-post-tax-term\">Uudet tuotteet<\/span>","<span class=\"advgb-post-tax-term\">Yleisrakentaminen<\/span>","<span class=\"advgb-post-tax-term\">Tuoteryhm\u00e4t<\/span>","<span class=\"advgb-post-tax-term\">Rakennusvaahdot<\/span>"],"slug":"product_cat","name":"Osastot"},"product_tag":{"linked":[],"unlinked":[],"slug":"product_tag","name":"Avainsanat tuotteelle"},"product_shipping_class":{"linked":[],"unlinked":[],"slug":"product_shipping_class","name":"Tuotteen toimitusluokat"},"pos_product_visibility":{"linked":[],"unlinked":[],"slug":"pos_product_visibility","name":"POS Product visibility"},"pa_color":{"linked":["<a href=\"https:\/\/penosil.com\/fi\/?taxonomy=pa_color&#038;term=vaaleankeltainen\" class=\"advgb-post-tax-term\">Vaaleankeltainen<\/a>"],"unlinked":["<span class=\"advgb-post-tax-term\">Vaaleankeltainen<\/span>"],"slug":"pa_color","name":"Product Colour"},"pa_package":{"linked":["<a href=\"https:\/\/penosil.com\/fi\/?taxonomy=pa_package&#038;term=750-ml-fi\" class=\"advgb-post-tax-term\">750 ml<\/a>"],"unlinked":["<span class=\"advgb-post-tax-term\">750 ml<\/span>"],"slug":"pa_package","name":"Product Package"},"translation_priority":{"linked":["<a href=\"https:\/\/penosil.com\/fi\/?taxonomy=translation_priority&#038;term=optional-fi\" class=\"advgb-post-tax-term\">Optional<\/a>"],"unlinked":["<span class=\"advgb-post-tax-term\">Optional<\/span>"],"slug":"translation_priority","name":"Translation Priorities"}},"series_order":"","_links":{"self":[{"href":"https:\/\/penosil.com\/fi\/wp-json\/wp\/v2\/product\/10158","targetHints":{"allow":["GET"]}}],"collection":[{"href":"https:\/\/penosil.com\/fi\/wp-json\/wp\/v2\/product"}],"about":[{"href":"https:\/\/penosil.com\/fi\/wp-json\/wp\/v2\/types\/product"}],"version-history":[{"count":9,"href":"https:\/\/penosil.com\/fi\/wp-json\/wp\/v2\/product\/10158\/revisions"}],"predecessor-version":[{"id":10170,"href":"https:\/\/penosil.com\/fi\/wp-json\/wp\/v2\/product\/10158\/revisions\/10170"}],"wp:featuredmedia":[{"embeddable":true,"href":"https:\/\/penosil.com\/fi\/wp-json\/wp\/v2\/media\/10161"}],"wp:attachment":[{"href":"https:\/\/penosil.com\/fi\/wp-json\/wp\/v2\/media?parent=10158"}],"wp:term":[{"taxonomy":"product_brand","embeddable":true,"href":"https:\/\/penosil.com\/fi\/wp-json\/wp\/v2\/product_brand?post=10158"},{"taxonomy":"product_cat","embeddable":true,"href":"https:\/\/penosil.com\/fi\/wp-json\/wp\/v2\/product_cat?post=10158"},{"taxonomy":"product_tag","embeddable":true,"href":"https:\/\/penosil.com\/fi\/wp-json\/wp\/v2\/product_tag?post=10158"}],"curies":[{"name":"wp","href":"https:\/\/api.w.org\/{rel}","templated":true}]}}