{"id":10288,"date":"2025-11-11T10:56:36","date_gmt":"2025-11-11T10:56:36","guid":{"rendered":"https:\/\/penosil.com\/fi\/?post_type=product&#038;p=10288"},"modified":"2026-04-02T00:04:17","modified_gmt":"2026-04-02T00:04:17","slug":"stop-fungi-silicone-303","status":"publish","type":"product","link":"https:\/\/penosil.com\/fi\/tuotteet\/stop-fungi-silicone-303\/","title":{"rendered":"Stop Fungi Silicone 303"},"content":{"rendered":"<p>PENOSIL Stop Fungi Silicone 303 on monik\u00e4ytt\u00f6inen asetyoksisilikoni tiivistys- ja t\u00e4ytt\u00f6t\u00f6ihin kylpyhuoneissa, keitti\u00f6iss\u00e4 ja muissa kosteissa ja kosteissa tiloissa. T\u00e4m\u00e4 korkealaatuinen koostumus takaa homeettomat ja bakteerittomat pinnat pitk\u00e4\u00e4n.<\/p>\n","protected":false},"excerpt":{"rendered":"PENOSIL Stop Fungi Silicone 303 on monik\u00e4ytt\u00f6inen asetyoksisilikoni tiivistys- ja t\u00e4ytt\u00f6t\u00f6ihin kylpyhuoneissa, keitti\u00f6iss\u00e4 ja muissa kosteissa ja kosteissa tiloissa. T\u00e4m\u00e4 korkealaatuinen koostumus takaa homeettomat ja bakteerittomat pinnat pitk\u00e4\u00e4n.","protected":false},"author":6,"featured_media":10289,"template":"","meta":{"_acf_changed":false,"advgb_blocks_editor_width":"","advgb_blocks_columns_visual_guide":"","footnotes":""},"product_brand":[],"product_cat":[1138],"product_tag":[],"class_list":{"0":"post-10288","1":"product","2":"type-product","3":"status-publish","4":"has-post-thumbnail","6":"product_cat-markatila","8":"first","9":"instock","10":"taxable","11":"shipping-taxable","12":"product-type-variable","13":"has-default-attributes"},"acf":[],"yoast_head":"<!-- This site is optimized with the Yoast SEO plugin v27.2 - https:\/\/yoast.com\/product\/yoast-seo-wordpress\/ -->\n<title>PENOSIL Stop Fungi Silicone 303 elastinen saniteettisilikoni<\/title>\n<meta name=\"description\" content=\"PENOSIL Stop Fungi Silicone 303 on korkealaatuinen elastinen saniteettisilikoni tiivistys- ja t\u00e4ytt\u00f6t\u00f6ihin kylpyhuoneissa, keitti\u00f6iss\u00e4 ja muissa kosteissa ja kosteissa tiloissa. Lue lis\u00e4\u00e4!\" \/>\n<meta name=\"robots\" content=\"index, follow, max-snippet:-1, max-image-preview:large, max-video-preview:-1\" \/>\n<link rel=\"canonical\" href=\"https:\/\/penosil.com\/fi\/tuotteet\/stop-fungi-silicone-303\/\" \/>\n<meta property=\"og:locale\" content=\"fi_FI\" \/>\n<meta property=\"og:type\" content=\"article\" \/>\n<meta property=\"og:title\" content=\"PENOSIL Stop Fungi Silicone 303 elastinen saniteettisilikoni\" \/>\n<meta property=\"og:description\" content=\"PENOSIL Stop Fungi Silicone 303 on korkealaatuinen elastinen saniteettisilikoni tiivistys- ja t\u00e4ytt\u00f6t\u00f6ihin kylpyhuoneissa, keitti\u00f6iss\u00e4 ja muissa kosteissa ja kosteissa tiloissa. Lue lis\u00e4\u00e4!\" \/>\n<meta property=\"og:url\" content=\"https:\/\/penosil.com\/fi\/tuotteet\/stop-fungi-silicone-303\/\" \/>\n<meta property=\"og:site_name\" content=\"Penosil Finland\" \/>\n<meta property=\"article:modified_time\" content=\"2026-04-02T00:04:17+00:00\" \/>\n<meta property=\"og:image\" content=\"https:\/\/penosil.com\/fi\/wp-content\/uploads\/sites\/5\/2025\/11\/303_Stop-Fungi-Silicone-303_EE_FI_transp.png\" \/>\n\t<meta property=\"og:image:width\" content=\"387\" \/>\n\t<meta property=\"og:image:height\" content=\"1080\" \/>\n\t<meta property=\"og:image:type\" content=\"image\/png\" \/>\n<meta name=\"twitter:card\" content=\"summary_large_image\" \/>\n<meta name=\"twitter:label1\" content=\"Arvioitu lukuaika\" \/>\n\t<meta name=\"twitter:data1\" content=\"3 minuuttia\" \/>\n<script type=\"application\/ld+json\" class=\"yoast-schema-graph\">{\"@context\":\"https:\/\/schema.org\",\"@graph\":[{\"@type\":\"WebPage\",\"@id\":\"https:\/\/penosil.com\/fi\/tuotteet\/stop-fungi-silicone-303\/\",\"url\":\"https:\/\/penosil.com\/fi\/tuotteet\/stop-fungi-silicone-303\/\",\"name\":\"PENOSIL Stop Fungi Silicone 303 elastinen saniteettisilikoni\",\"isPartOf\":{\"@id\":\"https:\/\/penosil.com\/fi\/#website\"},\"primaryImageOfPage\":{\"@id\":\"https:\/\/penosil.com\/fi\/tuotteet\/stop-fungi-silicone-303\/#primaryimage\"},\"image\":{\"@id\":\"https:\/\/penosil.com\/fi\/tuotteet\/stop-fungi-silicone-303\/#primaryimage\"},\"thumbnailUrl\":\"https:\/\/penosil.com\/fi\/wp-content\/uploads\/sites\/5\/2025\/11\/303_Stop-Fungi-Silicone-303_EE_FI_transp.png\",\"datePublished\":\"2025-11-11T10:56:36+00:00\",\"dateModified\":\"2026-04-02T00:04:17+00:00\",\"description\":\"PENOSIL Stop Fungi Silicone 303 on korkealaatuinen elastinen saniteettisilikoni tiivistys- ja t\u00e4ytt\u00f6t\u00f6ihin kylpyhuoneissa, keitti\u00f6iss\u00e4 ja muissa kosteissa ja kosteissa tiloissa. Lue lis\u00e4\u00e4!\",\"breadcrumb\":{\"@id\":\"https:\/\/penosil.com\/fi\/tuotteet\/stop-fungi-silicone-303\/#breadcrumb\"},\"inLanguage\":\"fi\",\"potentialAction\":[{\"@type\":\"ReadAction\",\"target\":[\"https:\/\/penosil.com\/fi\/tuotteet\/stop-fungi-silicone-303\/\"]}]},{\"@type\":\"ImageObject\",\"inLanguage\":\"fi\",\"@id\":\"https:\/\/penosil.com\/fi\/tuotteet\/stop-fungi-silicone-303\/#primaryimage\",\"url\":\"https:\/\/penosil.com\/fi\/wp-content\/uploads\/sites\/5\/2025\/11\/303_Stop-Fungi-Silicone-303_EE_FI_transp.png\",\"contentUrl\":\"https:\/\/penosil.com\/fi\/wp-content\/uploads\/sites\/5\/2025\/11\/303_Stop-Fungi-Silicone-303_EE_FI_transp.png\",\"width\":387,\"height\":1080},{\"@type\":\"BreadcrumbList\",\"@id\":\"https:\/\/penosil.com\/fi\/tuotteet\/stop-fungi-silicone-303\/#breadcrumb\",\"itemListElement\":[{\"@type\":\"ListItem\",\"position\":1,\"name\":\"Home\",\"item\":\"https:\/\/penosil.com\/fi\/\"},{\"@type\":\"ListItem\",\"position\":2,\"name\":\"Tuotteet\",\"item\":\"https:\/\/penosil.com\/fi\/tuotteet\/\"},{\"@type\":\"ListItem\",\"position\":3,\"name\":\"Stop Fungi Silicone 303\"}]},{\"@type\":\"WebSite\",\"@id\":\"https:\/\/penosil.com\/fi\/#website\",\"url\":\"https:\/\/penosil.com\/fi\/\",\"name\":\"Penosil Finland\",\"description\":\"\",\"potentialAction\":[{\"@type\":\"SearchAction\",\"target\":{\"@type\":\"EntryPoint\",\"urlTemplate\":\"https:\/\/penosil.com\/fi\/?s={search_term_string}\"},\"query-input\":{\"@type\":\"PropertyValueSpecification\",\"valueRequired\":true,\"valueName\":\"search_term_string\"}}],\"inLanguage\":\"fi\"}]}<\/script>\n<!-- \/ Yoast SEO plugin. -->","yoast_head_json":{"title":"PENOSIL Stop Fungi Silicone 303 elastinen saniteettisilikoni","description":"PENOSIL Stop Fungi Silicone 303 on korkealaatuinen elastinen saniteettisilikoni tiivistys- ja t\u00e4ytt\u00f6t\u00f6ihin kylpyhuoneissa, keitti\u00f6iss\u00e4 ja muissa kosteissa ja kosteissa tiloissa. Lue lis\u00e4\u00e4!","robots":{"index":"index","follow":"follow","max-snippet":"max-snippet:-1","max-image-preview":"max-image-preview:large","max-video-preview":"max-video-preview:-1"},"canonical":"https:\/\/penosil.com\/fi\/tuotteet\/stop-fungi-silicone-303\/","og_locale":"fi_FI","og_type":"article","og_title":"PENOSIL Stop Fungi Silicone 303 elastinen saniteettisilikoni","og_description":"PENOSIL Stop Fungi Silicone 303 on korkealaatuinen elastinen saniteettisilikoni tiivistys- ja t\u00e4ytt\u00f6t\u00f6ihin kylpyhuoneissa, keitti\u00f6iss\u00e4 ja muissa kosteissa ja kosteissa tiloissa. Lue lis\u00e4\u00e4!","og_url":"https:\/\/penosil.com\/fi\/tuotteet\/stop-fungi-silicone-303\/","og_site_name":"Penosil Finland","article_modified_time":"2026-04-02T00:04:17+00:00","og_image":[{"width":387,"height":1080,"url":"https:\/\/penosil.com\/fi\/wp-content\/uploads\/sites\/5\/2025\/11\/303_Stop-Fungi-Silicone-303_EE_FI_transp.png","type":"image\/png"}],"twitter_card":"summary_large_image","twitter_misc":{"Arvioitu lukuaika":"3 minuuttia"},"schema":{"@context":"https:\/\/schema.org","@graph":[{"@type":"WebPage","@id":"https:\/\/penosil.com\/fi\/tuotteet\/stop-fungi-silicone-303\/","url":"https:\/\/penosil.com\/fi\/tuotteet\/stop-fungi-silicone-303\/","name":"PENOSIL Stop Fungi Silicone 303 elastinen saniteettisilikoni","isPartOf":{"@id":"https:\/\/penosil.com\/fi\/#website"},"primaryImageOfPage":{"@id":"https:\/\/penosil.com\/fi\/tuotteet\/stop-fungi-silicone-303\/#primaryimage"},"image":{"@id":"https:\/\/penosil.com\/fi\/tuotteet\/stop-fungi-silicone-303\/#primaryimage"},"thumbnailUrl":"https:\/\/penosil.com\/fi\/wp-content\/uploads\/sites\/5\/2025\/11\/303_Stop-Fungi-Silicone-303_EE_FI_transp.png","datePublished":"2025-11-11T10:56:36+00:00","dateModified":"2026-04-02T00:04:17+00:00","description":"PENOSIL Stop Fungi Silicone 303 on korkealaatuinen elastinen saniteettisilikoni tiivistys- ja t\u00e4ytt\u00f6t\u00f6ihin kylpyhuoneissa, keitti\u00f6iss\u00e4 ja muissa kosteissa ja kosteissa tiloissa. Lue lis\u00e4\u00e4!","breadcrumb":{"@id":"https:\/\/penosil.com\/fi\/tuotteet\/stop-fungi-silicone-303\/#breadcrumb"},"inLanguage":"fi","potentialAction":[{"@type":"ReadAction","target":["https:\/\/penosil.com\/fi\/tuotteet\/stop-fungi-silicone-303\/"]}]},{"@type":"ImageObject","inLanguage":"fi","@id":"https:\/\/penosil.com\/fi\/tuotteet\/stop-fungi-silicone-303\/#primaryimage","url":"https:\/\/penosil.com\/fi\/wp-content\/uploads\/sites\/5\/2025\/11\/303_Stop-Fungi-Silicone-303_EE_FI_transp.png","contentUrl":"https:\/\/penosil.com\/fi\/wp-content\/uploads\/sites\/5\/2025\/11\/303_Stop-Fungi-Silicone-303_EE_FI_transp.png","width":387,"height":1080},{"@type":"BreadcrumbList","@id":"https:\/\/penosil.com\/fi\/tuotteet\/stop-fungi-silicone-303\/#breadcrumb","itemListElement":[{"@type":"ListItem","position":1,"name":"Home","item":"https:\/\/penosil.com\/fi\/"},{"@type":"ListItem","position":2,"name":"Tuotteet","item":"https:\/\/penosil.com\/fi\/tuotteet\/"},{"@type":"ListItem","position":3,"name":"Stop Fungi Silicone 303"}]},{"@type":"WebSite","@id":"https:\/\/penosil.com\/fi\/#website","url":"https:\/\/penosil.com\/fi\/","name":"Penosil Finland","description":"","potentialAction":[{"@type":"SearchAction","target":{"@type":"EntryPoint","urlTemplate":"https:\/\/penosil.com\/fi\/?s={search_term_string}"},"query-input":{"@type":"PropertyValueSpecification","valueRequired":true,"valueName":"search_term_string"}}],"inLanguage":"fi"}]}},"featured_img":"https:\/\/penosil.com\/fi\/wp-content\/uploads\/sites\/5\/2025\/11\/303_Stop-Fungi-Silicone-303_EE_FI_transp.png","coauthors":[],"author_meta":{"author_link":"https:\/\/penosil.com\/fi\/author\/anne\/","display_name":"Anne Lulla"},"relative_dates":{"created":"Posted 5 kuukautta ago","modified":"Updated 2 viikkoa ago"},"absolute_dates":{"created":"Posted on 11.11.2025","modified":"Updated on 2.4.2026"},"absolute_dates_time":{"created":"Posted on 11.11.2025 10:56","modified":"Updated on 2.4.2026 0:04"},"featured_img_caption":"","tax_additional":{"product_brand":{"linked":[],"unlinked":[],"slug":"product_brand","name":"Br\u00e4ndit"},"product_type":{"linked":["<a href=\"https:\/\/penosil.com\/fi\/?taxonomy=product_type&#038;term=variable\" class=\"advgb-post-tax-term\">variable<\/a>"],"unlinked":["<span class=\"advgb-post-tax-term\">variable<\/span>"],"slug":"product_type","name":"Tuotetyyppi"},"product_visibility":{"linked":[],"unlinked":[],"slug":"product_visibility","name":"Tuotteen n\u00e4kyvyys"},"product_cat":{"linked":["<a href=\"https:\/\/penosil.com\/fi\/tuote-osasto\/kayttokohteet\/markatila\/\" class=\"advgb-post-tax-term\">M\u00e4rk\u00e4tila<\/a>"],"unlinked":["<span class=\"advgb-post-tax-term\">M\u00e4rk\u00e4tila<\/span>"],"slug":"product_cat","name":"Osastot"},"product_tag":{"linked":[],"unlinked":[],"slug":"product_tag","name":"Avainsanat tuotteelle"},"product_shipping_class":{"linked":[],"unlinked":[],"slug":"product_shipping_class","name":"Tuotteen toimitusluokat"},"pos_product_visibility":{"linked":[],"unlinked":[],"slug":"pos_product_visibility","name":"POS Product visibility"},"pa_color":{"linked":["<a href=\"https:\/\/penosil.com\/fi\/?taxonomy=pa_color&#038;term=valkoinen\" class=\"advgb-post-tax-term\">Valkoinen<\/a>","<a href=\"https:\/\/penosil.com\/fi\/?taxonomy=pa_color&#038;term=variton\" class=\"advgb-post-tax-term\">V\u00e4rit\u00f6n<\/a>"],"unlinked":["<span class=\"advgb-post-tax-term\">Valkoinen<\/span>","<span class=\"advgb-post-tax-term\">V\u00e4rit\u00f6n<\/span>"],"slug":"pa_color","name":"Product Colour"},"pa_package":{"linked":["<a href=\"https:\/\/penosil.com\/fi\/?taxonomy=pa_package&#038;term=300-ml\" class=\"advgb-post-tax-term\">300 ml<\/a>"],"unlinked":["<span class=\"advgb-post-tax-term\">300 ml<\/span>"],"slug":"pa_package","name":"Product Package"},"translation_priority":{"linked":["<a href=\"https:\/\/penosil.com\/fi\/?taxonomy=translation_priority&#038;term=optional-fi\" class=\"advgb-post-tax-term\">Optional<\/a>"],"unlinked":["<span class=\"advgb-post-tax-term\">Optional<\/span>"],"slug":"translation_priority","name":"Translation Priorities"}},"series_order":"","_links":{"self":[{"href":"https:\/\/penosil.com\/fi\/wp-json\/wp\/v2\/product\/10288","targetHints":{"allow":["GET"]}}],"collection":[{"href":"https:\/\/penosil.com\/fi\/wp-json\/wp\/v2\/product"}],"about":[{"href":"https:\/\/penosil.com\/fi\/wp-json\/wp\/v2\/types\/product"}],"version-history":[{"count":2,"href":"https:\/\/penosil.com\/fi\/wp-json\/wp\/v2\/product\/10288\/revisions"}],"predecessor-version":[{"id":10319,"href":"https:\/\/penosil.com\/fi\/wp-json\/wp\/v2\/product\/10288\/revisions\/10319"}],"wp:featuredmedia":[{"embeddable":true,"href":"https:\/\/penosil.com\/fi\/wp-json\/wp\/v2\/media\/10289"}],"wp:attachment":[{"href":"https:\/\/penosil.com\/fi\/wp-json\/wp\/v2\/media?parent=10288"}],"wp:term":[{"taxonomy":"product_brand","embeddable":true,"href":"https:\/\/penosil.com\/fi\/wp-json\/wp\/v2\/product_brand?post=10288"},{"taxonomy":"product_cat","embeddable":true,"href":"https:\/\/penosil.com\/fi\/wp-json\/wp\/v2\/product_cat?post=10288"},{"taxonomy":"product_tag","embeddable":true,"href":"https:\/\/penosil.com\/fi\/wp-json\/wp\/v2\/product_tag?post=10288"}],"curies":[{"name":"wp","href":"https:\/\/api.w.org\/{rel}","templated":true}]}}