{"id":7545,"date":"2020-04-02T09:40:56","date_gmt":"2020-04-02T09:40:56","guid":{"rendered":"https:\/\/penosil.com\/fi\/?post_type=product&#038;p=7545"},"modified":"2025-02-19T14:32:21","modified_gmt":"2025-02-19T14:32:21","slug":"speedfix-universal-907-liima-lampotiloihin-nollan-alapuolella","status":"publish","type":"product","link":"https:\/\/penosil.com\/fi\/tuotteet\/speedfix-universal-907-liima-lampotiloihin-nollan-alapuolella\/","title":{"rendered":"SpeedFix Universal 907"},"content":{"rendered":"<p>Yleisk\u00e4ytt\u00f6inen synteettinen liima vahvalla alkutartunnalla. Mit\u00e4 erilaisimpien materiaalien helppoon ja nopeaan liimaukseen ja t\u00e4ytt\u00f6\u00f6n.<\/p>\n","protected":false},"excerpt":{"rendered":"Yleisk\u00e4ytt\u00f6inen synteettinen liima vahvalla alkutartunnalla. Mit\u00e4 erilaisimpien materiaalien helppoon ja nopeaan liimaukseen ja t\u00e4ytt\u00f6\u00f6n.","protected":false},"author":3,"featured_media":9680,"template":"","meta":{"_acf_changed":false,"advgb_blocks_editor_width":"","advgb_blocks_columns_visual_guide":"","footnotes":""},"product_brand":[],"product_cat":[334,2322,1361,1384,348],"product_tag":[],"class_list":{"0":"post-7545","1":"product","2":"type-product","3":"status-publish","4":"has-post-thumbnail","6":"product_cat-kayttokohteet","7":"product_cat-liuotinpohjaiset-liimat","8":"product_cat-tuoteryhmat","9":"product_cat-liimat","10":"product_cat-liimaus","12":"first","13":"instock","14":"taxable","15":"shipping-taxable","16":"purchasable","17":"product-type-simple"},"acf":[],"yoast_head":"<!-- This site is optimized with the Yoast SEO plugin v27.2 - https:\/\/yoast.com\/product\/yoast-seo-wordpress\/ -->\n<title>Penosil SpeedFix Universal 907 yleisliima \u2013 alkutartunta.<\/title>\n<meta name=\"description\" content=\"Penosil SpeedFix Universal 907 yleisk\u00e4ytt\u00f6inen liuotinvapaa liima hyv\u00e4ll\u00e4 alkutartunnalla. Lue lis\u00e4\u00e4!\" \/>\n<meta name=\"robots\" content=\"index, follow, max-snippet:-1, max-image-preview:large, max-video-preview:-1\" \/>\n<link rel=\"canonical\" href=\"https:\/\/penosil.com\/fi\/tuotteet\/speedfix-universal-907-liima-lampotiloihin-nollan-alapuolella\/\" \/>\n<meta property=\"og:locale\" content=\"fi_FI\" \/>\n<meta property=\"og:type\" content=\"article\" \/>\n<meta property=\"og:title\" content=\"Penosil SpeedFix Universal 907 yleisliima \u2013 alkutartunta.\" \/>\n<meta property=\"og:description\" content=\"Penosil SpeedFix Universal 907 yleisk\u00e4ytt\u00f6inen liuotinvapaa liima hyv\u00e4ll\u00e4 alkutartunnalla. Lue lis\u00e4\u00e4!\" \/>\n<meta property=\"og:url\" content=\"https:\/\/penosil.com\/fi\/tuotteet\/speedfix-universal-907-liima-lampotiloihin-nollan-alapuolella\/\" \/>\n<meta property=\"og:site_name\" content=\"Penosil Finland\" \/>\n<meta property=\"article:modified_time\" content=\"2025-02-19T14:32:21+00:00\" \/>\n<meta property=\"og:image\" content=\"https:\/\/penosil.com\/fi\/wp-content\/uploads\/sites\/5\/2020\/04\/907_SpeedFix_universal_907_EE_FI.png\" \/>\n\t<meta property=\"og:image:width\" content=\"870\" \/>\n\t<meta property=\"og:image:height\" content=\"2430\" \/>\n\t<meta property=\"og:image:type\" content=\"image\/png\" \/>\n<meta name=\"twitter:card\" content=\"summary_large_image\" \/>\n<meta name=\"twitter:label1\" content=\"Arvioitu lukuaika\" \/>\n\t<meta name=\"twitter:data1\" content=\"3 minuuttia\" \/>\n<script type=\"application\/ld+json\" class=\"yoast-schema-graph\">{\"@context\":\"https:\/\/schema.org\",\"@graph\":[{\"@type\":\"WebPage\",\"@id\":\"https:\/\/penosil.com\/fi\/tuotteet\/speedfix-universal-907-liima-lampotiloihin-nollan-alapuolella\/\",\"url\":\"https:\/\/penosil.com\/fi\/tuotteet\/speedfix-universal-907-liima-lampotiloihin-nollan-alapuolella\/\",\"name\":\"Penosil SpeedFix Universal 907 yleisliima \u2013 alkutartunta.\",\"isPartOf\":{\"@id\":\"https:\/\/penosil.com\/fi\/#website\"},\"primaryImageOfPage\":{\"@id\":\"https:\/\/penosil.com\/fi\/tuotteet\/speedfix-universal-907-liima-lampotiloihin-nollan-alapuolella\/#primaryimage\"},\"image\":{\"@id\":\"https:\/\/penosil.com\/fi\/tuotteet\/speedfix-universal-907-liima-lampotiloihin-nollan-alapuolella\/#primaryimage\"},\"thumbnailUrl\":\"https:\/\/penosil.com\/fi\/wp-content\/uploads\/sites\/5\/2020\/04\/907_SpeedFix_universal_907_EE_FI.png\",\"datePublished\":\"2020-04-02T09:40:56+00:00\",\"dateModified\":\"2025-02-19T14:32:21+00:00\",\"description\":\"Penosil SpeedFix Universal 907 yleisk\u00e4ytt\u00f6inen liuotinvapaa liima hyv\u00e4ll\u00e4 alkutartunnalla. Lue lis\u00e4\u00e4!\",\"breadcrumb\":{\"@id\":\"https:\/\/penosil.com\/fi\/tuotteet\/speedfix-universal-907-liima-lampotiloihin-nollan-alapuolella\/#breadcrumb\"},\"inLanguage\":\"fi\",\"potentialAction\":[{\"@type\":\"ReadAction\",\"target\":[\"https:\/\/penosil.com\/fi\/tuotteet\/speedfix-universal-907-liima-lampotiloihin-nollan-alapuolella\/\"]}]},{\"@type\":\"ImageObject\",\"inLanguage\":\"fi\",\"@id\":\"https:\/\/penosil.com\/fi\/tuotteet\/speedfix-universal-907-liima-lampotiloihin-nollan-alapuolella\/#primaryimage\",\"url\":\"https:\/\/penosil.com\/fi\/wp-content\/uploads\/sites\/5\/2020\/04\/907_SpeedFix_universal_907_EE_FI.png\",\"contentUrl\":\"https:\/\/penosil.com\/fi\/wp-content\/uploads\/sites\/5\/2020\/04\/907_SpeedFix_universal_907_EE_FI.png\",\"width\":870,\"height\":2430,\"caption\":\"Penosil 907_SpeedFix_universal_907\"},{\"@type\":\"BreadcrumbList\",\"@id\":\"https:\/\/penosil.com\/fi\/tuotteet\/speedfix-universal-907-liima-lampotiloihin-nollan-alapuolella\/#breadcrumb\",\"itemListElement\":[{\"@type\":\"ListItem\",\"position\":1,\"name\":\"Home\",\"item\":\"https:\/\/penosil.com\/fi\/\"},{\"@type\":\"ListItem\",\"position\":2,\"name\":\"Tuotteet\",\"item\":\"https:\/\/penosil.com\/fi\/tuotteet\/\"},{\"@type\":\"ListItem\",\"position\":3,\"name\":\"SpeedFix Universal 907\"}]},{\"@type\":\"WebSite\",\"@id\":\"https:\/\/penosil.com\/fi\/#website\",\"url\":\"https:\/\/penosil.com\/fi\/\",\"name\":\"Penosil Finland\",\"description\":\"\",\"potentialAction\":[{\"@type\":\"SearchAction\",\"target\":{\"@type\":\"EntryPoint\",\"urlTemplate\":\"https:\/\/penosil.com\/fi\/?s={search_term_string}\"},\"query-input\":{\"@type\":\"PropertyValueSpecification\",\"valueRequired\":true,\"valueName\":\"search_term_string\"}}],\"inLanguage\":\"fi\"}]}<\/script>\n<!-- \/ Yoast SEO plugin. -->","yoast_head_json":{"title":"Penosil SpeedFix Universal 907 yleisliima \u2013 alkutartunta.","description":"Penosil SpeedFix Universal 907 yleisk\u00e4ytt\u00f6inen liuotinvapaa liima hyv\u00e4ll\u00e4 alkutartunnalla. Lue lis\u00e4\u00e4!","robots":{"index":"index","follow":"follow","max-snippet":"max-snippet:-1","max-image-preview":"max-image-preview:large","max-video-preview":"max-video-preview:-1"},"canonical":"https:\/\/penosil.com\/fi\/tuotteet\/speedfix-universal-907-liima-lampotiloihin-nollan-alapuolella\/","og_locale":"fi_FI","og_type":"article","og_title":"Penosil SpeedFix Universal 907 yleisliima \u2013 alkutartunta.","og_description":"Penosil SpeedFix Universal 907 yleisk\u00e4ytt\u00f6inen liuotinvapaa liima hyv\u00e4ll\u00e4 alkutartunnalla. Lue lis\u00e4\u00e4!","og_url":"https:\/\/penosil.com\/fi\/tuotteet\/speedfix-universal-907-liima-lampotiloihin-nollan-alapuolella\/","og_site_name":"Penosil Finland","article_modified_time":"2025-02-19T14:32:21+00:00","og_image":[{"width":870,"height":2430,"url":"https:\/\/penosil.com\/fi\/wp-content\/uploads\/sites\/5\/2020\/04\/907_SpeedFix_universal_907_EE_FI.png","type":"image\/png"}],"twitter_card":"summary_large_image","twitter_misc":{"Arvioitu lukuaika":"3 minuuttia"},"schema":{"@context":"https:\/\/schema.org","@graph":[{"@type":"WebPage","@id":"https:\/\/penosil.com\/fi\/tuotteet\/speedfix-universal-907-liima-lampotiloihin-nollan-alapuolella\/","url":"https:\/\/penosil.com\/fi\/tuotteet\/speedfix-universal-907-liima-lampotiloihin-nollan-alapuolella\/","name":"Penosil SpeedFix Universal 907 yleisliima \u2013 alkutartunta.","isPartOf":{"@id":"https:\/\/penosil.com\/fi\/#website"},"primaryImageOfPage":{"@id":"https:\/\/penosil.com\/fi\/tuotteet\/speedfix-universal-907-liima-lampotiloihin-nollan-alapuolella\/#primaryimage"},"image":{"@id":"https:\/\/penosil.com\/fi\/tuotteet\/speedfix-universal-907-liima-lampotiloihin-nollan-alapuolella\/#primaryimage"},"thumbnailUrl":"https:\/\/penosil.com\/fi\/wp-content\/uploads\/sites\/5\/2020\/04\/907_SpeedFix_universal_907_EE_FI.png","datePublished":"2020-04-02T09:40:56+00:00","dateModified":"2025-02-19T14:32:21+00:00","description":"Penosil SpeedFix Universal 907 yleisk\u00e4ytt\u00f6inen liuotinvapaa liima hyv\u00e4ll\u00e4 alkutartunnalla. Lue lis\u00e4\u00e4!","breadcrumb":{"@id":"https:\/\/penosil.com\/fi\/tuotteet\/speedfix-universal-907-liima-lampotiloihin-nollan-alapuolella\/#breadcrumb"},"inLanguage":"fi","potentialAction":[{"@type":"ReadAction","target":["https:\/\/penosil.com\/fi\/tuotteet\/speedfix-universal-907-liima-lampotiloihin-nollan-alapuolella\/"]}]},{"@type":"ImageObject","inLanguage":"fi","@id":"https:\/\/penosil.com\/fi\/tuotteet\/speedfix-universal-907-liima-lampotiloihin-nollan-alapuolella\/#primaryimage","url":"https:\/\/penosil.com\/fi\/wp-content\/uploads\/sites\/5\/2020\/04\/907_SpeedFix_universal_907_EE_FI.png","contentUrl":"https:\/\/penosil.com\/fi\/wp-content\/uploads\/sites\/5\/2020\/04\/907_SpeedFix_universal_907_EE_FI.png","width":870,"height":2430,"caption":"Penosil 907_SpeedFix_universal_907"},{"@type":"BreadcrumbList","@id":"https:\/\/penosil.com\/fi\/tuotteet\/speedfix-universal-907-liima-lampotiloihin-nollan-alapuolella\/#breadcrumb","itemListElement":[{"@type":"ListItem","position":1,"name":"Home","item":"https:\/\/penosil.com\/fi\/"},{"@type":"ListItem","position":2,"name":"Tuotteet","item":"https:\/\/penosil.com\/fi\/tuotteet\/"},{"@type":"ListItem","position":3,"name":"SpeedFix Universal 907"}]},{"@type":"WebSite","@id":"https:\/\/penosil.com\/fi\/#website","url":"https:\/\/penosil.com\/fi\/","name":"Penosil Finland","description":"","potentialAction":[{"@type":"SearchAction","target":{"@type":"EntryPoint","urlTemplate":"https:\/\/penosil.com\/fi\/?s={search_term_string}"},"query-input":{"@type":"PropertyValueSpecification","valueRequired":true,"valueName":"search_term_string"}}],"inLanguage":"fi"}]}},"featured_img":"https:\/\/penosil.com\/fi\/wp-content\/uploads\/sites\/5\/2020\/04\/907_SpeedFix_universal_907_EE_FI.png","coauthors":[],"author_meta":{"author_link":"https:\/\/penosil.com\/fi\/author\/","display_name":""},"relative_dates":{"created":"Posted 6 vuotta ago","modified":"Updated 1 vuosi ago"},"absolute_dates":{"created":"Posted on 2.4.2020","modified":"Updated on 19.2.2025"},"absolute_dates_time":{"created":"Posted on 2.4.2020 9:40","modified":"Updated on 19.2.2025 14:32"},"featured_img_caption":"","tax_additional":{"product_brand":{"linked":[],"unlinked":[],"slug":"product_brand","name":"Br\u00e4ndit"},"product_type":{"linked":["<a href=\"https:\/\/penosil.com\/fi\/?taxonomy=product_type&#038;term=simple\" class=\"advgb-post-tax-term\">simple<\/a>"],"unlinked":["<span class=\"advgb-post-tax-term\">simple<\/span>"],"slug":"product_type","name":"Tuotetyyppi"},"product_visibility":{"linked":[],"unlinked":[],"slug":"product_visibility","name":"Tuotteen n\u00e4kyvyys"},"product_cat":{"linked":["<a href=\"https:\/\/penosil.com\/fi\/tuote-osasto\/kayttokohteet\/\" class=\"advgb-post-tax-term\">K\u00e4ytt\u00f6kohteet<\/a>","<a href=\"https:\/\/penosil.com\/fi\/tuote-osasto\/tuoteryhmat\/liimat\/liuotinpohjaiset-liimat\/\" class=\"advgb-post-tax-term\">Liuotinpohjaiset liimat<\/a>","<a href=\"https:\/\/penosil.com\/fi\/tuote-osasto\/tuoteryhmat\/\" class=\"advgb-post-tax-term\">Tuoteryhm\u00e4t<\/a>","<a href=\"https:\/\/penosil.com\/fi\/tuote-osasto\/tuoteryhmat\/liimat\/\" class=\"advgb-post-tax-term\">Liimat<\/a>","<a href=\"https:\/\/penosil.com\/fi\/tuote-osasto\/kayttokohteet\/liimaus\/\" class=\"advgb-post-tax-term\">Liimaus<\/a>"],"unlinked":["<span class=\"advgb-post-tax-term\">K\u00e4ytt\u00f6kohteet<\/span>","<span class=\"advgb-post-tax-term\">Liuotinpohjaiset liimat<\/span>","<span class=\"advgb-post-tax-term\">Tuoteryhm\u00e4t<\/span>","<span class=\"advgb-post-tax-term\">Liimat<\/span>","<span class=\"advgb-post-tax-term\">Liimaus<\/span>"],"slug":"product_cat","name":"Osastot"},"product_tag":{"linked":[],"unlinked":[],"slug":"product_tag","name":"Avainsanat tuotteelle"},"product_shipping_class":{"linked":[],"unlinked":[],"slug":"product_shipping_class","name":"Tuotteen toimitusluokat"},"pos_product_visibility":{"linked":[],"unlinked":[],"slug":"pos_product_visibility","name":"POS Product visibility"},"pa_color":{"linked":["<a href=\"https:\/\/penosil.com\/fi\/?taxonomy=pa_color&#038;term=beige\" class=\"advgb-post-tax-term\">Beige<\/a>"],"unlinked":["<span class=\"advgb-post-tax-term\">Beige<\/span>"],"slug":"pa_color","name":"Product Colour"},"pa_package":{"linked":["<a href=\"https:\/\/penosil.com\/fi\/?taxonomy=pa_package&#038;term=290-ml\" class=\"advgb-post-tax-term\">290 ml<\/a>"],"unlinked":["<span class=\"advgb-post-tax-term\">290 ml<\/span>"],"slug":"pa_package","name":"Product Package"},"translation_priority":{"linked":["<a href=\"https:\/\/penosil.com\/fi\/?taxonomy=translation_priority&#038;term=optional-fi\" class=\"advgb-post-tax-term\">Optional<\/a>"],"unlinked":["<span class=\"advgb-post-tax-term\">Optional<\/span>"],"slug":"translation_priority","name":"Translation Priorities"}},"series_order":"","_links":{"self":[{"href":"https:\/\/penosil.com\/fi\/wp-json\/wp\/v2\/product\/7545","targetHints":{"allow":["GET"]}}],"collection":[{"href":"https:\/\/penosil.com\/fi\/wp-json\/wp\/v2\/product"}],"about":[{"href":"https:\/\/penosil.com\/fi\/wp-json\/wp\/v2\/types\/product"}],"version-history":[{"count":2,"href":"https:\/\/penosil.com\/fi\/wp-json\/wp\/v2\/product\/7545\/revisions"}],"predecessor-version":[{"id":10095,"href":"https:\/\/penosil.com\/fi\/wp-json\/wp\/v2\/product\/7545\/revisions\/10095"}],"wp:featuredmedia":[{"embeddable":true,"href":"https:\/\/penosil.com\/fi\/wp-json\/wp\/v2\/media\/9680"}],"wp:attachment":[{"href":"https:\/\/penosil.com\/fi\/wp-json\/wp\/v2\/media?parent=7545"}],"wp:term":[{"taxonomy":"product_brand","embeddable":true,"href":"https:\/\/penosil.com\/fi\/wp-json\/wp\/v2\/product_brand?post=7545"},{"taxonomy":"product_cat","embeddable":true,"href":"https:\/\/penosil.com\/fi\/wp-json\/wp\/v2\/product_cat?post=7545"},{"taxonomy":"product_tag","embeddable":true,"href":"https:\/\/penosil.com\/fi\/wp-json\/wp\/v2\/product_tag?post=7545"}],"curies":[{"name":"wp","href":"https:\/\/api.w.org\/{rel}","templated":true}]}}