{"id":7596,"date":"2020-04-03T13:55:29","date_gmt":"2020-04-03T13:55:29","guid":{"rendered":"https:\/\/penosil.com\/fi\/?post_type=product&#038;p=7596"},"modified":"2025-02-19T14:14:57","modified_gmt":"2025-02-19T14:14:57","slug":"floor-wall-universalfix-619-liima-seina-ja-lattiapinnoitteille","status":"publish","type":"product","link":"https:\/\/penosil.com\/fi\/tuotteet\/floor-wall-universalfix-619-liima-seina-ja-lattiapinnoitteille\/","title":{"rendered":"Floor&amp;Wall UniversalFix 619"},"content":{"rendered":"<p>Vesipohjainen akryyliliima erilaisten lattia- ja sein\u00e4pinnoitteiden liimaukseen, kuten matot, PVC, vinyyli, huopa, korkki. Hyv\u00e4 tarttuvuus my\u00f6s tasaisille ja ei-imeville pinnoille.<\/p>\n","protected":false},"excerpt":{"rendered":"Vesipohjainen akryyliliima erilaisten lattia- ja sein\u00e4pinnoitteiden liimaukseen, kuten matot, PVC, vinyyli, huopa, korkki. Hyv\u00e4 tarttuvuus my\u00f6s tasaisille ja ei-imeville pinnoille.","protected":false},"author":3,"featured_media":9791,"template":"","meta":{"_acf_changed":false,"advgb_blocks_editor_width":"","advgb_blocks_columns_visual_guide":"","footnotes":""},"product_brand":[],"product_cat":[334,1361,2324,1384,348],"product_tag":[],"class_list":{"0":"post-7596","1":"product","2":"type-product","3":"status-publish","4":"has-post-thumbnail","6":"product_cat-kayttokohteet","7":"product_cat-tuoteryhmat","8":"product_cat-akryyliliimat","9":"product_cat-liimat","10":"product_cat-liimaus","12":"first","13":"instock","14":"taxable","15":"shipping-taxable","16":"purchasable","17":"product-type-variable","18":"has-default-attributes"},"acf":[],"yoast_head":"<!-- This site is optimized with the Yoast SEO plugin v27.2 - https:\/\/yoast.com\/product\/yoast-seo-wordpress\/ -->\n<title>Penosil Floor&amp;Wall UniversalFix 619 liima lattia- ja sein\u00e4pinnoitteille<\/title>\n<meta name=\"description\" content=\"Penosil Floor&amp;Wall UniversalFix 619 liima erilaisten lattia- ja sein\u00e4pinnoitteiden liimaukseen, kuten matot, PVC, vinyyli jne.\" \/>\n<meta name=\"robots\" content=\"index, follow, max-snippet:-1, max-image-preview:large, max-video-preview:-1\" \/>\n<link rel=\"canonical\" href=\"https:\/\/penosil.com\/fi\/tuotteet\/floor-wall-universalfix-619-liima-seina-ja-lattiapinnoitteille\/\" \/>\n<meta property=\"og:locale\" content=\"fi_FI\" \/>\n<meta property=\"og:type\" content=\"article\" \/>\n<meta property=\"og:title\" content=\"Penosil Floor&amp;Wall UniversalFix 619 liima lattia- ja sein\u00e4pinnoitteille\" \/>\n<meta property=\"og:description\" content=\"Penosil Floor&amp;Wall UniversalFix 619 liima erilaisten lattia- ja sein\u00e4pinnoitteiden liimaukseen, kuten matot, PVC, vinyyli jne.\" \/>\n<meta property=\"og:url\" content=\"https:\/\/penosil.com\/fi\/tuotteet\/floor-wall-universalfix-619-liima-seina-ja-lattiapinnoitteille\/\" \/>\n<meta property=\"og:site_name\" content=\"Penosil Finland\" \/>\n<meta property=\"article:modified_time\" content=\"2025-02-19T14:14:57+00:00\" \/>\n<meta property=\"og:image\" content=\"https:\/\/penosil.com\/fi\/wp-content\/uploads\/sites\/5\/2020\/04\/619_-FloorWall_UniversalFix_619_3kg_EE_FI-1.png\" \/>\n\t<meta property=\"og:image:width\" content=\"600\" \/>\n\t<meta property=\"og:image:height\" content=\"1080\" \/>\n\t<meta property=\"og:image:type\" content=\"image\/png\" \/>\n<meta name=\"twitter:card\" content=\"summary_large_image\" \/>\n<meta name=\"twitter:label1\" content=\"Arvioitu lukuaika\" \/>\n\t<meta name=\"twitter:data1\" content=\"3 minuuttia\" \/>\n<script type=\"application\/ld+json\" class=\"yoast-schema-graph\">{\"@context\":\"https:\/\/schema.org\",\"@graph\":[{\"@type\":\"WebPage\",\"@id\":\"https:\/\/penosil.com\/fi\/tuotteet\/floor-wall-universalfix-619-liima-seina-ja-lattiapinnoitteille\/\",\"url\":\"https:\/\/penosil.com\/fi\/tuotteet\/floor-wall-universalfix-619-liima-seina-ja-lattiapinnoitteille\/\",\"name\":\"Penosil Floor&Wall UniversalFix 619 liima lattia- ja sein\u00e4pinnoitteille\",\"isPartOf\":{\"@id\":\"https:\/\/penosil.com\/fi\/#website\"},\"primaryImageOfPage\":{\"@id\":\"https:\/\/penosil.com\/fi\/tuotteet\/floor-wall-universalfix-619-liima-seina-ja-lattiapinnoitteille\/#primaryimage\"},\"image\":{\"@id\":\"https:\/\/penosil.com\/fi\/tuotteet\/floor-wall-universalfix-619-liima-seina-ja-lattiapinnoitteille\/#primaryimage\"},\"thumbnailUrl\":\"https:\/\/penosil.com\/fi\/wp-content\/uploads\/sites\/5\/2020\/04\/619_-FloorWall_UniversalFix_619_3kg_EE_FI-1.png\",\"datePublished\":\"2020-04-03T13:55:29+00:00\",\"dateModified\":\"2025-02-19T14:14:57+00:00\",\"description\":\"Penosil Floor&Wall UniversalFix 619 liima erilaisten lattia- ja sein\u00e4pinnoitteiden liimaukseen, kuten matot, PVC, vinyyli jne.\",\"breadcrumb\":{\"@id\":\"https:\/\/penosil.com\/fi\/tuotteet\/floor-wall-universalfix-619-liima-seina-ja-lattiapinnoitteille\/#breadcrumb\"},\"inLanguage\":\"fi\",\"potentialAction\":[{\"@type\":\"ReadAction\",\"target\":[\"https:\/\/penosil.com\/fi\/tuotteet\/floor-wall-universalfix-619-liima-seina-ja-lattiapinnoitteille\/\"]}]},{\"@type\":\"ImageObject\",\"inLanguage\":\"fi\",\"@id\":\"https:\/\/penosil.com\/fi\/tuotteet\/floor-wall-universalfix-619-liima-seina-ja-lattiapinnoitteille\/#primaryimage\",\"url\":\"https:\/\/penosil.com\/fi\/wp-content\/uploads\/sites\/5\/2020\/04\/619_-FloorWall_UniversalFix_619_3kg_EE_FI-1.png\",\"contentUrl\":\"https:\/\/penosil.com\/fi\/wp-content\/uploads\/sites\/5\/2020\/04\/619_-FloorWall_UniversalFix_619_3kg_EE_FI-1.png\",\"width\":600,\"height\":1080,\"caption\":\"Penosil FloorWall_UniversalFix_619\"},{\"@type\":\"BreadcrumbList\",\"@id\":\"https:\/\/penosil.com\/fi\/tuotteet\/floor-wall-universalfix-619-liima-seina-ja-lattiapinnoitteille\/#breadcrumb\",\"itemListElement\":[{\"@type\":\"ListItem\",\"position\":1,\"name\":\"Home\",\"item\":\"https:\/\/penosil.com\/fi\/\"},{\"@type\":\"ListItem\",\"position\":2,\"name\":\"Tuotteet\",\"item\":\"https:\/\/penosil.com\/fi\/tuotteet\/\"},{\"@type\":\"ListItem\",\"position\":3,\"name\":\"Floor&amp;Wall UniversalFix 619\"}]},{\"@type\":\"WebSite\",\"@id\":\"https:\/\/penosil.com\/fi\/#website\",\"url\":\"https:\/\/penosil.com\/fi\/\",\"name\":\"Penosil Finland\",\"description\":\"\",\"potentialAction\":[{\"@type\":\"SearchAction\",\"target\":{\"@type\":\"EntryPoint\",\"urlTemplate\":\"https:\/\/penosil.com\/fi\/?s={search_term_string}\"},\"query-input\":{\"@type\":\"PropertyValueSpecification\",\"valueRequired\":true,\"valueName\":\"search_term_string\"}}],\"inLanguage\":\"fi\"}]}<\/script>\n<!-- \/ Yoast SEO plugin. -->","yoast_head_json":{"title":"Penosil Floor&Wall UniversalFix 619 liima lattia- ja sein\u00e4pinnoitteille","description":"Penosil Floor&Wall UniversalFix 619 liima erilaisten lattia- ja sein\u00e4pinnoitteiden liimaukseen, kuten matot, PVC, vinyyli jne.","robots":{"index":"index","follow":"follow","max-snippet":"max-snippet:-1","max-image-preview":"max-image-preview:large","max-video-preview":"max-video-preview:-1"},"canonical":"https:\/\/penosil.com\/fi\/tuotteet\/floor-wall-universalfix-619-liima-seina-ja-lattiapinnoitteille\/","og_locale":"fi_FI","og_type":"article","og_title":"Penosil Floor&Wall UniversalFix 619 liima lattia- ja sein\u00e4pinnoitteille","og_description":"Penosil Floor&Wall UniversalFix 619 liima erilaisten lattia- ja sein\u00e4pinnoitteiden liimaukseen, kuten matot, PVC, vinyyli jne.","og_url":"https:\/\/penosil.com\/fi\/tuotteet\/floor-wall-universalfix-619-liima-seina-ja-lattiapinnoitteille\/","og_site_name":"Penosil Finland","article_modified_time":"2025-02-19T14:14:57+00:00","og_image":[{"width":600,"height":1080,"url":"https:\/\/penosil.com\/fi\/wp-content\/uploads\/sites\/5\/2020\/04\/619_-FloorWall_UniversalFix_619_3kg_EE_FI-1.png","type":"image\/png"}],"twitter_card":"summary_large_image","twitter_misc":{"Arvioitu lukuaika":"3 minuuttia"},"schema":{"@context":"https:\/\/schema.org","@graph":[{"@type":"WebPage","@id":"https:\/\/penosil.com\/fi\/tuotteet\/floor-wall-universalfix-619-liima-seina-ja-lattiapinnoitteille\/","url":"https:\/\/penosil.com\/fi\/tuotteet\/floor-wall-universalfix-619-liima-seina-ja-lattiapinnoitteille\/","name":"Penosil Floor&Wall UniversalFix 619 liima lattia- ja sein\u00e4pinnoitteille","isPartOf":{"@id":"https:\/\/penosil.com\/fi\/#website"},"primaryImageOfPage":{"@id":"https:\/\/penosil.com\/fi\/tuotteet\/floor-wall-universalfix-619-liima-seina-ja-lattiapinnoitteille\/#primaryimage"},"image":{"@id":"https:\/\/penosil.com\/fi\/tuotteet\/floor-wall-universalfix-619-liima-seina-ja-lattiapinnoitteille\/#primaryimage"},"thumbnailUrl":"https:\/\/penosil.com\/fi\/wp-content\/uploads\/sites\/5\/2020\/04\/619_-FloorWall_UniversalFix_619_3kg_EE_FI-1.png","datePublished":"2020-04-03T13:55:29+00:00","dateModified":"2025-02-19T14:14:57+00:00","description":"Penosil Floor&Wall UniversalFix 619 liima erilaisten lattia- ja sein\u00e4pinnoitteiden liimaukseen, kuten matot, PVC, vinyyli jne.","breadcrumb":{"@id":"https:\/\/penosil.com\/fi\/tuotteet\/floor-wall-universalfix-619-liima-seina-ja-lattiapinnoitteille\/#breadcrumb"},"inLanguage":"fi","potentialAction":[{"@type":"ReadAction","target":["https:\/\/penosil.com\/fi\/tuotteet\/floor-wall-universalfix-619-liima-seina-ja-lattiapinnoitteille\/"]}]},{"@type":"ImageObject","inLanguage":"fi","@id":"https:\/\/penosil.com\/fi\/tuotteet\/floor-wall-universalfix-619-liima-seina-ja-lattiapinnoitteille\/#primaryimage","url":"https:\/\/penosil.com\/fi\/wp-content\/uploads\/sites\/5\/2020\/04\/619_-FloorWall_UniversalFix_619_3kg_EE_FI-1.png","contentUrl":"https:\/\/penosil.com\/fi\/wp-content\/uploads\/sites\/5\/2020\/04\/619_-FloorWall_UniversalFix_619_3kg_EE_FI-1.png","width":600,"height":1080,"caption":"Penosil FloorWall_UniversalFix_619"},{"@type":"BreadcrumbList","@id":"https:\/\/penosil.com\/fi\/tuotteet\/floor-wall-universalfix-619-liima-seina-ja-lattiapinnoitteille\/#breadcrumb","itemListElement":[{"@type":"ListItem","position":1,"name":"Home","item":"https:\/\/penosil.com\/fi\/"},{"@type":"ListItem","position":2,"name":"Tuotteet","item":"https:\/\/penosil.com\/fi\/tuotteet\/"},{"@type":"ListItem","position":3,"name":"Floor&amp;Wall UniversalFix 619"}]},{"@type":"WebSite","@id":"https:\/\/penosil.com\/fi\/#website","url":"https:\/\/penosil.com\/fi\/","name":"Penosil Finland","description":"","potentialAction":[{"@type":"SearchAction","target":{"@type":"EntryPoint","urlTemplate":"https:\/\/penosil.com\/fi\/?s={search_term_string}"},"query-input":{"@type":"PropertyValueSpecification","valueRequired":true,"valueName":"search_term_string"}}],"inLanguage":"fi"}]}},"featured_img":"https:\/\/penosil.com\/fi\/wp-content\/uploads\/sites\/5\/2020\/04\/619_-FloorWall_UniversalFix_619_3kg_EE_FI-1.png","coauthors":[],"author_meta":{"author_link":"https:\/\/penosil.com\/fi\/author\/","display_name":""},"relative_dates":{"created":"Posted 6 vuotta ago","modified":"Updated 1 vuosi ago"},"absolute_dates":{"created":"Posted on 3.4.2020","modified":"Updated on 19.2.2025"},"absolute_dates_time":{"created":"Posted on 3.4.2020 13:55","modified":"Updated on 19.2.2025 14:14"},"featured_img_caption":"","tax_additional":{"product_brand":{"linked":[],"unlinked":[],"slug":"product_brand","name":"Br\u00e4ndit"},"product_type":{"linked":["<a href=\"https:\/\/penosil.com\/fi\/?taxonomy=product_type&#038;term=variable\" class=\"advgb-post-tax-term\">variable<\/a>"],"unlinked":["<span class=\"advgb-post-tax-term\">variable<\/span>"],"slug":"product_type","name":"Tuotetyyppi"},"product_visibility":{"linked":[],"unlinked":[],"slug":"product_visibility","name":"Tuotteen n\u00e4kyvyys"},"product_cat":{"linked":["<a href=\"https:\/\/penosil.com\/fi\/tuote-osasto\/kayttokohteet\/\" class=\"advgb-post-tax-term\">K\u00e4ytt\u00f6kohteet<\/a>","<a href=\"https:\/\/penosil.com\/fi\/tuote-osasto\/tuoteryhmat\/\" class=\"advgb-post-tax-term\">Tuoteryhm\u00e4t<\/a>","<a href=\"https:\/\/penosil.com\/fi\/tuote-osasto\/tuoteryhmat\/liimat\/akryyliliimat\/\" class=\"advgb-post-tax-term\">Akryyliliimat<\/a>","<a href=\"https:\/\/penosil.com\/fi\/tuote-osasto\/tuoteryhmat\/liimat\/\" class=\"advgb-post-tax-term\">Liimat<\/a>","<a href=\"https:\/\/penosil.com\/fi\/tuote-osasto\/kayttokohteet\/liimaus\/\" class=\"advgb-post-tax-term\">Liimaus<\/a>"],"unlinked":["<span class=\"advgb-post-tax-term\">K\u00e4ytt\u00f6kohteet<\/span>","<span class=\"advgb-post-tax-term\">Tuoteryhm\u00e4t<\/span>","<span class=\"advgb-post-tax-term\">Akryyliliimat<\/span>","<span class=\"advgb-post-tax-term\">Liimat<\/span>","<span class=\"advgb-post-tax-term\">Liimaus<\/span>"],"slug":"product_cat","name":"Osastot"},"product_tag":{"linked":[],"unlinked":[],"slug":"product_tag","name":"Avainsanat tuotteelle"},"product_shipping_class":{"linked":[],"unlinked":[],"slug":"product_shipping_class","name":"Tuotteen toimitusluokat"},"pos_product_visibility":{"linked":[],"unlinked":[],"slug":"pos_product_visibility","name":"POS Product visibility"},"pa_color":{"linked":["<a href=\"https:\/\/penosil.com\/fi\/?taxonomy=pa_color&#038;term=vaaleankeltainen\" class=\"advgb-post-tax-term\">Vaaleankeltainen<\/a>"],"unlinked":["<span class=\"advgb-post-tax-term\">Vaaleankeltainen<\/span>"],"slug":"pa_color","name":"Product Colour"},"pa_package":{"linked":["<a href=\"https:\/\/penosil.com\/fi\/?taxonomy=pa_package&#038;term=15-kg\" class=\"advgb-post-tax-term\">15 kg<\/a>","<a href=\"https:\/\/penosil.com\/fi\/?taxonomy=pa_package&#038;term=3-kg\" class=\"advgb-post-tax-term\">3 kg<\/a>"],"unlinked":["<span class=\"advgb-post-tax-term\">15 kg<\/span>","<span class=\"advgb-post-tax-term\">3 kg<\/span>"],"slug":"pa_package","name":"Product Package"},"translation_priority":{"linked":["<a href=\"https:\/\/penosil.com\/fi\/?taxonomy=translation_priority&#038;term=optional-fi\" class=\"advgb-post-tax-term\">Optional<\/a>"],"unlinked":["<span class=\"advgb-post-tax-term\">Optional<\/span>"],"slug":"translation_priority","name":"Translation Priorities"}},"series_order":"","_links":{"self":[{"href":"https:\/\/penosil.com\/fi\/wp-json\/wp\/v2\/product\/7596","targetHints":{"allow":["GET"]}}],"collection":[{"href":"https:\/\/penosil.com\/fi\/wp-json\/wp\/v2\/product"}],"about":[{"href":"https:\/\/penosil.com\/fi\/wp-json\/wp\/v2\/types\/product"}],"version-history":[{"count":3,"href":"https:\/\/penosil.com\/fi\/wp-json\/wp\/v2\/product\/7596\/revisions"}],"predecessor-version":[{"id":10080,"href":"https:\/\/penosil.com\/fi\/wp-json\/wp\/v2\/product\/7596\/revisions\/10080"}],"wp:featuredmedia":[{"embeddable":true,"href":"https:\/\/penosil.com\/fi\/wp-json\/wp\/v2\/media\/9791"}],"wp:attachment":[{"href":"https:\/\/penosil.com\/fi\/wp-json\/wp\/v2\/media?parent=7596"}],"wp:term":[{"taxonomy":"product_brand","embeddable":true,"href":"https:\/\/penosil.com\/fi\/wp-json\/wp\/v2\/product_brand?post=7596"},{"taxonomy":"product_cat","embeddable":true,"href":"https:\/\/penosil.com\/fi\/wp-json\/wp\/v2\/product_cat?post=7596"},{"taxonomy":"product_tag","embeddable":true,"href":"https:\/\/penosil.com\/fi\/wp-json\/wp\/v2\/product_tag?post=7596"}],"curies":[{"name":"wp","href":"https:\/\/api.w.org\/{rel}","templated":true}]}}