{"id":7645,"date":"2020-04-06T07:29:03","date_gmt":"2020-04-06T07:29:03","guid":{"rendered":"https:\/\/penosil.com\/fi\/?post_type=product&#038;p=7645"},"modified":"2025-04-09T09:57:17","modified_gmt":"2025-04-09T09:57:17","slug":"penosil-gaps-cracks-acrylic-sealant","status":"publish","type":"product","link":"https:\/\/penosil.com\/fi\/tuotteet\/penosil-gaps-cracks-acrylic-sealant\/","title":{"rendered":"PENOSIL Gaps &amp; Cracks"},"content":{"rendered":"<p>Maalattava akryylitiivistysaine rakojen ja halkeamien hienot\u00e4ytt\u00f6\u00f6n ennen maalausta.<\/p>\n","protected":false},"excerpt":{"rendered":"Maalattava akryylitiivistysaine rakojen ja halkeamien hienot\u00e4ytt\u00f6\u00f6n ennen maalausta.","protected":false},"author":3,"featured_media":8568,"template":"","meta":{"_acf_changed":false,"advgb_blocks_editor_width":"","advgb_blocks_columns_visual_guide":"","footnotes":""},"product_brand":[],"product_cat":[1361,1604,2279,1618,2284],"product_tag":[],"class_list":{"0":"post-7645","1":"product","2":"type-product","3":"status-publish","4":"has-post-thumbnail","6":"product_cat-tuoteryhmat","7":"product_cat-tiivisteet","8":"product_cat-easypro","9":"product_cat-akryylit","10":"product_cat-pintakasittely-ja-taytto","12":"first","13":"instock","14":"taxable","15":"shipping-taxable","16":"purchasable","17":"product-type-simple"},"acf":[],"yoast_head":"<!-- This site is optimized with the Yoast SEO plugin v27.2 - https:\/\/yoast.com\/product\/yoast-seo-wordpress\/ -->\n<title>PENOSIL Gaps &amp; Cracks Acrylic Sealant rakojen t\u00e4ytt\u00e4miseen<\/title>\n<meta name=\"description\" content=\"PENOSIL Gaps &amp; Cracks Acrylic Sealant on maalattava akryylitiivistysaine rakojen ja halkeamien hienot\u00e4ytt\u00f6\u00f6n ennen maalausta. Ota selv\u00e4\u00e4!\" \/>\n<meta name=\"robots\" content=\"index, follow, max-snippet:-1, max-image-preview:large, max-video-preview:-1\" \/>\n<link rel=\"canonical\" href=\"https:\/\/penosil.com\/fi\/tuotteet\/penosil-gaps-cracks-acrylic-sealant\/\" \/>\n<meta property=\"og:locale\" content=\"fi_FI\" \/>\n<meta property=\"og:type\" content=\"article\" \/>\n<meta property=\"og:title\" content=\"PENOSIL Gaps &amp; Cracks Acrylic Sealant rakojen t\u00e4ytt\u00e4miseen\" \/>\n<meta property=\"og:description\" content=\"PENOSIL Gaps &amp; Cracks Acrylic Sealant on maalattava akryylitiivistysaine rakojen ja halkeamien hienot\u00e4ytt\u00f6\u00f6n ennen maalausta. Ota selv\u00e4\u00e4!\" \/>\n<meta property=\"og:url\" content=\"https:\/\/penosil.com\/fi\/tuotteet\/penosil-gaps-cracks-acrylic-sealant\/\" \/>\n<meta property=\"og:site_name\" content=\"Penosil Finland\" \/>\n<meta property=\"article:modified_time\" content=\"2025-04-09T09:57:17+00:00\" \/>\n<meta property=\"og:image\" content=\"https:\/\/penosil.com\/fi\/wp-content\/uploads\/sites\/5\/2020\/04\/PENOSIL_Gaps_Cracks_Acrylic_Sealant_310ml_FI_SE_spatula.jpg\" \/>\n\t<meta property=\"og:image:width\" content=\"767\" \/>\n\t<meta property=\"og:image:height\" content=\"2102\" \/>\n\t<meta property=\"og:image:type\" content=\"image\/jpeg\" \/>\n<meta name=\"twitter:card\" content=\"summary_large_image\" \/>\n<meta name=\"twitter:label1\" content=\"Arvioitu lukuaika\" \/>\n\t<meta name=\"twitter:data1\" content=\"2 minuuttia\" \/>\n<script type=\"application\/ld+json\" class=\"yoast-schema-graph\">{\"@context\":\"https:\/\/schema.org\",\"@graph\":[{\"@type\":\"WebPage\",\"@id\":\"https:\/\/penosil.com\/fi\/tuotteet\/penosil-gaps-cracks-acrylic-sealant\/\",\"url\":\"https:\/\/penosil.com\/fi\/tuotteet\/penosil-gaps-cracks-acrylic-sealant\/\",\"name\":\"PENOSIL Gaps & Cracks Acrylic Sealant rakojen t\u00e4ytt\u00e4miseen\",\"isPartOf\":{\"@id\":\"https:\/\/penosil.com\/fi\/#website\"},\"primaryImageOfPage\":{\"@id\":\"https:\/\/penosil.com\/fi\/tuotteet\/penosil-gaps-cracks-acrylic-sealant\/#primaryimage\"},\"image\":{\"@id\":\"https:\/\/penosil.com\/fi\/tuotteet\/penosil-gaps-cracks-acrylic-sealant\/#primaryimage\"},\"thumbnailUrl\":\"https:\/\/penosil.com\/fi\/wp-content\/uploads\/sites\/5\/2020\/04\/PENOSIL_Gaps_Cracks_Acrylic_Sealant_310ml_FI_SE_spatula.jpg\",\"datePublished\":\"2020-04-06T07:29:03+00:00\",\"dateModified\":\"2025-04-09T09:57:17+00:00\",\"description\":\"PENOSIL Gaps & Cracks Acrylic Sealant on maalattava akryylitiivistysaine rakojen ja halkeamien hienot\u00e4ytt\u00f6\u00f6n ennen maalausta. Ota selv\u00e4\u00e4!\",\"breadcrumb\":{\"@id\":\"https:\/\/penosil.com\/fi\/tuotteet\/penosil-gaps-cracks-acrylic-sealant\/#breadcrumb\"},\"inLanguage\":\"fi\",\"potentialAction\":[{\"@type\":\"ReadAction\",\"target\":[\"https:\/\/penosil.com\/fi\/tuotteet\/penosil-gaps-cracks-acrylic-sealant\/\"]}]},{\"@type\":\"ImageObject\",\"inLanguage\":\"fi\",\"@id\":\"https:\/\/penosil.com\/fi\/tuotteet\/penosil-gaps-cracks-acrylic-sealant\/#primaryimage\",\"url\":\"https:\/\/penosil.com\/fi\/wp-content\/uploads\/sites\/5\/2020\/04\/PENOSIL_Gaps_Cracks_Acrylic_Sealant_310ml_FI_SE_spatula.jpg\",\"contentUrl\":\"https:\/\/penosil.com\/fi\/wp-content\/uploads\/sites\/5\/2020\/04\/PENOSIL_Gaps_Cracks_Acrylic_Sealant_310ml_FI_SE_spatula.jpg\",\"width\":767,\"height\":2102},{\"@type\":\"BreadcrumbList\",\"@id\":\"https:\/\/penosil.com\/fi\/tuotteet\/penosil-gaps-cracks-acrylic-sealant\/#breadcrumb\",\"itemListElement\":[{\"@type\":\"ListItem\",\"position\":1,\"name\":\"Home\",\"item\":\"https:\/\/penosil.com\/fi\/\"},{\"@type\":\"ListItem\",\"position\":2,\"name\":\"Tuotteet\",\"item\":\"https:\/\/penosil.com\/fi\/tuotteet\/\"},{\"@type\":\"ListItem\",\"position\":3,\"name\":\"PENOSIL Gaps &amp; Cracks\"}]},{\"@type\":\"WebSite\",\"@id\":\"https:\/\/penosil.com\/fi\/#website\",\"url\":\"https:\/\/penosil.com\/fi\/\",\"name\":\"Penosil Finland\",\"description\":\"\",\"potentialAction\":[{\"@type\":\"SearchAction\",\"target\":{\"@type\":\"EntryPoint\",\"urlTemplate\":\"https:\/\/penosil.com\/fi\/?s={search_term_string}\"},\"query-input\":{\"@type\":\"PropertyValueSpecification\",\"valueRequired\":true,\"valueName\":\"search_term_string\"}}],\"inLanguage\":\"fi\"}]}<\/script>\n<!-- \/ Yoast SEO plugin. -->","yoast_head_json":{"title":"PENOSIL Gaps & Cracks Acrylic Sealant rakojen t\u00e4ytt\u00e4miseen","description":"PENOSIL Gaps & Cracks Acrylic Sealant on maalattava akryylitiivistysaine rakojen ja halkeamien hienot\u00e4ytt\u00f6\u00f6n ennen maalausta. Ota selv\u00e4\u00e4!","robots":{"index":"index","follow":"follow","max-snippet":"max-snippet:-1","max-image-preview":"max-image-preview:large","max-video-preview":"max-video-preview:-1"},"canonical":"https:\/\/penosil.com\/fi\/tuotteet\/penosil-gaps-cracks-acrylic-sealant\/","og_locale":"fi_FI","og_type":"article","og_title":"PENOSIL Gaps & Cracks Acrylic Sealant rakojen t\u00e4ytt\u00e4miseen","og_description":"PENOSIL Gaps & Cracks Acrylic Sealant on maalattava akryylitiivistysaine rakojen ja halkeamien hienot\u00e4ytt\u00f6\u00f6n ennen maalausta. Ota selv\u00e4\u00e4!","og_url":"https:\/\/penosil.com\/fi\/tuotteet\/penosil-gaps-cracks-acrylic-sealant\/","og_site_name":"Penosil Finland","article_modified_time":"2025-04-09T09:57:17+00:00","og_image":[{"width":767,"height":2102,"url":"https:\/\/penosil.com\/fi\/wp-content\/uploads\/sites\/5\/2020\/04\/PENOSIL_Gaps_Cracks_Acrylic_Sealant_310ml_FI_SE_spatula.jpg","type":"image\/jpeg"}],"twitter_card":"summary_large_image","twitter_misc":{"Arvioitu lukuaika":"2 minuuttia"},"schema":{"@context":"https:\/\/schema.org","@graph":[{"@type":"WebPage","@id":"https:\/\/penosil.com\/fi\/tuotteet\/penosil-gaps-cracks-acrylic-sealant\/","url":"https:\/\/penosil.com\/fi\/tuotteet\/penosil-gaps-cracks-acrylic-sealant\/","name":"PENOSIL Gaps & Cracks Acrylic Sealant rakojen t\u00e4ytt\u00e4miseen","isPartOf":{"@id":"https:\/\/penosil.com\/fi\/#website"},"primaryImageOfPage":{"@id":"https:\/\/penosil.com\/fi\/tuotteet\/penosil-gaps-cracks-acrylic-sealant\/#primaryimage"},"image":{"@id":"https:\/\/penosil.com\/fi\/tuotteet\/penosil-gaps-cracks-acrylic-sealant\/#primaryimage"},"thumbnailUrl":"https:\/\/penosil.com\/fi\/wp-content\/uploads\/sites\/5\/2020\/04\/PENOSIL_Gaps_Cracks_Acrylic_Sealant_310ml_FI_SE_spatula.jpg","datePublished":"2020-04-06T07:29:03+00:00","dateModified":"2025-04-09T09:57:17+00:00","description":"PENOSIL Gaps & Cracks Acrylic Sealant on maalattava akryylitiivistysaine rakojen ja halkeamien hienot\u00e4ytt\u00f6\u00f6n ennen maalausta. Ota selv\u00e4\u00e4!","breadcrumb":{"@id":"https:\/\/penosil.com\/fi\/tuotteet\/penosil-gaps-cracks-acrylic-sealant\/#breadcrumb"},"inLanguage":"fi","potentialAction":[{"@type":"ReadAction","target":["https:\/\/penosil.com\/fi\/tuotteet\/penosil-gaps-cracks-acrylic-sealant\/"]}]},{"@type":"ImageObject","inLanguage":"fi","@id":"https:\/\/penosil.com\/fi\/tuotteet\/penosil-gaps-cracks-acrylic-sealant\/#primaryimage","url":"https:\/\/penosil.com\/fi\/wp-content\/uploads\/sites\/5\/2020\/04\/PENOSIL_Gaps_Cracks_Acrylic_Sealant_310ml_FI_SE_spatula.jpg","contentUrl":"https:\/\/penosil.com\/fi\/wp-content\/uploads\/sites\/5\/2020\/04\/PENOSIL_Gaps_Cracks_Acrylic_Sealant_310ml_FI_SE_spatula.jpg","width":767,"height":2102},{"@type":"BreadcrumbList","@id":"https:\/\/penosil.com\/fi\/tuotteet\/penosil-gaps-cracks-acrylic-sealant\/#breadcrumb","itemListElement":[{"@type":"ListItem","position":1,"name":"Home","item":"https:\/\/penosil.com\/fi\/"},{"@type":"ListItem","position":2,"name":"Tuotteet","item":"https:\/\/penosil.com\/fi\/tuotteet\/"},{"@type":"ListItem","position":3,"name":"PENOSIL Gaps &amp; Cracks"}]},{"@type":"WebSite","@id":"https:\/\/penosil.com\/fi\/#website","url":"https:\/\/penosil.com\/fi\/","name":"Penosil Finland","description":"","potentialAction":[{"@type":"SearchAction","target":{"@type":"EntryPoint","urlTemplate":"https:\/\/penosil.com\/fi\/?s={search_term_string}"},"query-input":{"@type":"PropertyValueSpecification","valueRequired":true,"valueName":"search_term_string"}}],"inLanguage":"fi"}]}},"featured_img":"https:\/\/penosil.com\/fi\/wp-content\/uploads\/sites\/5\/2020\/04\/PENOSIL_Gaps_Cracks_Acrylic_Sealant_310ml_FI_SE_spatula.jpg","coauthors":[],"author_meta":{"author_link":"https:\/\/penosil.com\/fi\/author\/","display_name":""},"relative_dates":{"created":"Posted 6 vuotta ago","modified":"Updated 1 vuosi ago"},"absolute_dates":{"created":"Posted on 6.4.2020","modified":"Updated on 9.4.2025"},"absolute_dates_time":{"created":"Posted on 6.4.2020 7:29","modified":"Updated on 9.4.2025 9:57"},"featured_img_caption":"","tax_additional":{"product_brand":{"linked":[],"unlinked":[],"slug":"product_brand","name":"Br\u00e4ndit"},"product_type":{"linked":["<a href=\"https:\/\/penosil.com\/fi\/?taxonomy=product_type&#038;term=simple\" class=\"advgb-post-tax-term\">simple<\/a>"],"unlinked":["<span class=\"advgb-post-tax-term\">simple<\/span>"],"slug":"product_type","name":"Tuotetyyppi"},"product_visibility":{"linked":[],"unlinked":[],"slug":"product_visibility","name":"Tuotteen n\u00e4kyvyys"},"product_cat":{"linked":["<a href=\"https:\/\/penosil.com\/fi\/tuote-osasto\/tuoteryhmat\/\" class=\"advgb-post-tax-term\">Tuoteryhm\u00e4t<\/a>","<a href=\"https:\/\/penosil.com\/fi\/tuote-osasto\/tuoteryhmat\/tiivisteet\/\" class=\"advgb-post-tax-term\">Tiivisteet<\/a>","<a href=\"https:\/\/penosil.com\/fi\/tuote-osasto\/easypro\/\" class=\"advgb-post-tax-term\">EasyPRO<\/a>","<a href=\"https:\/\/penosil.com\/fi\/tuote-osasto\/tuoteryhmat\/tiivisteet\/akryylit\/\" class=\"advgb-post-tax-term\">Akryylit<\/a>","<a href=\"https:\/\/penosil.com\/fi\/tuote-osasto\/easypro\/pintakasittely-ja-taytto\/\" class=\"advgb-post-tax-term\">Pintak\u00e4sittely ja t\u00e4ytt\u00f6<\/a>"],"unlinked":["<span class=\"advgb-post-tax-term\">Tuoteryhm\u00e4t<\/span>","<span class=\"advgb-post-tax-term\">Tiivisteet<\/span>","<span class=\"advgb-post-tax-term\">EasyPRO<\/span>","<span class=\"advgb-post-tax-term\">Akryylit<\/span>","<span class=\"advgb-post-tax-term\">Pintak\u00e4sittely ja t\u00e4ytt\u00f6<\/span>"],"slug":"product_cat","name":"Osastot"},"product_tag":{"linked":[],"unlinked":[],"slug":"product_tag","name":"Avainsanat tuotteelle"},"product_shipping_class":{"linked":[],"unlinked":[],"slug":"product_shipping_class","name":"Tuotteen toimitusluokat"},"pos_product_visibility":{"linked":[],"unlinked":[],"slug":"pos_product_visibility","name":"POS Product visibility"},"pa_color":{"linked":["<a href=\"https:\/\/penosil.com\/fi\/?taxonomy=pa_color&#038;term=valkoinen\" class=\"advgb-post-tax-term\">Valkoinen<\/a>"],"unlinked":["<span class=\"advgb-post-tax-term\">Valkoinen<\/span>"],"slug":"pa_color","name":"Product Colour"},"pa_package":{"linked":[],"unlinked":[],"slug":"pa_package","name":"Product Package"},"translation_priority":{"linked":["<a href=\"https:\/\/penosil.com\/fi\/?taxonomy=translation_priority&#038;term=optional-fi\" class=\"advgb-post-tax-term\">Optional<\/a>"],"unlinked":["<span class=\"advgb-post-tax-term\">Optional<\/span>"],"slug":"translation_priority","name":"Translation Priorities"}},"series_order":"","_links":{"self":[{"href":"https:\/\/penosil.com\/fi\/wp-json\/wp\/v2\/product\/7645","targetHints":{"allow":["GET"]}}],"collection":[{"href":"https:\/\/penosil.com\/fi\/wp-json\/wp\/v2\/product"}],"about":[{"href":"https:\/\/penosil.com\/fi\/wp-json\/wp\/v2\/types\/product"}],"version-history":[{"count":1,"href":"https:\/\/penosil.com\/fi\/wp-json\/wp\/v2\/product\/7645\/revisions"}],"predecessor-version":[{"id":10045,"href":"https:\/\/penosil.com\/fi\/wp-json\/wp\/v2\/product\/7645\/revisions\/10045"}],"wp:featuredmedia":[{"embeddable":true,"href":"https:\/\/penosil.com\/fi\/wp-json\/wp\/v2\/media\/8568"}],"wp:attachment":[{"href":"https:\/\/penosil.com\/fi\/wp-json\/wp\/v2\/media?parent=7645"}],"wp:term":[{"taxonomy":"product_brand","embeddable":true,"href":"https:\/\/penosil.com\/fi\/wp-json\/wp\/v2\/product_brand?post=7645"},{"taxonomy":"product_cat","embeddable":true,"href":"https:\/\/penosil.com\/fi\/wp-json\/wp\/v2\/product_cat?post=7645"},{"taxonomy":"product_tag","embeddable":true,"href":"https:\/\/penosil.com\/fi\/wp-json\/wp\/v2\/product_tag?post=7645"}],"curies":[{"name":"wp","href":"https:\/\/api.w.org\/{rel}","templated":true}]}}