{"id":7732,"date":"2020-04-12T03:21:43","date_gmt":"2020-04-12T03:21:43","guid":{"rendered":"https:\/\/penosil.com\/fi\/?post_type=product&#038;p=7732"},"modified":"2026-01-06T01:03:16","modified_gmt":"2026-01-06T01:03:16","slug":"sanitary-silicone-313-313c-saniteettisilikoni","status":"publish","type":"product","link":"https:\/\/penosil.com\/fi\/tuotteet\/sanitary-silicone-313-313c-saniteettisilikoni\/","title":{"rendered":"Universal Silicone 315 \/ 315c yleisk\u00e4ytt\u00f6inen silikonitiivistysaine"},"content":{"rendered":"<p>Monik\u00e4ytt\u00f6inen happokovettuva silikonitiivistysaine hyvill\u00e4 k\u00e4sittelyominaisuuksilla ja erinomaisella tarttuvuudella.<\/p>\n","protected":false},"excerpt":{"rendered":"yleisk\u00e4ytt\u00f6inen silikonitiivistysaine","protected":false},"author":3,"featured_media":10243,"template":"","meta":{"_acf_changed":false,"advgb_blocks_editor_width":"","advgb_blocks_columns_visual_guide":"","footnotes":""},"product_brand":[],"product_cat":[827],"product_tag":[],"class_list":{"0":"post-7732","1":"product","2":"type-product","3":"status-publish","4":"has-post-thumbnail","6":"product_cat-yleisrakentaminen","8":"first","9":"instock","10":"taxable","11":"shipping-taxable","12":"purchasable","13":"product-type-variable"},"acf":[],"yoast_head":"<!-- This site is optimized with the Yoast SEO plugin v27.2 - https:\/\/yoast.com\/product\/yoast-seo-wordpress\/ -->\n<title>PENOSIL Sanitary Silicone 313 \/ 313c on hapan, hometta est\u00e4v\u00e4.<\/title>\n<meta name=\"description\" content=\"PENOSIL Sanitary Silicone 313 \/ 313c on hometta kest\u00e4v\u00e4 ja sopii eristys- ja tiivistyst\u00f6ihin saniteettitiloissa. Hae lis\u00e4tietoja!\" \/>\n<meta name=\"robots\" content=\"index, follow, max-snippet:-1, max-image-preview:large, max-video-preview:-1\" \/>\n<link rel=\"canonical\" href=\"https:\/\/penosil.com\/fi\/tuotteet\/sanitary-silicone-313-313c-saniteettisilikoni\/\" \/>\n<meta property=\"og:locale\" content=\"fi_FI\" \/>\n<meta property=\"og:type\" content=\"article\" \/>\n<meta property=\"og:title\" content=\"PENOSIL Sanitary Silicone 313 \/ 313c on hapan, hometta est\u00e4v\u00e4.\" \/>\n<meta property=\"og:description\" content=\"PENOSIL Sanitary Silicone 313 \/ 313c on hometta kest\u00e4v\u00e4 ja sopii eristys- ja tiivistyst\u00f6ihin saniteettitiloissa. Hae lis\u00e4tietoja!\" \/>\n<meta property=\"og:url\" content=\"https:\/\/penosil.com\/fi\/tuotteet\/sanitary-silicone-313-313c-saniteettisilikoni\/\" \/>\n<meta property=\"og:site_name\" content=\"Penosil Finland\" \/>\n<meta property=\"article:modified_time\" content=\"2026-01-06T01:03:16+00:00\" \/>\n<meta property=\"og:image\" content=\"https:\/\/penosil.com\/fi\/wp-content\/uploads\/sites\/5\/2020\/04\/313c_Sanitary-Silicone-313c-EE-FI-white.png\" \/>\n\t<meta property=\"og:image:width\" content=\"387\" \/>\n\t<meta property=\"og:image:height\" content=\"1080\" \/>\n\t<meta property=\"og:image:type\" content=\"image\/png\" \/>\n<meta name=\"twitter:card\" content=\"summary_large_image\" \/>\n<meta name=\"twitter:label1\" content=\"Arvioitu lukuaika\" \/>\n\t<meta name=\"twitter:data1\" content=\"3 minuuttia\" \/>\n<script type=\"application\/ld+json\" class=\"yoast-schema-graph\">{\"@context\":\"https:\/\/schema.org\",\"@graph\":[{\"@type\":\"WebPage\",\"@id\":\"https:\/\/penosil.com\/fi\/tuotteet\/sanitary-silicone-313-313c-saniteettisilikoni\/\",\"url\":\"https:\/\/penosil.com\/fi\/tuotteet\/sanitary-silicone-313-313c-saniteettisilikoni\/\",\"name\":\"PENOSIL Sanitary Silicone 313 \/ 313c on hapan, hometta est\u00e4v\u00e4.\",\"isPartOf\":{\"@id\":\"https:\/\/penosil.com\/fi\/#website\"},\"primaryImageOfPage\":{\"@id\":\"https:\/\/penosil.com\/fi\/tuotteet\/sanitary-silicone-313-313c-saniteettisilikoni\/#primaryimage\"},\"image\":{\"@id\":\"https:\/\/penosil.com\/fi\/tuotteet\/sanitary-silicone-313-313c-saniteettisilikoni\/#primaryimage\"},\"thumbnailUrl\":\"https:\/\/penosil.com\/fi\/wp-content\/uploads\/sites\/5\/2025\/09\/315_Universal_silicone_315_EE_FI_1.png\",\"datePublished\":\"2020-04-12T03:21:43+00:00\",\"dateModified\":\"2026-01-06T01:03:16+00:00\",\"description\":\"PENOSIL Sanitary Silicone 313 \/ 313c on hometta kest\u00e4v\u00e4 ja sopii eristys- ja tiivistyst\u00f6ihin saniteettitiloissa. Hae lis\u00e4tietoja!\",\"breadcrumb\":{\"@id\":\"https:\/\/penosil.com\/fi\/tuotteet\/sanitary-silicone-313-313c-saniteettisilikoni\/#breadcrumb\"},\"inLanguage\":\"fi\",\"potentialAction\":[{\"@type\":\"ReadAction\",\"target\":[\"https:\/\/penosil.com\/fi\/tuotteet\/sanitary-silicone-313-313c-saniteettisilikoni\/\"]}]},{\"@type\":\"ImageObject\",\"inLanguage\":\"fi\",\"@id\":\"https:\/\/penosil.com\/fi\/tuotteet\/sanitary-silicone-313-313c-saniteettisilikoni\/#primaryimage\",\"url\":\"https:\/\/penosil.com\/fi\/wp-content\/uploads\/sites\/5\/2025\/09\/315_Universal_silicone_315_EE_FI_1.png\",\"contentUrl\":\"https:\/\/penosil.com\/fi\/wp-content\/uploads\/sites\/5\/2025\/09\/315_Universal_silicone_315_EE_FI_1.png\",\"width\":870,\"height\":2430},{\"@type\":\"BreadcrumbList\",\"@id\":\"https:\/\/penosil.com\/fi\/tuotteet\/sanitary-silicone-313-313c-saniteettisilikoni\/#breadcrumb\",\"itemListElement\":[{\"@type\":\"ListItem\",\"position\":1,\"name\":\"Home\",\"item\":\"https:\/\/penosil.com\/fi\/\"},{\"@type\":\"ListItem\",\"position\":2,\"name\":\"Tuotteet\",\"item\":\"https:\/\/penosil.com\/fi\/tuotteet\/\"},{\"@type\":\"ListItem\",\"position\":3,\"name\":\"Universal Silicone 315 \/ 315c yleisk\u00e4ytt\u00f6inen silikonitiivistysaine\"}]},{\"@type\":\"WebSite\",\"@id\":\"https:\/\/penosil.com\/fi\/#website\",\"url\":\"https:\/\/penosil.com\/fi\/\",\"name\":\"Penosil Finland\",\"description\":\"\",\"potentialAction\":[{\"@type\":\"SearchAction\",\"target\":{\"@type\":\"EntryPoint\",\"urlTemplate\":\"https:\/\/penosil.com\/fi\/?s={search_term_string}\"},\"query-input\":{\"@type\":\"PropertyValueSpecification\",\"valueRequired\":true,\"valueName\":\"search_term_string\"}}],\"inLanguage\":\"fi\"}]}<\/script>\n<!-- \/ Yoast SEO plugin. -->","yoast_head_json":{"title":"PENOSIL Sanitary Silicone 313 \/ 313c on hapan, hometta est\u00e4v\u00e4.","description":"PENOSIL Sanitary Silicone 313 \/ 313c on hometta kest\u00e4v\u00e4 ja sopii eristys- ja tiivistyst\u00f6ihin saniteettitiloissa. Hae lis\u00e4tietoja!","robots":{"index":"index","follow":"follow","max-snippet":"max-snippet:-1","max-image-preview":"max-image-preview:large","max-video-preview":"max-video-preview:-1"},"canonical":"https:\/\/penosil.com\/fi\/tuotteet\/sanitary-silicone-313-313c-saniteettisilikoni\/","og_locale":"fi_FI","og_type":"article","og_title":"PENOSIL Sanitary Silicone 313 \/ 313c on hapan, hometta est\u00e4v\u00e4.","og_description":"PENOSIL Sanitary Silicone 313 \/ 313c on hometta kest\u00e4v\u00e4 ja sopii eristys- ja tiivistyst\u00f6ihin saniteettitiloissa. Hae lis\u00e4tietoja!","og_url":"https:\/\/penosil.com\/fi\/tuotteet\/sanitary-silicone-313-313c-saniteettisilikoni\/","og_site_name":"Penosil Finland","article_modified_time":"2026-01-06T01:03:16+00:00","og_image":[{"width":387,"height":1080,"url":"https:\/\/penosil.com\/fi\/wp-content\/uploads\/sites\/5\/2020\/04\/313c_Sanitary-Silicone-313c-EE-FI-white.png","type":"image\/png"}],"twitter_card":"summary_large_image","twitter_misc":{"Arvioitu lukuaika":"3 minuuttia"},"schema":{"@context":"https:\/\/schema.org","@graph":[{"@type":"WebPage","@id":"https:\/\/penosil.com\/fi\/tuotteet\/sanitary-silicone-313-313c-saniteettisilikoni\/","url":"https:\/\/penosil.com\/fi\/tuotteet\/sanitary-silicone-313-313c-saniteettisilikoni\/","name":"PENOSIL Sanitary Silicone 313 \/ 313c on hapan, hometta est\u00e4v\u00e4.","isPartOf":{"@id":"https:\/\/penosil.com\/fi\/#website"},"primaryImageOfPage":{"@id":"https:\/\/penosil.com\/fi\/tuotteet\/sanitary-silicone-313-313c-saniteettisilikoni\/#primaryimage"},"image":{"@id":"https:\/\/penosil.com\/fi\/tuotteet\/sanitary-silicone-313-313c-saniteettisilikoni\/#primaryimage"},"thumbnailUrl":"https:\/\/penosil.com\/fi\/wp-content\/uploads\/sites\/5\/2025\/09\/315_Universal_silicone_315_EE_FI_1.png","datePublished":"2020-04-12T03:21:43+00:00","dateModified":"2026-01-06T01:03:16+00:00","description":"PENOSIL Sanitary Silicone 313 \/ 313c on hometta kest\u00e4v\u00e4 ja sopii eristys- ja tiivistyst\u00f6ihin saniteettitiloissa. Hae lis\u00e4tietoja!","breadcrumb":{"@id":"https:\/\/penosil.com\/fi\/tuotteet\/sanitary-silicone-313-313c-saniteettisilikoni\/#breadcrumb"},"inLanguage":"fi","potentialAction":[{"@type":"ReadAction","target":["https:\/\/penosil.com\/fi\/tuotteet\/sanitary-silicone-313-313c-saniteettisilikoni\/"]}]},{"@type":"ImageObject","inLanguage":"fi","@id":"https:\/\/penosil.com\/fi\/tuotteet\/sanitary-silicone-313-313c-saniteettisilikoni\/#primaryimage","url":"https:\/\/penosil.com\/fi\/wp-content\/uploads\/sites\/5\/2025\/09\/315_Universal_silicone_315_EE_FI_1.png","contentUrl":"https:\/\/penosil.com\/fi\/wp-content\/uploads\/sites\/5\/2025\/09\/315_Universal_silicone_315_EE_FI_1.png","width":870,"height":2430},{"@type":"BreadcrumbList","@id":"https:\/\/penosil.com\/fi\/tuotteet\/sanitary-silicone-313-313c-saniteettisilikoni\/#breadcrumb","itemListElement":[{"@type":"ListItem","position":1,"name":"Home","item":"https:\/\/penosil.com\/fi\/"},{"@type":"ListItem","position":2,"name":"Tuotteet","item":"https:\/\/penosil.com\/fi\/tuotteet\/"},{"@type":"ListItem","position":3,"name":"Universal Silicone 315 \/ 315c yleisk\u00e4ytt\u00f6inen silikonitiivistysaine"}]},{"@type":"WebSite","@id":"https:\/\/penosil.com\/fi\/#website","url":"https:\/\/penosil.com\/fi\/","name":"Penosil Finland","description":"","potentialAction":[{"@type":"SearchAction","target":{"@type":"EntryPoint","urlTemplate":"https:\/\/penosil.com\/fi\/?s={search_term_string}"},"query-input":{"@type":"PropertyValueSpecification","valueRequired":true,"valueName":"search_term_string"}}],"inLanguage":"fi"}]}},"featured_img":"https:\/\/penosil.com\/fi\/wp-content\/uploads\/sites\/5\/2025\/09\/315_Universal_silicone_315_EE_FI_1.png","coauthors":[],"author_meta":{"author_link":"https:\/\/penosil.com\/fi\/author\/","display_name":""},"relative_dates":{"created":"Posted 6 vuotta ago","modified":"Updated 3 kuukautta ago"},"absolute_dates":{"created":"Posted on 12.4.2020","modified":"Updated on 6.1.2026"},"absolute_dates_time":{"created":"Posted on 12.4.2020 3:21","modified":"Updated on 6.1.2026 1:03"},"featured_img_caption":"","tax_additional":{"product_brand":{"linked":[],"unlinked":[],"slug":"product_brand","name":"Br\u00e4ndit"},"product_type":{"linked":["<a href=\"https:\/\/penosil.com\/fi\/?taxonomy=product_type&#038;term=variable\" class=\"advgb-post-tax-term\">variable<\/a>"],"unlinked":["<span class=\"advgb-post-tax-term\">variable<\/span>"],"slug":"product_type","name":"Tuotetyyppi"},"product_visibility":{"linked":[],"unlinked":[],"slug":"product_visibility","name":"Tuotteen n\u00e4kyvyys"},"product_cat":{"linked":["<a href=\"https:\/\/penosil.com\/fi\/tuote-osasto\/kayttokohteet\/yleisrakentaminen\/\" class=\"advgb-post-tax-term\">Yleisrakentaminen<\/a>"],"unlinked":["<span class=\"advgb-post-tax-term\">Yleisrakentaminen<\/span>"],"slug":"product_cat","name":"Osastot"},"product_tag":{"linked":[],"unlinked":[],"slug":"product_tag","name":"Avainsanat tuotteelle"},"product_shipping_class":{"linked":[],"unlinked":[],"slug":"product_shipping_class","name":"Tuotteen toimitusluokat"},"pos_product_visibility":{"linked":[],"unlinked":[],"slug":"pos_product_visibility","name":"POS Product visibility"},"pa_color":{"linked":["<a href=\"https:\/\/penosil.com\/fi\/?taxonomy=pa_color&#038;term=beige\" class=\"advgb-post-tax-term\">Beige<\/a>","<a href=\"https:\/\/penosil.com\/fi\/?taxonomy=pa_color&#038;term=musta\" class=\"advgb-post-tax-term\">Musta<\/a>","<a href=\"https:\/\/penosil.com\/fi\/?taxonomy=pa_color&#038;term=harmaa\" class=\"advgb-post-tax-term\">Harmaa<\/a>","<a href=\"https:\/\/penosil.com\/fi\/?taxonomy=pa_color&#038;term=valkoinen\" class=\"advgb-post-tax-term\">Valkoinen<\/a>","<a href=\"https:\/\/penosil.com\/fi\/?taxonomy=pa_color&#038;term=ruskea\" class=\"advgb-post-tax-term\">Ruskea<\/a>","<a href=\"https:\/\/penosil.com\/fi\/?taxonomy=pa_color&#038;term=variton\" class=\"advgb-post-tax-term\">V\u00e4rit\u00f6n<\/a>"],"unlinked":["<span class=\"advgb-post-tax-term\">Beige<\/span>","<span class=\"advgb-post-tax-term\">Musta<\/span>","<span class=\"advgb-post-tax-term\">Harmaa<\/span>","<span class=\"advgb-post-tax-term\">Valkoinen<\/span>","<span class=\"advgb-post-tax-term\">Ruskea<\/span>","<span class=\"advgb-post-tax-term\">V\u00e4rit\u00f6n<\/span>"],"slug":"pa_color","name":"Product Colour"},"pa_package":{"linked":["<a href=\"https:\/\/penosil.com\/fi\/?taxonomy=pa_package&#038;term=300-ml\" class=\"advgb-post-tax-term\">300 ml<\/a>"],"unlinked":["<span class=\"advgb-post-tax-term\">300 ml<\/span>"],"slug":"pa_package","name":"Product Package"},"translation_priority":{"linked":["<a href=\"https:\/\/penosil.com\/fi\/?taxonomy=translation_priority&#038;term=optional-fi\" class=\"advgb-post-tax-term\">Optional<\/a>"],"unlinked":["<span class=\"advgb-post-tax-term\">Optional<\/span>"],"slug":"translation_priority","name":"Translation Priorities"}},"series_order":"","_links":{"self":[{"href":"https:\/\/penosil.com\/fi\/wp-json\/wp\/v2\/product\/7732","targetHints":{"allow":["GET"]}}],"collection":[{"href":"https:\/\/penosil.com\/fi\/wp-json\/wp\/v2\/product"}],"about":[{"href":"https:\/\/penosil.com\/fi\/wp-json\/wp\/v2\/types\/product"}],"version-history":[{"count":5,"href":"https:\/\/penosil.com\/fi\/wp-json\/wp\/v2\/product\/7732\/revisions"}],"predecessor-version":[{"id":10242,"href":"https:\/\/penosil.com\/fi\/wp-json\/wp\/v2\/product\/7732\/revisions\/10242"}],"wp:featuredmedia":[{"embeddable":true,"href":"https:\/\/penosil.com\/fi\/wp-json\/wp\/v2\/media\/10243"}],"wp:attachment":[{"href":"https:\/\/penosil.com\/fi\/wp-json\/wp\/v2\/media?parent=7732"}],"wp:term":[{"taxonomy":"product_brand","embeddable":true,"href":"https:\/\/penosil.com\/fi\/wp-json\/wp\/v2\/product_brand?post=7732"},{"taxonomy":"product_cat","embeddable":true,"href":"https:\/\/penosil.com\/fi\/wp-json\/wp\/v2\/product_cat?post=7732"},{"taxonomy":"product_tag","embeddable":true,"href":"https:\/\/penosil.com\/fi\/wp-json\/wp\/v2\/product_tag?post=7732"}],"curies":[{"name":"wp","href":"https:\/\/api.w.org\/{rel}","templated":true}]}}