{"id":7785,"date":"2020-04-12T04:26:24","date_gmt":"2020-04-12T04:26:24","guid":{"rendered":"https:\/\/penosil.com\/fi\/?post_type=product&#038;p=7785"},"modified":"2025-04-09T09:56:31","modified_gmt":"2025-04-09T09:56:31","slug":"windowdoor-silikoni","status":"publish","type":"product","link":"https:\/\/penosil.com\/fi\/tuotteet\/windowdoor-silikoni\/","title":{"rendered":"Window&amp;Door silikoni"},"content":{"rendered":"<p>Silikonitiivistysaine s\u00e4\u00e4nkest\u00e4v\u00e4\u00e4n lasitukseen ja tiivistykseen.<\/p>\n","protected":false},"excerpt":{"rendered":"Silikonitiivistysaine s\u00e4\u00e4nkest\u00e4v\u00e4\u00e4n lasitukseen ja tiivistykseen.","protected":false},"author":3,"featured_media":7700,"template":"","meta":{"_acf_changed":false,"advgb_blocks_editor_width":"","advgb_blocks_columns_visual_guide":"","footnotes":""},"product_brand":[],"product_cat":[1361,2281,2311,1604,2279],"product_tag":[],"class_list":{"0":"post-7785","1":"product","2":"type-product","3":"status-publish","4":"has-post-thumbnail","6":"product_cat-tuoteryhmat","7":"product_cat-ikkunoihin-ja-oviin","8":"product_cat-neutraalit-silikonit","9":"product_cat-tiivisteet","10":"product_cat-easypro","12":"first","13":"instock","14":"taxable","15":"shipping-taxable","16":"purchasable","17":"product-type-variable"},"acf":[],"yoast_head":"<!-- This site is optimized with the Yoast SEO plugin v27.2 - https:\/\/yoast.com\/product\/yoast-seo-wordpress\/ -->\n<title>PENOSIL Window &amp; Door silikonitiivistysaine \u2013 EasyPRO<\/title>\n<meta name=\"description\" content=\"PENOSIL Window &amp; Door on silikonitiivistysaine s\u00e4\u00e4nkest\u00e4v\u00e4\u00e4n lasitukseen ja tiivistykseen. Lue lis\u00e4tietoja t\u00e4st\u00e4 tuotteesta!\" \/>\n<meta name=\"robots\" content=\"index, follow, max-snippet:-1, max-image-preview:large, max-video-preview:-1\" \/>\n<link rel=\"canonical\" href=\"https:\/\/penosil.com\/fi\/tuotteet\/windowdoor-silikoni\/\" \/>\n<meta property=\"og:locale\" content=\"fi_FI\" \/>\n<meta property=\"og:type\" content=\"article\" \/>\n<meta property=\"og:title\" content=\"PENOSIL Window &amp; Door silikonitiivistysaine \u2013 EasyPRO\" \/>\n<meta property=\"og:description\" content=\"PENOSIL Window &amp; Door on silikonitiivistysaine s\u00e4\u00e4nkest\u00e4v\u00e4\u00e4n lasitukseen ja tiivistykseen. Lue lis\u00e4tietoja t\u00e4st\u00e4 tuotteesta!\" \/>\n<meta property=\"og:url\" content=\"https:\/\/penosil.com\/fi\/tuotteet\/windowdoor-silikoni\/\" \/>\n<meta property=\"og:site_name\" content=\"Penosil Finland\" \/>\n<meta property=\"article:modified_time\" content=\"2025-04-09T09:56:31+00:00\" \/>\n<meta property=\"og:image\" content=\"https:\/\/penosil.com\/fi\/wp-content\/uploads\/sites\/5\/2020\/04\/PENOSIL_Window_Door_Silicone_310ml_FI_SE_spatula.png\" \/>\n\t<meta property=\"og:image:width\" content=\"424\" \/>\n\t<meta property=\"og:image:height\" content=\"1162\" \/>\n\t<meta property=\"og:image:type\" content=\"image\/png\" \/>\n<meta name=\"twitter:card\" content=\"summary_large_image\" \/>\n<meta name=\"twitter:label1\" content=\"Arvioitu lukuaika\" \/>\n\t<meta name=\"twitter:data1\" content=\"2 minuuttia\" \/>\n<script type=\"application\/ld+json\" class=\"yoast-schema-graph\">{\"@context\":\"https:\/\/schema.org\",\"@graph\":[{\"@type\":\"WebPage\",\"@id\":\"https:\/\/penosil.com\/fi\/tuotteet\/windowdoor-silikoni\/\",\"url\":\"https:\/\/penosil.com\/fi\/tuotteet\/windowdoor-silikoni\/\",\"name\":\"PENOSIL Window & Door silikonitiivistysaine \u2013 EasyPRO\",\"isPartOf\":{\"@id\":\"https:\/\/penosil.com\/fi\/#website\"},\"primaryImageOfPage\":{\"@id\":\"https:\/\/penosil.com\/fi\/tuotteet\/windowdoor-silikoni\/#primaryimage\"},\"image\":{\"@id\":\"https:\/\/penosil.com\/fi\/tuotteet\/windowdoor-silikoni\/#primaryimage\"},\"thumbnailUrl\":\"https:\/\/penosil.com\/fi\/wp-content\/uploads\/sites\/5\/2020\/04\/PENOSIL_Window_Door_Silicone_310ml_FI_SE_spatula.png\",\"datePublished\":\"2020-04-12T04:26:24+00:00\",\"dateModified\":\"2025-04-09T09:56:31+00:00\",\"description\":\"PENOSIL Window & Door on silikonitiivistysaine s\u00e4\u00e4nkest\u00e4v\u00e4\u00e4n lasitukseen ja tiivistykseen. Lue lis\u00e4tietoja t\u00e4st\u00e4 tuotteesta!\",\"breadcrumb\":{\"@id\":\"https:\/\/penosil.com\/fi\/tuotteet\/windowdoor-silikoni\/#breadcrumb\"},\"inLanguage\":\"fi\",\"potentialAction\":[{\"@type\":\"ReadAction\",\"target\":[\"https:\/\/penosil.com\/fi\/tuotteet\/windowdoor-silikoni\/\"]}]},{\"@type\":\"ImageObject\",\"inLanguage\":\"fi\",\"@id\":\"https:\/\/penosil.com\/fi\/tuotteet\/windowdoor-silikoni\/#primaryimage\",\"url\":\"https:\/\/penosil.com\/fi\/wp-content\/uploads\/sites\/5\/2020\/04\/PENOSIL_Window_Door_Silicone_310ml_FI_SE_spatula.png\",\"contentUrl\":\"https:\/\/penosil.com\/fi\/wp-content\/uploads\/sites\/5\/2020\/04\/PENOSIL_Window_Door_Silicone_310ml_FI_SE_spatula.png\",\"width\":424,\"height\":1162,\"caption\":\"PENOSIL_Window_Door_Silicone\"},{\"@type\":\"BreadcrumbList\",\"@id\":\"https:\/\/penosil.com\/fi\/tuotteet\/windowdoor-silikoni\/#breadcrumb\",\"itemListElement\":[{\"@type\":\"ListItem\",\"position\":1,\"name\":\"Home\",\"item\":\"https:\/\/penosil.com\/fi\/\"},{\"@type\":\"ListItem\",\"position\":2,\"name\":\"Tuotteet\",\"item\":\"https:\/\/penosil.com\/fi\/tuotteet\/\"},{\"@type\":\"ListItem\",\"position\":3,\"name\":\"Window&amp;Door silikoni\"}]},{\"@type\":\"WebSite\",\"@id\":\"https:\/\/penosil.com\/fi\/#website\",\"url\":\"https:\/\/penosil.com\/fi\/\",\"name\":\"Penosil Finland\",\"description\":\"\",\"potentialAction\":[{\"@type\":\"SearchAction\",\"target\":{\"@type\":\"EntryPoint\",\"urlTemplate\":\"https:\/\/penosil.com\/fi\/?s={search_term_string}\"},\"query-input\":{\"@type\":\"PropertyValueSpecification\",\"valueRequired\":true,\"valueName\":\"search_term_string\"}}],\"inLanguage\":\"fi\"}]}<\/script>\n<!-- \/ Yoast SEO plugin. -->","yoast_head_json":{"title":"PENOSIL Window & Door silikonitiivistysaine \u2013 EasyPRO","description":"PENOSIL Window & Door on silikonitiivistysaine s\u00e4\u00e4nkest\u00e4v\u00e4\u00e4n lasitukseen ja tiivistykseen. Lue lis\u00e4tietoja t\u00e4st\u00e4 tuotteesta!","robots":{"index":"index","follow":"follow","max-snippet":"max-snippet:-1","max-image-preview":"max-image-preview:large","max-video-preview":"max-video-preview:-1"},"canonical":"https:\/\/penosil.com\/fi\/tuotteet\/windowdoor-silikoni\/","og_locale":"fi_FI","og_type":"article","og_title":"PENOSIL Window & Door silikonitiivistysaine \u2013 EasyPRO","og_description":"PENOSIL Window & Door on silikonitiivistysaine s\u00e4\u00e4nkest\u00e4v\u00e4\u00e4n lasitukseen ja tiivistykseen. Lue lis\u00e4tietoja t\u00e4st\u00e4 tuotteesta!","og_url":"https:\/\/penosil.com\/fi\/tuotteet\/windowdoor-silikoni\/","og_site_name":"Penosil Finland","article_modified_time":"2025-04-09T09:56:31+00:00","og_image":[{"width":424,"height":1162,"url":"https:\/\/penosil.com\/fi\/wp-content\/uploads\/sites\/5\/2020\/04\/PENOSIL_Window_Door_Silicone_310ml_FI_SE_spatula.png","type":"image\/png"}],"twitter_card":"summary_large_image","twitter_misc":{"Arvioitu lukuaika":"2 minuuttia"},"schema":{"@context":"https:\/\/schema.org","@graph":[{"@type":"WebPage","@id":"https:\/\/penosil.com\/fi\/tuotteet\/windowdoor-silikoni\/","url":"https:\/\/penosil.com\/fi\/tuotteet\/windowdoor-silikoni\/","name":"PENOSIL Window & Door silikonitiivistysaine \u2013 EasyPRO","isPartOf":{"@id":"https:\/\/penosil.com\/fi\/#website"},"primaryImageOfPage":{"@id":"https:\/\/penosil.com\/fi\/tuotteet\/windowdoor-silikoni\/#primaryimage"},"image":{"@id":"https:\/\/penosil.com\/fi\/tuotteet\/windowdoor-silikoni\/#primaryimage"},"thumbnailUrl":"https:\/\/penosil.com\/fi\/wp-content\/uploads\/sites\/5\/2020\/04\/PENOSIL_Window_Door_Silicone_310ml_FI_SE_spatula.png","datePublished":"2020-04-12T04:26:24+00:00","dateModified":"2025-04-09T09:56:31+00:00","description":"PENOSIL Window & Door on silikonitiivistysaine s\u00e4\u00e4nkest\u00e4v\u00e4\u00e4n lasitukseen ja tiivistykseen. Lue lis\u00e4tietoja t\u00e4st\u00e4 tuotteesta!","breadcrumb":{"@id":"https:\/\/penosil.com\/fi\/tuotteet\/windowdoor-silikoni\/#breadcrumb"},"inLanguage":"fi","potentialAction":[{"@type":"ReadAction","target":["https:\/\/penosil.com\/fi\/tuotteet\/windowdoor-silikoni\/"]}]},{"@type":"ImageObject","inLanguage":"fi","@id":"https:\/\/penosil.com\/fi\/tuotteet\/windowdoor-silikoni\/#primaryimage","url":"https:\/\/penosil.com\/fi\/wp-content\/uploads\/sites\/5\/2020\/04\/PENOSIL_Window_Door_Silicone_310ml_FI_SE_spatula.png","contentUrl":"https:\/\/penosil.com\/fi\/wp-content\/uploads\/sites\/5\/2020\/04\/PENOSIL_Window_Door_Silicone_310ml_FI_SE_spatula.png","width":424,"height":1162,"caption":"PENOSIL_Window_Door_Silicone"},{"@type":"BreadcrumbList","@id":"https:\/\/penosil.com\/fi\/tuotteet\/windowdoor-silikoni\/#breadcrumb","itemListElement":[{"@type":"ListItem","position":1,"name":"Home","item":"https:\/\/penosil.com\/fi\/"},{"@type":"ListItem","position":2,"name":"Tuotteet","item":"https:\/\/penosil.com\/fi\/tuotteet\/"},{"@type":"ListItem","position":3,"name":"Window&amp;Door silikoni"}]},{"@type":"WebSite","@id":"https:\/\/penosil.com\/fi\/#website","url":"https:\/\/penosil.com\/fi\/","name":"Penosil Finland","description":"","potentialAction":[{"@type":"SearchAction","target":{"@type":"EntryPoint","urlTemplate":"https:\/\/penosil.com\/fi\/?s={search_term_string}"},"query-input":{"@type":"PropertyValueSpecification","valueRequired":true,"valueName":"search_term_string"}}],"inLanguage":"fi"}]}},"featured_img":"https:\/\/penosil.com\/fi\/wp-content\/uploads\/sites\/5\/2020\/04\/PENOSIL_Window_Door_Silicone_310ml_FI_SE_spatula.png","coauthors":[],"author_meta":{"author_link":"https:\/\/penosil.com\/fi\/author\/","display_name":""},"relative_dates":{"created":"Posted 6 vuotta ago","modified":"Updated 1 vuosi ago"},"absolute_dates":{"created":"Posted on 12.4.2020","modified":"Updated on 9.4.2025"},"absolute_dates_time":{"created":"Posted on 12.4.2020 4:26","modified":"Updated on 9.4.2025 9:56"},"featured_img_caption":"","tax_additional":{"product_brand":{"linked":[],"unlinked":[],"slug":"product_brand","name":"Br\u00e4ndit"},"product_type":{"linked":["<a href=\"https:\/\/penosil.com\/fi\/?taxonomy=product_type&#038;term=variable\" class=\"advgb-post-tax-term\">variable<\/a>"],"unlinked":["<span class=\"advgb-post-tax-term\">variable<\/span>"],"slug":"product_type","name":"Tuotetyyppi"},"product_visibility":{"linked":[],"unlinked":[],"slug":"product_visibility","name":"Tuotteen n\u00e4kyvyys"},"product_cat":{"linked":["<a href=\"https:\/\/penosil.com\/fi\/tuote-osasto\/tuoteryhmat\/\" class=\"advgb-post-tax-term\">Tuoteryhm\u00e4t<\/a>","<a href=\"https:\/\/penosil.com\/fi\/tuote-osasto\/easypro\/ikkunoihin-ja-oviin\/\" class=\"advgb-post-tax-term\">Ikkunoihin ja oviin<\/a>","<a href=\"https:\/\/penosil.com\/fi\/tuote-osasto\/tuoteryhmat\/tiivisteet\/neutraalit-silikonit\/\" class=\"advgb-post-tax-term\">Neutraalit silikonit<\/a>","<a href=\"https:\/\/penosil.com\/fi\/tuote-osasto\/tuoteryhmat\/tiivisteet\/\" class=\"advgb-post-tax-term\">Tiivisteet<\/a>","<a href=\"https:\/\/penosil.com\/fi\/tuote-osasto\/easypro\/\" class=\"advgb-post-tax-term\">EasyPRO<\/a>"],"unlinked":["<span class=\"advgb-post-tax-term\">Tuoteryhm\u00e4t<\/span>","<span class=\"advgb-post-tax-term\">Ikkunoihin ja oviin<\/span>","<span class=\"advgb-post-tax-term\">Neutraalit silikonit<\/span>","<span class=\"advgb-post-tax-term\">Tiivisteet<\/span>","<span class=\"advgb-post-tax-term\">EasyPRO<\/span>"],"slug":"product_cat","name":"Osastot"},"product_tag":{"linked":[],"unlinked":[],"slug":"product_tag","name":"Avainsanat tuotteelle"},"product_shipping_class":{"linked":[],"unlinked":[],"slug":"product_shipping_class","name":"Tuotteen toimitusluokat"},"pos_product_visibility":{"linked":[],"unlinked":[],"slug":"pos_product_visibility","name":"POS Product visibility"},"pa_color":{"linked":["<a href=\"https:\/\/penosil.com\/fi\/?taxonomy=pa_color&#038;term=lapinakyva\" class=\"advgb-post-tax-term\">L\u00e4pin\u00e4kyv\u00e4<\/a>","<a href=\"https:\/\/penosil.com\/fi\/?taxonomy=pa_color&#038;term=valkoinen\" class=\"advgb-post-tax-term\">Valkoinen<\/a>"],"unlinked":["<span class=\"advgb-post-tax-term\">L\u00e4pin\u00e4kyv\u00e4<\/span>","<span class=\"advgb-post-tax-term\">Valkoinen<\/span>"],"slug":"pa_color","name":"Product Colour"},"pa_package":{"linked":["<a href=\"https:\/\/penosil.com\/fi\/?taxonomy=pa_package&#038;term=310-ml\" class=\"advgb-post-tax-term\">310 ml<\/a>"],"unlinked":["<span class=\"advgb-post-tax-term\">310 ml<\/span>"],"slug":"pa_package","name":"Product Package"},"translation_priority":{"linked":["<a href=\"https:\/\/penosil.com\/fi\/?taxonomy=translation_priority&#038;term=optional-fi\" class=\"advgb-post-tax-term\">Optional<\/a>"],"unlinked":["<span class=\"advgb-post-tax-term\">Optional<\/span>"],"slug":"translation_priority","name":"Translation Priorities"}},"series_order":"","_links":{"self":[{"href":"https:\/\/penosil.com\/fi\/wp-json\/wp\/v2\/product\/7785","targetHints":{"allow":["GET"]}}],"collection":[{"href":"https:\/\/penosil.com\/fi\/wp-json\/wp\/v2\/product"}],"about":[{"href":"https:\/\/penosil.com\/fi\/wp-json\/wp\/v2\/types\/product"}],"version-history":[{"count":3,"href":"https:\/\/penosil.com\/fi\/wp-json\/wp\/v2\/product\/7785\/revisions"}],"predecessor-version":[{"id":10039,"href":"https:\/\/penosil.com\/fi\/wp-json\/wp\/v2\/product\/7785\/revisions\/10039"}],"wp:featuredmedia":[{"embeddable":true,"href":"https:\/\/penosil.com\/fi\/wp-json\/wp\/v2\/media\/7700"}],"wp:attachment":[{"href":"https:\/\/penosil.com\/fi\/wp-json\/wp\/v2\/media?parent=7785"}],"wp:term":[{"taxonomy":"product_brand","embeddable":true,"href":"https:\/\/penosil.com\/fi\/wp-json\/wp\/v2\/product_brand?post=7785"},{"taxonomy":"product_cat","embeddable":true,"href":"https:\/\/penosil.com\/fi\/wp-json\/wp\/v2\/product_cat?post=7785"},{"taxonomy":"product_tag","embeddable":true,"href":"https:\/\/penosil.com\/fi\/wp-json\/wp\/v2\/product_tag?post=7785"}],"curies":[{"name":"wp","href":"https:\/\/api.w.org\/{rel}","templated":true}]}}