{"id":7788,"date":"2020-04-12T04:33:14","date_gmt":"2020-04-12T04:33:14","guid":{"rendered":"https:\/\/penosil.com\/fi\/?post_type=product&#038;p=7788"},"modified":"2025-04-09T09:56:48","modified_gmt":"2025-04-09T09:56:48","slug":"kitchenbath-fresh-silikoni","status":"publish","type":"product","link":"https:\/\/penosil.com\/fi\/tuotteet\/kitchenbath-fresh-silikoni\/","title":{"rendered":"Kitchen&amp;Bath Fresh"},"content":{"rendered":"<p>Silikonitiivistysaine kaikille pinnoille keitti\u00f6ss\u00e4 ja kylpyhuoneessa.<\/p>\n","protected":false},"excerpt":{"rendered":"Silikonitiivistysaine kaikille pinnoille keitti\u00f6ss\u00e4 ja kylpyhuoneessa.","protected":false},"author":3,"featured_media":7694,"template":"","meta":{"_acf_changed":false,"advgb_blocks_editor_width":"","advgb_blocks_columns_visual_guide":"","footnotes":""},"product_brand":[],"product_cat":[1361,2311,1604,2279,2283],"product_tag":[],"class_list":{"0":"post-7788","1":"product","2":"type-product","3":"status-publish","4":"has-post-thumbnail","6":"product_cat-tuoteryhmat","7":"product_cat-neutraalit-silikonit","8":"product_cat-tiivisteet","9":"product_cat-easypro","10":"product_cat-keittioon-ja-kylphyuoneeseen","12":"first","13":"instock","14":"taxable","15":"shipping-taxable","16":"purchasable","17":"product-type-variable"},"acf":[],"yoast_head":"<!-- This site is optimized with the Yoast SEO plugin v27.2 - https:\/\/yoast.com\/product\/yoast-seo-wordpress\/ -->\n<title>PENOSIL Kitchen &amp; Bath Fresh -silikonitiivistysaine \u2013 EasyPRO<\/title>\n<meta name=\"description\" content=\"PENOSIL Kitchen &amp; Bath Fresh -silikoni on t\u00e4ydellinen valinta keitti\u00f6ihin, kylpyhuoneisiin ja m\u00e4rkiin tiloihin. Lue lis\u00e4\u00e4!\" \/>\n<meta name=\"robots\" content=\"index, follow, max-snippet:-1, max-image-preview:large, max-video-preview:-1\" \/>\n<link rel=\"canonical\" href=\"https:\/\/penosil.com\/fi\/tuotteet\/kitchenbath-fresh-silikoni\/\" \/>\n<meta property=\"og:locale\" content=\"fi_FI\" \/>\n<meta property=\"og:type\" content=\"article\" \/>\n<meta property=\"og:title\" content=\"PENOSIL Kitchen &amp; Bath Fresh -silikonitiivistysaine \u2013 EasyPRO\" \/>\n<meta property=\"og:description\" content=\"PENOSIL Kitchen &amp; Bath Fresh -silikoni on t\u00e4ydellinen valinta keitti\u00f6ihin, kylpyhuoneisiin ja m\u00e4rkiin tiloihin. Lue lis\u00e4\u00e4!\" \/>\n<meta property=\"og:url\" content=\"https:\/\/penosil.com\/fi\/tuotteet\/kitchenbath-fresh-silikoni\/\" \/>\n<meta property=\"og:site_name\" content=\"Penosil Finland\" \/>\n<meta property=\"article:modified_time\" content=\"2025-04-09T09:56:48+00:00\" \/>\n<meta property=\"og:image\" content=\"https:\/\/penosil.com\/fi\/wp-content\/uploads\/sites\/5\/2020\/04\/PENOSIL_Kitchen_Bath_Fresh_Silicone_310ml_FI_SE_spatula.png\" \/>\n\t<meta property=\"og:image:width\" content=\"424\" \/>\n\t<meta property=\"og:image:height\" content=\"1162\" \/>\n\t<meta property=\"og:image:type\" content=\"image\/png\" \/>\n<meta name=\"twitter:card\" content=\"summary_large_image\" \/>\n<meta name=\"twitter:label1\" content=\"Arvioitu lukuaika\" \/>\n\t<meta name=\"twitter:data1\" content=\"3 minuuttia\" \/>\n<script type=\"application\/ld+json\" class=\"yoast-schema-graph\">{\"@context\":\"https:\/\/schema.org\",\"@graph\":[{\"@type\":\"WebPage\",\"@id\":\"https:\/\/penosil.com\/fi\/tuotteet\/kitchenbath-fresh-silikoni\/\",\"url\":\"https:\/\/penosil.com\/fi\/tuotteet\/kitchenbath-fresh-silikoni\/\",\"name\":\"PENOSIL Kitchen & Bath Fresh -silikonitiivistysaine \u2013 EasyPRO\",\"isPartOf\":{\"@id\":\"https:\/\/penosil.com\/fi\/#website\"},\"primaryImageOfPage\":{\"@id\":\"https:\/\/penosil.com\/fi\/tuotteet\/kitchenbath-fresh-silikoni\/#primaryimage\"},\"image\":{\"@id\":\"https:\/\/penosil.com\/fi\/tuotteet\/kitchenbath-fresh-silikoni\/#primaryimage\"},\"thumbnailUrl\":\"https:\/\/penosil.com\/fi\/wp-content\/uploads\/sites\/5\/2020\/04\/PENOSIL_Kitchen_Bath_Fresh_Silicone_310ml_FI_SE_spatula.png\",\"datePublished\":\"2020-04-12T04:33:14+00:00\",\"dateModified\":\"2025-04-09T09:56:48+00:00\",\"description\":\"PENOSIL Kitchen & Bath Fresh -silikoni on t\u00e4ydellinen valinta keitti\u00f6ihin, kylpyhuoneisiin ja m\u00e4rkiin tiloihin. Lue lis\u00e4\u00e4!\",\"breadcrumb\":{\"@id\":\"https:\/\/penosil.com\/fi\/tuotteet\/kitchenbath-fresh-silikoni\/#breadcrumb\"},\"inLanguage\":\"fi\",\"potentialAction\":[{\"@type\":\"ReadAction\",\"target\":[\"https:\/\/penosil.com\/fi\/tuotteet\/kitchenbath-fresh-silikoni\/\"]}]},{\"@type\":\"ImageObject\",\"inLanguage\":\"fi\",\"@id\":\"https:\/\/penosil.com\/fi\/tuotteet\/kitchenbath-fresh-silikoni\/#primaryimage\",\"url\":\"https:\/\/penosil.com\/fi\/wp-content\/uploads\/sites\/5\/2020\/04\/PENOSIL_Kitchen_Bath_Fresh_Silicone_310ml_FI_SE_spatula.png\",\"contentUrl\":\"https:\/\/penosil.com\/fi\/wp-content\/uploads\/sites\/5\/2020\/04\/PENOSIL_Kitchen_Bath_Fresh_Silicone_310ml_FI_SE_spatula.png\",\"width\":424,\"height\":1162,\"caption\":\"PENOSIL_Kitchen_Bath_Fresh_Silicone\"},{\"@type\":\"BreadcrumbList\",\"@id\":\"https:\/\/penosil.com\/fi\/tuotteet\/kitchenbath-fresh-silikoni\/#breadcrumb\",\"itemListElement\":[{\"@type\":\"ListItem\",\"position\":1,\"name\":\"Home\",\"item\":\"https:\/\/penosil.com\/fi\/\"},{\"@type\":\"ListItem\",\"position\":2,\"name\":\"Tuotteet\",\"item\":\"https:\/\/penosil.com\/fi\/tuotteet\/\"},{\"@type\":\"ListItem\",\"position\":3,\"name\":\"Kitchen&amp;Bath Fresh\"}]},{\"@type\":\"WebSite\",\"@id\":\"https:\/\/penosil.com\/fi\/#website\",\"url\":\"https:\/\/penosil.com\/fi\/\",\"name\":\"Penosil Finland\",\"description\":\"\",\"potentialAction\":[{\"@type\":\"SearchAction\",\"target\":{\"@type\":\"EntryPoint\",\"urlTemplate\":\"https:\/\/penosil.com\/fi\/?s={search_term_string}\"},\"query-input\":{\"@type\":\"PropertyValueSpecification\",\"valueRequired\":true,\"valueName\":\"search_term_string\"}}],\"inLanguage\":\"fi\"}]}<\/script>\n<!-- \/ Yoast SEO plugin. -->","yoast_head_json":{"title":"PENOSIL Kitchen & Bath Fresh -silikonitiivistysaine \u2013 EasyPRO","description":"PENOSIL Kitchen & Bath Fresh -silikoni on t\u00e4ydellinen valinta keitti\u00f6ihin, kylpyhuoneisiin ja m\u00e4rkiin tiloihin. Lue lis\u00e4\u00e4!","robots":{"index":"index","follow":"follow","max-snippet":"max-snippet:-1","max-image-preview":"max-image-preview:large","max-video-preview":"max-video-preview:-1"},"canonical":"https:\/\/penosil.com\/fi\/tuotteet\/kitchenbath-fresh-silikoni\/","og_locale":"fi_FI","og_type":"article","og_title":"PENOSIL Kitchen & Bath Fresh -silikonitiivistysaine \u2013 EasyPRO","og_description":"PENOSIL Kitchen & Bath Fresh -silikoni on t\u00e4ydellinen valinta keitti\u00f6ihin, kylpyhuoneisiin ja m\u00e4rkiin tiloihin. Lue lis\u00e4\u00e4!","og_url":"https:\/\/penosil.com\/fi\/tuotteet\/kitchenbath-fresh-silikoni\/","og_site_name":"Penosil Finland","article_modified_time":"2025-04-09T09:56:48+00:00","og_image":[{"width":424,"height":1162,"url":"https:\/\/penosil.com\/fi\/wp-content\/uploads\/sites\/5\/2020\/04\/PENOSIL_Kitchen_Bath_Fresh_Silicone_310ml_FI_SE_spatula.png","type":"image\/png"}],"twitter_card":"summary_large_image","twitter_misc":{"Arvioitu lukuaika":"3 minuuttia"},"schema":{"@context":"https:\/\/schema.org","@graph":[{"@type":"WebPage","@id":"https:\/\/penosil.com\/fi\/tuotteet\/kitchenbath-fresh-silikoni\/","url":"https:\/\/penosil.com\/fi\/tuotteet\/kitchenbath-fresh-silikoni\/","name":"PENOSIL Kitchen & Bath Fresh -silikonitiivistysaine \u2013 EasyPRO","isPartOf":{"@id":"https:\/\/penosil.com\/fi\/#website"},"primaryImageOfPage":{"@id":"https:\/\/penosil.com\/fi\/tuotteet\/kitchenbath-fresh-silikoni\/#primaryimage"},"image":{"@id":"https:\/\/penosil.com\/fi\/tuotteet\/kitchenbath-fresh-silikoni\/#primaryimage"},"thumbnailUrl":"https:\/\/penosil.com\/fi\/wp-content\/uploads\/sites\/5\/2020\/04\/PENOSIL_Kitchen_Bath_Fresh_Silicone_310ml_FI_SE_spatula.png","datePublished":"2020-04-12T04:33:14+00:00","dateModified":"2025-04-09T09:56:48+00:00","description":"PENOSIL Kitchen & Bath Fresh -silikoni on t\u00e4ydellinen valinta keitti\u00f6ihin, kylpyhuoneisiin ja m\u00e4rkiin tiloihin. Lue lis\u00e4\u00e4!","breadcrumb":{"@id":"https:\/\/penosil.com\/fi\/tuotteet\/kitchenbath-fresh-silikoni\/#breadcrumb"},"inLanguage":"fi","potentialAction":[{"@type":"ReadAction","target":["https:\/\/penosil.com\/fi\/tuotteet\/kitchenbath-fresh-silikoni\/"]}]},{"@type":"ImageObject","inLanguage":"fi","@id":"https:\/\/penosil.com\/fi\/tuotteet\/kitchenbath-fresh-silikoni\/#primaryimage","url":"https:\/\/penosil.com\/fi\/wp-content\/uploads\/sites\/5\/2020\/04\/PENOSIL_Kitchen_Bath_Fresh_Silicone_310ml_FI_SE_spatula.png","contentUrl":"https:\/\/penosil.com\/fi\/wp-content\/uploads\/sites\/5\/2020\/04\/PENOSIL_Kitchen_Bath_Fresh_Silicone_310ml_FI_SE_spatula.png","width":424,"height":1162,"caption":"PENOSIL_Kitchen_Bath_Fresh_Silicone"},{"@type":"BreadcrumbList","@id":"https:\/\/penosil.com\/fi\/tuotteet\/kitchenbath-fresh-silikoni\/#breadcrumb","itemListElement":[{"@type":"ListItem","position":1,"name":"Home","item":"https:\/\/penosil.com\/fi\/"},{"@type":"ListItem","position":2,"name":"Tuotteet","item":"https:\/\/penosil.com\/fi\/tuotteet\/"},{"@type":"ListItem","position":3,"name":"Kitchen&amp;Bath Fresh"}]},{"@type":"WebSite","@id":"https:\/\/penosil.com\/fi\/#website","url":"https:\/\/penosil.com\/fi\/","name":"Penosil Finland","description":"","potentialAction":[{"@type":"SearchAction","target":{"@type":"EntryPoint","urlTemplate":"https:\/\/penosil.com\/fi\/?s={search_term_string}"},"query-input":{"@type":"PropertyValueSpecification","valueRequired":true,"valueName":"search_term_string"}}],"inLanguage":"fi"}]}},"featured_img":"https:\/\/penosil.com\/fi\/wp-content\/uploads\/sites\/5\/2020\/04\/PENOSIL_Kitchen_Bath_Fresh_Silicone_310ml_FI_SE_spatula.png","coauthors":[],"author_meta":{"author_link":"https:\/\/penosil.com\/fi\/author\/","display_name":""},"relative_dates":{"created":"Posted 6 vuotta ago","modified":"Updated 1 vuosi ago"},"absolute_dates":{"created":"Posted on 12.4.2020","modified":"Updated on 9.4.2025"},"absolute_dates_time":{"created":"Posted on 12.4.2020 4:33","modified":"Updated on 9.4.2025 9:56"},"featured_img_caption":"","tax_additional":{"product_brand":{"linked":[],"unlinked":[],"slug":"product_brand","name":"Br\u00e4ndit"},"product_type":{"linked":["<a href=\"https:\/\/penosil.com\/fi\/?taxonomy=product_type&#038;term=variable\" class=\"advgb-post-tax-term\">variable<\/a>"],"unlinked":["<span class=\"advgb-post-tax-term\">variable<\/span>"],"slug":"product_type","name":"Tuotetyyppi"},"product_visibility":{"linked":[],"unlinked":[],"slug":"product_visibility","name":"Tuotteen n\u00e4kyvyys"},"product_cat":{"linked":["<a href=\"https:\/\/penosil.com\/fi\/tuote-osasto\/tuoteryhmat\/\" class=\"advgb-post-tax-term\">Tuoteryhm\u00e4t<\/a>","<a href=\"https:\/\/penosil.com\/fi\/tuote-osasto\/tuoteryhmat\/tiivisteet\/neutraalit-silikonit\/\" class=\"advgb-post-tax-term\">Neutraalit silikonit<\/a>","<a href=\"https:\/\/penosil.com\/fi\/tuote-osasto\/tuoteryhmat\/tiivisteet\/\" class=\"advgb-post-tax-term\">Tiivisteet<\/a>","<a href=\"https:\/\/penosil.com\/fi\/tuote-osasto\/easypro\/\" class=\"advgb-post-tax-term\">EasyPRO<\/a>","<a href=\"https:\/\/penosil.com\/fi\/tuote-osasto\/easypro\/keittioon-ja-kylphyuoneeseen\/\" class=\"advgb-post-tax-term\">Keitti\u00f6\u00f6n ja kylpyhuoneeseen<\/a>"],"unlinked":["<span class=\"advgb-post-tax-term\">Tuoteryhm\u00e4t<\/span>","<span class=\"advgb-post-tax-term\">Neutraalit silikonit<\/span>","<span class=\"advgb-post-tax-term\">Tiivisteet<\/span>","<span class=\"advgb-post-tax-term\">EasyPRO<\/span>","<span class=\"advgb-post-tax-term\">Keitti\u00f6\u00f6n ja kylpyhuoneeseen<\/span>"],"slug":"product_cat","name":"Osastot"},"product_tag":{"linked":[],"unlinked":[],"slug":"product_tag","name":"Avainsanat tuotteelle"},"product_shipping_class":{"linked":[],"unlinked":[],"slug":"product_shipping_class","name":"Tuotteen toimitusluokat"},"pos_product_visibility":{"linked":[],"unlinked":[],"slug":"pos_product_visibility","name":"POS Product visibility"},"pa_color":{"linked":["<a href=\"https:\/\/penosil.com\/fi\/?taxonomy=pa_color&#038;term=lapinakyva\" class=\"advgb-post-tax-term\">L\u00e4pin\u00e4kyv\u00e4<\/a>","<a href=\"https:\/\/penosil.com\/fi\/?taxonomy=pa_color&#038;term=valkoinen\" class=\"advgb-post-tax-term\">Valkoinen<\/a>"],"unlinked":["<span class=\"advgb-post-tax-term\">L\u00e4pin\u00e4kyv\u00e4<\/span>","<span class=\"advgb-post-tax-term\">Valkoinen<\/span>"],"slug":"pa_color","name":"Product Colour"},"pa_package":{"linked":["<a href=\"https:\/\/penosil.com\/fi\/?taxonomy=pa_package&#038;term=310-ml\" class=\"advgb-post-tax-term\">310 ml<\/a>"],"unlinked":["<span class=\"advgb-post-tax-term\">310 ml<\/span>"],"slug":"pa_package","name":"Product Package"},"translation_priority":{"linked":["<a href=\"https:\/\/penosil.com\/fi\/?taxonomy=translation_priority&#038;term=optional-fi\" class=\"advgb-post-tax-term\">Optional<\/a>"],"unlinked":["<span class=\"advgb-post-tax-term\">Optional<\/span>"],"slug":"translation_priority","name":"Translation Priorities"}},"series_order":"","_links":{"self":[{"href":"https:\/\/penosil.com\/fi\/wp-json\/wp\/v2\/product\/7788","targetHints":{"allow":["GET"]}}],"collection":[{"href":"https:\/\/penosil.com\/fi\/wp-json\/wp\/v2\/product"}],"about":[{"href":"https:\/\/penosil.com\/fi\/wp-json\/wp\/v2\/types\/product"}],"version-history":[{"count":4,"href":"https:\/\/penosil.com\/fi\/wp-json\/wp\/v2\/product\/7788\/revisions"}],"predecessor-version":[{"id":10041,"href":"https:\/\/penosil.com\/fi\/wp-json\/wp\/v2\/product\/7788\/revisions\/10041"}],"wp:featuredmedia":[{"embeddable":true,"href":"https:\/\/penosil.com\/fi\/wp-json\/wp\/v2\/media\/7694"}],"wp:attachment":[{"href":"https:\/\/penosil.com\/fi\/wp-json\/wp\/v2\/media?parent=7788"}],"wp:term":[{"taxonomy":"product_brand","embeddable":true,"href":"https:\/\/penosil.com\/fi\/wp-json\/wp\/v2\/product_brand?post=7788"},{"taxonomy":"product_cat","embeddable":true,"href":"https:\/\/penosil.com\/fi\/wp-json\/wp\/v2\/product_cat?post=7788"},{"taxonomy":"product_tag","embeddable":true,"href":"https:\/\/penosil.com\/fi\/wp-json\/wp\/v2\/product_tag?post=7788"}],"curies":[{"name":"wp","href":"https:\/\/api.w.org\/{rel}","templated":true}]}}