{"id":7838,"date":"2020-04-13T08:47:16","date_gmt":"2020-04-13T08:47:16","guid":{"rendered":"https:\/\/penosil.com\/fi\/?post_type=product&#038;p=7838"},"modified":"2026-04-12T00:07:05","modified_gmt":"2026-04-12T00:07:05","slug":"easyspray-foam-111-ruiskutettava-eristysvaahto","status":"publish","type":"product","link":"https:\/\/penosil.com\/fi\/tuotteet\/easyspray-foam-111-ruiskutettava-eristysvaahto\/","title":{"rendered":"EasySpray Foam 111 ruiskutettava eristysvaahto"},"content":{"rendered":"<p>PENOSIL EasySpray Foam 111 ymp\u00e4rist\u00f6\u00e4 v\u00e4h\u00e4n kuormittava eristysvaahto pistooliin asennettavalla erityislevittimell\u00e4. Ruiskutus antaa mahdollisuuden erist\u00e4\u00e4 ep\u00e4tasaisia ja kaarevia alustoja sek\u00e4 vaikeap\u00e4\u00e4syisi\u00e4 kohteita tasaisella vaahtokerroksella. Auttaa v\u00e4hent\u00e4m\u00e4\u00e4n kylm\u00e4siltoja sek\u00e4 ehk\u00e4isem\u00e4\u00e4n vesih\u00f6yryn tiivistymist\u00e4.<\/p>\n","protected":false},"excerpt":{"rendered":"ruiskutettava eristysvaahto","protected":false},"author":3,"featured_media":10223,"template":"","meta":{"_acf_changed":false,"advgb_blocks_editor_width":"","advgb_blocks_columns_visual_guide":"","footnotes":""},"product_brand":[],"product_cat":[1077],"product_tag":[],"class_list":{"0":"post-7838","1":"product","2":"type-product","3":"status-publish","4":"has-post-thumbnail","6":"product_cat-katto-ja-julkisivut","8":"first","9":"instock","10":"taxable","11":"shipping-taxable","12":"purchasable","13":"product-type-simple"},"acf":[],"yoast_head":"<!-- This site is optimized with the Yoast SEO plugin v27.2 - https:\/\/yoast.com\/product\/yoast-seo-wordpress\/ -->\n<title>Ainutlaatuisella levittimell\u00e4 varustettu Penosil EasySpray Foam 111<\/title>\n<meta name=\"description\" content=\"Penosil EasySpray Foam 111 on ainutlaatuisella levittimell\u00e4 varustettu ruiskutettava eristysvaahto. Korkea eristysarvo. V\u00e4hent\u00e4\u00e4 kylm\u00e4siltoja.\" \/>\n<meta name=\"robots\" content=\"index, follow, max-snippet:-1, max-image-preview:large, max-video-preview:-1\" \/>\n<link rel=\"canonical\" href=\"https:\/\/penosil.com\/fi\/tuotteet\/easyspray-foam-111-ruiskutettava-eristysvaahto\/\" \/>\n<meta property=\"og:locale\" content=\"fi_FI\" \/>\n<meta property=\"og:type\" content=\"article\" \/>\n<meta property=\"og:title\" content=\"Ainutlaatuisella levittimell\u00e4 varustettu Penosil EasySpray Foam 111\" \/>\n<meta property=\"og:description\" content=\"Penosil EasySpray Foam 111 on ainutlaatuisella levittimell\u00e4 varustettu ruiskutettava eristysvaahto. Korkea eristysarvo. V\u00e4hent\u00e4\u00e4 kylm\u00e4siltoja.\" \/>\n<meta property=\"og:url\" content=\"https:\/\/penosil.com\/fi\/tuotteet\/easyspray-foam-111-ruiskutettava-eristysvaahto\/\" \/>\n<meta property=\"og:site_name\" content=\"Penosil Finland\" \/>\n<meta property=\"article:modified_time\" content=\"2026-04-12T00:07:05+00:00\" \/>\n<meta property=\"og:image\" content=\"https:\/\/penosil.com\/fi\/wp-content\/uploads\/sites\/5\/2020\/04\/111_EasySpray_Foam_111_EE_FI.png\" \/>\n\t<meta property=\"og:image:width\" content=\"523\" \/>\n\t<meta property=\"og:image:height\" content=\"1080\" \/>\n\t<meta property=\"og:image:type\" content=\"image\/png\" \/>\n<meta name=\"twitter:card\" content=\"summary_large_image\" \/>\n<meta name=\"twitter:label1\" content=\"Arvioitu lukuaika\" \/>\n\t<meta name=\"twitter:data1\" content=\"3 minuuttia\" \/>\n<script type=\"application\/ld+json\" class=\"yoast-schema-graph\">{\"@context\":\"https:\/\/schema.org\",\"@graph\":[{\"@type\":\"WebPage\",\"@id\":\"https:\/\/penosil.com\/fi\/tuotteet\/easyspray-foam-111-ruiskutettava-eristysvaahto\/\",\"url\":\"https:\/\/penosil.com\/fi\/tuotteet\/easyspray-foam-111-ruiskutettava-eristysvaahto\/\",\"name\":\"Ainutlaatuisella levittimell\u00e4 varustettu Penosil EasySpray Foam 111\",\"isPartOf\":{\"@id\":\"https:\/\/penosil.com\/fi\/#website\"},\"primaryImageOfPage\":{\"@id\":\"https:\/\/penosil.com\/fi\/tuotteet\/easyspray-foam-111-ruiskutettava-eristysvaahto\/#primaryimage\"},\"image\":{\"@id\":\"https:\/\/penosil.com\/fi\/tuotteet\/easyspray-foam-111-ruiskutettava-eristysvaahto\/#primaryimage\"},\"thumbnailUrl\":\"https:\/\/penosil.com\/fi\/wp-content\/uploads\/sites\/5\/2025\/09\/111_EasySpray_Foam_111_EE_FI_1.png\",\"datePublished\":\"2020-04-13T08:47:16+00:00\",\"dateModified\":\"2026-04-12T00:07:05+00:00\",\"description\":\"Penosil EasySpray Foam 111 on ainutlaatuisella levittimell\u00e4 varustettu ruiskutettava eristysvaahto. Korkea eristysarvo. V\u00e4hent\u00e4\u00e4 kylm\u00e4siltoja.\",\"breadcrumb\":{\"@id\":\"https:\/\/penosil.com\/fi\/tuotteet\/easyspray-foam-111-ruiskutettava-eristysvaahto\/#breadcrumb\"},\"inLanguage\":\"fi\",\"potentialAction\":[{\"@type\":\"ReadAction\",\"target\":[\"https:\/\/penosil.com\/fi\/tuotteet\/easyspray-foam-111-ruiskutettava-eristysvaahto\/\"]}]},{\"@type\":\"ImageObject\",\"inLanguage\":\"fi\",\"@id\":\"https:\/\/penosil.com\/fi\/tuotteet\/easyspray-foam-111-ruiskutettava-eristysvaahto\/#primaryimage\",\"url\":\"https:\/\/penosil.com\/fi\/wp-content\/uploads\/sites\/5\/2025\/09\/111_EasySpray_Foam_111_EE_FI_1.png\",\"contentUrl\":\"https:\/\/penosil.com\/fi\/wp-content\/uploads\/sites\/5\/2025\/09\/111_EasySpray_Foam_111_EE_FI_1.png\",\"width\":523,\"height\":1080},{\"@type\":\"BreadcrumbList\",\"@id\":\"https:\/\/penosil.com\/fi\/tuotteet\/easyspray-foam-111-ruiskutettava-eristysvaahto\/#breadcrumb\",\"itemListElement\":[{\"@type\":\"ListItem\",\"position\":1,\"name\":\"Home\",\"item\":\"https:\/\/penosil.com\/fi\/\"},{\"@type\":\"ListItem\",\"position\":2,\"name\":\"Tuotteet\",\"item\":\"https:\/\/penosil.com\/fi\/tuotteet\/\"},{\"@type\":\"ListItem\",\"position\":3,\"name\":\"EasySpray Foam 111 ruiskutettava eristysvaahto\"}]},{\"@type\":\"WebSite\",\"@id\":\"https:\/\/penosil.com\/fi\/#website\",\"url\":\"https:\/\/penosil.com\/fi\/\",\"name\":\"Penosil Finland\",\"description\":\"\",\"potentialAction\":[{\"@type\":\"SearchAction\",\"target\":{\"@type\":\"EntryPoint\",\"urlTemplate\":\"https:\/\/penosil.com\/fi\/?s={search_term_string}\"},\"query-input\":{\"@type\":\"PropertyValueSpecification\",\"valueRequired\":true,\"valueName\":\"search_term_string\"}}],\"inLanguage\":\"fi\"}]}<\/script>\n<!-- \/ Yoast SEO plugin. -->","yoast_head_json":{"title":"Ainutlaatuisella levittimell\u00e4 varustettu Penosil EasySpray Foam 111","description":"Penosil EasySpray Foam 111 on ainutlaatuisella levittimell\u00e4 varustettu ruiskutettava eristysvaahto. Korkea eristysarvo. V\u00e4hent\u00e4\u00e4 kylm\u00e4siltoja.","robots":{"index":"index","follow":"follow","max-snippet":"max-snippet:-1","max-image-preview":"max-image-preview:large","max-video-preview":"max-video-preview:-1"},"canonical":"https:\/\/penosil.com\/fi\/tuotteet\/easyspray-foam-111-ruiskutettava-eristysvaahto\/","og_locale":"fi_FI","og_type":"article","og_title":"Ainutlaatuisella levittimell\u00e4 varustettu Penosil EasySpray Foam 111","og_description":"Penosil EasySpray Foam 111 on ainutlaatuisella levittimell\u00e4 varustettu ruiskutettava eristysvaahto. Korkea eristysarvo. V\u00e4hent\u00e4\u00e4 kylm\u00e4siltoja.","og_url":"https:\/\/penosil.com\/fi\/tuotteet\/easyspray-foam-111-ruiskutettava-eristysvaahto\/","og_site_name":"Penosil Finland","article_modified_time":"2026-04-12T00:07:05+00:00","og_image":[{"width":523,"height":1080,"url":"https:\/\/penosil.com\/fi\/wp-content\/uploads\/sites\/5\/2020\/04\/111_EasySpray_Foam_111_EE_FI.png","type":"image\/png"}],"twitter_card":"summary_large_image","twitter_misc":{"Arvioitu lukuaika":"3 minuuttia"},"schema":{"@context":"https:\/\/schema.org","@graph":[{"@type":"WebPage","@id":"https:\/\/penosil.com\/fi\/tuotteet\/easyspray-foam-111-ruiskutettava-eristysvaahto\/","url":"https:\/\/penosil.com\/fi\/tuotteet\/easyspray-foam-111-ruiskutettava-eristysvaahto\/","name":"Ainutlaatuisella levittimell\u00e4 varustettu Penosil EasySpray Foam 111","isPartOf":{"@id":"https:\/\/penosil.com\/fi\/#website"},"primaryImageOfPage":{"@id":"https:\/\/penosil.com\/fi\/tuotteet\/easyspray-foam-111-ruiskutettava-eristysvaahto\/#primaryimage"},"image":{"@id":"https:\/\/penosil.com\/fi\/tuotteet\/easyspray-foam-111-ruiskutettava-eristysvaahto\/#primaryimage"},"thumbnailUrl":"https:\/\/penosil.com\/fi\/wp-content\/uploads\/sites\/5\/2025\/09\/111_EasySpray_Foam_111_EE_FI_1.png","datePublished":"2020-04-13T08:47:16+00:00","dateModified":"2026-04-12T00:07:05+00:00","description":"Penosil EasySpray Foam 111 on ainutlaatuisella levittimell\u00e4 varustettu ruiskutettava eristysvaahto. Korkea eristysarvo. V\u00e4hent\u00e4\u00e4 kylm\u00e4siltoja.","breadcrumb":{"@id":"https:\/\/penosil.com\/fi\/tuotteet\/easyspray-foam-111-ruiskutettava-eristysvaahto\/#breadcrumb"},"inLanguage":"fi","potentialAction":[{"@type":"ReadAction","target":["https:\/\/penosil.com\/fi\/tuotteet\/easyspray-foam-111-ruiskutettava-eristysvaahto\/"]}]},{"@type":"ImageObject","inLanguage":"fi","@id":"https:\/\/penosil.com\/fi\/tuotteet\/easyspray-foam-111-ruiskutettava-eristysvaahto\/#primaryimage","url":"https:\/\/penosil.com\/fi\/wp-content\/uploads\/sites\/5\/2025\/09\/111_EasySpray_Foam_111_EE_FI_1.png","contentUrl":"https:\/\/penosil.com\/fi\/wp-content\/uploads\/sites\/5\/2025\/09\/111_EasySpray_Foam_111_EE_FI_1.png","width":523,"height":1080},{"@type":"BreadcrumbList","@id":"https:\/\/penosil.com\/fi\/tuotteet\/easyspray-foam-111-ruiskutettava-eristysvaahto\/#breadcrumb","itemListElement":[{"@type":"ListItem","position":1,"name":"Home","item":"https:\/\/penosil.com\/fi\/"},{"@type":"ListItem","position":2,"name":"Tuotteet","item":"https:\/\/penosil.com\/fi\/tuotteet\/"},{"@type":"ListItem","position":3,"name":"EasySpray Foam 111 ruiskutettava eristysvaahto"}]},{"@type":"WebSite","@id":"https:\/\/penosil.com\/fi\/#website","url":"https:\/\/penosil.com\/fi\/","name":"Penosil Finland","description":"","potentialAction":[{"@type":"SearchAction","target":{"@type":"EntryPoint","urlTemplate":"https:\/\/penosil.com\/fi\/?s={search_term_string}"},"query-input":{"@type":"PropertyValueSpecification","valueRequired":true,"valueName":"search_term_string"}}],"inLanguage":"fi"}]}},"featured_img":"https:\/\/penosil.com\/fi\/wp-content\/uploads\/sites\/5\/2025\/09\/111_EasySpray_Foam_111_EE_FI_1.png","coauthors":[],"author_meta":{"author_link":"https:\/\/penosil.com\/fi\/author\/","display_name":""},"relative_dates":{"created":"Posted 6 vuotta ago","modified":"Updated 10 tuntia ago"},"absolute_dates":{"created":"Posted on 13.4.2020","modified":"Updated on 12.4.2026"},"absolute_dates_time":{"created":"Posted on 13.4.2020 8:47","modified":"Updated on 12.4.2026 0:07"},"featured_img_caption":"","tax_additional":{"product_brand":{"linked":[],"unlinked":[],"slug":"product_brand","name":"Br\u00e4ndit"},"product_type":{"linked":["<a href=\"https:\/\/penosil.com\/fi\/?taxonomy=product_type&#038;term=simple\" class=\"advgb-post-tax-term\">simple<\/a>"],"unlinked":["<span class=\"advgb-post-tax-term\">simple<\/span>"],"slug":"product_type","name":"Tuotetyyppi"},"product_visibility":{"linked":[],"unlinked":[],"slug":"product_visibility","name":"Tuotteen n\u00e4kyvyys"},"product_cat":{"linked":["<a href=\"https:\/\/penosil.com\/fi\/tuote-osasto\/kayttokohteet\/katto-ja-julkisivut\/\" class=\"advgb-post-tax-term\">Katto ja julkisivut<\/a>"],"unlinked":["<span class=\"advgb-post-tax-term\">Katto ja julkisivut<\/span>"],"slug":"product_cat","name":"Osastot"},"product_tag":{"linked":[],"unlinked":[],"slug":"product_tag","name":"Avainsanat tuotteelle"},"product_shipping_class":{"linked":[],"unlinked":[],"slug":"product_shipping_class","name":"Tuotteen toimitusluokat"},"pos_product_visibility":{"linked":[],"unlinked":[],"slug":"pos_product_visibility","name":"POS Product visibility"},"pa_color":{"linked":["<a href=\"https:\/\/penosil.com\/fi\/?taxonomy=pa_color&#038;term=valkoinen\" class=\"advgb-post-tax-term\">Valkoinen<\/a>"],"unlinked":["<span class=\"advgb-post-tax-term\">Valkoinen<\/span>"],"slug":"pa_color","name":"Product Colour"},"pa_package":{"linked":[],"unlinked":[],"slug":"pa_package","name":"Product Package"},"translation_priority":{"linked":["<a href=\"https:\/\/penosil.com\/fi\/?taxonomy=translation_priority&#038;term=optional-fi\" class=\"advgb-post-tax-term\">Optional<\/a>"],"unlinked":["<span class=\"advgb-post-tax-term\">Optional<\/span>"],"slug":"translation_priority","name":"Translation Priorities"}},"series_order":"","_links":{"self":[{"href":"https:\/\/penosil.com\/fi\/wp-json\/wp\/v2\/product\/7838","targetHints":{"allow":["GET"]}}],"collection":[{"href":"https:\/\/penosil.com\/fi\/wp-json\/wp\/v2\/product"}],"about":[{"href":"https:\/\/penosil.com\/fi\/wp-json\/wp\/v2\/types\/product"}],"version-history":[{"count":4,"href":"https:\/\/penosil.com\/fi\/wp-json\/wp\/v2\/product\/7838\/revisions"}],"predecessor-version":[{"id":10199,"href":"https:\/\/penosil.com\/fi\/wp-json\/wp\/v2\/product\/7838\/revisions\/10199"}],"wp:featuredmedia":[{"embeddable":true,"href":"https:\/\/penosil.com\/fi\/wp-json\/wp\/v2\/media\/10223"}],"wp:attachment":[{"href":"https:\/\/penosil.com\/fi\/wp-json\/wp\/v2\/media?parent=7838"}],"wp:term":[{"taxonomy":"product_brand","embeddable":true,"href":"https:\/\/penosil.com\/fi\/wp-json\/wp\/v2\/product_brand?post=7838"},{"taxonomy":"product_cat","embeddable":true,"href":"https:\/\/penosil.com\/fi\/wp-json\/wp\/v2\/product_cat?post=7838"},{"taxonomy":"product_tag","embeddable":true,"href":"https:\/\/penosil.com\/fi\/wp-json\/wp\/v2\/product_tag?post=7838"}],"curies":[{"name":"wp","href":"https:\/\/api.w.org\/{rel}","templated":true}]}}