{"id":7843,"date":"2020-04-13T10:19:32","date_gmt":"2020-04-13T10:19:32","guid":{"rendered":"https:\/\/penosil.com\/fi\/?post_type=product&#038;p=7843"},"modified":"2025-04-09T09:53:59","modified_gmt":"2025-04-09T09:53:59","slug":"cleaning-wipes-941-monikayttoiset-puhdistusliinat","status":"publish","type":"product","link":"https:\/\/penosil.com\/fi\/tuotteet\/cleaning-wipes-941-monikayttoiset-puhdistusliinat\/","title":{"rendered":"Cleaning Wipes 941"},"content":{"rendered":"<p>Isot puhdistusliinat maali-, liima-, \u00f6ljy-, asennusvaahto-, saumausmassa- ja muiden tahrojen poistoon k\u00e4sist\u00e4, ty\u00f6kaluista ja muilta pinnoilta.<\/p>\n","protected":false},"excerpt":{"rendered":"Isot puhdistusliinat maali-, liima-, \u00f6ljy-, asennusvaahto-, saumausmassa- ja muiden tahrojen poistoon k\u00e4sist\u00e4, ty\u00f6kaluista ja muilta pinnoilta.","protected":false},"author":3,"featured_media":10098,"template":"","meta":{"_acf_changed":false,"advgb_blocks_editor_width":"","advgb_blocks_columns_visual_guide":"","footnotes":""},"product_brand":[],"product_cat":[334,1361,1491,1604,2332,2309,1458,2315,2278],"product_tag":[],"class_list":{"0":"post-7843","1":"product","2":"type-product","3":"status-publish","4":"has-post-thumbnail","6":"product_cat-kayttokohteet","7":"product_cat-tuoteryhmat","8":"product_cat-rakennusvaahdot","9":"product_cat-tiivisteet","10":"product_cat-puhdistusaineet-2","11":"product_cat-vaahtoaseet-ja-puhdistusaineet","12":"product_cat-puhdistusaineet","13":"product_cat-tiivistepistoolit-ja-puhdistusaineet","14":"product_cat-puhdistus","16":"first","17":"instock","18":"taxable","19":"shipping-taxable","20":"purchasable","21":"product-type-simple"},"acf":[],"yoast_head":"<!-- This site is optimized with the Yoast SEO plugin v27.2 - https:\/\/yoast.com\/product\/yoast-seo-wordpress\/ -->\n<title>PENOSIL Cleaning Wipes 941 puhdistusliinat poistoon k\u00e4sist\u00e4 ja ty\u00f6kaluista<\/title>\n<meta name=\"description\" content=\"PENOSIL Cleaning Wipes 941 pyyhkeet teollisuusk\u00e4ytt\u00f6\u00f6n: asennusvaahto-, saumausmassa- ja use tahrojen poistoon k\u00e4sist\u00e4 ja ty\u00f6kaluista.\" \/>\n<meta name=\"robots\" content=\"index, follow, max-snippet:-1, max-image-preview:large, max-video-preview:-1\" \/>\n<link rel=\"canonical\" href=\"https:\/\/penosil.com\/fi\/tuotteet\/cleaning-wipes-941-monikayttoiset-puhdistusliinat\/\" \/>\n<meta property=\"og:locale\" content=\"fi_FI\" \/>\n<meta property=\"og:type\" content=\"article\" \/>\n<meta property=\"og:title\" content=\"PENOSIL Cleaning Wipes 941 puhdistusliinat poistoon k\u00e4sist\u00e4 ja ty\u00f6kaluista\" \/>\n<meta property=\"og:description\" content=\"PENOSIL Cleaning Wipes 941 pyyhkeet teollisuusk\u00e4ytt\u00f6\u00f6n: asennusvaahto-, saumausmassa- ja use tahrojen poistoon k\u00e4sist\u00e4 ja ty\u00f6kaluista.\" \/>\n<meta property=\"og:url\" content=\"https:\/\/penosil.com\/fi\/tuotteet\/cleaning-wipes-941-monikayttoiset-puhdistusliinat\/\" \/>\n<meta property=\"og:site_name\" content=\"Penosil Finland\" \/>\n<meta property=\"article:modified_time\" content=\"2025-04-09T09:53:59+00:00\" \/>\n<meta property=\"og:image\" content=\"https:\/\/penosil.com\/fi\/wp-content\/uploads\/sites\/5\/2020\/04\/941_Cleaning_Wipes_941_EE_LT_LV_RU.png\" \/>\n\t<meta property=\"og:image:width\" content=\"523\" \/>\n\t<meta property=\"og:image:height\" content=\"1080\" \/>\n\t<meta property=\"og:image:type\" content=\"image\/png\" \/>\n<meta name=\"twitter:card\" content=\"summary_large_image\" \/>\n<meta name=\"twitter:label1\" content=\"Arvioitu lukuaika\" \/>\n\t<meta name=\"twitter:data1\" content=\"2 minuuttia\" \/>\n<script type=\"application\/ld+json\" class=\"yoast-schema-graph\">{\"@context\":\"https:\/\/schema.org\",\"@graph\":[{\"@type\":\"WebPage\",\"@id\":\"https:\/\/penosil.com\/fi\/tuotteet\/cleaning-wipes-941-monikayttoiset-puhdistusliinat\/\",\"url\":\"https:\/\/penosil.com\/fi\/tuotteet\/cleaning-wipes-941-monikayttoiset-puhdistusliinat\/\",\"name\":\"PENOSIL Cleaning Wipes 941 puhdistusliinat poistoon k\u00e4sist\u00e4 ja ty\u00f6kaluista\",\"isPartOf\":{\"@id\":\"https:\/\/penosil.com\/fi\/#website\"},\"primaryImageOfPage\":{\"@id\":\"https:\/\/penosil.com\/fi\/tuotteet\/cleaning-wipes-941-monikayttoiset-puhdistusliinat\/#primaryimage\"},\"image\":{\"@id\":\"https:\/\/penosil.com\/fi\/tuotteet\/cleaning-wipes-941-monikayttoiset-puhdistusliinat\/#primaryimage\"},\"thumbnailUrl\":\"https:\/\/penosil.com\/fi\/wp-content\/uploads\/sites\/5\/2020\/04\/941_Cleaning_Wipes_941_EE_LT_LV_RU.png\",\"datePublished\":\"2020-04-13T10:19:32+00:00\",\"dateModified\":\"2025-04-09T09:53:59+00:00\",\"description\":\"PENOSIL Cleaning Wipes 941 pyyhkeet teollisuusk\u00e4ytt\u00f6\u00f6n: asennusvaahto-, saumausmassa- ja use tahrojen poistoon k\u00e4sist\u00e4 ja ty\u00f6kaluista.\",\"breadcrumb\":{\"@id\":\"https:\/\/penosil.com\/fi\/tuotteet\/cleaning-wipes-941-monikayttoiset-puhdistusliinat\/#breadcrumb\"},\"inLanguage\":\"fi\",\"potentialAction\":[{\"@type\":\"ReadAction\",\"target\":[\"https:\/\/penosil.com\/fi\/tuotteet\/cleaning-wipes-941-monikayttoiset-puhdistusliinat\/\"]}]},{\"@type\":\"ImageObject\",\"inLanguage\":\"fi\",\"@id\":\"https:\/\/penosil.com\/fi\/tuotteet\/cleaning-wipes-941-monikayttoiset-puhdistusliinat\/#primaryimage\",\"url\":\"https:\/\/penosil.com\/fi\/wp-content\/uploads\/sites\/5\/2020\/04\/941_Cleaning_Wipes_941_EE_LT_LV_RU.png\",\"contentUrl\":\"https:\/\/penosil.com\/fi\/wp-content\/uploads\/sites\/5\/2020\/04\/941_Cleaning_Wipes_941_EE_LT_LV_RU.png\",\"width\":523,\"height\":1080},{\"@type\":\"BreadcrumbList\",\"@id\":\"https:\/\/penosil.com\/fi\/tuotteet\/cleaning-wipes-941-monikayttoiset-puhdistusliinat\/#breadcrumb\",\"itemListElement\":[{\"@type\":\"ListItem\",\"position\":1,\"name\":\"Home\",\"item\":\"https:\/\/penosil.com\/fi\/\"},{\"@type\":\"ListItem\",\"position\":2,\"name\":\"Tuotteet\",\"item\":\"https:\/\/penosil.com\/fi\/tuotteet\/\"},{\"@type\":\"ListItem\",\"position\":3,\"name\":\"Cleaning Wipes 941\"}]},{\"@type\":\"WebSite\",\"@id\":\"https:\/\/penosil.com\/fi\/#website\",\"url\":\"https:\/\/penosil.com\/fi\/\",\"name\":\"Penosil Finland\",\"description\":\"\",\"potentialAction\":[{\"@type\":\"SearchAction\",\"target\":{\"@type\":\"EntryPoint\",\"urlTemplate\":\"https:\/\/penosil.com\/fi\/?s={search_term_string}\"},\"query-input\":{\"@type\":\"PropertyValueSpecification\",\"valueRequired\":true,\"valueName\":\"search_term_string\"}}],\"inLanguage\":\"fi\"}]}<\/script>\n<!-- \/ Yoast SEO plugin. -->","yoast_head_json":{"title":"PENOSIL Cleaning Wipes 941 puhdistusliinat poistoon k\u00e4sist\u00e4 ja ty\u00f6kaluista","description":"PENOSIL Cleaning Wipes 941 pyyhkeet teollisuusk\u00e4ytt\u00f6\u00f6n: asennusvaahto-, saumausmassa- ja use tahrojen poistoon k\u00e4sist\u00e4 ja ty\u00f6kaluista.","robots":{"index":"index","follow":"follow","max-snippet":"max-snippet:-1","max-image-preview":"max-image-preview:large","max-video-preview":"max-video-preview:-1"},"canonical":"https:\/\/penosil.com\/fi\/tuotteet\/cleaning-wipes-941-monikayttoiset-puhdistusliinat\/","og_locale":"fi_FI","og_type":"article","og_title":"PENOSIL Cleaning Wipes 941 puhdistusliinat poistoon k\u00e4sist\u00e4 ja ty\u00f6kaluista","og_description":"PENOSIL Cleaning Wipes 941 pyyhkeet teollisuusk\u00e4ytt\u00f6\u00f6n: asennusvaahto-, saumausmassa- ja use tahrojen poistoon k\u00e4sist\u00e4 ja ty\u00f6kaluista.","og_url":"https:\/\/penosil.com\/fi\/tuotteet\/cleaning-wipes-941-monikayttoiset-puhdistusliinat\/","og_site_name":"Penosil Finland","article_modified_time":"2025-04-09T09:53:59+00:00","og_image":[{"width":523,"height":1080,"url":"https:\/\/penosil.com\/fi\/wp-content\/uploads\/sites\/5\/2020\/04\/941_Cleaning_Wipes_941_EE_LT_LV_RU.png","type":"image\/png"}],"twitter_card":"summary_large_image","twitter_misc":{"Arvioitu lukuaika":"2 minuuttia"},"schema":{"@context":"https:\/\/schema.org","@graph":[{"@type":"WebPage","@id":"https:\/\/penosil.com\/fi\/tuotteet\/cleaning-wipes-941-monikayttoiset-puhdistusliinat\/","url":"https:\/\/penosil.com\/fi\/tuotteet\/cleaning-wipes-941-monikayttoiset-puhdistusliinat\/","name":"PENOSIL Cleaning Wipes 941 puhdistusliinat poistoon k\u00e4sist\u00e4 ja ty\u00f6kaluista","isPartOf":{"@id":"https:\/\/penosil.com\/fi\/#website"},"primaryImageOfPage":{"@id":"https:\/\/penosil.com\/fi\/tuotteet\/cleaning-wipes-941-monikayttoiset-puhdistusliinat\/#primaryimage"},"image":{"@id":"https:\/\/penosil.com\/fi\/tuotteet\/cleaning-wipes-941-monikayttoiset-puhdistusliinat\/#primaryimage"},"thumbnailUrl":"https:\/\/penosil.com\/fi\/wp-content\/uploads\/sites\/5\/2020\/04\/941_Cleaning_Wipes_941_EE_LT_LV_RU.png","datePublished":"2020-04-13T10:19:32+00:00","dateModified":"2025-04-09T09:53:59+00:00","description":"PENOSIL Cleaning Wipes 941 pyyhkeet teollisuusk\u00e4ytt\u00f6\u00f6n: asennusvaahto-, saumausmassa- ja use tahrojen poistoon k\u00e4sist\u00e4 ja ty\u00f6kaluista.","breadcrumb":{"@id":"https:\/\/penosil.com\/fi\/tuotteet\/cleaning-wipes-941-monikayttoiset-puhdistusliinat\/#breadcrumb"},"inLanguage":"fi","potentialAction":[{"@type":"ReadAction","target":["https:\/\/penosil.com\/fi\/tuotteet\/cleaning-wipes-941-monikayttoiset-puhdistusliinat\/"]}]},{"@type":"ImageObject","inLanguage":"fi","@id":"https:\/\/penosil.com\/fi\/tuotteet\/cleaning-wipes-941-monikayttoiset-puhdistusliinat\/#primaryimage","url":"https:\/\/penosil.com\/fi\/wp-content\/uploads\/sites\/5\/2020\/04\/941_Cleaning_Wipes_941_EE_LT_LV_RU.png","contentUrl":"https:\/\/penosil.com\/fi\/wp-content\/uploads\/sites\/5\/2020\/04\/941_Cleaning_Wipes_941_EE_LT_LV_RU.png","width":523,"height":1080},{"@type":"BreadcrumbList","@id":"https:\/\/penosil.com\/fi\/tuotteet\/cleaning-wipes-941-monikayttoiset-puhdistusliinat\/#breadcrumb","itemListElement":[{"@type":"ListItem","position":1,"name":"Home","item":"https:\/\/penosil.com\/fi\/"},{"@type":"ListItem","position":2,"name":"Tuotteet","item":"https:\/\/penosil.com\/fi\/tuotteet\/"},{"@type":"ListItem","position":3,"name":"Cleaning Wipes 941"}]},{"@type":"WebSite","@id":"https:\/\/penosil.com\/fi\/#website","url":"https:\/\/penosil.com\/fi\/","name":"Penosil Finland","description":"","potentialAction":[{"@type":"SearchAction","target":{"@type":"EntryPoint","urlTemplate":"https:\/\/penosil.com\/fi\/?s={search_term_string}"},"query-input":{"@type":"PropertyValueSpecification","valueRequired":true,"valueName":"search_term_string"}}],"inLanguage":"fi"}]}},"featured_img":"https:\/\/penosil.com\/fi\/wp-content\/uploads\/sites\/5\/2020\/04\/941_Cleaning_Wipes_941_EE_LT_LV_RU.png","coauthors":[],"author_meta":{"author_link":"https:\/\/penosil.com\/fi\/author\/","display_name":""},"relative_dates":{"created":"Posted 6 vuotta ago","modified":"Updated 1 vuosi ago"},"absolute_dates":{"created":"Posted on 13.4.2020","modified":"Updated on 9.4.2025"},"absolute_dates_time":{"created":"Posted on 13.4.2020 10:19","modified":"Updated on 9.4.2025 9:53"},"featured_img_caption":"","tax_additional":{"product_brand":{"linked":[],"unlinked":[],"slug":"product_brand","name":"Br\u00e4ndit"},"product_type":{"linked":["<a href=\"https:\/\/penosil.com\/fi\/?taxonomy=product_type&#038;term=simple\" class=\"advgb-post-tax-term\">simple<\/a>"],"unlinked":["<span class=\"advgb-post-tax-term\">simple<\/span>"],"slug":"product_type","name":"Tuotetyyppi"},"product_visibility":{"linked":[],"unlinked":[],"slug":"product_visibility","name":"Tuotteen n\u00e4kyvyys"},"product_cat":{"linked":["<a href=\"https:\/\/penosil.com\/fi\/tuote-osasto\/kayttokohteet\/\" class=\"advgb-post-tax-term\">K\u00e4ytt\u00f6kohteet<\/a>","<a href=\"https:\/\/penosil.com\/fi\/tuote-osasto\/tuoteryhmat\/\" class=\"advgb-post-tax-term\">Tuoteryhm\u00e4t<\/a>","<a href=\"https:\/\/penosil.com\/fi\/tuote-osasto\/tuoteryhmat\/rakennusvaahdot\/\" class=\"advgb-post-tax-term\">Rakennusvaahdot<\/a>","<a href=\"https:\/\/penosil.com\/fi\/tuote-osasto\/tuoteryhmat\/tiivisteet\/\" class=\"advgb-post-tax-term\">Tiivisteet<\/a>","<a href=\"https:\/\/penosil.com\/fi\/tuote-osasto\/tuoteryhmat\/puhdistusaineet\/puhdistusaineet-2\/\" class=\"advgb-post-tax-term\">Puhdistusaineet<\/a>","<a href=\"https:\/\/penosil.com\/fi\/tuote-osasto\/tuoteryhmat\/rakennusvaahdot\/vaahtoaseet-ja-puhdistusaineet\/\" class=\"advgb-post-tax-term\">Vaahtoaseet ja puhdistusaineet<\/a>","<a href=\"https:\/\/penosil.com\/fi\/tuote-osasto\/tuoteryhmat\/puhdistusaineet\/\" class=\"advgb-post-tax-term\">Ty\u00f6kalut ja puhdistusaineet<\/a>","<a href=\"https:\/\/penosil.com\/fi\/tuote-osasto\/tuoteryhmat\/tiivisteet\/tiivistepistoolit-ja-puhdistusaineet\/\" class=\"advgb-post-tax-term\">Tiivistepistoolit ja puhdistusaineet<\/a>","<a href=\"https:\/\/penosil.com\/fi\/tuote-osasto\/kayttokohteet\/puhdistus\/\" class=\"advgb-post-tax-term\">Puhdistus<\/a>"],"unlinked":["<span class=\"advgb-post-tax-term\">K\u00e4ytt\u00f6kohteet<\/span>","<span class=\"advgb-post-tax-term\">Tuoteryhm\u00e4t<\/span>","<span class=\"advgb-post-tax-term\">Rakennusvaahdot<\/span>","<span class=\"advgb-post-tax-term\">Tiivisteet<\/span>","<span class=\"advgb-post-tax-term\">Puhdistusaineet<\/span>","<span class=\"advgb-post-tax-term\">Vaahtoaseet ja puhdistusaineet<\/span>","<span class=\"advgb-post-tax-term\">Ty\u00f6kalut ja puhdistusaineet<\/span>","<span class=\"advgb-post-tax-term\">Tiivistepistoolit ja puhdistusaineet<\/span>","<span class=\"advgb-post-tax-term\">Puhdistus<\/span>"],"slug":"product_cat","name":"Osastot"},"product_tag":{"linked":[],"unlinked":[],"slug":"product_tag","name":"Avainsanat tuotteelle"},"product_shipping_class":{"linked":[],"unlinked":[],"slug":"product_shipping_class","name":"Tuotteen toimitusluokat"},"pos_product_visibility":{"linked":[],"unlinked":[],"slug":"pos_product_visibility","name":"POS Product visibility"},"pa_color":{"linked":[],"unlinked":[],"slug":"pa_color","name":"Product Colour"},"pa_package":{"linked":["<a href=\"https:\/\/penosil.com\/fi\/?taxonomy=pa_package&#038;term=156-x-213-cm-pyyhkeet-50-kpl-muovipurkissa-6-purkkia-laatikossa\" class=\"advgb-post-tax-term\">15,6 \u00d7 21,3 cm pyyhkeet, 50 kpl muovipurkissa 6 purkkia laatikossa<\/a>"],"unlinked":["<span class=\"advgb-post-tax-term\">15,6 \u00d7 21,3 cm pyyhkeet, 50 kpl muovipurkissa 6 purkkia laatikossa<\/span>"],"slug":"pa_package","name":"Product Package"},"translation_priority":{"linked":["<a href=\"https:\/\/penosil.com\/fi\/?taxonomy=translation_priority&#038;term=optional-fi\" class=\"advgb-post-tax-term\">Optional<\/a>"],"unlinked":["<span class=\"advgb-post-tax-term\">Optional<\/span>"],"slug":"translation_priority","name":"Translation Priorities"}},"series_order":"","_links":{"self":[{"href":"https:\/\/penosil.com\/fi\/wp-json\/wp\/v2\/product\/7843","targetHints":{"allow":["GET"]}}],"collection":[{"href":"https:\/\/penosil.com\/fi\/wp-json\/wp\/v2\/product"}],"about":[{"href":"https:\/\/penosil.com\/fi\/wp-json\/wp\/v2\/types\/product"}],"version-history":[{"count":4,"href":"https:\/\/penosil.com\/fi\/wp-json\/wp\/v2\/product\/7843\/revisions"}],"predecessor-version":[{"id":10099,"href":"https:\/\/penosil.com\/fi\/wp-json\/wp\/v2\/product\/7843\/revisions\/10099"}],"wp:featuredmedia":[{"embeddable":true,"href":"https:\/\/penosil.com\/fi\/wp-json\/wp\/v2\/media\/10098"}],"wp:attachment":[{"href":"https:\/\/penosil.com\/fi\/wp-json\/wp\/v2\/media?parent=7843"}],"wp:term":[{"taxonomy":"product_brand","embeddable":true,"href":"https:\/\/penosil.com\/fi\/wp-json\/wp\/v2\/product_brand?post=7843"},{"taxonomy":"product_cat","embeddable":true,"href":"https:\/\/penosil.com\/fi\/wp-json\/wp\/v2\/product_cat?post=7843"},{"taxonomy":"product_tag","embeddable":true,"href":"https:\/\/penosil.com\/fi\/wp-json\/wp\/v2\/product_tag?post=7843"}],"curies":[{"name":"wp","href":"https:\/\/api.w.org\/{rel}","templated":true}]}}