{"id":7858,"date":"2020-04-13T10:31:31","date_gmt":"2020-04-13T10:31:31","guid":{"rendered":"https:\/\/penosil.com\/fi\/?post_type=product&#038;p=7858"},"modified":"2025-04-09T09:54:28","modified_gmt":"2025-04-09T09:54:28","slug":"foam-cleaner-929-erikoispuhdistusaine-kovettumattomalle-pu-vaahdolle","status":"publish","type":"product","link":"https:\/\/penosil.com\/fi\/tuotteet\/foam-cleaner-929-erikoispuhdistusaine-kovettumattomalle-pu-vaahdolle\/","title":{"rendered":"Foam Cleaner 929"},"content":{"rendered":"<p>PENOSIL Foam Cleaner 929 erikoissumute tuoreen asennusvaahdon poistoon ty\u00f6kaluista ja pinnoilta.<\/p>\n","protected":false},"excerpt":{"rendered":"PENOSIL Foam Cleaner 929 erikoissumute tuoreen asennusvaahdon poistoon ty\u00f6kaluista ja pinnoilta.","protected":false},"author":3,"featured_media":9929,"template":"","meta":{"_acf_changed":false,"advgb_blocks_editor_width":"","advgb_blocks_columns_visual_guide":"","footnotes":""},"product_brand":[],"product_cat":[334,1491,1361,1604,2332,2309,2315,1458,2278],"product_tag":[],"class_list":{"0":"post-7858","1":"product","2":"type-product","3":"status-publish","4":"has-post-thumbnail","6":"product_cat-kayttokohteet","7":"product_cat-rakennusvaahdot","8":"product_cat-tuoteryhmat","9":"product_cat-tiivisteet","10":"product_cat-puhdistusaineet-2","11":"product_cat-vaahtoaseet-ja-puhdistusaineet","12":"product_cat-tiivistepistoolit-ja-puhdistusaineet","13":"product_cat-puhdistusaineet","14":"product_cat-puhdistus","16":"first","17":"instock","18":"taxable","19":"shipping-taxable","20":"purchasable","21":"product-type-simple"},"acf":[],"yoast_head":"<!-- This site is optimized with the Yoast SEO plugin v27.2 - https:\/\/yoast.com\/product\/yoast-seo-wordpress\/ -->\n<title>PENOSIL Foam Cleaner 929 kovettumattoman pu-vaahdot poistoon.<\/title>\n<meta name=\"description\" content=\"PENOSIL Foam Cleaner 929 on erikoissumute kovettumattoman asennusvaahdon poistoon ty\u00f6kaluista ja pinnoilta. Lue lis\u00e4\u00e4!\" \/>\n<meta name=\"robots\" content=\"index, follow, max-snippet:-1, max-image-preview:large, max-video-preview:-1\" \/>\n<link rel=\"canonical\" href=\"https:\/\/penosil.com\/fi\/tuotteet\/foam-cleaner-929-erikoispuhdistusaine-kovettumattomalle-pu-vaahdolle\/\" \/>\n<meta property=\"og:locale\" content=\"fi_FI\" \/>\n<meta property=\"og:type\" content=\"article\" \/>\n<meta property=\"og:title\" content=\"PENOSIL Foam Cleaner 929 kovettumattoman pu-vaahdot poistoon.\" \/>\n<meta property=\"og:description\" content=\"PENOSIL Foam Cleaner 929 on erikoissumute kovettumattoman asennusvaahdon poistoon ty\u00f6kaluista ja pinnoilta. Lue lis\u00e4\u00e4!\" \/>\n<meta property=\"og:url\" content=\"https:\/\/penosil.com\/fi\/tuotteet\/foam-cleaner-929-erikoispuhdistusaine-kovettumattomalle-pu-vaahdolle\/\" \/>\n<meta property=\"og:site_name\" content=\"Penosil Finland\" \/>\n<meta property=\"article:modified_time\" content=\"2025-04-09T09:54:28+00:00\" \/>\n<meta property=\"og:image\" content=\"https:\/\/penosil.com\/fi\/wp-content\/uploads\/sites\/5\/2020\/04\/929_Foam-Cleaner-_EE_FI.png\" \/>\n\t<meta property=\"og:image:width\" content=\"523\" \/>\n\t<meta property=\"og:image:height\" content=\"1080\" \/>\n\t<meta property=\"og:image:type\" content=\"image\/png\" \/>\n<meta name=\"twitter:card\" content=\"summary_large_image\" \/>\n<meta name=\"twitter:label1\" content=\"Arvioitu lukuaika\" \/>\n\t<meta name=\"twitter:data1\" content=\"3 minuuttia\" \/>\n<script type=\"application\/ld+json\" class=\"yoast-schema-graph\">{\"@context\":\"https:\/\/schema.org\",\"@graph\":[{\"@type\":\"WebPage\",\"@id\":\"https:\/\/penosil.com\/fi\/tuotteet\/foam-cleaner-929-erikoispuhdistusaine-kovettumattomalle-pu-vaahdolle\/\",\"url\":\"https:\/\/penosil.com\/fi\/tuotteet\/foam-cleaner-929-erikoispuhdistusaine-kovettumattomalle-pu-vaahdolle\/\",\"name\":\"PENOSIL Foam Cleaner 929 kovettumattoman pu-vaahdot poistoon.\",\"isPartOf\":{\"@id\":\"https:\/\/penosil.com\/fi\/#website\"},\"primaryImageOfPage\":{\"@id\":\"https:\/\/penosil.com\/fi\/tuotteet\/foam-cleaner-929-erikoispuhdistusaine-kovettumattomalle-pu-vaahdolle\/#primaryimage\"},\"image\":{\"@id\":\"https:\/\/penosil.com\/fi\/tuotteet\/foam-cleaner-929-erikoispuhdistusaine-kovettumattomalle-pu-vaahdolle\/#primaryimage\"},\"thumbnailUrl\":\"https:\/\/penosil.com\/fi\/wp-content\/uploads\/sites\/5\/2020\/04\/929_Foam-Cleaner-_EE_FI.png\",\"datePublished\":\"2020-04-13T10:31:31+00:00\",\"dateModified\":\"2025-04-09T09:54:28+00:00\",\"description\":\"PENOSIL Foam Cleaner 929 on erikoissumute kovettumattoman asennusvaahdon poistoon ty\u00f6kaluista ja pinnoilta. Lue lis\u00e4\u00e4!\",\"breadcrumb\":{\"@id\":\"https:\/\/penosil.com\/fi\/tuotteet\/foam-cleaner-929-erikoispuhdistusaine-kovettumattomalle-pu-vaahdolle\/#breadcrumb\"},\"inLanguage\":\"fi\",\"potentialAction\":[{\"@type\":\"ReadAction\",\"target\":[\"https:\/\/penosil.com\/fi\/tuotteet\/foam-cleaner-929-erikoispuhdistusaine-kovettumattomalle-pu-vaahdolle\/\"]}]},{\"@type\":\"ImageObject\",\"inLanguage\":\"fi\",\"@id\":\"https:\/\/penosil.com\/fi\/tuotteet\/foam-cleaner-929-erikoispuhdistusaine-kovettumattomalle-pu-vaahdolle\/#primaryimage\",\"url\":\"https:\/\/penosil.com\/fi\/wp-content\/uploads\/sites\/5\/2020\/04\/929_Foam-Cleaner-_EE_FI.png\",\"contentUrl\":\"https:\/\/penosil.com\/fi\/wp-content\/uploads\/sites\/5\/2020\/04\/929_Foam-Cleaner-_EE_FI.png\",\"width\":523,\"height\":1080},{\"@type\":\"BreadcrumbList\",\"@id\":\"https:\/\/penosil.com\/fi\/tuotteet\/foam-cleaner-929-erikoispuhdistusaine-kovettumattomalle-pu-vaahdolle\/#breadcrumb\",\"itemListElement\":[{\"@type\":\"ListItem\",\"position\":1,\"name\":\"Home\",\"item\":\"https:\/\/penosil.com\/fi\/\"},{\"@type\":\"ListItem\",\"position\":2,\"name\":\"Tuotteet\",\"item\":\"https:\/\/penosil.com\/fi\/tuotteet\/\"},{\"@type\":\"ListItem\",\"position\":3,\"name\":\"Foam Cleaner 929\"}]},{\"@type\":\"WebSite\",\"@id\":\"https:\/\/penosil.com\/fi\/#website\",\"url\":\"https:\/\/penosil.com\/fi\/\",\"name\":\"Penosil Finland\",\"description\":\"\",\"potentialAction\":[{\"@type\":\"SearchAction\",\"target\":{\"@type\":\"EntryPoint\",\"urlTemplate\":\"https:\/\/penosil.com\/fi\/?s={search_term_string}\"},\"query-input\":{\"@type\":\"PropertyValueSpecification\",\"valueRequired\":true,\"valueName\":\"search_term_string\"}}],\"inLanguage\":\"fi\"}]}<\/script>\n<!-- \/ Yoast SEO plugin. -->","yoast_head_json":{"title":"PENOSIL Foam Cleaner 929 kovettumattoman pu-vaahdot poistoon.","description":"PENOSIL Foam Cleaner 929 on erikoissumute kovettumattoman asennusvaahdon poistoon ty\u00f6kaluista ja pinnoilta. Lue lis\u00e4\u00e4!","robots":{"index":"index","follow":"follow","max-snippet":"max-snippet:-1","max-image-preview":"max-image-preview:large","max-video-preview":"max-video-preview:-1"},"canonical":"https:\/\/penosil.com\/fi\/tuotteet\/foam-cleaner-929-erikoispuhdistusaine-kovettumattomalle-pu-vaahdolle\/","og_locale":"fi_FI","og_type":"article","og_title":"PENOSIL Foam Cleaner 929 kovettumattoman pu-vaahdot poistoon.","og_description":"PENOSIL Foam Cleaner 929 on erikoissumute kovettumattoman asennusvaahdon poistoon ty\u00f6kaluista ja pinnoilta. Lue lis\u00e4\u00e4!","og_url":"https:\/\/penosil.com\/fi\/tuotteet\/foam-cleaner-929-erikoispuhdistusaine-kovettumattomalle-pu-vaahdolle\/","og_site_name":"Penosil Finland","article_modified_time":"2025-04-09T09:54:28+00:00","og_image":[{"width":523,"height":1080,"url":"https:\/\/penosil.com\/fi\/wp-content\/uploads\/sites\/5\/2020\/04\/929_Foam-Cleaner-_EE_FI.png","type":"image\/png"}],"twitter_card":"summary_large_image","twitter_misc":{"Arvioitu lukuaika":"3 minuuttia"},"schema":{"@context":"https:\/\/schema.org","@graph":[{"@type":"WebPage","@id":"https:\/\/penosil.com\/fi\/tuotteet\/foam-cleaner-929-erikoispuhdistusaine-kovettumattomalle-pu-vaahdolle\/","url":"https:\/\/penosil.com\/fi\/tuotteet\/foam-cleaner-929-erikoispuhdistusaine-kovettumattomalle-pu-vaahdolle\/","name":"PENOSIL Foam Cleaner 929 kovettumattoman pu-vaahdot poistoon.","isPartOf":{"@id":"https:\/\/penosil.com\/fi\/#website"},"primaryImageOfPage":{"@id":"https:\/\/penosil.com\/fi\/tuotteet\/foam-cleaner-929-erikoispuhdistusaine-kovettumattomalle-pu-vaahdolle\/#primaryimage"},"image":{"@id":"https:\/\/penosil.com\/fi\/tuotteet\/foam-cleaner-929-erikoispuhdistusaine-kovettumattomalle-pu-vaahdolle\/#primaryimage"},"thumbnailUrl":"https:\/\/penosil.com\/fi\/wp-content\/uploads\/sites\/5\/2020\/04\/929_Foam-Cleaner-_EE_FI.png","datePublished":"2020-04-13T10:31:31+00:00","dateModified":"2025-04-09T09:54:28+00:00","description":"PENOSIL Foam Cleaner 929 on erikoissumute kovettumattoman asennusvaahdon poistoon ty\u00f6kaluista ja pinnoilta. Lue lis\u00e4\u00e4!","breadcrumb":{"@id":"https:\/\/penosil.com\/fi\/tuotteet\/foam-cleaner-929-erikoispuhdistusaine-kovettumattomalle-pu-vaahdolle\/#breadcrumb"},"inLanguage":"fi","potentialAction":[{"@type":"ReadAction","target":["https:\/\/penosil.com\/fi\/tuotteet\/foam-cleaner-929-erikoispuhdistusaine-kovettumattomalle-pu-vaahdolle\/"]}]},{"@type":"ImageObject","inLanguage":"fi","@id":"https:\/\/penosil.com\/fi\/tuotteet\/foam-cleaner-929-erikoispuhdistusaine-kovettumattomalle-pu-vaahdolle\/#primaryimage","url":"https:\/\/penosil.com\/fi\/wp-content\/uploads\/sites\/5\/2020\/04\/929_Foam-Cleaner-_EE_FI.png","contentUrl":"https:\/\/penosil.com\/fi\/wp-content\/uploads\/sites\/5\/2020\/04\/929_Foam-Cleaner-_EE_FI.png","width":523,"height":1080},{"@type":"BreadcrumbList","@id":"https:\/\/penosil.com\/fi\/tuotteet\/foam-cleaner-929-erikoispuhdistusaine-kovettumattomalle-pu-vaahdolle\/#breadcrumb","itemListElement":[{"@type":"ListItem","position":1,"name":"Home","item":"https:\/\/penosil.com\/fi\/"},{"@type":"ListItem","position":2,"name":"Tuotteet","item":"https:\/\/penosil.com\/fi\/tuotteet\/"},{"@type":"ListItem","position":3,"name":"Foam Cleaner 929"}]},{"@type":"WebSite","@id":"https:\/\/penosil.com\/fi\/#website","url":"https:\/\/penosil.com\/fi\/","name":"Penosil Finland","description":"","potentialAction":[{"@type":"SearchAction","target":{"@type":"EntryPoint","urlTemplate":"https:\/\/penosil.com\/fi\/?s={search_term_string}"},"query-input":{"@type":"PropertyValueSpecification","valueRequired":true,"valueName":"search_term_string"}}],"inLanguage":"fi"}]}},"featured_img":"https:\/\/penosil.com\/fi\/wp-content\/uploads\/sites\/5\/2020\/04\/929_Foam-Cleaner-_EE_FI.png","coauthors":[],"author_meta":{"author_link":"https:\/\/penosil.com\/fi\/author\/","display_name":""},"relative_dates":{"created":"Posted 6 vuotta ago","modified":"Updated 1 vuosi ago"},"absolute_dates":{"created":"Posted on 13.4.2020","modified":"Updated on 9.4.2025"},"absolute_dates_time":{"created":"Posted on 13.4.2020 10:31","modified":"Updated on 9.4.2025 9:54"},"featured_img_caption":"","tax_additional":{"product_brand":{"linked":[],"unlinked":[],"slug":"product_brand","name":"Br\u00e4ndit"},"product_type":{"linked":["<a href=\"https:\/\/penosil.com\/fi\/?taxonomy=product_type&#038;term=simple\" class=\"advgb-post-tax-term\">simple<\/a>"],"unlinked":["<span class=\"advgb-post-tax-term\">simple<\/span>"],"slug":"product_type","name":"Tuotetyyppi"},"product_visibility":{"linked":[],"unlinked":[],"slug":"product_visibility","name":"Tuotteen n\u00e4kyvyys"},"product_cat":{"linked":["<a href=\"https:\/\/penosil.com\/fi\/tuote-osasto\/kayttokohteet\/\" class=\"advgb-post-tax-term\">K\u00e4ytt\u00f6kohteet<\/a>","<a href=\"https:\/\/penosil.com\/fi\/tuote-osasto\/tuoteryhmat\/rakennusvaahdot\/\" class=\"advgb-post-tax-term\">Rakennusvaahdot<\/a>","<a href=\"https:\/\/penosil.com\/fi\/tuote-osasto\/tuoteryhmat\/\" class=\"advgb-post-tax-term\">Tuoteryhm\u00e4t<\/a>","<a href=\"https:\/\/penosil.com\/fi\/tuote-osasto\/tuoteryhmat\/tiivisteet\/\" class=\"advgb-post-tax-term\">Tiivisteet<\/a>","<a href=\"https:\/\/penosil.com\/fi\/tuote-osasto\/tuoteryhmat\/puhdistusaineet\/puhdistusaineet-2\/\" class=\"advgb-post-tax-term\">Puhdistusaineet<\/a>","<a href=\"https:\/\/penosil.com\/fi\/tuote-osasto\/tuoteryhmat\/rakennusvaahdot\/vaahtoaseet-ja-puhdistusaineet\/\" class=\"advgb-post-tax-term\">Vaahtoaseet ja puhdistusaineet<\/a>","<a href=\"https:\/\/penosil.com\/fi\/tuote-osasto\/tuoteryhmat\/tiivisteet\/tiivistepistoolit-ja-puhdistusaineet\/\" class=\"advgb-post-tax-term\">Tiivistepistoolit ja puhdistusaineet<\/a>","<a href=\"https:\/\/penosil.com\/fi\/tuote-osasto\/tuoteryhmat\/puhdistusaineet\/\" class=\"advgb-post-tax-term\">Ty\u00f6kalut ja puhdistusaineet<\/a>","<a href=\"https:\/\/penosil.com\/fi\/tuote-osasto\/kayttokohteet\/puhdistus\/\" class=\"advgb-post-tax-term\">Puhdistus<\/a>"],"unlinked":["<span class=\"advgb-post-tax-term\">K\u00e4ytt\u00f6kohteet<\/span>","<span class=\"advgb-post-tax-term\">Rakennusvaahdot<\/span>","<span class=\"advgb-post-tax-term\">Tuoteryhm\u00e4t<\/span>","<span class=\"advgb-post-tax-term\">Tiivisteet<\/span>","<span class=\"advgb-post-tax-term\">Puhdistusaineet<\/span>","<span class=\"advgb-post-tax-term\">Vaahtoaseet ja puhdistusaineet<\/span>","<span class=\"advgb-post-tax-term\">Tiivistepistoolit ja puhdistusaineet<\/span>","<span class=\"advgb-post-tax-term\">Ty\u00f6kalut ja puhdistusaineet<\/span>","<span class=\"advgb-post-tax-term\">Puhdistus<\/span>"],"slug":"product_cat","name":"Osastot"},"product_tag":{"linked":[],"unlinked":[],"slug":"product_tag","name":"Avainsanat tuotteelle"},"product_shipping_class":{"linked":[],"unlinked":[],"slug":"product_shipping_class","name":"Tuotteen toimitusluokat"},"pos_product_visibility":{"linked":[],"unlinked":[],"slug":"pos_product_visibility","name":"POS Product visibility"},"pa_color":{"linked":[],"unlinked":[],"slug":"pa_color","name":"Product Colour"},"pa_package":{"linked":["<a href=\"https:\/\/penosil.com\/fi\/?taxonomy=pa_package&#038;term=650-ml\" class=\"advgb-post-tax-term\">650 ml<\/a>"],"unlinked":["<span class=\"advgb-post-tax-term\">650 ml<\/span>"],"slug":"pa_package","name":"Product Package"},"translation_priority":{"linked":["<a href=\"https:\/\/penosil.com\/fi\/?taxonomy=translation_priority&#038;term=optional-fi\" class=\"advgb-post-tax-term\">Optional<\/a>"],"unlinked":["<span class=\"advgb-post-tax-term\">Optional<\/span>"],"slug":"translation_priority","name":"Translation Priorities"}},"series_order":"","_links":{"self":[{"href":"https:\/\/penosil.com\/fi\/wp-json\/wp\/v2\/product\/7858","targetHints":{"allow":["GET"]}}],"collection":[{"href":"https:\/\/penosil.com\/fi\/wp-json\/wp\/v2\/product"}],"about":[{"href":"https:\/\/penosil.com\/fi\/wp-json\/wp\/v2\/types\/product"}],"version-history":[{"count":3,"href":"https:\/\/penosil.com\/fi\/wp-json\/wp\/v2\/product\/7858\/revisions"}],"predecessor-version":[{"id":10100,"href":"https:\/\/penosil.com\/fi\/wp-json\/wp\/v2\/product\/7858\/revisions\/10100"}],"wp:featuredmedia":[{"embeddable":true,"href":"https:\/\/penosil.com\/fi\/wp-json\/wp\/v2\/media\/9929"}],"wp:attachment":[{"href":"https:\/\/penosil.com\/fi\/wp-json\/wp\/v2\/media?parent=7858"}],"wp:term":[{"taxonomy":"product_brand","embeddable":true,"href":"https:\/\/penosil.com\/fi\/wp-json\/wp\/v2\/product_brand?post=7858"},{"taxonomy":"product_cat","embeddable":true,"href":"https:\/\/penosil.com\/fi\/wp-json\/wp\/v2\/product_cat?post=7858"},{"taxonomy":"product_tag","embeddable":true,"href":"https:\/\/penosil.com\/fi\/wp-json\/wp\/v2\/product_tag?post=7858"}],"curies":[{"name":"wp","href":"https:\/\/api.w.org\/{rel}","templated":true}]}}