{"id":8144,"date":"2020-07-09T09:53:00","date_gmt":"2020-07-09T09:53:00","guid":{"rendered":"https:\/\/penosil.com\/fi\/?post_type=product&#038;p=8144"},"modified":"2025-12-19T01:16:35","modified_gmt":"2025-12-19T01:16:35","slug":"filling-foam-212-pu-pillivaahto","status":"publish","type":"product","link":"https:\/\/penosil.com\/fi\/tuotteet\/filling-foam-212-pu-pillivaahto\/","title":{"rendered":"Filling Foam 212 PU-pillivaahto"},"content":{"rendered":"<p>Pillill\u00e4 levitett\u00e4v\u00e4 eristysvaahto useimpiin pienehk\u00f6ihin t\u00e4ytt\u00f6- ja tiivistyst\u00f6ihin eri s\u00e4\u00e4oloissa.<\/p>\n","protected":false},"excerpt":{"rendered":"PU-pillivaahto","protected":false},"author":1,"featured_media":10205,"template":"","meta":{"_acf_changed":false,"advgb_blocks_editor_width":"","advgb_blocks_columns_visual_guide":"","footnotes":""},"product_brand":[],"product_cat":[578],"product_tag":[],"class_list":{"0":"post-8144","1":"product","2":"type-product","3":"status-publish","4":"has-post-thumbnail","6":"product_cat-viimeistely","8":"first","9":"instock","10":"taxable","11":"shipping-taxable","12":"purchasable","13":"product-type-simple"},"acf":[],"yoast_head":"<!-- This site is optimized with the Yoast SEO plugin v27.2 - https:\/\/yoast.com\/product\/yoast-seo-wordpress\/ -->\n<title>PENOSIL Filling Foam 212, joka sopii k\u00e4ytt\u00f6\u00f6n eri s\u00e4\u00e4oloissa.<\/title>\n<meta name=\"description\" content=\"PENOSIL Filling Foam 212 useimpiin pienehk\u00f6ihin t\u00e4ytt\u00f6- ja tiivistyst\u00f6ihin eri s\u00e4\u00e4oloissa. Maalattavissa, hyv\u00e4t t\u00e4ytt\u00f6ominaisuudet.\" \/>\n<meta name=\"robots\" content=\"index, follow, max-snippet:-1, max-image-preview:large, max-video-preview:-1\" \/>\n<link rel=\"canonical\" href=\"https:\/\/penosil.com\/fi\/tuotteet\/filling-foam-212-pu-pillivaahto\/\" \/>\n<meta property=\"og:locale\" content=\"fi_FI\" \/>\n<meta property=\"og:type\" content=\"article\" \/>\n<meta property=\"og:title\" content=\"PENOSIL Filling Foam 212, joka sopii k\u00e4ytt\u00f6\u00f6n eri s\u00e4\u00e4oloissa.\" \/>\n<meta property=\"og:description\" content=\"PENOSIL Filling Foam 212 useimpiin pienehk\u00f6ihin t\u00e4ytt\u00f6- ja tiivistyst\u00f6ihin eri s\u00e4\u00e4oloissa. Maalattavissa, hyv\u00e4t t\u00e4ytt\u00f6ominaisuudet.\" \/>\n<meta property=\"og:url\" content=\"https:\/\/penosil.com\/fi\/tuotteet\/filling-foam-212-pu-pillivaahto\/\" \/>\n<meta property=\"og:site_name\" content=\"Penosil Finland\" \/>\n<meta property=\"article:modified_time\" content=\"2025-12-19T01:16:35+00:00\" \/>\n<meta property=\"og:image\" content=\"https:\/\/penosil.com\/fi\/wp-content\/uploads\/sites\/5\/2025\/09\/212_Filling_Foam_212_EE_FI_1.png\" \/>\n\t<meta property=\"og:image:width\" content=\"523\" \/>\n\t<meta property=\"og:image:height\" content=\"1080\" \/>\n\t<meta property=\"og:image:type\" content=\"image\/png\" \/>\n<meta name=\"twitter:card\" content=\"summary_large_image\" \/>\n<meta name=\"twitter:label1\" content=\"Arvioitu lukuaika\" \/>\n\t<meta name=\"twitter:data1\" content=\"3 minuuttia\" \/>\n<script type=\"application\/ld+json\" class=\"yoast-schema-graph\">{\"@context\":\"https:\/\/schema.org\",\"@graph\":[{\"@type\":\"WebPage\",\"@id\":\"https:\/\/penosil.com\/fi\/tuotteet\/filling-foam-212-pu-pillivaahto\/\",\"url\":\"https:\/\/penosil.com\/fi\/tuotteet\/filling-foam-212-pu-pillivaahto\/\",\"name\":\"PENOSIL Filling Foam 212, joka sopii k\u00e4ytt\u00f6\u00f6n eri s\u00e4\u00e4oloissa.\",\"isPartOf\":{\"@id\":\"https:\/\/penosil.com\/fi\/#website\"},\"primaryImageOfPage\":{\"@id\":\"https:\/\/penosil.com\/fi\/tuotteet\/filling-foam-212-pu-pillivaahto\/#primaryimage\"},\"image\":{\"@id\":\"https:\/\/penosil.com\/fi\/tuotteet\/filling-foam-212-pu-pillivaahto\/#primaryimage\"},\"thumbnailUrl\":\"https:\/\/penosil.com\/fi\/wp-content\/uploads\/sites\/5\/2025\/09\/212_Filling_Foam_212_EE_FI_1.png\",\"datePublished\":\"2020-07-09T09:53:00+00:00\",\"dateModified\":\"2025-12-19T01:16:35+00:00\",\"description\":\"PENOSIL Filling Foam 212 useimpiin pienehk\u00f6ihin t\u00e4ytt\u00f6- ja tiivistyst\u00f6ihin eri s\u00e4\u00e4oloissa. Maalattavissa, hyv\u00e4t t\u00e4ytt\u00f6ominaisuudet.\",\"breadcrumb\":{\"@id\":\"https:\/\/penosil.com\/fi\/tuotteet\/filling-foam-212-pu-pillivaahto\/#breadcrumb\"},\"inLanguage\":\"fi\",\"potentialAction\":[{\"@type\":\"ReadAction\",\"target\":[\"https:\/\/penosil.com\/fi\/tuotteet\/filling-foam-212-pu-pillivaahto\/\"]}]},{\"@type\":\"ImageObject\",\"inLanguage\":\"fi\",\"@id\":\"https:\/\/penosil.com\/fi\/tuotteet\/filling-foam-212-pu-pillivaahto\/#primaryimage\",\"url\":\"https:\/\/penosil.com\/fi\/wp-content\/uploads\/sites\/5\/2025\/09\/212_Filling_Foam_212_EE_FI_1.png\",\"contentUrl\":\"https:\/\/penosil.com\/fi\/wp-content\/uploads\/sites\/5\/2025\/09\/212_Filling_Foam_212_EE_FI_1.png\",\"width\":523,\"height\":1080,\"caption\":\"PENOSIL Filling Foam 212 Pillill\u00e4 levitett\u00e4v\u00e4 eristysvaahto useimpiin pienehk\u00f6ihin t\u00e4ytt\u00f6- ja tiivistyst\u00f6ihin eri s\u00e4\u00e4oloissa.\"},{\"@type\":\"BreadcrumbList\",\"@id\":\"https:\/\/penosil.com\/fi\/tuotteet\/filling-foam-212-pu-pillivaahto\/#breadcrumb\",\"itemListElement\":[{\"@type\":\"ListItem\",\"position\":1,\"name\":\"Home\",\"item\":\"https:\/\/penosil.com\/fi\/\"},{\"@type\":\"ListItem\",\"position\":2,\"name\":\"Tuotteet\",\"item\":\"https:\/\/penosil.com\/fi\/tuotteet\/\"},{\"@type\":\"ListItem\",\"position\":3,\"name\":\"Filling Foam 212 PU-pillivaahto\"}]},{\"@type\":\"WebSite\",\"@id\":\"https:\/\/penosil.com\/fi\/#website\",\"url\":\"https:\/\/penosil.com\/fi\/\",\"name\":\"Penosil Finland\",\"description\":\"\",\"potentialAction\":[{\"@type\":\"SearchAction\",\"target\":{\"@type\":\"EntryPoint\",\"urlTemplate\":\"https:\/\/penosil.com\/fi\/?s={search_term_string}\"},\"query-input\":{\"@type\":\"PropertyValueSpecification\",\"valueRequired\":true,\"valueName\":\"search_term_string\"}}],\"inLanguage\":\"fi\"}]}<\/script>\n<!-- \/ Yoast SEO plugin. -->","yoast_head_json":{"title":"PENOSIL Filling Foam 212, joka sopii k\u00e4ytt\u00f6\u00f6n eri s\u00e4\u00e4oloissa.","description":"PENOSIL Filling Foam 212 useimpiin pienehk\u00f6ihin t\u00e4ytt\u00f6- ja tiivistyst\u00f6ihin eri s\u00e4\u00e4oloissa. Maalattavissa, hyv\u00e4t t\u00e4ytt\u00f6ominaisuudet.","robots":{"index":"index","follow":"follow","max-snippet":"max-snippet:-1","max-image-preview":"max-image-preview:large","max-video-preview":"max-video-preview:-1"},"canonical":"https:\/\/penosil.com\/fi\/tuotteet\/filling-foam-212-pu-pillivaahto\/","og_locale":"fi_FI","og_type":"article","og_title":"PENOSIL Filling Foam 212, joka sopii k\u00e4ytt\u00f6\u00f6n eri s\u00e4\u00e4oloissa.","og_description":"PENOSIL Filling Foam 212 useimpiin pienehk\u00f6ihin t\u00e4ytt\u00f6- ja tiivistyst\u00f6ihin eri s\u00e4\u00e4oloissa. Maalattavissa, hyv\u00e4t t\u00e4ytt\u00f6ominaisuudet.","og_url":"https:\/\/penosil.com\/fi\/tuotteet\/filling-foam-212-pu-pillivaahto\/","og_site_name":"Penosil Finland","article_modified_time":"2025-12-19T01:16:35+00:00","og_image":[{"width":523,"height":1080,"url":"https:\/\/penosil.com\/fi\/wp-content\/uploads\/sites\/5\/2025\/09\/212_Filling_Foam_212_EE_FI_1.png","type":"image\/png"}],"twitter_card":"summary_large_image","twitter_misc":{"Arvioitu lukuaika":"3 minuuttia"},"schema":{"@context":"https:\/\/schema.org","@graph":[{"@type":"WebPage","@id":"https:\/\/penosil.com\/fi\/tuotteet\/filling-foam-212-pu-pillivaahto\/","url":"https:\/\/penosil.com\/fi\/tuotteet\/filling-foam-212-pu-pillivaahto\/","name":"PENOSIL Filling Foam 212, joka sopii k\u00e4ytt\u00f6\u00f6n eri s\u00e4\u00e4oloissa.","isPartOf":{"@id":"https:\/\/penosil.com\/fi\/#website"},"primaryImageOfPage":{"@id":"https:\/\/penosil.com\/fi\/tuotteet\/filling-foam-212-pu-pillivaahto\/#primaryimage"},"image":{"@id":"https:\/\/penosil.com\/fi\/tuotteet\/filling-foam-212-pu-pillivaahto\/#primaryimage"},"thumbnailUrl":"https:\/\/penosil.com\/fi\/wp-content\/uploads\/sites\/5\/2025\/09\/212_Filling_Foam_212_EE_FI_1.png","datePublished":"2020-07-09T09:53:00+00:00","dateModified":"2025-12-19T01:16:35+00:00","description":"PENOSIL Filling Foam 212 useimpiin pienehk\u00f6ihin t\u00e4ytt\u00f6- ja tiivistyst\u00f6ihin eri s\u00e4\u00e4oloissa. Maalattavissa, hyv\u00e4t t\u00e4ytt\u00f6ominaisuudet.","breadcrumb":{"@id":"https:\/\/penosil.com\/fi\/tuotteet\/filling-foam-212-pu-pillivaahto\/#breadcrumb"},"inLanguage":"fi","potentialAction":[{"@type":"ReadAction","target":["https:\/\/penosil.com\/fi\/tuotteet\/filling-foam-212-pu-pillivaahto\/"]}]},{"@type":"ImageObject","inLanguage":"fi","@id":"https:\/\/penosil.com\/fi\/tuotteet\/filling-foam-212-pu-pillivaahto\/#primaryimage","url":"https:\/\/penosil.com\/fi\/wp-content\/uploads\/sites\/5\/2025\/09\/212_Filling_Foam_212_EE_FI_1.png","contentUrl":"https:\/\/penosil.com\/fi\/wp-content\/uploads\/sites\/5\/2025\/09\/212_Filling_Foam_212_EE_FI_1.png","width":523,"height":1080,"caption":"PENOSIL Filling Foam 212 Pillill\u00e4 levitett\u00e4v\u00e4 eristysvaahto useimpiin pienehk\u00f6ihin t\u00e4ytt\u00f6- ja tiivistyst\u00f6ihin eri s\u00e4\u00e4oloissa."},{"@type":"BreadcrumbList","@id":"https:\/\/penosil.com\/fi\/tuotteet\/filling-foam-212-pu-pillivaahto\/#breadcrumb","itemListElement":[{"@type":"ListItem","position":1,"name":"Home","item":"https:\/\/penosil.com\/fi\/"},{"@type":"ListItem","position":2,"name":"Tuotteet","item":"https:\/\/penosil.com\/fi\/tuotteet\/"},{"@type":"ListItem","position":3,"name":"Filling Foam 212 PU-pillivaahto"}]},{"@type":"WebSite","@id":"https:\/\/penosil.com\/fi\/#website","url":"https:\/\/penosil.com\/fi\/","name":"Penosil Finland","description":"","potentialAction":[{"@type":"SearchAction","target":{"@type":"EntryPoint","urlTemplate":"https:\/\/penosil.com\/fi\/?s={search_term_string}"},"query-input":{"@type":"PropertyValueSpecification","valueRequired":true,"valueName":"search_term_string"}}],"inLanguage":"fi"}]}},"featured_img":"https:\/\/penosil.com\/fi\/wp-content\/uploads\/sites\/5\/2025\/09\/212_Filling_Foam_212_EE_FI_1.png","coauthors":[],"author_meta":{"author_link":"https:\/\/penosil.com\/fi\/author\/reaktiiv-pe\/","display_name":"reaktiiv-pe"},"relative_dates":{"created":"Posted 6 vuotta ago","modified":"Updated 4 kuukautta ago"},"absolute_dates":{"created":"Posted on 9.7.2020","modified":"Updated on 19.12.2025"},"absolute_dates_time":{"created":"Posted on 9.7.2020 9:53","modified":"Updated on 19.12.2025 1:16"},"featured_img_caption":"","tax_additional":{"product_brand":{"linked":[],"unlinked":[],"slug":"product_brand","name":"Br\u00e4ndit"},"product_type":{"linked":["<a href=\"https:\/\/penosil.com\/fi\/?taxonomy=product_type&#038;term=simple\" class=\"advgb-post-tax-term\">simple<\/a>"],"unlinked":["<span class=\"advgb-post-tax-term\">simple<\/span>"],"slug":"product_type","name":"Tuotetyyppi"},"product_visibility":{"linked":[],"unlinked":[],"slug":"product_visibility","name":"Tuotteen n\u00e4kyvyys"},"product_cat":{"linked":["<a href=\"https:\/\/penosil.com\/fi\/tuote-osasto\/kayttokohteet\/viimeistely\/\" class=\"advgb-post-tax-term\">Viimeistely<\/a>"],"unlinked":["<span class=\"advgb-post-tax-term\">Viimeistely<\/span>"],"slug":"product_cat","name":"Osastot"},"product_tag":{"linked":[],"unlinked":[],"slug":"product_tag","name":"Avainsanat tuotteelle"},"product_shipping_class":{"linked":[],"unlinked":[],"slug":"product_shipping_class","name":"Tuotteen toimitusluokat"},"pos_product_visibility":{"linked":[],"unlinked":[],"slug":"pos_product_visibility","name":"POS Product visibility"},"pa_color":{"linked":["<a href=\"https:\/\/penosil.com\/fi\/?taxonomy=pa_color&#038;term=vaaleankeltainen\" class=\"advgb-post-tax-term\">Vaaleankeltainen<\/a>"],"unlinked":["<span class=\"advgb-post-tax-term\">Vaaleankeltainen<\/span>"],"slug":"pa_color","name":"Product Colour"},"pa_package":{"linked":[],"unlinked":[],"slug":"pa_package","name":"Product Package"},"translation_priority":{"linked":["<a href=\"https:\/\/penosil.com\/fi\/?taxonomy=translation_priority&#038;term=optional-fi\" class=\"advgb-post-tax-term\">Optional<\/a>"],"unlinked":["<span class=\"advgb-post-tax-term\">Optional<\/span>"],"slug":"translation_priority","name":"Translation Priorities"}},"series_order":"","_links":{"self":[{"href":"https:\/\/penosil.com\/fi\/wp-json\/wp\/v2\/product\/8144","targetHints":{"allow":["GET"]}}],"collection":[{"href":"https:\/\/penosil.com\/fi\/wp-json\/wp\/v2\/product"}],"about":[{"href":"https:\/\/penosil.com\/fi\/wp-json\/wp\/v2\/types\/product"}],"version-history":[{"count":4,"href":"https:\/\/penosil.com\/fi\/wp-json\/wp\/v2\/product\/8144\/revisions"}],"predecessor-version":[{"id":10204,"href":"https:\/\/penosil.com\/fi\/wp-json\/wp\/v2\/product\/8144\/revisions\/10204"}],"wp:featuredmedia":[{"embeddable":true,"href":"https:\/\/penosil.com\/fi\/wp-json\/wp\/v2\/media\/10205"}],"wp:attachment":[{"href":"https:\/\/penosil.com\/fi\/wp-json\/wp\/v2\/media?parent=8144"}],"wp:term":[{"taxonomy":"product_brand","embeddable":true,"href":"https:\/\/penosil.com\/fi\/wp-json\/wp\/v2\/product_brand?post=8144"},{"taxonomy":"product_cat","embeddable":true,"href":"https:\/\/penosil.com\/fi\/wp-json\/wp\/v2\/product_cat?post=8144"},{"taxonomy":"product_tag","embeddable":true,"href":"https:\/\/penosil.com\/fi\/wp-json\/wp\/v2\/product_tag?post=8144"}],"curies":[{"name":"wp","href":"https:\/\/api.w.org\/{rel}","templated":true}]}}