{"id":8158,"date":"2020-07-09T10:51:45","date_gmt":"2020-07-09T10:51:45","guid":{"rendered":"https:\/\/penosil.com\/fi\/?post_type=product&#038;p=8158"},"modified":"2025-04-09T09:58:28","modified_gmt":"2025-04-09T09:58:28","slug":"cartridge-gun-ammattilaisen","status":"publish","type":"product","link":"https:\/\/penosil.com\/fi\/tuotteet\/cartridge-gun-ammattilaisen\/","title":{"rendered":"Cartridge Gun"},"content":{"rendered":"<p>Ammattilaisen k\u00e4sik\u00e4ytt\u00f6inen pistooli 310 ml:n patruunoille (silikonit, liimat ja mastiksit). Sopii sek\u00e4 muovi- ett\u00e4 alumiinipatruunoille.<\/p>\n","protected":false},"excerpt":{"rendered":"Ammattilaisen k\u00e4sik\u00e4ytt\u00f6inen pistooli 310 ml:n patruunoille (silikonit, liimat ja mastiksit). Sopii sek\u00e4 muovi- ett\u00e4 alumiinipatruunoille.","protected":false},"author":1,"featured_media":8503,"template":"","meta":{"_acf_changed":false,"advgb_blocks_editor_width":"","advgb_blocks_columns_visual_guide":"","footnotes":""},"product_brand":[],"product_cat":[334,2331,827,1361,1604,1458,2315],"product_tag":[],"class_list":{"0":"post-8158","1":"product","2":"type-product","3":"status-publish","4":"has-post-thumbnail","6":"product_cat-kayttokohteet","7":"product_cat-silikoninenpistooli","8":"product_cat-yleisrakentaminen","9":"product_cat-tuoteryhmat","10":"product_cat-tiivisteet","11":"product_cat-puhdistusaineet","12":"product_cat-tiivistepistoolit-ja-puhdistusaineet","14":"first","15":"instock","16":"taxable","17":"shipping-taxable","18":"purchasable","19":"product-type-simple"},"acf":[],"yoast_head":"<!-- This site is optimized with the Yoast SEO plugin v27.2 - https:\/\/yoast.com\/product\/yoast-seo-wordpress\/ -->\n<title>PENOSIL Cartridge Gun, ammattilaisen k\u00e4sik\u00e4ytt\u00f6inen pistooli<\/title>\n<meta name=\"description\" content=\"PENOSIL Cartridge Gun on k\u00e4sik\u00e4ytt\u00f6inen pistooli 310 ml:n patruunoille. Sopii sek\u00e4 muovi- ett\u00e4 alumiinipatruunoille. Katso!\" \/>\n<meta name=\"robots\" content=\"index, follow, max-snippet:-1, max-image-preview:large, max-video-preview:-1\" \/>\n<link rel=\"canonical\" href=\"https:\/\/penosil.com\/fi\/tuotteet\/cartridge-gun-ammattilaisen\/\" \/>\n<meta property=\"og:locale\" content=\"fi_FI\" \/>\n<meta property=\"og:type\" content=\"article\" \/>\n<meta property=\"og:title\" content=\"PENOSIL Cartridge Gun, ammattilaisen k\u00e4sik\u00e4ytt\u00f6inen pistooli\" \/>\n<meta property=\"og:description\" content=\"PENOSIL Cartridge Gun on k\u00e4sik\u00e4ytt\u00f6inen pistooli 310 ml:n patruunoille. Sopii sek\u00e4 muovi- ett\u00e4 alumiinipatruunoille. Katso!\" \/>\n<meta property=\"og:url\" content=\"https:\/\/penosil.com\/fi\/tuotteet\/cartridge-gun-ammattilaisen\/\" \/>\n<meta property=\"og:site_name\" content=\"Penosil Finland\" \/>\n<meta property=\"article:modified_time\" content=\"2025-04-09T09:58:28+00:00\" \/>\n<meta property=\"og:image\" content=\"https:\/\/penosil.com\/fi\/wp-content\/uploads\/sites\/5\/2020\/07\/Cartridge_gun_2017.png\" \/>\n\t<meta property=\"og:image:width\" content=\"3013\" \/>\n\t<meta property=\"og:image:height\" content=\"1819\" \/>\n\t<meta property=\"og:image:type\" content=\"image\/png\" \/>\n<meta name=\"twitter:card\" content=\"summary_large_image\" \/>\n<meta name=\"twitter:label1\" content=\"Arvioitu lukuaika\" \/>\n\t<meta name=\"twitter:data1\" content=\"1 minuutti\" \/>\n<script type=\"application\/ld+json\" class=\"yoast-schema-graph\">{\"@context\":\"https:\/\/schema.org\",\"@graph\":[{\"@type\":\"WebPage\",\"@id\":\"https:\/\/penosil.com\/fi\/tuotteet\/cartridge-gun-ammattilaisen\/\",\"url\":\"https:\/\/penosil.com\/fi\/tuotteet\/cartridge-gun-ammattilaisen\/\",\"name\":\"PENOSIL Cartridge Gun, ammattilaisen k\u00e4sik\u00e4ytt\u00f6inen pistooli\",\"isPartOf\":{\"@id\":\"https:\/\/penosil.com\/fi\/#website\"},\"primaryImageOfPage\":{\"@id\":\"https:\/\/penosil.com\/fi\/tuotteet\/cartridge-gun-ammattilaisen\/#primaryimage\"},\"image\":{\"@id\":\"https:\/\/penosil.com\/fi\/tuotteet\/cartridge-gun-ammattilaisen\/#primaryimage\"},\"thumbnailUrl\":\"https:\/\/penosil.com\/fi\/wp-content\/uploads\/sites\/5\/2020\/07\/Cartridge_gun_2017.png\",\"datePublished\":\"2020-07-09T10:51:45+00:00\",\"dateModified\":\"2025-04-09T09:58:28+00:00\",\"description\":\"PENOSIL Cartridge Gun on k\u00e4sik\u00e4ytt\u00f6inen pistooli 310 ml:n patruunoille. Sopii sek\u00e4 muovi- ett\u00e4 alumiinipatruunoille. Katso!\",\"breadcrumb\":{\"@id\":\"https:\/\/penosil.com\/fi\/tuotteet\/cartridge-gun-ammattilaisen\/#breadcrumb\"},\"inLanguage\":\"fi\",\"potentialAction\":[{\"@type\":\"ReadAction\",\"target\":[\"https:\/\/penosil.com\/fi\/tuotteet\/cartridge-gun-ammattilaisen\/\"]}]},{\"@type\":\"ImageObject\",\"inLanguage\":\"fi\",\"@id\":\"https:\/\/penosil.com\/fi\/tuotteet\/cartridge-gun-ammattilaisen\/#primaryimage\",\"url\":\"https:\/\/penosil.com\/fi\/wp-content\/uploads\/sites\/5\/2020\/07\/Cartridge_gun_2017.png\",\"contentUrl\":\"https:\/\/penosil.com\/fi\/wp-content\/uploads\/sites\/5\/2020\/07\/Cartridge_gun_2017.png\",\"width\":3013,\"height\":1819,\"caption\":\"PENOSIL Cartridge Gun, ammattilaisen k\u00e4sik\u00e4ytt\u00f6inen pistooli\"},{\"@type\":\"BreadcrumbList\",\"@id\":\"https:\/\/penosil.com\/fi\/tuotteet\/cartridge-gun-ammattilaisen\/#breadcrumb\",\"itemListElement\":[{\"@type\":\"ListItem\",\"position\":1,\"name\":\"Home\",\"item\":\"https:\/\/penosil.com\/fi\/\"},{\"@type\":\"ListItem\",\"position\":2,\"name\":\"Tuotteet\",\"item\":\"https:\/\/penosil.com\/fi\/tuotteet\/\"},{\"@type\":\"ListItem\",\"position\":3,\"name\":\"Cartridge Gun\"}]},{\"@type\":\"WebSite\",\"@id\":\"https:\/\/penosil.com\/fi\/#website\",\"url\":\"https:\/\/penosil.com\/fi\/\",\"name\":\"Penosil Finland\",\"description\":\"\",\"potentialAction\":[{\"@type\":\"SearchAction\",\"target\":{\"@type\":\"EntryPoint\",\"urlTemplate\":\"https:\/\/penosil.com\/fi\/?s={search_term_string}\"},\"query-input\":{\"@type\":\"PropertyValueSpecification\",\"valueRequired\":true,\"valueName\":\"search_term_string\"}}],\"inLanguage\":\"fi\"}]}<\/script>\n<!-- \/ Yoast SEO plugin. -->","yoast_head_json":{"title":"PENOSIL Cartridge Gun, ammattilaisen k\u00e4sik\u00e4ytt\u00f6inen pistooli","description":"PENOSIL Cartridge Gun on k\u00e4sik\u00e4ytt\u00f6inen pistooli 310 ml:n patruunoille. Sopii sek\u00e4 muovi- ett\u00e4 alumiinipatruunoille. Katso!","robots":{"index":"index","follow":"follow","max-snippet":"max-snippet:-1","max-image-preview":"max-image-preview:large","max-video-preview":"max-video-preview:-1"},"canonical":"https:\/\/penosil.com\/fi\/tuotteet\/cartridge-gun-ammattilaisen\/","og_locale":"fi_FI","og_type":"article","og_title":"PENOSIL Cartridge Gun, ammattilaisen k\u00e4sik\u00e4ytt\u00f6inen pistooli","og_description":"PENOSIL Cartridge Gun on k\u00e4sik\u00e4ytt\u00f6inen pistooli 310 ml:n patruunoille. Sopii sek\u00e4 muovi- ett\u00e4 alumiinipatruunoille. Katso!","og_url":"https:\/\/penosil.com\/fi\/tuotteet\/cartridge-gun-ammattilaisen\/","og_site_name":"Penosil Finland","article_modified_time":"2025-04-09T09:58:28+00:00","og_image":[{"width":3013,"height":1819,"url":"https:\/\/penosil.com\/fi\/wp-content\/uploads\/sites\/5\/2020\/07\/Cartridge_gun_2017.png","type":"image\/png"}],"twitter_card":"summary_large_image","twitter_misc":{"Arvioitu lukuaika":"1 minuutti"},"schema":{"@context":"https:\/\/schema.org","@graph":[{"@type":"WebPage","@id":"https:\/\/penosil.com\/fi\/tuotteet\/cartridge-gun-ammattilaisen\/","url":"https:\/\/penosil.com\/fi\/tuotteet\/cartridge-gun-ammattilaisen\/","name":"PENOSIL Cartridge Gun, ammattilaisen k\u00e4sik\u00e4ytt\u00f6inen pistooli","isPartOf":{"@id":"https:\/\/penosil.com\/fi\/#website"},"primaryImageOfPage":{"@id":"https:\/\/penosil.com\/fi\/tuotteet\/cartridge-gun-ammattilaisen\/#primaryimage"},"image":{"@id":"https:\/\/penosil.com\/fi\/tuotteet\/cartridge-gun-ammattilaisen\/#primaryimage"},"thumbnailUrl":"https:\/\/penosil.com\/fi\/wp-content\/uploads\/sites\/5\/2020\/07\/Cartridge_gun_2017.png","datePublished":"2020-07-09T10:51:45+00:00","dateModified":"2025-04-09T09:58:28+00:00","description":"PENOSIL Cartridge Gun on k\u00e4sik\u00e4ytt\u00f6inen pistooli 310 ml:n patruunoille. Sopii sek\u00e4 muovi- ett\u00e4 alumiinipatruunoille. Katso!","breadcrumb":{"@id":"https:\/\/penosil.com\/fi\/tuotteet\/cartridge-gun-ammattilaisen\/#breadcrumb"},"inLanguage":"fi","potentialAction":[{"@type":"ReadAction","target":["https:\/\/penosil.com\/fi\/tuotteet\/cartridge-gun-ammattilaisen\/"]}]},{"@type":"ImageObject","inLanguage":"fi","@id":"https:\/\/penosil.com\/fi\/tuotteet\/cartridge-gun-ammattilaisen\/#primaryimage","url":"https:\/\/penosil.com\/fi\/wp-content\/uploads\/sites\/5\/2020\/07\/Cartridge_gun_2017.png","contentUrl":"https:\/\/penosil.com\/fi\/wp-content\/uploads\/sites\/5\/2020\/07\/Cartridge_gun_2017.png","width":3013,"height":1819,"caption":"PENOSIL Cartridge Gun, ammattilaisen k\u00e4sik\u00e4ytt\u00f6inen pistooli"},{"@type":"BreadcrumbList","@id":"https:\/\/penosil.com\/fi\/tuotteet\/cartridge-gun-ammattilaisen\/#breadcrumb","itemListElement":[{"@type":"ListItem","position":1,"name":"Home","item":"https:\/\/penosil.com\/fi\/"},{"@type":"ListItem","position":2,"name":"Tuotteet","item":"https:\/\/penosil.com\/fi\/tuotteet\/"},{"@type":"ListItem","position":3,"name":"Cartridge Gun"}]},{"@type":"WebSite","@id":"https:\/\/penosil.com\/fi\/#website","url":"https:\/\/penosil.com\/fi\/","name":"Penosil Finland","description":"","potentialAction":[{"@type":"SearchAction","target":{"@type":"EntryPoint","urlTemplate":"https:\/\/penosil.com\/fi\/?s={search_term_string}"},"query-input":{"@type":"PropertyValueSpecification","valueRequired":true,"valueName":"search_term_string"}}],"inLanguage":"fi"}]}},"featured_img":"https:\/\/penosil.com\/fi\/wp-content\/uploads\/sites\/5\/2020\/07\/Cartridge_gun_2017.png","coauthors":[],"author_meta":{"author_link":"https:\/\/penosil.com\/fi\/author\/reaktiiv-pe\/","display_name":"reaktiiv-pe"},"relative_dates":{"created":"Posted 6 vuotta ago","modified":"Updated 1 vuosi ago"},"absolute_dates":{"created":"Posted on 9.7.2020","modified":"Updated on 9.4.2025"},"absolute_dates_time":{"created":"Posted on 9.7.2020 10:51","modified":"Updated on 9.4.2025 9:58"},"featured_img_caption":"","tax_additional":{"product_brand":{"linked":[],"unlinked":[],"slug":"product_brand","name":"Br\u00e4ndit"},"product_type":{"linked":["<a href=\"https:\/\/penosil.com\/fi\/?taxonomy=product_type&#038;term=simple\" class=\"advgb-post-tax-term\">simple<\/a>"],"unlinked":["<span class=\"advgb-post-tax-term\">simple<\/span>"],"slug":"product_type","name":"Tuotetyyppi"},"product_visibility":{"linked":[],"unlinked":[],"slug":"product_visibility","name":"Tuotteen n\u00e4kyvyys"},"product_cat":{"linked":["<a href=\"https:\/\/penosil.com\/fi\/tuote-osasto\/kayttokohteet\/\" class=\"advgb-post-tax-term\">K\u00e4ytt\u00f6kohteet<\/a>","<a href=\"https:\/\/penosil.com\/fi\/tuote-osasto\/tuoteryhmat\/puhdistusaineet\/silikoninenpistooli\/\" class=\"advgb-post-tax-term\">Silikoninenpistooli<\/a>","<a href=\"https:\/\/penosil.com\/fi\/tuote-osasto\/kayttokohteet\/yleisrakentaminen\/\" class=\"advgb-post-tax-term\">Yleisrakentaminen<\/a>","<a href=\"https:\/\/penosil.com\/fi\/tuote-osasto\/tuoteryhmat\/\" class=\"advgb-post-tax-term\">Tuoteryhm\u00e4t<\/a>","<a href=\"https:\/\/penosil.com\/fi\/tuote-osasto\/tuoteryhmat\/tiivisteet\/\" class=\"advgb-post-tax-term\">Tiivisteet<\/a>","<a href=\"https:\/\/penosil.com\/fi\/tuote-osasto\/tuoteryhmat\/puhdistusaineet\/\" class=\"advgb-post-tax-term\">Ty\u00f6kalut ja puhdistusaineet<\/a>","<a href=\"https:\/\/penosil.com\/fi\/tuote-osasto\/tuoteryhmat\/tiivisteet\/tiivistepistoolit-ja-puhdistusaineet\/\" class=\"advgb-post-tax-term\">Tiivistepistoolit ja puhdistusaineet<\/a>"],"unlinked":["<span class=\"advgb-post-tax-term\">K\u00e4ytt\u00f6kohteet<\/span>","<span class=\"advgb-post-tax-term\">Silikoninenpistooli<\/span>","<span class=\"advgb-post-tax-term\">Yleisrakentaminen<\/span>","<span class=\"advgb-post-tax-term\">Tuoteryhm\u00e4t<\/span>","<span class=\"advgb-post-tax-term\">Tiivisteet<\/span>","<span class=\"advgb-post-tax-term\">Ty\u00f6kalut ja puhdistusaineet<\/span>","<span class=\"advgb-post-tax-term\">Tiivistepistoolit ja puhdistusaineet<\/span>"],"slug":"product_cat","name":"Osastot"},"product_tag":{"linked":[],"unlinked":[],"slug":"product_tag","name":"Avainsanat tuotteelle"},"product_shipping_class":{"linked":[],"unlinked":[],"slug":"product_shipping_class","name":"Tuotteen toimitusluokat"},"pos_product_visibility":{"linked":[],"unlinked":[],"slug":"pos_product_visibility","name":"POS Product visibility"},"pa_color":{"linked":[],"unlinked":[],"slug":"pa_color","name":"Product Colour"},"pa_package":{"linked":["<a href=\"https:\/\/penosil.com\/fi\/?taxonomy=pa_package&#038;term=blister-pack\" class=\"advgb-post-tax-term\">Kuplapakkaus<\/a>"],"unlinked":["<span class=\"advgb-post-tax-term\">Kuplapakkaus<\/span>"],"slug":"pa_package","name":"Product Package"},"translation_priority":{"linked":["<a href=\"https:\/\/penosil.com\/fi\/?taxonomy=translation_priority&#038;term=optional-fi\" class=\"advgb-post-tax-term\">Optional<\/a>"],"unlinked":["<span class=\"advgb-post-tax-term\">Optional<\/span>"],"slug":"translation_priority","name":"Translation Priorities"}},"series_order":"","_links":{"self":[{"href":"https:\/\/penosil.com\/fi\/wp-json\/wp\/v2\/product\/8158","targetHints":{"allow":["GET"]}}],"collection":[{"href":"https:\/\/penosil.com\/fi\/wp-json\/wp\/v2\/product"}],"about":[{"href":"https:\/\/penosil.com\/fi\/wp-json\/wp\/v2\/types\/product"}],"version-history":[{"count":4,"href":"https:\/\/penosil.com\/fi\/wp-json\/wp\/v2\/product\/8158\/revisions"}],"predecessor-version":[{"id":10109,"href":"https:\/\/penosil.com\/fi\/wp-json\/wp\/v2\/product\/8158\/revisions\/10109"}],"wp:featuredmedia":[{"embeddable":true,"href":"https:\/\/penosil.com\/fi\/wp-json\/wp\/v2\/media\/8503"}],"wp:attachment":[{"href":"https:\/\/penosil.com\/fi\/wp-json\/wp\/v2\/media?parent=8158"}],"wp:term":[{"taxonomy":"product_brand","embeddable":true,"href":"https:\/\/penosil.com\/fi\/wp-json\/wp\/v2\/product_brand?post=8158"},{"taxonomy":"product_cat","embeddable":true,"href":"https:\/\/penosil.com\/fi\/wp-json\/wp\/v2\/product_cat?post=8158"},{"taxonomy":"product_tag","embeddable":true,"href":"https:\/\/penosil.com\/fi\/wp-json\/wp\/v2\/product_tag?post=8158"}],"curies":[{"name":"wp","href":"https:\/\/api.w.org\/{rel}","templated":true}]}}