{"id":8159,"date":"2020-07-09T10:54:29","date_gmt":"2020-07-09T10:54:29","guid":{"rendered":"https:\/\/penosil.com\/fi\/?post_type=product&#038;p=8159"},"modified":"2025-04-09T09:58:17","modified_gmt":"2025-04-09T09:58:17","slug":"foil-pack-gun","status":"publish","type":"product","link":"https:\/\/penosil.com\/fi\/tuotteet\/foil-pack-gun\/","title":{"rendered":"Foil Pack Gun"},"content":{"rendered":"<p>Ammattilaisen k\u00e4sik\u00e4ytt\u00f6inen pistooli enint\u00e4\u00e4n 600 ml:n pehme\u00e4ss\u00e4 pakkauksessa olevan saumausmassan tai liiman levitykseen.<\/p>\n","protected":false},"excerpt":{"rendered":"Ammattilaisen k\u00e4sik\u00e4ytt\u00f6inen pistooli enint\u00e4\u00e4n 600 ml:n pehme\u00e4ss\u00e4 pakkauksessa olevan saumausmassan tai liiman levitykseen.","protected":false},"author":1,"featured_media":8506,"template":"","meta":{"_acf_changed":false,"advgb_blocks_editor_width":"","advgb_blocks_columns_visual_guide":"","footnotes":""},"product_brand":[],"product_cat":[334,827,1361,2331,1604,1458,2315],"product_tag":[],"class_list":{"0":"post-8159","1":"product","2":"type-product","3":"status-publish","4":"has-post-thumbnail","6":"product_cat-kayttokohteet","7":"product_cat-yleisrakentaminen","8":"product_cat-tuoteryhmat","9":"product_cat-silikoninenpistooli","10":"product_cat-tiivisteet","11":"product_cat-puhdistusaineet","12":"product_cat-tiivistepistoolit-ja-puhdistusaineet","14":"first","15":"instock","16":"taxable","17":"shipping-taxable","18":"purchasable","19":"product-type-simple"},"acf":[],"yoast_head":"<!-- This site is optimized with the Yoast SEO plugin v27.2 - https:\/\/yoast.com\/product\/yoast-seo-wordpress\/ -->\n<title>PENOSIL Foil Pack Gun, k\u00e4sik\u00e4ytt\u00f6inen pistooli pehmeille pakkauksille<\/title>\n<meta name=\"description\" content=\"PENOSIL Foil Pack Gun on ammattilaisen k\u00e4sik\u00e4ytt\u00f6inen pistooli enint\u00e4\u00e4n 600 ml:n pehme\u00e4ss\u00e4 pakkauksessa olevan saumausmassan. Lue lis\u00e4\u00e4!\" \/>\n<meta name=\"robots\" content=\"index, follow, max-snippet:-1, max-image-preview:large, max-video-preview:-1\" \/>\n<link rel=\"canonical\" href=\"https:\/\/penosil.com\/fi\/tuotteet\/foil-pack-gun\/\" \/>\n<meta property=\"og:locale\" content=\"fi_FI\" \/>\n<meta property=\"og:type\" content=\"article\" \/>\n<meta property=\"og:title\" content=\"PENOSIL Foil Pack Gun, k\u00e4sik\u00e4ytt\u00f6inen pistooli pehmeille pakkauksille\" \/>\n<meta property=\"og:description\" content=\"PENOSIL Foil Pack Gun on ammattilaisen k\u00e4sik\u00e4ytt\u00f6inen pistooli enint\u00e4\u00e4n 600 ml:n pehme\u00e4ss\u00e4 pakkauksessa olevan saumausmassan. Lue lis\u00e4\u00e4!\" \/>\n<meta property=\"og:url\" content=\"https:\/\/penosil.com\/fi\/tuotteet\/foil-pack-gun\/\" \/>\n<meta property=\"og:site_name\" content=\"Penosil Finland\" \/>\n<meta property=\"article:modified_time\" content=\"2025-04-09T09:58:17+00:00\" \/>\n<meta property=\"og:image\" content=\"https:\/\/penosil.com\/fi\/wp-content\/uploads\/sites\/5\/2020\/07\/PENOSIL_Sealant_Foil_Pack_Gun_web.png\" \/>\n\t<meta property=\"og:image:width\" content=\"1978\" \/>\n\t<meta property=\"og:image:height\" content=\"750\" \/>\n\t<meta property=\"og:image:type\" content=\"image\/png\" \/>\n<meta name=\"twitter:card\" content=\"summary_large_image\" \/>\n<meta name=\"twitter:label1\" content=\"Arvioitu lukuaika\" \/>\n\t<meta name=\"twitter:data1\" content=\"1 minuutti\" \/>\n<script type=\"application\/ld+json\" class=\"yoast-schema-graph\">{\"@context\":\"https:\/\/schema.org\",\"@graph\":[{\"@type\":\"WebPage\",\"@id\":\"https:\/\/penosil.com\/fi\/tuotteet\/foil-pack-gun\/\",\"url\":\"https:\/\/penosil.com\/fi\/tuotteet\/foil-pack-gun\/\",\"name\":\"PENOSIL Foil Pack Gun, k\u00e4sik\u00e4ytt\u00f6inen pistooli pehmeille pakkauksille\",\"isPartOf\":{\"@id\":\"https:\/\/penosil.com\/fi\/#website\"},\"primaryImageOfPage\":{\"@id\":\"https:\/\/penosil.com\/fi\/tuotteet\/foil-pack-gun\/#primaryimage\"},\"image\":{\"@id\":\"https:\/\/penosil.com\/fi\/tuotteet\/foil-pack-gun\/#primaryimage\"},\"thumbnailUrl\":\"https:\/\/penosil.com\/fi\/wp-content\/uploads\/sites\/5\/2020\/07\/PENOSIL_Sealant_Foil_Pack_Gun_web.png\",\"datePublished\":\"2020-07-09T10:54:29+00:00\",\"dateModified\":\"2025-04-09T09:58:17+00:00\",\"description\":\"PENOSIL Foil Pack Gun on ammattilaisen k\u00e4sik\u00e4ytt\u00f6inen pistooli enint\u00e4\u00e4n 600 ml:n pehme\u00e4ss\u00e4 pakkauksessa olevan saumausmassan. Lue lis\u00e4\u00e4!\",\"breadcrumb\":{\"@id\":\"https:\/\/penosil.com\/fi\/tuotteet\/foil-pack-gun\/#breadcrumb\"},\"inLanguage\":\"fi\",\"potentialAction\":[{\"@type\":\"ReadAction\",\"target\":[\"https:\/\/penosil.com\/fi\/tuotteet\/foil-pack-gun\/\"]}]},{\"@type\":\"ImageObject\",\"inLanguage\":\"fi\",\"@id\":\"https:\/\/penosil.com\/fi\/tuotteet\/foil-pack-gun\/#primaryimage\",\"url\":\"https:\/\/penosil.com\/fi\/wp-content\/uploads\/sites\/5\/2020\/07\/PENOSIL_Sealant_Foil_Pack_Gun_web.png\",\"contentUrl\":\"https:\/\/penosil.com\/fi\/wp-content\/uploads\/sites\/5\/2020\/07\/PENOSIL_Sealant_Foil_Pack_Gun_web.png\",\"width\":1978,\"height\":750,\"caption\":\"PENOSIL Foil Pack Gun, k\u00e4sik\u00e4ytt\u00f6inen pistooli pehmeille pakkauksille\"},{\"@type\":\"BreadcrumbList\",\"@id\":\"https:\/\/penosil.com\/fi\/tuotteet\/foil-pack-gun\/#breadcrumb\",\"itemListElement\":[{\"@type\":\"ListItem\",\"position\":1,\"name\":\"Home\",\"item\":\"https:\/\/penosil.com\/fi\/\"},{\"@type\":\"ListItem\",\"position\":2,\"name\":\"Tuotteet\",\"item\":\"https:\/\/penosil.com\/fi\/tuotteet\/\"},{\"@type\":\"ListItem\",\"position\":3,\"name\":\"Foil Pack Gun\"}]},{\"@type\":\"WebSite\",\"@id\":\"https:\/\/penosil.com\/fi\/#website\",\"url\":\"https:\/\/penosil.com\/fi\/\",\"name\":\"Penosil Finland\",\"description\":\"\",\"potentialAction\":[{\"@type\":\"SearchAction\",\"target\":{\"@type\":\"EntryPoint\",\"urlTemplate\":\"https:\/\/penosil.com\/fi\/?s={search_term_string}\"},\"query-input\":{\"@type\":\"PropertyValueSpecification\",\"valueRequired\":true,\"valueName\":\"search_term_string\"}}],\"inLanguage\":\"fi\"}]}<\/script>\n<!-- \/ Yoast SEO plugin. -->","yoast_head_json":{"title":"PENOSIL Foil Pack Gun, k\u00e4sik\u00e4ytt\u00f6inen pistooli pehmeille pakkauksille","description":"PENOSIL Foil Pack Gun on ammattilaisen k\u00e4sik\u00e4ytt\u00f6inen pistooli enint\u00e4\u00e4n 600 ml:n pehme\u00e4ss\u00e4 pakkauksessa olevan saumausmassan. Lue lis\u00e4\u00e4!","robots":{"index":"index","follow":"follow","max-snippet":"max-snippet:-1","max-image-preview":"max-image-preview:large","max-video-preview":"max-video-preview:-1"},"canonical":"https:\/\/penosil.com\/fi\/tuotteet\/foil-pack-gun\/","og_locale":"fi_FI","og_type":"article","og_title":"PENOSIL Foil Pack Gun, k\u00e4sik\u00e4ytt\u00f6inen pistooli pehmeille pakkauksille","og_description":"PENOSIL Foil Pack Gun on ammattilaisen k\u00e4sik\u00e4ytt\u00f6inen pistooli enint\u00e4\u00e4n 600 ml:n pehme\u00e4ss\u00e4 pakkauksessa olevan saumausmassan. Lue lis\u00e4\u00e4!","og_url":"https:\/\/penosil.com\/fi\/tuotteet\/foil-pack-gun\/","og_site_name":"Penosil Finland","article_modified_time":"2025-04-09T09:58:17+00:00","og_image":[{"width":1978,"height":750,"url":"https:\/\/penosil.com\/fi\/wp-content\/uploads\/sites\/5\/2020\/07\/PENOSIL_Sealant_Foil_Pack_Gun_web.png","type":"image\/png"}],"twitter_card":"summary_large_image","twitter_misc":{"Arvioitu lukuaika":"1 minuutti"},"schema":{"@context":"https:\/\/schema.org","@graph":[{"@type":"WebPage","@id":"https:\/\/penosil.com\/fi\/tuotteet\/foil-pack-gun\/","url":"https:\/\/penosil.com\/fi\/tuotteet\/foil-pack-gun\/","name":"PENOSIL Foil Pack Gun, k\u00e4sik\u00e4ytt\u00f6inen pistooli pehmeille pakkauksille","isPartOf":{"@id":"https:\/\/penosil.com\/fi\/#website"},"primaryImageOfPage":{"@id":"https:\/\/penosil.com\/fi\/tuotteet\/foil-pack-gun\/#primaryimage"},"image":{"@id":"https:\/\/penosil.com\/fi\/tuotteet\/foil-pack-gun\/#primaryimage"},"thumbnailUrl":"https:\/\/penosil.com\/fi\/wp-content\/uploads\/sites\/5\/2020\/07\/PENOSIL_Sealant_Foil_Pack_Gun_web.png","datePublished":"2020-07-09T10:54:29+00:00","dateModified":"2025-04-09T09:58:17+00:00","description":"PENOSIL Foil Pack Gun on ammattilaisen k\u00e4sik\u00e4ytt\u00f6inen pistooli enint\u00e4\u00e4n 600 ml:n pehme\u00e4ss\u00e4 pakkauksessa olevan saumausmassan. Lue lis\u00e4\u00e4!","breadcrumb":{"@id":"https:\/\/penosil.com\/fi\/tuotteet\/foil-pack-gun\/#breadcrumb"},"inLanguage":"fi","potentialAction":[{"@type":"ReadAction","target":["https:\/\/penosil.com\/fi\/tuotteet\/foil-pack-gun\/"]}]},{"@type":"ImageObject","inLanguage":"fi","@id":"https:\/\/penosil.com\/fi\/tuotteet\/foil-pack-gun\/#primaryimage","url":"https:\/\/penosil.com\/fi\/wp-content\/uploads\/sites\/5\/2020\/07\/PENOSIL_Sealant_Foil_Pack_Gun_web.png","contentUrl":"https:\/\/penosil.com\/fi\/wp-content\/uploads\/sites\/5\/2020\/07\/PENOSIL_Sealant_Foil_Pack_Gun_web.png","width":1978,"height":750,"caption":"PENOSIL Foil Pack Gun, k\u00e4sik\u00e4ytt\u00f6inen pistooli pehmeille pakkauksille"},{"@type":"BreadcrumbList","@id":"https:\/\/penosil.com\/fi\/tuotteet\/foil-pack-gun\/#breadcrumb","itemListElement":[{"@type":"ListItem","position":1,"name":"Home","item":"https:\/\/penosil.com\/fi\/"},{"@type":"ListItem","position":2,"name":"Tuotteet","item":"https:\/\/penosil.com\/fi\/tuotteet\/"},{"@type":"ListItem","position":3,"name":"Foil Pack Gun"}]},{"@type":"WebSite","@id":"https:\/\/penosil.com\/fi\/#website","url":"https:\/\/penosil.com\/fi\/","name":"Penosil Finland","description":"","potentialAction":[{"@type":"SearchAction","target":{"@type":"EntryPoint","urlTemplate":"https:\/\/penosil.com\/fi\/?s={search_term_string}"},"query-input":{"@type":"PropertyValueSpecification","valueRequired":true,"valueName":"search_term_string"}}],"inLanguage":"fi"}]}},"featured_img":"https:\/\/penosil.com\/fi\/wp-content\/uploads\/sites\/5\/2020\/07\/PENOSIL_Sealant_Foil_Pack_Gun_web.png","coauthors":[],"author_meta":{"author_link":"https:\/\/penosil.com\/fi\/author\/reaktiiv-pe\/","display_name":"reaktiiv-pe"},"relative_dates":{"created":"Posted 6 vuotta ago","modified":"Updated 1 vuosi ago"},"absolute_dates":{"created":"Posted on 9.7.2020","modified":"Updated on 9.4.2025"},"absolute_dates_time":{"created":"Posted on 9.7.2020 10:54","modified":"Updated on 9.4.2025 9:58"},"featured_img_caption":"","tax_additional":{"product_brand":{"linked":[],"unlinked":[],"slug":"product_brand","name":"Br\u00e4ndit"},"product_type":{"linked":["<a href=\"https:\/\/penosil.com\/fi\/?taxonomy=product_type&#038;term=simple\" class=\"advgb-post-tax-term\">simple<\/a>"],"unlinked":["<span class=\"advgb-post-tax-term\">simple<\/span>"],"slug":"product_type","name":"Tuotetyyppi"},"product_visibility":{"linked":[],"unlinked":[],"slug":"product_visibility","name":"Tuotteen n\u00e4kyvyys"},"product_cat":{"linked":["<a href=\"https:\/\/penosil.com\/fi\/tuote-osasto\/kayttokohteet\/\" class=\"advgb-post-tax-term\">K\u00e4ytt\u00f6kohteet<\/a>","<a href=\"https:\/\/penosil.com\/fi\/tuote-osasto\/kayttokohteet\/yleisrakentaminen\/\" class=\"advgb-post-tax-term\">Yleisrakentaminen<\/a>","<a href=\"https:\/\/penosil.com\/fi\/tuote-osasto\/tuoteryhmat\/\" class=\"advgb-post-tax-term\">Tuoteryhm\u00e4t<\/a>","<a href=\"https:\/\/penosil.com\/fi\/tuote-osasto\/tuoteryhmat\/puhdistusaineet\/silikoninenpistooli\/\" class=\"advgb-post-tax-term\">Silikoninenpistooli<\/a>","<a href=\"https:\/\/penosil.com\/fi\/tuote-osasto\/tuoteryhmat\/tiivisteet\/\" class=\"advgb-post-tax-term\">Tiivisteet<\/a>","<a href=\"https:\/\/penosil.com\/fi\/tuote-osasto\/tuoteryhmat\/puhdistusaineet\/\" class=\"advgb-post-tax-term\">Ty\u00f6kalut ja puhdistusaineet<\/a>","<a href=\"https:\/\/penosil.com\/fi\/tuote-osasto\/tuoteryhmat\/tiivisteet\/tiivistepistoolit-ja-puhdistusaineet\/\" class=\"advgb-post-tax-term\">Tiivistepistoolit ja puhdistusaineet<\/a>"],"unlinked":["<span class=\"advgb-post-tax-term\">K\u00e4ytt\u00f6kohteet<\/span>","<span class=\"advgb-post-tax-term\">Yleisrakentaminen<\/span>","<span class=\"advgb-post-tax-term\">Tuoteryhm\u00e4t<\/span>","<span class=\"advgb-post-tax-term\">Silikoninenpistooli<\/span>","<span class=\"advgb-post-tax-term\">Tiivisteet<\/span>","<span class=\"advgb-post-tax-term\">Ty\u00f6kalut ja puhdistusaineet<\/span>","<span class=\"advgb-post-tax-term\">Tiivistepistoolit ja puhdistusaineet<\/span>"],"slug":"product_cat","name":"Osastot"},"product_tag":{"linked":[],"unlinked":[],"slug":"product_tag","name":"Avainsanat tuotteelle"},"product_shipping_class":{"linked":[],"unlinked":[],"slug":"product_shipping_class","name":"Tuotteen toimitusluokat"},"pos_product_visibility":{"linked":[],"unlinked":[],"slug":"pos_product_visibility","name":"POS Product visibility"},"pa_color":{"linked":[],"unlinked":[],"slug":"pa_color","name":"Product Colour"},"pa_package":{"linked":["<a href=\"https:\/\/penosil.com\/fi\/?taxonomy=pa_package&#038;term=cardboard-box\" class=\"advgb-post-tax-term\">Pahvilaatikko<\/a>"],"unlinked":["<span class=\"advgb-post-tax-term\">Pahvilaatikko<\/span>"],"slug":"pa_package","name":"Product Package"},"translation_priority":{"linked":["<a href=\"https:\/\/penosil.com\/fi\/?taxonomy=translation_priority&#038;term=optional-fi\" class=\"advgb-post-tax-term\">Optional<\/a>"],"unlinked":["<span class=\"advgb-post-tax-term\">Optional<\/span>"],"slug":"translation_priority","name":"Translation Priorities"}},"series_order":"","_links":{"self":[{"href":"https:\/\/penosil.com\/fi\/wp-json\/wp\/v2\/product\/8159","targetHints":{"allow":["GET"]}}],"collection":[{"href":"https:\/\/penosil.com\/fi\/wp-json\/wp\/v2\/product"}],"about":[{"href":"https:\/\/penosil.com\/fi\/wp-json\/wp\/v2\/types\/product"}],"version-history":[{"count":4,"href":"https:\/\/penosil.com\/fi\/wp-json\/wp\/v2\/product\/8159\/revisions"}],"predecessor-version":[{"id":10108,"href":"https:\/\/penosil.com\/fi\/wp-json\/wp\/v2\/product\/8159\/revisions\/10108"}],"wp:featuredmedia":[{"embeddable":true,"href":"https:\/\/penosil.com\/fi\/wp-json\/wp\/v2\/media\/8506"}],"wp:attachment":[{"href":"https:\/\/penosil.com\/fi\/wp-json\/wp\/v2\/media?parent=8159"}],"wp:term":[{"taxonomy":"product_brand","embeddable":true,"href":"https:\/\/penosil.com\/fi\/wp-json\/wp\/v2\/product_brand?post=8159"},{"taxonomy":"product_cat","embeddable":true,"href":"https:\/\/penosil.com\/fi\/wp-json\/wp\/v2\/product_cat?post=8159"},{"taxonomy":"product_tag","embeddable":true,"href":"https:\/\/penosil.com\/fi\/wp-json\/wp\/v2\/product_tag?post=8159"}],"curies":[{"name":"wp","href":"https:\/\/api.w.org\/{rel}","templated":true}]}}