{"id":8172,"date":"2020-07-09T12:00:45","date_gmt":"2020-07-09T12:00:45","guid":{"rendered":"https:\/\/penosil.com\/fi\/?post_type=product&#038;p=8172"},"modified":"2025-04-09T09:56:54","modified_gmt":"2025-04-09T09:56:54","slug":"roof-and-facade-elastic","status":"publish","type":"product","link":"https:\/\/penosil.com\/fi\/tuotteet\/roof-and-facade-elastic\/","title":{"rendered":"Roof&amp;Facade Elastic"},"content":{"rendered":"<p>Hybridisaumausmassa ulkona suoritettaviin korjaus- ja uudisrakentamiseen.<\/p>\n","protected":false},"excerpt":{"rendered":"Hybridisaumausmassa ulkona suoritettaviin korjaus- ja uudisrakentamiseen.","protected":false},"author":1,"featured_media":8452,"template":"","meta":{"_acf_changed":false,"advgb_blocks_editor_width":"","advgb_blocks_columns_visual_guide":"","footnotes":""},"product_brand":[],"product_cat":[1361,1604,2279,2282,2312],"product_tag":[],"class_list":{"0":"post-8172","1":"product","2":"type-product","3":"status-publish","4":"has-post-thumbnail","6":"product_cat-tuoteryhmat","7":"product_cat-tiivisteet","8":"product_cat-easypro","9":"product_cat-vesikattoihin-ja-julkisivuihin","10":"product_cat-hybridit","12":"first","13":"instock","14":"taxable","15":"shipping-taxable","16":"purchasable","17":"product-type-variable","18":"has-default-attributes"},"acf":[],"yoast_head":"<!-- This site is optimized with the Yoast SEO plugin v27.2 - https:\/\/yoast.com\/product\/yoast-seo-wordpress\/ -->\n<title>PENOSIL Roof &amp; Facade Elastic hybridisaumausmassa \u2013 EasyPRO<\/title>\n<meta name=\"description\" content=\"PENOSIL Roof &amp; Fa\u00e7ade Elastic -hybridisaumausmassa kovettuu nopeasti, tarttuu hyvin ja tulee t\u00e4ysin s\u00e4\u00e4nkest\u00e4v\u00e4ksi vain 2 tunnissa.\" \/>\n<meta name=\"robots\" content=\"index, follow, max-snippet:-1, max-image-preview:large, max-video-preview:-1\" \/>\n<link rel=\"canonical\" href=\"https:\/\/penosil.com\/fi\/tuotteet\/roof-and-facade-elastic\/\" \/>\n<meta property=\"og:locale\" content=\"fi_FI\" \/>\n<meta property=\"og:type\" content=\"article\" \/>\n<meta property=\"og:title\" content=\"PENOSIL Roof &amp; Facade Elastic hybridisaumausmassa \u2013 EasyPRO\" \/>\n<meta property=\"og:description\" content=\"PENOSIL Roof &amp; Fa\u00e7ade Elastic -hybridisaumausmassa kovettuu nopeasti, tarttuu hyvin ja tulee t\u00e4ysin s\u00e4\u00e4nkest\u00e4v\u00e4ksi vain 2 tunnissa.\" \/>\n<meta property=\"og:url\" content=\"https:\/\/penosil.com\/fi\/tuotteet\/roof-and-facade-elastic\/\" \/>\n<meta property=\"og:site_name\" content=\"Penosil Finland\" \/>\n<meta property=\"article:modified_time\" content=\"2025-04-09T09:56:54+00:00\" \/>\n<meta property=\"og:image\" content=\"https:\/\/penosil.com\/fi\/wp-content\/uploads\/sites\/5\/2020\/07\/PENOSIL_Roof_Facade_Elastic_Sealant_290ml_colour_FI_SE_spatula.jpg\" \/>\n\t<meta property=\"og:image:width\" content=\"667\" \/>\n\t<meta property=\"og:image:height\" content=\"2002\" \/>\n\t<meta property=\"og:image:type\" content=\"image\/jpeg\" \/>\n<meta name=\"twitter:card\" content=\"summary_large_image\" \/>\n<meta name=\"twitter:label1\" content=\"Arvioitu lukuaika\" \/>\n\t<meta name=\"twitter:data1\" content=\"2 minuuttia\" \/>\n<script type=\"application\/ld+json\" class=\"yoast-schema-graph\">{\"@context\":\"https:\/\/schema.org\",\"@graph\":[{\"@type\":\"WebPage\",\"@id\":\"https:\/\/penosil.com\/fi\/tuotteet\/roof-and-facade-elastic\/\",\"url\":\"https:\/\/penosil.com\/fi\/tuotteet\/roof-and-facade-elastic\/\",\"name\":\"PENOSIL Roof & Facade Elastic hybridisaumausmassa \u2013 EasyPRO\",\"isPartOf\":{\"@id\":\"https:\/\/penosil.com\/fi\/#website\"},\"primaryImageOfPage\":{\"@id\":\"https:\/\/penosil.com\/fi\/tuotteet\/roof-and-facade-elastic\/#primaryimage\"},\"image\":{\"@id\":\"https:\/\/penosil.com\/fi\/tuotteet\/roof-and-facade-elastic\/#primaryimage\"},\"thumbnailUrl\":\"https:\/\/penosil.com\/fi\/wp-content\/uploads\/sites\/5\/2020\/07\/PENOSIL_Roof_Facade_Elastic_Sealant_290ml_colour_FI_SE_spatula.jpg\",\"datePublished\":\"2020-07-09T12:00:45+00:00\",\"dateModified\":\"2025-04-09T09:56:54+00:00\",\"description\":\"PENOSIL Roof & Fa\u00e7ade Elastic -hybridisaumausmassa kovettuu nopeasti, tarttuu hyvin ja tulee t\u00e4ysin s\u00e4\u00e4nkest\u00e4v\u00e4ksi vain 2 tunnissa.\",\"breadcrumb\":{\"@id\":\"https:\/\/penosil.com\/fi\/tuotteet\/roof-and-facade-elastic\/#breadcrumb\"},\"inLanguage\":\"fi\",\"potentialAction\":[{\"@type\":\"ReadAction\",\"target\":[\"https:\/\/penosil.com\/fi\/tuotteet\/roof-and-facade-elastic\/\"]}]},{\"@type\":\"ImageObject\",\"inLanguage\":\"fi\",\"@id\":\"https:\/\/penosil.com\/fi\/tuotteet\/roof-and-facade-elastic\/#primaryimage\",\"url\":\"https:\/\/penosil.com\/fi\/wp-content\/uploads\/sites\/5\/2020\/07\/PENOSIL_Roof_Facade_Elastic_Sealant_290ml_colour_FI_SE_spatula.jpg\",\"contentUrl\":\"https:\/\/penosil.com\/fi\/wp-content\/uploads\/sites\/5\/2020\/07\/PENOSIL_Roof_Facade_Elastic_Sealant_290ml_colour_FI_SE_spatula.jpg\",\"width\":667,\"height\":2002,\"caption\":\"PENOSIL Roof & Facade Elastic hybridisaumausmassa \u2013 EasyPRO\"},{\"@type\":\"BreadcrumbList\",\"@id\":\"https:\/\/penosil.com\/fi\/tuotteet\/roof-and-facade-elastic\/#breadcrumb\",\"itemListElement\":[{\"@type\":\"ListItem\",\"position\":1,\"name\":\"Home\",\"item\":\"https:\/\/penosil.com\/fi\/\"},{\"@type\":\"ListItem\",\"position\":2,\"name\":\"Tuotteet\",\"item\":\"https:\/\/penosil.com\/fi\/tuotteet\/\"},{\"@type\":\"ListItem\",\"position\":3,\"name\":\"Roof&amp;Facade Elastic\"}]},{\"@type\":\"WebSite\",\"@id\":\"https:\/\/penosil.com\/fi\/#website\",\"url\":\"https:\/\/penosil.com\/fi\/\",\"name\":\"Penosil Finland\",\"description\":\"\",\"potentialAction\":[{\"@type\":\"SearchAction\",\"target\":{\"@type\":\"EntryPoint\",\"urlTemplate\":\"https:\/\/penosil.com\/fi\/?s={search_term_string}\"},\"query-input\":{\"@type\":\"PropertyValueSpecification\",\"valueRequired\":true,\"valueName\":\"search_term_string\"}}],\"inLanguage\":\"fi\"}]}<\/script>\n<!-- \/ Yoast SEO plugin. -->","yoast_head_json":{"title":"PENOSIL Roof & Facade Elastic hybridisaumausmassa \u2013 EasyPRO","description":"PENOSIL Roof & Fa\u00e7ade Elastic -hybridisaumausmassa kovettuu nopeasti, tarttuu hyvin ja tulee t\u00e4ysin s\u00e4\u00e4nkest\u00e4v\u00e4ksi vain 2 tunnissa.","robots":{"index":"index","follow":"follow","max-snippet":"max-snippet:-1","max-image-preview":"max-image-preview:large","max-video-preview":"max-video-preview:-1"},"canonical":"https:\/\/penosil.com\/fi\/tuotteet\/roof-and-facade-elastic\/","og_locale":"fi_FI","og_type":"article","og_title":"PENOSIL Roof & Facade Elastic hybridisaumausmassa \u2013 EasyPRO","og_description":"PENOSIL Roof & Fa\u00e7ade Elastic -hybridisaumausmassa kovettuu nopeasti, tarttuu hyvin ja tulee t\u00e4ysin s\u00e4\u00e4nkest\u00e4v\u00e4ksi vain 2 tunnissa.","og_url":"https:\/\/penosil.com\/fi\/tuotteet\/roof-and-facade-elastic\/","og_site_name":"Penosil Finland","article_modified_time":"2025-04-09T09:56:54+00:00","og_image":[{"width":667,"height":2002,"url":"https:\/\/penosil.com\/fi\/wp-content\/uploads\/sites\/5\/2020\/07\/PENOSIL_Roof_Facade_Elastic_Sealant_290ml_colour_FI_SE_spatula.jpg","type":"image\/jpeg"}],"twitter_card":"summary_large_image","twitter_misc":{"Arvioitu lukuaika":"2 minuuttia"},"schema":{"@context":"https:\/\/schema.org","@graph":[{"@type":"WebPage","@id":"https:\/\/penosil.com\/fi\/tuotteet\/roof-and-facade-elastic\/","url":"https:\/\/penosil.com\/fi\/tuotteet\/roof-and-facade-elastic\/","name":"PENOSIL Roof & Facade Elastic hybridisaumausmassa \u2013 EasyPRO","isPartOf":{"@id":"https:\/\/penosil.com\/fi\/#website"},"primaryImageOfPage":{"@id":"https:\/\/penosil.com\/fi\/tuotteet\/roof-and-facade-elastic\/#primaryimage"},"image":{"@id":"https:\/\/penosil.com\/fi\/tuotteet\/roof-and-facade-elastic\/#primaryimage"},"thumbnailUrl":"https:\/\/penosil.com\/fi\/wp-content\/uploads\/sites\/5\/2020\/07\/PENOSIL_Roof_Facade_Elastic_Sealant_290ml_colour_FI_SE_spatula.jpg","datePublished":"2020-07-09T12:00:45+00:00","dateModified":"2025-04-09T09:56:54+00:00","description":"PENOSIL Roof & Fa\u00e7ade Elastic -hybridisaumausmassa kovettuu nopeasti, tarttuu hyvin ja tulee t\u00e4ysin s\u00e4\u00e4nkest\u00e4v\u00e4ksi vain 2 tunnissa.","breadcrumb":{"@id":"https:\/\/penosil.com\/fi\/tuotteet\/roof-and-facade-elastic\/#breadcrumb"},"inLanguage":"fi","potentialAction":[{"@type":"ReadAction","target":["https:\/\/penosil.com\/fi\/tuotteet\/roof-and-facade-elastic\/"]}]},{"@type":"ImageObject","inLanguage":"fi","@id":"https:\/\/penosil.com\/fi\/tuotteet\/roof-and-facade-elastic\/#primaryimage","url":"https:\/\/penosil.com\/fi\/wp-content\/uploads\/sites\/5\/2020\/07\/PENOSIL_Roof_Facade_Elastic_Sealant_290ml_colour_FI_SE_spatula.jpg","contentUrl":"https:\/\/penosil.com\/fi\/wp-content\/uploads\/sites\/5\/2020\/07\/PENOSIL_Roof_Facade_Elastic_Sealant_290ml_colour_FI_SE_spatula.jpg","width":667,"height":2002,"caption":"PENOSIL Roof & Facade Elastic hybridisaumausmassa \u2013 EasyPRO"},{"@type":"BreadcrumbList","@id":"https:\/\/penosil.com\/fi\/tuotteet\/roof-and-facade-elastic\/#breadcrumb","itemListElement":[{"@type":"ListItem","position":1,"name":"Home","item":"https:\/\/penosil.com\/fi\/"},{"@type":"ListItem","position":2,"name":"Tuotteet","item":"https:\/\/penosil.com\/fi\/tuotteet\/"},{"@type":"ListItem","position":3,"name":"Roof&amp;Facade Elastic"}]},{"@type":"WebSite","@id":"https:\/\/penosil.com\/fi\/#website","url":"https:\/\/penosil.com\/fi\/","name":"Penosil Finland","description":"","potentialAction":[{"@type":"SearchAction","target":{"@type":"EntryPoint","urlTemplate":"https:\/\/penosil.com\/fi\/?s={search_term_string}"},"query-input":{"@type":"PropertyValueSpecification","valueRequired":true,"valueName":"search_term_string"}}],"inLanguage":"fi"}]}},"featured_img":"https:\/\/penosil.com\/fi\/wp-content\/uploads\/sites\/5\/2020\/07\/PENOSIL_Roof_Facade_Elastic_Sealant_290ml_colour_FI_SE_spatula.jpg","coauthors":[],"author_meta":{"author_link":"https:\/\/penosil.com\/fi\/author\/reaktiiv-pe\/","display_name":"reaktiiv-pe"},"relative_dates":{"created":"Posted 6 vuotta ago","modified":"Updated 1 vuosi ago"},"absolute_dates":{"created":"Posted on 9.7.2020","modified":"Updated on 9.4.2025"},"absolute_dates_time":{"created":"Posted on 9.7.2020 12:00","modified":"Updated on 9.4.2025 9:56"},"featured_img_caption":"","tax_additional":{"product_brand":{"linked":[],"unlinked":[],"slug":"product_brand","name":"Br\u00e4ndit"},"product_type":{"linked":["<a href=\"https:\/\/penosil.com\/fi\/?taxonomy=product_type&#038;term=variable\" class=\"advgb-post-tax-term\">variable<\/a>"],"unlinked":["<span class=\"advgb-post-tax-term\">variable<\/span>"],"slug":"product_type","name":"Tuotetyyppi"},"product_visibility":{"linked":[],"unlinked":[],"slug":"product_visibility","name":"Tuotteen n\u00e4kyvyys"},"product_cat":{"linked":["<a href=\"https:\/\/penosil.com\/fi\/tuote-osasto\/tuoteryhmat\/\" class=\"advgb-post-tax-term\">Tuoteryhm\u00e4t<\/a>","<a href=\"https:\/\/penosil.com\/fi\/tuote-osasto\/tuoteryhmat\/tiivisteet\/\" class=\"advgb-post-tax-term\">Tiivisteet<\/a>","<a href=\"https:\/\/penosil.com\/fi\/tuote-osasto\/easypro\/\" class=\"advgb-post-tax-term\">EasyPRO<\/a>","<a href=\"https:\/\/penosil.com\/fi\/tuote-osasto\/easypro\/vesikattoihin-ja-julkisivuihin\/\" class=\"advgb-post-tax-term\">Vesikattoihin ja julkisivuihin<\/a>","<a href=\"https:\/\/penosil.com\/fi\/tuote-osasto\/tuoteryhmat\/tiivisteet\/hybridit\/\" class=\"advgb-post-tax-term\">Hybridit<\/a>"],"unlinked":["<span class=\"advgb-post-tax-term\">Tuoteryhm\u00e4t<\/span>","<span class=\"advgb-post-tax-term\">Tiivisteet<\/span>","<span class=\"advgb-post-tax-term\">EasyPRO<\/span>","<span class=\"advgb-post-tax-term\">Vesikattoihin ja julkisivuihin<\/span>","<span class=\"advgb-post-tax-term\">Hybridit<\/span>"],"slug":"product_cat","name":"Osastot"},"product_tag":{"linked":[],"unlinked":[],"slug":"product_tag","name":"Avainsanat tuotteelle"},"product_shipping_class":{"linked":[],"unlinked":[],"slug":"product_shipping_class","name":"Tuotteen toimitusluokat"},"pos_product_visibility":{"linked":[],"unlinked":[],"slug":"pos_product_visibility","name":"POS Product visibility"},"pa_color":{"linked":["<a href=\"https:\/\/penosil.com\/fi\/?taxonomy=pa_color&#038;term=musta\" class=\"advgb-post-tax-term\">Musta<\/a>","<a href=\"https:\/\/penosil.com\/fi\/?taxonomy=pa_color&#038;term=harmaa\" class=\"advgb-post-tax-term\">Harmaa<\/a>","<a href=\"https:\/\/penosil.com\/fi\/?taxonomy=pa_color&#038;term=valkoinen\" class=\"advgb-post-tax-term\">Valkoinen<\/a>","<a href=\"https:\/\/penosil.com\/fi\/?taxonomy=pa_color&#038;term=ruskea\" class=\"advgb-post-tax-term\">Ruskea<\/a>"],"unlinked":["<span class=\"advgb-post-tax-term\">Musta<\/span>","<span class=\"advgb-post-tax-term\">Harmaa<\/span>","<span class=\"advgb-post-tax-term\">Valkoinen<\/span>","<span class=\"advgb-post-tax-term\">Ruskea<\/span>"],"slug":"pa_color","name":"Product Colour"},"pa_package":{"linked":["<a href=\"https:\/\/penosil.com\/fi\/?taxonomy=pa_package&#038;term=290-ml\" class=\"advgb-post-tax-term\">290 ml<\/a>"],"unlinked":["<span class=\"advgb-post-tax-term\">290 ml<\/span>"],"slug":"pa_package","name":"Product Package"},"translation_priority":{"linked":["<a href=\"https:\/\/penosil.com\/fi\/?taxonomy=translation_priority&#038;term=optional-fi\" class=\"advgb-post-tax-term\">Optional<\/a>"],"unlinked":["<span class=\"advgb-post-tax-term\">Optional<\/span>"],"slug":"translation_priority","name":"Translation Priorities"}},"series_order":"","_links":{"self":[{"href":"https:\/\/penosil.com\/fi\/wp-json\/wp\/v2\/product\/8172","targetHints":{"allow":["GET"]}}],"collection":[{"href":"https:\/\/penosil.com\/fi\/wp-json\/wp\/v2\/product"}],"about":[{"href":"https:\/\/penosil.com\/fi\/wp-json\/wp\/v2\/types\/product"}],"version-history":[{"count":4,"href":"https:\/\/penosil.com\/fi\/wp-json\/wp\/v2\/product\/8172\/revisions"}],"predecessor-version":[{"id":10042,"href":"https:\/\/penosil.com\/fi\/wp-json\/wp\/v2\/product\/8172\/revisions\/10042"}],"wp:featuredmedia":[{"embeddable":true,"href":"https:\/\/penosil.com\/fi\/wp-json\/wp\/v2\/media\/8452"}],"wp:attachment":[{"href":"https:\/\/penosil.com\/fi\/wp-json\/wp\/v2\/media?parent=8172"}],"wp:term":[{"taxonomy":"product_brand","embeddable":true,"href":"https:\/\/penosil.com\/fi\/wp-json\/wp\/v2\/product_brand?post=8172"},{"taxonomy":"product_cat","embeddable":true,"href":"https:\/\/penosil.com\/fi\/wp-json\/wp\/v2\/product_cat?post=8172"},{"taxonomy":"product_tag","embeddable":true,"href":"https:\/\/penosil.com\/fi\/wp-json\/wp\/v2\/product_tag?post=8172"}],"curies":[{"name":"wp","href":"https:\/\/api.w.org\/{rel}","templated":true}]}}