{"id":8588,"date":"2020-08-28T08:39:44","date_gmt":"2020-08-28T08:39:44","guid":{"rendered":"https:\/\/penosil.com\/fi\/?post_type=product&#038;p=8588"},"modified":"2025-04-09T09:57:07","modified_gmt":"2025-04-09T09:57:07","slug":"painters-silicone","status":"publish","type":"product","link":"https:\/\/penosil.com\/fi\/tuotteet\/painters-silicone\/","title":{"rendered":"Painters Silicone"},"content":{"rendered":"<p>Elastoplastinen valkoinen akryylisaumamassa liikuntasaumoissa olevien rakojen ja halkeamien t\u00e4ytt\u00f6\u00f6n.<\/p>\n","protected":false},"excerpt":{"rendered":"Elastoplastinen valkoinen akryylisaumamassa liikuntasaumoissa olevien rakojen ja halkeamien t\u00e4ytt\u00f6\u00f6n.","protected":false},"author":2,"featured_media":8593,"template":"","meta":{"_acf_changed":false,"advgb_blocks_editor_width":"","advgb_blocks_columns_visual_guide":"","footnotes":""},"product_brand":[],"product_cat":[1361,2279,1604,1618,2284],"product_tag":[],"class_list":{"0":"post-8588","1":"product","2":"type-product","3":"status-publish","4":"has-post-thumbnail","6":"product_cat-tuoteryhmat","7":"product_cat-easypro","8":"product_cat-tiivisteet","9":"product_cat-akryylit","10":"product_cat-pintakasittely-ja-taytto","12":"first","13":"instock","14":"taxable","15":"shipping-taxable","16":"purchasable","17":"product-type-variable"},"acf":[],"yoast_head":"<!-- This site is optimized with the Yoast SEO plugin v27.2 - https:\/\/yoast.com\/product\/yoast-seo-wordpress\/ -->\n<title>Elastoplastinen maalattava saumamassa PENOSIL Painters\u00b4 Silicone.<\/title>\n<meta name=\"description\" content=\"PENOSIL Painters\u00b4 Silicone on elastoplastinen valkoinen akryylisaumamassa liikuntasaumoissa olevien rakojen ja halkeamien t\u00e4ytt\u00f6\u00f6n.\" \/>\n<meta name=\"robots\" content=\"index, follow, max-snippet:-1, max-image-preview:large, max-video-preview:-1\" \/>\n<link rel=\"canonical\" href=\"https:\/\/penosil.com\/fi\/tuotteet\/painters-silicone\/\" \/>\n<meta property=\"og:locale\" content=\"fi_FI\" \/>\n<meta property=\"og:type\" content=\"article\" \/>\n<meta property=\"og:title\" content=\"Elastoplastinen maalattava saumamassa PENOSIL Painters\u00b4 Silicone.\" \/>\n<meta property=\"og:description\" content=\"PENOSIL Painters\u00b4 Silicone on elastoplastinen valkoinen akryylisaumamassa liikuntasaumoissa olevien rakojen ja halkeamien t\u00e4ytt\u00f6\u00f6n.\" \/>\n<meta property=\"og:url\" content=\"https:\/\/penosil.com\/fi\/tuotteet\/painters-silicone\/\" \/>\n<meta property=\"og:site_name\" content=\"Penosil Finland\" \/>\n<meta property=\"article:modified_time\" content=\"2025-04-09T09:57:07+00:00\" \/>\n<meta property=\"og:image\" content=\"https:\/\/penosil.com\/fi\/wp-content\/uploads\/sites\/5\/2020\/08\/PENOSIL_Painters_Silicone_290ml_FI_SE_spatula.jpg\" \/>\n\t<meta property=\"og:image:width\" content=\"767\" \/>\n\t<meta property=\"og:image:height\" content=\"2102\" \/>\n\t<meta property=\"og:image:type\" content=\"image\/jpeg\" \/>\n<meta name=\"twitter:card\" content=\"summary_large_image\" \/>\n<meta name=\"twitter:label1\" content=\"Arvioitu lukuaika\" \/>\n\t<meta name=\"twitter:data1\" content=\"2 minuuttia\" \/>\n<script type=\"application\/ld+json\" class=\"yoast-schema-graph\">{\"@context\":\"https:\/\/schema.org\",\"@graph\":[{\"@type\":\"WebPage\",\"@id\":\"https:\/\/penosil.com\/fi\/tuotteet\/painters-silicone\/\",\"url\":\"https:\/\/penosil.com\/fi\/tuotteet\/painters-silicone\/\",\"name\":\"Elastoplastinen maalattava saumamassa PENOSIL Painters\u00b4 Silicone.\",\"isPartOf\":{\"@id\":\"https:\/\/penosil.com\/fi\/#website\"},\"primaryImageOfPage\":{\"@id\":\"https:\/\/penosil.com\/fi\/tuotteet\/painters-silicone\/#primaryimage\"},\"image\":{\"@id\":\"https:\/\/penosil.com\/fi\/tuotteet\/painters-silicone\/#primaryimage\"},\"thumbnailUrl\":\"https:\/\/penosil.com\/fi\/wp-content\/uploads\/sites\/5\/2020\/08\/PENOSIL_Painters_Silicone_290ml_FI_SE_spatula.jpg\",\"datePublished\":\"2020-08-28T08:39:44+00:00\",\"dateModified\":\"2025-04-09T09:57:07+00:00\",\"description\":\"PENOSIL Painters\u00b4 Silicone on elastoplastinen valkoinen akryylisaumamassa liikuntasaumoissa olevien rakojen ja halkeamien t\u00e4ytt\u00f6\u00f6n.\",\"breadcrumb\":{\"@id\":\"https:\/\/penosil.com\/fi\/tuotteet\/painters-silicone\/#breadcrumb\"},\"inLanguage\":\"fi\",\"potentialAction\":[{\"@type\":\"ReadAction\",\"target\":[\"https:\/\/penosil.com\/fi\/tuotteet\/painters-silicone\/\"]}]},{\"@type\":\"ImageObject\",\"inLanguage\":\"fi\",\"@id\":\"https:\/\/penosil.com\/fi\/tuotteet\/painters-silicone\/#primaryimage\",\"url\":\"https:\/\/penosil.com\/fi\/wp-content\/uploads\/sites\/5\/2020\/08\/PENOSIL_Painters_Silicone_290ml_FI_SE_spatula.jpg\",\"contentUrl\":\"https:\/\/penosil.com\/fi\/wp-content\/uploads\/sites\/5\/2020\/08\/PENOSIL_Painters_Silicone_290ml_FI_SE_spatula.jpg\",\"width\":767,\"height\":2102,\"caption\":\"PENOSIL Painters\u00b4 Silicone liikuntasaumoissa olevien rakojen t\u00e4ytt\u00e4miseen\"},{\"@type\":\"BreadcrumbList\",\"@id\":\"https:\/\/penosil.com\/fi\/tuotteet\/painters-silicone\/#breadcrumb\",\"itemListElement\":[{\"@type\":\"ListItem\",\"position\":1,\"name\":\"Home\",\"item\":\"https:\/\/penosil.com\/fi\/\"},{\"@type\":\"ListItem\",\"position\":2,\"name\":\"Tuotteet\",\"item\":\"https:\/\/penosil.com\/fi\/tuotteet\/\"},{\"@type\":\"ListItem\",\"position\":3,\"name\":\"Painters Silicone\"}]},{\"@type\":\"WebSite\",\"@id\":\"https:\/\/penosil.com\/fi\/#website\",\"url\":\"https:\/\/penosil.com\/fi\/\",\"name\":\"Penosil Finland\",\"description\":\"\",\"potentialAction\":[{\"@type\":\"SearchAction\",\"target\":{\"@type\":\"EntryPoint\",\"urlTemplate\":\"https:\/\/penosil.com\/fi\/?s={search_term_string}\"},\"query-input\":{\"@type\":\"PropertyValueSpecification\",\"valueRequired\":true,\"valueName\":\"search_term_string\"}}],\"inLanguage\":\"fi\"}]}<\/script>\n<!-- \/ Yoast SEO plugin. -->","yoast_head_json":{"title":"Elastoplastinen maalattava saumamassa PENOSIL Painters\u00b4 Silicone.","description":"PENOSIL Painters\u00b4 Silicone on elastoplastinen valkoinen akryylisaumamassa liikuntasaumoissa olevien rakojen ja halkeamien t\u00e4ytt\u00f6\u00f6n.","robots":{"index":"index","follow":"follow","max-snippet":"max-snippet:-1","max-image-preview":"max-image-preview:large","max-video-preview":"max-video-preview:-1"},"canonical":"https:\/\/penosil.com\/fi\/tuotteet\/painters-silicone\/","og_locale":"fi_FI","og_type":"article","og_title":"Elastoplastinen maalattava saumamassa PENOSIL Painters\u00b4 Silicone.","og_description":"PENOSIL Painters\u00b4 Silicone on elastoplastinen valkoinen akryylisaumamassa liikuntasaumoissa olevien rakojen ja halkeamien t\u00e4ytt\u00f6\u00f6n.","og_url":"https:\/\/penosil.com\/fi\/tuotteet\/painters-silicone\/","og_site_name":"Penosil Finland","article_modified_time":"2025-04-09T09:57:07+00:00","og_image":[{"width":767,"height":2102,"url":"https:\/\/penosil.com\/fi\/wp-content\/uploads\/sites\/5\/2020\/08\/PENOSIL_Painters_Silicone_290ml_FI_SE_spatula.jpg","type":"image\/jpeg"}],"twitter_card":"summary_large_image","twitter_misc":{"Arvioitu lukuaika":"2 minuuttia"},"schema":{"@context":"https:\/\/schema.org","@graph":[{"@type":"WebPage","@id":"https:\/\/penosil.com\/fi\/tuotteet\/painters-silicone\/","url":"https:\/\/penosil.com\/fi\/tuotteet\/painters-silicone\/","name":"Elastoplastinen maalattava saumamassa PENOSIL Painters\u00b4 Silicone.","isPartOf":{"@id":"https:\/\/penosil.com\/fi\/#website"},"primaryImageOfPage":{"@id":"https:\/\/penosil.com\/fi\/tuotteet\/painters-silicone\/#primaryimage"},"image":{"@id":"https:\/\/penosil.com\/fi\/tuotteet\/painters-silicone\/#primaryimage"},"thumbnailUrl":"https:\/\/penosil.com\/fi\/wp-content\/uploads\/sites\/5\/2020\/08\/PENOSIL_Painters_Silicone_290ml_FI_SE_spatula.jpg","datePublished":"2020-08-28T08:39:44+00:00","dateModified":"2025-04-09T09:57:07+00:00","description":"PENOSIL Painters\u00b4 Silicone on elastoplastinen valkoinen akryylisaumamassa liikuntasaumoissa olevien rakojen ja halkeamien t\u00e4ytt\u00f6\u00f6n.","breadcrumb":{"@id":"https:\/\/penosil.com\/fi\/tuotteet\/painters-silicone\/#breadcrumb"},"inLanguage":"fi","potentialAction":[{"@type":"ReadAction","target":["https:\/\/penosil.com\/fi\/tuotteet\/painters-silicone\/"]}]},{"@type":"ImageObject","inLanguage":"fi","@id":"https:\/\/penosil.com\/fi\/tuotteet\/painters-silicone\/#primaryimage","url":"https:\/\/penosil.com\/fi\/wp-content\/uploads\/sites\/5\/2020\/08\/PENOSIL_Painters_Silicone_290ml_FI_SE_spatula.jpg","contentUrl":"https:\/\/penosil.com\/fi\/wp-content\/uploads\/sites\/5\/2020\/08\/PENOSIL_Painters_Silicone_290ml_FI_SE_spatula.jpg","width":767,"height":2102,"caption":"PENOSIL Painters\u00b4 Silicone liikuntasaumoissa olevien rakojen t\u00e4ytt\u00e4miseen"},{"@type":"BreadcrumbList","@id":"https:\/\/penosil.com\/fi\/tuotteet\/painters-silicone\/#breadcrumb","itemListElement":[{"@type":"ListItem","position":1,"name":"Home","item":"https:\/\/penosil.com\/fi\/"},{"@type":"ListItem","position":2,"name":"Tuotteet","item":"https:\/\/penosil.com\/fi\/tuotteet\/"},{"@type":"ListItem","position":3,"name":"Painters Silicone"}]},{"@type":"WebSite","@id":"https:\/\/penosil.com\/fi\/#website","url":"https:\/\/penosil.com\/fi\/","name":"Penosil Finland","description":"","potentialAction":[{"@type":"SearchAction","target":{"@type":"EntryPoint","urlTemplate":"https:\/\/penosil.com\/fi\/?s={search_term_string}"},"query-input":{"@type":"PropertyValueSpecification","valueRequired":true,"valueName":"search_term_string"}}],"inLanguage":"fi"}]}},"featured_img":"https:\/\/penosil.com\/fi\/wp-content\/uploads\/sites\/5\/2020\/08\/PENOSIL_Painters_Silicone_290ml_FI_SE_spatula.jpg","coauthors":[],"author_meta":{"author_link":"https:\/\/penosil.com\/fi\/author\/katlin\/","display_name":"Katlin"},"relative_dates":{"created":"Posted 6 vuotta ago","modified":"Updated 1 vuosi ago"},"absolute_dates":{"created":"Posted on 28.8.2020","modified":"Updated on 9.4.2025"},"absolute_dates_time":{"created":"Posted on 28.8.2020 8:39","modified":"Updated on 9.4.2025 9:57"},"featured_img_caption":"","tax_additional":{"product_brand":{"linked":[],"unlinked":[],"slug":"product_brand","name":"Br\u00e4ndit"},"product_type":{"linked":["<a href=\"https:\/\/penosil.com\/fi\/?taxonomy=product_type&#038;term=variable\" class=\"advgb-post-tax-term\">variable<\/a>"],"unlinked":["<span class=\"advgb-post-tax-term\">variable<\/span>"],"slug":"product_type","name":"Tuotetyyppi"},"product_visibility":{"linked":[],"unlinked":[],"slug":"product_visibility","name":"Tuotteen n\u00e4kyvyys"},"product_cat":{"linked":["<a href=\"https:\/\/penosil.com\/fi\/tuote-osasto\/tuoteryhmat\/\" class=\"advgb-post-tax-term\">Tuoteryhm\u00e4t<\/a>","<a href=\"https:\/\/penosil.com\/fi\/tuote-osasto\/easypro\/\" class=\"advgb-post-tax-term\">EasyPRO<\/a>","<a href=\"https:\/\/penosil.com\/fi\/tuote-osasto\/tuoteryhmat\/tiivisteet\/\" class=\"advgb-post-tax-term\">Tiivisteet<\/a>","<a href=\"https:\/\/penosil.com\/fi\/tuote-osasto\/tuoteryhmat\/tiivisteet\/akryylit\/\" class=\"advgb-post-tax-term\">Akryylit<\/a>","<a href=\"https:\/\/penosil.com\/fi\/tuote-osasto\/easypro\/pintakasittely-ja-taytto\/\" class=\"advgb-post-tax-term\">Pintak\u00e4sittely ja t\u00e4ytt\u00f6<\/a>"],"unlinked":["<span class=\"advgb-post-tax-term\">Tuoteryhm\u00e4t<\/span>","<span class=\"advgb-post-tax-term\">EasyPRO<\/span>","<span class=\"advgb-post-tax-term\">Tiivisteet<\/span>","<span class=\"advgb-post-tax-term\">Akryylit<\/span>","<span class=\"advgb-post-tax-term\">Pintak\u00e4sittely ja t\u00e4ytt\u00f6<\/span>"],"slug":"product_cat","name":"Osastot"},"product_tag":{"linked":[],"unlinked":[],"slug":"product_tag","name":"Avainsanat tuotteelle"},"product_shipping_class":{"linked":[],"unlinked":[],"slug":"product_shipping_class","name":"Tuotteen toimitusluokat"},"pos_product_visibility":{"linked":[],"unlinked":[],"slug":"pos_product_visibility","name":"POS Product visibility"},"pa_color":{"linked":["<a href=\"https:\/\/penosil.com\/fi\/?taxonomy=pa_color&#038;term=valkoinen\" class=\"advgb-post-tax-term\">Valkoinen<\/a>"],"unlinked":["<span class=\"advgb-post-tax-term\">Valkoinen<\/span>"],"slug":"pa_color","name":"Product Colour"},"pa_package":{"linked":["<a href=\"https:\/\/penosil.com\/fi\/?taxonomy=pa_package&#038;term=600-ml\" class=\"advgb-post-tax-term\">600 ml<\/a>","<a href=\"https:\/\/penosil.com\/fi\/?taxonomy=pa_package&#038;term=310-ml\" class=\"advgb-post-tax-term\">310 ml<\/a>"],"unlinked":["<span class=\"advgb-post-tax-term\">600 ml<\/span>","<span class=\"advgb-post-tax-term\">310 ml<\/span>"],"slug":"pa_package","name":"Product Package"},"translation_priority":{"linked":["<a href=\"https:\/\/penosil.com\/fi\/?taxonomy=translation_priority&#038;term=optional-fi\" class=\"advgb-post-tax-term\">Optional<\/a>"],"unlinked":["<span class=\"advgb-post-tax-term\">Optional<\/span>"],"slug":"translation_priority","name":"Translation Priorities"}},"series_order":"","_links":{"self":[{"href":"https:\/\/penosil.com\/fi\/wp-json\/wp\/v2\/product\/8588","targetHints":{"allow":["GET"]}}],"collection":[{"href":"https:\/\/penosil.com\/fi\/wp-json\/wp\/v2\/product"}],"about":[{"href":"https:\/\/penosil.com\/fi\/wp-json\/wp\/v2\/types\/product"}],"version-history":[{"count":1,"href":"https:\/\/penosil.com\/fi\/wp-json\/wp\/v2\/product\/8588\/revisions"}],"predecessor-version":[{"id":10043,"href":"https:\/\/penosil.com\/fi\/wp-json\/wp\/v2\/product\/8588\/revisions\/10043"}],"wp:featuredmedia":[{"embeddable":true,"href":"https:\/\/penosil.com\/fi\/wp-json\/wp\/v2\/media\/8593"}],"wp:attachment":[{"href":"https:\/\/penosil.com\/fi\/wp-json\/wp\/v2\/media?parent=8588"}],"wp:term":[{"taxonomy":"product_brand","embeddable":true,"href":"https:\/\/penosil.com\/fi\/wp-json\/wp\/v2\/product_brand?post=8588"},{"taxonomy":"product_cat","embeddable":true,"href":"https:\/\/penosil.com\/fi\/wp-json\/wp\/v2\/product_cat?post=8588"},{"taxonomy":"product_tag","embeddable":true,"href":"https:\/\/penosil.com\/fi\/wp-json\/wp\/v2\/product_tag?post=8588"}],"curies":[{"name":"wp","href":"https:\/\/api.w.org\/{rel}","templated":true}]}}