{"id":9282,"date":"2024-05-10T08:48:25","date_gmt":"2024-05-10T08:48:25","guid":{"rendered":"https:\/\/penosil.com\/fi\/?post_type=product&#038;p=9282"},"modified":"2026-01-08T01:16:54","modified_gmt":"2026-01-08T01:16:54","slug":"filling-gunfoam-137-kaikkien-vuodenaikojen-tayttava-ja-eristava-pistoolivaahto","status":"publish","type":"product","link":"https:\/\/penosil.com\/fi\/tuotteet\/filling-gunfoam-137-kaikkien-vuodenaikojen-tayttava-ja-eristava-pistoolivaahto\/","title":{"rendered":"Filling Gunfoam 137 kaikkien vuodenaikojen t\u00e4ytt\u00e4v\u00e4 ja erist\u00e4v\u00e4 pistoolivaahto"},"content":{"rendered":"<p>Yksikomponenttinen polyuretaanipistoolivaahto halkeamien, liitosten, reikien ja l\u00e4pivientien t\u00e4ytt\u00e4miseen ja tiivist\u00e4miseen ennen maalausta ja rappausta. Tarttuu hyvin yleisimpiin rakennusmateriaaleihin, kuten puuhun, betoniin, kiveen, kipsiin, metalliin, PVC: hen ja polystyreeniin.<\/p>\n","protected":false},"excerpt":{"rendered":"kaikkien vuodenaikojen t\u00e4ytt\u00e4v\u00e4 ja erist\u00e4v\u00e4 pistoolivaahto","protected":false},"author":6,"featured_media":10203,"template":"","meta":{"_acf_changed":false,"advgb_blocks_editor_width":"","advgb_blocks_columns_visual_guide":"","footnotes":""},"product_brand":[],"product_cat":[578],"product_tag":[],"class_list":{"0":"post-9282","1":"product","2":"type-product","3":"status-publish","4":"has-post-thumbnail","6":"product_cat-viimeistely","8":"first","9":"instock","10":"taxable","11":"shipping-taxable","12":"purchasable","13":"product-type-simple"},"acf":[],"yoast_head":"<!-- This site is optimized with the Yoast SEO plugin v27.2 - https:\/\/yoast.com\/product\/yoast-seo-wordpress\/ -->\n<title>PENOSIL Filling Gunfoam 137 kaikkien vuodenaikojen t\u00e4ytt\u00f6- ja eristyspistoolivaahto liitoksille ja l\u00e4pivienneille<\/title>\n<meta name=\"description\" content=\"PENOSIL Filling Gunfoam 137 on kaikkien vuodenaikojen t\u00e4ytt\u00f6vaahto rakojen, halkeamien, liitosten, ilmanvaihdon ja kaapelien l\u00e4pivientien tiivist\u00e4miseen ennen rappausta ja maalausta. Lue lis\u00e4\u00e4!\" \/>\n<meta name=\"robots\" content=\"index, follow, max-snippet:-1, max-image-preview:large, max-video-preview:-1\" \/>\n<link rel=\"canonical\" href=\"https:\/\/penosil.com\/fi\/tuotteet\/filling-gunfoam-137-kaikkien-vuodenaikojen-tayttava-ja-eristava-pistoolivaahto\/\" \/>\n<meta property=\"og:locale\" content=\"fi_FI\" \/>\n<meta property=\"og:type\" content=\"article\" \/>\n<meta property=\"og:title\" content=\"PENOSIL Filling Gunfoam 137 kaikkien vuodenaikojen t\u00e4ytt\u00f6- ja eristyspistoolivaahto liitoksille ja l\u00e4pivienneille\" \/>\n<meta property=\"og:description\" content=\"PENOSIL Filling Gunfoam 137 on kaikkien vuodenaikojen t\u00e4ytt\u00f6vaahto rakojen, halkeamien, liitosten, ilmanvaihdon ja kaapelien l\u00e4pivientien tiivist\u00e4miseen ennen rappausta ja maalausta. Lue lis\u00e4\u00e4!\" \/>\n<meta property=\"og:url\" content=\"https:\/\/penosil.com\/fi\/tuotteet\/filling-gunfoam-137-kaikkien-vuodenaikojen-tayttava-ja-eristava-pistoolivaahto\/\" \/>\n<meta property=\"og:site_name\" content=\"Penosil Finland\" \/>\n<meta property=\"article:modified_time\" content=\"2026-01-08T01:16:54+00:00\" \/>\n<meta property=\"og:image\" content=\"https:\/\/penosil.com\/fi\/wp-content\/uploads\/sites\/5\/2025\/09\/137_Filling_Gunfoam_137_EE_FI_1.png\" \/>\n\t<meta property=\"og:image:width\" content=\"523\" \/>\n\t<meta property=\"og:image:height\" content=\"1080\" \/>\n\t<meta property=\"og:image:type\" content=\"image\/png\" \/>\n<meta name=\"twitter:card\" content=\"summary_large_image\" \/>\n<meta name=\"twitter:label1\" content=\"Arvioitu lukuaika\" \/>\n\t<meta name=\"twitter:data1\" content=\"4 minuuttia\" \/>\n<script type=\"application\/ld+json\" class=\"yoast-schema-graph\">{\"@context\":\"https:\/\/schema.org\",\"@graph\":[{\"@type\":\"WebPage\",\"@id\":\"https:\/\/penosil.com\/fi\/tuotteet\/filling-gunfoam-137-kaikkien-vuodenaikojen-tayttava-ja-eristava-pistoolivaahto\/\",\"url\":\"https:\/\/penosil.com\/fi\/tuotteet\/filling-gunfoam-137-kaikkien-vuodenaikojen-tayttava-ja-eristava-pistoolivaahto\/\",\"name\":\"PENOSIL Filling Gunfoam 137 kaikkien vuodenaikojen t\u00e4ytt\u00f6- ja eristyspistoolivaahto liitoksille ja l\u00e4pivienneille\",\"isPartOf\":{\"@id\":\"https:\/\/penosil.com\/fi\/#website\"},\"primaryImageOfPage\":{\"@id\":\"https:\/\/penosil.com\/fi\/tuotteet\/filling-gunfoam-137-kaikkien-vuodenaikojen-tayttava-ja-eristava-pistoolivaahto\/#primaryimage\"},\"image\":{\"@id\":\"https:\/\/penosil.com\/fi\/tuotteet\/filling-gunfoam-137-kaikkien-vuodenaikojen-tayttava-ja-eristava-pistoolivaahto\/#primaryimage\"},\"thumbnailUrl\":\"https:\/\/penosil.com\/fi\/wp-content\/uploads\/sites\/5\/2025\/09\/137_Filling_Gunfoam_137_EE_FI_1.png\",\"datePublished\":\"2024-05-10T08:48:25+00:00\",\"dateModified\":\"2026-01-08T01:16:54+00:00\",\"description\":\"PENOSIL Filling Gunfoam 137 on kaikkien vuodenaikojen t\u00e4ytt\u00f6vaahto rakojen, halkeamien, liitosten, ilmanvaihdon ja kaapelien l\u00e4pivientien tiivist\u00e4miseen ennen rappausta ja maalausta. Lue lis\u00e4\u00e4!\",\"breadcrumb\":{\"@id\":\"https:\/\/penosil.com\/fi\/tuotteet\/filling-gunfoam-137-kaikkien-vuodenaikojen-tayttava-ja-eristava-pistoolivaahto\/#breadcrumb\"},\"inLanguage\":\"fi\",\"potentialAction\":[{\"@type\":\"ReadAction\",\"target\":[\"https:\/\/penosil.com\/fi\/tuotteet\/filling-gunfoam-137-kaikkien-vuodenaikojen-tayttava-ja-eristava-pistoolivaahto\/\"]}]},{\"@type\":\"ImageObject\",\"inLanguage\":\"fi\",\"@id\":\"https:\/\/penosil.com\/fi\/tuotteet\/filling-gunfoam-137-kaikkien-vuodenaikojen-tayttava-ja-eristava-pistoolivaahto\/#primaryimage\",\"url\":\"https:\/\/penosil.com\/fi\/wp-content\/uploads\/sites\/5\/2025\/09\/137_Filling_Gunfoam_137_EE_FI_1.png\",\"contentUrl\":\"https:\/\/penosil.com\/fi\/wp-content\/uploads\/sites\/5\/2025\/09\/137_Filling_Gunfoam_137_EE_FI_1.png\",\"width\":523,\"height\":1080,\"caption\":\"PENOSIL Filling Gunfoam 137 - kaikkien vuodenaikojen t\u00e4ytt\u00e4v\u00e4 ja erist\u00e4v\u00e4 pistoolivaahto\"},{\"@type\":\"BreadcrumbList\",\"@id\":\"https:\/\/penosil.com\/fi\/tuotteet\/filling-gunfoam-137-kaikkien-vuodenaikojen-tayttava-ja-eristava-pistoolivaahto\/#breadcrumb\",\"itemListElement\":[{\"@type\":\"ListItem\",\"position\":1,\"name\":\"Home\",\"item\":\"https:\/\/penosil.com\/fi\/\"},{\"@type\":\"ListItem\",\"position\":2,\"name\":\"Tuotteet\",\"item\":\"https:\/\/penosil.com\/fi\/tuotteet\/\"},{\"@type\":\"ListItem\",\"position\":3,\"name\":\"Filling Gunfoam 137 kaikkien vuodenaikojen t\u00e4ytt\u00e4v\u00e4 ja erist\u00e4v\u00e4 pistoolivaahto\"}]},{\"@type\":\"WebSite\",\"@id\":\"https:\/\/penosil.com\/fi\/#website\",\"url\":\"https:\/\/penosil.com\/fi\/\",\"name\":\"Penosil Finland\",\"description\":\"\",\"potentialAction\":[{\"@type\":\"SearchAction\",\"target\":{\"@type\":\"EntryPoint\",\"urlTemplate\":\"https:\/\/penosil.com\/fi\/?s={search_term_string}\"},\"query-input\":{\"@type\":\"PropertyValueSpecification\",\"valueRequired\":true,\"valueName\":\"search_term_string\"}}],\"inLanguage\":\"fi\"}]}<\/script>\n<!-- \/ Yoast SEO plugin. -->","yoast_head_json":{"title":"PENOSIL Filling Gunfoam 137 kaikkien vuodenaikojen t\u00e4ytt\u00f6- ja eristyspistoolivaahto liitoksille ja l\u00e4pivienneille","description":"PENOSIL Filling Gunfoam 137 on kaikkien vuodenaikojen t\u00e4ytt\u00f6vaahto rakojen, halkeamien, liitosten, ilmanvaihdon ja kaapelien l\u00e4pivientien tiivist\u00e4miseen ennen rappausta ja maalausta. Lue lis\u00e4\u00e4!","robots":{"index":"index","follow":"follow","max-snippet":"max-snippet:-1","max-image-preview":"max-image-preview:large","max-video-preview":"max-video-preview:-1"},"canonical":"https:\/\/penosil.com\/fi\/tuotteet\/filling-gunfoam-137-kaikkien-vuodenaikojen-tayttava-ja-eristava-pistoolivaahto\/","og_locale":"fi_FI","og_type":"article","og_title":"PENOSIL Filling Gunfoam 137 kaikkien vuodenaikojen t\u00e4ytt\u00f6- ja eristyspistoolivaahto liitoksille ja l\u00e4pivienneille","og_description":"PENOSIL Filling Gunfoam 137 on kaikkien vuodenaikojen t\u00e4ytt\u00f6vaahto rakojen, halkeamien, liitosten, ilmanvaihdon ja kaapelien l\u00e4pivientien tiivist\u00e4miseen ennen rappausta ja maalausta. Lue lis\u00e4\u00e4!","og_url":"https:\/\/penosil.com\/fi\/tuotteet\/filling-gunfoam-137-kaikkien-vuodenaikojen-tayttava-ja-eristava-pistoolivaahto\/","og_site_name":"Penosil Finland","article_modified_time":"2026-01-08T01:16:54+00:00","og_image":[{"width":523,"height":1080,"url":"https:\/\/penosil.com\/fi\/wp-content\/uploads\/sites\/5\/2025\/09\/137_Filling_Gunfoam_137_EE_FI_1.png","type":"image\/png"}],"twitter_card":"summary_large_image","twitter_misc":{"Arvioitu lukuaika":"4 minuuttia"},"schema":{"@context":"https:\/\/schema.org","@graph":[{"@type":"WebPage","@id":"https:\/\/penosil.com\/fi\/tuotteet\/filling-gunfoam-137-kaikkien-vuodenaikojen-tayttava-ja-eristava-pistoolivaahto\/","url":"https:\/\/penosil.com\/fi\/tuotteet\/filling-gunfoam-137-kaikkien-vuodenaikojen-tayttava-ja-eristava-pistoolivaahto\/","name":"PENOSIL Filling Gunfoam 137 kaikkien vuodenaikojen t\u00e4ytt\u00f6- ja eristyspistoolivaahto liitoksille ja l\u00e4pivienneille","isPartOf":{"@id":"https:\/\/penosil.com\/fi\/#website"},"primaryImageOfPage":{"@id":"https:\/\/penosil.com\/fi\/tuotteet\/filling-gunfoam-137-kaikkien-vuodenaikojen-tayttava-ja-eristava-pistoolivaahto\/#primaryimage"},"image":{"@id":"https:\/\/penosil.com\/fi\/tuotteet\/filling-gunfoam-137-kaikkien-vuodenaikojen-tayttava-ja-eristava-pistoolivaahto\/#primaryimage"},"thumbnailUrl":"https:\/\/penosil.com\/fi\/wp-content\/uploads\/sites\/5\/2025\/09\/137_Filling_Gunfoam_137_EE_FI_1.png","datePublished":"2024-05-10T08:48:25+00:00","dateModified":"2026-01-08T01:16:54+00:00","description":"PENOSIL Filling Gunfoam 137 on kaikkien vuodenaikojen t\u00e4ytt\u00f6vaahto rakojen, halkeamien, liitosten, ilmanvaihdon ja kaapelien l\u00e4pivientien tiivist\u00e4miseen ennen rappausta ja maalausta. Lue lis\u00e4\u00e4!","breadcrumb":{"@id":"https:\/\/penosil.com\/fi\/tuotteet\/filling-gunfoam-137-kaikkien-vuodenaikojen-tayttava-ja-eristava-pistoolivaahto\/#breadcrumb"},"inLanguage":"fi","potentialAction":[{"@type":"ReadAction","target":["https:\/\/penosil.com\/fi\/tuotteet\/filling-gunfoam-137-kaikkien-vuodenaikojen-tayttava-ja-eristava-pistoolivaahto\/"]}]},{"@type":"ImageObject","inLanguage":"fi","@id":"https:\/\/penosil.com\/fi\/tuotteet\/filling-gunfoam-137-kaikkien-vuodenaikojen-tayttava-ja-eristava-pistoolivaahto\/#primaryimage","url":"https:\/\/penosil.com\/fi\/wp-content\/uploads\/sites\/5\/2025\/09\/137_Filling_Gunfoam_137_EE_FI_1.png","contentUrl":"https:\/\/penosil.com\/fi\/wp-content\/uploads\/sites\/5\/2025\/09\/137_Filling_Gunfoam_137_EE_FI_1.png","width":523,"height":1080,"caption":"PENOSIL Filling Gunfoam 137 - kaikkien vuodenaikojen t\u00e4ytt\u00e4v\u00e4 ja erist\u00e4v\u00e4 pistoolivaahto"},{"@type":"BreadcrumbList","@id":"https:\/\/penosil.com\/fi\/tuotteet\/filling-gunfoam-137-kaikkien-vuodenaikojen-tayttava-ja-eristava-pistoolivaahto\/#breadcrumb","itemListElement":[{"@type":"ListItem","position":1,"name":"Home","item":"https:\/\/penosil.com\/fi\/"},{"@type":"ListItem","position":2,"name":"Tuotteet","item":"https:\/\/penosil.com\/fi\/tuotteet\/"},{"@type":"ListItem","position":3,"name":"Filling Gunfoam 137 kaikkien vuodenaikojen t\u00e4ytt\u00e4v\u00e4 ja erist\u00e4v\u00e4 pistoolivaahto"}]},{"@type":"WebSite","@id":"https:\/\/penosil.com\/fi\/#website","url":"https:\/\/penosil.com\/fi\/","name":"Penosil Finland","description":"","potentialAction":[{"@type":"SearchAction","target":{"@type":"EntryPoint","urlTemplate":"https:\/\/penosil.com\/fi\/?s={search_term_string}"},"query-input":{"@type":"PropertyValueSpecification","valueRequired":true,"valueName":"search_term_string"}}],"inLanguage":"fi"}]}},"featured_img":"https:\/\/penosil.com\/fi\/wp-content\/uploads\/sites\/5\/2025\/09\/137_Filling_Gunfoam_137_EE_FI_1.png","coauthors":[],"author_meta":{"author_link":"https:\/\/penosil.com\/fi\/author\/anne\/","display_name":"Anne Lulla"},"relative_dates":{"created":"Posted 2 vuotta ago","modified":"Updated 3 kuukautta ago"},"absolute_dates":{"created":"Posted on 10.5.2024","modified":"Updated on 8.1.2026"},"absolute_dates_time":{"created":"Posted on 10.5.2024 8:48","modified":"Updated on 8.1.2026 1:16"},"featured_img_caption":"","tax_additional":{"product_brand":{"linked":[],"unlinked":[],"slug":"product_brand","name":"Br\u00e4ndit"},"product_type":{"linked":["<a href=\"https:\/\/penosil.com\/fi\/?taxonomy=product_type&#038;term=simple\" class=\"advgb-post-tax-term\">simple<\/a>"],"unlinked":["<span class=\"advgb-post-tax-term\">simple<\/span>"],"slug":"product_type","name":"Tuotetyyppi"},"product_visibility":{"linked":[],"unlinked":[],"slug":"product_visibility","name":"Tuotteen n\u00e4kyvyys"},"product_cat":{"linked":["<a href=\"https:\/\/penosil.com\/fi\/tuote-osasto\/kayttokohteet\/viimeistely\/\" class=\"advgb-post-tax-term\">Viimeistely<\/a>"],"unlinked":["<span class=\"advgb-post-tax-term\">Viimeistely<\/span>"],"slug":"product_cat","name":"Osastot"},"product_tag":{"linked":[],"unlinked":[],"slug":"product_tag","name":"Avainsanat tuotteelle"},"product_shipping_class":{"linked":[],"unlinked":[],"slug":"product_shipping_class","name":"Tuotteen toimitusluokat"},"pos_product_visibility":{"linked":[],"unlinked":[],"slug":"pos_product_visibility","name":"POS Product visibility"},"pa_color":{"linked":["<a href=\"https:\/\/penosil.com\/fi\/?taxonomy=pa_color&#038;term=vaaleankeltainen\" class=\"advgb-post-tax-term\">Vaaleankeltainen<\/a>"],"unlinked":["<span class=\"advgb-post-tax-term\">Vaaleankeltainen<\/span>"],"slug":"pa_color","name":"Product Colour"},"pa_package":{"linked":[],"unlinked":[],"slug":"pa_package","name":"Product Package"},"translation_priority":{"linked":["<a href=\"https:\/\/penosil.com\/fi\/?taxonomy=translation_priority&#038;term=optional-fi\" class=\"advgb-post-tax-term\">Optional<\/a>"],"unlinked":["<span class=\"advgb-post-tax-term\">Optional<\/span>"],"slug":"translation_priority","name":"Translation Priorities"}},"series_order":"","_links":{"self":[{"href":"https:\/\/penosil.com\/fi\/wp-json\/wp\/v2\/product\/9282","targetHints":{"allow":["GET"]}}],"collection":[{"href":"https:\/\/penosil.com\/fi\/wp-json\/wp\/v2\/product"}],"about":[{"href":"https:\/\/penosil.com\/fi\/wp-json\/wp\/v2\/types\/product"}],"version-history":[{"count":2,"href":"https:\/\/penosil.com\/fi\/wp-json\/wp\/v2\/product\/9282\/revisions"}],"predecessor-version":[{"id":10202,"href":"https:\/\/penosil.com\/fi\/wp-json\/wp\/v2\/product\/9282\/revisions\/10202"}],"wp:featuredmedia":[{"embeddable":true,"href":"https:\/\/penosil.com\/fi\/wp-json\/wp\/v2\/media\/10203"}],"wp:attachment":[{"href":"https:\/\/penosil.com\/fi\/wp-json\/wp\/v2\/media?parent=9282"}],"wp:term":[{"taxonomy":"product_brand","embeddable":true,"href":"https:\/\/penosil.com\/fi\/wp-json\/wp\/v2\/product_brand?post=9282"},{"taxonomy":"product_cat","embeddable":true,"href":"https:\/\/penosil.com\/fi\/wp-json\/wp\/v2\/product_cat?post=9282"},{"taxonomy":"product_tag","embeddable":true,"href":"https:\/\/penosil.com\/fi\/wp-json\/wp\/v2\/product_tag?post=9282"}],"curies":[{"name":"wp","href":"https:\/\/api.w.org\/{rel}","templated":true}]}}