{"id":9285,"date":"2024-05-10T09:19:59","date_gmt":"2024-05-10T09:19:59","guid":{"rendered":"https:\/\/penosil.com\/fi\/?post_type=product&#038;p=9285"},"modified":"2025-04-09T09:41:42","modified_gmt":"2025-04-09T09:41:42","slug":"eco-filling-foam-210-kestava-pillivaahto","status":"publish","type":"product","link":"https:\/\/penosil.com\/fi\/tuotteet\/eco-filling-foam-210-kestava-pillivaahto\/","title":{"rendered":"ECO Filling Foam 210"},"content":{"rendered":"<p>Yleisk\u00e4ytt\u00f6inen pillivaahto t\u00e4ytt\u00f6- ja tiivistyst\u00f6ihin, joka perustuu kierr\u00e4tettyihin ja biopohjaisiin materiaaleihin. Varmistaa ilmatiiviin ja \u00e4\u00e4nieristetyn tiivistyksen.<\/p>\n","protected":false},"excerpt":{"rendered":"Yleisk\u00e4ytt\u00f6inen pillivaahto t\u00e4ytt\u00f6- ja tiivistyst\u00f6ihin, joka perustuu kierr\u00e4tettyihin ja biopohjaisiin materiaaleihin. Varmistaa ilmatiiviin ja \u00e4\u00e4nieristetyn tiivistyksen.","protected":false},"author":6,"featured_media":9290,"template":"","meta":{"_acf_changed":false,"advgb_blocks_editor_width":"","advgb_blocks_columns_visual_guide":"","footnotes":""},"product_brand":[],"product_cat":[334,1361,1491,1560,2292],"product_tag":[],"class_list":{"0":"post-9285","1":"product","2":"type-product","3":"status-publish","4":"has-post-thumbnail","6":"product_cat-kayttokohteet","7":"product_cat-tuoteryhmat","8":"product_cat-rakennusvaahdot","9":"product_cat-pillivaahdot","10":"product_cat-kestava-rakentaminen","12":"first","13":"instock","14":"taxable","15":"shipping-taxable","16":"purchasable","17":"product-type-simple"},"acf":[],"yoast_head":"<!-- This site is optimized with the Yoast SEO plugin v27.2 - https:\/\/yoast.com\/product\/yoast-seo-wordpress\/ -->\n<title>PENOSIL ECO Filling Foam 210 kest\u00e4v\u00e4 pillivaahto<\/title>\n<meta name=\"description\" content=\"PENOSIL ECO Filling Foam 210 on kest\u00e4v\u00e4 pillivaahto erilaisiin t\u00e4ytt\u00f6- ja tiivistyst\u00f6ihin. Perustuu kest\u00e4viin raaka-aineisiin. Lue lis\u00e4\u00e4 t\u00e4\u00e4lt\u00e4!\" \/>\n<meta name=\"robots\" content=\"index, follow, max-snippet:-1, max-image-preview:large, max-video-preview:-1\" \/>\n<link rel=\"canonical\" href=\"https:\/\/penosil.com\/fi\/tuotteet\/eco-filling-foam-210-kestava-pillivaahto\/\" \/>\n<meta property=\"og:locale\" content=\"fi_FI\" \/>\n<meta property=\"og:type\" content=\"article\" \/>\n<meta property=\"og:title\" content=\"PENOSIL ECO Filling Foam 210 kest\u00e4v\u00e4 pillivaahto\" \/>\n<meta property=\"og:description\" content=\"PENOSIL ECO Filling Foam 210 on kest\u00e4v\u00e4 pillivaahto erilaisiin t\u00e4ytt\u00f6- ja tiivistyst\u00f6ihin. Perustuu kest\u00e4viin raaka-aineisiin. Lue lis\u00e4\u00e4 t\u00e4\u00e4lt\u00e4!\" \/>\n<meta property=\"og:url\" content=\"https:\/\/penosil.com\/fi\/tuotteet\/eco-filling-foam-210-kestava-pillivaahto\/\" \/>\n<meta property=\"og:site_name\" content=\"Penosil Finland\" \/>\n<meta property=\"article:modified_time\" content=\"2025-04-09T09:41:42+00:00\" \/>\n<meta property=\"og:image\" content=\"https:\/\/penosil.com\/fi\/wp-content\/uploads\/sites\/5\/2024\/05\/210_ECO_Filling_Foam_210_FI.png\" \/>\n\t<meta property=\"og:image:width\" content=\"523\" \/>\n\t<meta property=\"og:image:height\" content=\"1080\" \/>\n\t<meta property=\"og:image:type\" content=\"image\/png\" \/>\n<meta name=\"twitter:card\" content=\"summary_large_image\" \/>\n<meta name=\"twitter:label1\" content=\"Arvioitu lukuaika\" \/>\n\t<meta name=\"twitter:data1\" content=\"3 minuuttia\" \/>\n<script type=\"application\/ld+json\" class=\"yoast-schema-graph\">{\"@context\":\"https:\/\/schema.org\",\"@graph\":[{\"@type\":\"WebPage\",\"@id\":\"https:\/\/penosil.com\/fi\/tuotteet\/eco-filling-foam-210-kestava-pillivaahto\/\",\"url\":\"https:\/\/penosil.com\/fi\/tuotteet\/eco-filling-foam-210-kestava-pillivaahto\/\",\"name\":\"PENOSIL ECO Filling Foam 210 kest\u00e4v\u00e4 pillivaahto\",\"isPartOf\":{\"@id\":\"https:\/\/penosil.com\/fi\/#website\"},\"primaryImageOfPage\":{\"@id\":\"https:\/\/penosil.com\/fi\/tuotteet\/eco-filling-foam-210-kestava-pillivaahto\/#primaryimage\"},\"image\":{\"@id\":\"https:\/\/penosil.com\/fi\/tuotteet\/eco-filling-foam-210-kestava-pillivaahto\/#primaryimage\"},\"thumbnailUrl\":\"https:\/\/penosil.com\/fi\/wp-content\/uploads\/sites\/5\/2024\/05\/210_ECO_Filling_Foam_210_FI.png\",\"datePublished\":\"2024-05-10T09:19:59+00:00\",\"dateModified\":\"2025-04-09T09:41:42+00:00\",\"description\":\"PENOSIL ECO Filling Foam 210 on kest\u00e4v\u00e4 pillivaahto erilaisiin t\u00e4ytt\u00f6- ja tiivistyst\u00f6ihin. Perustuu kest\u00e4viin raaka-aineisiin. Lue lis\u00e4\u00e4 t\u00e4\u00e4lt\u00e4!\",\"breadcrumb\":{\"@id\":\"https:\/\/penosil.com\/fi\/tuotteet\/eco-filling-foam-210-kestava-pillivaahto\/#breadcrumb\"},\"inLanguage\":\"fi\",\"potentialAction\":[{\"@type\":\"ReadAction\",\"target\":[\"https:\/\/penosil.com\/fi\/tuotteet\/eco-filling-foam-210-kestava-pillivaahto\/\"]}]},{\"@type\":\"ImageObject\",\"inLanguage\":\"fi\",\"@id\":\"https:\/\/penosil.com\/fi\/tuotteet\/eco-filling-foam-210-kestava-pillivaahto\/#primaryimage\",\"url\":\"https:\/\/penosil.com\/fi\/wp-content\/uploads\/sites\/5\/2024\/05\/210_ECO_Filling_Foam_210_FI.png\",\"contentUrl\":\"https:\/\/penosil.com\/fi\/wp-content\/uploads\/sites\/5\/2024\/05\/210_ECO_Filling_Foam_210_FI.png\",\"width\":523,\"height\":1080,\"caption\":\"PENOSIL ECO Filling Foam 210 kest\u00e4v\u00e4 pillivaahto\"},{\"@type\":\"BreadcrumbList\",\"@id\":\"https:\/\/penosil.com\/fi\/tuotteet\/eco-filling-foam-210-kestava-pillivaahto\/#breadcrumb\",\"itemListElement\":[{\"@type\":\"ListItem\",\"position\":1,\"name\":\"Home\",\"item\":\"https:\/\/penosil.com\/fi\/\"},{\"@type\":\"ListItem\",\"position\":2,\"name\":\"Tuotteet\",\"item\":\"https:\/\/penosil.com\/fi\/tuotteet\/\"},{\"@type\":\"ListItem\",\"position\":3,\"name\":\"ECO Filling Foam 210\"}]},{\"@type\":\"WebSite\",\"@id\":\"https:\/\/penosil.com\/fi\/#website\",\"url\":\"https:\/\/penosil.com\/fi\/\",\"name\":\"Penosil Finland\",\"description\":\"\",\"potentialAction\":[{\"@type\":\"SearchAction\",\"target\":{\"@type\":\"EntryPoint\",\"urlTemplate\":\"https:\/\/penosil.com\/fi\/?s={search_term_string}\"},\"query-input\":{\"@type\":\"PropertyValueSpecification\",\"valueRequired\":true,\"valueName\":\"search_term_string\"}}],\"inLanguage\":\"fi\"}]}<\/script>\n<!-- \/ Yoast SEO plugin. -->","yoast_head_json":{"title":"PENOSIL ECO Filling Foam 210 kest\u00e4v\u00e4 pillivaahto","description":"PENOSIL ECO Filling Foam 210 on kest\u00e4v\u00e4 pillivaahto erilaisiin t\u00e4ytt\u00f6- ja tiivistyst\u00f6ihin. Perustuu kest\u00e4viin raaka-aineisiin. Lue lis\u00e4\u00e4 t\u00e4\u00e4lt\u00e4!","robots":{"index":"index","follow":"follow","max-snippet":"max-snippet:-1","max-image-preview":"max-image-preview:large","max-video-preview":"max-video-preview:-1"},"canonical":"https:\/\/penosil.com\/fi\/tuotteet\/eco-filling-foam-210-kestava-pillivaahto\/","og_locale":"fi_FI","og_type":"article","og_title":"PENOSIL ECO Filling Foam 210 kest\u00e4v\u00e4 pillivaahto","og_description":"PENOSIL ECO Filling Foam 210 on kest\u00e4v\u00e4 pillivaahto erilaisiin t\u00e4ytt\u00f6- ja tiivistyst\u00f6ihin. Perustuu kest\u00e4viin raaka-aineisiin. Lue lis\u00e4\u00e4 t\u00e4\u00e4lt\u00e4!","og_url":"https:\/\/penosil.com\/fi\/tuotteet\/eco-filling-foam-210-kestava-pillivaahto\/","og_site_name":"Penosil Finland","article_modified_time":"2025-04-09T09:41:42+00:00","og_image":[{"width":523,"height":1080,"url":"https:\/\/penosil.com\/fi\/wp-content\/uploads\/sites\/5\/2024\/05\/210_ECO_Filling_Foam_210_FI.png","type":"image\/png"}],"twitter_card":"summary_large_image","twitter_misc":{"Arvioitu lukuaika":"3 minuuttia"},"schema":{"@context":"https:\/\/schema.org","@graph":[{"@type":"WebPage","@id":"https:\/\/penosil.com\/fi\/tuotteet\/eco-filling-foam-210-kestava-pillivaahto\/","url":"https:\/\/penosil.com\/fi\/tuotteet\/eco-filling-foam-210-kestava-pillivaahto\/","name":"PENOSIL ECO Filling Foam 210 kest\u00e4v\u00e4 pillivaahto","isPartOf":{"@id":"https:\/\/penosil.com\/fi\/#website"},"primaryImageOfPage":{"@id":"https:\/\/penosil.com\/fi\/tuotteet\/eco-filling-foam-210-kestava-pillivaahto\/#primaryimage"},"image":{"@id":"https:\/\/penosil.com\/fi\/tuotteet\/eco-filling-foam-210-kestava-pillivaahto\/#primaryimage"},"thumbnailUrl":"https:\/\/penosil.com\/fi\/wp-content\/uploads\/sites\/5\/2024\/05\/210_ECO_Filling_Foam_210_FI.png","datePublished":"2024-05-10T09:19:59+00:00","dateModified":"2025-04-09T09:41:42+00:00","description":"PENOSIL ECO Filling Foam 210 on kest\u00e4v\u00e4 pillivaahto erilaisiin t\u00e4ytt\u00f6- ja tiivistyst\u00f6ihin. Perustuu kest\u00e4viin raaka-aineisiin. Lue lis\u00e4\u00e4 t\u00e4\u00e4lt\u00e4!","breadcrumb":{"@id":"https:\/\/penosil.com\/fi\/tuotteet\/eco-filling-foam-210-kestava-pillivaahto\/#breadcrumb"},"inLanguage":"fi","potentialAction":[{"@type":"ReadAction","target":["https:\/\/penosil.com\/fi\/tuotteet\/eco-filling-foam-210-kestava-pillivaahto\/"]}]},{"@type":"ImageObject","inLanguage":"fi","@id":"https:\/\/penosil.com\/fi\/tuotteet\/eco-filling-foam-210-kestava-pillivaahto\/#primaryimage","url":"https:\/\/penosil.com\/fi\/wp-content\/uploads\/sites\/5\/2024\/05\/210_ECO_Filling_Foam_210_FI.png","contentUrl":"https:\/\/penosil.com\/fi\/wp-content\/uploads\/sites\/5\/2024\/05\/210_ECO_Filling_Foam_210_FI.png","width":523,"height":1080,"caption":"PENOSIL ECO Filling Foam 210 kest\u00e4v\u00e4 pillivaahto"},{"@type":"BreadcrumbList","@id":"https:\/\/penosil.com\/fi\/tuotteet\/eco-filling-foam-210-kestava-pillivaahto\/#breadcrumb","itemListElement":[{"@type":"ListItem","position":1,"name":"Home","item":"https:\/\/penosil.com\/fi\/"},{"@type":"ListItem","position":2,"name":"Tuotteet","item":"https:\/\/penosil.com\/fi\/tuotteet\/"},{"@type":"ListItem","position":3,"name":"ECO Filling Foam 210"}]},{"@type":"WebSite","@id":"https:\/\/penosil.com\/fi\/#website","url":"https:\/\/penosil.com\/fi\/","name":"Penosil Finland","description":"","potentialAction":[{"@type":"SearchAction","target":{"@type":"EntryPoint","urlTemplate":"https:\/\/penosil.com\/fi\/?s={search_term_string}"},"query-input":{"@type":"PropertyValueSpecification","valueRequired":true,"valueName":"search_term_string"}}],"inLanguage":"fi"}]}},"featured_img":"https:\/\/penosil.com\/fi\/wp-content\/uploads\/sites\/5\/2024\/05\/210_ECO_Filling_Foam_210_FI.png","coauthors":[],"author_meta":{"author_link":"https:\/\/penosil.com\/fi\/author\/anne\/","display_name":"Anne Lulla"},"relative_dates":{"created":"Posted 2 vuotta ago","modified":"Updated 1 vuosi ago"},"absolute_dates":{"created":"Posted on 10.5.2024","modified":"Updated on 9.4.2025"},"absolute_dates_time":{"created":"Posted on 10.5.2024 9:19","modified":"Updated on 9.4.2025 9:41"},"featured_img_caption":"","tax_additional":{"product_brand":{"linked":[],"unlinked":[],"slug":"product_brand","name":"Br\u00e4ndit"},"product_type":{"linked":["<a href=\"https:\/\/penosil.com\/fi\/?taxonomy=product_type&#038;term=simple\" class=\"advgb-post-tax-term\">simple<\/a>"],"unlinked":["<span class=\"advgb-post-tax-term\">simple<\/span>"],"slug":"product_type","name":"Tuotetyyppi"},"product_visibility":{"linked":[],"unlinked":[],"slug":"product_visibility","name":"Tuotteen n\u00e4kyvyys"},"product_cat":{"linked":["<a href=\"https:\/\/penosil.com\/fi\/tuote-osasto\/kayttokohteet\/\" class=\"advgb-post-tax-term\">K\u00e4ytt\u00f6kohteet<\/a>","<a href=\"https:\/\/penosil.com\/fi\/tuote-osasto\/tuoteryhmat\/\" class=\"advgb-post-tax-term\">Tuoteryhm\u00e4t<\/a>","<a href=\"https:\/\/penosil.com\/fi\/tuote-osasto\/tuoteryhmat\/rakennusvaahdot\/\" class=\"advgb-post-tax-term\">Rakennusvaahdot<\/a>","<a href=\"https:\/\/penosil.com\/fi\/tuote-osasto\/tuoteryhmat\/rakennusvaahdot\/pillivaahdot\/\" class=\"advgb-post-tax-term\">Pillivaahdot<\/a>","<a href=\"https:\/\/penosil.com\/fi\/tuote-osasto\/kayttokohteet\/kestava-rakentaminen\/\" class=\"advgb-post-tax-term\">Kest\u00e4v\u00e4 rakentaminen<\/a>"],"unlinked":["<span class=\"advgb-post-tax-term\">K\u00e4ytt\u00f6kohteet<\/span>","<span class=\"advgb-post-tax-term\">Tuoteryhm\u00e4t<\/span>","<span class=\"advgb-post-tax-term\">Rakennusvaahdot<\/span>","<span class=\"advgb-post-tax-term\">Pillivaahdot<\/span>","<span class=\"advgb-post-tax-term\">Kest\u00e4v\u00e4 rakentaminen<\/span>"],"slug":"product_cat","name":"Osastot"},"product_tag":{"linked":[],"unlinked":[],"slug":"product_tag","name":"Avainsanat tuotteelle"},"product_shipping_class":{"linked":[],"unlinked":[],"slug":"product_shipping_class","name":"Tuotteen toimitusluokat"},"pos_product_visibility":{"linked":[],"unlinked":[],"slug":"pos_product_visibility","name":"POS Product visibility"},"pa_color":{"linked":["<a href=\"https:\/\/penosil.com\/fi\/?taxonomy=pa_color&#038;term=vaaleankeltainen\" class=\"advgb-post-tax-term\">Vaaleankeltainen<\/a>"],"unlinked":["<span class=\"advgb-post-tax-term\">Vaaleankeltainen<\/span>"],"slug":"pa_color","name":"Product Colour"},"pa_package":{"linked":[],"unlinked":[],"slug":"pa_package","name":"Product Package"},"translation_priority":{"linked":["<a href=\"https:\/\/penosil.com\/fi\/?taxonomy=translation_priority&#038;term=optional-fi\" class=\"advgb-post-tax-term\">Optional<\/a>"],"unlinked":["<span class=\"advgb-post-tax-term\">Optional<\/span>"],"slug":"translation_priority","name":"Translation Priorities"}},"series_order":"","_links":{"self":[{"href":"https:\/\/penosil.com\/fi\/wp-json\/wp\/v2\/product\/9285","targetHints":{"allow":["GET"]}}],"collection":[{"href":"https:\/\/penosil.com\/fi\/wp-json\/wp\/v2\/product"}],"about":[{"href":"https:\/\/penosil.com\/fi\/wp-json\/wp\/v2\/types\/product"}],"version-history":[{"count":2,"href":"https:\/\/penosil.com\/fi\/wp-json\/wp\/v2\/product\/9285\/revisions"}],"predecessor-version":[{"id":10067,"href":"https:\/\/penosil.com\/fi\/wp-json\/wp\/v2\/product\/9285\/revisions\/10067"}],"wp:featuredmedia":[{"embeddable":true,"href":"https:\/\/penosil.com\/fi\/wp-json\/wp\/v2\/media\/9290"}],"wp:attachment":[{"href":"https:\/\/penosil.com\/fi\/wp-json\/wp\/v2\/media?parent=9285"}],"wp:term":[{"taxonomy":"product_brand","embeddable":true,"href":"https:\/\/penosil.com\/fi\/wp-json\/wp\/v2\/product_brand?post=9285"},{"taxonomy":"product_cat","embeddable":true,"href":"https:\/\/penosil.com\/fi\/wp-json\/wp\/v2\/product_cat?post=9285"},{"taxonomy":"product_tag","embeddable":true,"href":"https:\/\/penosil.com\/fi\/wp-json\/wp\/v2\/product_tag?post=9285"}],"curies":[{"name":"wp","href":"https:\/\/api.w.org\/{rel}","templated":true}]}}