{"id":9699,"date":"2024-05-20T13:35:45","date_gmt":"2024-05-20T13:35:45","guid":{"rendered":"https:\/\/penosil.com\/fi\/?post_type=product&#038;p=9699"},"modified":"2026-04-07T00:03:57","modified_gmt":"2026-04-07T00:03:57","slug":"general-silicone-339-339c-neutraali-silikoni-perusrakennustoihin","status":"publish","type":"product","link":"https:\/\/penosil.com\/fi\/tuotteet\/general-silicone-339-339c-neutraali-silikoni-perusrakennustoihin\/","title":{"rendered":"General Silicone 339 \/ 339c neutraali silikoni perusrakennust\u00f6ihin"},"content":{"rendered":"<p>Monik\u00e4ytt\u00f6inen neutraali silikoni perusrakentamiseen. Muodostaa joustavan ja s\u00e4\u00e4nkest\u00e4v\u00e4n silikonikumitiivisteen.<\/p>\n","protected":false},"excerpt":{"rendered":"neutraali silikoni perusrakennust\u00f6ihin","protected":false},"author":6,"featured_media":10258,"template":"","meta":{"_acf_changed":false,"advgb_blocks_editor_width":"","advgb_blocks_columns_visual_guide":"","footnotes":""},"product_brand":[],"product_cat":[827],"product_tag":[],"class_list":{"0":"post-9699","1":"product","2":"type-product","3":"status-publish","4":"has-post-thumbnail","6":"product_cat-yleisrakentaminen","8":"first","9":"instock","10":"taxable","11":"shipping-taxable","12":"product-type-variable","13":"has-default-attributes"},"acf":[],"yoast_head":"<!-- This site is optimized with the Yoast SEO plugin v27.2 - https:\/\/yoast.com\/product\/yoast-seo-wordpress\/ -->\n<title>Penosil General Silicone 339\/339c neutrali silikoni yleisrakentamiseen<\/title>\n<meta name=\"description\" content=\"Penosil General Silicone 339 &amp; 339c on neutraali silikoni s\u00e4\u00e4nkest\u00e4vyyden varmistamiseen ja perusrakentamiseen. Lue lis\u00e4\u00e4!\" \/>\n<meta name=\"robots\" content=\"index, follow, max-snippet:-1, max-image-preview:large, max-video-preview:-1\" \/>\n<link rel=\"canonical\" href=\"https:\/\/penosil.com\/fi\/tuotteet\/general-silicone-339-339c-neutraali-silikoni-perusrakennustoihin\/\" \/>\n<meta property=\"og:locale\" content=\"fi_FI\" \/>\n<meta property=\"og:type\" content=\"article\" \/>\n<meta property=\"og:title\" content=\"Penosil General Silicone 339\/339c neutrali silikoni yleisrakentamiseen\" \/>\n<meta property=\"og:description\" content=\"Penosil General Silicone 339 &amp; 339c on neutraali silikoni s\u00e4\u00e4nkest\u00e4vyyden varmistamiseen ja perusrakentamiseen. Lue lis\u00e4\u00e4!\" \/>\n<meta property=\"og:url\" content=\"https:\/\/penosil.com\/fi\/tuotteet\/general-silicone-339-339c-neutraali-silikoni-perusrakennustoihin\/\" \/>\n<meta property=\"og:site_name\" content=\"Penosil Finland\" \/>\n<meta property=\"article:modified_time\" content=\"2026-04-07T00:03:57+00:00\" \/>\n<meta property=\"og:image\" content=\"https:\/\/penosil.com\/fi\/wp-content\/uploads\/sites\/5\/2024\/05\/339_General_Silicone_339_EE_FI_Transp.png\" \/>\n\t<meta property=\"og:image:width\" content=\"387\" \/>\n\t<meta property=\"og:image:height\" content=\"1080\" \/>\n\t<meta property=\"og:image:type\" content=\"image\/png\" \/>\n<meta name=\"twitter:card\" content=\"summary_large_image\" \/>\n<meta name=\"twitter:label1\" content=\"Arvioitu lukuaika\" \/>\n\t<meta name=\"twitter:data1\" content=\"3 minuuttia\" \/>\n<script type=\"application\/ld+json\" class=\"yoast-schema-graph\">{\"@context\":\"https:\/\/schema.org\",\"@graph\":[{\"@type\":\"WebPage\",\"@id\":\"https:\/\/penosil.com\/fi\/tuotteet\/general-silicone-339-339c-neutraali-silikoni-perusrakennustoihin\/\",\"url\":\"https:\/\/penosil.com\/fi\/tuotteet\/general-silicone-339-339c-neutraali-silikoni-perusrakennustoihin\/\",\"name\":\"Penosil General Silicone 339\/339c neutrali silikoni yleisrakentamiseen\",\"isPartOf\":{\"@id\":\"https:\/\/penosil.com\/fi\/#website\"},\"primaryImageOfPage\":{\"@id\":\"https:\/\/penosil.com\/fi\/tuotteet\/general-silicone-339-339c-neutraali-silikoni-perusrakennustoihin\/#primaryimage\"},\"image\":{\"@id\":\"https:\/\/penosil.com\/fi\/tuotteet\/general-silicone-339-339c-neutraali-silikoni-perusrakennustoihin\/#primaryimage\"},\"thumbnailUrl\":\"https:\/\/penosil.com\/fi\/wp-content\/uploads\/sites\/5\/2025\/09\/339_General_Silicone_339_EE_FI_Transp_1.png\",\"datePublished\":\"2024-05-20T13:35:45+00:00\",\"dateModified\":\"2026-04-07T00:03:57+00:00\",\"description\":\"Penosil General Silicone 339 & 339c on neutraali silikoni s\u00e4\u00e4nkest\u00e4vyyden varmistamiseen ja perusrakentamiseen. Lue lis\u00e4\u00e4!\",\"breadcrumb\":{\"@id\":\"https:\/\/penosil.com\/fi\/tuotteet\/general-silicone-339-339c-neutraali-silikoni-perusrakennustoihin\/#breadcrumb\"},\"inLanguage\":\"fi\",\"potentialAction\":[{\"@type\":\"ReadAction\",\"target\":[\"https:\/\/penosil.com\/fi\/tuotteet\/general-silicone-339-339c-neutraali-silikoni-perusrakennustoihin\/\"]}]},{\"@type\":\"ImageObject\",\"inLanguage\":\"fi\",\"@id\":\"https:\/\/penosil.com\/fi\/tuotteet\/general-silicone-339-339c-neutraali-silikoni-perusrakennustoihin\/#primaryimage\",\"url\":\"https:\/\/penosil.com\/fi\/wp-content\/uploads\/sites\/5\/2025\/09\/339_General_Silicone_339_EE_FI_Transp_1.png\",\"contentUrl\":\"https:\/\/penosil.com\/fi\/wp-content\/uploads\/sites\/5\/2025\/09\/339_General_Silicone_339_EE_FI_Transp_1.png\",\"width\":387,\"height\":1080},{\"@type\":\"BreadcrumbList\",\"@id\":\"https:\/\/penosil.com\/fi\/tuotteet\/general-silicone-339-339c-neutraali-silikoni-perusrakennustoihin\/#breadcrumb\",\"itemListElement\":[{\"@type\":\"ListItem\",\"position\":1,\"name\":\"Home\",\"item\":\"https:\/\/penosil.com\/fi\/\"},{\"@type\":\"ListItem\",\"position\":2,\"name\":\"Tuotteet\",\"item\":\"https:\/\/penosil.com\/fi\/tuotteet\/\"},{\"@type\":\"ListItem\",\"position\":3,\"name\":\"General Silicone 339 \/ 339c neutraali silikoni perusrakennust\u00f6ihin\"}]},{\"@type\":\"WebSite\",\"@id\":\"https:\/\/penosil.com\/fi\/#website\",\"url\":\"https:\/\/penosil.com\/fi\/\",\"name\":\"Penosil Finland\",\"description\":\"\",\"potentialAction\":[{\"@type\":\"SearchAction\",\"target\":{\"@type\":\"EntryPoint\",\"urlTemplate\":\"https:\/\/penosil.com\/fi\/?s={search_term_string}\"},\"query-input\":{\"@type\":\"PropertyValueSpecification\",\"valueRequired\":true,\"valueName\":\"search_term_string\"}}],\"inLanguage\":\"fi\"}]}<\/script>\n<!-- \/ Yoast SEO plugin. -->","yoast_head_json":{"title":"Penosil General Silicone 339\/339c neutrali silikoni yleisrakentamiseen","description":"Penosil General Silicone 339 & 339c on neutraali silikoni s\u00e4\u00e4nkest\u00e4vyyden varmistamiseen ja perusrakentamiseen. Lue lis\u00e4\u00e4!","robots":{"index":"index","follow":"follow","max-snippet":"max-snippet:-1","max-image-preview":"max-image-preview:large","max-video-preview":"max-video-preview:-1"},"canonical":"https:\/\/penosil.com\/fi\/tuotteet\/general-silicone-339-339c-neutraali-silikoni-perusrakennustoihin\/","og_locale":"fi_FI","og_type":"article","og_title":"Penosil General Silicone 339\/339c neutrali silikoni yleisrakentamiseen","og_description":"Penosil General Silicone 339 & 339c on neutraali silikoni s\u00e4\u00e4nkest\u00e4vyyden varmistamiseen ja perusrakentamiseen. Lue lis\u00e4\u00e4!","og_url":"https:\/\/penosil.com\/fi\/tuotteet\/general-silicone-339-339c-neutraali-silikoni-perusrakennustoihin\/","og_site_name":"Penosil Finland","article_modified_time":"2026-04-07T00:03:57+00:00","og_image":[{"width":387,"height":1080,"url":"https:\/\/penosil.com\/fi\/wp-content\/uploads\/sites\/5\/2024\/05\/339_General_Silicone_339_EE_FI_Transp.png","type":"image\/png"}],"twitter_card":"summary_large_image","twitter_misc":{"Arvioitu lukuaika":"3 minuuttia"},"schema":{"@context":"https:\/\/schema.org","@graph":[{"@type":"WebPage","@id":"https:\/\/penosil.com\/fi\/tuotteet\/general-silicone-339-339c-neutraali-silikoni-perusrakennustoihin\/","url":"https:\/\/penosil.com\/fi\/tuotteet\/general-silicone-339-339c-neutraali-silikoni-perusrakennustoihin\/","name":"Penosil General Silicone 339\/339c neutrali silikoni yleisrakentamiseen","isPartOf":{"@id":"https:\/\/penosil.com\/fi\/#website"},"primaryImageOfPage":{"@id":"https:\/\/penosil.com\/fi\/tuotteet\/general-silicone-339-339c-neutraali-silikoni-perusrakennustoihin\/#primaryimage"},"image":{"@id":"https:\/\/penosil.com\/fi\/tuotteet\/general-silicone-339-339c-neutraali-silikoni-perusrakennustoihin\/#primaryimage"},"thumbnailUrl":"https:\/\/penosil.com\/fi\/wp-content\/uploads\/sites\/5\/2025\/09\/339_General_Silicone_339_EE_FI_Transp_1.png","datePublished":"2024-05-20T13:35:45+00:00","dateModified":"2026-04-07T00:03:57+00:00","description":"Penosil General Silicone 339 & 339c on neutraali silikoni s\u00e4\u00e4nkest\u00e4vyyden varmistamiseen ja perusrakentamiseen. Lue lis\u00e4\u00e4!","breadcrumb":{"@id":"https:\/\/penosil.com\/fi\/tuotteet\/general-silicone-339-339c-neutraali-silikoni-perusrakennustoihin\/#breadcrumb"},"inLanguage":"fi","potentialAction":[{"@type":"ReadAction","target":["https:\/\/penosil.com\/fi\/tuotteet\/general-silicone-339-339c-neutraali-silikoni-perusrakennustoihin\/"]}]},{"@type":"ImageObject","inLanguage":"fi","@id":"https:\/\/penosil.com\/fi\/tuotteet\/general-silicone-339-339c-neutraali-silikoni-perusrakennustoihin\/#primaryimage","url":"https:\/\/penosil.com\/fi\/wp-content\/uploads\/sites\/5\/2025\/09\/339_General_Silicone_339_EE_FI_Transp_1.png","contentUrl":"https:\/\/penosil.com\/fi\/wp-content\/uploads\/sites\/5\/2025\/09\/339_General_Silicone_339_EE_FI_Transp_1.png","width":387,"height":1080},{"@type":"BreadcrumbList","@id":"https:\/\/penosil.com\/fi\/tuotteet\/general-silicone-339-339c-neutraali-silikoni-perusrakennustoihin\/#breadcrumb","itemListElement":[{"@type":"ListItem","position":1,"name":"Home","item":"https:\/\/penosil.com\/fi\/"},{"@type":"ListItem","position":2,"name":"Tuotteet","item":"https:\/\/penosil.com\/fi\/tuotteet\/"},{"@type":"ListItem","position":3,"name":"General Silicone 339 \/ 339c neutraali silikoni perusrakennust\u00f6ihin"}]},{"@type":"WebSite","@id":"https:\/\/penosil.com\/fi\/#website","url":"https:\/\/penosil.com\/fi\/","name":"Penosil Finland","description":"","potentialAction":[{"@type":"SearchAction","target":{"@type":"EntryPoint","urlTemplate":"https:\/\/penosil.com\/fi\/?s={search_term_string}"},"query-input":{"@type":"PropertyValueSpecification","valueRequired":true,"valueName":"search_term_string"}}],"inLanguage":"fi"}]}},"featured_img":"https:\/\/penosil.com\/fi\/wp-content\/uploads\/sites\/5\/2025\/09\/339_General_Silicone_339_EE_FI_Transp_1.png","coauthors":[],"author_meta":{"author_link":"https:\/\/penosil.com\/fi\/author\/anne\/","display_name":"Anne Lulla"},"relative_dates":{"created":"Posted 2 vuotta ago","modified":"Updated 1 viikko ago"},"absolute_dates":{"created":"Posted on 20.5.2024","modified":"Updated on 7.4.2026"},"absolute_dates_time":{"created":"Posted on 20.5.2024 13:35","modified":"Updated on 7.4.2026 0:03"},"featured_img_caption":"","tax_additional":{"product_brand":{"linked":[],"unlinked":[],"slug":"product_brand","name":"Br\u00e4ndit"},"product_type":{"linked":["<a href=\"https:\/\/penosil.com\/fi\/?taxonomy=product_type&#038;term=variable\" class=\"advgb-post-tax-term\">variable<\/a>"],"unlinked":["<span class=\"advgb-post-tax-term\">variable<\/span>"],"slug":"product_type","name":"Tuotetyyppi"},"product_visibility":{"linked":[],"unlinked":[],"slug":"product_visibility","name":"Tuotteen n\u00e4kyvyys"},"product_cat":{"linked":["<a href=\"https:\/\/penosil.com\/fi\/tuote-osasto\/kayttokohteet\/yleisrakentaminen\/\" class=\"advgb-post-tax-term\">Yleisrakentaminen<\/a>"],"unlinked":["<span class=\"advgb-post-tax-term\">Yleisrakentaminen<\/span>"],"slug":"product_cat","name":"Osastot"},"product_tag":{"linked":[],"unlinked":[],"slug":"product_tag","name":"Avainsanat tuotteelle"},"product_shipping_class":{"linked":[],"unlinked":[],"slug":"product_shipping_class","name":"Tuotteen toimitusluokat"},"pos_product_visibility":{"linked":[],"unlinked":[],"slug":"pos_product_visibility","name":"POS Product visibility"},"pa_color":{"linked":["<a href=\"https:\/\/penosil.com\/fi\/?taxonomy=pa_color&#038;term=variton\" class=\"advgb-post-tax-term\">V\u00e4rit\u00f6n<\/a>","<a href=\"https:\/\/penosil.com\/fi\/?taxonomy=pa_color&#038;term=musta\" class=\"advgb-post-tax-term\">Musta<\/a>","<a href=\"https:\/\/penosil.com\/fi\/?taxonomy=pa_color&#038;term=valkoinen\" class=\"advgb-post-tax-term\">Valkoinen<\/a>"],"unlinked":["<span class=\"advgb-post-tax-term\">V\u00e4rit\u00f6n<\/span>","<span class=\"advgb-post-tax-term\">Musta<\/span>","<span class=\"advgb-post-tax-term\">Valkoinen<\/span>"],"slug":"pa_color","name":"Product Colour"},"pa_package":{"linked":["<a href=\"https:\/\/penosil.com\/fi\/?taxonomy=pa_package&#038;term=280-ml\" class=\"advgb-post-tax-term\">280 ml<\/a>","<a href=\"https:\/\/penosil.com\/fi\/?taxonomy=pa_package&#038;term=600-ml\" class=\"advgb-post-tax-term\">600 ml<\/a>"],"unlinked":["<span class=\"advgb-post-tax-term\">280 ml<\/span>","<span class=\"advgb-post-tax-term\">600 ml<\/span>"],"slug":"pa_package","name":"Product Package"},"translation_priority":{"linked":["<a href=\"https:\/\/penosil.com\/fi\/?taxonomy=translation_priority&#038;term=optional-fi\" class=\"advgb-post-tax-term\">Optional<\/a>"],"unlinked":["<span class=\"advgb-post-tax-term\">Optional<\/span>"],"slug":"translation_priority","name":"Translation Priorities"}},"series_order":"","_links":{"self":[{"href":"https:\/\/penosil.com\/fi\/wp-json\/wp\/v2\/product\/9699","targetHints":{"allow":["GET"]}}],"collection":[{"href":"https:\/\/penosil.com\/fi\/wp-json\/wp\/v2\/product"}],"about":[{"href":"https:\/\/penosil.com\/fi\/wp-json\/wp\/v2\/types\/product"}],"version-history":[{"count":3,"href":"https:\/\/penosil.com\/fi\/wp-json\/wp\/v2\/product\/9699\/revisions"}],"predecessor-version":[{"id":10257,"href":"https:\/\/penosil.com\/fi\/wp-json\/wp\/v2\/product\/9699\/revisions\/10257"}],"wp:featuredmedia":[{"embeddable":true,"href":"https:\/\/penosil.com\/fi\/wp-json\/wp\/v2\/media\/10258"}],"wp:attachment":[{"href":"https:\/\/penosil.com\/fi\/wp-json\/wp\/v2\/media?parent=9699"}],"wp:term":[{"taxonomy":"product_brand","embeddable":true,"href":"https:\/\/penosil.com\/fi\/wp-json\/wp\/v2\/product_brand?post=9699"},{"taxonomy":"product_cat","embeddable":true,"href":"https:\/\/penosil.com\/fi\/wp-json\/wp\/v2\/product_cat?post=9699"},{"taxonomy":"product_tag","embeddable":true,"href":"https:\/\/penosil.com\/fi\/wp-json\/wp\/v2\/product_tag?post=9699"}],"curies":[{"name":"wp","href":"https:\/\/api.w.org\/{rel}","templated":true}]}}