{"id":9750,"date":"2024-05-30T11:17:56","date_gmt":"2024-05-30T11:17:56","guid":{"rendered":"https:\/\/penosil.com\/fi\/?post_type=product&#038;p=9750"},"modified":"2025-02-19T14:20:32","modified_gmt":"2025-02-19T14:20:32","slug":"sanitary-silacryl-elastic-633-silkonipitoinen-saniteettiakryyli","status":"publish","type":"product","link":"https:\/\/penosil.com\/fi\/tuotteet\/sanitary-silacryl-elastic-633-silkonipitoinen-saniteettiakryyli\/","title":{"rendered":"Sanitary SilAcryl Elastic 633"},"content":{"rendered":"<p>Vesipohjainen joustomuovinen akryylitiiviste pienten rakojen ja halkeamien t\u00e4ytt\u00e4miseen ja tiivist\u00e4miseen m\u00e4riss\u00e4 ja kosteisssa paikoissa. Koostumukseen lis\u00e4tyt sienimyrkyt suojaavat tiivistettyj\u00e4 pintoje homeen kasvulta ja pit\u00e4v\u00e4t ne valkoisina ja puhtaina pitk\u00e4\u00e4n.<\/p>\n","protected":false},"excerpt":{"rendered":"Vesipohjainen joustomuovinen akryylitiiviste pienten rakojen ja halkeamien t\u00e4ytt\u00e4miseen ja tiivist\u00e4miseen m\u00e4riss\u00e4 ja kosteisssa paikoissa. Koostumukseen lis\u00e4tyt sienimyrkyt suojaavat tiivistettyj\u00e4 pintoje homeen kasvulta ja pit\u00e4v\u00e4t ne valkoisina ja puhtaina pitk\u00e4\u00e4n.","protected":false},"author":6,"featured_media":9751,"template":"","meta":{"_acf_changed":false,"advgb_blocks_editor_width":"","advgb_blocks_columns_visual_guide":"","footnotes":""},"product_brand":[],"product_cat":[334,1361,1604,1618,1138],"product_tag":[],"class_list":{"0":"post-9750","1":"product","2":"type-product","3":"status-publish","4":"has-post-thumbnail","6":"product_cat-kayttokohteet","7":"product_cat-tuoteryhmat","8":"product_cat-tiivisteet","9":"product_cat-akryylit","10":"product_cat-markatila","12":"first","13":"instock","14":"taxable","15":"shipping-taxable","16":"purchasable","17":"product-type-simple"},"acf":[],"yoast_head":"<!-- This site is optimized with the Yoast SEO plugin v27.2 - https:\/\/yoast.com\/product\/yoast-seo-wordpress\/ -->\n<title>PENOSIL Sanitary SilAcryl Elastic 633 rakeinen akryylitiiviste<\/title>\n<meta name=\"description\" content=\"PENOSIL Sanitary SilAcryl Elastic 633on silikonoitu, sienimyrkky\u00e4 sis\u00e4lt\u00e4v\u00e4 saniteettiakryyli erilaisiin tiivistys- ja t\u00e4ytt\u00f6t\u00f6ihin m\u00e4riss\u00e4 ja kosteissa tiloissa. Lue lis\u00e4\u00e4!\" \/>\n<meta name=\"robots\" content=\"index, follow, max-snippet:-1, max-image-preview:large, max-video-preview:-1\" \/>\n<link rel=\"canonical\" href=\"https:\/\/penosil.com\/fi\/tuotteet\/sanitary-silacryl-elastic-633-silkonipitoinen-saniteettiakryyli\/\" \/>\n<meta property=\"og:locale\" content=\"fi_FI\" \/>\n<meta property=\"og:type\" content=\"article\" \/>\n<meta property=\"og:title\" content=\"PENOSIL Sanitary SilAcryl Elastic 633 rakeinen akryylitiiviste\" \/>\n<meta property=\"og:description\" content=\"PENOSIL Sanitary SilAcryl Elastic 633on silikonoitu, sienimyrkky\u00e4 sis\u00e4lt\u00e4v\u00e4 saniteettiakryyli erilaisiin tiivistys- ja t\u00e4ytt\u00f6t\u00f6ihin m\u00e4riss\u00e4 ja kosteissa tiloissa. Lue lis\u00e4\u00e4!\" \/>\n<meta property=\"og:url\" content=\"https:\/\/penosil.com\/fi\/tuotteet\/sanitary-silacryl-elastic-633-silkonipitoinen-saniteettiakryyli\/\" \/>\n<meta property=\"og:site_name\" content=\"Penosil Finland\" \/>\n<meta property=\"article:modified_time\" content=\"2025-02-19T14:20:32+00:00\" \/>\n<meta property=\"og:image\" content=\"https:\/\/penosil.com\/fi\/wp-content\/uploads\/sites\/5\/2024\/05\/633_Sanitary_SilAcryl_Elastic_633_EE_FI-700x1955.png\" \/>\n\t<meta property=\"og:image:width\" content=\"700\" \/>\n\t<meta property=\"og:image:height\" content=\"1955\" \/>\n\t<meta property=\"og:image:type\" content=\"image\/png\" \/>\n<meta name=\"twitter:card\" content=\"summary_large_image\" \/>\n<meta name=\"twitter:label1\" content=\"Arvioitu lukuaika\" \/>\n\t<meta name=\"twitter:data1\" content=\"2 minuuttia\" \/>\n<script type=\"application\/ld+json\" class=\"yoast-schema-graph\">{\"@context\":\"https:\/\/schema.org\",\"@graph\":[{\"@type\":\"WebPage\",\"@id\":\"https:\/\/penosil.com\/fi\/tuotteet\/sanitary-silacryl-elastic-633-silkonipitoinen-saniteettiakryyli\/\",\"url\":\"https:\/\/penosil.com\/fi\/tuotteet\/sanitary-silacryl-elastic-633-silkonipitoinen-saniteettiakryyli\/\",\"name\":\"PENOSIL Sanitary SilAcryl Elastic 633 rakeinen akryylitiiviste\",\"isPartOf\":{\"@id\":\"https:\/\/penosil.com\/fi\/#website\"},\"primaryImageOfPage\":{\"@id\":\"https:\/\/penosil.com\/fi\/tuotteet\/sanitary-silacryl-elastic-633-silkonipitoinen-saniteettiakryyli\/#primaryimage\"},\"image\":{\"@id\":\"https:\/\/penosil.com\/fi\/tuotteet\/sanitary-silacryl-elastic-633-silkonipitoinen-saniteettiakryyli\/#primaryimage\"},\"thumbnailUrl\":\"https:\/\/penosil.com\/fi\/wp-content\/uploads\/sites\/5\/2024\/05\/633_Sanitary_SilAcryl_Elastic_633_EE_FI.png\",\"datePublished\":\"2024-05-30T11:17:56+00:00\",\"dateModified\":\"2025-02-19T14:20:32+00:00\",\"description\":\"PENOSIL Sanitary SilAcryl Elastic 633on silikonoitu, sienimyrkky\u00e4 sis\u00e4lt\u00e4v\u00e4 saniteettiakryyli erilaisiin tiivistys- ja t\u00e4ytt\u00f6t\u00f6ihin m\u00e4riss\u00e4 ja kosteissa tiloissa. Lue lis\u00e4\u00e4!\",\"breadcrumb\":{\"@id\":\"https:\/\/penosil.com\/fi\/tuotteet\/sanitary-silacryl-elastic-633-silkonipitoinen-saniteettiakryyli\/#breadcrumb\"},\"inLanguage\":\"fi\",\"potentialAction\":[{\"@type\":\"ReadAction\",\"target\":[\"https:\/\/penosil.com\/fi\/tuotteet\/sanitary-silacryl-elastic-633-silkonipitoinen-saniteettiakryyli\/\"]}]},{\"@type\":\"ImageObject\",\"inLanguage\":\"fi\",\"@id\":\"https:\/\/penosil.com\/fi\/tuotteet\/sanitary-silacryl-elastic-633-silkonipitoinen-saniteettiakryyli\/#primaryimage\",\"url\":\"https:\/\/penosil.com\/fi\/wp-content\/uploads\/sites\/5\/2024\/05\/633_Sanitary_SilAcryl_Elastic_633_EE_FI.png\",\"contentUrl\":\"https:\/\/penosil.com\/fi\/wp-content\/uploads\/sites\/5\/2024\/05\/633_Sanitary_SilAcryl_Elastic_633_EE_FI.png\",\"width\":870,\"height\":2430,\"caption\":\"Penosil Sanitary_SilAcryl_Elastic_633\"},{\"@type\":\"BreadcrumbList\",\"@id\":\"https:\/\/penosil.com\/fi\/tuotteet\/sanitary-silacryl-elastic-633-silkonipitoinen-saniteettiakryyli\/#breadcrumb\",\"itemListElement\":[{\"@type\":\"ListItem\",\"position\":1,\"name\":\"Home\",\"item\":\"https:\/\/penosil.com\/fi\/\"},{\"@type\":\"ListItem\",\"position\":2,\"name\":\"Tuotteet\",\"item\":\"https:\/\/penosil.com\/fi\/tuotteet\/\"},{\"@type\":\"ListItem\",\"position\":3,\"name\":\"Sanitary SilAcryl Elastic 633\"}]},{\"@type\":\"WebSite\",\"@id\":\"https:\/\/penosil.com\/fi\/#website\",\"url\":\"https:\/\/penosil.com\/fi\/\",\"name\":\"Penosil Finland\",\"description\":\"\",\"potentialAction\":[{\"@type\":\"SearchAction\",\"target\":{\"@type\":\"EntryPoint\",\"urlTemplate\":\"https:\/\/penosil.com\/fi\/?s={search_term_string}\"},\"query-input\":{\"@type\":\"PropertyValueSpecification\",\"valueRequired\":true,\"valueName\":\"search_term_string\"}}],\"inLanguage\":\"fi\"}]}<\/script>\n<!-- \/ Yoast SEO plugin. -->","yoast_head_json":{"title":"PENOSIL Sanitary SilAcryl Elastic 633 rakeinen akryylitiiviste","description":"PENOSIL Sanitary SilAcryl Elastic 633on silikonoitu, sienimyrkky\u00e4 sis\u00e4lt\u00e4v\u00e4 saniteettiakryyli erilaisiin tiivistys- ja t\u00e4ytt\u00f6t\u00f6ihin m\u00e4riss\u00e4 ja kosteissa tiloissa. Lue lis\u00e4\u00e4!","robots":{"index":"index","follow":"follow","max-snippet":"max-snippet:-1","max-image-preview":"max-image-preview:large","max-video-preview":"max-video-preview:-1"},"canonical":"https:\/\/penosil.com\/fi\/tuotteet\/sanitary-silacryl-elastic-633-silkonipitoinen-saniteettiakryyli\/","og_locale":"fi_FI","og_type":"article","og_title":"PENOSIL Sanitary SilAcryl Elastic 633 rakeinen akryylitiiviste","og_description":"PENOSIL Sanitary SilAcryl Elastic 633on silikonoitu, sienimyrkky\u00e4 sis\u00e4lt\u00e4v\u00e4 saniteettiakryyli erilaisiin tiivistys- ja t\u00e4ytt\u00f6t\u00f6ihin m\u00e4riss\u00e4 ja kosteissa tiloissa. Lue lis\u00e4\u00e4!","og_url":"https:\/\/penosil.com\/fi\/tuotteet\/sanitary-silacryl-elastic-633-silkonipitoinen-saniteettiakryyli\/","og_site_name":"Penosil Finland","article_modified_time":"2025-02-19T14:20:32+00:00","og_image":[{"width":700,"height":1955,"url":"https:\/\/penosil.com\/fi\/wp-content\/uploads\/sites\/5\/2024\/05\/633_Sanitary_SilAcryl_Elastic_633_EE_FI-700x1955.png","type":"image\/png"}],"twitter_card":"summary_large_image","twitter_misc":{"Arvioitu lukuaika":"2 minuuttia"},"schema":{"@context":"https:\/\/schema.org","@graph":[{"@type":"WebPage","@id":"https:\/\/penosil.com\/fi\/tuotteet\/sanitary-silacryl-elastic-633-silkonipitoinen-saniteettiakryyli\/","url":"https:\/\/penosil.com\/fi\/tuotteet\/sanitary-silacryl-elastic-633-silkonipitoinen-saniteettiakryyli\/","name":"PENOSIL Sanitary SilAcryl Elastic 633 rakeinen akryylitiiviste","isPartOf":{"@id":"https:\/\/penosil.com\/fi\/#website"},"primaryImageOfPage":{"@id":"https:\/\/penosil.com\/fi\/tuotteet\/sanitary-silacryl-elastic-633-silkonipitoinen-saniteettiakryyli\/#primaryimage"},"image":{"@id":"https:\/\/penosil.com\/fi\/tuotteet\/sanitary-silacryl-elastic-633-silkonipitoinen-saniteettiakryyli\/#primaryimage"},"thumbnailUrl":"https:\/\/penosil.com\/fi\/wp-content\/uploads\/sites\/5\/2024\/05\/633_Sanitary_SilAcryl_Elastic_633_EE_FI.png","datePublished":"2024-05-30T11:17:56+00:00","dateModified":"2025-02-19T14:20:32+00:00","description":"PENOSIL Sanitary SilAcryl Elastic 633on silikonoitu, sienimyrkky\u00e4 sis\u00e4lt\u00e4v\u00e4 saniteettiakryyli erilaisiin tiivistys- ja t\u00e4ytt\u00f6t\u00f6ihin m\u00e4riss\u00e4 ja kosteissa tiloissa. Lue lis\u00e4\u00e4!","breadcrumb":{"@id":"https:\/\/penosil.com\/fi\/tuotteet\/sanitary-silacryl-elastic-633-silkonipitoinen-saniteettiakryyli\/#breadcrumb"},"inLanguage":"fi","potentialAction":[{"@type":"ReadAction","target":["https:\/\/penosil.com\/fi\/tuotteet\/sanitary-silacryl-elastic-633-silkonipitoinen-saniteettiakryyli\/"]}]},{"@type":"ImageObject","inLanguage":"fi","@id":"https:\/\/penosil.com\/fi\/tuotteet\/sanitary-silacryl-elastic-633-silkonipitoinen-saniteettiakryyli\/#primaryimage","url":"https:\/\/penosil.com\/fi\/wp-content\/uploads\/sites\/5\/2024\/05\/633_Sanitary_SilAcryl_Elastic_633_EE_FI.png","contentUrl":"https:\/\/penosil.com\/fi\/wp-content\/uploads\/sites\/5\/2024\/05\/633_Sanitary_SilAcryl_Elastic_633_EE_FI.png","width":870,"height":2430,"caption":"Penosil Sanitary_SilAcryl_Elastic_633"},{"@type":"BreadcrumbList","@id":"https:\/\/penosil.com\/fi\/tuotteet\/sanitary-silacryl-elastic-633-silkonipitoinen-saniteettiakryyli\/#breadcrumb","itemListElement":[{"@type":"ListItem","position":1,"name":"Home","item":"https:\/\/penosil.com\/fi\/"},{"@type":"ListItem","position":2,"name":"Tuotteet","item":"https:\/\/penosil.com\/fi\/tuotteet\/"},{"@type":"ListItem","position":3,"name":"Sanitary SilAcryl Elastic 633"}]},{"@type":"WebSite","@id":"https:\/\/penosil.com\/fi\/#website","url":"https:\/\/penosil.com\/fi\/","name":"Penosil Finland","description":"","potentialAction":[{"@type":"SearchAction","target":{"@type":"EntryPoint","urlTemplate":"https:\/\/penosil.com\/fi\/?s={search_term_string}"},"query-input":{"@type":"PropertyValueSpecification","valueRequired":true,"valueName":"search_term_string"}}],"inLanguage":"fi"}]}},"featured_img":"https:\/\/penosil.com\/fi\/wp-content\/uploads\/sites\/5\/2024\/05\/633_Sanitary_SilAcryl_Elastic_633_EE_FI.png","coauthors":[],"author_meta":{"author_link":"https:\/\/penosil.com\/fi\/author\/anne\/","display_name":"Anne Lulla"},"relative_dates":{"created":"Posted 2 vuotta ago","modified":"Updated 1 vuosi ago"},"absolute_dates":{"created":"Posted on 30.5.2024","modified":"Updated on 19.2.2025"},"absolute_dates_time":{"created":"Posted on 30.5.2024 11:17","modified":"Updated on 19.2.2025 14:20"},"featured_img_caption":"","tax_additional":{"product_brand":{"linked":[],"unlinked":[],"slug":"product_brand","name":"Br\u00e4ndit"},"product_type":{"linked":["<a href=\"https:\/\/penosil.com\/fi\/?taxonomy=product_type&#038;term=simple\" class=\"advgb-post-tax-term\">simple<\/a>"],"unlinked":["<span class=\"advgb-post-tax-term\">simple<\/span>"],"slug":"product_type","name":"Tuotetyyppi"},"product_visibility":{"linked":[],"unlinked":[],"slug":"product_visibility","name":"Tuotteen n\u00e4kyvyys"},"product_cat":{"linked":["<a href=\"https:\/\/penosil.com\/fi\/tuote-osasto\/kayttokohteet\/\" class=\"advgb-post-tax-term\">K\u00e4ytt\u00f6kohteet<\/a>","<a href=\"https:\/\/penosil.com\/fi\/tuote-osasto\/tuoteryhmat\/\" class=\"advgb-post-tax-term\">Tuoteryhm\u00e4t<\/a>","<a href=\"https:\/\/penosil.com\/fi\/tuote-osasto\/tuoteryhmat\/tiivisteet\/\" class=\"advgb-post-tax-term\">Tiivisteet<\/a>","<a href=\"https:\/\/penosil.com\/fi\/tuote-osasto\/tuoteryhmat\/tiivisteet\/akryylit\/\" class=\"advgb-post-tax-term\">Akryylit<\/a>","<a href=\"https:\/\/penosil.com\/fi\/tuote-osasto\/kayttokohteet\/markatila\/\" class=\"advgb-post-tax-term\">M\u00e4rk\u00e4tila<\/a>"],"unlinked":["<span class=\"advgb-post-tax-term\">K\u00e4ytt\u00f6kohteet<\/span>","<span class=\"advgb-post-tax-term\">Tuoteryhm\u00e4t<\/span>","<span class=\"advgb-post-tax-term\">Tiivisteet<\/span>","<span class=\"advgb-post-tax-term\">Akryylit<\/span>","<span class=\"advgb-post-tax-term\">M\u00e4rk\u00e4tila<\/span>"],"slug":"product_cat","name":"Osastot"},"product_tag":{"linked":[],"unlinked":[],"slug":"product_tag","name":"Avainsanat tuotteelle"},"product_shipping_class":{"linked":[],"unlinked":[],"slug":"product_shipping_class","name":"Tuotteen toimitusluokat"},"pos_product_visibility":{"linked":[],"unlinked":[],"slug":"pos_product_visibility","name":"POS Product visibility"},"pa_color":{"linked":["<a href=\"https:\/\/penosil.com\/fi\/?taxonomy=pa_color&#038;term=valkoinen\" class=\"advgb-post-tax-term\">Valkoinen<\/a>"],"unlinked":["<span class=\"advgb-post-tax-term\">Valkoinen<\/span>"],"slug":"pa_color","name":"Product Colour"},"pa_package":{"linked":["<a href=\"https:\/\/penosil.com\/fi\/?taxonomy=pa_package&#038;term=300-ml\" class=\"advgb-post-tax-term\">300 ml<\/a>"],"unlinked":["<span class=\"advgb-post-tax-term\">300 ml<\/span>"],"slug":"pa_package","name":"Product Package"},"translation_priority":{"linked":["<a href=\"https:\/\/penosil.com\/fi\/?taxonomy=translation_priority&#038;term=optional-fi\" class=\"advgb-post-tax-term\">Optional<\/a>"],"unlinked":["<span class=\"advgb-post-tax-term\">Optional<\/span>"],"slug":"translation_priority","name":"Translation Priorities"}},"series_order":"","_links":{"self":[{"href":"https:\/\/penosil.com\/fi\/wp-json\/wp\/v2\/product\/9750","targetHints":{"allow":["GET"]}}],"collection":[{"href":"https:\/\/penosil.com\/fi\/wp-json\/wp\/v2\/product"}],"about":[{"href":"https:\/\/penosil.com\/fi\/wp-json\/wp\/v2\/types\/product"}],"version-history":[{"count":1,"href":"https:\/\/penosil.com\/fi\/wp-json\/wp\/v2\/product\/9750\/revisions"}],"predecessor-version":[{"id":9999,"href":"https:\/\/penosil.com\/fi\/wp-json\/wp\/v2\/product\/9750\/revisions\/9999"}],"wp:featuredmedia":[{"embeddable":true,"href":"https:\/\/penosil.com\/fi\/wp-json\/wp\/v2\/media\/9751"}],"wp:attachment":[{"href":"https:\/\/penosil.com\/fi\/wp-json\/wp\/v2\/media?parent=9750"}],"wp:term":[{"taxonomy":"product_brand","embeddable":true,"href":"https:\/\/penosil.com\/fi\/wp-json\/wp\/v2\/product_brand?post=9750"},{"taxonomy":"product_cat","embeddable":true,"href":"https:\/\/penosil.com\/fi\/wp-json\/wp\/v2\/product_cat?post=9750"},{"taxonomy":"product_tag","embeddable":true,"href":"https:\/\/penosil.com\/fi\/wp-json\/wp\/v2\/product_tag?post=9750"}],"curies":[{"name":"wp","href":"https:\/\/api.w.org\/{rel}","templated":true}]}}