{"id":9846,"date":"2024-06-10T12:02:44","date_gmt":"2024-06-10T12:02:44","guid":{"rendered":"https:\/\/penosil.com\/fi\/?post_type=product&#038;p=9846"},"modified":"2025-04-09T09:38:37","modified_gmt":"2025-04-09T09:38:37","slug":"epoxy-fixcoat-507-epoksiliima-ja-pinnoite","status":"publish","type":"product","link":"https:\/\/penosil.com\/fi\/tuotteet\/epoxy-fixcoat-507-epoksiliima-ja-pinnoite\/","title":{"rendered":"Epoxy Fix&#038;Coat 507"},"content":{"rendered":"<p>Epoxy Fix&amp;Coat 507 eritt\u00e4in vahva l\u00e4pin\u00e4kyv\u00e4 kaksikomponenttinen epoksiliima ja pinnoite liimaus- ja t\u00e4ytt\u00f6t\u00f6ihin. Kun se on j\u00e4hmettynyt, se voidaan hioa, porata, viilata ja maalata.<\/p>\n","protected":false},"excerpt":{"rendered":"Epoxy Fix&amp;Coat 507 eritt\u00e4in vahva l\u00e4pin\u00e4kyv\u00e4 kaksikomponenttinen epoksiliima ja pinnoite liimaus- ja t\u00e4ytt\u00f6t\u00f6ihin. Kun se on j\u00e4hmettynyt, se voidaan hioa, porata, viilata ja maalata.","protected":false},"author":6,"featured_media":9847,"template":"","meta":{"_acf_changed":false,"advgb_blocks_editor_width":"","advgb_blocks_columns_visual_guide":"","footnotes":""},"product_brand":[],"product_cat":[334,2329,1361,1707,348],"product_tag":[],"class_list":{"0":"post-9846","1":"product","2":"type-product","3":"status-publish","4":"has-post-thumbnail","6":"product_cat-kayttokohteet","7":"product_cat-pinnoitteet-ja-kalvot","8":"product_cat-tuoteryhmat","9":"product_cat-liimat-pintakasittely","10":"product_cat-liimaus","12":"first","13":"instock","14":"taxable","15":"shipping-taxable","16":"purchasable","17":"product-type-simple"},"acf":[],"yoast_head":"<!-- This site is optimized with the Yoast SEO plugin v27.2 - https:\/\/yoast.com\/product\/yoast-seo-wordpress\/ -->\n<title>PENOSIL Epoxy Fix&amp;Coat 507 kaksikomponenttinen epoksiliima ja pinnoite.<\/title>\n<meta name=\"description\" content=\"PENOSIL Epoxy Fix&amp;Coat 507 on l\u00e4pin\u00e4kyv\u00e4 kaksikomponenttinen epoksiliima ja pinnoite liimaus- ja t\u00e4ytt\u00f6t\u00f6ihin. Lue lis\u00e4\u00e4!\" \/>\n<meta name=\"robots\" content=\"index, follow, max-snippet:-1, max-image-preview:large, max-video-preview:-1\" \/>\n<link rel=\"canonical\" href=\"https:\/\/penosil.com\/fi\/tuotteet\/epoxy-fixcoat-507-epoksiliima-ja-pinnoite\/\" \/>\n<meta property=\"og:locale\" content=\"fi_FI\" \/>\n<meta property=\"og:type\" content=\"article\" \/>\n<meta property=\"og:title\" content=\"PENOSIL Epoxy Fix&amp;Coat 507 kaksikomponenttinen epoksiliima ja pinnoite.\" \/>\n<meta property=\"og:description\" content=\"PENOSIL Epoxy Fix&amp;Coat 507 on l\u00e4pin\u00e4kyv\u00e4 kaksikomponenttinen epoksiliima ja pinnoite liimaus- ja t\u00e4ytt\u00f6t\u00f6ihin. Lue lis\u00e4\u00e4!\" \/>\n<meta property=\"og:url\" content=\"https:\/\/penosil.com\/fi\/tuotteet\/epoxy-fixcoat-507-epoksiliima-ja-pinnoite\/\" \/>\n<meta property=\"og:site_name\" content=\"Penosil Finland\" \/>\n<meta property=\"article:modified_time\" content=\"2025-04-09T09:38:37+00:00\" \/>\n<meta property=\"og:image\" content=\"https:\/\/penosil.com\/fi\/wp-content\/uploads\/sites\/5\/2024\/06\/507_Epoxy_FixCoat_507_LT_LV_EE_FI.png\" \/>\n\t<meta property=\"og:image:width\" content=\"523\" \/>\n\t<meta property=\"og:image:height\" content=\"1080\" \/>\n\t<meta property=\"og:image:type\" content=\"image\/png\" \/>\n<meta name=\"twitter:card\" content=\"summary_large_image\" \/>\n<meta name=\"twitter:label1\" content=\"Arvioitu lukuaika\" \/>\n\t<meta name=\"twitter:data1\" content=\"3 minuuttia\" \/>\n<script type=\"application\/ld+json\" class=\"yoast-schema-graph\">{\"@context\":\"https:\/\/schema.org\",\"@graph\":[{\"@type\":\"WebPage\",\"@id\":\"https:\/\/penosil.com\/fi\/tuotteet\/epoxy-fixcoat-507-epoksiliima-ja-pinnoite\/\",\"url\":\"https:\/\/penosil.com\/fi\/tuotteet\/epoxy-fixcoat-507-epoksiliima-ja-pinnoite\/\",\"name\":\"PENOSIL Epoxy Fix&Coat 507 kaksikomponenttinen epoksiliima ja pinnoite.\",\"isPartOf\":{\"@id\":\"https:\/\/penosil.com\/fi\/#website\"},\"primaryImageOfPage\":{\"@id\":\"https:\/\/penosil.com\/fi\/tuotteet\/epoxy-fixcoat-507-epoksiliima-ja-pinnoite\/#primaryimage\"},\"image\":{\"@id\":\"https:\/\/penosil.com\/fi\/tuotteet\/epoxy-fixcoat-507-epoksiliima-ja-pinnoite\/#primaryimage\"},\"thumbnailUrl\":\"https:\/\/penosil.com\/fi\/wp-content\/uploads\/sites\/5\/2024\/06\/507_Epoxy_FixCoat_507_LT_LV_EE_FI.png\",\"datePublished\":\"2024-06-10T12:02:44+00:00\",\"dateModified\":\"2025-04-09T09:38:37+00:00\",\"description\":\"PENOSIL Epoxy Fix&Coat 507 on l\u00e4pin\u00e4kyv\u00e4 kaksikomponenttinen epoksiliima ja pinnoite liimaus- ja t\u00e4ytt\u00f6t\u00f6ihin. Lue lis\u00e4\u00e4!\",\"breadcrumb\":{\"@id\":\"https:\/\/penosil.com\/fi\/tuotteet\/epoxy-fixcoat-507-epoksiliima-ja-pinnoite\/#breadcrumb\"},\"inLanguage\":\"fi\",\"potentialAction\":[{\"@type\":\"ReadAction\",\"target\":[\"https:\/\/penosil.com\/fi\/tuotteet\/epoxy-fixcoat-507-epoksiliima-ja-pinnoite\/\"]}]},{\"@type\":\"ImageObject\",\"inLanguage\":\"fi\",\"@id\":\"https:\/\/penosil.com\/fi\/tuotteet\/epoxy-fixcoat-507-epoksiliima-ja-pinnoite\/#primaryimage\",\"url\":\"https:\/\/penosil.com\/fi\/wp-content\/uploads\/sites\/5\/2024\/06\/507_Epoxy_FixCoat_507_LT_LV_EE_FI.png\",\"contentUrl\":\"https:\/\/penosil.com\/fi\/wp-content\/uploads\/sites\/5\/2024\/06\/507_Epoxy_FixCoat_507_LT_LV_EE_FI.png\",\"width\":523,\"height\":1080},{\"@type\":\"BreadcrumbList\",\"@id\":\"https:\/\/penosil.com\/fi\/tuotteet\/epoxy-fixcoat-507-epoksiliima-ja-pinnoite\/#breadcrumb\",\"itemListElement\":[{\"@type\":\"ListItem\",\"position\":1,\"name\":\"Home\",\"item\":\"https:\/\/penosil.com\/fi\/\"},{\"@type\":\"ListItem\",\"position\":2,\"name\":\"Tuotteet\",\"item\":\"https:\/\/penosil.com\/fi\/tuotteet\/\"},{\"@type\":\"ListItem\",\"position\":3,\"name\":\"Epoxy Fix&#038;Coat 507\"}]},{\"@type\":\"WebSite\",\"@id\":\"https:\/\/penosil.com\/fi\/#website\",\"url\":\"https:\/\/penosil.com\/fi\/\",\"name\":\"Penosil Finland\",\"description\":\"\",\"potentialAction\":[{\"@type\":\"SearchAction\",\"target\":{\"@type\":\"EntryPoint\",\"urlTemplate\":\"https:\/\/penosil.com\/fi\/?s={search_term_string}\"},\"query-input\":{\"@type\":\"PropertyValueSpecification\",\"valueRequired\":true,\"valueName\":\"search_term_string\"}}],\"inLanguage\":\"fi\"}]}<\/script>\n<!-- \/ Yoast SEO plugin. -->","yoast_head_json":{"title":"PENOSIL Epoxy Fix&Coat 507 kaksikomponenttinen epoksiliima ja pinnoite.","description":"PENOSIL Epoxy Fix&Coat 507 on l\u00e4pin\u00e4kyv\u00e4 kaksikomponenttinen epoksiliima ja pinnoite liimaus- ja t\u00e4ytt\u00f6t\u00f6ihin. Lue lis\u00e4\u00e4!","robots":{"index":"index","follow":"follow","max-snippet":"max-snippet:-1","max-image-preview":"max-image-preview:large","max-video-preview":"max-video-preview:-1"},"canonical":"https:\/\/penosil.com\/fi\/tuotteet\/epoxy-fixcoat-507-epoksiliima-ja-pinnoite\/","og_locale":"fi_FI","og_type":"article","og_title":"PENOSIL Epoxy Fix&Coat 507 kaksikomponenttinen epoksiliima ja pinnoite.","og_description":"PENOSIL Epoxy Fix&Coat 507 on l\u00e4pin\u00e4kyv\u00e4 kaksikomponenttinen epoksiliima ja pinnoite liimaus- ja t\u00e4ytt\u00f6t\u00f6ihin. Lue lis\u00e4\u00e4!","og_url":"https:\/\/penosil.com\/fi\/tuotteet\/epoxy-fixcoat-507-epoksiliima-ja-pinnoite\/","og_site_name":"Penosil Finland","article_modified_time":"2025-04-09T09:38:37+00:00","og_image":[{"width":523,"height":1080,"url":"https:\/\/penosil.com\/fi\/wp-content\/uploads\/sites\/5\/2024\/06\/507_Epoxy_FixCoat_507_LT_LV_EE_FI.png","type":"image\/png"}],"twitter_card":"summary_large_image","twitter_misc":{"Arvioitu lukuaika":"3 minuuttia"},"schema":{"@context":"https:\/\/schema.org","@graph":[{"@type":"WebPage","@id":"https:\/\/penosil.com\/fi\/tuotteet\/epoxy-fixcoat-507-epoksiliima-ja-pinnoite\/","url":"https:\/\/penosil.com\/fi\/tuotteet\/epoxy-fixcoat-507-epoksiliima-ja-pinnoite\/","name":"PENOSIL Epoxy Fix&Coat 507 kaksikomponenttinen epoksiliima ja pinnoite.","isPartOf":{"@id":"https:\/\/penosil.com\/fi\/#website"},"primaryImageOfPage":{"@id":"https:\/\/penosil.com\/fi\/tuotteet\/epoxy-fixcoat-507-epoksiliima-ja-pinnoite\/#primaryimage"},"image":{"@id":"https:\/\/penosil.com\/fi\/tuotteet\/epoxy-fixcoat-507-epoksiliima-ja-pinnoite\/#primaryimage"},"thumbnailUrl":"https:\/\/penosil.com\/fi\/wp-content\/uploads\/sites\/5\/2024\/06\/507_Epoxy_FixCoat_507_LT_LV_EE_FI.png","datePublished":"2024-06-10T12:02:44+00:00","dateModified":"2025-04-09T09:38:37+00:00","description":"PENOSIL Epoxy Fix&Coat 507 on l\u00e4pin\u00e4kyv\u00e4 kaksikomponenttinen epoksiliima ja pinnoite liimaus- ja t\u00e4ytt\u00f6t\u00f6ihin. Lue lis\u00e4\u00e4!","breadcrumb":{"@id":"https:\/\/penosil.com\/fi\/tuotteet\/epoxy-fixcoat-507-epoksiliima-ja-pinnoite\/#breadcrumb"},"inLanguage":"fi","potentialAction":[{"@type":"ReadAction","target":["https:\/\/penosil.com\/fi\/tuotteet\/epoxy-fixcoat-507-epoksiliima-ja-pinnoite\/"]}]},{"@type":"ImageObject","inLanguage":"fi","@id":"https:\/\/penosil.com\/fi\/tuotteet\/epoxy-fixcoat-507-epoksiliima-ja-pinnoite\/#primaryimage","url":"https:\/\/penosil.com\/fi\/wp-content\/uploads\/sites\/5\/2024\/06\/507_Epoxy_FixCoat_507_LT_LV_EE_FI.png","contentUrl":"https:\/\/penosil.com\/fi\/wp-content\/uploads\/sites\/5\/2024\/06\/507_Epoxy_FixCoat_507_LT_LV_EE_FI.png","width":523,"height":1080},{"@type":"BreadcrumbList","@id":"https:\/\/penosil.com\/fi\/tuotteet\/epoxy-fixcoat-507-epoksiliima-ja-pinnoite\/#breadcrumb","itemListElement":[{"@type":"ListItem","position":1,"name":"Home","item":"https:\/\/penosil.com\/fi\/"},{"@type":"ListItem","position":2,"name":"Tuotteet","item":"https:\/\/penosil.com\/fi\/tuotteet\/"},{"@type":"ListItem","position":3,"name":"Epoxy Fix&#038;Coat 507"}]},{"@type":"WebSite","@id":"https:\/\/penosil.com\/fi\/#website","url":"https:\/\/penosil.com\/fi\/","name":"Penosil Finland","description":"","potentialAction":[{"@type":"SearchAction","target":{"@type":"EntryPoint","urlTemplate":"https:\/\/penosil.com\/fi\/?s={search_term_string}"},"query-input":{"@type":"PropertyValueSpecification","valueRequired":true,"valueName":"search_term_string"}}],"inLanguage":"fi"}]}},"featured_img":"https:\/\/penosil.com\/fi\/wp-content\/uploads\/sites\/5\/2024\/06\/507_Epoxy_FixCoat_507_LT_LV_EE_FI.png","coauthors":[],"author_meta":{"author_link":"https:\/\/penosil.com\/fi\/author\/anne\/","display_name":"Anne Lulla"},"relative_dates":{"created":"Posted 2 vuotta ago","modified":"Updated 1 vuosi ago"},"absolute_dates":{"created":"Posted on 10.6.2024","modified":"Updated on 9.4.2025"},"absolute_dates_time":{"created":"Posted on 10.6.2024 12:02","modified":"Updated on 9.4.2025 9:38"},"featured_img_caption":"","tax_additional":{"product_brand":{"linked":[],"unlinked":[],"slug":"product_brand","name":"Br\u00e4ndit"},"product_type":{"linked":["<a href=\"https:\/\/penosil.com\/fi\/?taxonomy=product_type&#038;term=simple\" class=\"advgb-post-tax-term\">simple<\/a>"],"unlinked":["<span class=\"advgb-post-tax-term\">simple<\/span>"],"slug":"product_type","name":"Tuotetyyppi"},"product_visibility":{"linked":[],"unlinked":[],"slug":"product_visibility","name":"Tuotteen n\u00e4kyvyys"},"product_cat":{"linked":["<a href=\"https:\/\/penosil.com\/fi\/tuote-osasto\/kayttokohteet\/\" class=\"advgb-post-tax-term\">K\u00e4ytt\u00f6kohteet<\/a>","<a href=\"https:\/\/penosil.com\/fi\/tuote-osasto\/tuoteryhmat\/liimat-pintakasittely\/pinnoitteet-ja-kalvot\/\" class=\"advgb-post-tax-term\">Pinnoitteet ja kalvot<\/a>","<a href=\"https:\/\/penosil.com\/fi\/tuote-osasto\/tuoteryhmat\/\" class=\"advgb-post-tax-term\">Tuoteryhm\u00e4t<\/a>","<a href=\"https:\/\/penosil.com\/fi\/tuote-osasto\/tuoteryhmat\/liimat-pintakasittely\/\" class=\"advgb-post-tax-term\">Pintak\u00e4sittely<\/a>","<a href=\"https:\/\/penosil.com\/fi\/tuote-osasto\/kayttokohteet\/liimaus\/\" class=\"advgb-post-tax-term\">Liimaus<\/a>"],"unlinked":["<span class=\"advgb-post-tax-term\">K\u00e4ytt\u00f6kohteet<\/span>","<span class=\"advgb-post-tax-term\">Pinnoitteet ja kalvot<\/span>","<span class=\"advgb-post-tax-term\">Tuoteryhm\u00e4t<\/span>","<span class=\"advgb-post-tax-term\">Pintak\u00e4sittely<\/span>","<span class=\"advgb-post-tax-term\">Liimaus<\/span>"],"slug":"product_cat","name":"Osastot"},"product_tag":{"linked":[],"unlinked":[],"slug":"product_tag","name":"Avainsanat tuotteelle"},"product_shipping_class":{"linked":[],"unlinked":[],"slug":"product_shipping_class","name":"Tuotteen toimitusluokat"},"pos_product_visibility":{"linked":[],"unlinked":[],"slug":"pos_product_visibility","name":"POS Product visibility"},"pa_color":{"linked":["<a href=\"https:\/\/penosil.com\/fi\/?taxonomy=pa_color&#038;term=variton\" class=\"advgb-post-tax-term\">V\u00e4rit\u00f6n<\/a>"],"unlinked":["<span class=\"advgb-post-tax-term\">V\u00e4rit\u00f6n<\/span>"],"slug":"pa_color","name":"Product Colour"},"pa_package":{"linked":[],"unlinked":[],"slug":"pa_package","name":"Product Package"},"translation_priority":{"linked":["<a href=\"https:\/\/penosil.com\/fi\/?taxonomy=translation_priority&#038;term=optional-fi\" class=\"advgb-post-tax-term\">Optional<\/a>"],"unlinked":["<span class=\"advgb-post-tax-term\">Optional<\/span>"],"slug":"translation_priority","name":"Translation Priorities"}},"series_order":"","_links":{"self":[{"href":"https:\/\/penosil.com\/fi\/wp-json\/wp\/v2\/product\/9846","targetHints":{"allow":["GET"]}}],"collection":[{"href":"https:\/\/penosil.com\/fi\/wp-json\/wp\/v2\/product"}],"about":[{"href":"https:\/\/penosil.com\/fi\/wp-json\/wp\/v2\/types\/product"}],"version-history":[{"count":2,"href":"https:\/\/penosil.com\/fi\/wp-json\/wp\/v2\/product\/9846\/revisions"}],"predecessor-version":[{"id":10141,"href":"https:\/\/penosil.com\/fi\/wp-json\/wp\/v2\/product\/9846\/revisions\/10141"}],"wp:featuredmedia":[{"embeddable":true,"href":"https:\/\/penosil.com\/fi\/wp-json\/wp\/v2\/media\/9847"}],"wp:attachment":[{"href":"https:\/\/penosil.com\/fi\/wp-json\/wp\/v2\/media?parent=9846"}],"wp:term":[{"taxonomy":"product_brand","embeddable":true,"href":"https:\/\/penosil.com\/fi\/wp-json\/wp\/v2\/product_brand?post=9846"},{"taxonomy":"product_cat","embeddable":true,"href":"https:\/\/penosil.com\/fi\/wp-json\/wp\/v2\/product_cat?post=9846"},{"taxonomy":"product_tag","embeddable":true,"href":"https:\/\/penosil.com\/fi\/wp-json\/wp\/v2\/product_tag?post=9846"}],"curies":[{"name":"wp","href":"https:\/\/api.w.org\/{rel}","templated":true}]}}