{"id":10071,"date":"2024-05-15T07:01:24","date_gmt":"2024-05-15T07:01:24","guid":{"rendered":"https:\/\/penosil.com\/fr\/?page_id=10071"},"modified":"2025-09-22T11:47:08","modified_gmt":"2025-09-22T11:47:08","slug":"invisibles-mais-partout","status":"publish","type":"page","link":"https:\/\/penosil.com\/fr\/developpement-durable-avec-penosil\/invisibles-mais-partout\/","title":{"rendered":"Invisible mais partout"},"content":{"rendered":"<section class=\"pnsl-thin-banner-block\" style=\"background-color: #007F5F; color: #FFFFFF\" aria-label=\"Invisible mais partout\">\n   <div class=\"container d-flex flex-column flex-lg-row align-items-lg-center justify-content-between\">\n      <div class=\"text-wrap\">\n                     <h1>Invisible mais partout<\/h1>\n         \n                     <p>Nos produits sont souvent invisibles mais partout, lorsque le b\u00e2timent est pr\u00eat, ils constituent un <strong>\u00e9l\u00e9ment essentiel du processus de construction<\/strong>.<\/p>\n               <\/div>\n\n               <div id=\"lottie-block_7c6ca0b69c879ca7614e02e087a3b774\" class=\"lottie-animation\" data-path=\"https:\/\/penosil.com\/fr\/wp-content\/themes\/penosil-store\/assets\/lottie\/invisible.json\" data-speed=\"0.75\" role=\"img\" aria-label=\"Decorative animation\"><\/div>\n         <\/div>\n<\/section>\n\n<section class=\"pnsl-energy-efficiency-block d-flex flex-column\">\n   <div class=\"container\">\n               <div class=\"above-lines-text w100\">\n            <p>Les b\u00e2timents sont l&rsquo;un des plus gros consommateurs d&rsquo;\u00e9nergie. Ils repr\u00e9sentent plus de <strong>40% <\/strong>de la consommation mondiale d&rsquo;\u00e9nergie et <strong>33% <\/strong>des \u00e9missions mondiales de CO<sub>2<\/sub>.<\/p>\n         <\/div>\n      \n               <div class=\"lines-text w100\">\n            <p>Nos produits contribuent <strong>activement \u00e0 la lutte contre le changement climatique <\/strong>en am\u00e9liorant l&rsquo;efficacit\u00e9 \u00e9nerg\u00e9tique des b\u00e2timents et en r\u00e9duisant ainsi leurs \u00e9missions de CO<sub>2<\/sub>.<\/p>\n         <\/div>\n      \n               <h2>Comment am\u00e9liorer l\u2019efficacit\u00e9 \u00e9nerg\u00e9tique ?<\/h2>\n         <\/div>\n\n         <div class=\"container accordion-container\">\n         <div class=\"accordion\" role=\"region\" aria-label=\"Energy efficiency topics\">\n                                          <div class=\"item\">\n                  <button type=\"button\" \n                     class=\"title-wrap d-flex align-items-center\" \n                     aria-expanded=\"false\"\n                     aria-controls=\"accordion-panel-0\"\n                     id=\"accordion-header-0\">\n                     <div class=\"number d-flex align-items-center justify-content-center\" aria-hidden=\"true\"><span>1<\/span><\/div>\n                     <div class=\"title d-flex align-items-center\">En isolant thermiquement les structures<\/div>\n                  <\/button>\n                  <div class=\"content\" \n                     id=\"accordion-panel-0\" \n                     role=\"region\" \n                     aria-labelledby=\"accordion-header-0\"\n                     hidden>\n                     <ul>\n<li>Nos mousses PU jointoient les interstices, les fissures et isolent thermiquement les joints, \u00e9vitant ainsi les pertes d&rsquo;\u00e9nergie dans les b\u00e2timents et r\u00e9duisant leurs \u00e9missions de CO<sub>2<\/sub>.<\/li>\n<li>Nos mousses PU permettent d&rsquo;\u00e9conomiser, pendant leur cycle de vie, <strong>70x <\/strong>plus d&rsquo;\u00e9nergie que celle n\u00e9cessaire \u00e0 leur fabrication.<\/li>\n<li><strong>1 kg de mousse PU permet d&rsquo;\u00e9conomiser 1 000 kg de CO<sub>2<\/sub> au cours de son cycle de vie<\/strong>. \u00c0 titre de comparaison, un arbre peut absorber environ 1 000 kg de CO<sub>2<\/sub> en 100 ans.<\/li>\n<li>La mousse de PU est un excellent mat\u00e9riau d&rsquo;isolation car elle peut acc\u00e9der \u00e0 des endroits difficiles d&rsquo;acc\u00e8s et sa conductivit\u00e9 thermique est inf\u00e9rieure \u00e0 celle de la laine min\u00e9rale.<\/li>\n<li>Correctement appliqu\u00e9e, la mousse de PU sert \u00e9galement d&rsquo;isolant acoustique et r\u00e9duit le risque de condensation et de moisissure.<\/li>\n<\/ul>\n\n                     \n                                       <\/div>\n               <\/div>\n                                          <div class=\"item\">\n                  <button type=\"button\" \n                     class=\"title-wrap d-flex align-items-center\" \n                     aria-expanded=\"false\"\n                     aria-controls=\"accordion-panel-1\"\n                     id=\"accordion-header-1\">\n                     <div class=\"number d-flex align-items-center justify-content-center\" aria-hidden=\"true\"><span>2<\/span><\/div>\n                     <div class=\"title d-flex align-items-center\">En am\u00e9liorant l&rsquo;\u00e9tanch\u00e9it\u00e9 des structures<\/div>\n                  <\/button>\n                  <div class=\"content\" \n                     id=\"accordion-panel-1\" \n                     role=\"region\" \n                     aria-labelledby=\"accordion-header-1\"\n                     hidden>\n                     <ul>\n<li>L&rsquo;\u00e9tanch\u00e9it\u00e9 des b\u00e2timents permet d&rsquo;\u00e9viter les fuites d&rsquo;air, les probl\u00e8mes d&rsquo;humidit\u00e9 et de condensation, d&rsquo;accro\u00eetre la s\u00e9curit\u00e9 incendie et de minimiser les probl\u00e8mes de bruit.<\/li>\n<li>Les fuites d&rsquo;air repr\u00e9sentent environ <strong>25 \u00e0 40%<\/strong> des pertes de chaleur dans un climat froid et <strong>10 \u00e0 15%<\/strong> des gains de chaleur dans un climat chaud.<\/li>\n<li>M\u00eame la plus petite fissure non colmat\u00e9e dans la structure peut avoir un impact important sur l&rsquo;efficacit\u00e9 \u00e9nerg\u00e9tique d&rsquo;un b\u00e2timent.<br \/>\nPar exemple, un joint non fait de 1 mm de large dans un mur ext\u00e9rieur en hiver peut <strong>cr\u00e9er des pertes de chaleur 4,8x <\/strong>plus importante qu&rsquo;un joint fait.<\/li>\n<li>Pour am\u00e9liorer l&rsquo;\u00e9tanch\u00e9it\u00e9 \u00e0 l&rsquo;air d&rsquo;un b\u00e2timent, il est essentiel d&rsquo;utiliser des produits d&rsquo;\u00e9tanch\u00e9it\u00e9 pour jointoyer la moindre fissure dans la structure.<\/li>\n<\/ul>\n<p><strong>Les endroits typiques pour les fuites d&rsquo;air sont\u00a0:<\/strong><\/p>\n\n                                             <div class=\"airtightness\" role=\"figure\" aria-label=\"Building airtightness diagram\">\n                           <div class=\"image-wrap\">\n                                                               <img loading=\"lazy\" decoding=\"async\" class=\"d-none d-lg-block\" src=\"https:\/\/penosil.com\/fr\/wp-content\/uploads\/sites\/6\/2024\/05\/Group-437.svg\" width=\"255\" height=\"154\" alt=\"\">\n                              \n                                                               <img loading=\"lazy\" decoding=\"async\" class=\"d-lg-none\" src=\"https:\/\/penosil.com\/fr\/wp-content\/uploads\/sites\/6\/2024\/05\/Group-437-1.svg\" width=\"317\" height=\"410\" alt=\"\">\n                              \n                              <div class=\"texts-wrap\" role=\"list\" aria-label=\"Heat loss breakdown\">\n                                                                     <p class=\"doors\" role=\"listitem\">Portes <strong>10%<\/strong><\/p>\n                                 \n                                                                     <p class=\"windows\" role=\"listitem\">Fen\u00eatres <strong>15%<\/strong><\/p>\n                                 \n                                                                     <p class=\"roof\" role=\"listitem\">Construction de toiture <strong>25%<\/strong><\/p>\n                                 \n                                                                     <p class=\"penetration\" role=\"listitem\">P\u00e9n\u00e9trations \u00e0 travers l&rsquo;enveloppe du b\u00e2timent <strong>15%<\/strong><\/p>\n                                 \n                                                                     <p class=\"building\" role=\"listitem\">Enveloppe du b\u00e2timent <strong>35%<\/strong><\/p>\n                                                               <\/div>\n                           <\/div>\n\n                        <\/div>\n                     \n                                       <\/div>\n               <\/div>\n                                          <div class=\"item\">\n                  <button type=\"button\" \n                     class=\"title-wrap d-flex align-items-center\" \n                     aria-expanded=\"false\"\n                     aria-controls=\"accordion-panel-2\"\n                     id=\"accordion-header-2\">\n                     <div class=\"number d-flex align-items-center justify-content-center\" aria-hidden=\"true\"><span>3<\/span><\/div>\n                     <div class=\"title d-flex align-items-center\">En r\u00e9duisant les ponts thermiques des structures<\/div>\n                  <\/button>\n                  <div class=\"content\" \n                     id=\"accordion-panel-2\" \n                     role=\"region\" \n                     aria-labelledby=\"accordion-header-2\"\n                     hidden>\n                     <ul>\n<li>Des fen\u00eatres et des portes mal install\u00e9es peuvent \u00eatre \u00e0 l&rsquo;origine d&rsquo;importantes pertes de chaleur dans un b\u00e2timent.<\/li>\n<li>Penosil propose diverses solutions de construction \u00e0 haut rendement \u00e9nerg\u00e9tique <strong>pour l&rsquo;installation des fen\u00eatres et l&rsquo;\u00e9tanch\u00e9it\u00e9 des fa\u00e7ades<\/strong>.<\/li>\n<li>S&rsquo;ils sont utilis\u00e9s ensemble et dans le bon ordre, les produits de la solution <strong>Installation de fen\u00eatres \u00e0 haut rendement \u00e9nerg\u00e9tique\u00a0<\/strong>contribuent \u00e0 minimiser les ponts thermiques d&rsquo;une structure et ses \u00e9missions de CO<sub>2<\/sub>.<\/li>\n<li style=\"list-style-type: none;\"><\/li>\n<\/ul>\n\n                     \n                                             <div class=\"text-before-icon\">\n                           <p class=\"open-sus-modal open-thermal-bridges-modal\">Les ponts thermiques, qu&rsquo;est-ce que c&rsquo;est ?<\/p>\n                           <button type=\"button\" \n                              class=\"open-sus-modal open-thermal-bridges-modal\"\n                              aria-label=\"Open thermal bridges information\">\n                              <img loading=\"lazy\" decoding=\"async\" src=\"https:\/\/penosil.com\/fr\/wp-content\/themes\/penosil-store\/images\/icons\/sus-info.svg\" width=\"52\" height=\"63\" alt=\"\" aria-hidden=\"true\">\n                           <\/button>\n                        <\/div>\n                                       <\/div>\n               <\/div>\n                     <\/div>\n      <\/div>\n   \n         <div class=\"sustainability-modal thermal-bridges-modal\" role=\"dialog\" aria-modal=\"true\" aria-labelledby=\"modal-title-thermal-bridges-modal\" hidden>\n\t<div class=\"modal_wrapper\">\n\t\t<div class=\"modal_content\">\n\t\t\t<button type=\"button\" class=\"close_modal\" aria-label=\"Close\"><\/button>\n\n\t\t\t<div class=\"content_wrapper\">\n\t\t\t\t<div class=\"modal_main w100 d-flex flex-column flex-lg-row\">\n\t\t\t\t\t<div class=\"text_wrapper\">\n\t\t\t\t\t\t\t\t\t\t\t<h2 id=\"modal-title-thermal-bridges-modal\">Les ponts thermiques, qu&rsquo;est-ce que c&rsquo;est ?<\/h2>\n\t\t\t\t\t\n\t\t\t\t\t\t\t\t\t\t\t<p>Les ponts thermiques sont <strong>les parties de la structure du b\u00e2timent <\/strong>o\u00f9 le coefficient de transmission thermique est localement <strong>beaucoup plus \u00e9lev\u00e9 <\/strong>que dans le reste de la structure.<\/p>\n<p><strong>Les ponts thermiques dans les b\u00e2timents sont g\u00e9n\u00e9ralement\u00a0:<\/strong><\/p>\n<ul>\n<li>Angles des murs ext\u00e9rieurs et cadres des fen\u00eatres et des portes<\/li>\n<li>Joints de raccordement des murs ext\u00e9rieurs et des planchers, des murs et des toits<\/li>\n<\/ul>\n\t\t\t\t\t\t\t\t\t\t<\/div>\n\n\t\t\t\t\t\t\t\t\t\t<div class=\"image_wrapper\">\n\t\t\t\t\t\t<img loading=\"lazy\" decoding=\"async\" src=\"https:\/\/penosil.com\/fr\/wp-content\/uploads\/sites\/6\/2024\/05\/Heat-scanning-in-new-flat-2-scaled-1.jpg\" width=\"2560\" height=\"1918\" alt=\"photo d'une cam\u00e9ra infrarouge qui scanne une menuiserie blanche dans une pi\u00e8ce blanche en parquet\">\n\t\t\t\t\t<\/div>\n\t\t\t\t\t\t\t\t\t<\/div>\n\t\t\t<\/div>\n\t\t<\/div>\n\t<\/div>\n<\/div>   <\/section>\n\n<section class=\"pnsl-icon-hovers-block\" aria-label=\"Interactive Icon Navigation\">\n   <div class=\"container\">\n               <h2>Aller au prochain sujet de d\u00e9veloppement durable <\/h2>\n         <\/div>\n\n         <div class=\"container icons-container\">\n         <ul class=\"icons d-flex align-items-center justify-content-center justify-content-lg-between flex-wrap\" role=\"list\">\n                                          <li class=\"icon\">\n                  <a href=\"https:\/\/penosil.com\/fr\/developpement-durable-avec-penosil\/durabilite-des-produits\/\"\n                     class=\"icon-link d-flex align-items-center justify-content-center\"\n                     style=\"--bg-color: #b7e4c7; --text-color: #ffffff\"\n                     >\n                     <span class=\"icon-image\" aria-hidden=\"true\">\n                        <img loading=\"lazy\" decoding=\"async\" src=\"https:\/\/penosil.com\/fr\/wp-content\/uploads\/sites\/6\/2024\/05\/Icons.svg\" width=\"68\" height=\"67\" alt=\"\">\n                     <\/span>\n                     <span class=\"icon-label\">Durabilit\u00e9<\/span>\n                  <\/a>\n               <\/li>\n                                          <li class=\"icon\">\n                  <a href=\"https:\/\/penosil.com\/fr\/developpement-durable-avec-penosil\/composants-durables-chez-penosil\/\"\n                     class=\"icon-link d-flex align-items-center justify-content-center\"\n                     style=\"--bg-color: #52b788; --text-color: #fff\"\n                     >\n                     <span class=\"icon-image\" aria-hidden=\"true\">\n                        <img loading=\"lazy\" decoding=\"async\" src=\"https:\/\/penosil.com\/fr\/wp-content\/uploads\/sites\/6\/2024\/05\/Group-409.svg\" width=\"72\" height=\"75\" alt=\"\">\n                     <\/span>\n                     <span class=\"icon-label\">Composants durables<\/span>\n                  <\/a>\n               <\/li>\n                                          <li class=\"icon\">\n                  <a href=\"https:\/\/penosil.com\/fr\/developpement-durable-avec-penosil\/energies-renouvelables-chez-penosil\/\"\n                     class=\"icon-link d-flex align-items-center justify-content-center\"\n                     style=\"--bg-color: #40916c; --text-color: #fff\"\n                     >\n                     <span class=\"icon-image\" aria-hidden=\"true\">\n                        <img loading=\"lazy\" decoding=\"async\" src=\"https:\/\/penosil.com\/fr\/wp-content\/uploads\/sites\/6\/2024\/05\/48x48_Icons.svg\" width=\"76\" height=\"73\" alt=\"\">\n                     <\/span>\n                     <span class=\"icon-label\">Energies renouvelables<\/span>\n                  <\/a>\n               <\/li>\n                                          <li class=\"icon\">\n                  <a href=\"https:\/\/penosil.com\/fr\/developpement-durable-avec-penosil\/innovation-developpement-durable\/\"\n                     class=\"icon-link d-flex align-items-center justify-content-center\"\n                     style=\"--bg-color: #1b4332; --text-color: #fff\"\n                     >\n                     <span class=\"icon-image\" aria-hidden=\"true\">\n                        <img loading=\"lazy\" decoding=\"async\" src=\"https:\/\/penosil.com\/fr\/wp-content\/uploads\/sites\/6\/2024\/05\/Group-410.svg\" width=\"88\" height=\"94\" alt=\"\">\n                     <\/span>\n                     <span class=\"icon-label\">Innovation<\/span>\n                  <\/a>\n               <\/li>\n                                          <li class=\"icon\">\n                  <a href=\"https:\/\/penosil.com\/fr\/developpement-durable-avec-penosil\/un-environnement-de-vie-plus-sur\/\"\n                     class=\"icon-link d-flex align-items-center justify-content-center\"\n                     style=\"--bg-color: #426a5a; --text-color: #fff\"\n                     >\n                     <span class=\"icon-image\" aria-hidden=\"true\">\n                        <img loading=\"lazy\" decoding=\"async\" src=\"https:\/\/penosil.com\/fr\/wp-content\/uploads\/sites\/6\/2024\/05\/Group-416.svg\" width=\"79\" height=\"90\" alt=\"\">\n                     <\/span>\n                     <span class=\"icon-label\">Un environnement de vie plus sur<\/span>\n                  <\/a>\n               <\/li>\n                                          <li class=\"icon\">\n                  <a href=\"https:\/\/penosil.com\/fr\/developpement-durable-avec-penosil\/gestion-des-dechets\/\"\n                     class=\"icon-link d-flex align-items-center justify-content-center\"\n                     style=\"--bg-color: #25a18e; --text-color: #fff\"\n                     >\n                     <span class=\"icon-image\" aria-hidden=\"true\">\n                        <img loading=\"lazy\" decoding=\"async\" src=\"https:\/\/penosil.com\/fr\/wp-content\/uploads\/sites\/6\/2024\/05\/Group-415.svg\" width=\"82\" height=\"75\" alt=\"\">\n                     <\/span>\n                     <span class=\"icon-label\">Gestion des d\u00e9chets<\/span>\n                  <\/a>\n               <\/li>\n                     <\/ul>\n      <\/div>\n   <\/section>","protected":false},"excerpt":{"rendered":"","protected":false},"author":105,"featured_media":0,"parent":10062,"menu_order":0,"comment_status":"closed","ping_status":"closed","template":"page-templates\/template-no-title.php","meta":{"_acf_changed":false,"advgb_blocks_editor_width":"","advgb_blocks_columns_visual_guide":"","footnotes":""},"class_list":["post-10071","page","type-page","status-publish","hentry"],"acf":[],"yoast_head":"<!-- This site is optimized with the Yoast SEO plugin v27.2 - https:\/\/yoast.com\/product\/yoast-seo-wordpress\/ -->\n<title>Invisibles mais partout<\/title>\n<meta name=\"description\" content=\"Nos produits sont souvent invisibles mais partout, ils constituent un \u00e9l\u00e9ment essentiel du processus de construction.\" \/>\n<meta name=\"robots\" content=\"index, follow, max-snippet:-1, max-image-preview:large, max-video-preview:-1\" \/>\n<link rel=\"canonical\" href=\"https:\/\/penosil.com\/fr\/developpement-durable-avec-penosil\/invisibles-mais-partout\/\" \/>\n<meta property=\"og:locale\" content=\"fr_FR\" \/>\n<meta property=\"og:type\" content=\"article\" \/>\n<meta property=\"og:title\" content=\"Invisibles mais partout\" \/>\n<meta property=\"og:description\" content=\"Nos produits sont souvent invisibles mais partout, ils constituent un \u00e9l\u00e9ment essentiel du processus de construction.\" \/>\n<meta property=\"og:url\" content=\"https:\/\/penosil.com\/fr\/developpement-durable-avec-penosil\/invisibles-mais-partout\/\" \/>\n<meta property=\"og:site_name\" content=\"Penosil France\" \/>\n<meta property=\"article:modified_time\" content=\"2025-09-22T11:47:08+00:00\" \/>\n<meta name=\"twitter:card\" content=\"summary_large_image\" \/>\n<meta name=\"twitter:label1\" content=\"Dur\u00e9e de lecture estim\u00e9e\" \/>\n\t<meta name=\"twitter:data1\" content=\"5 minutes\" \/>\n<script type=\"application\/ld+json\" class=\"yoast-schema-graph\">{\"@context\":\"https:\/\/schema.org\",\"@graph\":[{\"@type\":\"WebPage\",\"@id\":\"https:\/\/penosil.com\/fr\/developpement-durable-avec-penosil\/invisibles-mais-partout\/\",\"url\":\"https:\/\/penosil.com\/fr\/developpement-durable-avec-penosil\/invisibles-mais-partout\/\",\"name\":\"Invisibles mais partout\",\"isPartOf\":{\"@id\":\"https:\/\/penosil.com\/fr\/#website\"},\"datePublished\":\"2024-05-15T07:01:24+00:00\",\"dateModified\":\"2025-09-22T11:47:08+00:00\",\"description\":\"Nos produits sont souvent invisibles mais partout, ils constituent un \u00e9l\u00e9ment essentiel du processus de construction.\",\"breadcrumb\":{\"@id\":\"https:\/\/penosil.com\/fr\/developpement-durable-avec-penosil\/invisibles-mais-partout\/#breadcrumb\"},\"inLanguage\":\"fr-FR\",\"potentialAction\":[{\"@type\":\"ReadAction\",\"target\":[\"https:\/\/penosil.com\/fr\/developpement-durable-avec-penosil\/invisibles-mais-partout\/\"]}]},{\"@type\":\"BreadcrumbList\",\"@id\":\"https:\/\/penosil.com\/fr\/developpement-durable-avec-penosil\/invisibles-mais-partout\/#breadcrumb\",\"itemListElement\":[{\"@type\":\"ListItem\",\"position\":1,\"name\":\"Accueil\",\"item\":\"https:\/\/penosil.com\/fr\/\"},{\"@type\":\"ListItem\",\"position\":2,\"name\":\"D\u00e9veloppement Durable\",\"item\":\"https:\/\/penosil.com\/fr\/developpement-durable-avec-penosil\/\"},{\"@type\":\"ListItem\",\"position\":3,\"name\":\"Invisible mais partout\"}]},{\"@type\":\"WebSite\",\"@id\":\"https:\/\/penosil.com\/fr\/#website\",\"url\":\"https:\/\/penosil.com\/fr\/\",\"name\":\"Penosil France\",\"description\":\"\",\"potentialAction\":[{\"@type\":\"SearchAction\",\"target\":{\"@type\":\"EntryPoint\",\"urlTemplate\":\"https:\/\/penosil.com\/fr\/?s={search_term_string}\"},\"query-input\":{\"@type\":\"PropertyValueSpecification\",\"valueRequired\":true,\"valueName\":\"search_term_string\"}}],\"inLanguage\":\"fr-FR\"}]}<\/script>\n<!-- \/ Yoast SEO plugin. -->","yoast_head_json":{"title":"Invisibles mais partout","description":"Nos produits sont souvent invisibles mais partout, ils constituent un \u00e9l\u00e9ment essentiel du processus de construction.","robots":{"index":"index","follow":"follow","max-snippet":"max-snippet:-1","max-image-preview":"max-image-preview:large","max-video-preview":"max-video-preview:-1"},"canonical":"https:\/\/penosil.com\/fr\/developpement-durable-avec-penosil\/invisibles-mais-partout\/","og_locale":"fr_FR","og_type":"article","og_title":"Invisibles mais partout","og_description":"Nos produits sont souvent invisibles mais partout, ils constituent un \u00e9l\u00e9ment essentiel du processus de construction.","og_url":"https:\/\/penosil.com\/fr\/developpement-durable-avec-penosil\/invisibles-mais-partout\/","og_site_name":"Penosil France","article_modified_time":"2025-09-22T11:47:08+00:00","twitter_card":"summary_large_image","twitter_misc":{"Dur\u00e9e de lecture estim\u00e9e":"5 minutes"},"schema":{"@context":"https:\/\/schema.org","@graph":[{"@type":"WebPage","@id":"https:\/\/penosil.com\/fr\/developpement-durable-avec-penosil\/invisibles-mais-partout\/","url":"https:\/\/penosil.com\/fr\/developpement-durable-avec-penosil\/invisibles-mais-partout\/","name":"Invisibles mais partout","isPartOf":{"@id":"https:\/\/penosil.com\/fr\/#website"},"datePublished":"2024-05-15T07:01:24+00:00","dateModified":"2025-09-22T11:47:08+00:00","description":"Nos produits sont souvent invisibles mais partout, ils constituent un \u00e9l\u00e9ment essentiel du processus de construction.","breadcrumb":{"@id":"https:\/\/penosil.com\/fr\/developpement-durable-avec-penosil\/invisibles-mais-partout\/#breadcrumb"},"inLanguage":"fr-FR","potentialAction":[{"@type":"ReadAction","target":["https:\/\/penosil.com\/fr\/developpement-durable-avec-penosil\/invisibles-mais-partout\/"]}]},{"@type":"BreadcrumbList","@id":"https:\/\/penosil.com\/fr\/developpement-durable-avec-penosil\/invisibles-mais-partout\/#breadcrumb","itemListElement":[{"@type":"ListItem","position":1,"name":"Accueil","item":"https:\/\/penosil.com\/fr\/"},{"@type":"ListItem","position":2,"name":"D\u00e9veloppement Durable","item":"https:\/\/penosil.com\/fr\/developpement-durable-avec-penosil\/"},{"@type":"ListItem","position":3,"name":"Invisible mais partout"}]},{"@type":"WebSite","@id":"https:\/\/penosil.com\/fr\/#website","url":"https:\/\/penosil.com\/fr\/","name":"Penosil France","description":"","potentialAction":[{"@type":"SearchAction","target":{"@type":"EntryPoint","urlTemplate":"https:\/\/penosil.com\/fr\/?s={search_term_string}"},"query-input":{"@type":"PropertyValueSpecification","valueRequired":true,"valueName":"search_term_string"}}],"inLanguage":"fr-FR"}]}},"coauthors":[],"author_meta":{"author_link":"https:\/\/penosil.com\/fr\/author\/kevinreaktiiv\/","display_name":"kevinreaktiiv"},"relative_dates":{"created":"Publi\u00e9 2 ans il y a","modified":"Mis \u00e0 jour 7 mois il y a"},"absolute_dates":{"created":"Publi\u00e9 le 15 mai 2024","modified":"Mise \u00e0 jour le 22 septembre 2025"},"absolute_dates_time":{"created":"Publi\u00e9 le 15 mai 2024 7h01","modified":"Mise \u00e0 jour le 22 septembre 2025 11h47"},"featured_img_caption":"","featured_img":false,"series_order":"","_links":{"self":[{"href":"https:\/\/penosil.com\/fr\/wp-json\/wp\/v2\/pages\/10071","targetHints":{"allow":["GET"]}}],"collection":[{"href":"https:\/\/penosil.com\/fr\/wp-json\/wp\/v2\/pages"}],"about":[{"href":"https:\/\/penosil.com\/fr\/wp-json\/wp\/v2\/types\/page"}],"author":[{"embeddable":true,"href":"https:\/\/penosil.com\/fr\/wp-json\/wp\/v2\/users\/105"}],"replies":[{"embeddable":true,"href":"https:\/\/penosil.com\/fr\/wp-json\/wp\/v2\/comments?post=10071"}],"version-history":[{"count":13,"href":"https:\/\/penosil.com\/fr\/wp-json\/wp\/v2\/pages\/10071\/revisions"}],"predecessor-version":[{"id":11644,"href":"https:\/\/penosil.com\/fr\/wp-json\/wp\/v2\/pages\/10071\/revisions\/11644"}],"up":[{"embeddable":true,"href":"https:\/\/penosil.com\/fr\/wp-json\/wp\/v2\/pages\/10062"}],"wp:attachment":[{"href":"https:\/\/penosil.com\/fr\/wp-json\/wp\/v2\/media?parent=10071"}],"curies":[{"name":"wp","href":"https:\/\/api.w.org\/{rel}","templated":true}]}}