{"id":10077,"date":"2024-05-15T07:02:17","date_gmt":"2024-05-15T07:02:17","guid":{"rendered":"https:\/\/penosil.com\/fr\/?page_id=10077"},"modified":"2025-09-22T11:39:00","modified_gmt":"2025-09-22T11:39:00","slug":"durabilite-des-produits","status":"publish","type":"page","link":"https:\/\/penosil.com\/fr\/developpement-durable-avec-penosil\/durabilite-des-produits\/","title":{"rendered":"Durabilit\u00e9"},"content":{"rendered":"<section class=\"pnsl-thin-banner-block\" style=\"background-color: #b7e4c7; color: #007f5f\" aria-label=\"Durabilit\u00e9\">\n   <div class=\"container d-flex flex-column flex-lg-row align-items-lg-center justify-content-between\">\n      <div class=\"text-wrap\">\n                     <h1>Durabilit\u00e9<\/h1>\n         \n                     <p>La <strong>qualit\u00e9 et la durabilit\u00e9<\/strong> des produits sont l&rsquo;une de nos principales priorit\u00e9s.<\/p>\n               <\/div>\n\n               <div id=\"lottie-block_ab8583ceea33c34b15aef11537607492\" class=\"lottie-animation\" data-path=\"https:\/\/penosil.com\/fr\/wp-content\/themes\/penosil-store\/assets\/lottie\/durability.json\" data-speed=\"0.75\" role=\"img\" aria-label=\"Decorative animation\"><\/div>\n         <\/div>\n<\/section>\n\n<section class=\"pnsl-durability-block d-flex flex-column\" aria-label=\"Product Durability Information\">\n   <div class=\"container angles-container\">\n      <div class=\"angles d-flex flex-column flex-lg-row align-items-center align-items-lg-stretch\">\n                     <div class=\"red d-flex align-items-center justify-content-center\" role=\"complementary\" aria-label=\"Key Durability Highlight\">\n               <p>Pourquoi<a href=\"https:\/\/penosil.com\/fr\/categorie-produit\/domaines-dapplication\/construction-durable\/\"> nos produits <\/a>sont durables\u00a0?<\/p>\n            <\/div>\n         \n                     <div class=\"gray d-flex align-items-center justify-content-center\" role=\"complementary\" aria-label=\"Durability Details\">\n               <div class=\"gray-text\">\n                  <ul>\n<li>Nous travaillons constamment \u00e0 l&rsquo;optimisation de l&rsquo;\u00e9quilibre entre la <strong>dur\u00e9e de vie d&rsquo;un produit <\/strong>et son <strong>impact sur l&rsquo;environnement<\/strong>.<\/li>\n<li>Par exemple, un produit ayant un impact environnemental plus \u00e9lev\u00e9 peut avoir une <strong>dur\u00e9e de vie plus longue <\/strong>et donc \u00eatre plus durable.<\/li>\n<\/ul>\n               <\/div>\n            <\/div>\n               <\/div>\n   <\/div>\n\n         <div class=\"container text-container\">\n         <div class=\"regular-text\" role=\"region\" aria-label=\"Additional Durability Information\">\n            <h3><strong><span style=\"color: #e30000;\">Les mousses PU<\/span><\/strong><\/h3>\n<p>Si la mousse PU <strong>est appliqu\u00e9e correctement et dans de bonnes conditions<\/strong>, elle peut conserver ses propri\u00e9t\u00e9s isolantes pendant de nombreuses ann\u00e9es.<\/p>\n<p>Les <strong>rayons UV <\/strong>constituent la principale menace pour la durabilit\u00e9 de la mousse de PU. Pour garantir la long\u00e9vit\u00e9 de la mousse PU, il est toujours <strong>recommand\u00e9 de recouvrir la mousse PU durcie <\/strong>d&rsquo;un mat\u00e9riau opaque tel que la peinture, le pl\u00e2tre, etc. Si elle reste expos\u00e9e, les rayons UV peuvent endommager la structure de la mousse et lui faire perdre ses propri\u00e9t\u00e9s isolantes.<\/p>\n<h3><strong><span style=\"color: #e30000;\">Les produits d&rsquo;\u00e9tanch\u00e9it\u00e9<\/span><\/strong><\/h3>\n<p>Tout comme la structure de la mousse PU est affect\u00e9e par les rayons UV, les produits d&rsquo;\u00e9tanch\u00e9it\u00e9 sont sensibles aux <strong>niveaux \u00e9lev\u00e9s d&rsquo;humidit\u00e9<\/strong>. Bien que notre gamme de produits contienne des produits d&rsquo;\u00e9tanch\u00e9it\u00e9 avec des fongicides ajout\u00e9s, m\u00eame le produit d&rsquo;\u00e9tanch\u00e9it\u00e9 le plus efficace contre les moisissures peut, avec le temps, d\u00e9velopper des moisissures dans un endroit mal ventil\u00e9.<\/p>\n<p><strong>Pour garantir une longue dur\u00e9e de vie \u00e0 vos surfaces jointoy\u00e9es, <\/strong>il est important de :<\/p>\n<ul>\n<li>Choisir le type de mastic adapt\u00e9 \u00e0 la t\u00e2che \u00e0 accomplir (anti-moisissure, \u00e9lastique, \u00e0 peindre, etc.)<\/li>\n<li>Suivre scrupuleusement les instructions d&rsquo;application<\/li>\n<li>Minimiser les conditions potentiellement dommageables telles que le manque de ventilation et une humidit\u00e9 \u00e9lev\u00e9e constante<\/li>\n<\/ul>\n         <\/div>\n      <\/div>\n   \n         <div class=\"container text-container\">\n         <div class=\"text-between-lines\" role=\"region\" aria-label=\"Highlighted Durability Statement\">\n            <p>Des structures correctement isol\u00e9es et \u00e9tanches permettent de <strong>r\u00e9duire les d\u00e9penses de r\u00e9novation, de chauffage et de climatisation <\/strong>pendant de nombreuses ann\u00e9es.<\/p>\n         <\/div>\n      <\/div>\n   <\/section>\n\n<section class=\"pnsl-icon-hovers-block\" aria-label=\"Interactive Icon Navigation\">\n   <div class=\"container\">\n               <h2>Aller au prochain sujet de d\u00e9veloppement durable<\/h2>\n         <\/div>\n\n         <div class=\"container icons-container\">\n         <ul class=\"icons d-flex align-items-center justify-content-center justify-content-lg-between flex-wrap\" role=\"list\">\n                                          <li class=\"icon\">\n                  <a href=\"https:\/\/penosil.com\/fr\/developpement-durable-avec-penosil\/composants-durables-chez-penosil\/\"\n                     class=\"icon-link d-flex align-items-center justify-content-center\"\n                     style=\"--bg-color: #52b788; --text-color: #fff\"\n                     >\n                     <span class=\"icon-image\" aria-hidden=\"true\">\n                        <img loading=\"lazy\" decoding=\"async\" src=\"https:\/\/penosil.com\/fr\/wp-content\/uploads\/sites\/6\/2024\/05\/Group-409.svg\" width=\"72\" height=\"75\" alt=\"\">\n                     <\/span>\n                     <span class=\"icon-label\">Composants durables<\/span>\n                  <\/a>\n               <\/li>\n                                          <li class=\"icon\">\n                  <a href=\"https:\/\/penosil.com\/fr\/developpement-durable-avec-penosil\/energies-renouvelables-chez-penosil\/\"\n                     class=\"icon-link d-flex align-items-center justify-content-center\"\n                     style=\"--bg-color: #40916c; --text-color: #fff\"\n                     >\n                     <span class=\"icon-image\" aria-hidden=\"true\">\n                        <img loading=\"lazy\" decoding=\"async\" src=\"https:\/\/penosil.com\/fr\/wp-content\/uploads\/sites\/6\/2024\/05\/48x48_Icons.svg\" width=\"76\" height=\"73\" alt=\"\">\n                     <\/span>\n                     <span class=\"icon-label\">Energies renouvelables<\/span>\n                  <\/a>\n               <\/li>\n                                          <li class=\"icon\">\n                  <a href=\"https:\/\/penosil.com\/fr\/developpement-durable-avec-penosil\/innovation-developpement-durable\/\"\n                     class=\"icon-link d-flex align-items-center justify-content-center\"\n                     style=\"--bg-color: #1b4332; --text-color: #fff\"\n                     >\n                     <span class=\"icon-image\" aria-hidden=\"true\">\n                        <img loading=\"lazy\" decoding=\"async\" src=\"https:\/\/penosil.com\/fr\/wp-content\/uploads\/sites\/6\/2024\/05\/Group-410.svg\" width=\"88\" height=\"94\" alt=\"\">\n                     <\/span>\n                     <span class=\"icon-label\">Innovation<\/span>\n                  <\/a>\n               <\/li>\n                                          <li class=\"icon\">\n                  <a href=\"https:\/\/penosil.com\/fr\/developpement-durable-avec-penosil\/un-environnement-de-vie-plus-sur\/\"\n                     class=\"icon-link d-flex align-items-center justify-content-center\"\n                     style=\"--bg-color: #426a5a; --text-color: #fff\"\n                     >\n                     <span class=\"icon-image\" aria-hidden=\"true\">\n                        <img loading=\"lazy\" decoding=\"async\" src=\"https:\/\/penosil.com\/fr\/wp-content\/uploads\/sites\/6\/2024\/05\/Group-416.svg\" width=\"79\" height=\"90\" alt=\"\">\n                     <\/span>\n                     <span class=\"icon-label\">Un environnement de vie plus sur<\/span>\n                  <\/a>\n               <\/li>\n                                          <li class=\"icon\">\n                  <a href=\"https:\/\/penosil.com\/fr\/developpement-durable-avec-penosil\/gestion-des-dechets\/\"\n                     class=\"icon-link d-flex align-items-center justify-content-center\"\n                     style=\"--bg-color: #25a18e; --text-color: #fff\"\n                     >\n                     <span class=\"icon-image\" aria-hidden=\"true\">\n                        <img loading=\"lazy\" decoding=\"async\" src=\"https:\/\/penosil.com\/fr\/wp-content\/uploads\/sites\/6\/2024\/05\/Group-415.svg\" width=\"82\" height=\"75\" alt=\"\">\n                     <\/span>\n                     <span class=\"icon-label\">Gestion des d\u00e9chets<\/span>\n                  <\/a>\n               <\/li>\n                                          <li class=\"icon\">\n                  <a href=\"https:\/\/penosil.com\/fr\/developpement-durable-avec-penosil\/invisibles-mais-partout\/\"\n                     class=\"icon-link d-flex align-items-center justify-content-center\"\n                     style=\"--bg-color: #007F5F; --text-color: #fff\"\n                     >\n                     <span class=\"icon-image\" aria-hidden=\"true\">\n                        <img loading=\"lazy\" decoding=\"async\" src=\"https:\/\/penosil.com\/fr\/wp-content\/uploads\/sites\/6\/2024\/05\/Group-393.svg\" width=\"87\" height=\"79\" alt=\"\">\n                     <\/span>\n                     <span class=\"icon-label\">Invisible mais partout<\/span>\n                  <\/a>\n               <\/li>\n                     <\/ul>\n      <\/div>\n   <\/section>","protected":false},"excerpt":{"rendered":"","protected":false},"author":105,"featured_media":0,"parent":10062,"menu_order":0,"comment_status":"closed","ping_status":"closed","template":"page-templates\/template-no-title.php","meta":{"_acf_changed":false,"advgb_blocks_editor_width":"","advgb_blocks_columns_visual_guide":"","footnotes":""},"class_list":["post-10077","page","type-page","status-publish","hentry"],"acf":[],"yoast_head":"<!-- This site is optimized with the Yoast SEO plugin v27.2 - https:\/\/yoast.com\/product\/yoast-seo-wordpress\/ -->\n<title>Durabilit\u00e9 - Penosil France<\/title>\n<meta name=\"description\" content=\"Chez Penosil, la qualit\u00e9 et la durabilit\u00e9 des produits sont l&#039;une de nos principales priorit\u00e9s. Pourquoi nos produits sont durables ?\" \/>\n<meta name=\"robots\" content=\"index, follow, max-snippet:-1, max-image-preview:large, max-video-preview:-1\" \/>\n<link rel=\"canonical\" href=\"https:\/\/penosil.com\/fr\/developpement-durable-avec-penosil\/durabilite-des-produits\/\" \/>\n<meta property=\"og:locale\" content=\"fr_FR\" \/>\n<meta property=\"og:type\" content=\"article\" \/>\n<meta property=\"og:title\" content=\"Durabilit\u00e9 - Penosil France\" \/>\n<meta property=\"og:description\" content=\"Chez Penosil, la qualit\u00e9 et la durabilit\u00e9 des produits sont l&#039;une de nos principales priorit\u00e9s. Pourquoi nos produits sont durables ?\" \/>\n<meta property=\"og:url\" content=\"https:\/\/penosil.com\/fr\/developpement-durable-avec-penosil\/durabilite-des-produits\/\" \/>\n<meta property=\"og:site_name\" content=\"Penosil France\" \/>\n<meta property=\"article:modified_time\" content=\"2025-09-22T11:39:00+00:00\" \/>\n<meta name=\"twitter:card\" content=\"summary_large_image\" \/>\n<meta name=\"twitter:label1\" content=\"Dur\u00e9e de lecture estim\u00e9e\" \/>\n\t<meta name=\"twitter:data1\" content=\"3 minutes\" \/>\n<script type=\"application\/ld+json\" class=\"yoast-schema-graph\">{\"@context\":\"https:\/\/schema.org\",\"@graph\":[{\"@type\":\"WebPage\",\"@id\":\"https:\/\/penosil.com\/fr\/developpement-durable-avec-penosil\/durabilite-des-produits\/\",\"url\":\"https:\/\/penosil.com\/fr\/developpement-durable-avec-penosil\/durabilite-des-produits\/\",\"name\":\"Durabilit\u00e9 - Penosil France\",\"isPartOf\":{\"@id\":\"https:\/\/penosil.com\/fr\/#website\"},\"datePublished\":\"2024-05-15T07:02:17+00:00\",\"dateModified\":\"2025-09-22T11:39:00+00:00\",\"description\":\"Chez Penosil, la qualit\u00e9 et la durabilit\u00e9 des produits sont l'une de nos principales priorit\u00e9s. Pourquoi nos produits sont durables ?\",\"breadcrumb\":{\"@id\":\"https:\/\/penosil.com\/fr\/developpement-durable-avec-penosil\/durabilite-des-produits\/#breadcrumb\"},\"inLanguage\":\"fr-FR\",\"potentialAction\":[{\"@type\":\"ReadAction\",\"target\":[\"https:\/\/penosil.com\/fr\/developpement-durable-avec-penosil\/durabilite-des-produits\/\"]}]},{\"@type\":\"BreadcrumbList\",\"@id\":\"https:\/\/penosil.com\/fr\/developpement-durable-avec-penosil\/durabilite-des-produits\/#breadcrumb\",\"itemListElement\":[{\"@type\":\"ListItem\",\"position\":1,\"name\":\"Accueil\",\"item\":\"https:\/\/penosil.com\/fr\/\"},{\"@type\":\"ListItem\",\"position\":2,\"name\":\"D\u00e9veloppement Durable\",\"item\":\"https:\/\/penosil.com\/fr\/developpement-durable-avec-penosil\/\"},{\"@type\":\"ListItem\",\"position\":3,\"name\":\"Durabilit\u00e9\"}]},{\"@type\":\"WebSite\",\"@id\":\"https:\/\/penosil.com\/fr\/#website\",\"url\":\"https:\/\/penosil.com\/fr\/\",\"name\":\"Penosil France\",\"description\":\"\",\"potentialAction\":[{\"@type\":\"SearchAction\",\"target\":{\"@type\":\"EntryPoint\",\"urlTemplate\":\"https:\/\/penosil.com\/fr\/?s={search_term_string}\"},\"query-input\":{\"@type\":\"PropertyValueSpecification\",\"valueRequired\":true,\"valueName\":\"search_term_string\"}}],\"inLanguage\":\"fr-FR\"}]}<\/script>\n<!-- \/ Yoast SEO plugin. -->","yoast_head_json":{"title":"Durabilit\u00e9 - Penosil France","description":"Chez Penosil, la qualit\u00e9 et la durabilit\u00e9 des produits sont l'une de nos principales priorit\u00e9s. Pourquoi nos produits sont durables ?","robots":{"index":"index","follow":"follow","max-snippet":"max-snippet:-1","max-image-preview":"max-image-preview:large","max-video-preview":"max-video-preview:-1"},"canonical":"https:\/\/penosil.com\/fr\/developpement-durable-avec-penosil\/durabilite-des-produits\/","og_locale":"fr_FR","og_type":"article","og_title":"Durabilit\u00e9 - Penosil France","og_description":"Chez Penosil, la qualit\u00e9 et la durabilit\u00e9 des produits sont l'une de nos principales priorit\u00e9s. Pourquoi nos produits sont durables ?","og_url":"https:\/\/penosil.com\/fr\/developpement-durable-avec-penosil\/durabilite-des-produits\/","og_site_name":"Penosil France","article_modified_time":"2025-09-22T11:39:00+00:00","twitter_card":"summary_large_image","twitter_misc":{"Dur\u00e9e de lecture estim\u00e9e":"3 minutes"},"schema":{"@context":"https:\/\/schema.org","@graph":[{"@type":"WebPage","@id":"https:\/\/penosil.com\/fr\/developpement-durable-avec-penosil\/durabilite-des-produits\/","url":"https:\/\/penosil.com\/fr\/developpement-durable-avec-penosil\/durabilite-des-produits\/","name":"Durabilit\u00e9 - Penosil France","isPartOf":{"@id":"https:\/\/penosil.com\/fr\/#website"},"datePublished":"2024-05-15T07:02:17+00:00","dateModified":"2025-09-22T11:39:00+00:00","description":"Chez Penosil, la qualit\u00e9 et la durabilit\u00e9 des produits sont l'une de nos principales priorit\u00e9s. Pourquoi nos produits sont durables ?","breadcrumb":{"@id":"https:\/\/penosil.com\/fr\/developpement-durable-avec-penosil\/durabilite-des-produits\/#breadcrumb"},"inLanguage":"fr-FR","potentialAction":[{"@type":"ReadAction","target":["https:\/\/penosil.com\/fr\/developpement-durable-avec-penosil\/durabilite-des-produits\/"]}]},{"@type":"BreadcrumbList","@id":"https:\/\/penosil.com\/fr\/developpement-durable-avec-penosil\/durabilite-des-produits\/#breadcrumb","itemListElement":[{"@type":"ListItem","position":1,"name":"Accueil","item":"https:\/\/penosil.com\/fr\/"},{"@type":"ListItem","position":2,"name":"D\u00e9veloppement Durable","item":"https:\/\/penosil.com\/fr\/developpement-durable-avec-penosil\/"},{"@type":"ListItem","position":3,"name":"Durabilit\u00e9"}]},{"@type":"WebSite","@id":"https:\/\/penosil.com\/fr\/#website","url":"https:\/\/penosil.com\/fr\/","name":"Penosil France","description":"","potentialAction":[{"@type":"SearchAction","target":{"@type":"EntryPoint","urlTemplate":"https:\/\/penosil.com\/fr\/?s={search_term_string}"},"query-input":{"@type":"PropertyValueSpecification","valueRequired":true,"valueName":"search_term_string"}}],"inLanguage":"fr-FR"}]}},"coauthors":[],"author_meta":{"author_link":"https:\/\/penosil.com\/fr\/author\/kevinreaktiiv\/","display_name":"kevinreaktiiv"},"relative_dates":{"created":"Publi\u00e9 2 ans il y a","modified":"Mis \u00e0 jour 7 mois il y a"},"absolute_dates":{"created":"Publi\u00e9 le 15 mai 2024","modified":"Mise \u00e0 jour le 22 septembre 2025"},"absolute_dates_time":{"created":"Publi\u00e9 le 15 mai 2024 7h02","modified":"Mise \u00e0 jour le 22 septembre 2025 11h39"},"featured_img_caption":"","featured_img":false,"series_order":"","_links":{"self":[{"href":"https:\/\/penosil.com\/fr\/wp-json\/wp\/v2\/pages\/10077","targetHints":{"allow":["GET"]}}],"collection":[{"href":"https:\/\/penosil.com\/fr\/wp-json\/wp\/v2\/pages"}],"about":[{"href":"https:\/\/penosil.com\/fr\/wp-json\/wp\/v2\/types\/page"}],"author":[{"embeddable":true,"href":"https:\/\/penosil.com\/fr\/wp-json\/wp\/v2\/users\/105"}],"replies":[{"embeddable":true,"href":"https:\/\/penosil.com\/fr\/wp-json\/wp\/v2\/comments?post=10077"}],"version-history":[{"count":13,"href":"https:\/\/penosil.com\/fr\/wp-json\/wp\/v2\/pages\/10077\/revisions"}],"predecessor-version":[{"id":10280,"href":"https:\/\/penosil.com\/fr\/wp-json\/wp\/v2\/pages\/10077\/revisions\/10280"}],"up":[{"embeddable":true,"href":"https:\/\/penosil.com\/fr\/wp-json\/wp\/v2\/pages\/10062"}],"wp:attachment":[{"href":"https:\/\/penosil.com\/fr\/wp-json\/wp\/v2\/media?parent=10077"}],"curies":[{"name":"wp","href":"https:\/\/api.w.org\/{rel}","templated":true}]}}