{"id":10081,"date":"2024-05-15T07:04:28","date_gmt":"2024-05-15T07:04:28","guid":{"rendered":"https:\/\/penosil.com\/fr\/?page_id=10081"},"modified":"2025-09-22T11:36:04","modified_gmt":"2025-09-22T11:36:04","slug":"energies-renouvelables-chez-penosil","status":"publish","type":"page","link":"https:\/\/penosil.com\/fr\/developpement-durable-avec-penosil\/energies-renouvelables-chez-penosil\/","title":{"rendered":"Energies renouvelables"},"content":{"rendered":"<section class=\"pnsl-thin-banner-block\" style=\"background-color: #40916c; color: #ffffff\" aria-label=\"Energies renouvelables\">\n   <div class=\"container d-flex flex-column flex-lg-row align-items-lg-center justify-content-between\">\n      <div class=\"text-wrap\">\n                     <h1>Energies renouvelables<\/h1>\n         \n                     <p>Notre objectif est de passer \u00e0 <strong>100% <\/strong>d\u2019\u00e9nergie verte d\u2019ici <strong>2030<\/strong>.<\/p>\n               <\/div>\n\n               <div id=\"lottie-block_b20103962c2320fff3faa47e0c608b55\" class=\"lottie-animation\" data-path=\"https:\/\/penosil.com\/fr\/wp-content\/themes\/penosil-store\/assets\/lottie\/renewable.json\" data-speed=\"0.75\" role=\"img\" aria-label=\"Decorative animation\"><\/div>\n         <\/div>\n<\/section>\n\n<section class=\"pnsl-renewable-energy-block d-flex flex-column\" aria-label=\"Renewable Energy Information\">\n         <div class=\"text-container container\">\n         <div class=\"lines-text d-flex flex-column flex-lg-row align-items-center\" role=\"region\" aria-label=\"Key Energy Message\">\n                           <img loading=\"lazy\" decoding=\"async\" src=\"https:\/\/penosil.com\/fr\/wp-content\/uploads\/sites\/6\/2024\/05\/GreenElectricity_green-1.svg\" width=\"80\" height=\"80\" alt=\"Logo vert \"made with green electricity\" et une feuille verte barr\u00e9e d'un \u00e9clair blanc\" role=\"img\">\n            \n            <p>Aujourd\u2019hui, nos sites de production utilisent de l\u2019\u00e9lectricit\u00e9 <strong>100%<\/strong> renouvelable.<\/p>\n         <\/div>\n      <\/div>\n   \n   <div class=\"container angles-container\">\n      <div class=\"angles d-flex flex-column flex-lg-row align-items-center align-items-lg-stretch\">\n         <div class=\"red d-flex align-items-center justify-content-center\" role=\"complementary\" aria-label=\"Wind Energy Animation\">\n            <div id=\"lottie-block_8bd988de1e852d7de440e9de316b144a\"\n               class=\"lottie-animation\"\n               data-path=\"https:\/\/penosil.com\/fr\/wp-content\/themes\/penosil-store\/assets\/lottie\/windturbine.json\"\n               data-speed=\"0.75\"\n               role=\"img\"\n               aria-label=\"Animated wind turbine illustration\"><\/div>\n         <\/div>\n\n                     <div class=\"gray d-flex align-items-center justify-content-center\" role=\"complementary\" aria-label=\"Renewable Energy Details\">\n               <div class=\"gray-text\">\n                  <ul>\n<li>\u00a0L&rsquo;\u00e9lectricit\u00e9 repr\u00e9sente <strong>70 \u00e0 75%<\/strong> de notre consommation d&rsquo;\u00e9nergie.<\/li>\n<li>Dans nos usines et nos bureaux de Tallinn, de Barcelone et de Lille, nous utilisons de <strong>l&rsquo;\u00e9lectricit\u00e9 100% verte <\/strong>provenant de <strong>l&rsquo;\u00e9nergie solaire et \u00e9olienne<\/strong>.<\/li>\n<\/ul>\n               <\/div>\n            <\/div>\n               <\/div>\n   <\/div>\n\n         <div class=\"text-container container\">\n         <div class=\"last-text\" role=\"region\" aria-label=\"Additional Energy Information\">\n            <ul>\n<li>L&rsquo;\u00e9lectricit\u00e9 constituant la plus grande partie de notre consommation d&rsquo;\u00e9nergie, nous avons remplac\u00e9, entre 2018 et 2019, tous nos \u00e9clairages par des ampoules LED, ce qui a permis de r\u00e9duire notre consommation d&rsquo;\u00e9lectricit\u00e9 de <strong>18%<\/strong>.<\/li>\n<li>Le gaz repr\u00e9sente environ <strong>25 \u00e0 30% <\/strong>de notre consommation d&rsquo;\u00e9nergie. Notre objectif est de <strong>passer au gaz vert d&rsquo;ici 2030<\/strong>.<\/li>\n<li>Nous avons \u00e9galement franchi une \u00e9tape importante en mati\u00e8re d&rsquo;efficacit\u00e9 \u00e9nerg\u00e9tique lorsque, il y a environ cinq ans, nous avons modernis\u00e9 les syst\u00e8mes de chauffage de nos installations de Tallinn, ce qui a entra\u00een\u00e9 une r\u00e9duction remarquable de <strong>40% de nos \u00e9missions de CO<sub>2<\/sub><\/strong>.<\/li>\n<\/ul>\n         <\/div>\n      <\/div>\n   <\/section>\n\n<section class=\"pnsl-icon-hovers-block\" aria-label=\"Interactive Icon Navigation\">\n   <div class=\"container\">\n               <h2>Aller au prochain sujet de d\u00e9veloppement durable <\/h2>\n         <\/div>\n\n         <div class=\"container icons-container\">\n         <ul class=\"icons d-flex align-items-center justify-content-center justify-content-lg-between flex-wrap\" role=\"list\">\n                                          <li class=\"icon\">\n                  <a href=\"https:\/\/penosil.com\/fr\/developpement-durable-avec-penosil\/durabilite-des-produits\/\"\n                     class=\"icon-link d-flex align-items-center justify-content-center\"\n                     style=\"--bg-color: #b7e4c7; --text-color: #ffffff\"\n                     >\n                     <span class=\"icon-image\" aria-hidden=\"true\">\n                        <img loading=\"lazy\" decoding=\"async\" src=\"https:\/\/penosil.com\/fr\/wp-content\/uploads\/sites\/6\/2024\/05\/Icons.svg\" width=\"68\" height=\"67\" alt=\"\">\n                     <\/span>\n                     <span class=\"icon-label\">Durabilit\u00e9<\/span>\n                  <\/a>\n               <\/li>\n                                          <li class=\"icon\">\n                  <a href=\"https:\/\/penosil.com\/fr\/developpement-durable-avec-penosil\/composants-durables-chez-penosil\/\"\n                     class=\"icon-link d-flex align-items-center justify-content-center\"\n                     style=\"--bg-color: #52b788; --text-color: #fff\"\n                     >\n                     <span class=\"icon-image\" aria-hidden=\"true\">\n                        <img loading=\"lazy\" decoding=\"async\" src=\"https:\/\/penosil.com\/fr\/wp-content\/uploads\/sites\/6\/2024\/05\/Group-409.svg\" width=\"72\" height=\"75\" alt=\"\">\n                     <\/span>\n                     <span class=\"icon-label\">Composants durables<\/span>\n                  <\/a>\n               <\/li>\n                                          <li class=\"icon\">\n                  <a href=\"https:\/\/penosil.com\/fr\/developpement-durable-avec-penosil\/innovation-developpement-durable\/\"\n                     class=\"icon-link d-flex align-items-center justify-content-center\"\n                     style=\"--bg-color: #1b4332; --text-color: #fff\"\n                     >\n                     <span class=\"icon-image\" aria-hidden=\"true\">\n                        <img loading=\"lazy\" decoding=\"async\" src=\"https:\/\/penosil.com\/fr\/wp-content\/uploads\/sites\/6\/2024\/05\/Group-410.svg\" width=\"88\" height=\"94\" alt=\"\">\n                     <\/span>\n                     <span class=\"icon-label\">Innovation<\/span>\n                  <\/a>\n               <\/li>\n                                          <li class=\"icon\">\n                  <a href=\"https:\/\/penosil.com\/fr\/developpement-durable-avec-penosil\/un-environnement-de-vie-plus-sur\/\"\n                     class=\"icon-link d-flex align-items-center justify-content-center\"\n                     style=\"--bg-color: #426a5a; --text-color: #fff\"\n                     >\n                     <span class=\"icon-image\" aria-hidden=\"true\">\n                        <img loading=\"lazy\" decoding=\"async\" src=\"https:\/\/penosil.com\/fr\/wp-content\/uploads\/sites\/6\/2024\/05\/Group-416.svg\" width=\"79\" height=\"90\" alt=\"\">\n                     <\/span>\n                     <span class=\"icon-label\">Un environnement plus sur<\/span>\n                  <\/a>\n               <\/li>\n                                          <li class=\"icon\">\n                  <a href=\"https:\/\/penosil.com\/fr\/developpement-durable-avec-penosil\/gestion-des-dechets\/\"\n                     class=\"icon-link d-flex align-items-center justify-content-center\"\n                     style=\"--bg-color: #25a18e; --text-color: #fff\"\n                     >\n                     <span class=\"icon-image\" aria-hidden=\"true\">\n                        <img loading=\"lazy\" decoding=\"async\" src=\"https:\/\/penosil.com\/fr\/wp-content\/uploads\/sites\/6\/2024\/05\/Group-415.svg\" width=\"82\" height=\"75\" alt=\"\">\n                     <\/span>\n                     <span class=\"icon-label\">Gestion des d\u00e9chets<\/span>\n                  <\/a>\n               <\/li>\n                                          <li class=\"icon\">\n                  <a href=\"https:\/\/penosil.com\/fr\/developpement-durable-avec-penosil\/invisibles-mais-partout\/\"\n                     class=\"icon-link d-flex align-items-center justify-content-center\"\n                     style=\"--bg-color: #007F5F; --text-color: #fff\"\n                     >\n                     <span class=\"icon-image\" aria-hidden=\"true\">\n                        <img loading=\"lazy\" decoding=\"async\" src=\"https:\/\/penosil.com\/fr\/wp-content\/uploads\/sites\/6\/2024\/05\/Group-393.svg\" width=\"87\" height=\"79\" alt=\"\">\n                     <\/span>\n                     <span class=\"icon-label\">Invisible mais partout<\/span>\n                  <\/a>\n               <\/li>\n                     <\/ul>\n      <\/div>\n   <\/section>","protected":false},"excerpt":{"rendered":"","protected":false},"author":105,"featured_media":0,"parent":10062,"menu_order":0,"comment_status":"closed","ping_status":"closed","template":"page-templates\/template-no-title.php","meta":{"_acf_changed":false,"advgb_blocks_editor_width":"","advgb_blocks_columns_visual_guide":"","footnotes":""},"class_list":["post-10081","page","type-page","status-publish","hentry"],"acf":[],"yoast_head":"<!-- This site is optimized with the Yoast SEO plugin v27.2 - https:\/\/yoast.com\/product\/yoast-seo-wordpress\/ -->\n<title>\u00c9nergies renouvelables chez Penosil - Penosil France<\/title>\n<meta name=\"description\" content=\"En terme d&#039;\u00e9nergies renouvelables chez Penosil : notre objectif est de passer \u00e0 100% d\u2019\u00e9nergie verte d\u2019ici 2030.\" \/>\n<meta name=\"robots\" content=\"index, follow, max-snippet:-1, max-image-preview:large, max-video-preview:-1\" \/>\n<link rel=\"canonical\" href=\"https:\/\/penosil.com\/fr\/developpement-durable-avec-penosil\/energies-renouvelables-chez-penosil\/\" \/>\n<meta property=\"og:locale\" content=\"fr_FR\" \/>\n<meta property=\"og:type\" content=\"article\" \/>\n<meta property=\"og:title\" content=\"\u00c9nergies renouvelables chez Penosil - Penosil France\" \/>\n<meta property=\"og:description\" content=\"En terme d&#039;\u00e9nergies renouvelables chez Penosil : notre objectif est de passer \u00e0 100% d\u2019\u00e9nergie verte d\u2019ici 2030.\" \/>\n<meta property=\"og:url\" content=\"https:\/\/penosil.com\/fr\/developpement-durable-avec-penosil\/energies-renouvelables-chez-penosil\/\" \/>\n<meta property=\"og:site_name\" content=\"Penosil France\" \/>\n<meta property=\"article:modified_time\" content=\"2025-09-22T11:36:04+00:00\" \/>\n<meta name=\"twitter:card\" content=\"summary_large_image\" \/>\n<meta name=\"twitter:label1\" content=\"Dur\u00e9e de lecture estim\u00e9e\" \/>\n\t<meta name=\"twitter:data1\" content=\"3 minutes\" \/>\n<script type=\"application\/ld+json\" class=\"yoast-schema-graph\">{\"@context\":\"https:\/\/schema.org\",\"@graph\":[{\"@type\":\"WebPage\",\"@id\":\"https:\/\/penosil.com\/fr\/developpement-durable-avec-penosil\/energies-renouvelables-chez-penosil\/\",\"url\":\"https:\/\/penosil.com\/fr\/developpement-durable-avec-penosil\/energies-renouvelables-chez-penosil\/\",\"name\":\"\u00c9nergies renouvelables chez Penosil - Penosil France\",\"isPartOf\":{\"@id\":\"https:\/\/penosil.com\/fr\/#website\"},\"datePublished\":\"2024-05-15T07:04:28+00:00\",\"dateModified\":\"2025-09-22T11:36:04+00:00\",\"description\":\"En terme d'\u00e9nergies renouvelables chez Penosil : notre objectif est de passer \u00e0 100% d\u2019\u00e9nergie verte d\u2019ici 2030.\",\"breadcrumb\":{\"@id\":\"https:\/\/penosil.com\/fr\/developpement-durable-avec-penosil\/energies-renouvelables-chez-penosil\/#breadcrumb\"},\"inLanguage\":\"fr-FR\",\"potentialAction\":[{\"@type\":\"ReadAction\",\"target\":[\"https:\/\/penosil.com\/fr\/developpement-durable-avec-penosil\/energies-renouvelables-chez-penosil\/\"]}]},{\"@type\":\"BreadcrumbList\",\"@id\":\"https:\/\/penosil.com\/fr\/developpement-durable-avec-penosil\/energies-renouvelables-chez-penosil\/#breadcrumb\",\"itemListElement\":[{\"@type\":\"ListItem\",\"position\":1,\"name\":\"Accueil\",\"item\":\"https:\/\/penosil.com\/fr\/\"},{\"@type\":\"ListItem\",\"position\":2,\"name\":\"D\u00e9veloppement Durable\",\"item\":\"https:\/\/penosil.com\/fr\/developpement-durable-avec-penosil\/\"},{\"@type\":\"ListItem\",\"position\":3,\"name\":\"Energies renouvelables\"}]},{\"@type\":\"WebSite\",\"@id\":\"https:\/\/penosil.com\/fr\/#website\",\"url\":\"https:\/\/penosil.com\/fr\/\",\"name\":\"Penosil France\",\"description\":\"\",\"potentialAction\":[{\"@type\":\"SearchAction\",\"target\":{\"@type\":\"EntryPoint\",\"urlTemplate\":\"https:\/\/penosil.com\/fr\/?s={search_term_string}\"},\"query-input\":{\"@type\":\"PropertyValueSpecification\",\"valueRequired\":true,\"valueName\":\"search_term_string\"}}],\"inLanguage\":\"fr-FR\"}]}<\/script>\n<!-- \/ Yoast SEO plugin. -->","yoast_head_json":{"title":"\u00c9nergies renouvelables chez Penosil - Penosil France","description":"En terme d'\u00e9nergies renouvelables chez Penosil : notre objectif est de passer \u00e0 100% d\u2019\u00e9nergie verte d\u2019ici 2030.","robots":{"index":"index","follow":"follow","max-snippet":"max-snippet:-1","max-image-preview":"max-image-preview:large","max-video-preview":"max-video-preview:-1"},"canonical":"https:\/\/penosil.com\/fr\/developpement-durable-avec-penosil\/energies-renouvelables-chez-penosil\/","og_locale":"fr_FR","og_type":"article","og_title":"\u00c9nergies renouvelables chez Penosil - Penosil France","og_description":"En terme d'\u00e9nergies renouvelables chez Penosil : notre objectif est de passer \u00e0 100% d\u2019\u00e9nergie verte d\u2019ici 2030.","og_url":"https:\/\/penosil.com\/fr\/developpement-durable-avec-penosil\/energies-renouvelables-chez-penosil\/","og_site_name":"Penosil France","article_modified_time":"2025-09-22T11:36:04+00:00","twitter_card":"summary_large_image","twitter_misc":{"Dur\u00e9e de lecture estim\u00e9e":"3 minutes"},"schema":{"@context":"https:\/\/schema.org","@graph":[{"@type":"WebPage","@id":"https:\/\/penosil.com\/fr\/developpement-durable-avec-penosil\/energies-renouvelables-chez-penosil\/","url":"https:\/\/penosil.com\/fr\/developpement-durable-avec-penosil\/energies-renouvelables-chez-penosil\/","name":"\u00c9nergies renouvelables chez Penosil - Penosil France","isPartOf":{"@id":"https:\/\/penosil.com\/fr\/#website"},"datePublished":"2024-05-15T07:04:28+00:00","dateModified":"2025-09-22T11:36:04+00:00","description":"En terme d'\u00e9nergies renouvelables chez Penosil : notre objectif est de passer \u00e0 100% d\u2019\u00e9nergie verte d\u2019ici 2030.","breadcrumb":{"@id":"https:\/\/penosil.com\/fr\/developpement-durable-avec-penosil\/energies-renouvelables-chez-penosil\/#breadcrumb"},"inLanguage":"fr-FR","potentialAction":[{"@type":"ReadAction","target":["https:\/\/penosil.com\/fr\/developpement-durable-avec-penosil\/energies-renouvelables-chez-penosil\/"]}]},{"@type":"BreadcrumbList","@id":"https:\/\/penosil.com\/fr\/developpement-durable-avec-penosil\/energies-renouvelables-chez-penosil\/#breadcrumb","itemListElement":[{"@type":"ListItem","position":1,"name":"Accueil","item":"https:\/\/penosil.com\/fr\/"},{"@type":"ListItem","position":2,"name":"D\u00e9veloppement Durable","item":"https:\/\/penosil.com\/fr\/developpement-durable-avec-penosil\/"},{"@type":"ListItem","position":3,"name":"Energies renouvelables"}]},{"@type":"WebSite","@id":"https:\/\/penosil.com\/fr\/#website","url":"https:\/\/penosil.com\/fr\/","name":"Penosil France","description":"","potentialAction":[{"@type":"SearchAction","target":{"@type":"EntryPoint","urlTemplate":"https:\/\/penosil.com\/fr\/?s={search_term_string}"},"query-input":{"@type":"PropertyValueSpecification","valueRequired":true,"valueName":"search_term_string"}}],"inLanguage":"fr-FR"}]}},"coauthors":[],"author_meta":{"author_link":"https:\/\/penosil.com\/fr\/author\/kevinreaktiiv\/","display_name":"kevinreaktiiv"},"relative_dates":{"created":"Publi\u00e9 2 ans il y a","modified":"Mis \u00e0 jour 7 mois il y a"},"absolute_dates":{"created":"Publi\u00e9 le 15 mai 2024","modified":"Mise \u00e0 jour le 22 septembre 2025"},"absolute_dates_time":{"created":"Publi\u00e9 le 15 mai 2024 7h04","modified":"Mise \u00e0 jour le 22 septembre 2025 11h36"},"featured_img_caption":"","featured_img":false,"series_order":"","_links":{"self":[{"href":"https:\/\/penosil.com\/fr\/wp-json\/wp\/v2\/pages\/10081","targetHints":{"allow":["GET"]}}],"collection":[{"href":"https:\/\/penosil.com\/fr\/wp-json\/wp\/v2\/pages"}],"about":[{"href":"https:\/\/penosil.com\/fr\/wp-json\/wp\/v2\/types\/page"}],"author":[{"embeddable":true,"href":"https:\/\/penosil.com\/fr\/wp-json\/wp\/v2\/users\/105"}],"replies":[{"embeddable":true,"href":"https:\/\/penosil.com\/fr\/wp-json\/wp\/v2\/comments?post=10081"}],"version-history":[{"count":9,"href":"https:\/\/penosil.com\/fr\/wp-json\/wp\/v2\/pages\/10081\/revisions"}],"predecessor-version":[{"id":11643,"href":"https:\/\/penosil.com\/fr\/wp-json\/wp\/v2\/pages\/10081\/revisions\/11643"}],"up":[{"embeddable":true,"href":"https:\/\/penosil.com\/fr\/wp-json\/wp\/v2\/pages\/10062"}],"wp:attachment":[{"href":"https:\/\/penosil.com\/fr\/wp-json\/wp\/v2\/media?parent=10081"}],"curies":[{"name":"wp","href":"https:\/\/api.w.org\/{rel}","templated":true}]}}