{"id":10096,"date":"2024-05-15T07:09:35","date_gmt":"2024-05-15T07:09:35","guid":{"rendered":"https:\/\/penosil.com\/fr\/?page_id=10096"},"modified":"2025-09-22T10:27:07","modified_gmt":"2025-09-22T10:27:07","slug":"un-environnement-de-vie-plus-sur","status":"publish","type":"page","link":"https:\/\/penosil.com\/fr\/developpement-durable-avec-penosil\/un-environnement-de-vie-plus-sur\/","title":{"rendered":"Un environnement de vie plus s\u00fbr"},"content":{"rendered":"<section class=\"pnsl-thin-banner-block\" style=\"background-color: #426a5a; color: #ffffff\" aria-label=\"Un environnement de vie plus s\u00fbr\">\n   <div class=\"container d-flex flex-column flex-lg-row align-items-lg-center justify-content-between\">\n      <div class=\"text-wrap\">\n                     <h1>Un environnement de vie plus s\u00fbr<\/h1>\n         \n                     <p>Nous voulons que vous profitiez d\u2019un environnement de vie <strong>meilleur<\/strong> et <strong>plus s\u00fbr<\/strong>.<\/p>\n               <\/div>\n\n               <div id=\"lottie-block_d5e049e43f5ccf41954d088c8481d7f7\" class=\"lottie-animation\" data-path=\"https:\/\/penosil.com\/fr\/wp-content\/themes\/penosil-store\/assets\/lottie\/safer.json\" data-speed=\"0.75\" role=\"img\" aria-label=\"Decorative animation\"><\/div>\n         <\/div>\n<\/section>\n\n<main class=\"pnsl-safer-living-environment-block\" aria-label=\"Safer Living Environment Information\">\n         <section class=\"container text-container d-flex flex-column align-items-start\" aria-labelledby=\"safer-living-intro\">\n         <div class=\"upper-text text-wrap\">\n            <div id=\"safer-living-intro\">\n               <p>C&rsquo;est pourquoi nous :<\/p>\n            <\/div>\n\n                           <ul>\n                                                            <li>\n                        <p>Am\u00e9liorons constamment nos formules existantes.<\/p>\n                     \n                                             <\/li>\n                                                            <li>\n                        <p>D\u00e9veloppons de nouveaux produits \u00e0 <strong>faible teneur en COV et avec des mati\u00e8res premi\u00e8res plus s\u00fbres<\/strong>.<\/p>\n                     \n                                                \n                                                         <button type=\"button\" class=\"tooltip sus-tooltip\" data-tooltip-content=\"#tooltip-safer\" aria-expanded=\"false\" aria-describedby=\"tooltip-safer\" aria-label=\"Show more information\">\n                                 <img loading=\"lazy\" decoding=\"async\" src=\"https:\/\/penosil.com\/fr\/wp-content\/themes\/penosil-store\/images\/icons\/sus-info.svg\" width=\"52\" height=\"63\" alt=\"\" aria-hidden=\"true\">\n                              <\/button>\n\n                              <div class=\"safer-tooltip-content tooltip-content\" role=\"tooltip\" id=\"tooltip-safer\" aria-hidden=\"true\">\n                                 <h3><strong>Les faibles \u00e9missions de COV, c\u2019est quoi\u00a0?<\/strong><\/h3>\n<ul>\n<li>Les compos\u00e9s organiques volatils (COV) sont des <strong>substances chimiques<\/strong> lib\u00e9r\u00e9es par les mat\u00e9riaux de construction et le mobilier qui <strong>s&rsquo;\u00e9vaporent et se r\u00e9pandent facilement<\/strong>.<\/li>\n<li>Une forte concentration de COV affecte la qualit\u00e9 de l&rsquo;air int\u00e9rieur et peut provoquer des irritations et des probl\u00e8mes de sant\u00e9.<\/li>\n<\/ul>\n<p><strong>Recherchez les certificats suivants sur les \u00e9tiquettes des produits :<\/strong><\/p>\n<div style=\"width: 85px\" class=\"wp-caption alignnone\"><img loading=\"lazy\" decoding=\"async\" src=\"https:\/\/penosil.com\/fr\/wp-content\/uploads\/sites\/6\/2025\/07\/EC1_Plus_mark.png\" alt=\"Logo EC1 plus, GEV-EMICODE, very low emission, de couleur noir\" width=\"75\" height=\"75\" \/><p class=\"wp-caption-text\">Logo EC1 plus, GEV-EMICODE, very low emission, de couleur noir<\/p><\/div>\n<div style=\"width: 85px\" class=\"wp-caption alignnone\"><img loading=\"lazy\" decoding=\"async\" src=\"https:\/\/penosil.com\/fr\/wp-content\/uploads\/sites\/6\/2025\/07\/M1-logo_RGB_english_black.png\" alt=\"Logo noir M1&gt;, emission class for building material, rts\" width=\"75\" height=\"75\" \/><p class=\"wp-caption-text\">Logo noir M1&gt;, emission class for building material, rts<\/p><\/div>\n<div style=\"width: 102px\" class=\"wp-caption alignnone\"><img loading=\"lazy\" decoding=\"async\" src=\"https:\/\/penosil.com\/fr\/wp-content\/uploads\/sites\/6\/2025\/07\/A-French.png\" alt=\"Logo noir d'\u00e9missions dans l'air int\u00e9rieur en A+\" width=\"92\" height=\"75\" \/><p class=\"wp-caption-text\">Logo noir d&rsquo;\u00e9missions dans l&rsquo;air int\u00e9rieur en A+<\/p><\/div>\n<p>&nbsp;<\/p>\n                              <\/div>\n                                                                        <\/li>\n                                 <\/ul>\n                     <\/div>\n      <\/section>\n   \n   <section class=\"container angles-container\" aria-label=\"Process steps\">\n      <div class=\"angles row flex-column flex-lg-row flex-lg-nowrap\" role=\"list\">\n                                 <div class=\"angle col d-flex align-items-center justify-content-center\" role=\"listitem\" aria-label=\"Step 1\">\n               <div class=\"angle-text\"><p>En 2020, <strong>14% <\/strong>des produits Penosil \u00e9taient certifi\u00e9s EC1+.<\/p>\n<\/div>\n            <\/div>\n                                 <div class=\"angle col d-flex align-items-center justify-content-center\" role=\"listitem\" aria-label=\"Step 2\">\n               <div class=\"angle-text\"><p>En 2023, <strong>52%<\/strong> des produits Penosil \u00e9taient certifi\u00e9s EC1+.<\/p>\n<\/div>\n            <\/div>\n                                 <div class=\"angle col d-flex align-items-center justify-content-center\" role=\"listitem\" aria-label=\"Step 3\">\n               <div class=\"angle-text\"><p>Dans les prochaines ann\u00e9es, plus de <strong>70% <\/strong>des produits Penosil devraient \u00eatre certifi\u00e9s \u00e0 faible teneur en COV.<\/p>\n<\/div>\n            <\/div>\n               <\/div>\n   <\/section>\n\n   <section class=\"container text-container\" aria-label=\"Additional information\">\n               <div class=\"above-lines-text text-wrap\">\n            <p>Au cours des cinq derni\u00e8res ann\u00e9es, nous avons d\u00e9velopp\u00e9 de nombreux adh\u00e9sifs, produits d\u2019\u00e9tanch\u00e9it\u00e9 et mastics <strong>sans solvant et \u00e0 ba<\/strong><strong>se d&rsquo;eau<\/strong>.\u00a0Aussi, un grand nombre de nos silicones oximes sont disponibles <strong>sans MEKO<\/strong>.<\/p>\n         <\/div>\n      \n               <div class=\"lines-text w-100 d-flex flex-column flex-lg-row justify-content-between\" role=\"list\" aria-label=\"Key benefits\">\n                                          <div class=\"item d-flex flex-column flex-md-row align-items-center\" role=\"listitem\">\n                                       <div class=\"item-icon\">\n                        <img loading=\"lazy\" decoding=\"async\" src=\"https:\/\/penosil.com\/fr\/wp-content\/uploads\/sites\/6\/2024\/05\/Group-414.svg\" width=\"110\" height=\"106\" alt=\"logo noir de produit zero meko avec un zero ayant un pourcentage \u00e0 l'int\u00e9rieur\">\n                     <\/div>\n                  \n                                       <div class=\"item-text\">\n                        <p>Recherchez le certificat \u00ab z\u00e9ro MEKO \u00bb<br \/>\nsur l&rsquo;\u00e9tiquette du produit<\/p>\n                     <\/div>\n                                 <\/div>\n                                          <div class=\"item d-flex flex-column flex-md-row align-items-center\" role=\"listitem\">\n                                       <div class=\"item-icon\">\n                        <img loading=\"lazy\" decoding=\"async\" src=\"https:\/\/penosil.com\/fr\/wp-content\/uploads\/sites\/6\/2024\/05\/Layer_1-2.svg\" width=\"108\" height=\"108\" alt=\"logo noir rond avec very low diisocyanate monomer et trois point sur le tour et \u00e0 l'int\u00e9rieur \u00e9crit \"safe choice\" dans une maison et le logo wolf group en dessous\">\n                     <\/div>\n                  \n                                       <div class=\"item-text\">\n                        <p>Recherchez le logo \u00ab\u00a0Safe Choice\u00a0\u00bb<br \/>\nsur nos mousses PU \u00e0 faible teneur en MDI et sans MDI<\/p>\n                     <\/div>\n                                 <\/div>\n                     <\/div>\n      \n               <div class=\"text-before-icon text-wrap\">\n            <p>Un nombre croissant de nos mousses PU ont une tr\u00e8s faible teneur en monom\u00e8re diisocyanate (&lt;0,1 %) ou sont totalement<strong> exemptes de MDI.<\/strong><\/p>\n\n                           <button type=\"button\" class=\"tooltip sus-tooltip\" data-tooltip-content=\"#tooltip-safer-bottom\" aria-expanded=\"false\" aria-describedby=\"tooltip-safer-bottom\" aria-label=\"Show more information\">\n                  <img loading=\"lazy\" decoding=\"async\" src=\"https:\/\/penosil.com\/fr\/wp-content\/themes\/penosil-store\/images\/icons\/sus-info.svg\" width=\"52\" height=\"63\" alt=\"\" aria-hidden=\"true\">\n               <\/button>\n\n               <div class=\"safer-tooltip-content tooltip-content\" role=\"tooltip\" id=\"tooltip-safer-bottom\" aria-hidden=\"true\">\n                  <h4><strong>MDI, c\u2019est quoi\u00a0?<\/strong><\/h4>\n<p>Le M\u00e9thyl\u00e8ne Diph\u00e9nyle Diisocyanate (MDI) est un <strong>type de produit chimique<\/strong> utilis\u00e9 dans la production de mat\u00e9riaux PU.<\/p>\n<p><strong>Lors de l&rsquo;application de la mousse<\/strong>, le MDI contenu dans la mousse peut provoquer une irritation de la peau et de la gorge.<\/p>\n               <\/div>\n                     <\/div>\n      \n               <div class=\"under-lines-text text-wrap\">\n            <p>Les mousses PU \u00e0 faible teneur en MDI et sans MDI offrent une <strong>alternative plus s\u00fbre<\/strong> par rapport aux mousses PU ordinaires en minimisant le risque d&rsquo;exposition \u00e0 des produits chimiques nocifs, en am\u00e9liorant la s\u00e9curit\u00e9 au travail, en r\u00e9duisant l&rsquo;impact sur l&rsquo;environnement et en garantissant la conformit\u00e9 avec les r\u00e9glementations.<\/p>\n<p>Notre <a href=\"https:\/\/penosil.com\/fr\/expansion-de-wolf-group-une-nouvelle-usine-de-mousse-pu-en-espagne\/\">nouvelle usine de mousse PU en Espagne<\/a> sera la premi\u00e8re usine europ\u00e9enne de mousses PU \u00e0 faible teneur en MDI et sans MDI. Nous sommes le premier fabricant europ\u00e9en qui propose \u00e0 ses clients une gamme compl\u00e8te de mousses PU \u00e0 faible teneur en MDI et sans MDI. Notre portefeuille comprend actuellement <strong>les mousses Low et No MDI<\/strong> suivantes :<\/p>\n<ul>\n<li>Mousses pulv\u00e9risables<\/li>\n<li>Mousses pistolables<\/li>\n<li>Mousses manuelles<\/li>\n<\/ul>\n<p>Nous compl\u00e9terons bient\u00f4t notre offre avec des mousses \u00e0 faible teneur en MDI, notamment la mousse pistolable B2, la mousse pulv\u00e9risable B2 et la mousse adh\u00e9sive.<\/p>\n         <\/div>\n         <\/section>\n<\/main>\n\n<section class=\"pnsl-icon-hovers-block\" aria-label=\"Interactive Icon Navigation\">\n   <div class=\"container\">\n               <h2>Aller au prochain sujet de d\u00e9veloppement durable<\/h2>\n         <\/div>\n\n         <div class=\"container icons-container\">\n         <ul class=\"icons d-flex align-items-center justify-content-center justify-content-lg-between flex-wrap\" role=\"list\">\n                                          <li class=\"icon\">\n                  <a href=\"https:\/\/penosil.com\/fr\/developpement-durable-avec-penosil\/durabilite-des-produits\/\"\n                     class=\"icon-link d-flex align-items-center justify-content-center\"\n                     style=\"--bg-color: #b7e4c7; --text-color: #ffffff\"\n                     >\n                     <span class=\"icon-image\" aria-hidden=\"true\">\n                        <img loading=\"lazy\" decoding=\"async\" src=\"https:\/\/penosil.com\/fr\/wp-content\/uploads\/sites\/6\/2024\/05\/Icons.svg\" width=\"68\" height=\"67\" alt=\"\">\n                     <\/span>\n                     <span class=\"icon-label\">Durabilit\u00e9<\/span>\n                  <\/a>\n               <\/li>\n                                          <li class=\"icon\">\n                  <a href=\"https:\/\/penosil.com\/fr\/developpement-durable-avec-penosil\/composants-durables-chez-penosil\/\"\n                     class=\"icon-link d-flex align-items-center justify-content-center\"\n                     style=\"--bg-color: #52b788; --text-color: #fff\"\n                     >\n                     <span class=\"icon-image\" aria-hidden=\"true\">\n                        <img loading=\"lazy\" decoding=\"async\" src=\"https:\/\/penosil.com\/fr\/wp-content\/uploads\/sites\/6\/2024\/05\/Group-409.svg\" width=\"72\" height=\"75\" alt=\"\">\n                     <\/span>\n                     <span class=\"icon-label\">Composants durables<\/span>\n                  <\/a>\n               <\/li>\n                                          <li class=\"icon\">\n                  <a href=\"https:\/\/penosil.com\/fr\/developpement-durable-avec-penosil\/energies-renouvelables-chez-penosil\/\"\n                     class=\"icon-link d-flex align-items-center justify-content-center\"\n                     style=\"--bg-color: #40916c; --text-color: #fff\"\n                     >\n                     <span class=\"icon-image\" aria-hidden=\"true\">\n                        <img loading=\"lazy\" decoding=\"async\" src=\"https:\/\/penosil.com\/fr\/wp-content\/uploads\/sites\/6\/2024\/05\/48x48_Icons.svg\" width=\"76\" height=\"73\" alt=\"\">\n                     <\/span>\n                     <span class=\"icon-label\">Energies renouvelables<\/span>\n                  <\/a>\n               <\/li>\n                                          <li class=\"icon\">\n                  <a href=\"https:\/\/penosil.com\/fr\/developpement-durable-avec-penosil\/innovation-developpement-durable\/\"\n                     class=\"icon-link d-flex align-items-center justify-content-center\"\n                     style=\"--bg-color: #1b4332; --text-color: #fff\"\n                     >\n                     <span class=\"icon-image\" aria-hidden=\"true\">\n                        <img loading=\"lazy\" decoding=\"async\" src=\"https:\/\/penosil.com\/fr\/wp-content\/uploads\/sites\/6\/2024\/05\/Group-410.svg\" width=\"88\" height=\"94\" alt=\"\">\n                     <\/span>\n                     <span class=\"icon-label\">Innovation<\/span>\n                  <\/a>\n               <\/li>\n                                          <li class=\"icon\">\n                  <a href=\"https:\/\/penosil.com\/fr\/developpement-durable-avec-penosil\/gestion-des-dechets\/\"\n                     class=\"icon-link d-flex align-items-center justify-content-center\"\n                     style=\"--bg-color: #25a18e; --text-color: #fff\"\n                     >\n                     <span class=\"icon-image\" aria-hidden=\"true\">\n                        <img loading=\"lazy\" decoding=\"async\" src=\"https:\/\/penosil.com\/fr\/wp-content\/uploads\/sites\/6\/2024\/05\/Group-415.svg\" width=\"82\" height=\"75\" alt=\"\">\n                     <\/span>\n                     <span class=\"icon-label\">Gestion des d\u00e9chets<\/span>\n                  <\/a>\n               <\/li>\n                                          <li class=\"icon\">\n                  <a href=\"https:\/\/penosil.com\/fr\/developpement-durable-avec-penosil\/invisibles-mais-partout\/\"\n                     class=\"icon-link d-flex align-items-center justify-content-center\"\n                     style=\"--bg-color: #007F5F; --text-color: #fff\"\n                     >\n                     <span class=\"icon-image\" aria-hidden=\"true\">\n                        <img loading=\"lazy\" decoding=\"async\" src=\"https:\/\/penosil.com\/fr\/wp-content\/uploads\/sites\/6\/2024\/05\/Group-393.svg\" width=\"87\" height=\"79\" alt=\"\">\n                     <\/span>\n                     <span class=\"icon-label\">Invisible mais partout<\/span>\n                  <\/a>\n               <\/li>\n                     <\/ul>\n      <\/div>\n   <\/section>","protected":false},"excerpt":{"rendered":"","protected":false},"author":105,"featured_media":0,"parent":10062,"menu_order":0,"comment_status":"closed","ping_status":"closed","template":"page-templates\/template-no-title.php","meta":{"_acf_changed":false,"advgb_blocks_editor_width":"","advgb_blocks_columns_visual_guide":"","footnotes":""},"class_list":["post-10096","page","type-page","status-publish","hentry"],"acf":[],"yoast_head":"<!-- This site is optimized with the Yoast SEO plugin v27.2 - https:\/\/yoast.com\/product\/yoast-seo-wordpress\/ -->\n<title>Un environnement de vie plus s\u00fbr - Penosil France<\/title>\n<meta name=\"description\" content=\"Nous voulons que vous profitiez d\u2019un environnement de vie meilleur et plus s\u00fbr gr\u00e2ce \u00e0 nos formulations de produit.\" \/>\n<meta name=\"robots\" content=\"index, follow, max-snippet:-1, max-image-preview:large, max-video-preview:-1\" \/>\n<link rel=\"canonical\" href=\"https:\/\/penosil.com\/fr\/developpement-durable-avec-penosil\/un-environnement-de-vie-plus-sur\/\" \/>\n<meta property=\"og:locale\" content=\"fr_FR\" \/>\n<meta property=\"og:type\" content=\"article\" \/>\n<meta property=\"og:title\" content=\"Un environnement de vie plus s\u00fbr - Penosil France\" \/>\n<meta property=\"og:description\" content=\"Nous voulons que vous profitiez d\u2019un environnement de vie meilleur et plus s\u00fbr gr\u00e2ce \u00e0 nos formulations de produit.\" \/>\n<meta property=\"og:url\" content=\"https:\/\/penosil.com\/fr\/developpement-durable-avec-penosil\/un-environnement-de-vie-plus-sur\/\" \/>\n<meta property=\"og:site_name\" content=\"Penosil France\" \/>\n<meta property=\"article:modified_time\" content=\"2025-09-22T10:27:07+00:00\" \/>\n<meta name=\"twitter:card\" content=\"summary_large_image\" \/>\n<meta name=\"twitter:label1\" content=\"Dur\u00e9e de lecture estim\u00e9e\" \/>\n\t<meta name=\"twitter:data1\" content=\"5 minutes\" \/>\n<script type=\"application\/ld+json\" class=\"yoast-schema-graph\">{\"@context\":\"https:\/\/schema.org\",\"@graph\":[{\"@type\":\"WebPage\",\"@id\":\"https:\/\/penosil.com\/fr\/developpement-durable-avec-penosil\/un-environnement-de-vie-plus-sur\/\",\"url\":\"https:\/\/penosil.com\/fr\/developpement-durable-avec-penosil\/un-environnement-de-vie-plus-sur\/\",\"name\":\"Un environnement de vie plus s\u00fbr - Penosil France\",\"isPartOf\":{\"@id\":\"https:\/\/penosil.com\/fr\/#website\"},\"datePublished\":\"2024-05-15T07:09:35+00:00\",\"dateModified\":\"2025-09-22T10:27:07+00:00\",\"description\":\"Nous voulons que vous profitiez d\u2019un environnement de vie meilleur et plus s\u00fbr gr\u00e2ce \u00e0 nos formulations de produit.\",\"breadcrumb\":{\"@id\":\"https:\/\/penosil.com\/fr\/developpement-durable-avec-penosil\/un-environnement-de-vie-plus-sur\/#breadcrumb\"},\"inLanguage\":\"fr-FR\",\"potentialAction\":[{\"@type\":\"ReadAction\",\"target\":[\"https:\/\/penosil.com\/fr\/developpement-durable-avec-penosil\/un-environnement-de-vie-plus-sur\/\"]}]},{\"@type\":\"BreadcrumbList\",\"@id\":\"https:\/\/penosil.com\/fr\/developpement-durable-avec-penosil\/un-environnement-de-vie-plus-sur\/#breadcrumb\",\"itemListElement\":[{\"@type\":\"ListItem\",\"position\":1,\"name\":\"Accueil\",\"item\":\"https:\/\/penosil.com\/fr\/\"},{\"@type\":\"ListItem\",\"position\":2,\"name\":\"D\u00e9veloppement Durable\",\"item\":\"https:\/\/penosil.com\/fr\/developpement-durable-avec-penosil\/\"},{\"@type\":\"ListItem\",\"position\":3,\"name\":\"Un environnement de vie plus s\u00fbr\"}]},{\"@type\":\"WebSite\",\"@id\":\"https:\/\/penosil.com\/fr\/#website\",\"url\":\"https:\/\/penosil.com\/fr\/\",\"name\":\"Penosil France\",\"description\":\"\",\"potentialAction\":[{\"@type\":\"SearchAction\",\"target\":{\"@type\":\"EntryPoint\",\"urlTemplate\":\"https:\/\/penosil.com\/fr\/?s={search_term_string}\"},\"query-input\":{\"@type\":\"PropertyValueSpecification\",\"valueRequired\":true,\"valueName\":\"search_term_string\"}}],\"inLanguage\":\"fr-FR\"}]}<\/script>\n<!-- \/ Yoast SEO plugin. -->","yoast_head_json":{"title":"Un environnement de vie plus s\u00fbr - Penosil France","description":"Nous voulons que vous profitiez d\u2019un environnement de vie meilleur et plus s\u00fbr gr\u00e2ce \u00e0 nos formulations de produit.","robots":{"index":"index","follow":"follow","max-snippet":"max-snippet:-1","max-image-preview":"max-image-preview:large","max-video-preview":"max-video-preview:-1"},"canonical":"https:\/\/penosil.com\/fr\/developpement-durable-avec-penosil\/un-environnement-de-vie-plus-sur\/","og_locale":"fr_FR","og_type":"article","og_title":"Un environnement de vie plus s\u00fbr - Penosil France","og_description":"Nous voulons que vous profitiez d\u2019un environnement de vie meilleur et plus s\u00fbr gr\u00e2ce \u00e0 nos formulations de produit.","og_url":"https:\/\/penosil.com\/fr\/developpement-durable-avec-penosil\/un-environnement-de-vie-plus-sur\/","og_site_name":"Penosil France","article_modified_time":"2025-09-22T10:27:07+00:00","twitter_card":"summary_large_image","twitter_misc":{"Dur\u00e9e de lecture estim\u00e9e":"5 minutes"},"schema":{"@context":"https:\/\/schema.org","@graph":[{"@type":"WebPage","@id":"https:\/\/penosil.com\/fr\/developpement-durable-avec-penosil\/un-environnement-de-vie-plus-sur\/","url":"https:\/\/penosil.com\/fr\/developpement-durable-avec-penosil\/un-environnement-de-vie-plus-sur\/","name":"Un environnement de vie plus s\u00fbr - Penosil France","isPartOf":{"@id":"https:\/\/penosil.com\/fr\/#website"},"datePublished":"2024-05-15T07:09:35+00:00","dateModified":"2025-09-22T10:27:07+00:00","description":"Nous voulons que vous profitiez d\u2019un environnement de vie meilleur et plus s\u00fbr gr\u00e2ce \u00e0 nos formulations de produit.","breadcrumb":{"@id":"https:\/\/penosil.com\/fr\/developpement-durable-avec-penosil\/un-environnement-de-vie-plus-sur\/#breadcrumb"},"inLanguage":"fr-FR","potentialAction":[{"@type":"ReadAction","target":["https:\/\/penosil.com\/fr\/developpement-durable-avec-penosil\/un-environnement-de-vie-plus-sur\/"]}]},{"@type":"BreadcrumbList","@id":"https:\/\/penosil.com\/fr\/developpement-durable-avec-penosil\/un-environnement-de-vie-plus-sur\/#breadcrumb","itemListElement":[{"@type":"ListItem","position":1,"name":"Accueil","item":"https:\/\/penosil.com\/fr\/"},{"@type":"ListItem","position":2,"name":"D\u00e9veloppement Durable","item":"https:\/\/penosil.com\/fr\/developpement-durable-avec-penosil\/"},{"@type":"ListItem","position":3,"name":"Un environnement de vie plus s\u00fbr"}]},{"@type":"WebSite","@id":"https:\/\/penosil.com\/fr\/#website","url":"https:\/\/penosil.com\/fr\/","name":"Penosil France","description":"","potentialAction":[{"@type":"SearchAction","target":{"@type":"EntryPoint","urlTemplate":"https:\/\/penosil.com\/fr\/?s={search_term_string}"},"query-input":{"@type":"PropertyValueSpecification","valueRequired":true,"valueName":"search_term_string"}}],"inLanguage":"fr-FR"}]}},"coauthors":[],"author_meta":{"author_link":"https:\/\/penosil.com\/fr\/author\/kevinreaktiiv\/","display_name":"kevinreaktiiv"},"relative_dates":{"created":"Publi\u00e9 2 ans il y a","modified":"Mis \u00e0 jour 7 mois il y a"},"absolute_dates":{"created":"Publi\u00e9 le 15 mai 2024","modified":"Mise \u00e0 jour le 22 septembre 2025"},"absolute_dates_time":{"created":"Publi\u00e9 le 15 mai 2024 7h09","modified":"Mise \u00e0 jour le 22 septembre 2025 10h27"},"featured_img_caption":"","featured_img":false,"series_order":"","_links":{"self":[{"href":"https:\/\/penosil.com\/fr\/wp-json\/wp\/v2\/pages\/10096","targetHints":{"allow":["GET"]}}],"collection":[{"href":"https:\/\/penosil.com\/fr\/wp-json\/wp\/v2\/pages"}],"about":[{"href":"https:\/\/penosil.com\/fr\/wp-json\/wp\/v2\/types\/page"}],"author":[{"embeddable":true,"href":"https:\/\/penosil.com\/fr\/wp-json\/wp\/v2\/users\/105"}],"replies":[{"embeddable":true,"href":"https:\/\/penosil.com\/fr\/wp-json\/wp\/v2\/comments?post=10096"}],"version-history":[{"count":20,"href":"https:\/\/penosil.com\/fr\/wp-json\/wp\/v2\/pages\/10096\/revisions"}],"predecessor-version":[{"id":11639,"href":"https:\/\/penosil.com\/fr\/wp-json\/wp\/v2\/pages\/10096\/revisions\/11639"}],"up":[{"embeddable":true,"href":"https:\/\/penosil.com\/fr\/wp-json\/wp\/v2\/pages\/10062"}],"wp:attachment":[{"href":"https:\/\/penosil.com\/fr\/wp-json\/wp\/v2\/media?parent=10096"}],"curies":[{"name":"wp","href":"https:\/\/api.w.org\/{rel}","templated":true}]}}