{"id":10101,"date":"2024-05-15T07:12:18","date_gmt":"2024-05-15T07:12:18","guid":{"rendered":"https:\/\/penosil.com\/fr\/?page_id=10101"},"modified":"2025-09-18T14:59:32","modified_gmt":"2025-09-18T14:59:32","slug":"gestion-des-dechets","status":"publish","type":"page","link":"https:\/\/penosil.com\/fr\/developpement-durable-avec-penosil\/gestion-des-dechets\/","title":{"rendered":"Gestion des d\u00e9chets"},"content":{"rendered":"<section class=\"pnsl-thin-banner-block\" style=\"background-color: #25a18e; color: #ffffff\" aria-label=\"Gestion des d\u00e9chets\">\n   <div class=\"container d-flex flex-column flex-lg-row align-items-lg-center justify-content-between\">\n      <div class=\"text-wrap\">\n                     <h1>Gestion des d\u00e9chets<\/h1>\n         \n                     <p>Notre objectif est de r\u00e9duire, r\u00e9utiliser, recycler et valoriser nos d\u00e9chets de <strong>50% <\/strong>d\u2019ici <strong>2030<\/strong>.<\/p>\n               <\/div>\n\n               <div id=\"lottie-block_32ba177290e91740dece3572cda948e6\" class=\"lottie-animation\" data-path=\"https:\/\/penosil.com\/fr\/wp-content\/themes\/penosil-store\/assets\/lottie\/waste.json\" data-speed=\"0.75\" role=\"img\" aria-label=\"Decorative animation\"><\/div>\n         <\/div>\n<\/section>\n\n<section class=\"pnsl-waste-management-block d-flex flex-column\" aria-label=\"Waste Management Information\">\n         <div class=\"container accordion-container\">\n         <div class=\"accordion\" role=\"region\" aria-label=\"Waste management topics\">\n                                          <div class=\"item active\">\n                  <button type=\"button\" \n                     class=\"title-wrap d-flex align-items-center\" \n                     aria-expanded=\"true\"\n                     aria-controls=\"waste-panel-0\"\n                     id=\"waste-header-0\">\n                     <span class=\"number d-flex align-items-center justify-content-center\" aria-hidden=\"true\"><span>1<\/span><\/span>\n                     <span class=\"title d-flex align-items-center\">R\u00e9duire<\/span>\n                  <\/button>\n                  <div class=\"content\" \n                     id=\"waste-panel-0\" \n                     role=\"region\" \n                     aria-labelledby=\"waste-header-0\"\n                     >\n                     <ul>\n<li>Nous r\u00e9duisons constamment l&rsquo;impact environnemental de nos produits en rempla\u00e7ant les produits chimiques dangereux par des produits non dangereux. Nous r\u00e9duisons ainsi <strong>la quantit\u00e9 de nos d\u00e9chets dangereux<\/strong>.<\/li>\n<li>Une fa\u00e7on de r\u00e9duire les d\u00e9chets d&#8217;emballage est<strong> d&rsquo;augmenter la taille de l&#8217;emballage<\/strong>. De nombreux produits Penosil sont propos\u00e9s dans des emballages multiples.<\/li>\n<\/ul>\n\n                                             <div class=\"animation-wrap d-flex flex-column flex-lg-row align-items-center\" role=\"figure\" aria-label=\"Waste management process diagram\">\n                           <div class=\"image\">\n                              <img loading=\"lazy\" decoding=\"async\" src=\"https:\/\/penosil.com\/fr\/wp-content\/uploads\/sites\/6\/2024\/05\/Padrun_Foolium_video-1.png\" width=\"110\" height=\"165\" alt=\"Dessin d&#039;une cartouche avec une canule dessus et d&#039;une poche en aluminium. Les traits sont rouges.\">\n                           <\/div>\n\n                           <div class=\"gray-arrow d-flex align-items-center\" aria-hidden=\"true\">\n                              <div class=\"text\">\n                                 <ul>\n<li>Outre les cartouches de 300 ml, nous produisons \u00e9galement un grand nombre de nos produits d&rsquo;\u00e9tanch\u00e9it\u00e9 dans des <strong>poches en aluminium de 600 ml<\/strong>.<\/li>\n<li>La poche de 600 ml permet d&rsquo;\u00e9conomiser <strong>75% <\/strong>de d\u00e9chets d&#8217;emballage par rapport aux cartouches.<\/li>\n<\/ul>\n                              <\/div>\n                           <\/div>\n                        <\/div>\n                        \n                                                   <div class=\"visually-hidden\">\n                              <ul>\n<li>Outre les cartouches de 300 ml, nous produisons \u00e9galement un grand nombre de nos produits d&rsquo;\u00e9tanch\u00e9it\u00e9 dans des <strong>poches en aluminium de 600 ml<\/strong>.<\/li>\n<li>La poche de 600 ml permet d&rsquo;\u00e9conomiser <strong>75% <\/strong>de d\u00e9chets d&#8217;emballage par rapport aux cartouches.<\/li>\n<\/ul>\n                           <\/div>\n                                             \n                                             <ul>\n<li>Les produits \u00e0 base de ciment sont un important producteur de CO<sub>2<\/sub>. Nous avons d\u00e9velopp\u00e9 plusieurs<strong> mousses adh\u00e9sives qui peuvent \u00eatre utilis\u00e9es \u00e0 la place des produits \u00e0 base de ciment<\/strong>.<\/li>\n<\/ul>\n                     \n                                             <div class=\"border-red\" role=\"complementary\" aria-label=\"Important information\">\n                           <p>Un <strong>a\u00e9rosol d\u20191L de mousse adh\u00e9sive <\/strong>Penosil \u00e9quivaut \u00e0 un sac de <strong>25kg de ciment<\/strong>, ce qui r\u00e9duit l&#8217;empreinte carbone du transport.<\/p>\n                        <\/div>\n                                       <\/div>\n               <\/div>\n                                          <div class=\"item\">\n                  <button type=\"button\" \n                     class=\"title-wrap d-flex align-items-center\" \n                     aria-expanded=\"false\"\n                     aria-controls=\"waste-panel-1\"\n                     id=\"waste-header-1\">\n                     <span class=\"number d-flex align-items-center justify-content-center\" aria-hidden=\"true\"><span>2<\/span><\/span>\n                     <span class=\"title d-flex align-items-center\">Recycler<\/span>\n                  <\/button>\n                  <div class=\"content\" \n                     id=\"waste-panel-1\" \n                     role=\"region\" \n                     aria-labelledby=\"waste-header-1\"\n                     hidden>\n                     <p>Nos usines recyclent tous leurs d\u00e9chets de production. La majorit\u00e9 de nos d\u00e9chets sont recycl\u00e9s par nos partenaires externes dans leurs installations. Cependant, nous <strong>d\u00e9veloppons constamment de nouvelles m\u00e9thodes pour la gestion des d\u00e9chets en interne<\/strong>.<\/p>\n<ul>\n<li>Nous optimisons en permanence les processus de production de nos produits d&rsquo;\u00e9tanch\u00e9it\u00e9. Par exemple, nous avons <strong>r\u00e9duit la quantit\u00e9 de mati\u00e8res premi\u00e8res restantes <\/strong>en les r\u00e9utilisant dans d&rsquo;autres formules de produits.<\/li>\n<li>Par ailleurs, nous recherchons activement des moyens de r\u00e9utiliser nos d\u00e9chets de silicone et de mastics hybrides polym\u00e9ris\u00e9s. Par exemple, en collaboration avec des universit\u00e9s, nous \u00e9tudions les moyens <strong>d&rsquo;utiliser le silicone durci et les d\u00e9chets hybrides <\/strong>comme mati\u00e8res premi\u00e8res pour d&rsquo;autres applications telles que la construction de routes, la production d&rsquo;asphalte ou de b\u00e9ton.<\/li>\n<\/ul>\n\n                     \n                     \n                                       <\/div>\n               <\/div>\n                                          <div class=\"item\">\n                  <button type=\"button\" \n                     class=\"title-wrap d-flex align-items-center\" \n                     aria-expanded=\"false\"\n                     aria-controls=\"waste-panel-2\"\n                     id=\"waste-header-2\">\n                     <span class=\"number d-flex align-items-center justify-content-center\" aria-hidden=\"true\"><span>3<\/span><\/span>\n                     <span class=\"title d-flex align-items-center\">R\u00e9utiliser<\/span>\n                  <\/button>\n                  <div class=\"content\" \n                     id=\"waste-panel-2\" \n                     role=\"region\" \n                     aria-labelledby=\"waste-header-2\"\n                     hidden>\n                     <p>Depuis 2021, nous utilisons <strong>100 % des restes de notre production interne de plastique <\/strong>pour produire des outils et des composants en plastique Penosil.<\/p>\n<ul>\n<li>Par exemple, <strong>la spatule brevet\u00e9e Penosil <\/strong>est produite \u00e0 partir de nos d\u00e9chets plastiques.<\/li>\n<\/ul>\n<p><img loading=\"lazy\" decoding=\"async\" class=\"\" src=\"https:\/\/penosil.com\/fr\/wp-content\/uploads\/sites\/6\/2025\/07\/Spatula-B.png\" width=\"58\" height=\"50\" \/><\/p>\n<ul>\n<li>Actuellement, nous testons \u00e9galement l&rsquo;utilisation de plastique PCR dans notre adaptateur de mousse et notre production de paille.<\/li>\n<\/ul>\n\n                     \n                     \n                                       <\/div>\n               <\/div>\n                     <\/div>\n      <\/div>\n   <\/section>\n\n<section class=\"pnsl-icon-hovers-block\" aria-label=\"Interactive Icon Navigation\">\n   <div class=\"container\">\n               <h2>Aller au prochain sujet de d\u00e9veloppement durable<\/h2>\n         <\/div>\n\n         <div class=\"container icons-container\">\n         <ul class=\"icons d-flex align-items-center justify-content-center justify-content-lg-between flex-wrap\" role=\"list\">\n                                          <li class=\"icon\">\n                  <a href=\"https:\/\/penosil.com\/fr\/developpement-durable-avec-penosil\/durabilite-des-produits\/\"\n                     class=\"icon-link d-flex align-items-center justify-content-center\"\n                     style=\"--bg-color: #b7e4c7; --text-color: #ffffff\"\n                     >\n                     <span class=\"icon-image\" aria-hidden=\"true\">\n                        <img loading=\"lazy\" decoding=\"async\" src=\"https:\/\/penosil.com\/fr\/wp-content\/uploads\/sites\/6\/2024\/05\/Icons.svg\" width=\"68\" height=\"67\" alt=\"\">\n                     <\/span>\n                     <span class=\"icon-label\">Durabilit\u00e9<\/span>\n                  <\/a>\n               <\/li>\n                                          <li class=\"icon\">\n                  <a href=\"https:\/\/penosil.com\/fr\/developpement-durable-avec-penosil\/composants-durables-chez-penosil\/\"\n                     class=\"icon-link d-flex align-items-center justify-content-center\"\n                     style=\"--bg-color: #52b788; --text-color: #fff\"\n                     >\n                     <span class=\"icon-image\" aria-hidden=\"true\">\n                        <img loading=\"lazy\" decoding=\"async\" src=\"https:\/\/penosil.com\/fr\/wp-content\/uploads\/sites\/6\/2024\/05\/Group-409.svg\" width=\"72\" height=\"75\" alt=\"\">\n                     <\/span>\n                     <span class=\"icon-label\">Composants durables<\/span>\n                  <\/a>\n               <\/li>\n                                          <li class=\"icon\">\n                  <a href=\"https:\/\/penosil.com\/fr\/developpement-durable-avec-penosil\/energies-renouvelables-chez-penosil\/\"\n                     class=\"icon-link d-flex align-items-center justify-content-center\"\n                     style=\"--bg-color: #40916c; --text-color: #fff\"\n                     >\n                     <span class=\"icon-image\" aria-hidden=\"true\">\n                        <img loading=\"lazy\" decoding=\"async\" src=\"https:\/\/penosil.com\/fr\/wp-content\/uploads\/sites\/6\/2024\/05\/48x48_Icons.svg\" width=\"76\" height=\"73\" alt=\"\">\n                     <\/span>\n                     <span class=\"icon-label\">Energies renouvelables<\/span>\n                  <\/a>\n               <\/li>\n                                          <li class=\"icon\">\n                  <a href=\"https:\/\/penosil.com\/fr\/developpement-durable-avec-penosil\/innovation-developpement-durable\/\"\n                     class=\"icon-link d-flex align-items-center justify-content-center\"\n                     style=\"--bg-color: #1b4332; --text-color: #fff\"\n                     >\n                     <span class=\"icon-image\" aria-hidden=\"true\">\n                        <img loading=\"lazy\" decoding=\"async\" src=\"https:\/\/penosil.com\/fr\/wp-content\/uploads\/sites\/6\/2024\/05\/Group-410.svg\" width=\"88\" height=\"94\" alt=\"\">\n                     <\/span>\n                     <span class=\"icon-label\">Innovation<\/span>\n                  <\/a>\n               <\/li>\n                                          <li class=\"icon\">\n                  <a href=\"https:\/\/penosil.com\/fr\/developpement-durable-avec-penosil\/un-environnement-de-vie-plus-sur\/\"\n                     class=\"icon-link d-flex align-items-center justify-content-center\"\n                     style=\"--bg-color: #426a5a; --text-color: #fff\"\n                     >\n                     <span class=\"icon-image\" aria-hidden=\"true\">\n                        <img loading=\"lazy\" decoding=\"async\" src=\"https:\/\/penosil.com\/fr\/wp-content\/uploads\/sites\/6\/2024\/05\/Group-416.svg\" width=\"79\" height=\"90\" alt=\"\">\n                     <\/span>\n                     <span class=\"icon-label\">Un environnement de vie plus sur<\/span>\n                  <\/a>\n               <\/li>\n                                          <li class=\"icon\">\n                  <a href=\"https:\/\/penosil.com\/fr\/developpement-durable-avec-penosil\/invisibles-mais-partout\/\"\n                     class=\"icon-link d-flex align-items-center justify-content-center\"\n                     style=\"--bg-color: #007F5F; --text-color: #fff\"\n                     >\n                     <span class=\"icon-image\" aria-hidden=\"true\">\n                        <img loading=\"lazy\" decoding=\"async\" src=\"https:\/\/penosil.com\/fr\/wp-content\/uploads\/sites\/6\/2024\/05\/Group-393.svg\" width=\"87\" height=\"79\" alt=\"\">\n                     <\/span>\n                     <span class=\"icon-label\">Invisible mais partout<\/span>\n                  <\/a>\n               <\/li>\n                     <\/ul>\n      <\/div>\n   <\/section>","protected":false},"excerpt":{"rendered":"","protected":false},"author":105,"featured_media":0,"parent":10062,"menu_order":0,"comment_status":"closed","ping_status":"closed","template":"page-templates\/template-no-title.php","meta":{"_acf_changed":false,"advgb_blocks_editor_width":"","advgb_blocks_columns_visual_guide":"","footnotes":""},"class_list":["post-10101","page","type-page","status-publish","hentry"],"acf":[],"yoast_head":"<!-- This site is optimized with the Yoast SEO plugin v27.2 - https:\/\/yoast.com\/product\/yoast-seo-wordpress\/ -->\n<title>Gestion des d\u00e9chets - Penosil France<\/title>\n<meta name=\"description\" content=\"La gestion des d\u00e9chets chez Penosil France, notre objectif est de r\u00e9duire, r\u00e9utiliser, recycler et valoriser nos d\u00e9chets de 50% d\u2019ici 2030.\" \/>\n<meta name=\"robots\" content=\"index, follow, max-snippet:-1, max-image-preview:large, max-video-preview:-1\" \/>\n<link rel=\"canonical\" href=\"https:\/\/penosil.com\/fr\/developpement-durable-avec-penosil\/gestion-des-dechets\/\" \/>\n<meta property=\"og:locale\" content=\"fr_FR\" \/>\n<meta property=\"og:type\" content=\"article\" \/>\n<meta property=\"og:title\" content=\"Gestion des d\u00e9chets - Penosil France\" \/>\n<meta property=\"og:description\" content=\"La gestion des d\u00e9chets chez Penosil France, notre objectif est de r\u00e9duire, r\u00e9utiliser, recycler et valoriser nos d\u00e9chets de 50% d\u2019ici 2030.\" \/>\n<meta property=\"og:url\" content=\"https:\/\/penosil.com\/fr\/developpement-durable-avec-penosil\/gestion-des-dechets\/\" \/>\n<meta property=\"og:site_name\" content=\"Penosil France\" \/>\n<meta property=\"article:modified_time\" content=\"2025-09-18T14:59:32+00:00\" \/>\n<meta name=\"twitter:card\" content=\"summary_large_image\" \/>\n<meta name=\"twitter:label1\" content=\"Dur\u00e9e de lecture estim\u00e9e\" \/>\n\t<meta name=\"twitter:data1\" content=\"4 minutes\" \/>\n<script type=\"application\/ld+json\" class=\"yoast-schema-graph\">{\"@context\":\"https:\/\/schema.org\",\"@graph\":[{\"@type\":\"WebPage\",\"@id\":\"https:\/\/penosil.com\/fr\/developpement-durable-avec-penosil\/gestion-des-dechets\/\",\"url\":\"https:\/\/penosil.com\/fr\/developpement-durable-avec-penosil\/gestion-des-dechets\/\",\"name\":\"Gestion des d\u00e9chets - Penosil France\",\"isPartOf\":{\"@id\":\"https:\/\/penosil.com\/fr\/#website\"},\"datePublished\":\"2024-05-15T07:12:18+00:00\",\"dateModified\":\"2025-09-18T14:59:32+00:00\",\"description\":\"La gestion des d\u00e9chets chez Penosil France, notre objectif est de r\u00e9duire, r\u00e9utiliser, recycler et valoriser nos d\u00e9chets de 50% d\u2019ici 2030.\",\"breadcrumb\":{\"@id\":\"https:\/\/penosil.com\/fr\/developpement-durable-avec-penosil\/gestion-des-dechets\/#breadcrumb\"},\"inLanguage\":\"fr-FR\",\"potentialAction\":[{\"@type\":\"ReadAction\",\"target\":[\"https:\/\/penosil.com\/fr\/developpement-durable-avec-penosil\/gestion-des-dechets\/\"]}]},{\"@type\":\"BreadcrumbList\",\"@id\":\"https:\/\/penosil.com\/fr\/developpement-durable-avec-penosil\/gestion-des-dechets\/#breadcrumb\",\"itemListElement\":[{\"@type\":\"ListItem\",\"position\":1,\"name\":\"Accueil\",\"item\":\"https:\/\/penosil.com\/fr\/\"},{\"@type\":\"ListItem\",\"position\":2,\"name\":\"D\u00e9veloppement Durable\",\"item\":\"https:\/\/penosil.com\/fr\/developpement-durable-avec-penosil\/\"},{\"@type\":\"ListItem\",\"position\":3,\"name\":\"Gestion des d\u00e9chets\"}]},{\"@type\":\"WebSite\",\"@id\":\"https:\/\/penosil.com\/fr\/#website\",\"url\":\"https:\/\/penosil.com\/fr\/\",\"name\":\"Penosil France\",\"description\":\"\",\"potentialAction\":[{\"@type\":\"SearchAction\",\"target\":{\"@type\":\"EntryPoint\",\"urlTemplate\":\"https:\/\/penosil.com\/fr\/?s={search_term_string}\"},\"query-input\":{\"@type\":\"PropertyValueSpecification\",\"valueRequired\":true,\"valueName\":\"search_term_string\"}}],\"inLanguage\":\"fr-FR\"}]}<\/script>\n<!-- \/ Yoast SEO plugin. -->","yoast_head_json":{"title":"Gestion des d\u00e9chets - Penosil France","description":"La gestion des d\u00e9chets chez Penosil France, notre objectif est de r\u00e9duire, r\u00e9utiliser, recycler et valoriser nos d\u00e9chets de 50% d\u2019ici 2030.","robots":{"index":"index","follow":"follow","max-snippet":"max-snippet:-1","max-image-preview":"max-image-preview:large","max-video-preview":"max-video-preview:-1"},"canonical":"https:\/\/penosil.com\/fr\/developpement-durable-avec-penosil\/gestion-des-dechets\/","og_locale":"fr_FR","og_type":"article","og_title":"Gestion des d\u00e9chets - Penosil France","og_description":"La gestion des d\u00e9chets chez Penosil France, notre objectif est de r\u00e9duire, r\u00e9utiliser, recycler et valoriser nos d\u00e9chets de 50% d\u2019ici 2030.","og_url":"https:\/\/penosil.com\/fr\/developpement-durable-avec-penosil\/gestion-des-dechets\/","og_site_name":"Penosil France","article_modified_time":"2025-09-18T14:59:32+00:00","twitter_card":"summary_large_image","twitter_misc":{"Dur\u00e9e de lecture estim\u00e9e":"4 minutes"},"schema":{"@context":"https:\/\/schema.org","@graph":[{"@type":"WebPage","@id":"https:\/\/penosil.com\/fr\/developpement-durable-avec-penosil\/gestion-des-dechets\/","url":"https:\/\/penosil.com\/fr\/developpement-durable-avec-penosil\/gestion-des-dechets\/","name":"Gestion des d\u00e9chets - Penosil France","isPartOf":{"@id":"https:\/\/penosil.com\/fr\/#website"},"datePublished":"2024-05-15T07:12:18+00:00","dateModified":"2025-09-18T14:59:32+00:00","description":"La gestion des d\u00e9chets chez Penosil France, notre objectif est de r\u00e9duire, r\u00e9utiliser, recycler et valoriser nos d\u00e9chets de 50% d\u2019ici 2030.","breadcrumb":{"@id":"https:\/\/penosil.com\/fr\/developpement-durable-avec-penosil\/gestion-des-dechets\/#breadcrumb"},"inLanguage":"fr-FR","potentialAction":[{"@type":"ReadAction","target":["https:\/\/penosil.com\/fr\/developpement-durable-avec-penosil\/gestion-des-dechets\/"]}]},{"@type":"BreadcrumbList","@id":"https:\/\/penosil.com\/fr\/developpement-durable-avec-penosil\/gestion-des-dechets\/#breadcrumb","itemListElement":[{"@type":"ListItem","position":1,"name":"Accueil","item":"https:\/\/penosil.com\/fr\/"},{"@type":"ListItem","position":2,"name":"D\u00e9veloppement Durable","item":"https:\/\/penosil.com\/fr\/developpement-durable-avec-penosil\/"},{"@type":"ListItem","position":3,"name":"Gestion des d\u00e9chets"}]},{"@type":"WebSite","@id":"https:\/\/penosil.com\/fr\/#website","url":"https:\/\/penosil.com\/fr\/","name":"Penosil France","description":"","potentialAction":[{"@type":"SearchAction","target":{"@type":"EntryPoint","urlTemplate":"https:\/\/penosil.com\/fr\/?s={search_term_string}"},"query-input":{"@type":"PropertyValueSpecification","valueRequired":true,"valueName":"search_term_string"}}],"inLanguage":"fr-FR"}]}},"coauthors":[],"author_meta":{"author_link":"https:\/\/penosil.com\/fr\/author\/kevinreaktiiv\/","display_name":"kevinreaktiiv"},"relative_dates":{"created":"Publi\u00e9 2 ans il y a","modified":"Mis \u00e0 jour 7 mois il y a"},"absolute_dates":{"created":"Publi\u00e9 le 15 mai 2024","modified":"Mise \u00e0 jour le 18 septembre 2025"},"absolute_dates_time":{"created":"Publi\u00e9 le 15 mai 2024 7h12","modified":"Mise \u00e0 jour le 18 septembre 2025 14h59"},"featured_img_caption":"","featured_img":false,"series_order":"","_links":{"self":[{"href":"https:\/\/penosil.com\/fr\/wp-json\/wp\/v2\/pages\/10101","targetHints":{"allow":["GET"]}}],"collection":[{"href":"https:\/\/penosil.com\/fr\/wp-json\/wp\/v2\/pages"}],"about":[{"href":"https:\/\/penosil.com\/fr\/wp-json\/wp\/v2\/types\/page"}],"author":[{"embeddable":true,"href":"https:\/\/penosil.com\/fr\/wp-json\/wp\/v2\/users\/105"}],"replies":[{"embeddable":true,"href":"https:\/\/penosil.com\/fr\/wp-json\/wp\/v2\/comments?post=10101"}],"version-history":[{"count":17,"href":"https:\/\/penosil.com\/fr\/wp-json\/wp\/v2\/pages\/10101\/revisions"}],"predecessor-version":[{"id":11764,"href":"https:\/\/penosil.com\/fr\/wp-json\/wp\/v2\/pages\/10101\/revisions\/11764"}],"up":[{"embeddable":true,"href":"https:\/\/penosil.com\/fr\/wp-json\/wp\/v2\/pages\/10062"}],"wp:attachment":[{"href":"https:\/\/penosil.com\/fr\/wp-json\/wp\/v2\/media?parent=10101"}],"curies":[{"name":"wp","href":"https:\/\/api.w.org\/{rel}","templated":true}]}}