{"id":10443,"date":"2024-09-30T13:03:43","date_gmt":"2024-09-30T13:03:43","guid":{"rendered":"https:\/\/penosil.com\/fr\/?page_id=10443"},"modified":"2024-10-30T12:41:54","modified_gmt":"2024-10-30T12:41:54","slug":"solutions-penosil","status":"publish","type":"page","link":"https:\/\/penosil.com\/fr\/solutions-penosil\/","title":{"rendered":"Solutions Penosil"},"content":{"rendered":"<section id=\"pnsl-solutions-selection-block_b047965731f6d928e8ab7fab857ae58c\" class=\"pnsl-solutions-selection-block\" aria-labelledby=\"solutions-heading\">\n   \n    <section class=\"pnsl-breadcrumbs\">\n        <div class=\"container\">\n            <div class=\"d-flex flex-wrap align-items-center\">\n                                                            <a href=\"https:\/\/penosil.com\/fr\">Page d&rsquo;accueil<\/a>\n                    \n                                            <div class=\"arrow\"><\/div>\n                                                                                <span>Solutions Penosil<\/span>\n                    \n                                                <\/div>\n        <\/div>\n    <\/section>\n\n   <div class=\"container\">\n      <h1 id=\"solutions-heading\" class=\"visually-hidden\">Penosil Solutions<\/h1>\n\n      <ul class=\"row solutions-list\" role=\"list\">\n                                 <li class=\"col col-12 col-lg-6\">\n               <article class=\"solution d-flex flex-column align-items-center text-center\">\n                                       <h2>Solutions PRO<\/h2>\n                  \n                                       <a href=\"https:\/\/penosil.com\/fr\/solutions\/\"\n                        class=\"image-wrap\"\n                        aria-hidden=\"true\"\n                        tabindex=\"-1\"\n                        >\n                        <img decoding=\"async\" src=\"https:\/\/penosil.com\/fr\/wp-content\/uploads\/sites\/6\/2024\/09\/Pro-Builders-solutions-Penosil.png\"\n                           width=\"965\"\n                           height=\"510\"\n                           alt=\"\"\n                           loading=\"lazy\">\n                     <\/a>\n                  \n                  \n                                                            <a class=\"btn rbtn\"\n                        href=\"https:\/\/penosil.com\/fr\/solutions\/\"\n                        aria-label=\"View Solutions PRO solutions\"\n                        >\n                        Voir les solutions                     <\/a>\n                                 <\/article>\n            <\/li>\n                                 <li class=\"col col-12 col-lg-6\">\n               <article class=\"solution d-flex flex-column align-items-center text-center\">\n                                       <h2>Solutions Industrielles<\/h2>\n                  \n                                       <a href=\"https:\/\/penosil.com\/fr\/solutions-industrielles\/\"\n                        class=\"image-wrap\"\n                        aria-hidden=\"true\"\n                        tabindex=\"-1\"\n                        >\n                        <img decoding=\"async\" src=\"https:\/\/penosil.com\/fr\/wp-content\/uploads\/sites\/6\/2024\/09\/Industrial-solutions-Penosil.png\"\n                           width=\"965\"\n                           height=\"510\"\n                           alt=\"\"\n                           loading=\"lazy\">\n                     <\/a>\n                  \n                  \n                                                            <a class=\"btn rbtn\"\n                        href=\"https:\/\/penosil.com\/fr\/solutions-industrielles\/\"\n                        aria-label=\"View Solutions Industrielles solutions\"\n                        >\n                        Voir les solutions                     <\/a>\n                                 <\/article>\n            <\/li>\n               <\/ul>\n   <\/div>\n<\/section>","protected":false},"excerpt":{"rendered":"","protected":false},"author":105,"featured_media":0,"parent":0,"menu_order":0,"comment_status":"closed","ping_status":"closed","template":"page-templates\/template-no-title.php","meta":{"_acf_changed":false,"advgb_blocks_editor_width":"","advgb_blocks_columns_visual_guide":"","footnotes":""},"class_list":["post-10443","page","type-page","status-publish","hentry"],"acf":[],"yoast_head":"<!-- This site is optimized with the Yoast SEO plugin v27.2 - https:\/\/yoast.com\/product\/yoast-seo-wordpress\/ -->\n<title>Solutions Penosil - Penosil France<\/title>\n<meta name=\"description\" content=\"Parmi les fonctionnalit\u00e9s de notre site, retrouvez les solutions penosil qui sont l\u00e0 pour montrer o\u00f9 et comment utiliser nos produits.\" \/>\n<meta name=\"robots\" content=\"index, follow, max-snippet:-1, max-image-preview:large, max-video-preview:-1\" \/>\n<link rel=\"canonical\" href=\"https:\/\/penosil.com\/fr\/solutions-penosil\/\" \/>\n<meta property=\"og:locale\" content=\"fr_FR\" \/>\n<meta property=\"og:type\" content=\"article\" \/>\n<meta property=\"og:title\" content=\"Solutions Penosil - Penosil France\" \/>\n<meta property=\"og:description\" content=\"Parmi les fonctionnalit\u00e9s de notre site, retrouvez les solutions penosil qui sont l\u00e0 pour montrer o\u00f9 et comment utiliser nos produits.\" \/>\n<meta property=\"og:url\" content=\"https:\/\/penosil.com\/fr\/solutions-penosil\/\" \/>\n<meta property=\"og:site_name\" content=\"Penosil France\" \/>\n<meta property=\"article:modified_time\" content=\"2024-10-30T12:41:54+00:00\" \/>\n<meta name=\"twitter:card\" content=\"summary_large_image\" \/>\n<meta name=\"twitter:label1\" content=\"Dur\u00e9e de lecture estim\u00e9e\" \/>\n\t<meta name=\"twitter:data1\" content=\"1 minute\" \/>\n<script type=\"application\/ld+json\" class=\"yoast-schema-graph\">{\"@context\":\"https:\/\/schema.org\",\"@graph\":[{\"@type\":\"WebPage\",\"@id\":\"https:\/\/penosil.com\/fr\/solutions-penosil\/\",\"url\":\"https:\/\/penosil.com\/fr\/solutions-penosil\/\",\"name\":\"Solutions Penosil - Penosil France\",\"isPartOf\":{\"@id\":\"https:\/\/penosil.com\/fr\/#website\"},\"datePublished\":\"2024-09-30T13:03:43+00:00\",\"dateModified\":\"2024-10-30T12:41:54+00:00\",\"description\":\"Parmi les fonctionnalit\u00e9s de notre site, retrouvez les solutions penosil qui sont l\u00e0 pour montrer o\u00f9 et comment utiliser nos produits.\",\"breadcrumb\":{\"@id\":\"https:\/\/penosil.com\/fr\/solutions-penosil\/#breadcrumb\"},\"inLanguage\":\"fr-FR\",\"potentialAction\":[{\"@type\":\"ReadAction\",\"target\":[\"https:\/\/penosil.com\/fr\/solutions-penosil\/\"]}]},{\"@type\":\"BreadcrumbList\",\"@id\":\"https:\/\/penosil.com\/fr\/solutions-penosil\/#breadcrumb\",\"itemListElement\":[{\"@type\":\"ListItem\",\"position\":1,\"name\":\"Accueil\",\"item\":\"https:\/\/penosil.com\/fr\/\"},{\"@type\":\"ListItem\",\"position\":2,\"name\":\"Solutions Penosil\"}]},{\"@type\":\"WebSite\",\"@id\":\"https:\/\/penosil.com\/fr\/#website\",\"url\":\"https:\/\/penosil.com\/fr\/\",\"name\":\"Penosil France\",\"description\":\"\",\"potentialAction\":[{\"@type\":\"SearchAction\",\"target\":{\"@type\":\"EntryPoint\",\"urlTemplate\":\"https:\/\/penosil.com\/fr\/?s={search_term_string}\"},\"query-input\":{\"@type\":\"PropertyValueSpecification\",\"valueRequired\":true,\"valueName\":\"search_term_string\"}}],\"inLanguage\":\"fr-FR\"}]}<\/script>\n<!-- \/ Yoast SEO plugin. -->","yoast_head_json":{"title":"Solutions Penosil - Penosil France","description":"Parmi les fonctionnalit\u00e9s de notre site, retrouvez les solutions penosil qui sont l\u00e0 pour montrer o\u00f9 et comment utiliser nos produits.","robots":{"index":"index","follow":"follow","max-snippet":"max-snippet:-1","max-image-preview":"max-image-preview:large","max-video-preview":"max-video-preview:-1"},"canonical":"https:\/\/penosil.com\/fr\/solutions-penosil\/","og_locale":"fr_FR","og_type":"article","og_title":"Solutions Penosil - Penosil France","og_description":"Parmi les fonctionnalit\u00e9s de notre site, retrouvez les solutions penosil qui sont l\u00e0 pour montrer o\u00f9 et comment utiliser nos produits.","og_url":"https:\/\/penosil.com\/fr\/solutions-penosil\/","og_site_name":"Penosil France","article_modified_time":"2024-10-30T12:41:54+00:00","twitter_card":"summary_large_image","twitter_misc":{"Dur\u00e9e de lecture estim\u00e9e":"1 minute"},"schema":{"@context":"https:\/\/schema.org","@graph":[{"@type":"WebPage","@id":"https:\/\/penosil.com\/fr\/solutions-penosil\/","url":"https:\/\/penosil.com\/fr\/solutions-penosil\/","name":"Solutions Penosil - Penosil France","isPartOf":{"@id":"https:\/\/penosil.com\/fr\/#website"},"datePublished":"2024-09-30T13:03:43+00:00","dateModified":"2024-10-30T12:41:54+00:00","description":"Parmi les fonctionnalit\u00e9s de notre site, retrouvez les solutions penosil qui sont l\u00e0 pour montrer o\u00f9 et comment utiliser nos produits.","breadcrumb":{"@id":"https:\/\/penosil.com\/fr\/solutions-penosil\/#breadcrumb"},"inLanguage":"fr-FR","potentialAction":[{"@type":"ReadAction","target":["https:\/\/penosil.com\/fr\/solutions-penosil\/"]}]},{"@type":"BreadcrumbList","@id":"https:\/\/penosil.com\/fr\/solutions-penosil\/#breadcrumb","itemListElement":[{"@type":"ListItem","position":1,"name":"Accueil","item":"https:\/\/penosil.com\/fr\/"},{"@type":"ListItem","position":2,"name":"Solutions Penosil"}]},{"@type":"WebSite","@id":"https:\/\/penosil.com\/fr\/#website","url":"https:\/\/penosil.com\/fr\/","name":"Penosil France","description":"","potentialAction":[{"@type":"SearchAction","target":{"@type":"EntryPoint","urlTemplate":"https:\/\/penosil.com\/fr\/?s={search_term_string}"},"query-input":{"@type":"PropertyValueSpecification","valueRequired":true,"valueName":"search_term_string"}}],"inLanguage":"fr-FR"}]}},"coauthors":[],"author_meta":{"author_link":"https:\/\/penosil.com\/fr\/author\/kevinreaktiiv\/","display_name":"kevinreaktiiv"},"relative_dates":{"created":"Publi\u00e9 2 ans il y a","modified":"Mis \u00e0 jour 1 an il y a"},"absolute_dates":{"created":"Publi\u00e9 le 30 septembre 2024","modified":"Mise \u00e0 jour le 30 octobre 2024"},"absolute_dates_time":{"created":"Publi\u00e9 le 30 septembre 2024 13h03","modified":"Mise \u00e0 jour le 30 octobre 2024 12h41"},"featured_img_caption":"","featured_img":false,"series_order":"","_links":{"self":[{"href":"https:\/\/penosil.com\/fr\/wp-json\/wp\/v2\/pages\/10443","targetHints":{"allow":["GET"]}}],"collection":[{"href":"https:\/\/penosil.com\/fr\/wp-json\/wp\/v2\/pages"}],"about":[{"href":"https:\/\/penosil.com\/fr\/wp-json\/wp\/v2\/types\/page"}],"author":[{"embeddable":true,"href":"https:\/\/penosil.com\/fr\/wp-json\/wp\/v2\/users\/105"}],"replies":[{"embeddable":true,"href":"https:\/\/penosil.com\/fr\/wp-json\/wp\/v2\/comments?post=10443"}],"version-history":[{"count":4,"href":"https:\/\/penosil.com\/fr\/wp-json\/wp\/v2\/pages\/10443\/revisions"}],"predecessor-version":[{"id":10696,"href":"https:\/\/penosil.com\/fr\/wp-json\/wp\/v2\/pages\/10443\/revisions\/10696"}],"wp:attachment":[{"href":"https:\/\/penosil.com\/fr\/wp-json\/wp\/v2\/media?parent=10443"}],"curies":[{"name":"wp","href":"https:\/\/api.w.org\/{rel}","templated":true}]}}