{"id":6223,"date":"2019-12-06T11:15:52","date_gmt":"2019-12-06T11:15:52","guid":{"rendered":"https:\/\/penosil.com\/fr\/documentation\/"},"modified":"2022-06-13T14:36:37","modified_gmt":"2022-06-13T14:36:37","slug":"documentation","status":"publish","type":"page","link":"https:\/\/penosil.com\/fr\/centre-connaissance\/documentation\/","title":{"rendered":"Documentation"},"content":{"rendered":"","protected":false},"excerpt":{"rendered":"","protected":false},"author":1,"featured_media":0,"parent":6537,"menu_order":0,"comment_status":"closed","ping_status":"closed","template":"page-templates\/template-documentation.php","meta":{"_acf_changed":false,"advgb_blocks_editor_width":"","advgb_blocks_columns_visual_guide":"","footnotes":""},"class_list":["post-6223","page","type-page","status-publish","hentry"],"acf":[],"yoast_head":"<!-- This site is optimized with the Yoast SEO plugin v27.4 - https:\/\/yoast.com\/product\/yoast-seo-wordpress\/ -->\n<title>Fiches de donn\u00e9es techniques - PENOSIL France<\/title>\n<meta name=\"description\" content=\"T\u00e9l\u00e9chargez les fiches techniques, de s\u00e9curit\u00e9, les d\u00e9clarations de performance et les certifications. Voir les documents !\" \/>\n<meta name=\"robots\" content=\"index, follow, max-snippet:-1, max-image-preview:large, max-video-preview:-1\" \/>\n<link rel=\"canonical\" href=\"https:\/\/penosil.com\/fr\/centre-connaissance\/documentation\/\" \/>\n<meta property=\"og:locale\" content=\"fr_FR\" \/>\n<meta property=\"og:type\" content=\"article\" \/>\n<meta property=\"og:title\" content=\"Fiches de donn\u00e9es techniques - PENOSIL France\" \/>\n<meta property=\"og:description\" content=\"T\u00e9l\u00e9chargez les fiches techniques, de s\u00e9curit\u00e9, les d\u00e9clarations de performance et les certifications. Voir les documents !\" \/>\n<meta property=\"og:url\" content=\"https:\/\/penosil.com\/fr\/centre-connaissance\/documentation\/\" \/>\n<meta property=\"og:site_name\" content=\"Penosil France\" \/>\n<meta property=\"article:modified_time\" content=\"2022-06-13T14:36:37+00:00\" \/>\n<meta name=\"twitter:card\" content=\"summary_large_image\" \/>\n<script type=\"application\/ld+json\" class=\"yoast-schema-graph\">{\"@context\":\"https:\\\/\\\/schema.org\",\"@graph\":[{\"@type\":\"WebPage\",\"@id\":\"https:\\\/\\\/penosil.com\\\/fr\\\/centre-connaissance\\\/documentation\\\/\",\"url\":\"https:\\\/\\\/penosil.com\\\/fr\\\/centre-connaissance\\\/documentation\\\/\",\"name\":\"Fiches de donn\u00e9es techniques - PENOSIL France\",\"isPartOf\":{\"@id\":\"https:\\\/\\\/penosil.com\\\/fr\\\/#website\"},\"datePublished\":\"2019-12-06T11:15:52+00:00\",\"dateModified\":\"2022-06-13T14:36:37+00:00\",\"description\":\"T\u00e9l\u00e9chargez les fiches techniques, de s\u00e9curit\u00e9, les d\u00e9clarations de performance et les certifications. Voir les documents !\",\"breadcrumb\":{\"@id\":\"https:\\\/\\\/penosil.com\\\/fr\\\/centre-connaissance\\\/documentation\\\/#breadcrumb\"},\"inLanguage\":\"fr-FR\",\"potentialAction\":[{\"@type\":\"ReadAction\",\"target\":[\"https:\\\/\\\/penosil.com\\\/fr\\\/centre-connaissance\\\/documentation\\\/\"]}]},{\"@type\":\"BreadcrumbList\",\"@id\":\"https:\\\/\\\/penosil.com\\\/fr\\\/centre-connaissance\\\/documentation\\\/#breadcrumb\",\"itemListElement\":[{\"@type\":\"ListItem\",\"position\":1,\"name\":\"Accueil\",\"item\":\"https:\\\/\\\/penosil.com\\\/fr\\\/\"},{\"@type\":\"ListItem\",\"position\":2,\"name\":\"Centre de connaissances\",\"item\":\"https:\\\/\\\/penosil.com\\\/fr\\\/centre-connaissance\\\/\"},{\"@type\":\"ListItem\",\"position\":3,\"name\":\"Documentation\"}]},{\"@type\":\"WebSite\",\"@id\":\"https:\\\/\\\/penosil.com\\\/fr\\\/#website\",\"url\":\"https:\\\/\\\/penosil.com\\\/fr\\\/\",\"name\":\"Penosil France\",\"description\":\"\",\"potentialAction\":[{\"@type\":\"SearchAction\",\"target\":{\"@type\":\"EntryPoint\",\"urlTemplate\":\"https:\\\/\\\/penosil.com\\\/fr\\\/?s={search_term_string}\"},\"query-input\":{\"@type\":\"PropertyValueSpecification\",\"valueRequired\":true,\"valueName\":\"search_term_string\"}}],\"inLanguage\":\"fr-FR\"}]}<\/script>\n<!-- \/ Yoast SEO plugin. -->","yoast_head_json":{"title":"Fiches de donn\u00e9es techniques - PENOSIL France","description":"T\u00e9l\u00e9chargez les fiches techniques, de s\u00e9curit\u00e9, les d\u00e9clarations de performance et les certifications. Voir les documents !","robots":{"index":"index","follow":"follow","max-snippet":"max-snippet:-1","max-image-preview":"max-image-preview:large","max-video-preview":"max-video-preview:-1"},"canonical":"https:\/\/penosil.com\/fr\/centre-connaissance\/documentation\/","og_locale":"fr_FR","og_type":"article","og_title":"Fiches de donn\u00e9es techniques - PENOSIL France","og_description":"T\u00e9l\u00e9chargez les fiches techniques, de s\u00e9curit\u00e9, les d\u00e9clarations de performance et les certifications. Voir les documents !","og_url":"https:\/\/penosil.com\/fr\/centre-connaissance\/documentation\/","og_site_name":"Penosil France","article_modified_time":"2022-06-13T14:36:37+00:00","twitter_card":"summary_large_image","schema":{"@context":"https:\/\/schema.org","@graph":[{"@type":"WebPage","@id":"https:\/\/penosil.com\/fr\/centre-connaissance\/documentation\/","url":"https:\/\/penosil.com\/fr\/centre-connaissance\/documentation\/","name":"Fiches de donn\u00e9es techniques - PENOSIL France","isPartOf":{"@id":"https:\/\/penosil.com\/fr\/#website"},"datePublished":"2019-12-06T11:15:52+00:00","dateModified":"2022-06-13T14:36:37+00:00","description":"T\u00e9l\u00e9chargez les fiches techniques, de s\u00e9curit\u00e9, les d\u00e9clarations de performance et les certifications. Voir les documents !","breadcrumb":{"@id":"https:\/\/penosil.com\/fr\/centre-connaissance\/documentation\/#breadcrumb"},"inLanguage":"fr-FR","potentialAction":[{"@type":"ReadAction","target":["https:\/\/penosil.com\/fr\/centre-connaissance\/documentation\/"]}]},{"@type":"BreadcrumbList","@id":"https:\/\/penosil.com\/fr\/centre-connaissance\/documentation\/#breadcrumb","itemListElement":[{"@type":"ListItem","position":1,"name":"Accueil","item":"https:\/\/penosil.com\/fr\/"},{"@type":"ListItem","position":2,"name":"Centre de connaissances","item":"https:\/\/penosil.com\/fr\/centre-connaissance\/"},{"@type":"ListItem","position":3,"name":"Documentation"}]},{"@type":"WebSite","@id":"https:\/\/penosil.com\/fr\/#website","url":"https:\/\/penosil.com\/fr\/","name":"Penosil France","description":"","potentialAction":[{"@type":"SearchAction","target":{"@type":"EntryPoint","urlTemplate":"https:\/\/penosil.com\/fr\/?s={search_term_string}"},"query-input":{"@type":"PropertyValueSpecification","valueRequired":true,"valueName":"search_term_string"}}],"inLanguage":"fr-FR"}]}},"coauthors":[],"author_meta":{"author_link":"https:\/\/penosil.com\/fr\/author\/reaktiiv-pe\/","display_name":"reaktiiv-pe"},"relative_dates":{"created":"Publi\u00e9 6 ans il y a","modified":"Mis \u00e0 jour 4 ans il y a"},"absolute_dates":{"created":"Publi\u00e9 le 6 d\u00e9cembre 2019","modified":"Mise \u00e0 jour le 13 juin 2022"},"absolute_dates_time":{"created":"Publi\u00e9 le 6 d\u00e9cembre 2019 11h15","modified":"Mise \u00e0 jour le 13 juin 2022 14h36"},"featured_img_caption":"","featured_img":false,"series_order":"","_links":{"self":[{"href":"https:\/\/penosil.com\/fr\/wp-json\/wp\/v2\/pages\/6223","targetHints":{"allow":["GET"]}}],"collection":[{"href":"https:\/\/penosil.com\/fr\/wp-json\/wp\/v2\/pages"}],"about":[{"href":"https:\/\/penosil.com\/fr\/wp-json\/wp\/v2\/types\/page"}],"author":[{"embeddable":true,"href":"https:\/\/penosil.com\/fr\/wp-json\/wp\/v2\/users\/1"}],"replies":[{"embeddable":true,"href":"https:\/\/penosil.com\/fr\/wp-json\/wp\/v2\/comments?post=6223"}],"version-history":[{"count":1,"href":"https:\/\/penosil.com\/fr\/wp-json\/wp\/v2\/pages\/6223\/revisions"}],"predecessor-version":[{"id":6231,"href":"https:\/\/penosil.com\/fr\/wp-json\/wp\/v2\/pages\/6223\/revisions\/6231"}],"up":[{"embeddable":true,"href":"https:\/\/penosil.com\/fr\/wp-json\/wp\/v2\/pages\/6537"}],"wp:attachment":[{"href":"https:\/\/penosil.com\/fr\/wp-json\/wp\/v2\/media?parent=6223"}],"curies":[{"name":"wp","href":"https:\/\/api.w.org\/{rel}","templated":true}]}}