{"id":6236,"date":"2019-12-05T07:49:44","date_gmt":"2019-12-05T07:49:44","guid":{"rendered":"https:\/\/penosil.com\/fr\/educational-articles\/"},"modified":"2022-10-13T10:26:07","modified_gmt":"2022-10-13T10:26:07","slug":"articles-educatifs","status":"publish","type":"page","link":"https:\/\/penosil.com\/fr\/centre-connaissance\/articles-educatifs\/","title":{"rendered":"Articles \u00e9ducatifs"},"content":{"rendered":"","protected":false},"excerpt":{"rendered":"","protected":false},"author":1,"featured_media":0,"parent":6537,"menu_order":0,"comment_status":"closed","ping_status":"closed","template":"page-templates\/template-educational-articles.php","meta":{"_acf_changed":false,"advgb_blocks_editor_width":"","advgb_blocks_columns_visual_guide":"","footnotes":""},"class_list":["post-6236","page","type-page","status-publish","hentry"],"acf":[],"yoast_head":"<!-- This site is optimized with the Yoast SEO plugin v27.2 - https:\/\/yoast.com\/product\/yoast-seo-wordpress\/ -->\n<title>Articles \u00e9ducatifs - PENOSIL France<\/title>\n<meta name=\"description\" content=\"Des informations sur les constructions \u00e9conomes en \u00e9nergie et respectueuse de l&#039;environnement et des conseils d&#039;experts.\" \/>\n<meta name=\"robots\" content=\"index, follow, max-snippet:-1, max-image-preview:large, max-video-preview:-1\" \/>\n<link rel=\"canonical\" href=\"https:\/\/penosil.com\/fr\/centre-connaissance\/articles-educatifs\/\" \/>\n<meta property=\"og:locale\" content=\"fr_FR\" \/>\n<meta property=\"og:type\" content=\"article\" \/>\n<meta property=\"og:title\" content=\"Articles \u00e9ducatifs - PENOSIL France\" \/>\n<meta property=\"og:description\" content=\"Des informations sur les constructions \u00e9conomes en \u00e9nergie et respectueuse de l&#039;environnement et des conseils d&#039;experts.\" \/>\n<meta property=\"og:url\" content=\"https:\/\/penosil.com\/fr\/centre-connaissance\/articles-educatifs\/\" \/>\n<meta property=\"og:site_name\" content=\"Penosil France\" \/>\n<meta property=\"article:modified_time\" content=\"2022-10-13T10:26:07+00:00\" \/>\n<meta name=\"twitter:card\" content=\"summary_large_image\" \/>\n<script type=\"application\/ld+json\" class=\"yoast-schema-graph\">{\"@context\":\"https:\/\/schema.org\",\"@graph\":[{\"@type\":\"WebPage\",\"@id\":\"https:\/\/penosil.com\/fr\/centre-connaissance\/articles-educatifs\/\",\"url\":\"https:\/\/penosil.com\/fr\/centre-connaissance\/articles-educatifs\/\",\"name\":\"Articles \u00e9ducatifs - PENOSIL France\",\"isPartOf\":{\"@id\":\"https:\/\/penosil.com\/fr\/#website\"},\"datePublished\":\"2019-12-05T07:49:44+00:00\",\"dateModified\":\"2022-10-13T10:26:07+00:00\",\"description\":\"Des informations sur les constructions \u00e9conomes en \u00e9nergie et respectueuse de l'environnement et des conseils d'experts.\",\"breadcrumb\":{\"@id\":\"https:\/\/penosil.com\/fr\/centre-connaissance\/articles-educatifs\/#breadcrumb\"},\"inLanguage\":\"fr-FR\",\"potentialAction\":[{\"@type\":\"ReadAction\",\"target\":[\"https:\/\/penosil.com\/fr\/centre-connaissance\/articles-educatifs\/\"]}]},{\"@type\":\"BreadcrumbList\",\"@id\":\"https:\/\/penosil.com\/fr\/centre-connaissance\/articles-educatifs\/#breadcrumb\",\"itemListElement\":[{\"@type\":\"ListItem\",\"position\":1,\"name\":\"Accueil\",\"item\":\"https:\/\/penosil.com\/fr\/\"},{\"@type\":\"ListItem\",\"position\":2,\"name\":\"Centre de connaissances\",\"item\":\"https:\/\/penosil.com\/fr\/centre-connaissance\/\"},{\"@type\":\"ListItem\",\"position\":3,\"name\":\"Articles \u00e9ducatifs\"}]},{\"@type\":\"WebSite\",\"@id\":\"https:\/\/penosil.com\/fr\/#website\",\"url\":\"https:\/\/penosil.com\/fr\/\",\"name\":\"Penosil France\",\"description\":\"\",\"potentialAction\":[{\"@type\":\"SearchAction\",\"target\":{\"@type\":\"EntryPoint\",\"urlTemplate\":\"https:\/\/penosil.com\/fr\/?s={search_term_string}\"},\"query-input\":{\"@type\":\"PropertyValueSpecification\",\"valueRequired\":true,\"valueName\":\"search_term_string\"}}],\"inLanguage\":\"fr-FR\"}]}<\/script>\n<!-- \/ Yoast SEO plugin. -->","yoast_head_json":{"title":"Articles \u00e9ducatifs - PENOSIL France","description":"Des informations sur les constructions \u00e9conomes en \u00e9nergie et respectueuse de l'environnement et des conseils d'experts.","robots":{"index":"index","follow":"follow","max-snippet":"max-snippet:-1","max-image-preview":"max-image-preview:large","max-video-preview":"max-video-preview:-1"},"canonical":"https:\/\/penosil.com\/fr\/centre-connaissance\/articles-educatifs\/","og_locale":"fr_FR","og_type":"article","og_title":"Articles \u00e9ducatifs - PENOSIL France","og_description":"Des informations sur les constructions \u00e9conomes en \u00e9nergie et respectueuse de l'environnement et des conseils d'experts.","og_url":"https:\/\/penosil.com\/fr\/centre-connaissance\/articles-educatifs\/","og_site_name":"Penosil France","article_modified_time":"2022-10-13T10:26:07+00:00","twitter_card":"summary_large_image","schema":{"@context":"https:\/\/schema.org","@graph":[{"@type":"WebPage","@id":"https:\/\/penosil.com\/fr\/centre-connaissance\/articles-educatifs\/","url":"https:\/\/penosil.com\/fr\/centre-connaissance\/articles-educatifs\/","name":"Articles \u00e9ducatifs - PENOSIL France","isPartOf":{"@id":"https:\/\/penosil.com\/fr\/#website"},"datePublished":"2019-12-05T07:49:44+00:00","dateModified":"2022-10-13T10:26:07+00:00","description":"Des informations sur les constructions \u00e9conomes en \u00e9nergie et respectueuse de l'environnement et des conseils d'experts.","breadcrumb":{"@id":"https:\/\/penosil.com\/fr\/centre-connaissance\/articles-educatifs\/#breadcrumb"},"inLanguage":"fr-FR","potentialAction":[{"@type":"ReadAction","target":["https:\/\/penosil.com\/fr\/centre-connaissance\/articles-educatifs\/"]}]},{"@type":"BreadcrumbList","@id":"https:\/\/penosil.com\/fr\/centre-connaissance\/articles-educatifs\/#breadcrumb","itemListElement":[{"@type":"ListItem","position":1,"name":"Accueil","item":"https:\/\/penosil.com\/fr\/"},{"@type":"ListItem","position":2,"name":"Centre de connaissances","item":"https:\/\/penosil.com\/fr\/centre-connaissance\/"},{"@type":"ListItem","position":3,"name":"Articles \u00e9ducatifs"}]},{"@type":"WebSite","@id":"https:\/\/penosil.com\/fr\/#website","url":"https:\/\/penosil.com\/fr\/","name":"Penosil France","description":"","potentialAction":[{"@type":"SearchAction","target":{"@type":"EntryPoint","urlTemplate":"https:\/\/penosil.com\/fr\/?s={search_term_string}"},"query-input":{"@type":"PropertyValueSpecification","valueRequired":true,"valueName":"search_term_string"}}],"inLanguage":"fr-FR"}]}},"coauthors":[],"author_meta":{"author_link":"https:\/\/penosil.com\/fr\/author\/reaktiiv-pe\/","display_name":"reaktiiv-pe"},"relative_dates":{"created":"Publi\u00e9 6 ans il y a","modified":"Mis \u00e0 jour 4 ans il y a"},"absolute_dates":{"created":"Publi\u00e9 le 5 d\u00e9cembre 2019","modified":"Mise \u00e0 jour le 13 octobre 2022"},"absolute_dates_time":{"created":"Publi\u00e9 le 5 d\u00e9cembre 2019 7h49","modified":"Mise \u00e0 jour le 13 octobre 2022 10h26"},"featured_img_caption":"","featured_img":false,"series_order":"","_links":{"self":[{"href":"https:\/\/penosil.com\/fr\/wp-json\/wp\/v2\/pages\/6236","targetHints":{"allow":["GET"]}}],"collection":[{"href":"https:\/\/penosil.com\/fr\/wp-json\/wp\/v2\/pages"}],"about":[{"href":"https:\/\/penosil.com\/fr\/wp-json\/wp\/v2\/types\/page"}],"author":[{"embeddable":true,"href":"https:\/\/penosil.com\/fr\/wp-json\/wp\/v2\/users\/1"}],"replies":[{"embeddable":true,"href":"https:\/\/penosil.com\/fr\/wp-json\/wp\/v2\/comments?post=6236"}],"version-history":[{"count":2,"href":"https:\/\/penosil.com\/fr\/wp-json\/wp\/v2\/pages\/6236\/revisions"}],"predecessor-version":[{"id":7750,"href":"https:\/\/penosil.com\/fr\/wp-json\/wp\/v2\/pages\/6236\/revisions\/7750"}],"up":[{"embeddable":true,"href":"https:\/\/penosil.com\/fr\/wp-json\/wp\/v2\/pages\/6537"}],"wp:attachment":[{"href":"https:\/\/penosil.com\/fr\/wp-json\/wp\/v2\/media?parent=6236"}],"curies":[{"name":"wp","href":"https:\/\/api.w.org\/{rel}","templated":true}]}}