{"id":6343,"date":"2019-10-25T12:32:22","date_gmt":"2019-10-25T12:32:22","guid":{"rendered":"https:\/\/penosil.com\/fr\/product-know-how\/"},"modified":"2025-09-22T12:43:10","modified_gmt":"2025-09-22T12:43:10","slug":"catalogues_produits","status":"publish","type":"page","link":"https:\/\/penosil.com\/fr\/centre-connaissance\/catalogues_produits\/","title":{"rendered":"Catalogues produits"},"content":{"rendered":"\n<p>Banque de donn\u00e9es PENOSIL expert : contenu d&rsquo;informations pour l&rsquo;utilisation des produits dans des projets complexes<\/p>\n","protected":false},"excerpt":{"rendered":"Banque de donn\u00e9es PENOSIL expert : contenu d&rsquo;informations pour l&rsquo;utilisation des produits dans des projets complexes","protected":false},"author":1,"featured_media":0,"parent":6537,"menu_order":0,"comment_status":"closed","ping_status":"closed","template":"page-templates\/template-product-know-how.php","meta":{"_acf_changed":false,"advgb_blocks_editor_width":"","advgb_blocks_columns_visual_guide":"","footnotes":""},"class_list":["post-6343","page","type-page","status-publish","hentry"],"acf":[],"yoast_head":"<!-- This site is optimized with the Yoast SEO plugin v27.2 - https:\/\/yoast.com\/product\/yoast-seo-wordpress\/ -->\n<title>Catalogues produits - Penosil France<\/title>\n<meta name=\"description\" content=\"Catalogues produits PENOSIL et de mat\u00e9riaux d&#039;assistance dans des projets structurels plus complexes. Explorez ici !\" \/>\n<meta name=\"robots\" content=\"index, follow, max-snippet:-1, max-image-preview:large, max-video-preview:-1\" \/>\n<link rel=\"canonical\" href=\"https:\/\/penosil.com\/fr\/centre-connaissance\/catalogues_produits\/\" \/>\n<meta property=\"og:locale\" content=\"fr_FR\" \/>\n<meta property=\"og:type\" content=\"article\" \/>\n<meta property=\"og:title\" content=\"Catalogues produits - Penosil France\" \/>\n<meta property=\"og:description\" content=\"Catalogues produits PENOSIL et de mat\u00e9riaux d&#039;assistance dans des projets structurels plus complexes. Explorez ici !\" \/>\n<meta property=\"og:url\" content=\"https:\/\/penosil.com\/fr\/centre-connaissance\/catalogues_produits\/\" \/>\n<meta property=\"og:site_name\" content=\"Penosil France\" \/>\n<meta property=\"article:modified_time\" content=\"2025-09-22T12:43:10+00:00\" \/>\n<meta name=\"twitter:card\" content=\"summary_large_image\" \/>\n<meta name=\"twitter:label1\" content=\"Dur\u00e9e de lecture estim\u00e9e\" \/>\n\t<meta name=\"twitter:data1\" content=\"3 minutes\" \/>\n<script type=\"application\/ld+json\" class=\"yoast-schema-graph\">{\"@context\":\"https:\/\/schema.org\",\"@graph\":[{\"@type\":\"WebPage\",\"@id\":\"https:\/\/penosil.com\/fr\/centre-connaissance\/catalogues_produits\/\",\"url\":\"https:\/\/penosil.com\/fr\/centre-connaissance\/catalogues_produits\/\",\"name\":\"Catalogues produits - Penosil France\",\"isPartOf\":{\"@id\":\"https:\/\/penosil.com\/fr\/#website\"},\"datePublished\":\"2019-10-25T12:32:22+00:00\",\"dateModified\":\"2025-09-22T12:43:10+00:00\",\"description\":\"Catalogues produits PENOSIL et de mat\u00e9riaux d'assistance dans des projets structurels plus complexes. Explorez ici !\",\"breadcrumb\":{\"@id\":\"https:\/\/penosil.com\/fr\/centre-connaissance\/catalogues_produits\/#breadcrumb\"},\"inLanguage\":\"fr-FR\",\"potentialAction\":[{\"@type\":\"ReadAction\",\"target\":[\"https:\/\/penosil.com\/fr\/centre-connaissance\/catalogues_produits\/\"]}]},{\"@type\":\"BreadcrumbList\",\"@id\":\"https:\/\/penosil.com\/fr\/centre-connaissance\/catalogues_produits\/#breadcrumb\",\"itemListElement\":[{\"@type\":\"ListItem\",\"position\":1,\"name\":\"Accueil\",\"item\":\"https:\/\/penosil.com\/fr\/\"},{\"@type\":\"ListItem\",\"position\":2,\"name\":\"Centre de connaissances\",\"item\":\"https:\/\/penosil.com\/fr\/centre-connaissance\/\"},{\"@type\":\"ListItem\",\"position\":3,\"name\":\"Catalogues produits\"}]},{\"@type\":\"WebSite\",\"@id\":\"https:\/\/penosil.com\/fr\/#website\",\"url\":\"https:\/\/penosil.com\/fr\/\",\"name\":\"Penosil France\",\"description\":\"\",\"potentialAction\":[{\"@type\":\"SearchAction\",\"target\":{\"@type\":\"EntryPoint\",\"urlTemplate\":\"https:\/\/penosil.com\/fr\/?s={search_term_string}\"},\"query-input\":{\"@type\":\"PropertyValueSpecification\",\"valueRequired\":true,\"valueName\":\"search_term_string\"}}],\"inLanguage\":\"fr-FR\"}]}<\/script>\n<!-- \/ Yoast SEO plugin. -->","yoast_head_json":{"title":"Catalogues produits - Penosil France","description":"Catalogues produits PENOSIL et de mat\u00e9riaux d'assistance dans des projets structurels plus complexes. Explorez ici !","robots":{"index":"index","follow":"follow","max-snippet":"max-snippet:-1","max-image-preview":"max-image-preview:large","max-video-preview":"max-video-preview:-1"},"canonical":"https:\/\/penosil.com\/fr\/centre-connaissance\/catalogues_produits\/","og_locale":"fr_FR","og_type":"article","og_title":"Catalogues produits - Penosil France","og_description":"Catalogues produits PENOSIL et de mat\u00e9riaux d'assistance dans des projets structurels plus complexes. Explorez ici !","og_url":"https:\/\/penosil.com\/fr\/centre-connaissance\/catalogues_produits\/","og_site_name":"Penosil France","article_modified_time":"2025-09-22T12:43:10+00:00","twitter_card":"summary_large_image","twitter_misc":{"Dur\u00e9e de lecture estim\u00e9e":"3 minutes"},"schema":{"@context":"https:\/\/schema.org","@graph":[{"@type":"WebPage","@id":"https:\/\/penosil.com\/fr\/centre-connaissance\/catalogues_produits\/","url":"https:\/\/penosil.com\/fr\/centre-connaissance\/catalogues_produits\/","name":"Catalogues produits - Penosil France","isPartOf":{"@id":"https:\/\/penosil.com\/fr\/#website"},"datePublished":"2019-10-25T12:32:22+00:00","dateModified":"2025-09-22T12:43:10+00:00","description":"Catalogues produits PENOSIL et de mat\u00e9riaux d'assistance dans des projets structurels plus complexes. Explorez ici !","breadcrumb":{"@id":"https:\/\/penosil.com\/fr\/centre-connaissance\/catalogues_produits\/#breadcrumb"},"inLanguage":"fr-FR","potentialAction":[{"@type":"ReadAction","target":["https:\/\/penosil.com\/fr\/centre-connaissance\/catalogues_produits\/"]}]},{"@type":"BreadcrumbList","@id":"https:\/\/penosil.com\/fr\/centre-connaissance\/catalogues_produits\/#breadcrumb","itemListElement":[{"@type":"ListItem","position":1,"name":"Accueil","item":"https:\/\/penosil.com\/fr\/"},{"@type":"ListItem","position":2,"name":"Centre de connaissances","item":"https:\/\/penosil.com\/fr\/centre-connaissance\/"},{"@type":"ListItem","position":3,"name":"Catalogues produits"}]},{"@type":"WebSite","@id":"https:\/\/penosil.com\/fr\/#website","url":"https:\/\/penosil.com\/fr\/","name":"Penosil France","description":"","potentialAction":[{"@type":"SearchAction","target":{"@type":"EntryPoint","urlTemplate":"https:\/\/penosil.com\/fr\/?s={search_term_string}"},"query-input":{"@type":"PropertyValueSpecification","valueRequired":true,"valueName":"search_term_string"}}],"inLanguage":"fr-FR"}]}},"coauthors":[],"author_meta":{"author_link":"https:\/\/penosil.com\/fr\/author\/reaktiiv-pe\/","display_name":"reaktiiv-pe"},"relative_dates":{"created":"Publi\u00e9 6 ans il y a","modified":"Mis \u00e0 jour 7 mois il y a"},"absolute_dates":{"created":"Publi\u00e9 le 25 octobre 2019","modified":"Mise \u00e0 jour le 22 septembre 2025"},"absolute_dates_time":{"created":"Publi\u00e9 le 25 octobre 2019 12h32","modified":"Mise \u00e0 jour le 22 septembre 2025 12h43"},"featured_img_caption":"","featured_img":false,"series_order":"","_links":{"self":[{"href":"https:\/\/penosil.com\/fr\/wp-json\/wp\/v2\/pages\/6343","targetHints":{"allow":["GET"]}}],"collection":[{"href":"https:\/\/penosil.com\/fr\/wp-json\/wp\/v2\/pages"}],"about":[{"href":"https:\/\/penosil.com\/fr\/wp-json\/wp\/v2\/types\/page"}],"author":[{"embeddable":true,"href":"https:\/\/penosil.com\/fr\/wp-json\/wp\/v2\/users\/1"}],"replies":[{"embeddable":true,"href":"https:\/\/penosil.com\/fr\/wp-json\/wp\/v2\/comments?post=6343"}],"version-history":[{"count":41,"href":"https:\/\/penosil.com\/fr\/wp-json\/wp\/v2\/pages\/6343\/revisions"}],"predecessor-version":[{"id":11652,"href":"https:\/\/penosil.com\/fr\/wp-json\/wp\/v2\/pages\/6343\/revisions\/11652"}],"up":[{"embeddable":true,"href":"https:\/\/penosil.com\/fr\/wp-json\/wp\/v2\/pages\/6537"}],"wp:attachment":[{"href":"https:\/\/penosil.com\/fr\/wp-json\/wp\/v2\/media?parent=6343"}],"curies":[{"name":"wp","href":"https:\/\/api.w.org\/{rel}","templated":true}]}}