{"id":6382,"date":"2019-10-16T20:16:46","date_gmt":"2019-10-16T20:16:46","guid":{"rendered":"https:\/\/penosil.com\/fr\/news\/"},"modified":"2022-10-13T09:48:41","modified_gmt":"2022-10-13T09:48:41","slug":"nouvelles","status":"publish","type":"page","link":"https:\/\/penosil.com\/fr\/nouvelles\/","title":{"rendered":"Nouvelles"},"content":{"rendered":"\n<p>Jetez un coup d\u2019\u0153il aux informations sur les nouveaux produits PENOSIL, les formations de produits et les foires commerciales de construction, l\u2019entreprise, le groupe et les nouvelles de l\u2019industrie. <\/p>\n","protected":false},"excerpt":{"rendered":"Jetez un coup d\u2019\u0153il aux informations sur les nouveaux produits PENOSIL, les formations de produits et les foires commerciales de construction, l\u2019entreprise, le groupe et les nouvelles de l\u2019industrie.","protected":false},"author":1,"featured_media":0,"parent":0,"menu_order":0,"comment_status":"closed","ping_status":"closed","template":"page-templates\/template-news.php","meta":{"_acf_changed":false,"advgb_blocks_editor_width":"","advgb_blocks_columns_visual_guide":"","footnotes":""},"class_list":["post-6382","page","type-page","status-publish","hentry"],"acf":[],"yoast_head":"<!-- This site is optimized with the Yoast SEO plugin v27.2 - https:\/\/yoast.com\/product\/yoast-seo-wordpress\/ -->\n<title>Nouvelles | PENOSIL France<\/title>\n<meta name=\"description\" content=\"Trouvez les informations sur les nouveaux produits, les formations, les salons, et autres. Lire la suite !\" \/>\n<meta name=\"robots\" content=\"index, follow, max-snippet:-1, max-image-preview:large, max-video-preview:-1\" \/>\n<link rel=\"canonical\" href=\"https:\/\/penosil.com\/fr\/nouvelles\/\" \/>\n<meta property=\"og:locale\" content=\"fr_FR\" \/>\n<meta property=\"og:type\" content=\"article\" \/>\n<meta property=\"og:title\" content=\"Nouvelles | PENOSIL France\" \/>\n<meta property=\"og:description\" content=\"Trouvez les informations sur les nouveaux produits, les formations, les salons, et autres. Lire la suite !\" \/>\n<meta property=\"og:url\" content=\"https:\/\/penosil.com\/fr\/nouvelles\/\" \/>\n<meta property=\"og:site_name\" content=\"Penosil France\" \/>\n<meta property=\"article:modified_time\" content=\"2022-10-13T09:48:41+00:00\" \/>\n<meta name=\"twitter:card\" content=\"summary_large_image\" \/>\n<meta name=\"twitter:label1\" content=\"Dur\u00e9e de lecture estim\u00e9e\" \/>\n\t<meta name=\"twitter:data1\" content=\"1 minute\" \/>\n<script type=\"application\/ld+json\" class=\"yoast-schema-graph\">{\"@context\":\"https:\/\/schema.org\",\"@graph\":[{\"@type\":\"WebPage\",\"@id\":\"https:\/\/penosil.com\/fr\/nouvelles\/\",\"url\":\"https:\/\/penosil.com\/fr\/nouvelles\/\",\"name\":\"Nouvelles | PENOSIL France\",\"isPartOf\":{\"@id\":\"https:\/\/penosil.com\/fr\/#website\"},\"datePublished\":\"2019-10-16T20:16:46+00:00\",\"dateModified\":\"2022-10-13T09:48:41+00:00\",\"description\":\"Trouvez les informations sur les nouveaux produits, les formations, les salons, et autres. Lire la suite !\",\"breadcrumb\":{\"@id\":\"https:\/\/penosil.com\/fr\/nouvelles\/#breadcrumb\"},\"inLanguage\":\"fr-FR\",\"potentialAction\":[{\"@type\":\"ReadAction\",\"target\":[\"https:\/\/penosil.com\/fr\/nouvelles\/\"]}]},{\"@type\":\"BreadcrumbList\",\"@id\":\"https:\/\/penosil.com\/fr\/nouvelles\/#breadcrumb\",\"itemListElement\":[{\"@type\":\"ListItem\",\"position\":1,\"name\":\"Accueil\",\"item\":\"https:\/\/penosil.com\/fr\/\"},{\"@type\":\"ListItem\",\"position\":2,\"name\":\"Nouvelles\"}]},{\"@type\":\"WebSite\",\"@id\":\"https:\/\/penosil.com\/fr\/#website\",\"url\":\"https:\/\/penosil.com\/fr\/\",\"name\":\"Penosil France\",\"description\":\"\",\"potentialAction\":[{\"@type\":\"SearchAction\",\"target\":{\"@type\":\"EntryPoint\",\"urlTemplate\":\"https:\/\/penosil.com\/fr\/?s={search_term_string}\"},\"query-input\":{\"@type\":\"PropertyValueSpecification\",\"valueRequired\":true,\"valueName\":\"search_term_string\"}}],\"inLanguage\":\"fr-FR\"}]}<\/script>\n<!-- \/ Yoast SEO plugin. -->","yoast_head_json":{"title":"Nouvelles | PENOSIL France","description":"Trouvez les informations sur les nouveaux produits, les formations, les salons, et autres. Lire la suite !","robots":{"index":"index","follow":"follow","max-snippet":"max-snippet:-1","max-image-preview":"max-image-preview:large","max-video-preview":"max-video-preview:-1"},"canonical":"https:\/\/penosil.com\/fr\/nouvelles\/","og_locale":"fr_FR","og_type":"article","og_title":"Nouvelles | PENOSIL France","og_description":"Trouvez les informations sur les nouveaux produits, les formations, les salons, et autres. Lire la suite !","og_url":"https:\/\/penosil.com\/fr\/nouvelles\/","og_site_name":"Penosil France","article_modified_time":"2022-10-13T09:48:41+00:00","twitter_card":"summary_large_image","twitter_misc":{"Dur\u00e9e de lecture estim\u00e9e":"1 minute"},"schema":{"@context":"https:\/\/schema.org","@graph":[{"@type":"WebPage","@id":"https:\/\/penosil.com\/fr\/nouvelles\/","url":"https:\/\/penosil.com\/fr\/nouvelles\/","name":"Nouvelles | PENOSIL France","isPartOf":{"@id":"https:\/\/penosil.com\/fr\/#website"},"datePublished":"2019-10-16T20:16:46+00:00","dateModified":"2022-10-13T09:48:41+00:00","description":"Trouvez les informations sur les nouveaux produits, les formations, les salons, et autres. Lire la suite !","breadcrumb":{"@id":"https:\/\/penosil.com\/fr\/nouvelles\/#breadcrumb"},"inLanguage":"fr-FR","potentialAction":[{"@type":"ReadAction","target":["https:\/\/penosil.com\/fr\/nouvelles\/"]}]},{"@type":"BreadcrumbList","@id":"https:\/\/penosil.com\/fr\/nouvelles\/#breadcrumb","itemListElement":[{"@type":"ListItem","position":1,"name":"Accueil","item":"https:\/\/penosil.com\/fr\/"},{"@type":"ListItem","position":2,"name":"Nouvelles"}]},{"@type":"WebSite","@id":"https:\/\/penosil.com\/fr\/#website","url":"https:\/\/penosil.com\/fr\/","name":"Penosil France","description":"","potentialAction":[{"@type":"SearchAction","target":{"@type":"EntryPoint","urlTemplate":"https:\/\/penosil.com\/fr\/?s={search_term_string}"},"query-input":{"@type":"PropertyValueSpecification","valueRequired":true,"valueName":"search_term_string"}}],"inLanguage":"fr-FR"}]}},"coauthors":[],"author_meta":{"author_link":"https:\/\/penosil.com\/fr\/author\/reaktiiv-pe\/","display_name":"reaktiiv-pe"},"relative_dates":{"created":"Publi\u00e9 7 ans il y a","modified":"Mis \u00e0 jour 4 ans il y a"},"absolute_dates":{"created":"Publi\u00e9 le 16 octobre 2019","modified":"Mise \u00e0 jour le 13 octobre 2022"},"absolute_dates_time":{"created":"Publi\u00e9 le 16 octobre 2019 20h16","modified":"Mise \u00e0 jour le 13 octobre 2022 9h48"},"featured_img_caption":"","featured_img":false,"series_order":"","_links":{"self":[{"href":"https:\/\/penosil.com\/fr\/wp-json\/wp\/v2\/pages\/6382","targetHints":{"allow":["GET"]}}],"collection":[{"href":"https:\/\/penosil.com\/fr\/wp-json\/wp\/v2\/pages"}],"about":[{"href":"https:\/\/penosil.com\/fr\/wp-json\/wp\/v2\/types\/page"}],"author":[{"embeddable":true,"href":"https:\/\/penosil.com\/fr\/wp-json\/wp\/v2\/users\/1"}],"replies":[{"embeddable":true,"href":"https:\/\/penosil.com\/fr\/wp-json\/wp\/v2\/comments?post=6382"}],"version-history":[{"count":2,"href":"https:\/\/penosil.com\/fr\/wp-json\/wp\/v2\/pages\/6382\/revisions"}],"predecessor-version":[{"id":7731,"href":"https:\/\/penosil.com\/fr\/wp-json\/wp\/v2\/pages\/6382\/revisions\/7731"}],"wp:attachment":[{"href":"https:\/\/penosil.com\/fr\/wp-json\/wp\/v2\/media?parent=6382"}],"curies":[{"name":"wp","href":"https:\/\/api.w.org\/{rel}","templated":true}]}}