{"id":6429,"date":"2019-08-01T13:06:43","date_gmt":"2019-08-01T13:06:43","guid":{"rendered":"https:\/\/penosil.com\/fr\/sealant-consumption-calculator\/"},"modified":"2023-09-13T08:11:47","modified_gmt":"2023-09-13T08:11:47","slug":"calculateur-de-consommation-de-mastic","status":"publish","type":"page","link":"https:\/\/penosil.com\/fr\/centre-connaissance\/calculatrices\/calculateur-de-consommation-de-mastic\/","title":{"rendered":"Calculateur de consommation de mastic"},"content":{"rendered":"<div id=\"pnsl-calculator-block_a9b82af640ae3cb3c105b970370a2e54\" class=\"pnsl-calculator-block sealant-consumption-calculator\">\n   <div class=\"calculator-part\">\n\n      <div class=\"calculator-part-title\">\n         <h4>Dimensions du joint<\/h4>\n      <\/div>\n\n      <div class=\"calculator-part-inputs d-flex align-items-center flex-wrap\">\n\n         <div class=\"calculator-input mr32\">\n            <label for=\"joint-length\" class=\"input-label\">Longueur<\/label>\n            <div class=\"input-field\">\n               <input type=\"number\" name=\"sealant-consumption-joint-length\">\n               <span class=\"unit\">m<\/span>\n            <\/div>\n         <\/div>\n\n         <div class=\"calculator-input mr32\">\n            <label for=\"joint-width\" class=\"input-label\">Largeur<\/label>\n            <div class=\"input-field\">\n               <input type=\"number\" name=\"sealant-consumption-joint-width\">\n               <span class=\"unit\">mm<\/span>\n            <\/div>\n         <\/div>\n\n         <div class=\"calculator-input\">\n            <label for=\"joint-depth\" class=\"input-label\">Profondeur<\/label>\n            <div class=\"input-field\">\n               <input type=\"number\" name=\"sealant-consumption-joint-depth\">\n               <span class=\"unit\">mm<\/span>\n            <\/div>\n         <\/div>\n\n      <\/div>\n   <\/div>\n\n   <div class=\"calculator-part\">\n      <div class=\"calculator-part-title\">\n         <h4>Capacit\u00e9s des cartouches &#038; des emballages en aluminium<\/h4>\n      <\/div>\n\n      <div class=\"calculator-part-inputs d-flex align-items-center flex-wrap\">\n\n         <div class=\"calculator-input mr32\">\n            <label for=\"cartriges-capacity\" class=\"input-label\">Capacit\u00e9 des cartouches<\/label>\n            <div class=\"input-field\">\n               <input type=\"number\" name=\"sealant-consumption-cartriges-capacity\" value=\"310\">\n               <span class=\"unit\">ml<\/span>\n            <\/div>\n         <\/div>\n\n         <div class=\"calculator-input\">\n            <label for=\"foil-pack-capacity\" class=\"input-label\">Capacit\u00e9 des emballages en aluminium<\/label>\n            <div class=\"input-field\">\n               <input type=\"number\" name=\"sealant-consumption-foil-pack-capacity\" value=\"600\">\n               <span class=\"unit\">ml<\/span>\n            <\/div>\n         <\/div>\n\n      <\/div>\n   <\/div>\n\n   <div class=\"calculator-output\">\n      <div class=\"output-block output-side d-flex flex-wrap\">\n         <div class=\"output-title w100\">\n            <span>Cartouches<\/span>\n         <\/div>\n         <div class=\"output-result w100\" id=\"sealant-consumption-nr-cartridges\">\n            0\n         <\/div>\n      <\/div>\n\n      <div class=\"output-block output-side d-flex flex-wrap\">\n         <div class=\"output-title w100\">\n            <span>Emballages en aluminium<\/span>\n         <\/div>\n         <div class=\"output-result w100\" id=\"sealant-consumption-nr-foil-pack\">\n            0\n         <\/div>\n      <\/div>\n   <\/div>\n<\/div>","protected":false},"excerpt":{"rendered":"","protected":false},"author":1,"featured_media":0,"parent":6463,"menu_order":1,"comment_status":"closed","ping_status":"closed","template":"page-templates\/template-calculators.php","meta":{"_acf_changed":false,"advgb_blocks_editor_width":"","advgb_blocks_columns_visual_guide":"","footnotes":""},"class_list":["post-6429","page","type-page","status-publish","hentry"],"acf":[],"yoast_head":"<!-- This site is optimized with the Yoast SEO plugin v27.2 - https:\/\/yoast.com\/product\/yoast-seo-wordpress\/ -->\n<title>Calculateur de consommation de mastic - PENOSIL France<\/title>\n<meta name=\"description\" content=\"Pensez vert, utilisez les outils de PENOSIL : le calculateur de consommation de mastic afin de minimiser les d\u00e9chets.\" \/>\n<meta name=\"robots\" content=\"index, follow, max-snippet:-1, max-image-preview:large, max-video-preview:-1\" \/>\n<link rel=\"canonical\" href=\"https:\/\/penosil.com\/fr\/centre-connaissance\/calculatrices\/calculateur-de-consommation-de-mastic\/\" \/>\n<meta property=\"og:locale\" content=\"fr_FR\" \/>\n<meta property=\"og:type\" content=\"article\" \/>\n<meta property=\"og:title\" content=\"Calculateur de consommation de mastic - PENOSIL France\" \/>\n<meta property=\"og:description\" content=\"Pensez vert, utilisez les outils de PENOSIL : le calculateur de consommation de mastic afin de minimiser les d\u00e9chets.\" \/>\n<meta property=\"og:url\" content=\"https:\/\/penosil.com\/fr\/centre-connaissance\/calculatrices\/calculateur-de-consommation-de-mastic\/\" \/>\n<meta property=\"og:site_name\" content=\"Penosil France\" \/>\n<meta property=\"article:modified_time\" content=\"2023-09-13T08:11:47+00:00\" \/>\n<meta name=\"twitter:card\" content=\"summary_large_image\" \/>\n<script type=\"application\/ld+json\" class=\"yoast-schema-graph\">{\"@context\":\"https:\/\/schema.org\",\"@graph\":[{\"@type\":\"WebPage\",\"@id\":\"https:\/\/penosil.com\/fr\/centre-connaissance\/calculatrices\/calculateur-de-consommation-de-mastic\/\",\"url\":\"https:\/\/penosil.com\/fr\/centre-connaissance\/calculatrices\/calculateur-de-consommation-de-mastic\/\",\"name\":\"Calculateur de consommation de mastic - PENOSIL France\",\"isPartOf\":{\"@id\":\"https:\/\/penosil.com\/fr\/#website\"},\"datePublished\":\"2019-08-01T13:06:43+00:00\",\"dateModified\":\"2023-09-13T08:11:47+00:00\",\"description\":\"Pensez vert, utilisez les outils de PENOSIL : le calculateur de consommation de mastic afin de minimiser les d\u00e9chets.\",\"breadcrumb\":{\"@id\":\"https:\/\/penosil.com\/fr\/centre-connaissance\/calculatrices\/calculateur-de-consommation-de-mastic\/#breadcrumb\"},\"inLanguage\":\"fr-FR\",\"potentialAction\":[{\"@type\":\"ReadAction\",\"target\":[\"https:\/\/penosil.com\/fr\/centre-connaissance\/calculatrices\/calculateur-de-consommation-de-mastic\/\"]}]},{\"@type\":\"BreadcrumbList\",\"@id\":\"https:\/\/penosil.com\/fr\/centre-connaissance\/calculatrices\/calculateur-de-consommation-de-mastic\/#breadcrumb\",\"itemListElement\":[{\"@type\":\"ListItem\",\"position\":1,\"name\":\"Accueil\",\"item\":\"https:\/\/penosil.com\/fr\/\"},{\"@type\":\"ListItem\",\"position\":2,\"name\":\"Centre de connaissances\",\"item\":\"https:\/\/penosil.com\/fr\/centre-connaissance\/\"},{\"@type\":\"ListItem\",\"position\":3,\"name\":\"Calculatrices\",\"item\":\"https:\/\/penosil.com\/fr\/centre-connaissance\/calculatrices\/\"},{\"@type\":\"ListItem\",\"position\":4,\"name\":\"Calculateur de consommation de mastic\"}]},{\"@type\":\"WebSite\",\"@id\":\"https:\/\/penosil.com\/fr\/#website\",\"url\":\"https:\/\/penosil.com\/fr\/\",\"name\":\"Penosil France\",\"description\":\"\",\"potentialAction\":[{\"@type\":\"SearchAction\",\"target\":{\"@type\":\"EntryPoint\",\"urlTemplate\":\"https:\/\/penosil.com\/fr\/?s={search_term_string}\"},\"query-input\":{\"@type\":\"PropertyValueSpecification\",\"valueRequired\":true,\"valueName\":\"search_term_string\"}}],\"inLanguage\":\"fr-FR\"}]}<\/script>\n<!-- \/ Yoast SEO plugin. -->","yoast_head_json":{"title":"Calculateur de consommation de mastic - PENOSIL France","description":"Pensez vert, utilisez les outils de PENOSIL : le calculateur de consommation de mastic afin de minimiser les d\u00e9chets.","robots":{"index":"index","follow":"follow","max-snippet":"max-snippet:-1","max-image-preview":"max-image-preview:large","max-video-preview":"max-video-preview:-1"},"canonical":"https:\/\/penosil.com\/fr\/centre-connaissance\/calculatrices\/calculateur-de-consommation-de-mastic\/","og_locale":"fr_FR","og_type":"article","og_title":"Calculateur de consommation de mastic - PENOSIL France","og_description":"Pensez vert, utilisez les outils de PENOSIL : le calculateur de consommation de mastic afin de minimiser les d\u00e9chets.","og_url":"https:\/\/penosil.com\/fr\/centre-connaissance\/calculatrices\/calculateur-de-consommation-de-mastic\/","og_site_name":"Penosil France","article_modified_time":"2023-09-13T08:11:47+00:00","twitter_card":"summary_large_image","schema":{"@context":"https:\/\/schema.org","@graph":[{"@type":"WebPage","@id":"https:\/\/penosil.com\/fr\/centre-connaissance\/calculatrices\/calculateur-de-consommation-de-mastic\/","url":"https:\/\/penosil.com\/fr\/centre-connaissance\/calculatrices\/calculateur-de-consommation-de-mastic\/","name":"Calculateur de consommation de mastic - PENOSIL France","isPartOf":{"@id":"https:\/\/penosil.com\/fr\/#website"},"datePublished":"2019-08-01T13:06:43+00:00","dateModified":"2023-09-13T08:11:47+00:00","description":"Pensez vert, utilisez les outils de PENOSIL : le calculateur de consommation de mastic afin de minimiser les d\u00e9chets.","breadcrumb":{"@id":"https:\/\/penosil.com\/fr\/centre-connaissance\/calculatrices\/calculateur-de-consommation-de-mastic\/#breadcrumb"},"inLanguage":"fr-FR","potentialAction":[{"@type":"ReadAction","target":["https:\/\/penosil.com\/fr\/centre-connaissance\/calculatrices\/calculateur-de-consommation-de-mastic\/"]}]},{"@type":"BreadcrumbList","@id":"https:\/\/penosil.com\/fr\/centre-connaissance\/calculatrices\/calculateur-de-consommation-de-mastic\/#breadcrumb","itemListElement":[{"@type":"ListItem","position":1,"name":"Accueil","item":"https:\/\/penosil.com\/fr\/"},{"@type":"ListItem","position":2,"name":"Centre de connaissances","item":"https:\/\/penosil.com\/fr\/centre-connaissance\/"},{"@type":"ListItem","position":3,"name":"Calculatrices","item":"https:\/\/penosil.com\/fr\/centre-connaissance\/calculatrices\/"},{"@type":"ListItem","position":4,"name":"Calculateur de consommation de mastic"}]},{"@type":"WebSite","@id":"https:\/\/penosil.com\/fr\/#website","url":"https:\/\/penosil.com\/fr\/","name":"Penosil France","description":"","potentialAction":[{"@type":"SearchAction","target":{"@type":"EntryPoint","urlTemplate":"https:\/\/penosil.com\/fr\/?s={search_term_string}"},"query-input":{"@type":"PropertyValueSpecification","valueRequired":true,"valueName":"search_term_string"}}],"inLanguage":"fr-FR"}]}},"coauthors":[],"author_meta":{"author_link":"https:\/\/penosil.com\/fr\/author\/reaktiiv-pe\/","display_name":"reaktiiv-pe"},"relative_dates":{"created":"Publi\u00e9 7 ans il y a","modified":"Mis \u00e0 jour 3 ans il y a"},"absolute_dates":{"created":"Publi\u00e9 le 1 ao\u00fbt 2019","modified":"Mise \u00e0 jour le 13 septembre 2023"},"absolute_dates_time":{"created":"Publi\u00e9 le 1 ao\u00fbt 2019 13h06","modified":"Mise \u00e0 jour le 13 septembre 2023 8h11"},"featured_img_caption":"","featured_img":false,"series_order":"","_links":{"self":[{"href":"https:\/\/penosil.com\/fr\/wp-json\/wp\/v2\/pages\/6429","targetHints":{"allow":["GET"]}}],"collection":[{"href":"https:\/\/penosil.com\/fr\/wp-json\/wp\/v2\/pages"}],"about":[{"href":"https:\/\/penosil.com\/fr\/wp-json\/wp\/v2\/types\/page"}],"author":[{"embeddable":true,"href":"https:\/\/penosil.com\/fr\/wp-json\/wp\/v2\/users\/1"}],"replies":[{"embeddable":true,"href":"https:\/\/penosil.com\/fr\/wp-json\/wp\/v2\/comments?post=6429"}],"version-history":[{"count":6,"href":"https:\/\/penosil.com\/fr\/wp-json\/wp\/v2\/pages\/6429\/revisions"}],"predecessor-version":[{"id":9551,"href":"https:\/\/penosil.com\/fr\/wp-json\/wp\/v2\/pages\/6429\/revisions\/9551"}],"up":[{"embeddable":true,"href":"https:\/\/penosil.com\/fr\/wp-json\/wp\/v2\/pages\/6463"}],"wp:attachment":[{"href":"https:\/\/penosil.com\/fr\/wp-json\/wp\/v2\/media?parent=6429"}],"curies":[{"name":"wp","href":"https:\/\/api.w.org\/{rel}","templated":true}]}}