{"id":6476,"date":"2019-07-30T13:32:43","date_gmt":"2019-07-30T13:32:43","guid":{"rendered":"https:\/\/penosil.com\/fr\/videos-2\/"},"modified":"2022-06-13T14:21:53","modified_gmt":"2022-06-13T14:21:53","slug":"videos","status":"publish","type":"page","link":"https:\/\/penosil.com\/fr\/videos\/","title":{"rendered":"Vid\u00e9os"},"content":{"rendered":"\n<p>Visitez la cha\u00eene vid\u00e9o PENOSIL, d\u00e9couvrez comment utiliser nos produits et ce qui est nouveau et tendance dans le monde de la construction. Trouvez des vid\u00e9os de travaux professionnels \u00e0 faire soi-m\u00eame, le tout au m\u00eame endroit.<\/p>\n","protected":false},"excerpt":{"rendered":"Visitez la cha\u00eene vid\u00e9o PENOSIL, d\u00e9couvrez comment utiliser nos produits et ce qui est nouveau et tendance dans le monde de la construction. Trouvez des vid\u00e9os de travaux professionnels \u00e0 faire soi-m\u00eame, le tout au m\u00eame endroit.","protected":false},"author":1,"featured_media":0,"parent":0,"menu_order":0,"comment_status":"closed","ping_status":"closed","template":"page-templates\/template-videos.php","meta":{"_acf_changed":false,"advgb_blocks_editor_width":"","advgb_blocks_columns_visual_guide":"","footnotes":""},"class_list":["post-6476","page","type-page","status-publish","hentry"],"acf":[],"yoast_head":"<!-- This site is optimized with the Yoast SEO plugin v27.2 - https:\/\/yoast.com\/product\/yoast-seo-wordpress\/ -->\n<title>Bienvenue sur notre chaine vid\u00e9o PENOSIL - PENOSIL France<\/title>\n<meta name=\"description\" content=\"D\u00e9couvrez comment utiliser nos produits, les nouveaut\u00e9s et les tendances. Trouvez des vid\u00e9os pour tous types de travaux.\" \/>\n<meta name=\"robots\" content=\"index, follow, max-snippet:-1, max-image-preview:large, max-video-preview:-1\" \/>\n<link rel=\"canonical\" href=\"https:\/\/penosil.com\/fr\/videos\/\" \/>\n<meta property=\"og:locale\" content=\"fr_FR\" \/>\n<meta property=\"og:type\" content=\"article\" \/>\n<meta property=\"og:title\" content=\"Bienvenue sur notre chaine vid\u00e9o PENOSIL - PENOSIL France\" \/>\n<meta property=\"og:description\" content=\"D\u00e9couvrez comment utiliser nos produits, les nouveaut\u00e9s et les tendances. Trouvez des vid\u00e9os pour tous types de travaux.\" \/>\n<meta property=\"og:url\" content=\"https:\/\/penosil.com\/fr\/videos\/\" \/>\n<meta property=\"og:site_name\" content=\"Penosil France\" \/>\n<meta property=\"article:modified_time\" content=\"2022-06-13T14:21:53+00:00\" \/>\n<meta name=\"twitter:card\" content=\"summary_large_image\" \/>\n<meta name=\"twitter:label1\" content=\"Dur\u00e9e de lecture estim\u00e9e\" \/>\n\t<meta name=\"twitter:data1\" content=\"1 minute\" \/>\n<script type=\"application\/ld+json\" class=\"yoast-schema-graph\">{\"@context\":\"https:\/\/schema.org\",\"@graph\":[{\"@type\":\"WebPage\",\"@id\":\"https:\/\/penosil.com\/fr\/videos\/\",\"url\":\"https:\/\/penosil.com\/fr\/videos\/\",\"name\":\"Bienvenue sur notre chaine vid\u00e9o PENOSIL - PENOSIL France\",\"isPartOf\":{\"@id\":\"https:\/\/penosil.com\/fr\/#website\"},\"datePublished\":\"2019-07-30T13:32:43+00:00\",\"dateModified\":\"2022-06-13T14:21:53+00:00\",\"description\":\"D\u00e9couvrez comment utiliser nos produits, les nouveaut\u00e9s et les tendances. Trouvez des vid\u00e9os pour tous types de travaux.\",\"breadcrumb\":{\"@id\":\"https:\/\/penosil.com\/fr\/videos\/#breadcrumb\"},\"inLanguage\":\"fr-FR\",\"potentialAction\":[{\"@type\":\"ReadAction\",\"target\":[\"https:\/\/penosil.com\/fr\/videos\/\"]}]},{\"@type\":\"BreadcrumbList\",\"@id\":\"https:\/\/penosil.com\/fr\/videos\/#breadcrumb\",\"itemListElement\":[{\"@type\":\"ListItem\",\"position\":1,\"name\":\"Accueil\",\"item\":\"https:\/\/penosil.com\/fr\/\"},{\"@type\":\"ListItem\",\"position\":2,\"name\":\"Vid\u00e9os\"}]},{\"@type\":\"WebSite\",\"@id\":\"https:\/\/penosil.com\/fr\/#website\",\"url\":\"https:\/\/penosil.com\/fr\/\",\"name\":\"Penosil France\",\"description\":\"\",\"potentialAction\":[{\"@type\":\"SearchAction\",\"target\":{\"@type\":\"EntryPoint\",\"urlTemplate\":\"https:\/\/penosil.com\/fr\/?s={search_term_string}\"},\"query-input\":{\"@type\":\"PropertyValueSpecification\",\"valueRequired\":true,\"valueName\":\"search_term_string\"}}],\"inLanguage\":\"fr-FR\"}]}<\/script>\n<!-- \/ Yoast SEO plugin. -->","yoast_head_json":{"title":"Bienvenue sur notre chaine vid\u00e9o PENOSIL - PENOSIL France","description":"D\u00e9couvrez comment utiliser nos produits, les nouveaut\u00e9s et les tendances. Trouvez des vid\u00e9os pour tous types de travaux.","robots":{"index":"index","follow":"follow","max-snippet":"max-snippet:-1","max-image-preview":"max-image-preview:large","max-video-preview":"max-video-preview:-1"},"canonical":"https:\/\/penosil.com\/fr\/videos\/","og_locale":"fr_FR","og_type":"article","og_title":"Bienvenue sur notre chaine vid\u00e9o PENOSIL - PENOSIL France","og_description":"D\u00e9couvrez comment utiliser nos produits, les nouveaut\u00e9s et les tendances. Trouvez des vid\u00e9os pour tous types de travaux.","og_url":"https:\/\/penosil.com\/fr\/videos\/","og_site_name":"Penosil France","article_modified_time":"2022-06-13T14:21:53+00:00","twitter_card":"summary_large_image","twitter_misc":{"Dur\u00e9e de lecture estim\u00e9e":"1 minute"},"schema":{"@context":"https:\/\/schema.org","@graph":[{"@type":"WebPage","@id":"https:\/\/penosil.com\/fr\/videos\/","url":"https:\/\/penosil.com\/fr\/videos\/","name":"Bienvenue sur notre chaine vid\u00e9o PENOSIL - PENOSIL France","isPartOf":{"@id":"https:\/\/penosil.com\/fr\/#website"},"datePublished":"2019-07-30T13:32:43+00:00","dateModified":"2022-06-13T14:21:53+00:00","description":"D\u00e9couvrez comment utiliser nos produits, les nouveaut\u00e9s et les tendances. Trouvez des vid\u00e9os pour tous types de travaux.","breadcrumb":{"@id":"https:\/\/penosil.com\/fr\/videos\/#breadcrumb"},"inLanguage":"fr-FR","potentialAction":[{"@type":"ReadAction","target":["https:\/\/penosil.com\/fr\/videos\/"]}]},{"@type":"BreadcrumbList","@id":"https:\/\/penosil.com\/fr\/videos\/#breadcrumb","itemListElement":[{"@type":"ListItem","position":1,"name":"Accueil","item":"https:\/\/penosil.com\/fr\/"},{"@type":"ListItem","position":2,"name":"Vid\u00e9os"}]},{"@type":"WebSite","@id":"https:\/\/penosil.com\/fr\/#website","url":"https:\/\/penosil.com\/fr\/","name":"Penosil France","description":"","potentialAction":[{"@type":"SearchAction","target":{"@type":"EntryPoint","urlTemplate":"https:\/\/penosil.com\/fr\/?s={search_term_string}"},"query-input":{"@type":"PropertyValueSpecification","valueRequired":true,"valueName":"search_term_string"}}],"inLanguage":"fr-FR"}]}},"coauthors":[],"author_meta":{"author_link":"https:\/\/penosil.com\/fr\/author\/reaktiiv-pe\/","display_name":"reaktiiv-pe"},"relative_dates":{"created":"Publi\u00e9 7 ans il y a","modified":"Mis \u00e0 jour 4 ans il y a"},"absolute_dates":{"created":"Publi\u00e9 le 30 juillet 2019","modified":"Mise \u00e0 jour le 13 juin 2022"},"absolute_dates_time":{"created":"Publi\u00e9 le 30 juillet 2019 13h32","modified":"Mise \u00e0 jour le 13 juin 2022 14h21"},"featured_img_caption":"","featured_img":false,"series_order":"","_links":{"self":[{"href":"https:\/\/penosil.com\/fr\/wp-json\/wp\/v2\/pages\/6476","targetHints":{"allow":["GET"]}}],"collection":[{"href":"https:\/\/penosil.com\/fr\/wp-json\/wp\/v2\/pages"}],"about":[{"href":"https:\/\/penosil.com\/fr\/wp-json\/wp\/v2\/types\/page"}],"author":[{"embeddable":true,"href":"https:\/\/penosil.com\/fr\/wp-json\/wp\/v2\/users\/1"}],"replies":[{"embeddable":true,"href":"https:\/\/penosil.com\/fr\/wp-json\/wp\/v2\/comments?post=6476"}],"version-history":[{"count":3,"href":"https:\/\/penosil.com\/fr\/wp-json\/wp\/v2\/pages\/6476\/revisions"}],"predecessor-version":[{"id":7928,"href":"https:\/\/penosil.com\/fr\/wp-json\/wp\/v2\/pages\/6476\/revisions\/7928"}],"wp:attachment":[{"href":"https:\/\/penosil.com\/fr\/wp-json\/wp\/v2\/media?parent=6476"}],"curies":[{"name":"wp","href":"https:\/\/api.w.org\/{rel}","templated":true}]}}