{"id":6524,"date":"2019-07-24T13:17:19","date_gmt":"2019-07-24T13:17:19","guid":{"rendered":"https:\/\/penosil.com\/fr\/about-us\/"},"modified":"2026-02-02T12:55:47","modified_gmt":"2026-02-02T12:55:47","slug":"a-propos-de-nous","status":"publish","type":"page","link":"https:\/\/penosil.com\/fr\/a-propos-de-nous\/","title":{"rendered":"\u00c0 propos de nous"},"content":{"rendered":"\n<div class=\"wp-block-columns has-2-columns is-layout-flex wp-container-core-columns-is-layout-9d6595d7 wp-block-columns-is-layout-flex\">\n<div class=\"wp-block-column is-layout-flow wp-block-column-is-layout-flow\">\n<p>C\u2019est dans les climats frais d\u2019Europe du Nord, o\u00f9 PENOSIL a vu le jour, que le froid r\u00e8gne une grande partie de l\u2019ann\u00e9e. Pour autant, les premiers habitants de ces r\u00e9gions n\u2019y voyaient pas un obstacle, mais un d\u00e9fi \u00e0 relever avec ing\u00e9niosit\u00e9. Au fil des si\u00e8cles, les abris rudimentaires ont \u00e9volu\u00e9 \u2014 des cabanes en rondins isol\u00e9es \u00e0 la mousse, aux b\u00e2timents modernes con\u00e7us pour r\u00e9sister autant aux rigueurs de l\u2019hiver qu\u2019aux chaleurs estivales. Il n\u2019est donc pas surprenant que PENOSIL soit n\u00e9 de cet environnement exigeant, fa\u00e7onn\u00e9 par la n\u00e9cessit\u00e9 de b\u00e2tir mieux pour vivre mieux.<\/p>\n\n\n\n<p>Aujourd\u2019hui, les formulations innovantes et les produits intuitifs de PENOSIL sont con\u00e7us pour offrir des performances optimales dans toutes les zones climatiques, sur tous les continents. Pionniers dans notre domaine, nous relevons chaque d\u00e9fi avec d\u00e9termination et ne cessons de repousser les limites de l\u2019innovation.<\/p>\n<\/div>\n\n\n\n<div class=\"wp-block-column is-layout-flow wp-block-column-is-layout-flow\">\n<p>L\u2019efficacit\u00e9 \u00e9nerg\u00e9tique et le d\u00e9veloppement durable sont d\u00e9sormais au c\u0153ur de notre quotidien. Les produits PENOSIL offrent une solution \u00e0 la fois simple et performante pour les utilisateurs individuels, tout en repr\u00e9sentant une avanc\u00e9e majeure en mati\u00e8re d\u2019\u00e9conomie d\u2019\u00e9nergie \u00e0 l\u2019\u00e9chelle mondiale. Qu\u2019il s\u2019agisse de grands projets commerciaux ou de maisons individuelles, nos produits sont le choix privil\u00e9gi\u00e9 dans plus de 40 pays, o\u00f9 la qualit\u00e9 est essentielle et les normes de construction rigoureuses.<\/p>\n\n\n\n<p>Les lois de la nature ont fa\u00e7onn\u00e9 ce que nous sommes aujourd\u2019hui et nous ont appris \u00e0 \u00e9voluer, \u00e0 nous adapter, et \u00e0 anticiper pour l\u2019avenir.<\/p>\n\n\n\n<p><a href=\"https:\/\/penosil.com\/fr\/wp-content\/uploads\/sites\/6\/2025\/08\/penosil-ppt-web-FR.pdf\">En savoir plus sur l&rsquo;histoire de PENOSIL.<\/a><\/p>\n\n\n\n<div class=\"wp-block-advgb-button alignnone is-style-outlined\"><a class=\"wp-block-advgb-button_link advgbbtn-a97be84b-bb63-4887-8a23-fc8a66b21271\" href=\"https:\/\/penosil.com\/fr\/wp-content\/uploads\/sites\/6\/2024\/05\/PENOSIL_FACT-SHEET_FRENCH_DIGITAL.pdf\" target=\"_blank\" rel=\"noopener noreferrer\"><span>PENOSIL en un clic<\/span><\/a><\/div>\n<\/div>\n<\/div>\n<style class=\"advgb-styles-renderer\">.advgbbtn-a97be84b-bb63-4887-8a23-fc8a66b21271{font-size:18px;color:#cf2e2e !important;background-color:#2196f3 !important;margin:0px 0px 0px 0px !important;padding:10px 30px 10px 30px;border-width:1px !important;border-style:none;border-radius:50px !important;}.advgbbtn-a97be84b-bb63-4887-8a23-fc8a66b21271:hover{box-shadow:1px 1px 12px 0px #cf2e2e;opacity:1;transition:all 0.2s ease;}.advgbbtn-a97be84b-bb63-4887-8a23-fc8a66b21271 > i {display: none !important;}.advgbbtn-a97be84b-bb63-4887-8a23-fc8a66b21271{font-size:18px;color:#cf2e2e !important;background-color:#2196f3 !important;margin:0px 0px 0px 0px !important;padding:10px 30px 10px 30px;border-width:1px !important;border-style:none;border-radius:50px !important;}.advgbbtn-a97be84b-bb63-4887-8a23-fc8a66b21271:hover{box-shadow:1px 1px 12px 0px #cf2e2e;opacity:1;transition:all 0.2s ease;}.advgbbtn-a97be84b-bb63-4887-8a23-fc8a66b21271 > i {display: none !important;}.advgbbtn-a97be84b-bb63-4887-8a23-fc8a66b21271{font-size:18px;color:#cf2e2e !important;background-color:#2196f3 !important;margin:0px 0px 0px 0px !important;padding:10px 30px 10px 30px;border-width:1px !important;border-style:none;border-radius:50px !important;}.advgbbtn-a97be84b-bb63-4887-8a23-fc8a66b21271:hover{box-shadow:1px 1px 12px 0px #cf2e2e;opacity:1;transition:all 0.2s ease;}.advgbbtn-a97be84b-bb63-4887-8a23-fc8a66b21271 > i {display: none !important;}<\/style>","protected":false},"excerpt":{"rendered":"C\u2019est dans les climats frais d\u2019Europe du Nord, o\u00f9 PENOSIL a vu le jour, que le froid r\u00e8gne une grande partie de l\u2019ann\u00e9e. Pour autant, les premiers habitants de ces r\u00e9gions n\u2019y voyaient pas un obstacle, mais un d\u00e9fi \u00e0 relever avec ing\u00e9niosit\u00e9. Au fil des si\u00e8cles, les abris rudimentaires ont \u00e9volu\u00e9 \u2014 des cabanes [&hellip;]","protected":false},"author":1,"featured_media":0,"parent":0,"menu_order":0,"comment_status":"closed","ping_status":"closed","template":"page-templates\/template-aboutus.php","meta":{"_acf_changed":false,"advgb_blocks_editor_width":"","advgb_blocks_columns_visual_guide":"","footnotes":""},"class_list":["post-6524","page","type-page","status-publish","hentry"],"acf":[],"yoast_head":"<!-- This site is optimized with the Yoast SEO plugin v27.2 - https:\/\/yoast.com\/product\/yoast-seo-wordpress\/ -->\n<title>A propos de nous - PENOSIL France<\/title>\n<meta name=\"description\" content=\"PENOSIL est une des marques europ\u00e9ennes leaders dans la solution d&#039;\u00e9tanch\u00e9it\u00e9 et de collage \u00e0 haut rendement \u00e9nerg\u00e9tique.\" \/>\n<meta name=\"robots\" content=\"index, follow, max-snippet:-1, max-image-preview:large, max-video-preview:-1\" \/>\n<link rel=\"canonical\" href=\"https:\/\/penosil.com\/fr\/a-propos-de-nous\/\" \/>\n<meta property=\"og:locale\" content=\"fr_FR\" \/>\n<meta property=\"og:type\" content=\"article\" \/>\n<meta property=\"og:title\" content=\"A propos de nous - PENOSIL France\" \/>\n<meta property=\"og:description\" content=\"PENOSIL est une des marques europ\u00e9ennes leaders dans la solution d&#039;\u00e9tanch\u00e9it\u00e9 et de collage \u00e0 haut rendement \u00e9nerg\u00e9tique.\" \/>\n<meta property=\"og:url\" content=\"https:\/\/penosil.com\/fr\/a-propos-de-nous\/\" \/>\n<meta property=\"og:site_name\" content=\"Penosil France\" \/>\n<meta property=\"article:modified_time\" content=\"2026-02-02T12:55:47+00:00\" \/>\n<meta name=\"twitter:card\" content=\"summary_large_image\" \/>\n<meta name=\"twitter:label1\" content=\"Dur\u00e9e de lecture estim\u00e9e\" \/>\n\t<meta name=\"twitter:data1\" content=\"3 minutes\" \/>\n<script type=\"application\/ld+json\" class=\"yoast-schema-graph\">{\"@context\":\"https:\/\/schema.org\",\"@graph\":[{\"@type\":\"WebPage\",\"@id\":\"https:\/\/penosil.com\/fr\/a-propos-de-nous\/\",\"url\":\"https:\/\/penosil.com\/fr\/a-propos-de-nous\/\",\"name\":\"A propos de nous - PENOSIL France\",\"isPartOf\":{\"@id\":\"https:\/\/penosil.com\/fr\/#website\"},\"datePublished\":\"2019-07-24T13:17:19+00:00\",\"dateModified\":\"2026-02-02T12:55:47+00:00\",\"description\":\"PENOSIL est une des marques europ\u00e9ennes leaders dans la solution d'\u00e9tanch\u00e9it\u00e9 et de collage \u00e0 haut rendement \u00e9nerg\u00e9tique.\",\"breadcrumb\":{\"@id\":\"https:\/\/penosil.com\/fr\/a-propos-de-nous\/#breadcrumb\"},\"inLanguage\":\"fr-FR\",\"potentialAction\":[{\"@type\":\"ReadAction\",\"target\":[\"https:\/\/penosil.com\/fr\/a-propos-de-nous\/\"]}]},{\"@type\":\"BreadcrumbList\",\"@id\":\"https:\/\/penosil.com\/fr\/a-propos-de-nous\/#breadcrumb\",\"itemListElement\":[{\"@type\":\"ListItem\",\"position\":1,\"name\":\"Accueil\",\"item\":\"https:\/\/penosil.com\/fr\/\"},{\"@type\":\"ListItem\",\"position\":2,\"name\":\"\u00c0 propos de nous\"}]},{\"@type\":\"WebSite\",\"@id\":\"https:\/\/penosil.com\/fr\/#website\",\"url\":\"https:\/\/penosil.com\/fr\/\",\"name\":\"Penosil France\",\"description\":\"\",\"potentialAction\":[{\"@type\":\"SearchAction\",\"target\":{\"@type\":\"EntryPoint\",\"urlTemplate\":\"https:\/\/penosil.com\/fr\/?s={search_term_string}\"},\"query-input\":{\"@type\":\"PropertyValueSpecification\",\"valueRequired\":true,\"valueName\":\"search_term_string\"}}],\"inLanguage\":\"fr-FR\"}]}<\/script>\n<!-- \/ Yoast SEO plugin. -->","yoast_head_json":{"title":"A propos de nous - PENOSIL France","description":"PENOSIL est une des marques europ\u00e9ennes leaders dans la solution d'\u00e9tanch\u00e9it\u00e9 et de collage \u00e0 haut rendement \u00e9nerg\u00e9tique.","robots":{"index":"index","follow":"follow","max-snippet":"max-snippet:-1","max-image-preview":"max-image-preview:large","max-video-preview":"max-video-preview:-1"},"canonical":"https:\/\/penosil.com\/fr\/a-propos-de-nous\/","og_locale":"fr_FR","og_type":"article","og_title":"A propos de nous - PENOSIL France","og_description":"PENOSIL est une des marques europ\u00e9ennes leaders dans la solution d'\u00e9tanch\u00e9it\u00e9 et de collage \u00e0 haut rendement \u00e9nerg\u00e9tique.","og_url":"https:\/\/penosil.com\/fr\/a-propos-de-nous\/","og_site_name":"Penosil France","article_modified_time":"2026-02-02T12:55:47+00:00","twitter_card":"summary_large_image","twitter_misc":{"Dur\u00e9e de lecture estim\u00e9e":"3 minutes"},"schema":{"@context":"https:\/\/schema.org","@graph":[{"@type":"WebPage","@id":"https:\/\/penosil.com\/fr\/a-propos-de-nous\/","url":"https:\/\/penosil.com\/fr\/a-propos-de-nous\/","name":"A propos de nous - PENOSIL France","isPartOf":{"@id":"https:\/\/penosil.com\/fr\/#website"},"datePublished":"2019-07-24T13:17:19+00:00","dateModified":"2026-02-02T12:55:47+00:00","description":"PENOSIL est une des marques europ\u00e9ennes leaders dans la solution d'\u00e9tanch\u00e9it\u00e9 et de collage \u00e0 haut rendement \u00e9nerg\u00e9tique.","breadcrumb":{"@id":"https:\/\/penosil.com\/fr\/a-propos-de-nous\/#breadcrumb"},"inLanguage":"fr-FR","potentialAction":[{"@type":"ReadAction","target":["https:\/\/penosil.com\/fr\/a-propos-de-nous\/"]}]},{"@type":"BreadcrumbList","@id":"https:\/\/penosil.com\/fr\/a-propos-de-nous\/#breadcrumb","itemListElement":[{"@type":"ListItem","position":1,"name":"Accueil","item":"https:\/\/penosil.com\/fr\/"},{"@type":"ListItem","position":2,"name":"\u00c0 propos de nous"}]},{"@type":"WebSite","@id":"https:\/\/penosil.com\/fr\/#website","url":"https:\/\/penosil.com\/fr\/","name":"Penosil France","description":"","potentialAction":[{"@type":"SearchAction","target":{"@type":"EntryPoint","urlTemplate":"https:\/\/penosil.com\/fr\/?s={search_term_string}"},"query-input":{"@type":"PropertyValueSpecification","valueRequired":true,"valueName":"search_term_string"}}],"inLanguage":"fr-FR"}]}},"coauthors":[],"author_meta":{"author_link":"https:\/\/penosil.com\/fr\/author\/reaktiiv-pe\/","display_name":"reaktiiv-pe"},"relative_dates":{"created":"Publi\u00e9 7 ans il y a","modified":"Mis \u00e0 jour 3 mois il y a"},"absolute_dates":{"created":"Publi\u00e9 le 24 juillet 2019","modified":"Mise \u00e0 jour le 2 f\u00e9vrier 2026"},"absolute_dates_time":{"created":"Publi\u00e9 le 24 juillet 2019 13h17","modified":"Mise \u00e0 jour le 2 f\u00e9vrier 2026 12h55"},"featured_img_caption":"","featured_img":false,"series_order":"","_links":{"self":[{"href":"https:\/\/penosil.com\/fr\/wp-json\/wp\/v2\/pages\/6524","targetHints":{"allow":["GET"]}}],"collection":[{"href":"https:\/\/penosil.com\/fr\/wp-json\/wp\/v2\/pages"}],"about":[{"href":"https:\/\/penosil.com\/fr\/wp-json\/wp\/v2\/types\/page"}],"author":[{"embeddable":true,"href":"https:\/\/penosil.com\/fr\/wp-json\/wp\/v2\/users\/1"}],"replies":[{"embeddable":true,"href":"https:\/\/penosil.com\/fr\/wp-json\/wp\/v2\/comments?post=6524"}],"version-history":[{"count":35,"href":"https:\/\/penosil.com\/fr\/wp-json\/wp\/v2\/pages\/6524\/revisions"}],"predecessor-version":[{"id":12137,"href":"https:\/\/penosil.com\/fr\/wp-json\/wp\/v2\/pages\/6524\/revisions\/12137"}],"wp:attachment":[{"href":"https:\/\/penosil.com\/fr\/wp-json\/wp\/v2\/media?parent=6524"}],"curies":[{"name":"wp","href":"https:\/\/api.w.org\/{rel}","templated":true}]}}