{"id":6537,"date":"2019-07-24T13:17:09","date_gmt":"2019-07-24T13:17:09","guid":{"rendered":"https:\/\/penosil.com\/fr\/knowledge-center\/"},"modified":"2025-10-27T15:00:35","modified_gmt":"2025-10-27T15:00:35","slug":"centre-connaissance","status":"publish","type":"page","link":"https:\/\/penosil.com\/fr\/centre-connaissance\/","title":{"rendered":"Centre de connaissances"},"content":{"rendered":"\n<div class=\"wp-block-columns has-3-columns is-layout-flex wp-container-core-columns-is-layout-9d6595d7 wp-block-columns-is-layout-flex\">\n<div class=\"wp-block-column is-layout-flow wp-block-column-is-layout-flow\"><article id=\"pnsl-contact-block_3660ce77123e26da9b462032b6a09bad\" class=\"pnsl-information-block\" role=\"article\" aria-labelledby=\"pnsl-contact-block_3660ce77123e26da9b462032b6a09bad-title\">\n         <div class=\"pnsl-list-item d-flex align-items-center justify-content-between flex-column\">\n         <div class=\"lst-item-cnt\">\n            <!-- Single comprehensive link wrapping all content for better accessibility -->\n            <a href=\"https:\/\/penosil.com\/fr\/videos\/\"\n               class=\"information-block-link\"\n                              aria-label=\"View Vid\u00e9os\"\n               >\n\n                                                   <div class=\"lst-item-image d-flex align-items-end justify-content-center\">\n                     <img decoding=\"async\" src=\"https:\/\/penosil.com\/fr\/wp-content\/uploads\/sites\/6\/2019\/08\/videos-1.svg\"\n                        alt=\"Image for Vid\u00e9os\"\n                        role=\"presentation\" \/>\n                  <\/div>\n               \n               <div class=\"information-block-header\">\n                  <h2 id=\"pnsl-contact-block_3660ce77123e26da9b462032b6a09bad-title\">Vid\u00e9os<\/h2>\n               <\/div>\n                                 <div class=\"information-block-content\"><p>Visionnez la cha\u00eene vid\u00e9o PENOSIL, d\u00e9couvrez comment utiliser nos produits, les nouveaut\u00e9s et tendances dans le monde de la construction. Trouvez des vid\u00e9os de travaux professionnels \u00e0 faire soi-m\u00eame, le tout au m\u00eame endroit.<\/p>\n<\/div>\n                              \n               <!-- Button styled element inside the parent link - maintains accessibility and styling -->\n               <div class=\"lst-item-btn\">\n                  <span class=\"btn rbtn\">\n                     Voir les vid\u00e9os                  <\/span>\n               <\/div>\n               \n                           <\/a>\n         <\/div>\n      <\/div>\n   <\/article><\/div>\n\n\n\n<div class=\"wp-block-column is-layout-flow wp-block-column-is-layout-flow\"><article id=\"pnsl-contact-block_2bfb1a942c5c37ab7f835153ae3ba5c9\" class=\"pnsl-information-block\" role=\"article\" aria-labelledby=\"pnsl-contact-block_2bfb1a942c5c37ab7f835153ae3ba5c9-title\">\n         <div class=\"pnsl-list-item d-flex align-items-center justify-content-between flex-column\">\n         <div class=\"lst-item-cnt\">\n            <!-- Single comprehensive link wrapping all content for better accessibility -->\n            <a href=\"https:\/\/penosil.com\/fr\/centre-connaissance\/documentation\/\"\n               class=\"information-block-link\"\n                              aria-label=\"View Documentations\"\n               >\n\n                                                   <div class=\"lst-item-image d-flex align-items-end justify-content-center\">\n                     <img decoding=\"async\" src=\"https:\/\/penosil.com\/fr\/wp-content\/uploads\/sites\/6\/2019\/08\/manuals-1.svg\"\n                        alt=\"Image for Documentations\"\n                        role=\"presentation\" \/>\n                  <\/div>\n               \n               <div class=\"information-block-header\">\n                  <h2 id=\"pnsl-contact-block_2bfb1a942c5c37ab7f835153ae3ba5c9-title\">Documentations<\/h2>\n               <\/div>\n                                 <div class=\"information-block-content\"><p>T\u00e9l\u00e9chargez les fiches techniques des produits PENOSIL, fiches de donn\u00e9es de s\u00e9curit\u00e9, d\u00e9clarations de performance et certifications.<\/p>\n<\/div>\n                              \n               <!-- Button styled element inside the parent link - maintains accessibility and styling -->\n               <div class=\"lst-item-btn\">\n                  <span class=\"btn rbtn\">\n                     Voir la documentation                  <\/span>\n               <\/div>\n               \n                           <\/a>\n         <\/div>\n      <\/div>\n   <\/article>\n\n\n<p><\/p>\n<\/div>\n\n\n\n<div class=\"wp-block-column is-layout-flow wp-block-column-is-layout-flow\"><article id=\"pnsl-contact-block_4e7eefab5a29304ccaaa042706ae2052\" class=\"pnsl-information-block\" role=\"article\" aria-labelledby=\"pnsl-contact-block_4e7eefab5a29304ccaaa042706ae2052-title\">\n         <div class=\"pnsl-list-item d-flex align-items-center justify-content-between flex-column\">\n         <div class=\"lst-item-cnt\">\n            <!-- Single comprehensive link wrapping all content for better accessibility -->\n            <a href=\"https:\/\/penosil.com\/fr\/centre-connaissance\/catalogues_produits\/\"\n               class=\"information-block-link\"\n                              aria-label=\"View Catalogues produits\"\n               >\n\n                                                   <div class=\"lst-item-image d-flex align-items-end justify-content-center\">\n                     <img decoding=\"async\" src=\"https:\/\/penosil.com\/fr\/wp-content\/uploads\/sites\/6\/2019\/10\/pruoddcu_manual.svg\"\n                        alt=\"Image for Catalogues produits\"\n                        role=\"presentation\" \/>\n                  <\/div>\n               \n               <div class=\"information-block-header\">\n                  <h2 id=\"pnsl-contact-block_4e7eefab5a29304ccaaa042706ae2052-title\">Catalogues produits<\/h2>\n               <\/div>\n                                 <div class=\"information-block-content\"><p>Banque de donn\u00e9es PENOSIL expert : contenu d&rsquo;informations pour l&rsquo;utilisation des produits dans des projets complexes.<\/p>\n<\/div>\n                              \n               <!-- Button styled element inside the parent link - maintains accessibility and styling -->\n               <div class=\"lst-item-btn\">\n                  <span class=\"btn rbtn\">\n                     Voir les catalogues produits                  <\/span>\n               <\/div>\n               \n                           <\/a>\n         <\/div>\n      <\/div>\n   <\/article><\/div>\n<\/div>\n\n\n\n<div class=\"wp-block-columns has-3-columns is-layout-flex wp-container-core-columns-is-layout-9d6595d7 wp-block-columns-is-layout-flex\">\n<div class=\"wp-block-column is-layout-flow wp-block-column-is-layout-flow\"><article id=\"pnsl-contact-block_de4373ebe0a2c3cde7ce8a379cadc20e\" class=\"pnsl-information-block\" role=\"article\" aria-labelledby=\"pnsl-contact-block_de4373ebe0a2c3cde7ce8a379cadc20e-title\">\n         <div class=\"pnsl-list-item d-flex align-items-center justify-content-between flex-column\">\n         <div class=\"lst-item-cnt\">\n            <!-- Single comprehensive link wrapping all content for better accessibility -->\n            <a href=\"https:\/\/penosil.com\/fr\/centre-connaissance\/calculatrices\/\"\n               class=\"information-block-link\"\n                              aria-label=\"View Calculatrices\"\n               >\n\n                                                   <div class=\"lst-item-image d-flex align-items-end justify-content-center\">\n                     <img decoding=\"async\" src=\"https:\/\/penosil.com\/fr\/wp-content\/uploads\/sites\/6\/2019\/08\/calculator.svg\"\n                        alt=\"Image for Calculatrices\"\n                        role=\"presentation\" \/>\n                  <\/div>\n               \n               <div class=\"information-block-header\">\n                  <h2 id=\"pnsl-contact-block_de4373ebe0a2c3cde7ce8a379cadc20e-title\">Calculatrices<\/h2>\n               <\/div>\n                                 <div class=\"information-block-content\"><p>Pensez environnement et utilisez nos outils pour calculer facilement la consommation de mati\u00e8res afin de minimiser les d\u00e9chets.<\/p>\n<\/div>\n                              \n               <!-- Button styled element inside the parent link - maintains accessibility and styling -->\n               <div class=\"lst-item-btn\">\n                  <span class=\"btn rbtn\">\n                     Acc\u00e9der aux calculatrices                  <\/span>\n               <\/div>\n               \n                           <\/a>\n         <\/div>\n      <\/div>\n   <\/article><\/div>\n\n\n\n<div class=\"wp-block-column is-layout-flow wp-block-column-is-layout-flow\"><article id=\"pnsl-contact-block_d7207ced9bee4b9674ca4c7f837a89e2\" class=\"pnsl-information-block\" role=\"article\" aria-labelledby=\"pnsl-contact-block_d7207ced9bee4b9674ca4c7f837a89e2-title\">\n         <div class=\"pnsl-list-item d-flex align-items-center justify-content-between flex-column\">\n         <div class=\"lst-item-cnt\">\n            <!-- Single comprehensive link wrapping all content for better accessibility -->\n            <a href=\"https:\/\/penosil.com\/fr\/centre-connaissance\/articles-educatifs\/\"\n               class=\"information-block-link\"\n                              aria-label=\"View Articles \u00e9ducatifs\"\n               >\n\n                                                   <div class=\"lst-item-image d-flex align-items-end justify-content-center\">\n                     <img decoding=\"async\" src=\"https:\/\/penosil.com\/fr\/wp-content\/uploads\/sites\/6\/2019\/10\/artiklid.svg\"\n                        alt=\"Image for Articles \u00e9ducatifs\"\n                        role=\"presentation\" \/>\n                  <\/div>\n               \n               <div class=\"information-block-header\">\n                  <h2 id=\"pnsl-contact-block_d7207ced9bee4b9674ca4c7f837a89e2-title\">Articles \u00e9ducatifs<\/h2>\n               <\/div>\n                                 <div class=\"information-block-content\"><p>Trouvez ici des informations passionantes sur la construction \u00e9conerg\u00e9tique et respectueuse de l\u2019environnement, ainsi que sur les d\u00e9veloppements dans les industries chimiques et des mat\u00e9riaux de construction.<\/p>\n<\/div>\n                              \n               <!-- Button styled element inside the parent link - maintains accessibility and styling -->\n               <div class=\"lst-item-btn\">\n                  <span class=\"btn rbtn\">\n                     Lire les articles \u00e9ducatifs                  <\/span>\n               <\/div>\n               \n                           <\/a>\n         <\/div>\n      <\/div>\n   <\/article><\/div>\n\n\n\n<div class=\"wp-block-column is-layout-flow wp-block-column-is-layout-flow\"><article id=\"pnsl-contact-block_9973365adb4b864fe9666c4132e28ac9\" class=\"pnsl-information-block\" role=\"article\" aria-labelledby=\"pnsl-contact-block_9973365adb4b864fe9666c4132e28ac9-title\">\n         <div class=\"pnsl-list-item d-flex align-items-center justify-content-between flex-column\">\n         <div class=\"lst-item-cnt\">\n            <!-- Single comprehensive link wrapping all content for better accessibility -->\n            <a href=\"https:\/\/penosil.com\/fr\/centre-connaissance\/foire-aux-questions\/\"\n               class=\"information-block-link\"\n                              aria-label=\"View Foire aux questions\"\n               >\n\n                                                   <div class=\"lst-item-image d-flex align-items-end justify-content-center\">\n                     <img decoding=\"async\" src=\"https:\/\/penosil.com\/fr\/wp-content\/uploads\/sites\/6\/2021\/08\/faq.svg\"\n                        alt=\"dessin d&#039;une bulle rouge avec un point d&#039;interrogation noir dedans\"\n                        role=\"presentation\" \/>\n                  <\/div>\n               \n               <div class=\"information-block-header\">\n                  <h2 id=\"pnsl-contact-block_9973365adb4b864fe9666c4132e28ac9-title\">Foire aux questions<\/h2>\n               <\/div>\n                                 <div class=\"information-block-content\"><p>Bienvenue dans notre Foire aux questions o\u00f9 vous trouverez des conseils d&rsquo;experts et des r\u00e9ponses \u00e0 vos questions sur les produits PENOSIL.<\/p>\n<\/div>\n                              \n               <!-- Button styled element inside the parent link - maintains accessibility and styling -->\n               <div class=\"lst-item-btn\">\n                  <span class=\"btn rbtn\">\n                     Trouver des r\u00e9ponses                  <\/span>\n               <\/div>\n               \n                           <\/a>\n         <\/div>\n      <\/div>\n   <\/article><\/div>\n<\/div>\n\n\n\n<p><\/p>\n","protected":false},"excerpt":{"rendered":"","protected":false},"author":1,"featured_media":0,"parent":0,"menu_order":0,"comment_status":"closed","ping_status":"closed","template":"page-templates\/template-knowledge.php","meta":{"_acf_changed":false,"advgb_blocks_editor_width":"","advgb_blocks_columns_visual_guide":"","footnotes":""},"class_list":["post-6537","page","type-page","status-publish","hentry"],"acf":[],"yoast_head":"<!-- This site is optimized with the Yoast SEO plugin v27.2 - https:\/\/yoast.com\/product\/yoast-seo-wordpress\/ -->\n<title>Centre de connaissance - PENOSIL France<\/title>\n<meta name=\"description\" content=\"Bienvenue dans le centre de connaissances, vous y trouverez des vid\u00e9os, des documentations, des informations sur les produits\u2026\" \/>\n<meta name=\"robots\" content=\"index, follow, max-snippet:-1, max-image-preview:large, max-video-preview:-1\" \/>\n<link rel=\"canonical\" href=\"https:\/\/penosil.com\/fr\/centre-connaissance\/\" \/>\n<meta property=\"og:locale\" content=\"fr_FR\" \/>\n<meta property=\"og:type\" content=\"article\" \/>\n<meta property=\"og:title\" content=\"Centre de connaissance - PENOSIL France\" \/>\n<meta property=\"og:description\" content=\"Bienvenue dans le centre de connaissances, vous y trouverez des vid\u00e9os, des documentations, des informations sur les produits\u2026\" \/>\n<meta property=\"og:url\" content=\"https:\/\/penosil.com\/fr\/centre-connaissance\/\" \/>\n<meta property=\"og:site_name\" content=\"Penosil France\" \/>\n<meta property=\"article:modified_time\" content=\"2025-10-27T15:00:35+00:00\" \/>\n<meta name=\"twitter:card\" content=\"summary_large_image\" \/>\n<meta name=\"twitter:label1\" content=\"Dur\u00e9e de lecture estim\u00e9e\" \/>\n\t<meta name=\"twitter:data1\" content=\"2 minutes\" \/>\n<script type=\"application\/ld+json\" class=\"yoast-schema-graph\">{\"@context\":\"https:\/\/schema.org\",\"@graph\":[{\"@type\":\"WebPage\",\"@id\":\"https:\/\/penosil.com\/fr\/centre-connaissance\/\",\"url\":\"https:\/\/penosil.com\/fr\/centre-connaissance\/\",\"name\":\"Centre de connaissance - PENOSIL France\",\"isPartOf\":{\"@id\":\"https:\/\/penosil.com\/fr\/#website\"},\"datePublished\":\"2019-07-24T13:17:09+00:00\",\"dateModified\":\"2025-10-27T15:00:35+00:00\",\"description\":\"Bienvenue dans le centre de connaissances, vous y trouverez des vid\u00e9os, des documentations, des informations sur les produits\u2026\",\"breadcrumb\":{\"@id\":\"https:\/\/penosil.com\/fr\/centre-connaissance\/#breadcrumb\"},\"inLanguage\":\"fr-FR\",\"potentialAction\":[{\"@type\":\"ReadAction\",\"target\":[\"https:\/\/penosil.com\/fr\/centre-connaissance\/\"]}]},{\"@type\":\"BreadcrumbList\",\"@id\":\"https:\/\/penosil.com\/fr\/centre-connaissance\/#breadcrumb\",\"itemListElement\":[{\"@type\":\"ListItem\",\"position\":1,\"name\":\"Accueil\",\"item\":\"https:\/\/penosil.com\/fr\/\"},{\"@type\":\"ListItem\",\"position\":2,\"name\":\"Centre de connaissances\"}]},{\"@type\":\"WebSite\",\"@id\":\"https:\/\/penosil.com\/fr\/#website\",\"url\":\"https:\/\/penosil.com\/fr\/\",\"name\":\"Penosil France\",\"description\":\"\",\"potentialAction\":[{\"@type\":\"SearchAction\",\"target\":{\"@type\":\"EntryPoint\",\"urlTemplate\":\"https:\/\/penosil.com\/fr\/?s={search_term_string}\"},\"query-input\":{\"@type\":\"PropertyValueSpecification\",\"valueRequired\":true,\"valueName\":\"search_term_string\"}}],\"inLanguage\":\"fr-FR\"}]}<\/script>\n<!-- \/ Yoast SEO plugin. -->","yoast_head_json":{"title":"Centre de connaissance - PENOSIL France","description":"Bienvenue dans le centre de connaissances, vous y trouverez des vid\u00e9os, des documentations, des informations sur les produits\u2026","robots":{"index":"index","follow":"follow","max-snippet":"max-snippet:-1","max-image-preview":"max-image-preview:large","max-video-preview":"max-video-preview:-1"},"canonical":"https:\/\/penosil.com\/fr\/centre-connaissance\/","og_locale":"fr_FR","og_type":"article","og_title":"Centre de connaissance - PENOSIL France","og_description":"Bienvenue dans le centre de connaissances, vous y trouverez des vid\u00e9os, des documentations, des informations sur les produits\u2026","og_url":"https:\/\/penosil.com\/fr\/centre-connaissance\/","og_site_name":"Penosil France","article_modified_time":"2025-10-27T15:00:35+00:00","twitter_card":"summary_large_image","twitter_misc":{"Dur\u00e9e de lecture estim\u00e9e":"2 minutes"},"schema":{"@context":"https:\/\/schema.org","@graph":[{"@type":"WebPage","@id":"https:\/\/penosil.com\/fr\/centre-connaissance\/","url":"https:\/\/penosil.com\/fr\/centre-connaissance\/","name":"Centre de connaissance - PENOSIL France","isPartOf":{"@id":"https:\/\/penosil.com\/fr\/#website"},"datePublished":"2019-07-24T13:17:09+00:00","dateModified":"2025-10-27T15:00:35+00:00","description":"Bienvenue dans le centre de connaissances, vous y trouverez des vid\u00e9os, des documentations, des informations sur les produits\u2026","breadcrumb":{"@id":"https:\/\/penosil.com\/fr\/centre-connaissance\/#breadcrumb"},"inLanguage":"fr-FR","potentialAction":[{"@type":"ReadAction","target":["https:\/\/penosil.com\/fr\/centre-connaissance\/"]}]},{"@type":"BreadcrumbList","@id":"https:\/\/penosil.com\/fr\/centre-connaissance\/#breadcrumb","itemListElement":[{"@type":"ListItem","position":1,"name":"Accueil","item":"https:\/\/penosil.com\/fr\/"},{"@type":"ListItem","position":2,"name":"Centre de connaissances"}]},{"@type":"WebSite","@id":"https:\/\/penosil.com\/fr\/#website","url":"https:\/\/penosil.com\/fr\/","name":"Penosil France","description":"","potentialAction":[{"@type":"SearchAction","target":{"@type":"EntryPoint","urlTemplate":"https:\/\/penosil.com\/fr\/?s={search_term_string}"},"query-input":{"@type":"PropertyValueSpecification","valueRequired":true,"valueName":"search_term_string"}}],"inLanguage":"fr-FR"}]}},"coauthors":[],"author_meta":{"author_link":"https:\/\/penosil.com\/fr\/author\/reaktiiv-pe\/","display_name":"reaktiiv-pe"},"relative_dates":{"created":"Publi\u00e9 7 ans il y a","modified":"Mis \u00e0 jour 6 mois il y a"},"absolute_dates":{"created":"Publi\u00e9 le 24 juillet 2019","modified":"Mise \u00e0 jour le 27 octobre 2025"},"absolute_dates_time":{"created":"Publi\u00e9 le 24 juillet 2019 13h17","modified":"Mise \u00e0 jour le 27 octobre 2025 15h00"},"featured_img_caption":"","featured_img":false,"series_order":"","_links":{"self":[{"href":"https:\/\/penosil.com\/fr\/wp-json\/wp\/v2\/pages\/6537","targetHints":{"allow":["GET"]}}],"collection":[{"href":"https:\/\/penosil.com\/fr\/wp-json\/wp\/v2\/pages"}],"about":[{"href":"https:\/\/penosil.com\/fr\/wp-json\/wp\/v2\/types\/page"}],"author":[{"embeddable":true,"href":"https:\/\/penosil.com\/fr\/wp-json\/wp\/v2\/users\/1"}],"replies":[{"embeddable":true,"href":"https:\/\/penosil.com\/fr\/wp-json\/wp\/v2\/comments?post=6537"}],"version-history":[{"count":54,"href":"https:\/\/penosil.com\/fr\/wp-json\/wp\/v2\/pages\/6537\/revisions"}],"predecessor-version":[{"id":11653,"href":"https:\/\/penosil.com\/fr\/wp-json\/wp\/v2\/pages\/6537\/revisions\/11653"}],"wp:attachment":[{"href":"https:\/\/penosil.com\/fr\/wp-json\/wp\/v2\/media?parent=6537"}],"curies":[{"name":"wp","href":"https:\/\/api.w.org\/{rel}","templated":true}]}}