{"id":6589,"date":"2019-07-24T11:47:37","date_gmt":"2019-07-24T11:47:37","guid":{"rendered":"https:\/\/penosil.com\/fr\/my-list\/"},"modified":"2022-06-13T15:04:19","modified_gmt":"2022-06-13T15:04:19","slug":"ma-liste","status":"publish","type":"page","link":"https:\/\/penosil.com\/fr\/ma-liste\/","title":{"rendered":"Ma liste"},"content":{"rendered":"<p>Marquez les produits dont vous avez besoin et cr\u00e9ez votre liste personnalis\u00e9e \u00e0 imprimer ou \u00e0 partager par courriel \u00e0 titre de commande \u00e0 votre revendeur PENOSIL.<\/p>\n\n\n<p><\/p>\n","protected":false},"excerpt":{"rendered":"Marquez les produits dont vous avez besoin et cr\u00e9ez votre liste personnalis\u00e9e \u00e0 imprimer ou \u00e0 partager par courriel \u00e0 titre de commande \u00e0 votre revendeur PENOSIL.","protected":false},"author":1,"featured_media":0,"parent":0,"menu_order":0,"comment_status":"closed","ping_status":"closed","template":"page-templates\/template-wish-list.php","meta":{"_acf_changed":false,"advgb_blocks_editor_width":"","advgb_blocks_columns_visual_guide":"","footnotes":""},"class_list":["post-6589","page","type-page","status-publish","hentry"],"acf":[],"yoast_head":"<!-- This site is optimized with the Yoast SEO plugin v27.2 - https:\/\/yoast.com\/product\/yoast-seo-wordpress\/ -->\n<title>Ma liste - PENOSIL France<\/title>\n<meta name=\"description\" content=\"Cr\u00e9ez votre liste de produits PENOSIL. Marquez ceux que vous souhaitez consulter plus tard ou envoyez les par mail.\" \/>\n<meta name=\"robots\" content=\"index, follow, max-snippet:-1, max-image-preview:large, max-video-preview:-1\" \/>\n<link rel=\"canonical\" href=\"https:\/\/penosil.com\/fr\/ma-liste\/\" \/>\n<meta property=\"og:locale\" content=\"fr_FR\" \/>\n<meta property=\"og:type\" content=\"article\" \/>\n<meta property=\"og:title\" content=\"Ma liste - PENOSIL France\" \/>\n<meta property=\"og:description\" content=\"Cr\u00e9ez votre liste de produits PENOSIL. Marquez ceux que vous souhaitez consulter plus tard ou envoyez les par mail.\" \/>\n<meta property=\"og:url\" content=\"https:\/\/penosil.com\/fr\/ma-liste\/\" \/>\n<meta property=\"og:site_name\" content=\"Penosil France\" \/>\n<meta property=\"article:modified_time\" content=\"2022-06-13T15:04:19+00:00\" \/>\n<meta name=\"twitter:card\" content=\"summary_large_image\" \/>\n<meta name=\"twitter:label1\" content=\"Dur\u00e9e de lecture estim\u00e9e\" \/>\n\t<meta name=\"twitter:data1\" content=\"1 minute\" \/>\n<script type=\"application\/ld+json\" class=\"yoast-schema-graph\">{\"@context\":\"https:\/\/schema.org\",\"@graph\":[{\"@type\":\"WebPage\",\"@id\":\"https:\/\/penosil.com\/fr\/ma-liste\/\",\"url\":\"https:\/\/penosil.com\/fr\/ma-liste\/\",\"name\":\"Ma liste - PENOSIL France\",\"isPartOf\":{\"@id\":\"https:\/\/penosil.com\/fr\/#website\"},\"datePublished\":\"2019-07-24T11:47:37+00:00\",\"dateModified\":\"2022-06-13T15:04:19+00:00\",\"description\":\"Cr\u00e9ez votre liste de produits PENOSIL. Marquez ceux que vous souhaitez consulter plus tard ou envoyez les par mail.\",\"breadcrumb\":{\"@id\":\"https:\/\/penosil.com\/fr\/ma-liste\/#breadcrumb\"},\"inLanguage\":\"fr-FR\",\"potentialAction\":[{\"@type\":\"ReadAction\",\"target\":[\"https:\/\/penosil.com\/fr\/ma-liste\/\"]}]},{\"@type\":\"BreadcrumbList\",\"@id\":\"https:\/\/penosil.com\/fr\/ma-liste\/#breadcrumb\",\"itemListElement\":[{\"@type\":\"ListItem\",\"position\":1,\"name\":\"Accueil\",\"item\":\"https:\/\/penosil.com\/fr\/\"},{\"@type\":\"ListItem\",\"position\":2,\"name\":\"Ma liste\"}]},{\"@type\":\"WebSite\",\"@id\":\"https:\/\/penosil.com\/fr\/#website\",\"url\":\"https:\/\/penosil.com\/fr\/\",\"name\":\"Penosil France\",\"description\":\"\",\"potentialAction\":[{\"@type\":\"SearchAction\",\"target\":{\"@type\":\"EntryPoint\",\"urlTemplate\":\"https:\/\/penosil.com\/fr\/?s={search_term_string}\"},\"query-input\":{\"@type\":\"PropertyValueSpecification\",\"valueRequired\":true,\"valueName\":\"search_term_string\"}}],\"inLanguage\":\"fr-FR\"}]}<\/script>\n<!-- \/ Yoast SEO plugin. -->","yoast_head_json":{"title":"Ma liste - PENOSIL France","description":"Cr\u00e9ez votre liste de produits PENOSIL. Marquez ceux que vous souhaitez consulter plus tard ou envoyez les par mail.","robots":{"index":"index","follow":"follow","max-snippet":"max-snippet:-1","max-image-preview":"max-image-preview:large","max-video-preview":"max-video-preview:-1"},"canonical":"https:\/\/penosil.com\/fr\/ma-liste\/","og_locale":"fr_FR","og_type":"article","og_title":"Ma liste - PENOSIL France","og_description":"Cr\u00e9ez votre liste de produits PENOSIL. Marquez ceux que vous souhaitez consulter plus tard ou envoyez les par mail.","og_url":"https:\/\/penosil.com\/fr\/ma-liste\/","og_site_name":"Penosil France","article_modified_time":"2022-06-13T15:04:19+00:00","twitter_card":"summary_large_image","twitter_misc":{"Dur\u00e9e de lecture estim\u00e9e":"1 minute"},"schema":{"@context":"https:\/\/schema.org","@graph":[{"@type":"WebPage","@id":"https:\/\/penosil.com\/fr\/ma-liste\/","url":"https:\/\/penosil.com\/fr\/ma-liste\/","name":"Ma liste - PENOSIL France","isPartOf":{"@id":"https:\/\/penosil.com\/fr\/#website"},"datePublished":"2019-07-24T11:47:37+00:00","dateModified":"2022-06-13T15:04:19+00:00","description":"Cr\u00e9ez votre liste de produits PENOSIL. Marquez ceux que vous souhaitez consulter plus tard ou envoyez les par mail.","breadcrumb":{"@id":"https:\/\/penosil.com\/fr\/ma-liste\/#breadcrumb"},"inLanguage":"fr-FR","potentialAction":[{"@type":"ReadAction","target":["https:\/\/penosil.com\/fr\/ma-liste\/"]}]},{"@type":"BreadcrumbList","@id":"https:\/\/penosil.com\/fr\/ma-liste\/#breadcrumb","itemListElement":[{"@type":"ListItem","position":1,"name":"Accueil","item":"https:\/\/penosil.com\/fr\/"},{"@type":"ListItem","position":2,"name":"Ma liste"}]},{"@type":"WebSite","@id":"https:\/\/penosil.com\/fr\/#website","url":"https:\/\/penosil.com\/fr\/","name":"Penosil France","description":"","potentialAction":[{"@type":"SearchAction","target":{"@type":"EntryPoint","urlTemplate":"https:\/\/penosil.com\/fr\/?s={search_term_string}"},"query-input":{"@type":"PropertyValueSpecification","valueRequired":true,"valueName":"search_term_string"}}],"inLanguage":"fr-FR"}]}},"coauthors":[],"author_meta":{"author_link":"https:\/\/penosil.com\/fr\/author\/reaktiiv-pe\/","display_name":"reaktiiv-pe"},"relative_dates":{"created":"Publi\u00e9 7 ans il y a","modified":"Mis \u00e0 jour 4 ans il y a"},"absolute_dates":{"created":"Publi\u00e9 le 24 juillet 2019","modified":"Mise \u00e0 jour le 13 juin 2022"},"absolute_dates_time":{"created":"Publi\u00e9 le 24 juillet 2019 11h47","modified":"Mise \u00e0 jour le 13 juin 2022 15h04"},"featured_img_caption":"","featured_img":false,"series_order":"","_links":{"self":[{"href":"https:\/\/penosil.com\/fr\/wp-json\/wp\/v2\/pages\/6589","targetHints":{"allow":["GET"]}}],"collection":[{"href":"https:\/\/penosil.com\/fr\/wp-json\/wp\/v2\/pages"}],"about":[{"href":"https:\/\/penosil.com\/fr\/wp-json\/wp\/v2\/types\/page"}],"author":[{"embeddable":true,"href":"https:\/\/penosil.com\/fr\/wp-json\/wp\/v2\/users\/1"}],"replies":[{"embeddable":true,"href":"https:\/\/penosil.com\/fr\/wp-json\/wp\/v2\/comments?post=6589"}],"version-history":[{"count":2,"href":"https:\/\/penosil.com\/fr\/wp-json\/wp\/v2\/pages\/6589\/revisions"}],"predecessor-version":[{"id":7768,"href":"https:\/\/penosil.com\/fr\/wp-json\/wp\/v2\/pages\/6589\/revisions\/7768"}],"wp:attachment":[{"href":"https:\/\/penosil.com\/fr\/wp-json\/wp\/v2\/media?parent=6589"}],"curies":[{"name":"wp","href":"https:\/\/api.w.org\/{rel}","templated":true}]}}