{"id":9539,"date":"2023-09-11T09:09:20","date_gmt":"2023-09-11T09:09:20","guid":{"rendered":"https:\/\/penosil.com\/fr\/?page_id=9539"},"modified":"2023-09-13T08:23:27","modified_gmt":"2023-09-13T08:23:27","slug":"calculateur-pour-le-airvapour-membrane-660","status":"publish","type":"page","link":"https:\/\/penosil.com\/fr\/centre-connaissance\/calculatrices\/calculateur-pour-le-airvapour-membrane-660\/","title":{"rendered":"Calculateur pour le Air&amp;Vapour Membrane 660"},"content":{"rendered":"<div id=\"pnsl-calculator-block_cb388ec16509c917a5cf163405f6a87a\" class=\"pnsl-calculator-block membrane-660-calculator\">\n   <div class=\"total-product mb64\">\n               <h3 class=\"mb24\">Air&amp;Vapour Membrane 660 calculateur de consommation<\/h3>\n      \n      <div class=\"calculator-part\">\n         <div class=\"calculator-part-title\">\n            <h4 class=\"\">Dimensions du joint<\/h4>\n                     <\/div>\n\n         <div class=\"calculator-part-inputs d-flex align-items-center flex-wrap\">\n\n            <div class=\"calculator-input mr32\">\n               <label for=\"joint-width\" class=\"input-label\">Largeur<\/label>\n               <div class=\"input-field\">\n                  <input type=\"number\" name=\"membrane-total-joint-width\">\n                  <span class=\"unit\">cm<\/span>\n               <\/div>\n            <\/div>\n\n            <div class=\"calculator-input mr32\">\n               <label for=\"joint-length\" class=\"input-label\">Longueur<\/label>\n               <div class=\"input-field\">\n                  <input type=\"number\" name=\"membrane-total-joint-length\">\n                  <span class=\"unit\">m<\/span>\n               <\/div>\n            <\/div>\n         <\/div>\n      <\/div>\n\n      <div class=\"calculator-output\">\n         <div class=\"output-block output-full d-flex flex-wrap\">\n            <div class=\"output-title w100\">\n               <span>Kg n\u00e9cessaire<\/span>\n            <\/div>\n            <div class=\"output-result w100\" id=\"membrane-total-nr-balloons\">\n               0\n            <\/div>\n         <\/div>\n      <\/div>\n   <\/div>\n   \n   <div class=\"total-coverage\">\n               <h3 class=\"mb24\">Air&amp;Vapour Membrane 660 joints lin\u00e9aires maximum en fonction de l&#8217;emballage<\/h3>\n      \n      <div class=\"calculator-part\">\n         <div class=\"calculator-part-title\">\n            <h4 class=\"\">Taille du joint \/ taille de l&#8217;emballage<\/h4>\n                     <\/div>\n\n         <div class=\"calculator-part-inputs d-flex align-items-center flex-wrap\">\n\n            <div class=\"calculator-input mr32\">\n               <label for=\"joint-width\" class=\"input-label\">Largeur du joint<\/label>\n               <div class=\"input-field\">\n                  <input type=\"number\" name=\"membrane-coverage-joint-width\">\n                  <span class=\"unit\">cm<\/span>\n               <\/div>\n            <\/div>\n\n            <div class=\"calculator-input mr32\">\n               <label for=\"package-size\" class=\"input-label\">Taille de l&#8217;emballage<\/label>\n               <div class=\"input-field pnsl-select-box\">\n                  <select name=\"membrane-coverage-package-size\" class=\"package-size\" id=\"package-size\">\n                     <option value=\"1\">1kg<\/option>\n                     <option value=\"5\">5kg<\/option>\n                  <\/select>\n               <\/div>\n            <\/div>\n         <\/div>\n      <\/div>\n\n      <div class=\"calculator-output\">\n         <div class=\"output-block output-full d-flex flex-wrap\">\n            <div class=\"output-title w100\">\n               <span>Longueur de couverture en m<\/span>\n            <\/div>\n            <div class=\"output-result w100\" id=\"membrane-coverage-nr-balloons\">\n               0\n            <\/div>\n         <\/div>\n      <\/div>\n   <\/div>\n<\/div>","protected":false},"excerpt":{"rendered":"","protected":false},"author":105,"featured_media":0,"parent":6463,"menu_order":1,"comment_status":"closed","ping_status":"closed","template":"page-templates\/template-calculators.php","meta":{"_acf_changed":false,"advgb_blocks_editor_width":"","advgb_blocks_columns_visual_guide":"","footnotes":""},"class_list":["post-9539","page","type-page","status-publish","hentry"],"acf":[],"yoast_head":"<!-- This site is optimized with the Yoast SEO plugin v27.2 - https:\/\/yoast.com\/product\/yoast-seo-wordpress\/ -->\n<title>Calculateur pour le Air&amp;Vapour Membrane 660 - Penosil France<\/title>\n<meta name=\"robots\" content=\"index, follow, max-snippet:-1, max-image-preview:large, max-video-preview:-1\" \/>\n<link rel=\"canonical\" href=\"https:\/\/penosil.com\/fr\/centre-connaissance\/calculatrices\/calculateur-pour-le-airvapour-membrane-660\/\" \/>\n<meta property=\"og:locale\" content=\"fr_FR\" \/>\n<meta property=\"og:type\" content=\"article\" \/>\n<meta property=\"og:title\" content=\"Calculateur pour le Air&amp;Vapour Membrane 660 - Penosil France\" \/>\n<meta property=\"og:url\" content=\"https:\/\/penosil.com\/fr\/centre-connaissance\/calculatrices\/calculateur-pour-le-airvapour-membrane-660\/\" \/>\n<meta property=\"og:site_name\" content=\"Penosil France\" \/>\n<meta property=\"article:modified_time\" content=\"2023-09-13T08:23:27+00:00\" \/>\n<meta name=\"twitter:card\" content=\"summary_large_image\" \/>\n<script type=\"application\/ld+json\" class=\"yoast-schema-graph\">{\"@context\":\"https:\/\/schema.org\",\"@graph\":[{\"@type\":\"WebPage\",\"@id\":\"https:\/\/penosil.com\/fr\/centre-connaissance\/calculatrices\/calculateur-pour-le-airvapour-membrane-660\/\",\"url\":\"https:\/\/penosil.com\/fr\/centre-connaissance\/calculatrices\/calculateur-pour-le-airvapour-membrane-660\/\",\"name\":\"Calculateur pour le Air&amp;Vapour Membrane 660 - Penosil France\",\"isPartOf\":{\"@id\":\"https:\/\/penosil.com\/fr\/#website\"},\"datePublished\":\"2023-09-11T09:09:20+00:00\",\"dateModified\":\"2023-09-13T08:23:27+00:00\",\"breadcrumb\":{\"@id\":\"https:\/\/penosil.com\/fr\/centre-connaissance\/calculatrices\/calculateur-pour-le-airvapour-membrane-660\/#breadcrumb\"},\"inLanguage\":\"fr-FR\",\"potentialAction\":[{\"@type\":\"ReadAction\",\"target\":[\"https:\/\/penosil.com\/fr\/centre-connaissance\/calculatrices\/calculateur-pour-le-airvapour-membrane-660\/\"]}]},{\"@type\":\"BreadcrumbList\",\"@id\":\"https:\/\/penosil.com\/fr\/centre-connaissance\/calculatrices\/calculateur-pour-le-airvapour-membrane-660\/#breadcrumb\",\"itemListElement\":[{\"@type\":\"ListItem\",\"position\":1,\"name\":\"Accueil\",\"item\":\"https:\/\/penosil.com\/fr\/\"},{\"@type\":\"ListItem\",\"position\":2,\"name\":\"Centre de connaissances\",\"item\":\"https:\/\/penosil.com\/fr\/centre-connaissance\/\"},{\"@type\":\"ListItem\",\"position\":3,\"name\":\"Calculatrices\",\"item\":\"https:\/\/penosil.com\/fr\/centre-connaissance\/calculatrices\/\"},{\"@type\":\"ListItem\",\"position\":4,\"name\":\"Calculateur pour le Air&amp;Vapour Membrane 660\"}]},{\"@type\":\"WebSite\",\"@id\":\"https:\/\/penosil.com\/fr\/#website\",\"url\":\"https:\/\/penosil.com\/fr\/\",\"name\":\"Penosil France\",\"description\":\"\",\"potentialAction\":[{\"@type\":\"SearchAction\",\"target\":{\"@type\":\"EntryPoint\",\"urlTemplate\":\"https:\/\/penosil.com\/fr\/?s={search_term_string}\"},\"query-input\":{\"@type\":\"PropertyValueSpecification\",\"valueRequired\":true,\"valueName\":\"search_term_string\"}}],\"inLanguage\":\"fr-FR\"}]}<\/script>\n<!-- \/ Yoast SEO plugin. -->","yoast_head_json":{"title":"Calculateur pour le Air&amp;Vapour Membrane 660 - Penosil France","robots":{"index":"index","follow":"follow","max-snippet":"max-snippet:-1","max-image-preview":"max-image-preview:large","max-video-preview":"max-video-preview:-1"},"canonical":"https:\/\/penosil.com\/fr\/centre-connaissance\/calculatrices\/calculateur-pour-le-airvapour-membrane-660\/","og_locale":"fr_FR","og_type":"article","og_title":"Calculateur pour le Air&amp;Vapour Membrane 660 - Penosil France","og_url":"https:\/\/penosil.com\/fr\/centre-connaissance\/calculatrices\/calculateur-pour-le-airvapour-membrane-660\/","og_site_name":"Penosil France","article_modified_time":"2023-09-13T08:23:27+00:00","twitter_card":"summary_large_image","schema":{"@context":"https:\/\/schema.org","@graph":[{"@type":"WebPage","@id":"https:\/\/penosil.com\/fr\/centre-connaissance\/calculatrices\/calculateur-pour-le-airvapour-membrane-660\/","url":"https:\/\/penosil.com\/fr\/centre-connaissance\/calculatrices\/calculateur-pour-le-airvapour-membrane-660\/","name":"Calculateur pour le Air&amp;Vapour Membrane 660 - Penosil France","isPartOf":{"@id":"https:\/\/penosil.com\/fr\/#website"},"datePublished":"2023-09-11T09:09:20+00:00","dateModified":"2023-09-13T08:23:27+00:00","breadcrumb":{"@id":"https:\/\/penosil.com\/fr\/centre-connaissance\/calculatrices\/calculateur-pour-le-airvapour-membrane-660\/#breadcrumb"},"inLanguage":"fr-FR","potentialAction":[{"@type":"ReadAction","target":["https:\/\/penosil.com\/fr\/centre-connaissance\/calculatrices\/calculateur-pour-le-airvapour-membrane-660\/"]}]},{"@type":"BreadcrumbList","@id":"https:\/\/penosil.com\/fr\/centre-connaissance\/calculatrices\/calculateur-pour-le-airvapour-membrane-660\/#breadcrumb","itemListElement":[{"@type":"ListItem","position":1,"name":"Accueil","item":"https:\/\/penosil.com\/fr\/"},{"@type":"ListItem","position":2,"name":"Centre de connaissances","item":"https:\/\/penosil.com\/fr\/centre-connaissance\/"},{"@type":"ListItem","position":3,"name":"Calculatrices","item":"https:\/\/penosil.com\/fr\/centre-connaissance\/calculatrices\/"},{"@type":"ListItem","position":4,"name":"Calculateur pour le Air&amp;Vapour Membrane 660"}]},{"@type":"WebSite","@id":"https:\/\/penosil.com\/fr\/#website","url":"https:\/\/penosil.com\/fr\/","name":"Penosil France","description":"","potentialAction":[{"@type":"SearchAction","target":{"@type":"EntryPoint","urlTemplate":"https:\/\/penosil.com\/fr\/?s={search_term_string}"},"query-input":{"@type":"PropertyValueSpecification","valueRequired":true,"valueName":"search_term_string"}}],"inLanguage":"fr-FR"}]}},"coauthors":[],"author_meta":{"author_link":"https:\/\/penosil.com\/fr\/author\/kevinreaktiiv\/","display_name":"kevinreaktiiv"},"relative_dates":{"created":"Publi\u00e9 3 ans il y a","modified":"Mis \u00e0 jour 3 ans il y a"},"absolute_dates":{"created":"Publi\u00e9 le 11 septembre 2023","modified":"Mise \u00e0 jour le 13 septembre 2023"},"absolute_dates_time":{"created":"Publi\u00e9 le 11 septembre 2023 9h09","modified":"Mise \u00e0 jour le 13 septembre 2023 8h23"},"featured_img_caption":"","featured_img":false,"series_order":"","_links":{"self":[{"href":"https:\/\/penosil.com\/fr\/wp-json\/wp\/v2\/pages\/9539","targetHints":{"allow":["GET"]}}],"collection":[{"href":"https:\/\/penosil.com\/fr\/wp-json\/wp\/v2\/pages"}],"about":[{"href":"https:\/\/penosil.com\/fr\/wp-json\/wp\/v2\/types\/page"}],"author":[{"embeddable":true,"href":"https:\/\/penosil.com\/fr\/wp-json\/wp\/v2\/users\/105"}],"replies":[{"embeddable":true,"href":"https:\/\/penosil.com\/fr\/wp-json\/wp\/v2\/comments?post=9539"}],"version-history":[{"count":5,"href":"https:\/\/penosil.com\/fr\/wp-json\/wp\/v2\/pages\/9539\/revisions"}],"predecessor-version":[{"id":9555,"href":"https:\/\/penosil.com\/fr\/wp-json\/wp\/v2\/pages\/9539\/revisions\/9555"}],"up":[{"embeddable":true,"href":"https:\/\/penosil.com\/fr\/wp-json\/wp\/v2\/pages\/6463"}],"wp:attachment":[{"href":"https:\/\/penosil.com\/fr\/wp-json\/wp\/v2\/media?parent=9539"}],"curies":[{"name":"wp","href":"https:\/\/api.w.org\/{rel}","templated":true}]}}