{"id":10697,"date":"2024-10-30T14:05:45","date_gmt":"2024-10-30T14:05:45","guid":{"rendered":"https:\/\/penosil.com\/fr\/?post_type=product&#038;p=10697"},"modified":"2025-12-12T11:32:28","modified_gmt":"2025-12-12T11:32:28","slug":"pu-adhesive-826-adhesif-qui-durcit-en-un-film","status":"publish","type":"product","link":"https:\/\/penosil.com\/fr\/produit\/pu-adhesive-826-adhesif-qui-durcit-en-un-film\/","title":{"rendered":"PU Adhesive 826"},"content":{"rendered":"<p>Adh\u00e9sif qui durcit en un film r\u00e9sistant \u00e0 l&rsquo;eau, aux solvants et semi-rigide lorsqu&rsquo;il est expos\u00e9 \u00e0 l&rsquo;humidit\u00e9 (de l&rsquo;air ou des mat\u00e9riaux \u00e0 coller). Le processus de r\u00e9ticulation peut \u00eatre acc\u00e9l\u00e9r\u00e9 par un apport cibl\u00e9 d&rsquo;humidit\u00e9 (pulv\u00e9risation d&rsquo;eau, environ 20 g\/m\u00b2) ou par des temp\u00e9ratures plus \u00e9lev\u00e9es (de +40 \u00b0C \u00e0 +80 \u00b0C au maximum).<\/p>\n","protected":false},"excerpt":{"rendered":"Adh\u00e9sif qui durcit en un film r\u00e9sistant \u00e0 l&rsquo;eau, aux solvants et semi-rigide lorsqu&rsquo;il est expos\u00e9 \u00e0 l&rsquo;humidit\u00e9 (de l&rsquo;air ou des mat\u00e9riaux \u00e0 coller). Le processus de r\u00e9ticulation peut \u00eatre acc\u00e9l\u00e9r\u00e9 par un apport cibl\u00e9 d&rsquo;humidit\u00e9 (pulv\u00e9risation d&rsquo;eau, environ 20 g\/m\u00b2) ou par des temp\u00e9ratures plus \u00e9lev\u00e9es (de +40 \u00b0C \u00e0 +80 \u00b0C au [&hellip;]","protected":false},"author":36,"featured_media":10698,"template":"","meta":{"_acf_changed":false,"advgb_blocks_editor_width":"","advgb_blocks_columns_visual_guide":"","footnotes":""},"product_brand":[],"product_cat":[2249,2314,349],"product_tag":[],"class_list":{"0":"post-10697","1":"product","2":"type-product","3":"status-publish","4":"has-post-thumbnail","6":"product_cat-nouveaux-produits","7":"product_cat-adhesifs-pu","8":"product_cat-collage","10":"first","11":"outofstock","12":"taxable","13":"shipping-taxable","14":"purchasable","15":"product-type-simple"},"acf":[],"yoast_head":"<!-- This site is optimized with the Yoast SEO plugin v27.2 - https:\/\/yoast.com\/product\/yoast-seo-wordpress\/ -->\n<title>PU Adhesive 826 - Adh\u00e9sif qui durcit en un film - Penosil France<\/title>\n<meta name=\"description\" content=\"Adh\u00e9sif, qui durcit en un film, PU monocomposant pour les travaux de collage d&#039;\u00e9l\u00e9ments muraux et autres structures non porteuses en bois. Cliquez !\" \/>\n<meta name=\"robots\" content=\"index, follow, max-snippet:-1, max-image-preview:large, max-video-preview:-1\" \/>\n<link rel=\"canonical\" href=\"https:\/\/penosil.com\/fr\/produit\/pu-adhesive-826-adhesif-qui-durcit-en-un-film\/\" \/>\n<meta property=\"og:locale\" content=\"fr_FR\" \/>\n<meta property=\"og:type\" content=\"article\" \/>\n<meta property=\"og:title\" content=\"PU Adhesive 826 - Adh\u00e9sif qui durcit en un film - Penosil France\" \/>\n<meta property=\"og:description\" content=\"Adh\u00e9sif, qui durcit en un film, PU monocomposant pour les travaux de collage d&#039;\u00e9l\u00e9ments muraux et autres structures non porteuses en bois. Cliquez !\" \/>\n<meta property=\"og:url\" content=\"https:\/\/penosil.com\/fr\/produit\/pu-adhesive-826-adhesif-qui-durcit-en-un-film\/\" \/>\n<meta property=\"og:site_name\" content=\"Penosil France\" \/>\n<meta property=\"article:modified_time\" content=\"2025-12-12T11:32:28+00:00\" \/>\n<meta property=\"og:image\" content=\"https:\/\/penosil.com\/fr\/wp-content\/uploads\/sites\/6\/2024\/10\/826_PU_Adhesive_826_FR.png\" \/>\n\t<meta property=\"og:image:width\" content=\"400\" \/>\n\t<meta property=\"og:image:height\" content=\"900\" \/>\n\t<meta property=\"og:image:type\" content=\"image\/png\" \/>\n<meta name=\"twitter:card\" content=\"summary_large_image\" \/>\n<meta name=\"twitter:label1\" content=\"Dur\u00e9e de lecture estim\u00e9e\" \/>\n\t<meta name=\"twitter:data1\" content=\"5 minutes\" \/>\n<script type=\"application\/ld+json\" class=\"yoast-schema-graph\">{\"@context\":\"https:\/\/schema.org\",\"@graph\":[{\"@type\":\"WebPage\",\"@id\":\"https:\/\/penosil.com\/fr\/produit\/pu-adhesive-826-adhesif-qui-durcit-en-un-film\/\",\"url\":\"https:\/\/penosil.com\/fr\/produit\/pu-adhesive-826-adhesif-qui-durcit-en-un-film\/\",\"name\":\"PU Adhesive 826 - Adh\u00e9sif qui durcit en un film - Penosil France\",\"isPartOf\":{\"@id\":\"https:\/\/penosil.com\/fr\/#website\"},\"primaryImageOfPage\":{\"@id\":\"https:\/\/penosil.com\/fr\/produit\/pu-adhesive-826-adhesif-qui-durcit-en-un-film\/#primaryimage\"},\"image\":{\"@id\":\"https:\/\/penosil.com\/fr\/produit\/pu-adhesive-826-adhesif-qui-durcit-en-un-film\/#primaryimage\"},\"thumbnailUrl\":\"https:\/\/penosil.com\/fr\/wp-content\/uploads\/sites\/6\/2024\/10\/826_PU_Adhesive_826_FR.png\",\"datePublished\":\"2024-10-30T14:05:45+00:00\",\"dateModified\":\"2025-12-12T11:32:28+00:00\",\"description\":\"Adh\u00e9sif, qui durcit en un film, PU monocomposant pour les travaux de collage d'\u00e9l\u00e9ments muraux et autres structures non porteuses en bois. Cliquez !\",\"breadcrumb\":{\"@id\":\"https:\/\/penosil.com\/fr\/produit\/pu-adhesive-826-adhesif-qui-durcit-en-un-film\/#breadcrumb\"},\"inLanguage\":\"fr-FR\",\"potentialAction\":[{\"@type\":\"ReadAction\",\"target\":[\"https:\/\/penosil.com\/fr\/produit\/pu-adhesive-826-adhesif-qui-durcit-en-un-film\/\"]}]},{\"@type\":\"ImageObject\",\"inLanguage\":\"fr-FR\",\"@id\":\"https:\/\/penosil.com\/fr\/produit\/pu-adhesive-826-adhesif-qui-durcit-en-un-film\/#primaryimage\",\"url\":\"https:\/\/penosil.com\/fr\/wp-content\/uploads\/sites\/6\/2024\/10\/826_PU_Adhesive_826_FR.png\",\"contentUrl\":\"https:\/\/penosil.com\/fr\/wp-content\/uploads\/sites\/6\/2024\/10\/826_PU_Adhesive_826_FR.png\",\"width\":400,\"height\":900,\"caption\":\"Produit PENOSIL PU Adhesive 826\"},{\"@type\":\"BreadcrumbList\",\"@id\":\"https:\/\/penosil.com\/fr\/produit\/pu-adhesive-826-adhesif-qui-durcit-en-un-film\/#breadcrumb\",\"itemListElement\":[{\"@type\":\"ListItem\",\"position\":1,\"name\":\"Accueil\",\"item\":\"https:\/\/penosil.com\/fr\/\"},{\"@type\":\"ListItem\",\"position\":2,\"name\":\"Produits\",\"item\":\"https:\/\/penosil.com\/fr\/produits-penosil\/\"},{\"@type\":\"ListItem\",\"position\":3,\"name\":\"PU Adhesive 826\"}]},{\"@type\":\"WebSite\",\"@id\":\"https:\/\/penosil.com\/fr\/#website\",\"url\":\"https:\/\/penosil.com\/fr\/\",\"name\":\"Penosil France\",\"description\":\"\",\"potentialAction\":[{\"@type\":\"SearchAction\",\"target\":{\"@type\":\"EntryPoint\",\"urlTemplate\":\"https:\/\/penosil.com\/fr\/?s={search_term_string}\"},\"query-input\":{\"@type\":\"PropertyValueSpecification\",\"valueRequired\":true,\"valueName\":\"search_term_string\"}}],\"inLanguage\":\"fr-FR\"}]}<\/script>\n<!-- \/ Yoast SEO plugin. -->","yoast_head_json":{"title":"PU Adhesive 826 - Adh\u00e9sif qui durcit en un film - Penosil France","description":"Adh\u00e9sif, qui durcit en un film, PU monocomposant pour les travaux de collage d'\u00e9l\u00e9ments muraux et autres structures non porteuses en bois. Cliquez !","robots":{"index":"index","follow":"follow","max-snippet":"max-snippet:-1","max-image-preview":"max-image-preview:large","max-video-preview":"max-video-preview:-1"},"canonical":"https:\/\/penosil.com\/fr\/produit\/pu-adhesive-826-adhesif-qui-durcit-en-un-film\/","og_locale":"fr_FR","og_type":"article","og_title":"PU Adhesive 826 - Adh\u00e9sif qui durcit en un film - Penosil France","og_description":"Adh\u00e9sif, qui durcit en un film, PU monocomposant pour les travaux de collage d'\u00e9l\u00e9ments muraux et autres structures non porteuses en bois. Cliquez !","og_url":"https:\/\/penosil.com\/fr\/produit\/pu-adhesive-826-adhesif-qui-durcit-en-un-film\/","og_site_name":"Penosil France","article_modified_time":"2025-12-12T11:32:28+00:00","og_image":[{"width":400,"height":900,"url":"https:\/\/penosil.com\/fr\/wp-content\/uploads\/sites\/6\/2024\/10\/826_PU_Adhesive_826_FR.png","type":"image\/png"}],"twitter_card":"summary_large_image","twitter_misc":{"Dur\u00e9e de lecture estim\u00e9e":"5 minutes"},"schema":{"@context":"https:\/\/schema.org","@graph":[{"@type":"WebPage","@id":"https:\/\/penosil.com\/fr\/produit\/pu-adhesive-826-adhesif-qui-durcit-en-un-film\/","url":"https:\/\/penosil.com\/fr\/produit\/pu-adhesive-826-adhesif-qui-durcit-en-un-film\/","name":"PU Adhesive 826 - Adh\u00e9sif qui durcit en un film - Penosil France","isPartOf":{"@id":"https:\/\/penosil.com\/fr\/#website"},"primaryImageOfPage":{"@id":"https:\/\/penosil.com\/fr\/produit\/pu-adhesive-826-adhesif-qui-durcit-en-un-film\/#primaryimage"},"image":{"@id":"https:\/\/penosil.com\/fr\/produit\/pu-adhesive-826-adhesif-qui-durcit-en-un-film\/#primaryimage"},"thumbnailUrl":"https:\/\/penosil.com\/fr\/wp-content\/uploads\/sites\/6\/2024\/10\/826_PU_Adhesive_826_FR.png","datePublished":"2024-10-30T14:05:45+00:00","dateModified":"2025-12-12T11:32:28+00:00","description":"Adh\u00e9sif, qui durcit en un film, PU monocomposant pour les travaux de collage d'\u00e9l\u00e9ments muraux et autres structures non porteuses en bois. Cliquez !","breadcrumb":{"@id":"https:\/\/penosil.com\/fr\/produit\/pu-adhesive-826-adhesif-qui-durcit-en-un-film\/#breadcrumb"},"inLanguage":"fr-FR","potentialAction":[{"@type":"ReadAction","target":["https:\/\/penosil.com\/fr\/produit\/pu-adhesive-826-adhesif-qui-durcit-en-un-film\/"]}]},{"@type":"ImageObject","inLanguage":"fr-FR","@id":"https:\/\/penosil.com\/fr\/produit\/pu-adhesive-826-adhesif-qui-durcit-en-un-film\/#primaryimage","url":"https:\/\/penosil.com\/fr\/wp-content\/uploads\/sites\/6\/2024\/10\/826_PU_Adhesive_826_FR.png","contentUrl":"https:\/\/penosil.com\/fr\/wp-content\/uploads\/sites\/6\/2024\/10\/826_PU_Adhesive_826_FR.png","width":400,"height":900,"caption":"Produit PENOSIL PU Adhesive 826"},{"@type":"BreadcrumbList","@id":"https:\/\/penosil.com\/fr\/produit\/pu-adhesive-826-adhesif-qui-durcit-en-un-film\/#breadcrumb","itemListElement":[{"@type":"ListItem","position":1,"name":"Accueil","item":"https:\/\/penosil.com\/fr\/"},{"@type":"ListItem","position":2,"name":"Produits","item":"https:\/\/penosil.com\/fr\/produits-penosil\/"},{"@type":"ListItem","position":3,"name":"PU Adhesive 826"}]},{"@type":"WebSite","@id":"https:\/\/penosil.com\/fr\/#website","url":"https:\/\/penosil.com\/fr\/","name":"Penosil France","description":"","potentialAction":[{"@type":"SearchAction","target":{"@type":"EntryPoint","urlTemplate":"https:\/\/penosil.com\/fr\/?s={search_term_string}"},"query-input":{"@type":"PropertyValueSpecification","valueRequired":true,"valueName":"search_term_string"}}],"inLanguage":"fr-FR"}]}},"featured_img":"https:\/\/penosil.com\/fr\/wp-content\/uploads\/sites\/6\/2024\/10\/826_PU_Adhesive_826_FR.png","coauthors":[],"author_meta":{"author_link":"https:\/\/penosil.com\/fr\/author\/josephine\/","display_name":"josephine"},"relative_dates":{"created":"Publi\u00e9 1 an il y a","modified":"Mis \u00e0 jour 4 mois il y a"},"absolute_dates":{"created":"Publi\u00e9 le 30 octobre 2024","modified":"Mise \u00e0 jour le 12 d\u00e9cembre 2025"},"absolute_dates_time":{"created":"Publi\u00e9 le 30 octobre 2024 14h05","modified":"Mise \u00e0 jour le 12 d\u00e9cembre 2025 11h32"},"featured_img_caption":"Produit PENOSIL PU Adhesive 826","tax_additional":{"product_brand":{"linked":[],"unlinked":[],"slug":"product_brand","name":"Marques"},"product_type":{"linked":["<a href=\"https:\/\/penosil.com\/fr\/?taxonomy=product_type&#038;term=simple\" class=\"advgb-post-tax-term\">simple<\/a>"],"unlinked":["<span class=\"advgb-post-tax-term\">simple<\/span>"],"slug":"product_type","name":"Type de produit"},"product_visibility":{"linked":["<a href=\"https:\/\/penosil.com\/fr\/en\/?taxonomy=product_visibility&#038;term=outofstock\" class=\"advgb-post-tax-term\">outofstock<\/a>"],"unlinked":["<span class=\"advgb-post-tax-term\">outofstock<\/span>"],"slug":"product_visibility","name":"Visibilit\u00e9 du produit"},"product_cat":{"linked":["<a href=\"https:\/\/penosil.com\/fr\/categorie-produit\/categories-de-produits\/nouveaux-produits\/\" class=\"advgb-post-tax-term\">Nouveaux produits<\/a>","<a href=\"https:\/\/penosil.com\/fr\/categorie-produit\/categories-de-produits\/adhesifs\/adhesifs-pu\/\" class=\"advgb-post-tax-term\">Adh\u00e9sifs PU<\/a>","<a href=\"https:\/\/penosil.com\/fr\/categorie-produit\/domaines-dapplication\/collage\/\" class=\"advgb-post-tax-term\">Collage<\/a>"],"unlinked":["<span class=\"advgb-post-tax-term\">Nouveaux produits<\/span>","<span class=\"advgb-post-tax-term\">Adh\u00e9sifs PU<\/span>","<span class=\"advgb-post-tax-term\">Collage<\/span>"],"slug":"product_cat","name":"Cat\u00e9gories de produits"},"product_tag":{"linked":[],"unlinked":[],"slug":"product_tag","name":"\u00c9tiquettes produit"},"product_shipping_class":{"linked":[],"unlinked":[],"slug":"product_shipping_class","name":"Classe d\u2019exp\u00e9dition du produit"},"pos_product_visibility":{"linked":[],"unlinked":[],"slug":"pos_product_visibility","name":"Visibilit\u00e9 du produit sur le point de vente"},"pa_couleur":{"linked":["<a href=\"https:\/\/penosil.com\/fr\/?taxonomy=pa_couleur&#038;term=marron\" class=\"advgb-post-tax-term\">Marron<\/a>"],"unlinked":["<span class=\"advgb-post-tax-term\">Marron<\/span>"],"slug":"pa_couleur","name":"Product Couleur"},"pa_emballage":{"linked":["<a href=\"https:\/\/penosil.com\/fr\/?taxonomy=pa_emballage&#038;term=500-ml\" class=\"advgb-post-tax-term\">500 ml<\/a>"],"unlinked":["<span class=\"advgb-post-tax-term\">500 ml<\/span>"],"slug":"pa_emballage","name":"Product Emballage"},"translation_priority":{"linked":["<a href=\"https:\/\/penosil.com\/fr\/?taxonomy=translation_priority&#038;term=facultatif\" class=\"advgb-post-tax-term\">Facultatif<\/a>"],"unlinked":["<span class=\"advgb-post-tax-term\">Facultatif<\/span>"],"slug":"translation_priority","name":"Priorit\u00e9s de traduction"}},"series_order":"","_links":{"self":[{"href":"https:\/\/penosil.com\/fr\/wp-json\/wp\/v2\/product\/10697","targetHints":{"allow":["GET"]}}],"collection":[{"href":"https:\/\/penosil.com\/fr\/wp-json\/wp\/v2\/product"}],"about":[{"href":"https:\/\/penosil.com\/fr\/wp-json\/wp\/v2\/types\/product"}],"version-history":[{"count":6,"href":"https:\/\/penosil.com\/fr\/wp-json\/wp\/v2\/product\/10697\/revisions"}],"predecessor-version":[{"id":11848,"href":"https:\/\/penosil.com\/fr\/wp-json\/wp\/v2\/product\/10697\/revisions\/11848"}],"wp:featuredmedia":[{"embeddable":true,"href":"https:\/\/penosil.com\/fr\/wp-json\/wp\/v2\/media\/10698"}],"wp:attachment":[{"href":"https:\/\/penosil.com\/fr\/wp-json\/wp\/v2\/media?parent=10697"}],"wp:term":[{"taxonomy":"product_brand","embeddable":true,"href":"https:\/\/penosil.com\/fr\/wp-json\/wp\/v2\/product_brand?post=10697"},{"taxonomy":"product_cat","embeddable":true,"href":"https:\/\/penosil.com\/fr\/wp-json\/wp\/v2\/product_cat?post=10697"},{"taxonomy":"product_tag","embeddable":true,"href":"https:\/\/penosil.com\/fr\/wp-json\/wp\/v2\/product_tag?post=10697"}],"curies":[{"name":"wp","href":"https:\/\/api.w.org\/{rel}","templated":true}]}}