{"id":10776,"date":"2024-12-05T15:30:13","date_gmt":"2024-12-05T15:30:13","guid":{"rendered":"https:\/\/penosil.com\/fr\/?post_type=product&#038;p=10776"},"modified":"2026-01-26T14:13:36","modified_gmt":"2026-01-26T14:13:36","slug":"speedfix-chemical-anchor-595","status":"publish","type":"product","link":"https:\/\/penosil.com\/fr\/produit\/speedfix-chemical-anchor-595\/","title":{"rendered":"SpeedFix Chemical Anchor 595"},"content":{"rendered":"<p>PENOSIL SpeedFix Chemical Anchor 595 est un syst\u00e8me de r\u00e9sine d&rsquo;ancrage chimique polyester sans styr\u00e8ne \u00e0 deux composants \u00e0 haute r\u00e9sistance et rapport 10:1, destin\u00e9 pour l\u2019ancrage de tiges filet\u00e9es et fers d\u2019armature dans des mat\u00e9riaux pleins (b\u00e9ton, brique \u2026) et\/ou creux, con\u00e7u pour des charges moyennes dans les applications horizontales et verticales.<\/p>\n","protected":false},"excerpt":{"rendered":"PENOSIL SpeedFix Chemical Anchor 595 est un syst\u00e8me de r\u00e9sine d&rsquo;ancrage chimique polyester sans styr\u00e8ne \u00e0 deux composants \u00e0 haute r\u00e9sistance et rapport 10:1, destin\u00e9 pour l\u2019ancrage de tiges filet\u00e9es et fers d\u2019armature dans des mat\u00e9riaux pleins (b\u00e9ton, brique \u2026) et\/ou creux, con\u00e7u pour des charges moyennes dans les applications horizontales et verticales.","protected":false},"author":36,"featured_media":10777,"template":"","meta":{"_acf_changed":false,"advgb_blocks_editor_width":"","advgb_blocks_columns_visual_guide":"","footnotes":""},"product_brand":[],"product_cat":[2249,2317,349],"product_tag":[],"class_list":{"0":"post-10776","1":"product","2":"type-product","3":"status-publish","4":"has-post-thumbnail","6":"product_cat-nouveaux-produits","7":"product_cat-scellement-chimique","8":"product_cat-collage","10":"first","11":"outofstock","12":"taxable","13":"shipping-taxable","14":"purchasable","15":"product-type-variable"},"acf":[],"yoast_head":"<!-- This site is optimized with the Yoast SEO plugin v27.2 - https:\/\/yoast.com\/product\/yoast-seo-wordpress\/ -->\n<title>SpeedFix Chemical Anchor 595 - Ancrage chimique polyester - Penosil France<\/title>\n<meta name=\"description\" content=\"Ancrage chimique polyester sans styr\u00e8ne \u00e0 haute r\u00e9sistance, con\u00e7u pour des charges moyennes dans les applications horizontales et verticales.\" \/>\n<meta name=\"robots\" content=\"index, follow, max-snippet:-1, max-image-preview:large, max-video-preview:-1\" \/>\n<link rel=\"canonical\" href=\"https:\/\/penosil.com\/fr\/produit\/speedfix-chemical-anchor-595\/\" \/>\n<meta property=\"og:locale\" content=\"fr_FR\" \/>\n<meta property=\"og:type\" content=\"article\" \/>\n<meta property=\"og:title\" content=\"SpeedFix Chemical Anchor 595 - Ancrage chimique polyester - Penosil France\" \/>\n<meta property=\"og:description\" content=\"Ancrage chimique polyester sans styr\u00e8ne \u00e0 haute r\u00e9sistance, con\u00e7u pour des charges moyennes dans les applications horizontales et verticales.\" \/>\n<meta property=\"og:url\" content=\"https:\/\/penosil.com\/fr\/produit\/speedfix-chemical-anchor-595\/\" \/>\n<meta property=\"og:site_name\" content=\"Penosil France\" \/>\n<meta property=\"article:modified_time\" content=\"2026-01-26T14:13:36+00:00\" \/>\n<meta property=\"og:image\" content=\"https:\/\/penosil.com\/fr\/wp-content\/uploads\/sites\/6\/2024\/12\/595_Speedfix_Chemical_Anchor_595_FR.png\" \/>\n\t<meta property=\"og:image:width\" content=\"625\" \/>\n\t<meta property=\"og:image:height\" content=\"1080\" \/>\n\t<meta property=\"og:image:type\" content=\"image\/png\" \/>\n<meta name=\"twitter:card\" content=\"summary_large_image\" \/>\n<meta name=\"twitter:label1\" content=\"Dur\u00e9e de lecture estim\u00e9e\" \/>\n\t<meta name=\"twitter:data1\" content=\"5 minutes\" \/>\n<script type=\"application\/ld+json\" class=\"yoast-schema-graph\">{\"@context\":\"https:\/\/schema.org\",\"@graph\":[{\"@type\":\"WebPage\",\"@id\":\"https:\/\/penosil.com\/fr\/produit\/speedfix-chemical-anchor-595\/\",\"url\":\"https:\/\/penosil.com\/fr\/produit\/speedfix-chemical-anchor-595\/\",\"name\":\"SpeedFix Chemical Anchor 595 - Ancrage chimique polyester - Penosil France\",\"isPartOf\":{\"@id\":\"https:\/\/penosil.com\/fr\/#website\"},\"primaryImageOfPage\":{\"@id\":\"https:\/\/penosil.com\/fr\/produit\/speedfix-chemical-anchor-595\/#primaryimage\"},\"image\":{\"@id\":\"https:\/\/penosil.com\/fr\/produit\/speedfix-chemical-anchor-595\/#primaryimage\"},\"thumbnailUrl\":\"https:\/\/penosil.com\/fr\/wp-content\/uploads\/sites\/6\/2024\/12\/595_Speedfix_Chemical_Anchor_595_FR.png\",\"datePublished\":\"2024-12-05T15:30:13+00:00\",\"dateModified\":\"2026-01-26T14:13:36+00:00\",\"description\":\"Ancrage chimique polyester sans styr\u00e8ne \u00e0 haute r\u00e9sistance, con\u00e7u pour des charges moyennes dans les applications horizontales et verticales.\",\"breadcrumb\":{\"@id\":\"https:\/\/penosil.com\/fr\/produit\/speedfix-chemical-anchor-595\/#breadcrumb\"},\"inLanguage\":\"fr-FR\",\"potentialAction\":[{\"@type\":\"ReadAction\",\"target\":[\"https:\/\/penosil.com\/fr\/produit\/speedfix-chemical-anchor-595\/\"]}]},{\"@type\":\"ImageObject\",\"inLanguage\":\"fr-FR\",\"@id\":\"https:\/\/penosil.com\/fr\/produit\/speedfix-chemical-anchor-595\/#primaryimage\",\"url\":\"https:\/\/penosil.com\/fr\/wp-content\/uploads\/sites\/6\/2024\/12\/595_Speedfix_Chemical_Anchor_595_FR.png\",\"contentUrl\":\"https:\/\/penosil.com\/fr\/wp-content\/uploads\/sites\/6\/2024\/12\/595_Speedfix_Chemical_Anchor_595_FR.png\",\"width\":625,\"height\":1080,\"caption\":\"Produit speedfix chemcial anchor 595\"},{\"@type\":\"BreadcrumbList\",\"@id\":\"https:\/\/penosil.com\/fr\/produit\/speedfix-chemical-anchor-595\/#breadcrumb\",\"itemListElement\":[{\"@type\":\"ListItem\",\"position\":1,\"name\":\"Accueil\",\"item\":\"https:\/\/penosil.com\/fr\/\"},{\"@type\":\"ListItem\",\"position\":2,\"name\":\"Produits\",\"item\":\"https:\/\/penosil.com\/fr\/produits-penosil\/\"},{\"@type\":\"ListItem\",\"position\":3,\"name\":\"SpeedFix Chemical Anchor 595\"}]},{\"@type\":\"WebSite\",\"@id\":\"https:\/\/penosil.com\/fr\/#website\",\"url\":\"https:\/\/penosil.com\/fr\/\",\"name\":\"Penosil France\",\"description\":\"\",\"potentialAction\":[{\"@type\":\"SearchAction\",\"target\":{\"@type\":\"EntryPoint\",\"urlTemplate\":\"https:\/\/penosil.com\/fr\/?s={search_term_string}\"},\"query-input\":{\"@type\":\"PropertyValueSpecification\",\"valueRequired\":true,\"valueName\":\"search_term_string\"}}],\"inLanguage\":\"fr-FR\"}]}<\/script>\n<!-- \/ Yoast SEO plugin. -->","yoast_head_json":{"title":"SpeedFix Chemical Anchor 595 - Ancrage chimique polyester - Penosil France","description":"Ancrage chimique polyester sans styr\u00e8ne \u00e0 haute r\u00e9sistance, con\u00e7u pour des charges moyennes dans les applications horizontales et verticales.","robots":{"index":"index","follow":"follow","max-snippet":"max-snippet:-1","max-image-preview":"max-image-preview:large","max-video-preview":"max-video-preview:-1"},"canonical":"https:\/\/penosil.com\/fr\/produit\/speedfix-chemical-anchor-595\/","og_locale":"fr_FR","og_type":"article","og_title":"SpeedFix Chemical Anchor 595 - Ancrage chimique polyester - Penosil France","og_description":"Ancrage chimique polyester sans styr\u00e8ne \u00e0 haute r\u00e9sistance, con\u00e7u pour des charges moyennes dans les applications horizontales et verticales.","og_url":"https:\/\/penosil.com\/fr\/produit\/speedfix-chemical-anchor-595\/","og_site_name":"Penosil France","article_modified_time":"2026-01-26T14:13:36+00:00","og_image":[{"width":625,"height":1080,"url":"https:\/\/penosil.com\/fr\/wp-content\/uploads\/sites\/6\/2024\/12\/595_Speedfix_Chemical_Anchor_595_FR.png","type":"image\/png"}],"twitter_card":"summary_large_image","twitter_misc":{"Dur\u00e9e de lecture estim\u00e9e":"5 minutes"},"schema":{"@context":"https:\/\/schema.org","@graph":[{"@type":"WebPage","@id":"https:\/\/penosil.com\/fr\/produit\/speedfix-chemical-anchor-595\/","url":"https:\/\/penosil.com\/fr\/produit\/speedfix-chemical-anchor-595\/","name":"SpeedFix Chemical Anchor 595 - Ancrage chimique polyester - Penosil France","isPartOf":{"@id":"https:\/\/penosil.com\/fr\/#website"},"primaryImageOfPage":{"@id":"https:\/\/penosil.com\/fr\/produit\/speedfix-chemical-anchor-595\/#primaryimage"},"image":{"@id":"https:\/\/penosil.com\/fr\/produit\/speedfix-chemical-anchor-595\/#primaryimage"},"thumbnailUrl":"https:\/\/penosil.com\/fr\/wp-content\/uploads\/sites\/6\/2024\/12\/595_Speedfix_Chemical_Anchor_595_FR.png","datePublished":"2024-12-05T15:30:13+00:00","dateModified":"2026-01-26T14:13:36+00:00","description":"Ancrage chimique polyester sans styr\u00e8ne \u00e0 haute r\u00e9sistance, con\u00e7u pour des charges moyennes dans les applications horizontales et verticales.","breadcrumb":{"@id":"https:\/\/penosil.com\/fr\/produit\/speedfix-chemical-anchor-595\/#breadcrumb"},"inLanguage":"fr-FR","potentialAction":[{"@type":"ReadAction","target":["https:\/\/penosil.com\/fr\/produit\/speedfix-chemical-anchor-595\/"]}]},{"@type":"ImageObject","inLanguage":"fr-FR","@id":"https:\/\/penosil.com\/fr\/produit\/speedfix-chemical-anchor-595\/#primaryimage","url":"https:\/\/penosil.com\/fr\/wp-content\/uploads\/sites\/6\/2024\/12\/595_Speedfix_Chemical_Anchor_595_FR.png","contentUrl":"https:\/\/penosil.com\/fr\/wp-content\/uploads\/sites\/6\/2024\/12\/595_Speedfix_Chemical_Anchor_595_FR.png","width":625,"height":1080,"caption":"Produit speedfix chemcial anchor 595"},{"@type":"BreadcrumbList","@id":"https:\/\/penosil.com\/fr\/produit\/speedfix-chemical-anchor-595\/#breadcrumb","itemListElement":[{"@type":"ListItem","position":1,"name":"Accueil","item":"https:\/\/penosil.com\/fr\/"},{"@type":"ListItem","position":2,"name":"Produits","item":"https:\/\/penosil.com\/fr\/produits-penosil\/"},{"@type":"ListItem","position":3,"name":"SpeedFix Chemical Anchor 595"}]},{"@type":"WebSite","@id":"https:\/\/penosil.com\/fr\/#website","url":"https:\/\/penosil.com\/fr\/","name":"Penosil France","description":"","potentialAction":[{"@type":"SearchAction","target":{"@type":"EntryPoint","urlTemplate":"https:\/\/penosil.com\/fr\/?s={search_term_string}"},"query-input":{"@type":"PropertyValueSpecification","valueRequired":true,"valueName":"search_term_string"}}],"inLanguage":"fr-FR"}]}},"featured_img":"https:\/\/penosil.com\/fr\/wp-content\/uploads\/sites\/6\/2024\/12\/595_Speedfix_Chemical_Anchor_595_FR.png","coauthors":[],"author_meta":{"author_link":"https:\/\/penosil.com\/fr\/author\/josephine\/","display_name":"josephine"},"relative_dates":{"created":"Publi\u00e9 1 an il y a","modified":"Mis \u00e0 jour 3 mois il y a"},"absolute_dates":{"created":"Publi\u00e9 le 5 d\u00e9cembre 2024","modified":"Mise \u00e0 jour le 26 janvier 2026"},"absolute_dates_time":{"created":"Publi\u00e9 le 5 d\u00e9cembre 2024 15h30","modified":"Mise \u00e0 jour le 26 janvier 2026 14h13"},"featured_img_caption":"Produit speedfix chemcial anchor 595","tax_additional":{"product_brand":{"linked":[],"unlinked":[],"slug":"product_brand","name":"Marques"},"product_type":{"linked":["<a href=\"https:\/\/penosil.com\/fr\/?taxonomy=product_type&#038;term=variable\" class=\"advgb-post-tax-term\">variable<\/a>"],"unlinked":["<span class=\"advgb-post-tax-term\">variable<\/span>"],"slug":"product_type","name":"Type de produit"},"product_visibility":{"linked":["<a href=\"https:\/\/penosil.com\/fr\/en\/?taxonomy=product_visibility&#038;term=outofstock\" class=\"advgb-post-tax-term\">outofstock<\/a>"],"unlinked":["<span class=\"advgb-post-tax-term\">outofstock<\/span>"],"slug":"product_visibility","name":"Visibilit\u00e9 du produit"},"product_cat":{"linked":["<a href=\"https:\/\/penosil.com\/fr\/categorie-produit\/categories-de-produits\/nouveaux-produits\/\" class=\"advgb-post-tax-term\">Nouveaux produits<\/a>","<a href=\"https:\/\/penosil.com\/fr\/categorie-produit\/categories-de-produits\/adhesifs\/scellement-chimique\/\" class=\"advgb-post-tax-term\">Scellement chimique<\/a>","<a href=\"https:\/\/penosil.com\/fr\/categorie-produit\/domaines-dapplication\/collage\/\" class=\"advgb-post-tax-term\">Collage<\/a>"],"unlinked":["<span class=\"advgb-post-tax-term\">Nouveaux produits<\/span>","<span class=\"advgb-post-tax-term\">Scellement chimique<\/span>","<span class=\"advgb-post-tax-term\">Collage<\/span>"],"slug":"product_cat","name":"Cat\u00e9gories de produits"},"product_tag":{"linked":[],"unlinked":[],"slug":"product_tag","name":"\u00c9tiquettes produit"},"product_shipping_class":{"linked":[],"unlinked":[],"slug":"product_shipping_class","name":"Classe d\u2019exp\u00e9dition du produit"},"pos_product_visibility":{"linked":[],"unlinked":[],"slug":"pos_product_visibility","name":"Visibilit\u00e9 du produit sur le point de vente"},"pa_couleur":{"linked":["<a href=\"https:\/\/penosil.com\/fr\/?taxonomy=pa_couleur&#038;term=gris\" class=\"advgb-post-tax-term\">Gris<\/a>","<a href=\"https:\/\/penosil.com\/fr\/?taxonomy=pa_couleur&#038;term=beige\" class=\"advgb-post-tax-term\">Beige<\/a>"],"unlinked":["<span class=\"advgb-post-tax-term\">Gris<\/span>","<span class=\"advgb-post-tax-term\">Beige<\/span>"],"slug":"pa_couleur","name":"Product Couleur"},"pa_emballage":{"linked":["<a href=\"https:\/\/penosil.com\/fr\/?taxonomy=pa_emballage&#038;term=300-ml\" class=\"advgb-post-tax-term\">300 ml<\/a>"],"unlinked":["<span class=\"advgb-post-tax-term\">300 ml<\/span>"],"slug":"pa_emballage","name":"Product Emballage"},"translation_priority":{"linked":["<a href=\"https:\/\/penosil.com\/fr\/?taxonomy=translation_priority&#038;term=facultatif\" class=\"advgb-post-tax-term\">Facultatif<\/a>"],"unlinked":["<span class=\"advgb-post-tax-term\">Facultatif<\/span>"],"slug":"translation_priority","name":"Priorit\u00e9s de traduction"}},"series_order":"","_links":{"self":[{"href":"https:\/\/penosil.com\/fr\/wp-json\/wp\/v2\/product\/10776","targetHints":{"allow":["GET"]}}],"collection":[{"href":"https:\/\/penosil.com\/fr\/wp-json\/wp\/v2\/product"}],"about":[{"href":"https:\/\/penosil.com\/fr\/wp-json\/wp\/v2\/types\/product"}],"version-history":[{"count":5,"href":"https:\/\/penosil.com\/fr\/wp-json\/wp\/v2\/product\/10776\/revisions"}],"predecessor-version":[{"id":11560,"href":"https:\/\/penosil.com\/fr\/wp-json\/wp\/v2\/product\/10776\/revisions\/11560"}],"wp:featuredmedia":[{"embeddable":true,"href":"https:\/\/penosil.com\/fr\/wp-json\/wp\/v2\/media\/10777"}],"wp:attachment":[{"href":"https:\/\/penosil.com\/fr\/wp-json\/wp\/v2\/media?parent=10776"}],"wp:term":[{"taxonomy":"product_brand","embeddable":true,"href":"https:\/\/penosil.com\/fr\/wp-json\/wp\/v2\/product_brand?post=10776"},{"taxonomy":"product_cat","embeddable":true,"href":"https:\/\/penosil.com\/fr\/wp-json\/wp\/v2\/product_cat?post=10776"},{"taxonomy":"product_tag","embeddable":true,"href":"https:\/\/penosil.com\/fr\/wp-json\/wp\/v2\/product_tag?post=10776"}],"curies":[{"name":"wp","href":"https:\/\/api.w.org\/{rel}","templated":true}]}}