{"id":11272,"date":"2025-05-26T09:40:57","date_gmt":"2025-05-26T09:40:57","guid":{"rendered":"https:\/\/penosil.com\/fr\/?post_type=product&#038;p=11272"},"modified":"2026-01-23T09:46:06","modified_gmt":"2026-01-23T09:46:06","slug":"woodfix-pva-d2-colle-a-bois","status":"publish","type":"product","link":"https:\/\/penosil.com\/fr\/produit\/woodfix-pva-d2-colle-a-bois\/","title":{"rendered":"WoodFix PVA D2 628"},"content":{"rendered":"<p>Colle \u00e0 bois \u00e0 usage universel rapide r\u00e9sistante \u00e0 l&rsquo;humidit\u00e9 de type PVA pour des usages int\u00e9rieurs. Colle \u00e0 bois pr\u00eate \u00e0 l&#8217;emploi et de haute qualit\u00e9.<\/p>\n","protected":false},"excerpt":{"rendered":"Colle \u00e0 bois \u00e0 usage universel rapide r\u00e9sistante \u00e0 l&rsquo;humidit\u00e9 de type PVA pour des usages int\u00e9rieurs. Colle \u00e0 bois pr\u00eate \u00e0 l&#8217;emploi et de haute qualit\u00e9.","protected":false},"author":36,"featured_media":11382,"template":"","meta":{"_acf_changed":false,"advgb_blocks_editor_width":"","advgb_blocks_columns_visual_guide":"","footnotes":""},"product_brand":[],"product_cat":[330,2249,1379,349,2250],"product_tag":[],"class_list":{"0":"post-11272","1":"product","2":"type-product","3":"status-publish","4":"has-post-thumbnail","6":"product_cat-domaines-dapplication","7":"product_cat-nouveaux-produits","8":"product_cat-adhesifs","9":"product_cat-collage","10":"product_cat-nouveaux-produits-2","12":"first","13":"outofstock","14":"taxable","15":"shipping-taxable","16":"purchasable","17":"product-type-variable"},"acf":[],"yoast_head":"<!-- This site is optimized with the Yoast SEO plugin v27.2 - https:\/\/yoast.com\/product\/yoast-seo-wordpress\/ -->\n<title>WoodFix PVA D2 628 - Colle \u00e0 bois \u00e0 usage universel - Penosil France<\/title>\n<meta name=\"description\" content=\"Colle \u00e0 bois pr\u00eate \u00e0 l&#039;emploi, de haute qualit\u00e9 et \u00e0 usage universel. Cliquez ici pour en savoir plus sur notre produit PENOSIL WoodFix PVA D2.\" \/>\n<meta name=\"robots\" content=\"index, follow, max-snippet:-1, max-image-preview:large, max-video-preview:-1\" \/>\n<link rel=\"canonical\" href=\"https:\/\/penosil.com\/fr\/produit\/woodfix-pva-d2-colle-a-bois\/\" \/>\n<meta property=\"og:locale\" content=\"fr_FR\" \/>\n<meta property=\"og:type\" content=\"article\" \/>\n<meta property=\"og:title\" content=\"WoodFix PVA D2 628 - Colle \u00e0 bois \u00e0 usage universel - Penosil France\" \/>\n<meta property=\"og:description\" content=\"Colle \u00e0 bois pr\u00eate \u00e0 l&#039;emploi, de haute qualit\u00e9 et \u00e0 usage universel. Cliquez ici pour en savoir plus sur notre produit PENOSIL WoodFix PVA D2.\" \/>\n<meta property=\"og:url\" content=\"https:\/\/penosil.com\/fr\/produit\/woodfix-pva-d2-colle-a-bois\/\" \/>\n<meta property=\"og:site_name\" content=\"Penosil France\" \/>\n<meta property=\"article:modified_time\" content=\"2026-01-23T09:46:06+00:00\" \/>\n<meta property=\"og:image\" content=\"https:\/\/penosil.com\/fr\/wp-content\/uploads\/sites\/6\/2025\/05\/628_WoodFix_PVA_D2_628_FR-1.png\" \/>\n\t<meta property=\"og:image:width\" content=\"880\" \/>\n\t<meta property=\"og:image:height\" content=\"1080\" \/>\n\t<meta property=\"og:image:type\" content=\"image\/png\" \/>\n<meta name=\"twitter:card\" content=\"summary_large_image\" \/>\n<meta name=\"twitter:label1\" content=\"Dur\u00e9e de lecture estim\u00e9e\" \/>\n\t<meta name=\"twitter:data1\" content=\"3 minutes\" \/>\n<script type=\"application\/ld+json\" class=\"yoast-schema-graph\">{\"@context\":\"https:\/\/schema.org\",\"@graph\":[{\"@type\":\"WebPage\",\"@id\":\"https:\/\/penosil.com\/fr\/produit\/woodfix-pva-d2-colle-a-bois\/\",\"url\":\"https:\/\/penosil.com\/fr\/produit\/woodfix-pva-d2-colle-a-bois\/\",\"name\":\"WoodFix PVA D2 628 - Colle \u00e0 bois \u00e0 usage universel - Penosil France\",\"isPartOf\":{\"@id\":\"https:\/\/penosil.com\/fr\/#website\"},\"primaryImageOfPage\":{\"@id\":\"https:\/\/penosil.com\/fr\/produit\/woodfix-pva-d2-colle-a-bois\/#primaryimage\"},\"image\":{\"@id\":\"https:\/\/penosil.com\/fr\/produit\/woodfix-pva-d2-colle-a-bois\/#primaryimage\"},\"thumbnailUrl\":\"https:\/\/penosil.com\/fr\/wp-content\/uploads\/sites\/6\/2025\/05\/628_WoodFix_PVA_D2_628_FR-1.png\",\"datePublished\":\"2025-05-26T09:40:57+00:00\",\"dateModified\":\"2026-01-23T09:46:06+00:00\",\"description\":\"Colle \u00e0 bois pr\u00eate \u00e0 l'emploi, de haute qualit\u00e9 et \u00e0 usage universel. Cliquez ici pour en savoir plus sur notre produit PENOSIL WoodFix PVA D2.\",\"breadcrumb\":{\"@id\":\"https:\/\/penosil.com\/fr\/produit\/woodfix-pva-d2-colle-a-bois\/#breadcrumb\"},\"inLanguage\":\"fr-FR\",\"potentialAction\":[{\"@type\":\"ReadAction\",\"target\":[\"https:\/\/penosil.com\/fr\/produit\/woodfix-pva-d2-colle-a-bois\/\"]}]},{\"@type\":\"ImageObject\",\"inLanguage\":\"fr-FR\",\"@id\":\"https:\/\/penosil.com\/fr\/produit\/woodfix-pva-d2-colle-a-bois\/#primaryimage\",\"url\":\"https:\/\/penosil.com\/fr\/wp-content\/uploads\/sites\/6\/2025\/05\/628_WoodFix_PVA_D2_628_FR-1.png\",\"contentUrl\":\"https:\/\/penosil.com\/fr\/wp-content\/uploads\/sites\/6\/2025\/05\/628_WoodFix_PVA_D2_628_FR-1.png\",\"width\":880,\"height\":1080,\"caption\":\"Produit woodfix pva d2 628\"},{\"@type\":\"BreadcrumbList\",\"@id\":\"https:\/\/penosil.com\/fr\/produit\/woodfix-pva-d2-colle-a-bois\/#breadcrumb\",\"itemListElement\":[{\"@type\":\"ListItem\",\"position\":1,\"name\":\"Accueil\",\"item\":\"https:\/\/penosil.com\/fr\/\"},{\"@type\":\"ListItem\",\"position\":2,\"name\":\"Produits\",\"item\":\"https:\/\/penosil.com\/fr\/produits-penosil\/\"},{\"@type\":\"ListItem\",\"position\":3,\"name\":\"WoodFix PVA D2 628\"}]},{\"@type\":\"WebSite\",\"@id\":\"https:\/\/penosil.com\/fr\/#website\",\"url\":\"https:\/\/penosil.com\/fr\/\",\"name\":\"Penosil France\",\"description\":\"\",\"potentialAction\":[{\"@type\":\"SearchAction\",\"target\":{\"@type\":\"EntryPoint\",\"urlTemplate\":\"https:\/\/penosil.com\/fr\/?s={search_term_string}\"},\"query-input\":{\"@type\":\"PropertyValueSpecification\",\"valueRequired\":true,\"valueName\":\"search_term_string\"}}],\"inLanguage\":\"fr-FR\"}]}<\/script>\n<!-- \/ Yoast SEO plugin. -->","yoast_head_json":{"title":"WoodFix PVA D2 628 - Colle \u00e0 bois \u00e0 usage universel - Penosil France","description":"Colle \u00e0 bois pr\u00eate \u00e0 l'emploi, de haute qualit\u00e9 et \u00e0 usage universel. Cliquez ici pour en savoir plus sur notre produit PENOSIL WoodFix PVA D2.","robots":{"index":"index","follow":"follow","max-snippet":"max-snippet:-1","max-image-preview":"max-image-preview:large","max-video-preview":"max-video-preview:-1"},"canonical":"https:\/\/penosil.com\/fr\/produit\/woodfix-pva-d2-colle-a-bois\/","og_locale":"fr_FR","og_type":"article","og_title":"WoodFix PVA D2 628 - Colle \u00e0 bois \u00e0 usage universel - Penosil France","og_description":"Colle \u00e0 bois pr\u00eate \u00e0 l'emploi, de haute qualit\u00e9 et \u00e0 usage universel. Cliquez ici pour en savoir plus sur notre produit PENOSIL WoodFix PVA D2.","og_url":"https:\/\/penosil.com\/fr\/produit\/woodfix-pva-d2-colle-a-bois\/","og_site_name":"Penosil France","article_modified_time":"2026-01-23T09:46:06+00:00","og_image":[{"width":880,"height":1080,"url":"https:\/\/penosil.com\/fr\/wp-content\/uploads\/sites\/6\/2025\/05\/628_WoodFix_PVA_D2_628_FR-1.png","type":"image\/png"}],"twitter_card":"summary_large_image","twitter_misc":{"Dur\u00e9e de lecture estim\u00e9e":"3 minutes"},"schema":{"@context":"https:\/\/schema.org","@graph":[{"@type":"WebPage","@id":"https:\/\/penosil.com\/fr\/produit\/woodfix-pva-d2-colle-a-bois\/","url":"https:\/\/penosil.com\/fr\/produit\/woodfix-pva-d2-colle-a-bois\/","name":"WoodFix PVA D2 628 - Colle \u00e0 bois \u00e0 usage universel - Penosil France","isPartOf":{"@id":"https:\/\/penosil.com\/fr\/#website"},"primaryImageOfPage":{"@id":"https:\/\/penosil.com\/fr\/produit\/woodfix-pva-d2-colle-a-bois\/#primaryimage"},"image":{"@id":"https:\/\/penosil.com\/fr\/produit\/woodfix-pva-d2-colle-a-bois\/#primaryimage"},"thumbnailUrl":"https:\/\/penosil.com\/fr\/wp-content\/uploads\/sites\/6\/2025\/05\/628_WoodFix_PVA_D2_628_FR-1.png","datePublished":"2025-05-26T09:40:57+00:00","dateModified":"2026-01-23T09:46:06+00:00","description":"Colle \u00e0 bois pr\u00eate \u00e0 l'emploi, de haute qualit\u00e9 et \u00e0 usage universel. Cliquez ici pour en savoir plus sur notre produit PENOSIL WoodFix PVA D2.","breadcrumb":{"@id":"https:\/\/penosil.com\/fr\/produit\/woodfix-pva-d2-colle-a-bois\/#breadcrumb"},"inLanguage":"fr-FR","potentialAction":[{"@type":"ReadAction","target":["https:\/\/penosil.com\/fr\/produit\/woodfix-pva-d2-colle-a-bois\/"]}]},{"@type":"ImageObject","inLanguage":"fr-FR","@id":"https:\/\/penosil.com\/fr\/produit\/woodfix-pva-d2-colle-a-bois\/#primaryimage","url":"https:\/\/penosil.com\/fr\/wp-content\/uploads\/sites\/6\/2025\/05\/628_WoodFix_PVA_D2_628_FR-1.png","contentUrl":"https:\/\/penosil.com\/fr\/wp-content\/uploads\/sites\/6\/2025\/05\/628_WoodFix_PVA_D2_628_FR-1.png","width":880,"height":1080,"caption":"Produit woodfix pva d2 628"},{"@type":"BreadcrumbList","@id":"https:\/\/penosil.com\/fr\/produit\/woodfix-pva-d2-colle-a-bois\/#breadcrumb","itemListElement":[{"@type":"ListItem","position":1,"name":"Accueil","item":"https:\/\/penosil.com\/fr\/"},{"@type":"ListItem","position":2,"name":"Produits","item":"https:\/\/penosil.com\/fr\/produits-penosil\/"},{"@type":"ListItem","position":3,"name":"WoodFix PVA D2 628"}]},{"@type":"WebSite","@id":"https:\/\/penosil.com\/fr\/#website","url":"https:\/\/penosil.com\/fr\/","name":"Penosil France","description":"","potentialAction":[{"@type":"SearchAction","target":{"@type":"EntryPoint","urlTemplate":"https:\/\/penosil.com\/fr\/?s={search_term_string}"},"query-input":{"@type":"PropertyValueSpecification","valueRequired":true,"valueName":"search_term_string"}}],"inLanguage":"fr-FR"}]}},"featured_img":"https:\/\/penosil.com\/fr\/wp-content\/uploads\/sites\/6\/2025\/05\/628_WoodFix_PVA_D2_628_FR-1.png","coauthors":[],"author_meta":{"author_link":"https:\/\/penosil.com\/fr\/author\/josephine\/","display_name":"josephine"},"relative_dates":{"created":"Publi\u00e9 11 mois il y a","modified":"Mis \u00e0 jour 3 mois il y a"},"absolute_dates":{"created":"Publi\u00e9 le 26 mai 2025","modified":"Mise \u00e0 jour le 23 janvier 2026"},"absolute_dates_time":{"created":"Publi\u00e9 le 26 mai 2025 9h40","modified":"Mise \u00e0 jour le 23 janvier 2026 9h46"},"featured_img_caption":"Produit woodfix pva d2 628","tax_additional":{"product_brand":{"linked":[],"unlinked":[],"slug":"product_brand","name":"Marques"},"product_type":{"linked":["<a href=\"https:\/\/penosil.com\/fr\/?taxonomy=product_type&#038;term=variable\" class=\"advgb-post-tax-term\">variable<\/a>"],"unlinked":["<span class=\"advgb-post-tax-term\">variable<\/span>"],"slug":"product_type","name":"Type de produit"},"product_visibility":{"linked":["<a href=\"https:\/\/penosil.com\/fr\/en\/?taxonomy=product_visibility&#038;term=outofstock\" class=\"advgb-post-tax-term\">outofstock<\/a>"],"unlinked":["<span class=\"advgb-post-tax-term\">outofstock<\/span>"],"slug":"product_visibility","name":"Visibilit\u00e9 du produit"},"product_cat":{"linked":["<a href=\"https:\/\/penosil.com\/fr\/categorie-produit\/domaines-dapplication\/\" class=\"advgb-post-tax-term\">Domaines d&#039;application<\/a>","<a href=\"https:\/\/penosil.com\/fr\/categorie-produit\/categories-de-produits\/nouveaux-produits\/\" class=\"advgb-post-tax-term\">Nouveaux produits<\/a>","<a href=\"https:\/\/penosil.com\/fr\/categorie-produit\/categories-de-produits\/adhesifs\/\" class=\"advgb-post-tax-term\">Adh\u00e9sifs<\/a>","<a href=\"https:\/\/penosil.com\/fr\/categorie-produit\/domaines-dapplication\/collage\/\" class=\"advgb-post-tax-term\">Collage<\/a>","<a href=\"https:\/\/penosil.com\/fr\/categorie-produit\/domaines-dapplication\/nouveaux-produits-2\/\" class=\"advgb-post-tax-term\">Nouveaux produits<\/a>"],"unlinked":["<span class=\"advgb-post-tax-term\">Domaines d&#039;application<\/span>","<span class=\"advgb-post-tax-term\">Nouveaux produits<\/span>","<span class=\"advgb-post-tax-term\">Adh\u00e9sifs<\/span>","<span class=\"advgb-post-tax-term\">Collage<\/span>","<span class=\"advgb-post-tax-term\">Nouveaux produits<\/span>"],"slug":"product_cat","name":"Cat\u00e9gories de produits"},"product_tag":{"linked":[],"unlinked":[],"slug":"product_tag","name":"\u00c9tiquettes produit"},"product_shipping_class":{"linked":[],"unlinked":[],"slug":"product_shipping_class","name":"Classe d\u2019exp\u00e9dition du produit"},"pos_product_visibility":{"linked":[],"unlinked":[],"slug":"pos_product_visibility","name":"Visibilit\u00e9 du produit sur le point de vente"},"pa_couleur":{"linked":["<a href=\"https:\/\/penosil.com\/fr\/?taxonomy=pa_couleur&#038;term=blanc\" class=\"advgb-post-tax-term\">Blanc<\/a>"],"unlinked":["<span class=\"advgb-post-tax-term\">Blanc<\/span>"],"slug":"pa_couleur","name":"Product Couleur"},"pa_emballage":{"linked":["<a href=\"https:\/\/penosil.com\/fr\/?taxonomy=pa_emballage&#038;term=45-kg\" class=\"advgb-post-tax-term\">4,5 kg<\/a>","<a href=\"https:\/\/penosil.com\/fr\/?taxonomy=pa_emballage&#038;term=10-kg\" class=\"advgb-post-tax-term\">10 kg<\/a>"],"unlinked":["<span class=\"advgb-post-tax-term\">4,5 kg<\/span>","<span class=\"advgb-post-tax-term\">10 kg<\/span>"],"slug":"pa_emballage","name":"Product Emballage"},"translation_priority":{"linked":["<a href=\"https:\/\/penosil.com\/fr\/?taxonomy=translation_priority&#038;term=facultatif\" class=\"advgb-post-tax-term\">Facultatif<\/a>"],"unlinked":["<span class=\"advgb-post-tax-term\">Facultatif<\/span>"],"slug":"translation_priority","name":"Priorit\u00e9s de traduction"}},"series_order":"","_links":{"self":[{"href":"https:\/\/penosil.com\/fr\/wp-json\/wp\/v2\/product\/11272","targetHints":{"allow":["GET"]}}],"collection":[{"href":"https:\/\/penosil.com\/fr\/wp-json\/wp\/v2\/product"}],"about":[{"href":"https:\/\/penosil.com\/fr\/wp-json\/wp\/v2\/types\/product"}],"version-history":[{"count":5,"href":"https:\/\/penosil.com\/fr\/wp-json\/wp\/v2\/product\/11272\/revisions"}],"predecessor-version":[{"id":11845,"href":"https:\/\/penosil.com\/fr\/wp-json\/wp\/v2\/product\/11272\/revisions\/11845"}],"wp:featuredmedia":[{"embeddable":true,"href":"https:\/\/penosil.com\/fr\/wp-json\/wp\/v2\/media\/11382"}],"wp:attachment":[{"href":"https:\/\/penosil.com\/fr\/wp-json\/wp\/v2\/media?parent=11272"}],"wp:term":[{"taxonomy":"product_brand","embeddable":true,"href":"https:\/\/penosil.com\/fr\/wp-json\/wp\/v2\/product_brand?post=11272"},{"taxonomy":"product_cat","embeddable":true,"href":"https:\/\/penosil.com\/fr\/wp-json\/wp\/v2\/product_cat?post=11272"},{"taxonomy":"product_tag","embeddable":true,"href":"https:\/\/penosil.com\/fr\/wp-json\/wp\/v2\/product_tag?post=11272"}],"curies":[{"name":"wp","href":"https:\/\/api.w.org\/{rel}","templated":true}]}}