{"id":11438,"date":"2025-05-27T13:14:28","date_gmt":"2025-05-27T13:14:28","guid":{"rendered":"https:\/\/penosil.com\/fr\/?post_type=product&#038;p=11438"},"modified":"2026-03-31T01:22:22","modified_gmt":"2026-03-31T01:22:22","slug":"pvc-pipe-adhesive-935-adhesif-pour-assemblage-de-tuyaux-pvc","status":"publish","type":"product","link":"https:\/\/penosil.com\/fr\/produit\/pvc-pipe-adhesive-935-adhesif-pour-assemblage-de-tuyaux-pvc\/","title":{"rendered":"PVC Pipe Adhesive 935"},"content":{"rendered":"<p>PENOSIL PVC Pipe Adhesive 935 est un adh\u00e9sif appropri\u00e9 pour l&rsquo;assemblage des tuyaux PVC soumis \u00e0 la pression. C&rsquo;est un adh\u00e9sif fluide \u00e0 base de r\u00e9sines synth\u00e9tiques et d&rsquo;additifs sp\u00e9ciaux. Son excellente thixotropie lui conf\u00e8re une grande capacit\u00e9 de remplissage et pr\u00e9vient les risques d&rsquo;affaissement et d&rsquo;\u00e9gouttement. Recommand\u00e9e pour les installations n\u00e9cessitant une prise tr\u00e8s rapide et pour les syst\u00e8mes sous pression.<\/p>\n","protected":false},"excerpt":{"rendered":"PENOSIL PVC Pipe Adhesive 935 est un adh\u00e9sif appropri\u00e9 pour l&rsquo;assemblage des tuyaux PVC soumis \u00e0 la pression. C&rsquo;est un adh\u00e9sif fluide \u00e0 base de r\u00e9sines synth\u00e9tiques et d&rsquo;additifs sp\u00e9ciaux. Son excellente thixotropie lui conf\u00e8re une grande capacit\u00e9 de remplissage et pr\u00e9vient les risques d&rsquo;affaissement et d&rsquo;\u00e9gouttement. Recommand\u00e9e pour les installations n\u00e9cessitant une prise tr\u00e8s [&hellip;]","protected":false},"author":36,"featured_media":11439,"template":"","meta":{"_acf_changed":false,"advgb_blocks_editor_width":"","advgb_blocks_columns_visual_guide":"","footnotes":""},"product_brand":[],"product_cat":[2249,2315,1379,349,2250],"product_tag":[],"class_list":{"0":"post-11438","1":"product","2":"type-product","3":"status-publish","4":"has-post-thumbnail","6":"product_cat-nouveaux-produits","7":"product_cat-adhesifs-hybrides","8":"product_cat-adhesifs","9":"product_cat-collage","10":"product_cat-nouveaux-produits-2","12":"first","13":"outofstock","14":"taxable","15":"shipping-taxable","16":"purchasable","17":"product-type-variable"},"acf":[],"yoast_head":"<!-- This site is optimized with the Yoast SEO plugin v27.2 - https:\/\/yoast.com\/product\/yoast-seo-wordpress\/ -->\n<title>PVC Pipe Adhesive 935 - Adh\u00e9sif pour assemblage de tuyaux PVC - Penosil France<\/title>\n<meta name=\"description\" content=\"PENOSIL PVC Pipe Adhesive 935 est un adh\u00e9sif appropri\u00e9 pour l&#039;assemblage des tuyaux PVC soumis \u00e0 la pression. Cliquez ici pour en savoir plus.\" \/>\n<meta name=\"robots\" content=\"index, follow, max-snippet:-1, max-image-preview:large, max-video-preview:-1\" \/>\n<link rel=\"canonical\" href=\"https:\/\/penosil.com\/fr\/produit\/pvc-pipe-adhesive-935-adhesif-pour-assemblage-de-tuyaux-pvc\/\" \/>\n<meta property=\"og:locale\" content=\"fr_FR\" \/>\n<meta property=\"og:type\" content=\"article\" \/>\n<meta property=\"og:title\" content=\"PVC Pipe Adhesive 935 - Adh\u00e9sif pour assemblage de tuyaux PVC - Penosil France\" \/>\n<meta property=\"og:description\" content=\"PENOSIL PVC Pipe Adhesive 935 est un adh\u00e9sif appropri\u00e9 pour l&#039;assemblage des tuyaux PVC soumis \u00e0 la pression. Cliquez ici pour en savoir plus.\" \/>\n<meta property=\"og:url\" content=\"https:\/\/penosil.com\/fr\/produit\/pvc-pipe-adhesive-935-adhesif-pour-assemblage-de-tuyaux-pvc\/\" \/>\n<meta property=\"og:site_name\" content=\"Penosil France\" \/>\n<meta property=\"article:modified_time\" content=\"2026-03-31T01:22:22+00:00\" \/>\n<meta property=\"og:image\" content=\"https:\/\/penosil.com\/fr\/wp-content\/uploads\/sites\/6\/2025\/05\/935_PVC_Pipe_Adhesive_935_FR-1.png\" \/>\n\t<meta property=\"og:image:width\" content=\"700\" \/>\n\t<meta property=\"og:image:height\" content=\"1080\" \/>\n\t<meta property=\"og:image:type\" content=\"image\/png\" \/>\n<meta name=\"twitter:card\" content=\"summary_large_image\" \/>\n<meta name=\"twitter:label1\" content=\"Dur\u00e9e de lecture estim\u00e9e\" \/>\n\t<meta name=\"twitter:data1\" content=\"3 minutes\" \/>\n<script type=\"application\/ld+json\" class=\"yoast-schema-graph\">{\"@context\":\"https:\/\/schema.org\",\"@graph\":[{\"@type\":\"WebPage\",\"@id\":\"https:\/\/penosil.com\/fr\/produit\/pvc-pipe-adhesive-935-adhesif-pour-assemblage-de-tuyaux-pvc\/\",\"url\":\"https:\/\/penosil.com\/fr\/produit\/pvc-pipe-adhesive-935-adhesif-pour-assemblage-de-tuyaux-pvc\/\",\"name\":\"PVC Pipe Adhesive 935 - Adh\u00e9sif pour assemblage de tuyaux PVC - Penosil France\",\"isPartOf\":{\"@id\":\"https:\/\/penosil.com\/fr\/#website\"},\"primaryImageOfPage\":{\"@id\":\"https:\/\/penosil.com\/fr\/produit\/pvc-pipe-adhesive-935-adhesif-pour-assemblage-de-tuyaux-pvc\/#primaryimage\"},\"image\":{\"@id\":\"https:\/\/penosil.com\/fr\/produit\/pvc-pipe-adhesive-935-adhesif-pour-assemblage-de-tuyaux-pvc\/#primaryimage\"},\"thumbnailUrl\":\"https:\/\/penosil.com\/fr\/wp-content\/uploads\/sites\/6\/2025\/05\/935_PVC_Pipe_Adhesive_935_FR-1.png\",\"datePublished\":\"2025-05-27T13:14:28+00:00\",\"dateModified\":\"2026-03-31T01:22:22+00:00\",\"description\":\"PENOSIL PVC Pipe Adhesive 935 est un adh\u00e9sif appropri\u00e9 pour l'assemblage des tuyaux PVC soumis \u00e0 la pression. Cliquez ici pour en savoir plus.\",\"breadcrumb\":{\"@id\":\"https:\/\/penosil.com\/fr\/produit\/pvc-pipe-adhesive-935-adhesif-pour-assemblage-de-tuyaux-pvc\/#breadcrumb\"},\"inLanguage\":\"fr-FR\",\"potentialAction\":[{\"@type\":\"ReadAction\",\"target\":[\"https:\/\/penosil.com\/fr\/produit\/pvc-pipe-adhesive-935-adhesif-pour-assemblage-de-tuyaux-pvc\/\"]}]},{\"@type\":\"ImageObject\",\"inLanguage\":\"fr-FR\",\"@id\":\"https:\/\/penosil.com\/fr\/produit\/pvc-pipe-adhesive-935-adhesif-pour-assemblage-de-tuyaux-pvc\/#primaryimage\",\"url\":\"https:\/\/penosil.com\/fr\/wp-content\/uploads\/sites\/6\/2025\/05\/935_PVC_Pipe_Adhesive_935_FR-1.png\",\"contentUrl\":\"https:\/\/penosil.com\/fr\/wp-content\/uploads\/sites\/6\/2025\/05\/935_PVC_Pipe_Adhesive_935_FR-1.png\",\"width\":700,\"height\":1080,\"caption\":\"Produit 935 PVC Pipe Adhesive\"},{\"@type\":\"BreadcrumbList\",\"@id\":\"https:\/\/penosil.com\/fr\/produit\/pvc-pipe-adhesive-935-adhesif-pour-assemblage-de-tuyaux-pvc\/#breadcrumb\",\"itemListElement\":[{\"@type\":\"ListItem\",\"position\":1,\"name\":\"Accueil\",\"item\":\"https:\/\/penosil.com\/fr\/\"},{\"@type\":\"ListItem\",\"position\":2,\"name\":\"Produits\",\"item\":\"https:\/\/penosil.com\/fr\/produits-penosil\/\"},{\"@type\":\"ListItem\",\"position\":3,\"name\":\"PVC Pipe Adhesive 935\"}]},{\"@type\":\"WebSite\",\"@id\":\"https:\/\/penosil.com\/fr\/#website\",\"url\":\"https:\/\/penosil.com\/fr\/\",\"name\":\"Penosil France\",\"description\":\"\",\"potentialAction\":[{\"@type\":\"SearchAction\",\"target\":{\"@type\":\"EntryPoint\",\"urlTemplate\":\"https:\/\/penosil.com\/fr\/?s={search_term_string}\"},\"query-input\":{\"@type\":\"PropertyValueSpecification\",\"valueRequired\":true,\"valueName\":\"search_term_string\"}}],\"inLanguage\":\"fr-FR\"}]}<\/script>\n<!-- \/ Yoast SEO plugin. -->","yoast_head_json":{"title":"PVC Pipe Adhesive 935 - Adh\u00e9sif pour assemblage de tuyaux PVC - Penosil France","description":"PENOSIL PVC Pipe Adhesive 935 est un adh\u00e9sif appropri\u00e9 pour l'assemblage des tuyaux PVC soumis \u00e0 la pression. Cliquez ici pour en savoir plus.","robots":{"index":"index","follow":"follow","max-snippet":"max-snippet:-1","max-image-preview":"max-image-preview:large","max-video-preview":"max-video-preview:-1"},"canonical":"https:\/\/penosil.com\/fr\/produit\/pvc-pipe-adhesive-935-adhesif-pour-assemblage-de-tuyaux-pvc\/","og_locale":"fr_FR","og_type":"article","og_title":"PVC Pipe Adhesive 935 - Adh\u00e9sif pour assemblage de tuyaux PVC - Penosil France","og_description":"PENOSIL PVC Pipe Adhesive 935 est un adh\u00e9sif appropri\u00e9 pour l'assemblage des tuyaux PVC soumis \u00e0 la pression. Cliquez ici pour en savoir plus.","og_url":"https:\/\/penosil.com\/fr\/produit\/pvc-pipe-adhesive-935-adhesif-pour-assemblage-de-tuyaux-pvc\/","og_site_name":"Penosil France","article_modified_time":"2026-03-31T01:22:22+00:00","og_image":[{"width":700,"height":1080,"url":"https:\/\/penosil.com\/fr\/wp-content\/uploads\/sites\/6\/2025\/05\/935_PVC_Pipe_Adhesive_935_FR-1.png","type":"image\/png"}],"twitter_card":"summary_large_image","twitter_misc":{"Dur\u00e9e de lecture estim\u00e9e":"3 minutes"},"schema":{"@context":"https:\/\/schema.org","@graph":[{"@type":"WebPage","@id":"https:\/\/penosil.com\/fr\/produit\/pvc-pipe-adhesive-935-adhesif-pour-assemblage-de-tuyaux-pvc\/","url":"https:\/\/penosil.com\/fr\/produit\/pvc-pipe-adhesive-935-adhesif-pour-assemblage-de-tuyaux-pvc\/","name":"PVC Pipe Adhesive 935 - Adh\u00e9sif pour assemblage de tuyaux PVC - Penosil France","isPartOf":{"@id":"https:\/\/penosil.com\/fr\/#website"},"primaryImageOfPage":{"@id":"https:\/\/penosil.com\/fr\/produit\/pvc-pipe-adhesive-935-adhesif-pour-assemblage-de-tuyaux-pvc\/#primaryimage"},"image":{"@id":"https:\/\/penosil.com\/fr\/produit\/pvc-pipe-adhesive-935-adhesif-pour-assemblage-de-tuyaux-pvc\/#primaryimage"},"thumbnailUrl":"https:\/\/penosil.com\/fr\/wp-content\/uploads\/sites\/6\/2025\/05\/935_PVC_Pipe_Adhesive_935_FR-1.png","datePublished":"2025-05-27T13:14:28+00:00","dateModified":"2026-03-31T01:22:22+00:00","description":"PENOSIL PVC Pipe Adhesive 935 est un adh\u00e9sif appropri\u00e9 pour l'assemblage des tuyaux PVC soumis \u00e0 la pression. Cliquez ici pour en savoir plus.","breadcrumb":{"@id":"https:\/\/penosil.com\/fr\/produit\/pvc-pipe-adhesive-935-adhesif-pour-assemblage-de-tuyaux-pvc\/#breadcrumb"},"inLanguage":"fr-FR","potentialAction":[{"@type":"ReadAction","target":["https:\/\/penosil.com\/fr\/produit\/pvc-pipe-adhesive-935-adhesif-pour-assemblage-de-tuyaux-pvc\/"]}]},{"@type":"ImageObject","inLanguage":"fr-FR","@id":"https:\/\/penosil.com\/fr\/produit\/pvc-pipe-adhesive-935-adhesif-pour-assemblage-de-tuyaux-pvc\/#primaryimage","url":"https:\/\/penosil.com\/fr\/wp-content\/uploads\/sites\/6\/2025\/05\/935_PVC_Pipe_Adhesive_935_FR-1.png","contentUrl":"https:\/\/penosil.com\/fr\/wp-content\/uploads\/sites\/6\/2025\/05\/935_PVC_Pipe_Adhesive_935_FR-1.png","width":700,"height":1080,"caption":"Produit 935 PVC Pipe Adhesive"},{"@type":"BreadcrumbList","@id":"https:\/\/penosil.com\/fr\/produit\/pvc-pipe-adhesive-935-adhesif-pour-assemblage-de-tuyaux-pvc\/#breadcrumb","itemListElement":[{"@type":"ListItem","position":1,"name":"Accueil","item":"https:\/\/penosil.com\/fr\/"},{"@type":"ListItem","position":2,"name":"Produits","item":"https:\/\/penosil.com\/fr\/produits-penosil\/"},{"@type":"ListItem","position":3,"name":"PVC Pipe Adhesive 935"}]},{"@type":"WebSite","@id":"https:\/\/penosil.com\/fr\/#website","url":"https:\/\/penosil.com\/fr\/","name":"Penosil France","description":"","potentialAction":[{"@type":"SearchAction","target":{"@type":"EntryPoint","urlTemplate":"https:\/\/penosil.com\/fr\/?s={search_term_string}"},"query-input":{"@type":"PropertyValueSpecification","valueRequired":true,"valueName":"search_term_string"}}],"inLanguage":"fr-FR"}]}},"featured_img":"https:\/\/penosil.com\/fr\/wp-content\/uploads\/sites\/6\/2025\/05\/935_PVC_Pipe_Adhesive_935_FR-1.png","coauthors":[],"author_meta":{"author_link":"https:\/\/penosil.com\/fr\/author\/josephine\/","display_name":"josephine"},"relative_dates":{"created":"Publi\u00e9 11 mois il y a","modified":"Mis \u00e0 jour 2 semaines il y a"},"absolute_dates":{"created":"Publi\u00e9 le 27 mai 2025","modified":"Mise \u00e0 jour le 31 mars 2026"},"absolute_dates_time":{"created":"Publi\u00e9 le 27 mai 2025 13h14","modified":"Mise \u00e0 jour le 31 mars 2026 1h22"},"featured_img_caption":"Produit 935 PVC Pipe Adhesive","tax_additional":{"product_brand":{"linked":[],"unlinked":[],"slug":"product_brand","name":"Marques"},"product_type":{"linked":["<a href=\"https:\/\/penosil.com\/fr\/?taxonomy=product_type&#038;term=variable\" class=\"advgb-post-tax-term\">variable<\/a>"],"unlinked":["<span class=\"advgb-post-tax-term\">variable<\/span>"],"slug":"product_type","name":"Type de produit"},"product_visibility":{"linked":["<a href=\"https:\/\/penosil.com\/fr\/en\/?taxonomy=product_visibility&#038;term=outofstock\" class=\"advgb-post-tax-term\">outofstock<\/a>"],"unlinked":["<span class=\"advgb-post-tax-term\">outofstock<\/span>"],"slug":"product_visibility","name":"Visibilit\u00e9 du produit"},"product_cat":{"linked":["<a href=\"https:\/\/penosil.com\/fr\/categorie-produit\/categories-de-produits\/nouveaux-produits\/\" class=\"advgb-post-tax-term\">Nouveaux produits<\/a>","<a href=\"https:\/\/penosil.com\/fr\/categorie-produit\/categories-de-produits\/adhesifs\/adhesifs-hybrides\/\" class=\"advgb-post-tax-term\">Adh\u00e9sifs hybrides<\/a>","<a href=\"https:\/\/penosil.com\/fr\/categorie-produit\/categories-de-produits\/adhesifs\/\" class=\"advgb-post-tax-term\">Adh\u00e9sifs<\/a>","<a href=\"https:\/\/penosil.com\/fr\/categorie-produit\/domaines-dapplication\/collage\/\" class=\"advgb-post-tax-term\">Collage<\/a>","<a href=\"https:\/\/penosil.com\/fr\/categorie-produit\/domaines-dapplication\/nouveaux-produits-2\/\" class=\"advgb-post-tax-term\">Nouveaux produits<\/a>"],"unlinked":["<span class=\"advgb-post-tax-term\">Nouveaux produits<\/span>","<span class=\"advgb-post-tax-term\">Adh\u00e9sifs hybrides<\/span>","<span class=\"advgb-post-tax-term\">Adh\u00e9sifs<\/span>","<span class=\"advgb-post-tax-term\">Collage<\/span>","<span class=\"advgb-post-tax-term\">Nouveaux produits<\/span>"],"slug":"product_cat","name":"Cat\u00e9gories de produits"},"product_tag":{"linked":[],"unlinked":[],"slug":"product_tag","name":"\u00c9tiquettes produit"},"product_shipping_class":{"linked":[],"unlinked":[],"slug":"product_shipping_class","name":"Classe d\u2019exp\u00e9dition du produit"},"pos_product_visibility":{"linked":[],"unlinked":[],"slug":"pos_product_visibility","name":"Visibilit\u00e9 du produit sur le point de vente"},"pa_couleur":{"linked":["<a href=\"https:\/\/penosil.com\/fr\/en\/?taxonomy=pa_couleur&#038;term=transparent\" class=\"advgb-post-tax-term\">Transparent<\/a>"],"unlinked":["<span class=\"advgb-post-tax-term\">Transparent<\/span>"],"slug":"pa_couleur","name":"Product Couleur"},"pa_emballage":{"linked":["<a href=\"https:\/\/penosil.com\/fr\/?taxonomy=pa_emballage&#038;term=250-ml\" class=\"advgb-post-tax-term\">250 ml<\/a>","<a href=\"https:\/\/penosil.com\/fr\/?taxonomy=pa_emballage&#038;term=500-ml\" class=\"advgb-post-tax-term\">500 ml<\/a>"],"unlinked":["<span class=\"advgb-post-tax-term\">250 ml<\/span>","<span class=\"advgb-post-tax-term\">500 ml<\/span>"],"slug":"pa_emballage","name":"Product Emballage"},"translation_priority":{"linked":["<a href=\"https:\/\/penosil.com\/fr\/?taxonomy=translation_priority&#038;term=facultatif\" class=\"advgb-post-tax-term\">Facultatif<\/a>"],"unlinked":["<span class=\"advgb-post-tax-term\">Facultatif<\/span>"],"slug":"translation_priority","name":"Priorit\u00e9s de traduction"}},"series_order":"","_links":{"self":[{"href":"https:\/\/penosil.com\/fr\/wp-json\/wp\/v2\/product\/11438","targetHints":{"allow":["GET"]}}],"collection":[{"href":"https:\/\/penosil.com\/fr\/wp-json\/wp\/v2\/product"}],"about":[{"href":"https:\/\/penosil.com\/fr\/wp-json\/wp\/v2\/types\/product"}],"version-history":[{"count":8,"href":"https:\/\/penosil.com\/fr\/wp-json\/wp\/v2\/product\/11438\/revisions"}],"predecessor-version":[{"id":12412,"href":"https:\/\/penosil.com\/fr\/wp-json\/wp\/v2\/product\/11438\/revisions\/12412"}],"wp:featuredmedia":[{"embeddable":true,"href":"https:\/\/penosil.com\/fr\/wp-json\/wp\/v2\/media\/11439"}],"wp:attachment":[{"href":"https:\/\/penosil.com\/fr\/wp-json\/wp\/v2\/media?parent=11438"}],"wp:term":[{"taxonomy":"product_brand","embeddable":true,"href":"https:\/\/penosil.com\/fr\/wp-json\/wp\/v2\/product_brand?post=11438"},{"taxonomy":"product_cat","embeddable":true,"href":"https:\/\/penosil.com\/fr\/wp-json\/wp\/v2\/product_cat?post=11438"},{"taxonomy":"product_tag","embeddable":true,"href":"https:\/\/penosil.com\/fr\/wp-json\/wp\/v2\/product_tag?post=11438"}],"curies":[{"name":"wp","href":"https:\/\/api.w.org\/{rel}","templated":true}]}}